{"id":2736,"date":"2025-06-27T16:01:27","date_gmt":"2025-06-27T08:01:27","guid":{"rendered":"https:\/\/fjyudeng.com\/?post_type=product&#038;p=2736"},"modified":"2025-08-06T17:38:30","modified_gmt":"2025-08-06T09:38:30","slug":"fabrica-de-fabricantes-de-cuero-sintetico-al-por-mayor","status":"publish","type":"product","link":"https:\/\/fjyudeng.com\/es\/producto\/fabrica-de-fabricantes-de-cuero-sintetico-al-por-mayor\/","title":{"rendered":"F\u00e1brica de fabricantes de cuero de PU al por mayor"},"content":{"rendered":"<p style=\"text-align: center;\"><img fetchpriority=\"high\" decoding=\"async\" class=\"alignnone wp-image-2742\" src=\"https:\/\/fjyudeng.com\/wp-content\/uploads\/2025\/06\/Yudeng-Product-Certificate-Logo.jpg\" alt=\"Logotipo del certificado de producto de Yudeng\" width=\"960\" height=\"257\" srcset=\"https:\/\/fjyudeng.com\/wp-content\/uploads\/2025\/06\/Yudeng-Product-Certificate-Logo.jpg 1200w, https:\/\/fjyudeng.com\/wp-content\/uploads\/2025\/06\/Yudeng-Product-Certificate-Logo-600x161.jpg 600w, https:\/\/fjyudeng.com\/wp-content\/uploads\/2025\/06\/Yudeng-Product-Certificate-Logo-300x80.jpg 300w, https:\/\/fjyudeng.com\/wp-content\/uploads\/2025\/06\/Yudeng-Product-Certificate-Logo-1024x274.jpg 1024w, https:\/\/fjyudeng.com\/wp-content\/uploads\/2025\/06\/Yudeng-Product-Certificate-Logo-768x205.jpg 768w, https:\/\/fjyudeng.com\/wp-content\/uploads\/2025\/06\/Yudeng-Product-Certificate-Logo-18x5.jpg 18w\" sizes=\"(max-width: 960px) 100vw, 960px\" \/><\/p>\n<p><iframe title=\"Reproductor de v\u00eddeo de YouTube\" src=\"https:\/\/www.youtube.com\/embed\/7Yn7DXUel4c?si=aFlUBOWSfMo9SAME\" width=\"1000\" height=\"566\" frameborder=\"0\" allowfullscreen=\"allowfullscreen\"><span data-mce-type=\"bookmark\" style=\"display: inline-block; width: 0px; overflow: hidden; line-height: 0;\" class=\"mce_SELRES_start\"><\/span><\/iframe><\/p>\n<p style=\"text-align: center;\"><img decoding=\"async\" class=\"alignnone wp-image-2746\" src=\"https:\/\/fjyudeng.com\/wp-content\/uploads\/2025\/06\/Yudeng-Textile.jpg\" alt=\"Textil Yudeng\" width=\"966\" height=\"653\" srcset=\"https:\/\/fjyudeng.com\/wp-content\/uploads\/2025\/06\/Yudeng-Textile.jpg 1200w, https:\/\/fjyudeng.com\/wp-content\/uploads\/2025\/06\/Yudeng-Textile-600x406.jpg 600w, https:\/\/fjyudeng.com\/wp-content\/uploads\/2025\/06\/Yudeng-Textile-300x203.jpg 300w, https:\/\/fjyudeng.com\/wp-content\/uploads\/2025\/06\/Yudeng-Textile-1024x692.jpg 1024w, https:\/\/fjyudeng.com\/wp-content\/uploads\/2025\/06\/Yudeng-Textile-768x519.jpg 768w, https:\/\/fjyudeng.com\/wp-content\/uploads\/2025\/06\/Yudeng-Textile-18x12.jpg 18w\" sizes=\"(max-width: 966px) 100vw, 966px\" \/><\/p>\n<p style=\"text-align: center;\"><img decoding=\"async\" class=\"alignnone wp-image-2743\" src=\"https:\/\/fjyudeng.com\/wp-content\/uploads\/2025\/06\/Yudeng-Product-Certificate.jpg\" alt=\"Yudeng Descripci\u00f3n del producto\" width=\"967\" height=\"1929\" srcset=\"https:\/\/fjyudeng.com\/wp-content\/uploads\/2025\/06\/Yudeng-Product-Certificate.jpg 1200w, https:\/\/fjyudeng.com\/wp-content\/uploads\/2025\/06\/Yudeng-Product-Certificate-600x1197.jpg 600w, https:\/\/fjyudeng.com\/wp-content\/uploads\/2025\/06\/Yudeng-Product-Certificate-150x300.jpg 150w, https:\/\/fjyudeng.com\/wp-content\/uploads\/2025\/06\/Yudeng-Product-Certificate-513x1024.jpg 513w, https:\/\/fjyudeng.com\/wp-content\/uploads\/2025\/06\/Yudeng-Product-Certificate-768x1532.jpg 768w, https:\/\/fjyudeng.com\/wp-content\/uploads\/2025\/06\/Yudeng-Product-Certificate-770x1536.jpg 770w, https:\/\/fjyudeng.com\/wp-content\/uploads\/2025\/06\/Yudeng-Product-Certificate-1027x2048.jpg 1027w, https:\/\/fjyudeng.com\/wp-content\/uploads\/2025\/06\/Yudeng-Product-Certificate-6x12.jpg 6w\" sizes=\"(max-width: 967px) 100vw, 967px\" \/><\/p>\n<p style=\"text-align: center;\"><img loading=\"lazy\" decoding=\"async\" class=\"alignnone wp-image-2738\" src=\"https:\/\/fjyudeng.com\/wp-content\/uploads\/2025\/06\/Product-Applicaton.jpg\" alt=\"Aplicaci\u00f3n del producto\" width=\"965\" height=\"1415\" srcset=\"https:\/\/fjyudeng.com\/wp-content\/uploads\/2025\/06\/Product-Applicaton.jpg 1200w, https:\/\/fjyudeng.com\/wp-content\/uploads\/2025\/06\/Product-Applicaton-600x880.jpg 600w, https:\/\/fjyudeng.com\/wp-content\/uploads\/2025\/06\/Product-Applicaton-205x300.jpg 205w, https:\/\/fjyudeng.com\/wp-content\/uploads\/2025\/06\/Product-Applicaton-698x1024.jpg 698w, https:\/\/fjyudeng.com\/wp-content\/uploads\/2025\/06\/Product-Applicaton-768x1126.jpg 768w, https:\/\/fjyudeng.com\/wp-content\/uploads\/2025\/06\/Product-Applicaton-1047x1536.jpg 1047w, https:\/\/fjyudeng.com\/wp-content\/uploads\/2025\/06\/Product-Applicaton-8x12.jpg 8w\" sizes=\"(max-width: 965px) 100vw, 965px\" \/><\/p>\n<p style=\"text-align: center;\"><img loading=\"lazy\" decoding=\"async\" class=\"alignnone wp-image-2744\" src=\"Certificado de producto Yudeng\" alt=\"Certificado de producto Yudeng-1\" width=\"962\" height=\"516\" srcset=\"\" sizes=\"(max-width: 962px) 100vw, 962px\" data-srcset=\"\" \/><\/p>\n<p style=\"text-align: center;\"><img loading=\"lazy\" decoding=\"async\" class=\"alignnone wp-image-2745\" src=\"https:\/\/fjyudeng.com\/wp-content\/uploads\/2025\/06\/Yudeng-Production-Process.jpg\" alt=\"Proceso de producci\u00f3n de Yudeng\" width=\"977\" height=\"764\" srcset=\"https:\/\/fjyudeng.com\/wp-content\/uploads\/2025\/06\/Yudeng-Production-Process.jpg 1200w, https:\/\/fjyudeng.com\/wp-content\/uploads\/2025\/06\/Yudeng-Production-Process-600x469.jpg 600w, https:\/\/fjyudeng.com\/wp-content\/uploads\/2025\/06\/Yudeng-Production-Process-300x235.jpg 300w, https:\/\/fjyudeng.com\/wp-content\/uploads\/2025\/06\/Yudeng-Production-Process-1024x800.jpg 1024w, https:\/\/fjyudeng.com\/wp-content\/uploads\/2025\/06\/Yudeng-Production-Process-768x600.jpg 768w, https:\/\/fjyudeng.com\/wp-content\/uploads\/2025\/06\/Yudeng-Production-Process-15x12.jpg 15w\" sizes=\"(max-width: 977px) 100vw, 977px\" \/><\/p>\n<p style=\"text-align: center;\"><img loading=\"lazy\" decoding=\"async\" class=\"alignnone wp-image-2741\" src=\"https:\/\/fjyudeng.com\/wp-content\/uploads\/2025\/06\/Yudeng-Factory-and-Company.jpg\" alt=\"F\u00e1brica y empresa Yudeng\" width=\"988\" height=\"723\" srcset=\"https:\/\/fjyudeng.com\/wp-content\/uploads\/2025\/06\/Yudeng-Factory-and-Company.jpg 1200w, https:\/\/fjyudeng.com\/wp-content\/uploads\/2025\/06\/Yudeng-Factory-and-Company-600x439.jpg 600w, https:\/\/fjyudeng.com\/wp-content\/uploads\/2025\/06\/Yudeng-Factory-and-Company-300x220.jpg 300w, https:\/\/fjyudeng.com\/wp-content\/uploads\/2025\/06\/Yudeng-Factory-and-Company-1024x749.jpg 1024w, https:\/\/fjyudeng.com\/wp-content\/uploads\/2025\/06\/Yudeng-Factory-and-Company-768x562.jpg 768w, https:\/\/fjyudeng.com\/wp-content\/uploads\/2025\/06\/Yudeng-Factory-and-Company-16x12.jpg 16w\" sizes=\"(max-width: 988px) 100vw, 988px\" \/><\/p>\n<p style=\"text-align: center;\"><img loading=\"lazy\" decoding=\"async\" class=\"alignnone wp-image-2739\" src=\"https:\/\/fjyudeng.com\/wp-content\/uploads\/2025\/06\/Yudeng-Exhibition-and-Partner.jpg\" alt=\"\" width=\"967\" height=\"1262\" \/><\/p>\n<p style=\"text-align: center;\"><img loading=\"lazy\" decoding=\"async\" class=\"alignnone wp-image-2740\" src=\"https:\/\/fjyudeng.com\/wp-content\/uploads\/2025\/06\/Yudeng-Factory-Advantage.jpg\" alt=\"Ventaja de la f\u00e1brica de Yudeng\" width=\"963\" height=\"713\" srcset=\"https:\/\/fjyudeng.com\/wp-content\/uploads\/2025\/06\/Yudeng-Factory-Advantage.jpg 1400w, https:\/\/fjyudeng.com\/wp-content\/uploads\/2025\/06\/Yudeng-Factory-Advantage-600x444.jpg 600w, https:\/\/fjyudeng.com\/wp-content\/uploads\/2025\/06\/Yudeng-Factory-Advantage-300x222.jpg 300w, https:\/\/fjyudeng.com\/wp-content\/uploads\/2025\/06\/Yudeng-Factory-Advantage-1024x758.jpg 1024w, https:\/\/fjyudeng.com\/wp-content\/uploads\/2025\/06\/Yudeng-Factory-Advantage-768x568.jpg 768w, https:\/\/fjyudeng.com\/wp-content\/uploads\/2025\/06\/Yudeng-Factory-Advantage-16x12.jpg 16w\" sizes=\"(max-width: 963px) 100vw, 963px\" \/><\/p>","protected":false},"excerpt":{"rendered":"<ul>\n<li>\n<h5>Pedido m\u00ednimo: 300 metros<\/h5>\n<\/li>\n<li>\n<h5>F\u00e1brica de cuero sint\u00e9tico de 37 a\u00f1os<\/h5>\n<\/li>\n<li>\n<h5>\u00c1rea de f\u00e1brica de 50000m\u00b2<\/h5>\n<\/li>\n<li>\n<h5>10 l\u00edneas de producci\u00f3n<\/h5>\n<\/li>\n<li>\n<h5 class=\"elementor-heading-title elementor-size-default\">M\u00e1s de 400 texturas disponibles<\/h5>\n<\/li>\n<li>\n<h5>Certificado REACH\/ROHS\/OEKO-TEX\u00ae<\/h5>\n<\/li>\n<\/ul>","protected":false},"featured_media":2747,"template":"","meta":[],"product_brand":[],"product_cat":[25],"product_tag":[],"class_list":{"0":"post-2736","1":"product","2":"type-product","3":"status-publish","4":"has-post-thumbnail","6":"product_cat-uncategorized","8":"first","9":"instock","10":"shipping-taxable","11":"product-type-simple"},"yoast_head":"<!-- This site is optimized with the Yoast SEO Premium plugin v22.8 (Yoast SEO v22.8) - https:\/\/yoast.com\/wordpress\/plugins\/seo\/ -->\n<title>Wholesale Pu Leather Manufacturer Factory<\/title>\n<meta name=\"description\" content=\"Yudeng Textile is a Pu leather factory focusing on high-quality polyurethane synthetic leather. Since its establishment in 1988, it has been committed to the production of home leather, jewelry box leather, ball leather, luggage leather, shoe leather, sofa leather, etc.\" \/>\n<meta name=\"robots\" content=\"index, follow, max-snippet:-1, max-image-preview:large, max-video-preview:-1\" \/>\n<link rel=\"canonical\" href=\"https:\/\/fjyudeng.com\/es\/producto\/fabrica-de-fabricantes-de-cuero-sintetico-al-por-mayor\/\" \/>\n<meta property=\"og:locale\" content=\"es_ES\" \/>\n<meta property=\"og:type\" content=\"article\" \/>\n<meta property=\"og:title\" content=\"Wholesale Pu Leather Manufacturer Factory\" \/>\n<meta property=\"og:description\" content=\"Yudeng Textile is a Pu leather factory focusing on high-quality polyurethane synthetic leather. Since its establishment in 1988, it has been committed to the production of home leather, jewelry box leather, ball leather, luggage leather, shoe leather, sofa leather, etc.\" \/>\n<meta property=\"og:url\" content=\"https:\/\/fjyudeng.com\/es\/producto\/fabrica-de-fabricantes-de-cuero-sintetico-al-por-mayor\/\" \/>\n<meta property=\"og:site_name\" content=\"fjyudeng.com\" \/>\n<meta property=\"article:modified_time\" content=\"2025-08-06T09:38:30+00:00\" \/>\n<meta property=\"og:image\" content=\"https:\/\/fjyudeng.com\/wp-content\/uploads\/2025\/06\/pu-leather-1.jpg\" \/>\n\t<meta property=\"og:image:width\" content=\"1000\" \/>\n\t<meta property=\"og:image:height\" content=\"1000\" \/>\n\t<meta property=\"og:image:type\" content=\"image\/jpeg\" \/>\n<meta name=\"twitter:card\" content=\"summary_large_image\" \/>\n<meta name=\"twitter:label1\" content=\"Tiempo de lectura\" \/>\n\t<meta name=\"twitter:data1\" content=\"2 minutos\" \/>\n<script type=\"application\/ld+json\" class=\"yoast-schema-graph\">{\"@context\":\"https:\/\/schema.org\",\"@graph\":[{\"@type\":\"WebPage\",\"@id\":\"https:\/\/fjyudeng.com\/product\/wholesale-pu-leather-manufacturer-factory\/\",\"url\":\"https:\/\/fjyudeng.com\/product\/wholesale-pu-leather-manufacturer-factory\/\",\"name\":\"Wholesale Pu Leather Manufacturer Factory\",\"isPartOf\":{\"@id\":\"https:\/\/fjyudeng.com\/#website\"},\"primaryImageOfPage\":{\"@id\":\"https:\/\/fjyudeng.com\/product\/wholesale-pu-leather-manufacturer-factory\/#primaryimage\"},\"image\":{\"@id\":\"https:\/\/fjyudeng.com\/product\/wholesale-pu-leather-manufacturer-factory\/#primaryimage\"},\"thumbnailUrl\":\"https:\/\/fjyudeng.com\/wp-content\/uploads\/2025\/06\/pu-leather-1.jpg\",\"datePublished\":\"2025-06-27T08:01:27+00:00\",\"dateModified\":\"2025-08-06T09:38:30+00:00\",\"description\":\"Yudeng Textile is a Pu leather factory focusing on high-quality polyurethane synthetic leather. Since its establishment in 1988, it has been committed to the production of home leather, jewelry box leather, ball leather, luggage leather, shoe leather, sofa leather, etc.\",\"breadcrumb\":{\"@id\":\"https:\/\/fjyudeng.com\/product\/wholesale-pu-leather-manufacturer-factory\/#breadcrumb\"},\"inLanguage\":\"es-AR\",\"potentialAction\":[{\"@type\":\"ReadAction\",\"target\":[\"https:\/\/fjyudeng.com\/product\/wholesale-pu-leather-manufacturer-factory\/\"]}]},{\"@type\":\"ImageObject\",\"inLanguage\":\"es-AR\",\"@id\":\"https:\/\/fjyudeng.com\/product\/wholesale-pu-leather-manufacturer-factory\/#primaryimage\",\"url\":\"https:\/\/fjyudeng.com\/wp-content\/uploads\/2025\/06\/pu-leather-1.jpg\",\"contentUrl\":\"https:\/\/fjyudeng.com\/wp-content\/uploads\/2025\/06\/pu-leather-1.jpg\",\"width\":1000,\"height\":1000,\"caption\":\"pu leather\"},{\"@type\":\"BreadcrumbList\",\"@id\":\"https:\/\/fjyudeng.com\/product\/wholesale-pu-leather-manufacturer-factory\/#breadcrumb\",\"itemListElement\":[{\"@type\":\"ListItem\",\"position\":1,\"name\":\"Home\",\"item\":\"https:\/\/fjyudeng.com\/\"},{\"@type\":\"ListItem\",\"position\":2,\"name\":\"Products\",\"item\":\"https:\/\/fjyudeng.com\/products\/\"},{\"@type\":\"ListItem\",\"position\":3,\"name\":\"Wholesale Pu Leather Manufacturer Factory\"}]},{\"@type\":\"WebSite\",\"@id\":\"https:\/\/fjyudeng.com\/#website\",\"url\":\"https:\/\/fjyudeng.com\/\",\"name\":\"fjyudeng.com\",\"description\":\"\",\"publisher\":{\"@id\":\"https:\/\/fjyudeng.com\/#\/schema\/person\/7e41764f047e7552c6ad5bdf5f6d78c7\"},\"potentialAction\":[{\"@type\":\"SearchAction\",\"target\":{\"@type\":\"EntryPoint\",\"urlTemplate\":\"https:\/\/fjyudeng.com\/?s={search_term_string}\"},\"query-input\":\"required name=search_term_string\"}],\"inLanguage\":\"es-AR\"},{\"@type\":[\"Person\",\"Organization\"],\"@id\":\"https:\/\/fjyudeng.com\/#\/schema\/person\/7e41764f047e7552c6ad5bdf5f6d78c7\",\"name\":\"yshine03@gmail.com\",\"image\":{\"@type\":\"ImageObject\",\"inLanguage\":\"es-AR\",\"@id\":\"https:\/\/fjyudeng.com\/#\/schema\/person\/image\/\",\"url\":\"https:\/\/fjyudeng.com\/wp-content\/uploads\/2025\/04\/yudeng-pu-leather-factory-manufacturer.png\",\"contentUrl\":\"https:\/\/fjyudeng.com\/wp-content\/uploads\/2025\/04\/yudeng-pu-leather-factory-manufacturer.png\",\"width\":588,\"height\":590,\"caption\":\"yshine03@gmail.com\"},\"logo\":{\"@id\":\"https:\/\/fjyudeng.com\/#\/schema\/person\/image\/\"},\"sameAs\":[\"https:\/\/fjyudeng.com\"]}]}<\/script>\n<!-- \/ Yoast SEO Premium plugin. -->","yoast_head_json":{"title":"Wholesale Pu Leather Manufacturer Factory","description":"Yudeng Textile is a Pu leather factory focusing on high-quality polyurethane synthetic leather. Since its establishment in 1988, it has been committed to the production of home leather, jewelry box leather, ball leather, luggage leather, shoe leather, sofa leather, etc.","robots":{"index":"index","follow":"follow","max-snippet":"max-snippet:-1","max-image-preview":"max-image-preview:large","max-video-preview":"max-video-preview:-1"},"canonical":"https:\/\/fjyudeng.com\/es\/producto\/fabrica-de-fabricantes-de-cuero-sintetico-al-por-mayor\/","og_locale":"es_ES","og_type":"article","og_title":"Wholesale Pu Leather Manufacturer Factory","og_description":"Yudeng Textile is a Pu leather factory focusing on high-quality polyurethane synthetic leather. Since its establishment in 1988, it has been committed to the production of home leather, jewelry box leather, ball leather, luggage leather, shoe leather, sofa leather, etc.","og_url":"https:\/\/fjyudeng.com\/es\/producto\/fabrica-de-fabricantes-de-cuero-sintetico-al-por-mayor\/","og_site_name":"fjyudeng.com","article_modified_time":"2025-08-06T09:38:30+00:00","og_image":[{"width":1000,"height":1000,"url":"https:\/\/fjyudeng.com\/wp-content\/uploads\/2025\/06\/pu-leather-1.jpg","type":"image\/jpeg"}],"twitter_card":"summary_large_image","twitter_misc":{"Tiempo de lectura":"2 minutos"},"schema":{"@context":"https:\/\/schema.org","@graph":[{"@type":"WebPage","@id":"https:\/\/fjyudeng.com\/product\/wholesale-pu-leather-manufacturer-factory\/","url":"https:\/\/fjyudeng.com\/product\/wholesale-pu-leather-manufacturer-factory\/","name":"Wholesale Pu Leather Manufacturer Factory","isPartOf":{"@id":"https:\/\/fjyudeng.com\/#website"},"primaryImageOfPage":{"@id":"https:\/\/fjyudeng.com\/product\/wholesale-pu-leather-manufacturer-factory\/#primaryimage"},"image":{"@id":"https:\/\/fjyudeng.com\/product\/wholesale-pu-leather-manufacturer-factory\/#primaryimage"},"thumbnailUrl":"https:\/\/fjyudeng.com\/wp-content\/uploads\/2025\/06\/pu-leather-1.jpg","datePublished":"2025-06-27T08:01:27+00:00","dateModified":"2025-08-06T09:38:30+00:00","description":"Yudeng Textile is a Pu leather factory focusing on high-quality polyurethane synthetic leather. Since its establishment in 1988, it has been committed to the production of home leather, jewelry box leather, ball leather, luggage leather, shoe leather, sofa leather, etc.","breadcrumb":{"@id":"https:\/\/fjyudeng.com\/product\/wholesale-pu-leather-manufacturer-factory\/#breadcrumb"},"inLanguage":"es-AR","potentialAction":[{"@type":"ReadAction","target":["https:\/\/fjyudeng.com\/product\/wholesale-pu-leather-manufacturer-factory\/"]}]},{"@type":"ImageObject","inLanguage":"es-AR","@id":"https:\/\/fjyudeng.com\/product\/wholesale-pu-leather-manufacturer-factory\/#primaryimage","url":"https:\/\/fjyudeng.com\/wp-content\/uploads\/2025\/06\/pu-leather-1.jpg","contentUrl":"https:\/\/fjyudeng.com\/wp-content\/uploads\/2025\/06\/pu-leather-1.jpg","width":1000,"height":1000,"caption":"pu leather"},{"@type":"BreadcrumbList","@id":"https:\/\/fjyudeng.com\/product\/wholesale-pu-leather-manufacturer-factory\/#breadcrumb","itemListElement":[{"@type":"ListItem","position":1,"name":"Home","item":"https:\/\/fjyudeng.com\/"},{"@type":"ListItem","position":2,"name":"Products","item":"https:\/\/fjyudeng.com\/products\/"},{"@type":"ListItem","position":3,"name":"Wholesale Pu Leather Manufacturer Factory"}]},{"@type":"WebSite","@id":"https:\/\/fjyudeng.com\/#website","url":"https:\/\/fjyudeng.com\/","name":"fjyudeng.com","description":"","publisher":{"@id":"https:\/\/fjyudeng.com\/#\/schema\/person\/7e41764f047e7552c6ad5bdf5f6d78c7"},"potentialAction":[{"@type":"SearchAction","target":{"@type":"EntryPoint","urlTemplate":"https:\/\/fjyudeng.com\/?s={search_term_string}"},"query-input":"required name=search_term_string"}],"inLanguage":"es-AR"},{"@type":["Person","Organization"],"@id":"https:\/\/fjyudeng.com\/#\/schema\/person\/7e41764f047e7552c6ad5bdf5f6d78c7","name":"yshine03@gmail.com","image":{"@type":"ImageObject","inLanguage":"es-AR","@id":"https:\/\/fjyudeng.com\/#\/schema\/person\/image\/","url":"https:\/\/fjyudeng.com\/wp-content\/uploads\/2025\/04\/yudeng-pu-leather-factory-manufacturer.png","contentUrl":"https:\/\/fjyudeng.com\/wp-content\/uploads\/2025\/04\/yudeng-pu-leather-factory-manufacturer.png","width":588,"height":590,"caption":"yshine03@gmail.com"},"logo":{"@id":"https:\/\/fjyudeng.com\/#\/schema\/person\/image\/"},"sameAs":["https:\/\/fjyudeng.com"]}]}},"_links":{"self":[{"href":"https:\/\/fjyudeng.com\/es\/wp-json\/wp\/v2\/product\/2736","targetHints":{"allow":["GET"]}}],"collection":[{"href":"https:\/\/fjyudeng.com\/es\/wp-json\/wp\/v2\/product"}],"about":[{"href":"https:\/\/fjyudeng.com\/es\/wp-json\/wp\/v2\/types\/product"}],"wp:featuredmedia":[{"embeddable":true,"href":"https:\/\/fjyudeng.com\/es\/wp-json\/wp\/v2\/media\/2747"}],"wp:attachment":[{"href":"https:\/\/fjyudeng.com\/es\/wp-json\/wp\/v2\/media?parent=2736"}],"wp:term":[{"taxonomy":"product_brand","embeddable":true,"href":"https:\/\/fjyudeng.com\/es\/wp-json\/wp\/v2\/product_brand?post=2736"},{"taxonomy":"product_cat","embeddable":true,"href":"https:\/\/fjyudeng.com\/es\/wp-json\/wp\/v2\/product_cat?post=2736"},{"taxonomy":"product_tag","embeddable":true,"href":"https:\/\/fjyudeng.com\/es\/wp-json\/wp\/v2\/product_tag?post=2736"}],"curies":[{"name":"wp","href":"https:\/\/api.w.org\/{rel}","templated":true}]}}