{"id":2755,"date":"2025-06-27T16:29:45","date_gmt":"2025-06-27T08:29:45","guid":{"rendered":"https:\/\/fjyudeng.com\/?post_type=product&#038;p=2755"},"modified":"2025-08-06T17:36:59","modified_gmt":"2025-08-06T09:36:59","slug":"cuero-sintetico-para-sofa-al-por-mayor","status":"publish","type":"product","link":"https:\/\/fjyudeng.com\/es\/producto\/cuero-sintetico-para-sofa-al-por-mayor\/","title":{"rendered":"Mayorista Cuero Pu para Sof\u00e1"},"content":{"rendered":"<p style=\"text-align: left;\"><span style=\"color: #000000;\">Al elegir telas para sof\u00e1s, la apariencia, la sensaci\u00f3n, la protecci\u00f3n del medio ambiente, la seguridad y la durabilidad son los factores que m\u00e1s valoran los usuarios. Yudeng <a href=\"https:\/\/fjyudeng.com\/es\/cuero-sintetico-de-alta-calidad-para-sofa\/\"><strong>fabricante de cuero de poliuretano<\/strong><\/a> Ha estado profundamente involucrado en <a href=\"https:\/\/fjyudeng.com\/es\/cuero-de-pu\/\"><strong>Cuero Sint\u00e9tico PU<\/strong><\/a> Fabricaci\u00f3n durante muchos a\u00f1os, centr\u00e1ndose en proporcionar soluciones de cuero PU de alta calidad para fabricantes globales de sof\u00e1s, marcas de muebles y clientes de ingenier\u00eda de decoraci\u00f3n suave.\u00a0<\/span><\/p>\n<p style=\"text-align: left;\">\u00a0<img fetchpriority=\"high\" decoding=\"async\" class=\"wp-image-2950 size-full aligncenter\" src=\"Cuero sint\u00e9tico Yudeng Textile para sof\u00e1s\" alt=\"Yudeng Textile pu cuero para sof\u00e1\" width=\"1200\" height=\"679\" srcset=\"\" sizes=\"(max-width: 1200px) 100vw, 1200px\" data-srcset=\"\" \/><img decoding=\"async\" class=\"wp-image-2949 size-full aligncenter\" src=\"Descripci\u00f3n del producto: cuero Yudeng pu para sof\u00e1s\" alt=\"Descripci\u00f3n del producto de cuero sint\u00e9tico Yudeng para sof\u00e1\" width=\"1200\" height=\"1377\" srcset=\"\" sizes=\"(max-width: 1200px) 100vw, 1200px\" data-srcset=\"\" \/><\/p>\n<h4><strong><span style=\"color: #ff6600;\">Servicios personalizados: color, grosor, textura, soporte para satisfacer necesidades personalizadas.<\/span><\/strong><\/h4>\n<p><span style=\"color: #000000;\">El sof\u00e1 es el centro del espacio familiar, y la selecci\u00f3n de su tela influye directamente en el estilo y la experiencia general. Yudeng ofrece servicios de personalizaci\u00f3n flexibles y r\u00e1pidos a clientes de todo el mundo, y puede personalizar desde el color, el grosor y la textura hasta los materiales del respaldo.<\/span><\/p>\n<ul>\n<li><span style=\"color: #000000;\">Personalizaci\u00f3n del color: admite n\u00fameros de color PANTONE y combinaci\u00f3n de colores de muestra para cumplir con varios estilos, como n\u00f3rdico, lujo ligero italiano, cl\u00e1sico americano, etc.<\/span><\/li>\n<li><span style=\"color: #000000;\">Selecci\u00f3n de espesor: opcional desde 0,6 mm a 1,9 mm de espesor normal, pudiendo engrosarse seg\u00fan sea necesario.<\/span><\/li>\n<li><span style=\"color: #000000;\">Personalizaci\u00f3n de texturas: tiene m\u00e1s de 100 plantillas de texturas existentes, como lichi, napa, becerro, cuero simulado, gamuza, etc., y tambi\u00e9n acepta el desarrollo de texturas exclusivas por parte de los clientes.<\/span><\/li>\n<li><span style=\"color: #000000;\">Respaldo diversificado: Tejido de punto de poli\u00e9ster opcional, tejido de algod\u00f3n, tejido no tejido, etc., combinados seg\u00fan la estructura del sof\u00e1 y el proceso de producci\u00f3n.<\/span><\/li>\n<\/ul>\n<p><span style=\"color: #000000;\">Nuestro proceso de personalizaci\u00f3n es eficiente y fluido, desde la prueba hasta la producci\u00f3n en masa, la entrega se completa r\u00e1pidamente, lo que ayuda a los clientes a acortar el ciclo de lanzamiento del producto.<\/span><\/p>\n<p>&nbsp;<\/p>\n<h4><span style=\"color: #ff6600;\"><strong>Certificados de producto: TUV, REACH, ROHS, OEKO-TEX\u00ae<\/strong><\/span><\/h4>\n<p><span style=\"color: #000000;\">Los consumidores modernos prestan cada vez m\u00e1s atenci\u00f3n a la protecci\u00f3n ambiental de los materiales y a la salud y seguridad de las personas. El cuero sint\u00e9tico PU producido por Yudeng ha superado rigurosamente diversas certificaciones internacionales:<\/span><\/p>\n<ul>\n<li><span style=\"color: #000000;\">Certificaci\u00f3n TUV: garantiza que el producto ha sido probado por instituciones profesionales y cumple con los est\u00e1ndares de calidad y seguridad.<\/span><\/li>\n<li><span style=\"color: #000000;\">Cumplimiento del est\u00e1ndar REACH: Nuestros materiales de PU cumplen con las regulaciones REACH de la UE y las restricciones qu\u00edmicas sobre la salud humana y el medio ambiente.<\/span><\/li>\n<li><span style=\"color: #000000;\">Cumplimiento de ROHS: restringir el uso de metales pesados y sustancias t\u00f3xicas que son da\u00f1inas para el medio ambiente.<\/span><\/li>\n<li><span style=\"color: #000000;\">Certificaci\u00f3n OEKO-TEX\u00ae STANDARD 100: representa que el material es inofensivo y amigable con la piel humana, especialmente adecuado para muebles como sof\u00e1s que entran en contacto directo con la piel.<\/span><\/li>\n<\/ul>\n<p><span style=\"color: #000000;\">Tener estas certificaciones no es s\u00f3lo un honor en el papel, sino tambi\u00e9n un compromiso con la salud del cliente y la responsabilidad ambiental.<\/span><\/p>\n<p style=\"text-align: center;\"><img decoding=\"async\" class=\"alignnone wp-image-2744\" src=\"Certificado de producto Yudeng\" alt=\"Certificado de producto Yudeng\" width=\"962\" height=\"516\" srcset=\"\" sizes=\"(max-width: 962px) 100vw, 962px\" data-srcset=\"\" \/><\/p>\n<h4><strong><span style=\"color: #ff6600;\">Aplicaci\u00f3n de producci\u00f3n<\/span><\/strong><\/h4>\n<p><span style=\"color: #000000;\">El cuero de sof\u00e1 de PU de Yudeng no solo se usa ampliamente en la fabricaci\u00f3n de sof\u00e1s para el hogar, sino que tambi\u00e9n es adecuado para los siguientes escenarios comerciales y de proyectos:<\/span><\/p>\n<ul>\n<li><span style=\"color: #000000;\">Sof\u00e1s de tela y piel para el hogar: sof\u00e1s para el hogar modernos que buscan la comodidad y la belleza.<\/span><\/li>\n<li><span style=\"color: #000000;\">Sof\u00e1s para vest\u00edbulos de hoteles y habitaciones de hu\u00e9spedes: duraderos, resistentes a los ara\u00f1azos, f\u00e1ciles de limpiar, adecuados para entornos de uso de alta frecuencia.<\/span><\/li>\n<li><span style=\"color: #000000;\">Mobiliario de oficina: como sof\u00e1s para zona de recepci\u00f3n y sillas de supervisor, de estilo moderno y textura uniforme.<\/span><\/li>\n<li><span style=\"color: #000000;\">Cabinas de caf\u00e9s y restaurantes: dise\u00f1o con tratamiento de superficie resistente al aceite y antipenetraci\u00f3n.<\/span><\/li>\n<li><span style=\"color: #000000;\">Interiores de sof\u00e1s para veh\u00edculos recreativos y yates: podemos proporcionar telas de PU ign\u00edfugas, antibacterianas, resistentes a la intemperie y otras funciones.<\/span><\/li>\n<li><span style=\"color: #000000;\">Marcas de hogar personalizadas: apoyamos a OEM\/ODM y ayudamos a los propietarios de marcas a establecer series exclusivas.<\/span><\/li>\n<\/ul>\n<p><span style=\"color: #000000;\">Ya sea por estilo o funci\u00f3n, el cuero sint\u00e9tico PU de Yudeng puede adaptarse perfectamente a una variedad de muebles y entornos comerciales.<\/span><\/p>\n<p style=\"text-align: center;\"><img loading=\"lazy\" decoding=\"async\" class=\"alignnone wp-image-2756\" src=\"Cuero sint\u00e9tico para sof\u00e1s\" alt=\"Cuero sint\u00e9tico para aplicaci\u00f3n en sof\u00e1s\" width=\"915\" height=\"490\" srcset=\"\" sizes=\"(max-width: 915px) 100vw, 915px\" data-srcset=\"\" \/><\/p>\n<h4><strong><span style=\"color: #ff6600;\">Ventaja de f\u00e1brica<\/span><\/strong><\/h4>\n<p><span style=\"color: #000000;\">Yudeng se encuentra en Fujian, China, con m\u00e1s de 50.000 metros cuadrados de modernas instalaciones fabriles, 10 l\u00edneas de producci\u00f3n de cuero sint\u00e9tico totalmente automatizadas (en seco y h\u00famedo) y una capacidad de producci\u00f3n diaria de m\u00e1s de 150.000 metros. No solo contamos con una s\u00f3lida capacidad de producci\u00f3n, sino que tambi\u00e9n prestamos especial atenci\u00f3n a la I+D y al control de calidad.<\/span><\/p>\n<ul>\n<li><span style=\"color: #000000;\">Capacidades de I+D: estamos equipados con un equipo de ingenieros de desarrollo de texturas y coloristas de alto nivel, y desarrollamos no menos de 10 productos nuevos por mes.<\/span><\/li>\n<li><span style=\"color: #000000;\">Equipo avanzado: se utilizan cabezales de recubrimiento italianos, sistemas de pulverizaci\u00f3n japoneses y equipos alemanes de medici\u00f3n de espesor y control de tensi\u00f3n para garantizar la estabilidad del producto.<\/span><\/li>\n<li><span style=\"color: #000000;\">Control de calidad: Hay nodos de inspecci\u00f3n a lo largo de todo el proceso, desde las pruebas de materia prima, las inspecciones en l\u00ednea hasta las inspecciones de muestreo de los env\u00edos, para garantizar que cada lote tenga la misma calidad.<\/span><\/li>\n<li><span style=\"color: #000000;\">Servicio al cliente: Admite servicios integrales como personalizaci\u00f3n de lotes peque\u00f1os, pruebas r\u00e1pidas, asistencia t\u00e9cnica y soporte posventa.<\/span><\/li>\n<\/ul>\n<p><span style=\"color: #000000;\">Nuestros clientes se encuentran en Europa, Norteam\u00e9rica, Oriente Medio y el Sudeste Asi\u00e1tico, y han establecido relaciones de cooperaci\u00f3n a largo plazo con decenas de marcas de sof\u00e1s. Sabemos que un buen sof\u00e1 empieza con una buena pieza de cuero.<\/span><\/p>\n<p><span style=\"color: #000000;\">En la fabricaci\u00f3n de sof\u00e1s, el cuero sint\u00e9tico es una opci\u00f3n de tela, y su rendimiento, protecci\u00f3n ambiental, belleza y comodidad son indispensables. Yudeng siempre se centra en el cliente, con una s\u00f3lida f\u00e1brica, un equipo t\u00e9cnico profesional y un servicio impecable para ofrecer a cada cliente productos de cuero sint\u00e9tico sint\u00e9tico de confianza.<\/span><\/p>\n<p><span style=\"color: #000000;\">Si est\u00e1s buscando una <a href=\"https:\/\/fjyudeng.com\/es\/sobre-nosotros\/\"><strong>cuero PU al por mayor<\/strong><\/a> Si busca productos hermosos, duraderos, ecol\u00f3gicos y pr\u00e1cticos, cont\u00e1ctenos. Ya sea para desarrollos personalizados, pruebas de muestra o compras al por mayor, nos comprometemos a ser su socio confiable y estable.<\/span><\/p>\n<p style=\"text-align: center;\"><img loading=\"lazy\" decoding=\"async\" class=\"alignnone wp-image-2741\" src=\"https:\/\/fjyudeng.com\/wp-content\/uploads\/2025\/06\/Yudeng-Factory-and-Company.jpg\" alt=\"F\u00e1brica y empresa Yudeng\" width=\"907\" height=\"664\" srcset=\"https:\/\/fjyudeng.com\/wp-content\/uploads\/2025\/06\/Yudeng-Factory-and-Company.jpg 1200w, https:\/\/fjyudeng.com\/wp-content\/uploads\/2025\/06\/Yudeng-Factory-and-Company-600x439.jpg 600w, https:\/\/fjyudeng.com\/wp-content\/uploads\/2025\/06\/Yudeng-Factory-and-Company-300x220.jpg 300w, https:\/\/fjyudeng.com\/wp-content\/uploads\/2025\/06\/Yudeng-Factory-and-Company-1024x749.jpg 1024w, https:\/\/fjyudeng.com\/wp-content\/uploads\/2025\/06\/Yudeng-Factory-and-Company-768x562.jpg 768w, https:\/\/fjyudeng.com\/wp-content\/uploads\/2025\/06\/Yudeng-Factory-and-Company-16x12.jpg 16w\" sizes=\"(max-width: 907px) 100vw, 907px\" \/><\/p>\n<p style=\"text-align: center;\"><img loading=\"lazy\" decoding=\"async\" class=\"alignnone wp-image-2739\" src=\"https:\/\/fjyudeng.com\/wp-content\/uploads\/2025\/06\/Yudeng-Exhibition-and-Partner.jpg\" alt=\"\" width=\"915\" height=\"1194\" \/><\/p>","protected":false},"excerpt":{"rendered":"<ul>\n<li>\n<h5><span style=\"color: #000000;\">Pedido m\u00ednimo: 300 metros<\/span><\/h5>\n<\/li>\n<li>\n<h5><span style=\"color: #000000;\">F\u00e1brica de cuero sint\u00e9tico de 37 a\u00f1os<\/span><\/h5>\n<\/li>\n<li>\n<h5><span style=\"color: #000000;\">\u00c1rea de f\u00e1brica de 50000m\u00b2<\/span><\/h5>\n<\/li>\n<li>\n<h5><span style=\"color: #000000;\">10 l\u00edneas de producci\u00f3n<\/span><\/h5>\n<\/li>\n<li class=\"elementor-heading-title elementor-size-default\">\n<h5><span style=\"color: #000000;\">M\u00e1s de 400 texturas disponibles<\/span><\/h5>\n<\/li>\n<li class=\"elementor-heading-title elementor-size-default\">\n<h5><span style=\"color: #000000;\">Certificado REACH\/ROHS\/OEKO-TEX\u00ae<\/span><\/h5>\n<\/li>\n<\/ul>","protected":false},"featured_media":2911,"template":"","meta":[],"product_brand":[],"product_cat":[28],"product_tag":[],"class_list":{"0":"post-2755","1":"product","2":"type-product","3":"status-publish","4":"has-post-thumbnail","6":"product_cat-sofa-leather","8":"first","9":"instock","10":"shipping-taxable","11":"product-type-simple"},"yoast_head":"<!-- This site is optimized with the Yoast SEO Premium plugin v22.8 (Yoast SEO v22.8) - https:\/\/yoast.com\/wordpress\/plugins\/seo\/ -->\n<title>Polyurethane Leather Manufacturer Wholesale Pu Leather for Sofa<\/title>\n<meta name=\"description\" content=\"Yudeng Textile is a Pu leather factory focusing on high-quality polyurethane synthetic leather. Since its establishment in 1988, it has been committed to the production of home leather, jewelry box leather, ball leather, luggage leather, shoe leather, sofa leather, etc.\" \/>\n<meta name=\"robots\" content=\"index, follow, max-snippet:-1, max-image-preview:large, max-video-preview:-1\" \/>\n<link rel=\"canonical\" href=\"https:\/\/fjyudeng.com\/es\/producto\/cuero-sintetico-para-sofa-al-por-mayor\/\" \/>\n<meta property=\"og:locale\" content=\"es_ES\" \/>\n<meta property=\"og:type\" content=\"article\" \/>\n<meta property=\"og:title\" content=\"Wholesale Pu Leather for Sofa\" \/>\n<meta property=\"og:description\" content=\"Yudeng Textile is a Pu leather factory focusing on high-quality polyurethane synthetic leather. Since its establishment in 1988, it has been committed to the production of home leather, jewelry box leather, ball leather, luggage leather, shoe leather, sofa leather, etc.\" \/>\n<meta property=\"og:url\" content=\"https:\/\/fjyudeng.com\/es\/producto\/cuero-sintetico-para-sofa-al-por-mayor\/\" \/>\n<meta property=\"og:site_name\" content=\"fjyudeng.com\" \/>\n<meta property=\"article:modified_time\" content=\"2025-08-06T09:36:59+00:00\" \/>\n<meta property=\"og:image\" content=\"https:\/\/fjyudeng.com\/wp-content\/uploads\/2025\/06\/Wholesale-Pu-Leather-for-Sofa.jpg\" \/>\n\t<meta property=\"og:image:width\" content=\"725\" \/>\n\t<meta property=\"og:image:height\" content=\"725\" \/>\n\t<meta property=\"og:image:type\" content=\"image\/jpeg\" \/>\n<meta name=\"twitter:card\" content=\"summary_large_image\" \/>\n<meta name=\"twitter:label1\" content=\"Tiempo de lectura\" \/>\n\t<meta name=\"twitter:data1\" content=\"5 minutos\" \/>\n<script type=\"application\/ld+json\" class=\"yoast-schema-graph\">{\"@context\":\"https:\/\/schema.org\",\"@graph\":[{\"@type\":\"WebPage\",\"@id\":\"https:\/\/fjyudeng.com\/product\/wholesale-pu-leather-for-sofa\/\",\"url\":\"https:\/\/fjyudeng.com\/product\/wholesale-pu-leather-for-sofa\/\",\"name\":\"Polyurethane Leather Manufacturer Wholesale Pu Leather for Sofa\",\"isPartOf\":{\"@id\":\"https:\/\/fjyudeng.com\/#website\"},\"primaryImageOfPage\":{\"@id\":\"https:\/\/fjyudeng.com\/product\/wholesale-pu-leather-for-sofa\/#primaryimage\"},\"image\":{\"@id\":\"https:\/\/fjyudeng.com\/product\/wholesale-pu-leather-for-sofa\/#primaryimage\"},\"thumbnailUrl\":\"https:\/\/fjyudeng.com\/wp-content\/uploads\/2025\/06\/Wholesale-Pu-Leather-for-Sofa.jpg\",\"datePublished\":\"2025-06-27T08:29:45+00:00\",\"dateModified\":\"2025-08-06T09:36:59+00:00\",\"description\":\"Yudeng Textile is a Pu leather factory focusing on high-quality polyurethane synthetic leather. Since its establishment in 1988, it has been committed to the production of home leather, jewelry box leather, ball leather, luggage leather, shoe leather, sofa leather, etc.\",\"breadcrumb\":{\"@id\":\"https:\/\/fjyudeng.com\/product\/wholesale-pu-leather-for-sofa\/#breadcrumb\"},\"inLanguage\":\"es-AR\",\"potentialAction\":[{\"@type\":\"ReadAction\",\"target\":[\"https:\/\/fjyudeng.com\/product\/wholesale-pu-leather-for-sofa\/\"]}]},{\"@type\":\"ImageObject\",\"inLanguage\":\"es-AR\",\"@id\":\"https:\/\/fjyudeng.com\/product\/wholesale-pu-leather-for-sofa\/#primaryimage\",\"url\":\"https:\/\/fjyudeng.com\/wp-content\/uploads\/2025\/06\/Wholesale-Pu-Leather-for-Sofa.jpg\",\"contentUrl\":\"https:\/\/fjyudeng.com\/wp-content\/uploads\/2025\/06\/Wholesale-Pu-Leather-for-Sofa.jpg\",\"width\":725,\"height\":725,\"caption\":\"Wholesale Pu Leather for Sofa\"},{\"@type\":\"BreadcrumbList\",\"@id\":\"https:\/\/fjyudeng.com\/product\/wholesale-pu-leather-for-sofa\/#breadcrumb\",\"itemListElement\":[{\"@type\":\"ListItem\",\"position\":1,\"name\":\"Home\",\"item\":\"https:\/\/fjyudeng.com\/\"},{\"@type\":\"ListItem\",\"position\":2,\"name\":\"Products\",\"item\":\"https:\/\/fjyudeng.com\/products\/\"},{\"@type\":\"ListItem\",\"position\":3,\"name\":\"Wholesale Pu Leather for Sofa\"}]},{\"@type\":\"WebSite\",\"@id\":\"https:\/\/fjyudeng.com\/#website\",\"url\":\"https:\/\/fjyudeng.com\/\",\"name\":\"fjyudeng.com\",\"description\":\"\",\"publisher\":{\"@id\":\"https:\/\/fjyudeng.com\/#\/schema\/person\/7e41764f047e7552c6ad5bdf5f6d78c7\"},\"potentialAction\":[{\"@type\":\"SearchAction\",\"target\":{\"@type\":\"EntryPoint\",\"urlTemplate\":\"https:\/\/fjyudeng.com\/?s={search_term_string}\"},\"query-input\":\"required name=search_term_string\"}],\"inLanguage\":\"es-AR\"},{\"@type\":[\"Person\",\"Organization\"],\"@id\":\"https:\/\/fjyudeng.com\/#\/schema\/person\/7e41764f047e7552c6ad5bdf5f6d78c7\",\"name\":\"yshine03@gmail.com\",\"image\":{\"@type\":\"ImageObject\",\"inLanguage\":\"es-AR\",\"@id\":\"https:\/\/fjyudeng.com\/#\/schema\/person\/image\/\",\"url\":\"https:\/\/fjyudeng.com\/wp-content\/uploads\/2025\/04\/yudeng-pu-leather-factory-manufacturer.png\",\"contentUrl\":\"https:\/\/fjyudeng.com\/wp-content\/uploads\/2025\/04\/yudeng-pu-leather-factory-manufacturer.png\",\"width\":588,\"height\":590,\"caption\":\"yshine03@gmail.com\"},\"logo\":{\"@id\":\"https:\/\/fjyudeng.com\/#\/schema\/person\/image\/\"},\"sameAs\":[\"https:\/\/fjyudeng.com\"]}]}<\/script>\n<!-- \/ Yoast SEO Premium plugin. -->","yoast_head_json":{"title":"Polyurethane Leather Manufacturer Wholesale Pu Leather for Sofa","description":"Yudeng Textile is a Pu leather factory focusing on high-quality polyurethane synthetic leather. Since its establishment in 1988, it has been committed to the production of home leather, jewelry box leather, ball leather, luggage leather, shoe leather, sofa leather, etc.","robots":{"index":"index","follow":"follow","max-snippet":"max-snippet:-1","max-image-preview":"max-image-preview:large","max-video-preview":"max-video-preview:-1"},"canonical":"https:\/\/fjyudeng.com\/es\/producto\/cuero-sintetico-para-sofa-al-por-mayor\/","og_locale":"es_ES","og_type":"article","og_title":"Wholesale Pu Leather for Sofa","og_description":"Yudeng Textile is a Pu leather factory focusing on high-quality polyurethane synthetic leather. Since its establishment in 1988, it has been committed to the production of home leather, jewelry box leather, ball leather, luggage leather, shoe leather, sofa leather, etc.","og_url":"https:\/\/fjyudeng.com\/es\/producto\/cuero-sintetico-para-sofa-al-por-mayor\/","og_site_name":"fjyudeng.com","article_modified_time":"2025-08-06T09:36:59+00:00","og_image":[{"width":725,"height":725,"url":"https:\/\/fjyudeng.com\/wp-content\/uploads\/2025\/06\/Wholesale-Pu-Leather-for-Sofa.jpg","type":"image\/jpeg"}],"twitter_card":"summary_large_image","twitter_misc":{"Tiempo de lectura":"5 minutos"},"schema":{"@context":"https:\/\/schema.org","@graph":[{"@type":"WebPage","@id":"https:\/\/fjyudeng.com\/product\/wholesale-pu-leather-for-sofa\/","url":"https:\/\/fjyudeng.com\/product\/wholesale-pu-leather-for-sofa\/","name":"Polyurethane Leather Manufacturer Wholesale Pu Leather for Sofa","isPartOf":{"@id":"https:\/\/fjyudeng.com\/#website"},"primaryImageOfPage":{"@id":"https:\/\/fjyudeng.com\/product\/wholesale-pu-leather-for-sofa\/#primaryimage"},"image":{"@id":"https:\/\/fjyudeng.com\/product\/wholesale-pu-leather-for-sofa\/#primaryimage"},"thumbnailUrl":"https:\/\/fjyudeng.com\/wp-content\/uploads\/2025\/06\/Wholesale-Pu-Leather-for-Sofa.jpg","datePublished":"2025-06-27T08:29:45+00:00","dateModified":"2025-08-06T09:36:59+00:00","description":"Yudeng Textile is a Pu leather factory focusing on high-quality polyurethane synthetic leather. Since its establishment in 1988, it has been committed to the production of home leather, jewelry box leather, ball leather, luggage leather, shoe leather, sofa leather, etc.","breadcrumb":{"@id":"https:\/\/fjyudeng.com\/product\/wholesale-pu-leather-for-sofa\/#breadcrumb"},"inLanguage":"es-AR","potentialAction":[{"@type":"ReadAction","target":["https:\/\/fjyudeng.com\/product\/wholesale-pu-leather-for-sofa\/"]}]},{"@type":"ImageObject","inLanguage":"es-AR","@id":"https:\/\/fjyudeng.com\/product\/wholesale-pu-leather-for-sofa\/#primaryimage","url":"https:\/\/fjyudeng.com\/wp-content\/uploads\/2025\/06\/Wholesale-Pu-Leather-for-Sofa.jpg","contentUrl":"https:\/\/fjyudeng.com\/wp-content\/uploads\/2025\/06\/Wholesale-Pu-Leather-for-Sofa.jpg","width":725,"height":725,"caption":"Wholesale Pu Leather for Sofa"},{"@type":"BreadcrumbList","@id":"https:\/\/fjyudeng.com\/product\/wholesale-pu-leather-for-sofa\/#breadcrumb","itemListElement":[{"@type":"ListItem","position":1,"name":"Home","item":"https:\/\/fjyudeng.com\/"},{"@type":"ListItem","position":2,"name":"Products","item":"https:\/\/fjyudeng.com\/products\/"},{"@type":"ListItem","position":3,"name":"Wholesale Pu Leather for Sofa"}]},{"@type":"WebSite","@id":"https:\/\/fjyudeng.com\/#website","url":"https:\/\/fjyudeng.com\/","name":"fjyudeng.com","description":"","publisher":{"@id":"https:\/\/fjyudeng.com\/#\/schema\/person\/7e41764f047e7552c6ad5bdf5f6d78c7"},"potentialAction":[{"@type":"SearchAction","target":{"@type":"EntryPoint","urlTemplate":"https:\/\/fjyudeng.com\/?s={search_term_string}"},"query-input":"required name=search_term_string"}],"inLanguage":"es-AR"},{"@type":["Person","Organization"],"@id":"https:\/\/fjyudeng.com\/#\/schema\/person\/7e41764f047e7552c6ad5bdf5f6d78c7","name":"yshine03@gmail.com","image":{"@type":"ImageObject","inLanguage":"es-AR","@id":"https:\/\/fjyudeng.com\/#\/schema\/person\/image\/","url":"https:\/\/fjyudeng.com\/wp-content\/uploads\/2025\/04\/yudeng-pu-leather-factory-manufacturer.png","contentUrl":"https:\/\/fjyudeng.com\/wp-content\/uploads\/2025\/04\/yudeng-pu-leather-factory-manufacturer.png","width":588,"height":590,"caption":"yshine03@gmail.com"},"logo":{"@id":"https:\/\/fjyudeng.com\/#\/schema\/person\/image\/"},"sameAs":["https:\/\/fjyudeng.com"]}]}},"_links":{"self":[{"href":"https:\/\/fjyudeng.com\/es\/wp-json\/wp\/v2\/product\/2755","targetHints":{"allow":["GET"]}}],"collection":[{"href":"https:\/\/fjyudeng.com\/es\/wp-json\/wp\/v2\/product"}],"about":[{"href":"https:\/\/fjyudeng.com\/es\/wp-json\/wp\/v2\/types\/product"}],"wp:featuredmedia":[{"embeddable":true,"href":"https:\/\/fjyudeng.com\/es\/wp-json\/wp\/v2\/media\/2911"}],"wp:attachment":[{"href":"https:\/\/fjyudeng.com\/es\/wp-json\/wp\/v2\/media?parent=2755"}],"wp:term":[{"taxonomy":"product_brand","embeddable":true,"href":"https:\/\/fjyudeng.com\/es\/wp-json\/wp\/v2\/product_brand?post=2755"},{"taxonomy":"product_cat","embeddable":true,"href":"https:\/\/fjyudeng.com\/es\/wp-json\/wp\/v2\/product_cat?post=2755"},{"taxonomy":"product_tag","embeddable":true,"href":"https:\/\/fjyudeng.com\/es\/wp-json\/wp\/v2\/product_tag?post=2755"}],"curies":[{"name":"wp","href":"https:\/\/api.w.org\/{rel}","templated":true}]}}