{"id":2952,"date":"2025-07-02T10:37:04","date_gmt":"2025-07-02T02:37:04","guid":{"rendered":"https:\/\/fjyudeng.com\/?post_type=product&#038;p=2952"},"modified":"2025-08-06T17:35:30","modified_gmt":"2025-08-06T09:35:30","slug":"cuero-sintetico-al-por-mayor-para-bolsos","status":"publish","type":"product","link":"https:\/\/fjyudeng.com\/es\/producto\/cuero-sintetico-al-por-mayor-para-bolsos\/","title":{"rendered":"Piel sint\u00e9tica para bolso al por mayor"},"content":{"rendered":"<h3 style=\"text-align: center;\"><span style=\"color: #ff6600;\"><strong>Yudeng <a style=\"color: #ff6600;\" href=\"https:\/\/fjyudeng.com\/es\/producto\/proveedor-mayorista-de-piel-sintetica-para-sofas\/\">venta al por mayor de cuero sint\u00e9tico<\/a> para bolsa<\/strong><\/span><\/h3>\n<p><span style=\"color: #000000;\">En el mundo de la fabricaci\u00f3n de bolsos, <a style=\"color: #000000;\" href=\"https:\/\/fjyudeng.com\/es\/cuero-de-pu\/\"><strong>Cuero sint\u00e9tico de PU<\/strong><\/a> se est\u00e1 convirtiendo en el tejido preferido por cada vez m\u00e1s dise\u00f1adores y marcas debido a su excelente durabilidad, tacto suave y caracter\u00edsticas de protecci\u00f3n ambiental. Como un experto <a style=\"color: #000000;\" href=\"https:\/\/fjyudeng.com\/es\/producto\/cuero-sintetico-para-sofa-al-por-mayor\/\"><strong>fabricantes de cuero de PU<\/strong><\/a>Yudeng se enfoca en brindar soluciones de cuero diversificadas, de alto rendimiento y sostenibles para clientes globales, especialmente para diversos productos de bolsos, incluidos bolsos de moda, bolsos de mensajero casuales, mochilas multifuncionales, etc.<\/span><\/p>\n<p style=\"text-align: center;\"><img fetchpriority=\"high\" decoding=\"async\" class=\"wp-image-2957 size-full aligncenter\" src=\"https:\/\/fjyudeng.com\/wp-content\/uploads\/2025\/07\/Yudeng-Textile-pu-leather-for-bag.jpg\" alt=\"Cuero sint\u00e9tico textil Yudeng para bolsos\" width=\"1200\" height=\"679\" srcset=\"https:\/\/fjyudeng.com\/wp-content\/uploads\/2025\/07\/Yudeng-Textile-pu-leather-for-bag.jpg 1200w, https:\/\/fjyudeng.com\/wp-content\/uploads\/2025\/07\/Yudeng-Textile-pu-leather-for-bag-300x170.jpg 300w, https:\/\/fjyudeng.com\/wp-content\/uploads\/2025\/07\/Yudeng-Textile-pu-leather-for-bag-1024x579.jpg 1024w, https:\/\/fjyudeng.com\/wp-content\/uploads\/2025\/07\/Yudeng-Textile-pu-leather-for-bag-768x435.jpg 768w, https:\/\/fjyudeng.com\/wp-content\/uploads\/2025\/07\/Yudeng-Textile-pu-leather-for-bag-18x10.jpg 18w, https:\/\/fjyudeng.com\/wp-content\/uploads\/2025\/07\/Yudeng-Textile-pu-leather-for-bag-600x340.jpg 600w\" sizes=\"(max-width: 1200px) 100vw, 1200px\" \/><\/p>\n<p style=\"text-align: center;\"><img decoding=\"async\" class=\"wp-image-2958 size-full aligncenter\" src=\"https:\/\/fjyudeng.com\/wp-content\/uploads\/2025\/07\/Yudeng-pu-leather-for-bag-Product-description.jpg\" alt=\"Descripci\u00f3n del producto de cuero sint\u00e9tico Yudeng para bolsos\" width=\"1200\" height=\"1377\" srcset=\"https:\/\/fjyudeng.com\/wp-content\/uploads\/2025\/07\/Yudeng-pu-leather-for-bag-Product-description.jpg 1200w, https:\/\/fjyudeng.com\/wp-content\/uploads\/2025\/07\/Yudeng-pu-leather-for-bag-Product-description-261x300.jpg 261w, https:\/\/fjyudeng.com\/wp-content\/uploads\/2025\/07\/Yudeng-pu-leather-for-bag-Product-description-892x1024.jpg 892w, https:\/\/fjyudeng.com\/wp-content\/uploads\/2025\/07\/Yudeng-pu-leather-for-bag-Product-description-768x881.jpg 768w, https:\/\/fjyudeng.com\/wp-content\/uploads\/2025\/07\/Yudeng-pu-leather-for-bag-Product-description-10x12.jpg 10w, https:\/\/fjyudeng.com\/wp-content\/uploads\/2025\/07\/Yudeng-pu-leather-for-bag-Product-description-600x689.jpg 600w\" sizes=\"(max-width: 1200px) 100vw, 1200px\" \/><\/p>\n<h4><strong><span style=\"color: #ff6600;\">Servicios personalizados: color, grosor, textura, soporte para satisfacer necesidades personalizadas.<\/span><\/strong><\/h4>\n<p><span style=\"color: #000000;\">Al dise\u00f1ar bolsos, cada cliente tiene sus propias necesidades est\u00e9ticas y funcionales. Por ello, Yudeng ofrece servicios integrales de personalizaci\u00f3n OEM y ODM para que hagas realidad tu creatividad.<\/span><\/p>\n<ul>\n<li><span style=\"color: #000000;\"><strong>Selecci\u00f3n de colores:<\/strong> Cuenta con m\u00e1s de 200 cartas de colores est\u00e1ndar y acepta la personalizaci\u00f3n Pantone\/PANTONE. Ya sea el cl\u00e1sico blanco lechoso, el azul neblina o el verde retro, podemos igualar el color con precisi\u00f3n.<\/span><\/li>\n<li><span style=\"color: #000000;\"><strong>Personalizaci\u00f3n del grosor:<\/strong> El grosor habitual var\u00eda de 0,6 mm a 2,0 mm, y la suavidad y el soporte se pueden ajustar seg\u00fan el uso. Por ejemplo, para bolsos, es m\u00e1s adecuado usar modelos con grosores superiores a 1,2 mm para aumentar la sensaci\u00f3n de rigidez; mientras que para el forro de mochilas se recomienda usar materiales flexibles de 0,8 mm.<\/span><\/li>\n<li><span style=\"color: #000000;\"><strong>Dise\u00f1o de textura:<\/strong> Desde el delicado cuero Nappa, el grano de lichi natural, hasta el grano mate moderno y el grano cruzado tecnol\u00f3gico, puede elegir libremente conocer diferentes estilos de marca.<\/span><\/li>\n<li><span style=\"color: #000000;\"><strong>Material de soporte:<\/strong> Tela no tejida opcional, tela de punto, tela de microfibra, tela polar, etc., de acuerdo con las necesidades de posicionamiento del producto, mejoran la textura general y la durabilidad del cuero.<\/span><\/li>\n<\/ul>\n<h4><span style=\"color: #ff6600;\"><strong>T\u00dcV\/REACH\/ROHS\/OEKO-<\/strong><\/span><span style=\"color: #ff6600;\"><strong>Certificaci\u00f3n ambiental TEX\u00ae<\/strong><\/span><\/h4>\n<p><span style=\"color: #000000;\">El cuero PU de Yudeng ha pasado m\u00faltiples certificaciones internacionales ambientales y de seguridad como T\u00dcV, REACH, ROHS y OEKO-TEX\u00ae STANDARD 100, lo que garantiza que, adem\u00e1s de la belleza y la funci\u00f3n, tambi\u00e9n cumple con los altos est\u00e1ndares del mercado global de productos sustentables y saludables.<\/span><\/p>\n<ul>\n<li><span style=\"color: #000000;\"><strong>Certificaci\u00f3n T\u00dcV:<\/strong> Representa que el material ha sido probado por las autoridades alemanas y es seguro y confiable.<\/span><\/li>\n<li><span style=\"color: #000000;\"><strong>Certificaci\u00f3n REACH:<\/strong> Cumple con las regulaciones qu\u00edmicas de la UE y est\u00e1 libre de sustancias alerg\u00e9nicas y peligrosas.<\/span><\/li>\n<li><span style=\"color: #000000;\"><strong>Certificaci\u00f3n ROHS:<\/strong> Cumple con los est\u00e1ndares electr\u00f3nicos de protecci\u00f3n ambiental para garantizar que las materias primas est\u00e9n libres de plomo, mercurio, cadmio y otros metales pesados.<\/span><\/li>\n<li><span style=\"color: #000000;\"><strong>EST\u00c1NDAR OEKO-TEX\u00ae 100:<\/strong> Puede entrar en contacto directo con la piel humana y es especialmente adecuado para forros de bolsos y accesorios personales.<\/span><\/li>\n<\/ul>\n<p><span style=\"color: #000000;\">Elegir el cuero PU de Yudeng significa elegir una soluci\u00f3n de material saludable, respetuosa con el medio ambiente y responsable con el medio ambiente.<\/span><\/p>\n<p style=\"text-align: center;\"><img decoding=\"async\" class=\"alignnone wp-image-2744\" src=\"Certificado de producto Yudeng\" alt=\"Certificado de producto Yudeng\" width=\"962\" height=\"516\" srcset=\"\" sizes=\"(max-width: 962px) 100vw, 962px\" data-srcset=\"\" \/><\/p>\n<h4><strong><span style=\"color: #ff6600;\">Aplicaci\u00f3n de producci\u00f3n<\/span><\/strong><\/h4>\n<p><span style=\"color: #000000;\">El cuero Pu de Yudeng se usa ampliamente en:<\/span><\/p>\n<ul>\n<li><span style=\"color: #000000;\">Bolsos de mujer de moda: colores intensos, tacto suave y tacto de alta gama, especialmente adecuados para bolsos, bandoleras y axilas personalizados.<\/span><\/li>\n<li><span style=\"color: #000000;\">Bolsos casuales de hombre: textura mate discreta o PU estilo cera de aceite, tanto textura como practicidad.<\/span><\/li>\n<li><span style=\"color: #000000;\">Maletines de negocios: cuero de alta rigidez y resistente a los ara\u00f1azos, realzan la sensaci\u00f3n estructural general del bolso, resaltando el gusto profesional.<\/span><\/li>\n<li><span style=\"color: #000000;\">Mochilas para estudiantes\/bolsos de viaje: se prefiere PU liviano con respaldo resistente al desgaste, liviano, fuerte resistencia a la presi\u00f3n y f\u00e1cil de transportar durante mucho tiempo.<\/span><\/li>\n<li><span style=\"color: #000000;\">Bolso mensajero de moda: con PU con textura brillante o especial, mejora el impacto visual y crea una l\u00ednea de productos juvenil.<\/span><\/li>\n<\/ul>\n<p style=\"text-align: center;\"><img loading=\"lazy\" decoding=\"async\" class=\"alignnone wp-image-2959 size-full\" src=\"https:\/\/fjyudeng.com\/wp-content\/uploads\/2025\/07\/Yudeng-pu-leather-for-bag-application.jpg\" alt=\"Cuero sint\u00e9tico Yudeng para aplicaciones en bolsos\" width=\"1200\" height=\"688\" srcset=\"https:\/\/fjyudeng.com\/wp-content\/uploads\/2025\/07\/Yudeng-pu-leather-for-bag-application.jpg 1200w, https:\/\/fjyudeng.com\/wp-content\/uploads\/2025\/07\/Yudeng-pu-leather-for-bag-application-300x172.jpg 300w, https:\/\/fjyudeng.com\/wp-content\/uploads\/2025\/07\/Yudeng-pu-leather-for-bag-application-1024x587.jpg 1024w, https:\/\/fjyudeng.com\/wp-content\/uploads\/2025\/07\/Yudeng-pu-leather-for-bag-application-768x440.jpg 768w, https:\/\/fjyudeng.com\/wp-content\/uploads\/2025\/07\/Yudeng-pu-leather-for-bag-application-18x10.jpg 18w, https:\/\/fjyudeng.com\/wp-content\/uploads\/2025\/07\/Yudeng-pu-leather-for-bag-application-600x344.jpg 600w\" sizes=\"(max-width: 1200px) 100vw, 1200px\" \/><\/p>\n<h4><strong><span style=\"color: #ff6600;\">Ventaja de f\u00e1brica<\/span><\/strong><\/h4>\n<p><span style=\"color: #000000;\">Yudeng cuenta con m\u00e1s de 37 a\u00f1os de experiencia en la fabricaci\u00f3n de cuero sint\u00e9tico de PU. La f\u00e1brica est\u00e1 equipada con equipos de alta precisi\u00f3n para recubrimiento, estampado, compuesto, corte, pruebas y otros procesos de producci\u00f3n integrales, con una capacidad de producci\u00f3n diaria de m\u00e1s de 150.000 metros, lo que permite satisfacer las necesidades de personalizaci\u00f3n de lotes medianos y grandes sin presi\u00f3n.<\/span><\/p>\n<ul>\n<li><span style=\"color: #000000;\">M\u00faltiples l\u00edneas de producci\u00f3n automatizadas para lograr env\u00edos eficientes y tiempos de entrega m\u00e1s estables.<\/span><\/li>\n<li><span style=\"color: #000000;\">Equipo propio de I+D, puede responder r\u00e1pidamente a nuevos materiales, nuevos colores y desarrollo de nuevos procesos.<\/span><\/li>\n<li><span style=\"color: #000000;\">Estricto sistema de control de calidad, cada lote de cuero enviado pasa por pruebas de resistencia al desgaste, resistencia al rayado, resistencia a la hidr\u00f3lisis, resistencia al amarilleo y otras pruebas para garantizar una calidad de f\u00e1brica constante.<\/span><\/li>\n<li><span style=\"color: #000000;\">Rica experiencia en exportaciones internacionales, clientes en Europa, Am\u00e9rica, Jap\u00f3n, Corea del Sur, Medio Oriente y otros pa\u00edses y regiones, pueden cooperar con entrega mar\u00edtima\/a\u00e9rea\/express y otros m\u00e9todos log\u00edsticos para enviar.<\/span><\/li>\n<\/ul>\n<p><span style=\"color: #000000;\">En esta era de b\u00fasqueda de calidad e individualidad, una pieza de cuero PU de alta calidad no solo se trata de la belleza del producto, sino que tambi\u00e9n refleja la responsabilidad y la dedicaci\u00f3n de la marca. Yudeng se compromete a ser su socio de confianza, priorizando la protecci\u00f3n del medio ambiente, la personalizaci\u00f3n, la diversidad y la eficiencia, para a\u00f1adir m\u00e1s posibilidades al dise\u00f1o de sus bolsos.<\/span><\/p>\n<p><span style=\"color: #000000;\">Si busca un fabricante de cuero sint\u00e9tico con experiencia, certificaci\u00f3n, resistencia y dise\u00f1o, no dude en contactarnos para solicitar muestras o presupuestos. Colaboremos para crear mejores bolsos.<\/span><\/p>\n<p style=\"text-align: center;\"><img loading=\"lazy\" decoding=\"async\" class=\"alignnone wp-image-2741\" src=\"https:\/\/fjyudeng.com\/wp-content\/uploads\/2025\/06\/Yudeng-Factory-and-Company.jpg\" alt=\"F\u00e1brica y empresa Yudeng\" width=\"907\" height=\"664\" srcset=\"https:\/\/fjyudeng.com\/wp-content\/uploads\/2025\/06\/Yudeng-Factory-and-Company.jpg 1200w, https:\/\/fjyudeng.com\/wp-content\/uploads\/2025\/06\/Yudeng-Factory-and-Company-600x439.jpg 600w, https:\/\/fjyudeng.com\/wp-content\/uploads\/2025\/06\/Yudeng-Factory-and-Company-300x220.jpg 300w, https:\/\/fjyudeng.com\/wp-content\/uploads\/2025\/06\/Yudeng-Factory-and-Company-1024x749.jpg 1024w, https:\/\/fjyudeng.com\/wp-content\/uploads\/2025\/06\/Yudeng-Factory-and-Company-768x562.jpg 768w, https:\/\/fjyudeng.com\/wp-content\/uploads\/2025\/06\/Yudeng-Factory-and-Company-16x12.jpg 16w\" sizes=\"(max-width: 907px) 100vw, 907px\" \/><\/p>\n<p style=\"text-align: center;\"><img loading=\"lazy\" decoding=\"async\" class=\"alignnone wp-image-2739\" src=\"https:\/\/fjyudeng.com\/wp-content\/uploads\/2025\/06\/Yudeng-Exhibition-and-Partner.jpg\" alt=\"\" width=\"915\" height=\"1194\" \/><\/p>","protected":false},"excerpt":{"rendered":"<ul>\n<li>\n<h5><span style=\"color: #000000;\">Pedido m\u00ednimo: 300 metros<\/span><\/h5>\n<\/li>\n<li>\n<h5><span style=\"color: #000000;\">F\u00e1brica de cuero sint\u00e9tico de 37 a\u00f1os<\/span><\/h5>\n<\/li>\n<li>\n<h5><span style=\"color: #000000;\">\u00c1rea de f\u00e1brica de 50000m\u00b2<\/span><\/h5>\n<\/li>\n<li>\n<h5><span style=\"color: #000000;\">10 l\u00edneas de producci\u00f3n<\/span><\/h5>\n<\/li>\n<li class=\"elementor-heading-title elementor-size-default\">\n<h5><span style=\"color: #000000;\">M\u00e1s de 400 texturas disponibles<\/span><\/h5>\n<\/li>\n<li class=\"elementor-heading-title elementor-size-default\">\n<h5><span style=\"color: #000000;\">Certificado REACH\/ROHS\/OEKO-TEX\u00ae<\/span><\/h5>\n<\/li>\n<\/ul>","protected":false},"featured_media":2954,"template":"","meta":[],"product_brand":[],"product_cat":[29],"product_tag":[],"class_list":{"0":"post-2952","1":"product","2":"type-product","3":"status-publish","4":"has-post-thumbnail","6":"product_cat-bag-leather","8":"first","9":"instock","10":"shipping-taxable","11":"product-type-simple"},"yoast_head":"<!-- This site is optimized with the Yoast SEO Premium plugin v22.8 (Yoast SEO v22.8) - https:\/\/yoast.com\/wordpress\/plugins\/seo\/ -->\n<title>Wholesale Synthetic Leather for Bag 37 Years - Yudeng<\/title>\n<meta name=\"description\" content=\"Yudeng is a professional Pu leather manufacturers with 37 years of production of Pu synthetic leather used in bags. Feel free to contact us for free samples or quotes.\" \/>\n<meta name=\"robots\" content=\"index, follow, max-snippet:-1, max-image-preview:large, max-video-preview:-1\" \/>\n<link rel=\"canonical\" href=\"https:\/\/fjyudeng.com\/es\/producto\/cuero-sintetico-al-por-mayor-para-bolsos\/\" \/>\n<meta property=\"og:locale\" content=\"es_ES\" \/>\n<meta property=\"og:type\" content=\"article\" \/>\n<meta property=\"og:title\" content=\"Wholesale Synthetic Leather for Bag\" \/>\n<meta property=\"og:description\" content=\"Yudeng is a professional Pu leather manufacturers with 37 years of production of Pu synthetic leather used in bags. Feel free to contact us for free samples or quotes.\" \/>\n<meta property=\"og:url\" content=\"https:\/\/fjyudeng.com\/es\/producto\/cuero-sintetico-al-por-mayor-para-bolsos\/\" \/>\n<meta property=\"og:site_name\" content=\"fjyudeng.com\" \/>\n<meta property=\"article:modified_time\" content=\"2025-08-06T09:35:30+00:00\" \/>\n<meta property=\"og:image\" content=\"https:\/\/fjyudeng.com\/wp-content\/uploads\/2025\/07\/Wholesale-Synthetic-Leather-for-Bag.jpg\" \/>\n\t<meta property=\"og:image:width\" content=\"762\" \/>\n\t<meta property=\"og:image:height\" content=\"762\" \/>\n\t<meta property=\"og:image:type\" content=\"image\/jpeg\" \/>\n<meta name=\"twitter:card\" content=\"summary_large_image\" \/>\n<meta name=\"twitter:label1\" content=\"Tiempo de lectura\" \/>\n\t<meta name=\"twitter:data1\" content=\"5 minutos\" \/>\n<script type=\"application\/ld+json\" class=\"yoast-schema-graph\">{\"@context\":\"https:\/\/schema.org\",\"@graph\":[{\"@type\":\"WebPage\",\"@id\":\"https:\/\/fjyudeng.com\/product\/wholesale-synthetic-leather-for-bag\/\",\"url\":\"https:\/\/fjyudeng.com\/product\/wholesale-synthetic-leather-for-bag\/\",\"name\":\"Wholesale Synthetic Leather for Bag 37 Years - Yudeng\",\"isPartOf\":{\"@id\":\"https:\/\/fjyudeng.com\/#website\"},\"primaryImageOfPage\":{\"@id\":\"https:\/\/fjyudeng.com\/product\/wholesale-synthetic-leather-for-bag\/#primaryimage\"},\"image\":{\"@id\":\"https:\/\/fjyudeng.com\/product\/wholesale-synthetic-leather-for-bag\/#primaryimage\"},\"thumbnailUrl\":\"https:\/\/fjyudeng.com\/wp-content\/uploads\/2025\/07\/Wholesale-Synthetic-Leather-for-Bag.jpg\",\"datePublished\":\"2025-07-02T02:37:04+00:00\",\"dateModified\":\"2025-08-06T09:35:30+00:00\",\"description\":\"Yudeng is a professional Pu leather manufacturers with 37 years of production of Pu synthetic leather used in bags. Feel free to contact us for free samples or quotes.\",\"breadcrumb\":{\"@id\":\"https:\/\/fjyudeng.com\/product\/wholesale-synthetic-leather-for-bag\/#breadcrumb\"},\"inLanguage\":\"es-AR\",\"potentialAction\":[{\"@type\":\"ReadAction\",\"target\":[\"https:\/\/fjyudeng.com\/product\/wholesale-synthetic-leather-for-bag\/\"]}]},{\"@type\":\"ImageObject\",\"inLanguage\":\"es-AR\",\"@id\":\"https:\/\/fjyudeng.com\/product\/wholesale-synthetic-leather-for-bag\/#primaryimage\",\"url\":\"https:\/\/fjyudeng.com\/wp-content\/uploads\/2025\/07\/Wholesale-Synthetic-Leather-for-Bag.jpg\",\"contentUrl\":\"https:\/\/fjyudeng.com\/wp-content\/uploads\/2025\/07\/Wholesale-Synthetic-Leather-for-Bag.jpg\",\"width\":762,\"height\":762,\"caption\":\"Wholesale Synthetic Leather for Bag\"},{\"@type\":\"BreadcrumbList\",\"@id\":\"https:\/\/fjyudeng.com\/product\/wholesale-synthetic-leather-for-bag\/#breadcrumb\",\"itemListElement\":[{\"@type\":\"ListItem\",\"position\":1,\"name\":\"Home\",\"item\":\"https:\/\/fjyudeng.com\/\"},{\"@type\":\"ListItem\",\"position\":2,\"name\":\"Products\",\"item\":\"https:\/\/fjyudeng.com\/products\/\"},{\"@type\":\"ListItem\",\"position\":3,\"name\":\"Wholesale Synthetic Leather for Bag\"}]},{\"@type\":\"WebSite\",\"@id\":\"https:\/\/fjyudeng.com\/#website\",\"url\":\"https:\/\/fjyudeng.com\/\",\"name\":\"fjyudeng.com\",\"description\":\"\",\"publisher\":{\"@id\":\"https:\/\/fjyudeng.com\/#\/schema\/person\/7e41764f047e7552c6ad5bdf5f6d78c7\"},\"potentialAction\":[{\"@type\":\"SearchAction\",\"target\":{\"@type\":\"EntryPoint\",\"urlTemplate\":\"https:\/\/fjyudeng.com\/?s={search_term_string}\"},\"query-input\":\"required name=search_term_string\"}],\"inLanguage\":\"es-AR\"},{\"@type\":[\"Person\",\"Organization\"],\"@id\":\"https:\/\/fjyudeng.com\/#\/schema\/person\/7e41764f047e7552c6ad5bdf5f6d78c7\",\"name\":\"yshine03@gmail.com\",\"image\":{\"@type\":\"ImageObject\",\"inLanguage\":\"es-AR\",\"@id\":\"https:\/\/fjyudeng.com\/#\/schema\/person\/image\/\",\"url\":\"https:\/\/fjyudeng.com\/wp-content\/uploads\/2025\/04\/yudeng-pu-leather-factory-manufacturer.png\",\"contentUrl\":\"https:\/\/fjyudeng.com\/wp-content\/uploads\/2025\/04\/yudeng-pu-leather-factory-manufacturer.png\",\"width\":588,\"height\":590,\"caption\":\"yshine03@gmail.com\"},\"logo\":{\"@id\":\"https:\/\/fjyudeng.com\/#\/schema\/person\/image\/\"},\"sameAs\":[\"https:\/\/fjyudeng.com\"]}]}<\/script>\n<!-- \/ Yoast SEO Premium plugin. -->","yoast_head_json":{"title":"Wholesale Synthetic Leather for Bag 37 Years - Yudeng","description":"Yudeng is a professional Pu leather manufacturers with 37 years of production of Pu synthetic leather used in bags. Feel free to contact us for free samples or quotes.","robots":{"index":"index","follow":"follow","max-snippet":"max-snippet:-1","max-image-preview":"max-image-preview:large","max-video-preview":"max-video-preview:-1"},"canonical":"https:\/\/fjyudeng.com\/es\/producto\/cuero-sintetico-al-por-mayor-para-bolsos\/","og_locale":"es_ES","og_type":"article","og_title":"Wholesale Synthetic Leather for Bag","og_description":"Yudeng is a professional Pu leather manufacturers with 37 years of production of Pu synthetic leather used in bags. Feel free to contact us for free samples or quotes.","og_url":"https:\/\/fjyudeng.com\/es\/producto\/cuero-sintetico-al-por-mayor-para-bolsos\/","og_site_name":"fjyudeng.com","article_modified_time":"2025-08-06T09:35:30+00:00","og_image":[{"width":762,"height":762,"url":"https:\/\/fjyudeng.com\/wp-content\/uploads\/2025\/07\/Wholesale-Synthetic-Leather-for-Bag.jpg","type":"image\/jpeg"}],"twitter_card":"summary_large_image","twitter_misc":{"Tiempo de lectura":"5 minutos"},"schema":{"@context":"https:\/\/schema.org","@graph":[{"@type":"WebPage","@id":"https:\/\/fjyudeng.com\/product\/wholesale-synthetic-leather-for-bag\/","url":"https:\/\/fjyudeng.com\/product\/wholesale-synthetic-leather-for-bag\/","name":"Wholesale Synthetic Leather for Bag 37 Years - Yudeng","isPartOf":{"@id":"https:\/\/fjyudeng.com\/#website"},"primaryImageOfPage":{"@id":"https:\/\/fjyudeng.com\/product\/wholesale-synthetic-leather-for-bag\/#primaryimage"},"image":{"@id":"https:\/\/fjyudeng.com\/product\/wholesale-synthetic-leather-for-bag\/#primaryimage"},"thumbnailUrl":"https:\/\/fjyudeng.com\/wp-content\/uploads\/2025\/07\/Wholesale-Synthetic-Leather-for-Bag.jpg","datePublished":"2025-07-02T02:37:04+00:00","dateModified":"2025-08-06T09:35:30+00:00","description":"Yudeng is a professional Pu leather manufacturers with 37 years of production of Pu synthetic leather used in bags. Feel free to contact us for free samples or quotes.","breadcrumb":{"@id":"https:\/\/fjyudeng.com\/product\/wholesale-synthetic-leather-for-bag\/#breadcrumb"},"inLanguage":"es-AR","potentialAction":[{"@type":"ReadAction","target":["https:\/\/fjyudeng.com\/product\/wholesale-synthetic-leather-for-bag\/"]}]},{"@type":"ImageObject","inLanguage":"es-AR","@id":"https:\/\/fjyudeng.com\/product\/wholesale-synthetic-leather-for-bag\/#primaryimage","url":"https:\/\/fjyudeng.com\/wp-content\/uploads\/2025\/07\/Wholesale-Synthetic-Leather-for-Bag.jpg","contentUrl":"https:\/\/fjyudeng.com\/wp-content\/uploads\/2025\/07\/Wholesale-Synthetic-Leather-for-Bag.jpg","width":762,"height":762,"caption":"Wholesale Synthetic Leather for Bag"},{"@type":"BreadcrumbList","@id":"https:\/\/fjyudeng.com\/product\/wholesale-synthetic-leather-for-bag\/#breadcrumb","itemListElement":[{"@type":"ListItem","position":1,"name":"Home","item":"https:\/\/fjyudeng.com\/"},{"@type":"ListItem","position":2,"name":"Products","item":"https:\/\/fjyudeng.com\/products\/"},{"@type":"ListItem","position":3,"name":"Wholesale Synthetic Leather for Bag"}]},{"@type":"WebSite","@id":"https:\/\/fjyudeng.com\/#website","url":"https:\/\/fjyudeng.com\/","name":"fjyudeng.com","description":"","publisher":{"@id":"https:\/\/fjyudeng.com\/#\/schema\/person\/7e41764f047e7552c6ad5bdf5f6d78c7"},"potentialAction":[{"@type":"SearchAction","target":{"@type":"EntryPoint","urlTemplate":"https:\/\/fjyudeng.com\/?s={search_term_string}"},"query-input":"required name=search_term_string"}],"inLanguage":"es-AR"},{"@type":["Person","Organization"],"@id":"https:\/\/fjyudeng.com\/#\/schema\/person\/7e41764f047e7552c6ad5bdf5f6d78c7","name":"yshine03@gmail.com","image":{"@type":"ImageObject","inLanguage":"es-AR","@id":"https:\/\/fjyudeng.com\/#\/schema\/person\/image\/","url":"https:\/\/fjyudeng.com\/wp-content\/uploads\/2025\/04\/yudeng-pu-leather-factory-manufacturer.png","contentUrl":"https:\/\/fjyudeng.com\/wp-content\/uploads\/2025\/04\/yudeng-pu-leather-factory-manufacturer.png","width":588,"height":590,"caption":"yshine03@gmail.com"},"logo":{"@id":"https:\/\/fjyudeng.com\/#\/schema\/person\/image\/"},"sameAs":["https:\/\/fjyudeng.com"]}]}},"_links":{"self":[{"href":"https:\/\/fjyudeng.com\/es\/wp-json\/wp\/v2\/product\/2952","targetHints":{"allow":["GET"]}}],"collection":[{"href":"https:\/\/fjyudeng.com\/es\/wp-json\/wp\/v2\/product"}],"about":[{"href":"https:\/\/fjyudeng.com\/es\/wp-json\/wp\/v2\/types\/product"}],"wp:featuredmedia":[{"embeddable":true,"href":"https:\/\/fjyudeng.com\/es\/wp-json\/wp\/v2\/media\/2954"}],"wp:attachment":[{"href":"https:\/\/fjyudeng.com\/es\/wp-json\/wp\/v2\/media?parent=2952"}],"wp:term":[{"taxonomy":"product_brand","embeddable":true,"href":"https:\/\/fjyudeng.com\/es\/wp-json\/wp\/v2\/product_brand?post=2952"},{"taxonomy":"product_cat","embeddable":true,"href":"https:\/\/fjyudeng.com\/es\/wp-json\/wp\/v2\/product_cat?post=2952"},{"taxonomy":"product_tag","embeddable":true,"href":"https:\/\/fjyudeng.com\/es\/wp-json\/wp\/v2\/product_tag?post=2952"}],"curies":[{"name":"wp","href":"https:\/\/api.w.org\/{rel}","templated":true}]}}