{"id":2984,"date":"2025-07-07T14:50:51","date_gmt":"2025-07-07T06:50:51","guid":{"rendered":"https:\/\/fjyudeng.com\/?post_type=product&#038;p=2984"},"modified":"2025-08-06T17:33:06","modified_gmt":"2025-08-06T09:33:06","slug":"proveedor-de-cuero-artificial-para-zapatos","status":"publish","type":"product","link":"https:\/\/fjyudeng.com\/es\/producto\/proveedor-de-cuero-artificial-para-zapatos\/","title":{"rendered":"Proveedor de cuero artificial para calzado"},"content":{"rendered":"<h3 style=\"text-align: center;\"><span style=\"color: #ff6600;\"><strong>Yo<span style=\"color: #ff6600;\">deng <\/span><\/strong><strong><a style=\"color: #ff6600;\" href=\"https:\/\/fjyudeng.com\/es\/producto\/cuero-sintetico-al-por-mayor-para-fabricantes-de-calzado\/\">venta al por mayor de cuero Pu<\/a><\/strong><strong><span style=\"color: #ff6600;\"> para zapatos<\/span><\/strong><\/span><\/h3>\n<p><span style=\"color: #000000;\">Si busca un material sint\u00e9tico que sea atractivo, duradero y respetuoso con el medio ambiente para su calzado, el cuero sint\u00e9tico PU de Yudeng ser\u00e1 una excelente opci\u00f3n. <a style=\"color: #000000;\" href=\"https:\/\/fjyudeng.com\/es\/producto\/fabrica-de-rollos-de-cuero-sintetico-para-bolsos-al-por-mayor\/\"><strong>proveedor de cuero artificial<\/strong><\/a> Al centrarnos en el cuero sint\u00e9tico PU de alto rendimiento, estamos comprometidos a proporcionar soluciones de materiales personalizables, respetuosos con el medio ambiente y resistentes al desgaste para diversas marcas de calzado, f\u00e1bricas y dise\u00f1adores.<\/span><\/p>\n<p style=\"text-align: center;\">\u00a0<img fetchpriority=\"high\" decoding=\"async\" class=\"alignnone wp-image-2969 size-full\" src=\"https:\/\/fjyudeng.com\/wp-content\/uploads\/2025\/07\/Yudeng-Textile-pu-leather-for-shoe.jpg\" alt=\"Cuero sint\u00e9tico textil Yudeng para calzado\" width=\"1200\" height=\"679\" srcset=\"https:\/\/fjyudeng.com\/wp-content\/uploads\/2025\/07\/Yudeng-Textile-pu-leather-for-shoe.jpg 1200w, https:\/\/fjyudeng.com\/wp-content\/uploads\/2025\/07\/Yudeng-Textile-pu-leather-for-shoe-300x170.jpg 300w, https:\/\/fjyudeng.com\/wp-content\/uploads\/2025\/07\/Yudeng-Textile-pu-leather-for-shoe-1024x579.jpg 1024w, https:\/\/fjyudeng.com\/wp-content\/uploads\/2025\/07\/Yudeng-Textile-pu-leather-for-shoe-768x435.jpg 768w, https:\/\/fjyudeng.com\/wp-content\/uploads\/2025\/07\/Yudeng-Textile-pu-leather-for-shoe-18x10.jpg 18w, https:\/\/fjyudeng.com\/wp-content\/uploads\/2025\/07\/Yudeng-Textile-pu-leather-for-shoe-600x340.jpg 600w\" sizes=\"(max-width: 1200px) 100vw, 1200px\" \/><img decoding=\"async\" class=\"alignnone wp-image-2968 size-full\" src=\"https:\/\/fjyudeng.com\/wp-content\/uploads\/2025\/07\/Yudeng-pu-leather-for-shoe-Product-description.jpg\" alt=\"Descripci\u00f3n del producto de cuero sint\u00e9tico Yudeng para calzado\" width=\"1200\" height=\"1377\" srcset=\"https:\/\/fjyudeng.com\/wp-content\/uploads\/2025\/07\/Yudeng-pu-leather-for-shoe-Product-description.jpg 1200w, https:\/\/fjyudeng.com\/wp-content\/uploads\/2025\/07\/Yudeng-pu-leather-for-shoe-Product-description-261x300.jpg 261w, https:\/\/fjyudeng.com\/wp-content\/uploads\/2025\/07\/Yudeng-pu-leather-for-shoe-Product-description-892x1024.jpg 892w, https:\/\/fjyudeng.com\/wp-content\/uploads\/2025\/07\/Yudeng-pu-leather-for-shoe-Product-description-768x881.jpg 768w, https:\/\/fjyudeng.com\/wp-content\/uploads\/2025\/07\/Yudeng-pu-leather-for-shoe-Product-description-10x12.jpg 10w, https:\/\/fjyudeng.com\/wp-content\/uploads\/2025\/07\/Yudeng-pu-leather-for-shoe-Product-description-600x689.jpg 600w\" sizes=\"(max-width: 1200px) 100vw, 1200px\" \/><\/p>\n<h4><strong><span style=\"color: #000000;\">Servicio completo de personalizaci\u00f3n para satisfacer diversas necesidades de calzado.<\/span><\/strong><\/h4>\n<p><span style=\"color: #000000;\">Sabemos que el concepto de dise\u00f1o de cada zapato es \u00fanico. Por eso, Yudeng ofrece servicios integrales de personalizaci\u00f3n, desde la combinaci\u00f3n de colores hasta la estructura, para ayudarte a crear el estilo de tu marca.<\/span><\/p>\n<ul>\n<li><span style=\"color: #000000;\"><strong>Personalizaci\u00f3n del color:<\/strong> Admite cientos de n\u00fameros de colores Pantone para pruebas de color, lo que puede lograr una variedad de efectos visuales, como mate, met\u00e1lico, retro y crin de caballo.<\/span><\/li>\n<li><span style=\"color: #000000;\"><strong>Selecci\u00f3n de espesor:<\/strong> desde 0,6 mm a 2,0 mm, adecuado para m\u00faltiples piezas como partes superiores, leng\u00fcetas, cubiertas traseras, plantillas, etc.<\/span><\/li>\n<li><span style=\"color: #000000;\"><strong>Personalizaci\u00f3n de texturas:<\/strong> Hay una variedad de moldes de patrones, como piel de ciervo, esmerilado, napa, lichi y en relieve, disponibles para satisfacer las necesidades de dise\u00f1o, desde botas de senderismo para exteriores hasta zapatos casuales de moda.<\/span><\/li>\n<li><span style=\"color: #000000;\"><strong>Opciones de respaldo:<\/strong> Admite m\u00e9todos compuestos como microfibra, tejido de punto, tejido TC, tejido cepillado y compuesto de espuma, que pueden mejorar el tacto, el soporte y el rendimiento del moldeado.<\/span><\/li>\n<\/ul>\n<p>&nbsp;<\/p>\n<h4><span style=\"color: #ff6600;\"><strong>REACH\/ROHS\/OEK<span style=\"color: #ff6600;\">Envolvente O-TEX\u00ae<\/span>certificaci\u00f3n ironmental<\/strong><\/span><\/h4>\n<p><span style=\"color: #000000;\">El <a style=\"color: #000000;\" href=\"https:\/\/fjyudeng.com\/es\/producto\/proveedor-mayorista-de-piel-sintetica-para-sofas\/\"><strong>Cuero Sint\u00e9tico PU<\/strong><\/a> Los productos fabricados por Yudeng cumplen estrictamente con los est\u00e1ndares ambientales internacionales y han pasado las siguientes certificaciones autorizadas:<\/span><\/p>\n<ul>\n<li><span style=\"color: #000000;\"><strong>Certificaci\u00f3n T\u00dcV:<\/strong> garantiza que los materiales cumplen con los estrictos requisitos del mercado europeo en cuanto a calidad y seguridad del producto.<\/span><\/li>\n<li><span style=\"color: #000000;\"><strong>Certificaci\u00f3n REACH:<\/strong> Cumple con las regulaciones qu\u00edmicas de la UE y no contiene ninguna sustancia SVHC altamente preocupante.<\/span><\/li>\n<li><span style=\"color: #000000;\"><strong>Certificaci\u00f3n ROHS:<\/strong> El producto no contiene sustancias nocivas como plomo, mercurio, cadmio, etc., y es adecuado para accesorios electr\u00f3nicos de calzado o zapatos funcionales especiales.<\/span><\/li>\n<li><span style=\"color: #000000;\"><strong>Norma OEKO-TEX\u00ae 100:<\/strong> garantiza que el material de cuero sea inofensivo para la piel humana y sea adecuado para el contacto con la piel.<\/span><\/li>\n<\/ul>\n<p><span style=\"color: #000000;\">Estos certificados no solo reconocen nuestra calidad, sino que tambi\u00e9n reflejan nuestro firme compromiso con la protecci\u00f3n del medio ambiente y el desarrollo sostenible. Las f\u00e1bricas de calzado no tienen que preocuparse por el cumplimiento normativo al seleccionar materiales, lo que sienta las bases para la exportaci\u00f3n de sus productos.<\/span><\/p>\n<p style=\"text-align: center;\"><img decoding=\"async\" class=\"alignnone wp-image-2744\" src=\"Certificado de producto Yudeng\" alt=\"Certificado de producto Yudeng\" width=\"962\" height=\"516\" srcset=\"\" sizes=\"(max-width: 962px) 100vw, 962px\" data-srcset=\"\" \/><\/p>\n<h4><strong><span style=\"color: #ff6600;\">Aplicaci\u00f3n de producci\u00f3n<\/span><\/strong><\/h4>\n<p><span style=\"color: #000000;\">El cuero PU de Yudeng se utiliza ampliamente en numerosos productos de calzado. Algunos usos t\u00edpicos son:<\/span><\/p>\n<ul>\n<li><span style=\"color: #000000;\"><strong>Zapatos de senderismo para exteriores\/botas t\u00e1cticas:<\/strong> Resistente a la hidr\u00f3lisis, antideslizante, resistente a los ara\u00f1azos, adecuado para climas extremos y entornos hostiles.<\/span><\/li>\n<li><span style=\"color: #000000;\"><strong>Zapatos de trabajo de seguridad:<\/strong> Alta resistencia y resistencia al desgaste, puede soportar presiones intensas y flexiones a largo plazo.<\/span><\/li>\n<li><span style=\"color: #000000;\"><strong>Calzado deportivo casual:<\/strong> Ligero, transpirable, el\u00e1stico y mejora la comodidad de uso.<\/span><\/li>\n<li><span style=\"color: #000000;\"><strong>Zapatos de moda:<\/strong> Colores ricos y texturas exquisitas, satisfaciendo las necesidades tanto de la moda como del dise\u00f1o.<\/span><\/li>\n<\/ul>\n<p><span style=\"color: #000000;\">A trav\u00e9s de la cooperaci\u00f3n con muchas empresas de calzado nacionales y extranjeras reconocidas, nuestros productos se han utilizado en muchas marcas de calzado internacionales y sistemas OEM, con una buena reputaci\u00f3n.<\/span><\/p>\n<p style=\"text-align: center;\"><img loading=\"lazy\" decoding=\"async\" class=\"alignnone wp-image-2970 size-full\" src=\"https:\/\/fjyudeng.com\/wp-content\/uploads\/2025\/07\/PU-leatther-for-shoe-application.jpg\" alt=\"Cuero PU para aplicaci\u00f3n en calzado\" width=\"1000\" height=\"607\" srcset=\"https:\/\/fjyudeng.com\/wp-content\/uploads\/2025\/07\/PU-leatther-for-shoe-application.jpg 1000w, https:\/\/fjyudeng.com\/wp-content\/uploads\/2025\/07\/PU-leatther-for-shoe-application-300x182.jpg 300w, https:\/\/fjyudeng.com\/wp-content\/uploads\/2025\/07\/PU-leatther-for-shoe-application-768x466.jpg 768w, https:\/\/fjyudeng.com\/wp-content\/uploads\/2025\/07\/PU-leatther-for-shoe-application-18x12.jpg 18w, https:\/\/fjyudeng.com\/wp-content\/uploads\/2025\/07\/PU-leatther-for-shoe-application-600x364.jpg 600w\" sizes=\"(max-width: 1000px) 100vw, 1000px\" \/><\/p>\n<h4><strong><span style=\"color: #ff6600;\">Ventaja de f\u00e1brica<\/span><\/strong><\/h4>\n<p><span style=\"color: #000000;\">Yudeng cuenta con una moderna f\u00e1brica de 100.000 metros cuadrados, equipada con una l\u00ednea de producci\u00f3n de recubrimiento totalmente autom\u00e1tica, un equipo de laminaci\u00f3n con pegamento a base de agua ecol\u00f3gico, un sistema de impresi\u00f3n digital y un centro de pruebas experimental. No solo contamos con una s\u00f3lida capacidad de producci\u00f3n, sino que, lo que es m\u00e1s importante, contamos con:<\/span><\/p>\n<ul>\n<li><span style=\"color: #000000;\"><strong>Equipo de I+D experimentado:<\/strong> Con m\u00e1s de 35 a\u00f1os de experiencia en el desarrollo de cuero sint\u00e9tico PU, familiarizado con los requisitos de rendimiento de varios cueros para calzado.<\/span><\/li>\n<li><span style=\"color: #000000;\"><strong>Respuesta r\u00e1pida a la entrega:<\/strong> La capacidad de producci\u00f3n diaria promedio puede alcanzar los 150.000 metros para garantizar la entrega oportuna de pedidos grandes.<\/span><\/li>\n<li><span style=\"color: #000000;\"><strong>Estricto proceso de inspecci\u00f3n de calidad:<\/strong> Desde la inspecci\u00f3n de la materia prima, el control de calidad de la superficie, la prueba de resistencia al plegado y al amarilleo hasta el env\u00edo final, todos siguen el sistema de gesti\u00f3n de calidad ISO9001.<\/span><\/li>\n<li><span style=\"color: #000000;\"><strong>Capacidad de desarrollo sostenible:<\/strong> Apoyar el uso de materiales respetuosos con el medio ambiente, como PU de origen biol\u00f3gico y tejidos base reciclables, para ayudar a las marcas a cumplir con sus responsabilidades ESG.<\/span><\/li>\n<\/ul>\n<p>&nbsp;<\/p>\n<p><span style=\"color: #000000;\">Ya sea que est\u00e9 creando un calzado funcional profesional o desarrollando una nueva temporada de calzado de moda, el cuero sint\u00e9tico PU de Yudeng le ofrece un soporte s\u00f3lido. Gracias a nuestra certificaci\u00f3n ambiental, nuestras flexibles opciones de personalizaci\u00f3n, nuestra amplia gama de productos y nuestra s\u00f3lida f\u00e1brica, confiamos en convertirnos en su proveedor estable y a largo plazo.<\/span><\/p>\n<p><span style=\"color: #000000;\">No dude en contactarnos para obtener muestras, presupuestos personalizados o asesoramiento t\u00e9cnico. \u00a1Yudeng espera colaborar con usted para crear un nuevo futuro en calzado c\u00f3modo, moderno y ecol\u00f3gico!<\/span><\/p>\n<p style=\"text-align: center;\"><img loading=\"lazy\" decoding=\"async\" class=\"alignnone wp-image-2741\" src=\"https:\/\/fjyudeng.com\/wp-content\/uploads\/2025\/06\/Yudeng-Factory-and-Company.jpg\" alt=\"F\u00e1brica y empresa Yudeng\" width=\"907\" height=\"664\" srcset=\"https:\/\/fjyudeng.com\/wp-content\/uploads\/2025\/06\/Yudeng-Factory-and-Company.jpg 1200w, https:\/\/fjyudeng.com\/wp-content\/uploads\/2025\/06\/Yudeng-Factory-and-Company-600x439.jpg 600w, https:\/\/fjyudeng.com\/wp-content\/uploads\/2025\/06\/Yudeng-Factory-and-Company-300x220.jpg 300w, https:\/\/fjyudeng.com\/wp-content\/uploads\/2025\/06\/Yudeng-Factory-and-Company-1024x749.jpg 1024w, https:\/\/fjyudeng.com\/wp-content\/uploads\/2025\/06\/Yudeng-Factory-and-Company-768x562.jpg 768w, https:\/\/fjyudeng.com\/wp-content\/uploads\/2025\/06\/Yudeng-Factory-and-Company-16x12.jpg 16w\" sizes=\"(max-width: 907px) 100vw, 907px\" \/><\/p>\n<p style=\"text-align: center;\"><img loading=\"lazy\" decoding=\"async\" class=\"alignnone wp-image-2739\" src=\"https:\/\/fjyudeng.com\/wp-content\/uploads\/2025\/06\/Yudeng-Exhibition-and-Partner.jpg\" alt=\"\" width=\"915\" height=\"1194\" \/><\/p>","protected":false},"excerpt":{"rendered":"<ul>\n<li>\n<h5><span style=\"color: #000000;\">Pedido m\u00ednimo: 300 metros<\/span><\/h5>\n<\/li>\n<li>\n<h5><span style=\"color: #000000;\">F\u00e1brica de cuero sint\u00e9tico de 37 a\u00f1os<\/span><\/h5>\n<\/li>\n<li>\n<h5><span style=\"color: #000000;\">\u00c1rea de f\u00e1brica de 50000m\u00b2<\/span><\/h5>\n<\/li>\n<li>\n<h5><span style=\"color: #000000;\">10 l\u00edneas de producci\u00f3n<\/span><\/h5>\n<\/li>\n<li class=\"elementor-heading-title elementor-size-default\">\n<h5><span style=\"color: #000000;\">M\u00e1s de 400 texturas disponibles<\/span><\/h5>\n<\/li>\n<li class=\"elementor-heading-title elementor-size-default\">\n<h5><span style=\"color: #000000;\">Certificado REACH\/ROHS\/OEKO-TEX\u00ae<\/span><\/h5>\n<\/li>\n<\/ul>","protected":false},"featured_media":3001,"template":"","meta":[],"product_brand":[],"product_cat":[31],"product_tag":[],"class_list":{"0":"post-2984","1":"product","2":"type-product","3":"status-publish","4":"has-post-thumbnail","6":"product_cat-shoe-leather","8":"first","9":"instock","10":"shipping-taxable","11":"product-type-simple"},"yoast_head":"<!-- This site is optimized with the Yoast SEO Premium plugin v22.8 (Yoast SEO v22.8) - https:\/\/yoast.com\/wordpress\/plugins\/seo\/ -->\n<title>37 Years Artificial Leather Supplier for Shoes - Yudeng<\/title>\n<meta name=\"description\" content=\"As a wholesale pu leather manufacturer that focuses on high-performance PU synthetic leather, Yudeng is committed to providing customizable, environmentally friendly and wear-resistant material solutions for various shoe brands, factories and designers.\" \/>\n<meta name=\"robots\" content=\"index, follow, max-snippet:-1, max-image-preview:large, max-video-preview:-1\" \/>\n<link rel=\"canonical\" href=\"https:\/\/fjyudeng.com\/es\/producto\/proveedor-de-cuero-artificial-para-zapatos\/\" \/>\n<meta property=\"og:locale\" content=\"es_ES\" \/>\n<meta property=\"og:type\" content=\"article\" \/>\n<meta property=\"og:title\" content=\"Artificial Leather Supplier for Shoes\" \/>\n<meta property=\"og:description\" content=\"As a wholesale pu leather manufacturer that focuses on high-performance PU synthetic leather, Yudeng is committed to providing customizable, environmentally friendly and wear-resistant material solutions for various shoe brands, factories and designers.\" \/>\n<meta property=\"og:url\" content=\"https:\/\/fjyudeng.com\/es\/producto\/proveedor-de-cuero-artificial-para-zapatos\/\" \/>\n<meta property=\"og:site_name\" content=\"fjyudeng.com\" \/>\n<meta property=\"article:modified_time\" content=\"2025-08-06T09:33:06+00:00\" \/>\n<meta property=\"og:image\" content=\"https:\/\/fjyudeng.com\/wp-content\/uploads\/2025\/07\/Artificial-Leather-Supplier-for-Shoes-1.jpg\" \/>\n\t<meta property=\"og:image:width\" content=\"700\" \/>\n\t<meta property=\"og:image:height\" content=\"700\" \/>\n\t<meta property=\"og:image:type\" content=\"image\/jpeg\" \/>\n<meta name=\"twitter:card\" content=\"summary_large_image\" \/>\n<meta name=\"twitter:label1\" content=\"Tiempo de lectura\" \/>\n\t<meta name=\"twitter:data1\" content=\"5 minutos\" \/>\n<script type=\"application\/ld+json\" class=\"yoast-schema-graph\">{\"@context\":\"https:\/\/schema.org\",\"@graph\":[{\"@type\":\"WebPage\",\"@id\":\"https:\/\/fjyudeng.com\/product\/artificial-leather-supplier-for-shoes\/\",\"url\":\"https:\/\/fjyudeng.com\/product\/artificial-leather-supplier-for-shoes\/\",\"name\":\"37 Years Artificial Leather Supplier for Shoes - Yudeng\",\"isPartOf\":{\"@id\":\"https:\/\/fjyudeng.com\/#website\"},\"primaryImageOfPage\":{\"@id\":\"https:\/\/fjyudeng.com\/product\/artificial-leather-supplier-for-shoes\/#primaryimage\"},\"image\":{\"@id\":\"https:\/\/fjyudeng.com\/product\/artificial-leather-supplier-for-shoes\/#primaryimage\"},\"thumbnailUrl\":\"https:\/\/fjyudeng.com\/wp-content\/uploads\/2025\/07\/Artificial-Leather-Supplier-for-Shoes-1.jpg\",\"datePublished\":\"2025-07-07T06:50:51+00:00\",\"dateModified\":\"2025-08-06T09:33:06+00:00\",\"description\":\"As a wholesale pu leather manufacturer that focuses on high-performance PU synthetic leather, Yudeng is committed to providing customizable, environmentally friendly and wear-resistant material solutions for various shoe brands, factories and designers.\",\"breadcrumb\":{\"@id\":\"https:\/\/fjyudeng.com\/product\/artificial-leather-supplier-for-shoes\/#breadcrumb\"},\"inLanguage\":\"es-AR\",\"potentialAction\":[{\"@type\":\"ReadAction\",\"target\":[\"https:\/\/fjyudeng.com\/product\/artificial-leather-supplier-for-shoes\/\"]}]},{\"@type\":\"ImageObject\",\"inLanguage\":\"es-AR\",\"@id\":\"https:\/\/fjyudeng.com\/product\/artificial-leather-supplier-for-shoes\/#primaryimage\",\"url\":\"https:\/\/fjyudeng.com\/wp-content\/uploads\/2025\/07\/Artificial-Leather-Supplier-for-Shoes-1.jpg\",\"contentUrl\":\"https:\/\/fjyudeng.com\/wp-content\/uploads\/2025\/07\/Artificial-Leather-Supplier-for-Shoes-1.jpg\",\"width\":700,\"height\":700,\"caption\":\"Artificial Leather Supplier for Shoes\"},{\"@type\":\"BreadcrumbList\",\"@id\":\"https:\/\/fjyudeng.com\/product\/artificial-leather-supplier-for-shoes\/#breadcrumb\",\"itemListElement\":[{\"@type\":\"ListItem\",\"position\":1,\"name\":\"Home\",\"item\":\"https:\/\/fjyudeng.com\/\"},{\"@type\":\"ListItem\",\"position\":2,\"name\":\"Products\",\"item\":\"https:\/\/fjyudeng.com\/products\/\"},{\"@type\":\"ListItem\",\"position\":3,\"name\":\"Artificial Leather Supplier for Shoes\"}]},{\"@type\":\"WebSite\",\"@id\":\"https:\/\/fjyudeng.com\/#website\",\"url\":\"https:\/\/fjyudeng.com\/\",\"name\":\"fjyudeng.com\",\"description\":\"\",\"publisher\":{\"@id\":\"https:\/\/fjyudeng.com\/#\/schema\/person\/7e41764f047e7552c6ad5bdf5f6d78c7\"},\"potentialAction\":[{\"@type\":\"SearchAction\",\"target\":{\"@type\":\"EntryPoint\",\"urlTemplate\":\"https:\/\/fjyudeng.com\/?s={search_term_string}\"},\"query-input\":\"required name=search_term_string\"}],\"inLanguage\":\"es-AR\"},{\"@type\":[\"Person\",\"Organization\"],\"@id\":\"https:\/\/fjyudeng.com\/#\/schema\/person\/7e41764f047e7552c6ad5bdf5f6d78c7\",\"name\":\"yshine03@gmail.com\",\"image\":{\"@type\":\"ImageObject\",\"inLanguage\":\"es-AR\",\"@id\":\"https:\/\/fjyudeng.com\/#\/schema\/person\/image\/\",\"url\":\"https:\/\/fjyudeng.com\/wp-content\/uploads\/2025\/04\/yudeng-pu-leather-factory-manufacturer.png\",\"contentUrl\":\"https:\/\/fjyudeng.com\/wp-content\/uploads\/2025\/04\/yudeng-pu-leather-factory-manufacturer.png\",\"width\":588,\"height\":590,\"caption\":\"yshine03@gmail.com\"},\"logo\":{\"@id\":\"https:\/\/fjyudeng.com\/#\/schema\/person\/image\/\"},\"sameAs\":[\"https:\/\/fjyudeng.com\"]}]}<\/script>\n<!-- \/ Yoast SEO Premium plugin. -->","yoast_head_json":{"title":"37 Years Artificial Leather Supplier for Shoes - Yudeng","description":"As a wholesale pu leather manufacturer that focuses on high-performance PU synthetic leather, Yudeng is committed to providing customizable, environmentally friendly and wear-resistant material solutions for various shoe brands, factories and designers.","robots":{"index":"index","follow":"follow","max-snippet":"max-snippet:-1","max-image-preview":"max-image-preview:large","max-video-preview":"max-video-preview:-1"},"canonical":"https:\/\/fjyudeng.com\/es\/producto\/proveedor-de-cuero-artificial-para-zapatos\/","og_locale":"es_ES","og_type":"article","og_title":"Artificial Leather Supplier for Shoes","og_description":"As a wholesale pu leather manufacturer that focuses on high-performance PU synthetic leather, Yudeng is committed to providing customizable, environmentally friendly and wear-resistant material solutions for various shoe brands, factories and designers.","og_url":"https:\/\/fjyudeng.com\/es\/producto\/proveedor-de-cuero-artificial-para-zapatos\/","og_site_name":"fjyudeng.com","article_modified_time":"2025-08-06T09:33:06+00:00","og_image":[{"width":700,"height":700,"url":"https:\/\/fjyudeng.com\/wp-content\/uploads\/2025\/07\/Artificial-Leather-Supplier-for-Shoes-1.jpg","type":"image\/jpeg"}],"twitter_card":"summary_large_image","twitter_misc":{"Tiempo de lectura":"5 minutos"},"schema":{"@context":"https:\/\/schema.org","@graph":[{"@type":"WebPage","@id":"https:\/\/fjyudeng.com\/product\/artificial-leather-supplier-for-shoes\/","url":"https:\/\/fjyudeng.com\/product\/artificial-leather-supplier-for-shoes\/","name":"37 Years Artificial Leather Supplier for Shoes - Yudeng","isPartOf":{"@id":"https:\/\/fjyudeng.com\/#website"},"primaryImageOfPage":{"@id":"https:\/\/fjyudeng.com\/product\/artificial-leather-supplier-for-shoes\/#primaryimage"},"image":{"@id":"https:\/\/fjyudeng.com\/product\/artificial-leather-supplier-for-shoes\/#primaryimage"},"thumbnailUrl":"https:\/\/fjyudeng.com\/wp-content\/uploads\/2025\/07\/Artificial-Leather-Supplier-for-Shoes-1.jpg","datePublished":"2025-07-07T06:50:51+00:00","dateModified":"2025-08-06T09:33:06+00:00","description":"As a wholesale pu leather manufacturer that focuses on high-performance PU synthetic leather, Yudeng is committed to providing customizable, environmentally friendly and wear-resistant material solutions for various shoe brands, factories and designers.","breadcrumb":{"@id":"https:\/\/fjyudeng.com\/product\/artificial-leather-supplier-for-shoes\/#breadcrumb"},"inLanguage":"es-AR","potentialAction":[{"@type":"ReadAction","target":["https:\/\/fjyudeng.com\/product\/artificial-leather-supplier-for-shoes\/"]}]},{"@type":"ImageObject","inLanguage":"es-AR","@id":"https:\/\/fjyudeng.com\/product\/artificial-leather-supplier-for-shoes\/#primaryimage","url":"https:\/\/fjyudeng.com\/wp-content\/uploads\/2025\/07\/Artificial-Leather-Supplier-for-Shoes-1.jpg","contentUrl":"https:\/\/fjyudeng.com\/wp-content\/uploads\/2025\/07\/Artificial-Leather-Supplier-for-Shoes-1.jpg","width":700,"height":700,"caption":"Artificial Leather Supplier for Shoes"},{"@type":"BreadcrumbList","@id":"https:\/\/fjyudeng.com\/product\/artificial-leather-supplier-for-shoes\/#breadcrumb","itemListElement":[{"@type":"ListItem","position":1,"name":"Home","item":"https:\/\/fjyudeng.com\/"},{"@type":"ListItem","position":2,"name":"Products","item":"https:\/\/fjyudeng.com\/products\/"},{"@type":"ListItem","position":3,"name":"Artificial Leather Supplier for Shoes"}]},{"@type":"WebSite","@id":"https:\/\/fjyudeng.com\/#website","url":"https:\/\/fjyudeng.com\/","name":"fjyudeng.com","description":"","publisher":{"@id":"https:\/\/fjyudeng.com\/#\/schema\/person\/7e41764f047e7552c6ad5bdf5f6d78c7"},"potentialAction":[{"@type":"SearchAction","target":{"@type":"EntryPoint","urlTemplate":"https:\/\/fjyudeng.com\/?s={search_term_string}"},"query-input":"required name=search_term_string"}],"inLanguage":"es-AR"},{"@type":["Person","Organization"],"@id":"https:\/\/fjyudeng.com\/#\/schema\/person\/7e41764f047e7552c6ad5bdf5f6d78c7","name":"yshine03@gmail.com","image":{"@type":"ImageObject","inLanguage":"es-AR","@id":"https:\/\/fjyudeng.com\/#\/schema\/person\/image\/","url":"https:\/\/fjyudeng.com\/wp-content\/uploads\/2025\/04\/yudeng-pu-leather-factory-manufacturer.png","contentUrl":"https:\/\/fjyudeng.com\/wp-content\/uploads\/2025\/04\/yudeng-pu-leather-factory-manufacturer.png","width":588,"height":590,"caption":"yshine03@gmail.com"},"logo":{"@id":"https:\/\/fjyudeng.com\/#\/schema\/person\/image\/"},"sameAs":["https:\/\/fjyudeng.com"]}]}},"_links":{"self":[{"href":"https:\/\/fjyudeng.com\/es\/wp-json\/wp\/v2\/product\/2984","targetHints":{"allow":["GET"]}}],"collection":[{"href":"https:\/\/fjyudeng.com\/es\/wp-json\/wp\/v2\/product"}],"about":[{"href":"https:\/\/fjyudeng.com\/es\/wp-json\/wp\/v2\/types\/product"}],"wp:featuredmedia":[{"embeddable":true,"href":"https:\/\/fjyudeng.com\/es\/wp-json\/wp\/v2\/media\/3001"}],"wp:attachment":[{"href":"https:\/\/fjyudeng.com\/es\/wp-json\/wp\/v2\/media?parent=2984"}],"wp:term":[{"taxonomy":"product_brand","embeddable":true,"href":"https:\/\/fjyudeng.com\/es\/wp-json\/wp\/v2\/product_brand?post=2984"},{"taxonomy":"product_cat","embeddable":true,"href":"https:\/\/fjyudeng.com\/es\/wp-json\/wp\/v2\/product_cat?post=2984"},{"taxonomy":"product_tag","embeddable":true,"href":"https:\/\/fjyudeng.com\/es\/wp-json\/wp\/v2\/product_tag?post=2984"}],"curies":[{"name":"wp","href":"https:\/\/api.w.org\/{rel}","templated":true}]}}