{"id":2995,"date":"2025-07-08T16:42:11","date_gmt":"2025-07-08T08:42:11","guid":{"rendered":"https:\/\/fjyudeng.com\/?post_type=product&#038;p=2995"},"modified":"2025-08-06T17:31:08","modified_gmt":"2025-08-06T09:31:08","slug":"fabricante-de-joyeros-de-piel-sintetica","status":"publish","type":"product","link":"https:\/\/fjyudeng.com\/es\/producto\/fabricante-de-joyeros-de-piel-sintetica\/","title":{"rendered":"Caja de joyer\u00eda de alta calidad de imitaci\u00f3n de cuero Fabricantes"},"content":{"rendered":"<p><span style=\"color: #000000;\">En el mercado actual de envases que busca la protecci\u00f3n del medio ambiente, la belleza y la personalizaci\u00f3n, <a style=\"color: #000000;\" href=\"https:\/\/fjyudeng.com\/es\/producto\/cuero-sintetico-al-por-mayor-para-fabricantes-de-calzado\/\"><strong>Cuero Sint\u00e9tico PU<\/strong><\/a> se ha convertido en uno de los materiales preferidos para las cajas de embalaje de joyas. Como l\u00edder de China <strong><a style=\"color: #000000;\" href=\"https:\/\/fjyudeng.com\/es\/producto\/proveedor-de-cuero-artificial-para-zapatos\/\">fabricantes de piel sint\u00e9tica<\/a><\/strong>Yudeng ofrece soluciones de cuero PU estables, respetuosas con el medio ambiente y personalizadas para marcas de joyer\u00eda, fabricantes de cajas de embalaje y empresas de dise\u00f1o con una amplia experiencia en fabricaci\u00f3n y m\u00faltiples certificaciones internacionales.<\/span><\/p>\n<p style=\"text-align: center;\">\u00a0<img fetchpriority=\"high\" decoding=\"async\" class=\"wp-image-3000 size-full aligncenter\" src=\"https:\/\/fjyudeng.com\/wp-content\/uploads\/2025\/07\/Yudeng-Textile-pu-leather-for-jewelry-box.jpg\" alt=\"Cuero sint\u00e9tico textil Yudeng para joyero\" width=\"1200\" height=\"679\" srcset=\"https:\/\/fjyudeng.com\/wp-content\/uploads\/2025\/07\/Yudeng-Textile-pu-leather-for-jewelry-box.jpg 1200w, https:\/\/fjyudeng.com\/wp-content\/uploads\/2025\/07\/Yudeng-Textile-pu-leather-for-jewelry-box-300x170.jpg 300w, https:\/\/fjyudeng.com\/wp-content\/uploads\/2025\/07\/Yudeng-Textile-pu-leather-for-jewelry-box-1024x579.jpg 1024w, https:\/\/fjyudeng.com\/wp-content\/uploads\/2025\/07\/Yudeng-Textile-pu-leather-for-jewelry-box-768x435.jpg 768w, https:\/\/fjyudeng.com\/wp-content\/uploads\/2025\/07\/Yudeng-Textile-pu-leather-for-jewelry-box-18x10.jpg 18w, https:\/\/fjyudeng.com\/wp-content\/uploads\/2025\/07\/Yudeng-Textile-pu-leather-for-jewelry-box-600x340.jpg 600w\" sizes=\"(max-width: 1200px) 100vw, 1200px\" \/><img decoding=\"async\" class=\"wp-image-2999 size-full aligncenter\" src=\"https:\/\/fjyudeng.com\/wp-content\/uploads\/2025\/07\/Yudeng-pu-leather-for-jewelry-box-Product-description.jpg\" alt=\"Descripci\u00f3n de la caja de joyer\u00eda de cuero sint\u00e9tico de Yudeng Textile\" width=\"1200\" height=\"1377\" srcset=\"https:\/\/fjyudeng.com\/wp-content\/uploads\/2025\/07\/Yudeng-pu-leather-for-jewelry-box-Product-description.jpg 1200w, https:\/\/fjyudeng.com\/wp-content\/uploads\/2025\/07\/Yudeng-pu-leather-for-jewelry-box-Product-description-261x300.jpg 261w, https:\/\/fjyudeng.com\/wp-content\/uploads\/2025\/07\/Yudeng-pu-leather-for-jewelry-box-Product-description-892x1024.jpg 892w, https:\/\/fjyudeng.com\/wp-content\/uploads\/2025\/07\/Yudeng-pu-leather-for-jewelry-box-Product-description-768x881.jpg 768w, https:\/\/fjyudeng.com\/wp-content\/uploads\/2025\/07\/Yudeng-pu-leather-for-jewelry-box-Product-description-10x12.jpg 10w, https:\/\/fjyudeng.com\/wp-content\/uploads\/2025\/07\/Yudeng-pu-leather-for-jewelry-box-Product-description-600x689.jpg 600w\" sizes=\"(max-width: 1200px) 100vw, 1200px\" \/><\/p>\n<h4><span style=\"color: #ff6600;\">Servicio personalizado para crear texturas exclusivas de marca.<\/span><\/h4>\n<p><span style=\"color: #000000;\">Yudeng ofrece servicios de personalizaci\u00f3n OEM\/ODM altamente flexibles para satisfacer sus diversas necesidades de dise\u00f1o de empaque. Desde el color hasta el grosor, desde la textura hasta el soporte, nuestras opciones de personalizaci\u00f3n son muy amplias:<\/span><\/p>\n<ul>\n<li><span style=\"color: #000000;\"><strong>Personalizaci\u00f3n del color:<\/strong> Hay m\u00e1s de 300 colores existentes disponibles y los colores exclusivos de la marca se pueden personalizar seg\u00fan los n\u00fameros de color Pantone;<\/span><\/li>\n<li><span style=\"color: #000000;\"><strong>Selecci\u00f3n de espesor:<\/strong> El rango de espesor convencional es de 0,5 mm a 2,0 mm, adecuado para diferentes tipos de estructuras de cajas de embalaje;<\/span><\/li>\n<li><span style=\"color: #000000;\"><strong>Dise\u00f1o de textura:<\/strong> Admite m\u00e1s de diez texturas cl\u00e1sicas como textura de lichi, textura de cocodrilo, luz de espejo, superficie esmerilada, textura perlada, etc.<\/span><\/li>\n<li><span style=\"color: #000000;\"><strong>Material de soporte:<\/strong> Tejido de punto opcional, tejido no tejido, tejido cepillado, base de papel, etc., para satisfacer las necesidades duales de tacto y resistencia estructural.<\/span><\/li>\n<\/ul>\n<p><span style=\"color: #000000;\">Ya sea que se trate de joyas de alta gama, marcas de lujo ligeras o series de dise\u00f1adores independientes, podemos adaptar una soluci\u00f3n de cuero PU para usted que combine apariencia y sensaci\u00f3n en funci\u00f3n del posicionamiento de la caja de embalaje y la experiencia del usuario.<\/span><\/p>\n<p>&nbsp;<\/p>\n<h4><span style=\"color: #ff6600;\"><strong>REACH\/ROHS\/OEK<span style=\"color: #ff6600;\">Envolvente O-TEX\u00ae<\/span>certificaci\u00f3n ironmental<\/strong><\/span><\/h4>\n<p><span style=\"color: #000000;\">Somos conscientes de que, como producto de alta gama, el embalaje de joyer\u00eda no solo debe reflejar calidad, sino tambi\u00e9n cumplir con los est\u00e1ndares de protecci\u00f3n ambiental y seguridad. El cuero sint\u00e9tico PU producido por Yudeng cuenta con numerosas certificaciones ambientales internacionales de prestigio, entre ellas:<\/span><\/p>\n<ul>\n<li><span style=\"color: #000000;\"><strong>Certificaci\u00f3n T\u00dcV:<\/strong> pruebas estrictas para garantizar que las propiedades f\u00edsicas y la vida \u00fatil del producto cumplen con los est\u00e1ndares europeos;<\/span><\/li>\n<li><span style=\"color: #000000;\"><strong>Certificaci\u00f3n REACH:<\/strong> en cumplimiento con las normas de registro, evaluaci\u00f3n, licencias y restricciones qu\u00edmicas de la UE, seguro y no t\u00f3xico;<\/span><\/li>\n<li><span style=\"color: #000000;\"><strong>Certificaci\u00f3n ROHS:<\/strong> no contiene sustancias nocivas como plomo, mercurio, cadmio, etc., y cumple con los requisitos de protecci\u00f3n ambiental de grado electr\u00f3nico;<\/span><\/li>\n<li><span style=\"color: #000000;\"><strong>Norma OEKO-TEX\u00ae 100:<\/strong> Pas\u00f3 la prueba de etiqueta ecol\u00f3gica textil l\u00edder en el mundo para garantizar que no irrita la piel y es inofensivo para el cuerpo humano.<\/span><\/li>\n<\/ul>\n<p><span style=\"color: #000000;\">Ya sea que sus cajas de joyer\u00eda se exporten a Europa, Am\u00e9rica del Norte o Asia, nuestro cuero PU cumple con las regulaciones ambientales pertinentes, lo que le ayuda a pasar f\u00e1cilmente las inspecciones y auditor\u00edas de calidad en varios pa\u00edses.<\/span><\/p>\n<p style=\"text-align: center;\"><img decoding=\"async\" class=\"aligncenter wp-image-2744 size-full\" src=\"Certificado de producto Yudeng\" alt=\"Certificado de producto Yudeng\" width=\"1200\" height=\"644\" srcset=\"\" sizes=\"(max-width: 1200px) 100vw, 1200px\" data-srcset=\"\" \/><\/p>\n<h4><strong><span style=\"color: #ff6600;\">Aplicaci\u00f3n de producci\u00f3n<\/span><\/strong><\/h4>\n<p><span style=\"color: #000000;\">El uso del cuero sint\u00e9tico de PU en el embalaje de joyer\u00eda va mucho m\u00e1s all\u00e1 de la simple decoraci\u00f3n de superficies. No solo mejora la textura general del embalaje, sino que tambi\u00e9n mejora la experiencia de desempaquetado del consumidor.<\/span><\/p>\n<ul>\n<li><span style=\"color: #000000;\"><strong>Concha de joyero:<\/strong> Textura delicada, color saturado, tacto suave y sensaci\u00f3n de alta gama;<\/span><\/li>\n<li><span style=\"color: #000000;\"><strong>Estructura de soporte del revestimiento:<\/strong> Combine esponja, EVA y otros materiales para mejorar la protecci\u00f3n del producto;<\/span><\/li>\n<li><span style=\"color: #000000;\"><strong>Asa y hebilla de cintur\u00f3n de caja de embalaje port\u00e1til:<\/strong> Flexible y duradero, no se rompe al doblarse y tiene una mayor durabilidad;<\/span><\/li>\n<li><span style=\"color: #000000;\"><strong>\u00c1rea de estampado en caliente\/relieve de LOGOTIPO personalizado:<\/strong> La superficie del cuero es adecuada para diversos procesos de marca para mejorar el reconocimiento visual.<\/span><\/li>\n<\/ul>\n<p><span style=\"color: #000000;\">Con la estabilidad y las excelentes propiedades f\u00edsicas del cuero PU, a\u00fan puede mantener un excelente rendimiento de apariencia en diferentes climas y condiciones de uso, y es un material ideal para empaque de regalo para mantener la belleza durante mucho tiempo.<\/span><\/p>\n<p style=\"text-align: center;\"><img loading=\"lazy\" decoding=\"async\" class=\"alignnone wp-image-2998 size-full\" src=\"https:\/\/fjyudeng.com\/wp-content\/uploads\/2025\/07\/pu-leather-application-for-jewelry-box.jpg\" alt=\"Aplicaci\u00f3n de cuero sint\u00e9tico para joyero\" width=\"1200\" height=\"688\" srcset=\"https:\/\/fjyudeng.com\/wp-content\/uploads\/2025\/07\/pu-leather-application-for-jewelry-box.jpg 1200w, https:\/\/fjyudeng.com\/wp-content\/uploads\/2025\/07\/pu-leather-application-for-jewelry-box-300x172.jpg 300w, https:\/\/fjyudeng.com\/wp-content\/uploads\/2025\/07\/pu-leather-application-for-jewelry-box-1024x587.jpg 1024w, https:\/\/fjyudeng.com\/wp-content\/uploads\/2025\/07\/pu-leather-application-for-jewelry-box-768x440.jpg 768w, https:\/\/fjyudeng.com\/wp-content\/uploads\/2025\/07\/pu-leather-application-for-jewelry-box-18x10.jpg 18w, https:\/\/fjyudeng.com\/wp-content\/uploads\/2025\/07\/pu-leather-application-for-jewelry-box-600x344.jpg 600w\" sizes=\"(max-width: 1200px) 100vw, 1200px\" \/><\/p>\n<h4><strong><span style=\"color: #ff6600;\">Ventaja de f\u00e1brica<\/span><\/strong><\/h4>\n<p><span style=\"color: #000000;\">Yudeng <a href=\"https:\/\/fjyudeng.com\/es\/producto\/fabrica-de-rollos-de-cuero-sintetico-para-bolsos-al-por-mayor\/\"><strong>proveedor de cuero sint\u00e9tico<\/strong><\/a> Nos hemos dedicado a la fabricaci\u00f3n de cuero sint\u00e9tico de PU durante m\u00e1s de 35 a\u00f1os, con m\u00faltiples l\u00edneas de producci\u00f3n automatizadas importadas y m\u00e1s de 10.000 metros cuadrados de talleres de producci\u00f3n estandarizados. Prestamos atenci\u00f3n a cada detalle de fabricaci\u00f3n:<\/span><\/p>\n<ul>\n<li><span style=\"color: #000000;\">Control de calidad desde el cribado de materias primas, utilizando materias primas de poliuretano respetuosas con el medio ambiente.<\/span><\/li>\n<li><span style=\"color: #000000;\">Utilizando tecnolog\u00eda italiana de estampado sincr\u00f3nico para garantizar que cada pieza de cuero PU tenga una textura uniforme y una visi\u00f3n tridimensional.<\/span><\/li>\n<li><span style=\"color: #000000;\">Nuestro propio laboratorio realiza pruebas f\u00edsicas y ambientales para garantizar que el producto cumple con los est\u00e1ndares.<\/span><\/li>\n<li><span style=\"color: #000000;\">La capacidad de producci\u00f3n anual supera los 6 millones de metros, suministro estable y entrega r\u00e1pida de pedidos grandes.<\/span><\/li>\n<\/ul>\n<p><span style=\"color: #000000;\">Nuestros clientes est\u00e1n distribuidos en m\u00e1s de 30 pa\u00edses y regiones, incluidos Europa, Am\u00e9rica, Medio Oriente, Jap\u00f3n y Corea del Sur, y tienen m\u00e1s de 100 marcas cooperativas a largo plazo, incluidas marcas de joyer\u00eda, empresas de empaquetado de lujo, f\u00e1bricas de cajas de regalo, etc., y han recibido elogios un\u00e1nimes.<\/span><\/p>\n<p><span style=\"color: #000000;\">Si busca un material de cuero PU ecol\u00f3gico, seguro y personalizable para el embalaje de sus joyas, no dude en contactarnos para solicitar muestras y presupuestos. \u00a1Trabajemos juntos para que cada pieza de joyer\u00eda tenga el embalaje que se merece!<\/span><\/p>\n<p style=\"text-align: center;\"><img loading=\"lazy\" decoding=\"async\" class=\"aligncenter wp-image-2741 size-full\" src=\"https:\/\/fjyudeng.com\/wp-content\/uploads\/2025\/06\/Yudeng-Factory-and-Company.jpg\" alt=\"F\u00e1brica y empresa Yudeng\" width=\"1200\" height=\"878\" srcset=\"https:\/\/fjyudeng.com\/wp-content\/uploads\/2025\/06\/Yudeng-Factory-and-Company.jpg 1200w, https:\/\/fjyudeng.com\/wp-content\/uploads\/2025\/06\/Yudeng-Factory-and-Company-600x439.jpg 600w, https:\/\/fjyudeng.com\/wp-content\/uploads\/2025\/06\/Yudeng-Factory-and-Company-300x220.jpg 300w, https:\/\/fjyudeng.com\/wp-content\/uploads\/2025\/06\/Yudeng-Factory-and-Company-1024x749.jpg 1024w, https:\/\/fjyudeng.com\/wp-content\/uploads\/2025\/06\/Yudeng-Factory-and-Company-768x562.jpg 768w, https:\/\/fjyudeng.com\/wp-content\/uploads\/2025\/06\/Yudeng-Factory-and-Company-16x12.jpg 16w\" sizes=\"(max-width: 1200px) 100vw, 1200px\" \/><\/p>\n<p style=\"text-align: center;\"><img loading=\"lazy\" decoding=\"async\" class=\"aligncenter wp-image-2739 size-full\" src=\"https:\/\/fjyudeng.com\/wp-content\/uploads\/2025\/06\/Yudeng-Exhibition-and-Partner.jpg\" alt=\"\" width=\"1200\" height=\"1566\" \/><\/p>","protected":false},"excerpt":{"rendered":"<ul>\n<li>\n<h5><span style=\"color: #000000;\">Pedido m\u00ednimo: 300 metros<\/span><\/h5>\n<\/li>\n<li>\n<h5><span style=\"color: #000000;\">F\u00e1brica de cuero sint\u00e9tico de 37 a\u00f1os<\/span><\/h5>\n<\/li>\n<li>\n<h5><span style=\"color: #000000;\">\u00c1rea de f\u00e1brica de 50000m\u00b2<\/span><\/h5>\n<\/li>\n<li>\n<h5><span style=\"color: #000000;\">10 l\u00edneas de producci\u00f3n<\/span><\/h5>\n<\/li>\n<li class=\"elementor-heading-title elementor-size-default\">\n<h5><span style=\"color: #000000;\">M\u00e1s de 400 texturas disponibles<\/span><\/h5>\n<\/li>\n<li class=\"elementor-heading-title elementor-size-default\">\n<h5><span style=\"color: #000000;\">Certificado REACH\/ROHS\/OEKO-TEX\u00ae<\/span><\/h5>\n<\/li>\n<\/ul>","protected":false},"featured_media":2997,"template":"","meta":[],"product_brand":[],"product_cat":[32],"product_tag":[],"class_list":{"0":"post-2995","1":"product","2":"type-product","3":"status-publish","4":"has-post-thumbnail","6":"product_cat-jewelry-box-leather","8":"first","9":"instock","10":"shipping-taxable","11":"product-type-simple"},"yoast_head":"<!-- This site is optimized with the Yoast SEO Premium plugin v22.8 (Yoast SEO v22.8) - https:\/\/yoast.com\/wordpress\/plugins\/seo\/ -->\n<title>High Quality Jewelry Box Faux Leather Manufacturers - Yudeng<\/title>\n<meta name=\"description\" content=\"As a leading faux leather manufacturers, Yudeng has rich manufacturing experience and environmental certification, providing stable, environmentally friendly and customized PU leather solutions for jewelry brands and packaging box manufacturers.\" \/>\n<meta name=\"robots\" content=\"index, follow, max-snippet:-1, max-image-preview:large, max-video-preview:-1\" \/>\n<link rel=\"canonical\" href=\"https:\/\/fjyudeng.com\/es\/producto\/fabricante-de-joyeros-de-piel-sintetica\/\" \/>\n<meta property=\"og:locale\" content=\"es_ES\" \/>\n<meta property=\"og:type\" content=\"article\" \/>\n<meta property=\"og:title\" content=\"High Quality Jewelry Box Faux Leather Manufacturers\" \/>\n<meta property=\"og:description\" content=\"As a leading faux leather manufacturers, Yudeng has rich manufacturing experience and environmental certification, providing stable, environmentally friendly and customized PU leather solutions for jewelry brands and packaging box manufacturers.\" \/>\n<meta property=\"og:url\" content=\"https:\/\/fjyudeng.com\/es\/producto\/fabricante-de-joyeros-de-piel-sintetica\/\" \/>\n<meta property=\"og:site_name\" content=\"fjyudeng.com\" \/>\n<meta property=\"article:modified_time\" content=\"2025-08-06T09:31:08+00:00\" \/>\n<meta property=\"og:image\" content=\"https:\/\/fjyudeng.com\/wp-content\/uploads\/2025\/07\/pu-leather-for-jewelry.jpg\" \/>\n\t<meta property=\"og:image:width\" content=\"750\" \/>\n\t<meta property=\"og:image:height\" content=\"750\" \/>\n\t<meta property=\"og:image:type\" content=\"image\/jpeg\" \/>\n<meta name=\"twitter:card\" content=\"summary_large_image\" \/>\n<meta name=\"twitter:label1\" content=\"Tiempo de lectura\" \/>\n\t<meta name=\"twitter:data1\" content=\"5 minutos\" \/>\n<script type=\"application\/ld+json\" class=\"yoast-schema-graph\">{\"@context\":\"https:\/\/schema.org\",\"@graph\":[{\"@type\":\"WebPage\",\"@id\":\"https:\/\/fjyudeng.com\/product\/jewelry-box-faux-leather-manufacturer\/\",\"url\":\"https:\/\/fjyudeng.com\/product\/jewelry-box-faux-leather-manufacturer\/\",\"name\":\"High Quality Jewelry Box Faux Leather Manufacturers - Yudeng\",\"isPartOf\":{\"@id\":\"https:\/\/fjyudeng.com\/#website\"},\"primaryImageOfPage\":{\"@id\":\"https:\/\/fjyudeng.com\/product\/jewelry-box-faux-leather-manufacturer\/#primaryimage\"},\"image\":{\"@id\":\"https:\/\/fjyudeng.com\/product\/jewelry-box-faux-leather-manufacturer\/#primaryimage\"},\"thumbnailUrl\":\"https:\/\/fjyudeng.com\/wp-content\/uploads\/2025\/07\/pu-leather-for-jewelry.jpg\",\"datePublished\":\"2025-07-08T08:42:11+00:00\",\"dateModified\":\"2025-08-06T09:31:08+00:00\",\"description\":\"As a leading faux leather manufacturers, Yudeng has rich manufacturing experience and environmental certification, providing stable, environmentally friendly and customized PU leather solutions for jewelry brands and packaging box manufacturers.\",\"breadcrumb\":{\"@id\":\"https:\/\/fjyudeng.com\/product\/jewelry-box-faux-leather-manufacturer\/#breadcrumb\"},\"inLanguage\":\"es-AR\",\"potentialAction\":[{\"@type\":\"ReadAction\",\"target\":[\"https:\/\/fjyudeng.com\/product\/jewelry-box-faux-leather-manufacturer\/\"]}]},{\"@type\":\"ImageObject\",\"inLanguage\":\"es-AR\",\"@id\":\"https:\/\/fjyudeng.com\/product\/jewelry-box-faux-leather-manufacturer\/#primaryimage\",\"url\":\"https:\/\/fjyudeng.com\/wp-content\/uploads\/2025\/07\/pu-leather-for-jewelry.jpg\",\"contentUrl\":\"https:\/\/fjyudeng.com\/wp-content\/uploads\/2025\/07\/pu-leather-for-jewelry.jpg\",\"width\":750,\"height\":750,\"caption\":\"pu leather for jewelry\"},{\"@type\":\"BreadcrumbList\",\"@id\":\"https:\/\/fjyudeng.com\/product\/jewelry-box-faux-leather-manufacturer\/#breadcrumb\",\"itemListElement\":[{\"@type\":\"ListItem\",\"position\":1,\"name\":\"Home\",\"item\":\"https:\/\/fjyudeng.com\/\"},{\"@type\":\"ListItem\",\"position\":2,\"name\":\"Products\",\"item\":\"https:\/\/fjyudeng.com\/products\/\"},{\"@type\":\"ListItem\",\"position\":3,\"name\":\"High Quality Jewelry Box Faux Leather Manufacturers\"}]},{\"@type\":\"WebSite\",\"@id\":\"https:\/\/fjyudeng.com\/#website\",\"url\":\"https:\/\/fjyudeng.com\/\",\"name\":\"fjyudeng.com\",\"description\":\"\",\"publisher\":{\"@id\":\"https:\/\/fjyudeng.com\/#\/schema\/person\/7e41764f047e7552c6ad5bdf5f6d78c7\"},\"potentialAction\":[{\"@type\":\"SearchAction\",\"target\":{\"@type\":\"EntryPoint\",\"urlTemplate\":\"https:\/\/fjyudeng.com\/?s={search_term_string}\"},\"query-input\":\"required name=search_term_string\"}],\"inLanguage\":\"es-AR\"},{\"@type\":[\"Person\",\"Organization\"],\"@id\":\"https:\/\/fjyudeng.com\/#\/schema\/person\/7e41764f047e7552c6ad5bdf5f6d78c7\",\"name\":\"yshine03@gmail.com\",\"image\":{\"@type\":\"ImageObject\",\"inLanguage\":\"es-AR\",\"@id\":\"https:\/\/fjyudeng.com\/#\/schema\/person\/image\/\",\"url\":\"https:\/\/fjyudeng.com\/wp-content\/uploads\/2025\/04\/yudeng-pu-leather-factory-manufacturer.png\",\"contentUrl\":\"https:\/\/fjyudeng.com\/wp-content\/uploads\/2025\/04\/yudeng-pu-leather-factory-manufacturer.png\",\"width\":588,\"height\":590,\"caption\":\"yshine03@gmail.com\"},\"logo\":{\"@id\":\"https:\/\/fjyudeng.com\/#\/schema\/person\/image\/\"},\"sameAs\":[\"https:\/\/fjyudeng.com\"]}]}<\/script>\n<!-- \/ Yoast SEO Premium plugin. -->","yoast_head_json":{"title":"High Quality Jewelry Box Faux Leather Manufacturers - Yudeng","description":"As a leading faux leather manufacturers, Yudeng has rich manufacturing experience and environmental certification, providing stable, environmentally friendly and customized PU leather solutions for jewelry brands and packaging box manufacturers.","robots":{"index":"index","follow":"follow","max-snippet":"max-snippet:-1","max-image-preview":"max-image-preview:large","max-video-preview":"max-video-preview:-1"},"canonical":"https:\/\/fjyudeng.com\/es\/producto\/fabricante-de-joyeros-de-piel-sintetica\/","og_locale":"es_ES","og_type":"article","og_title":"High Quality Jewelry Box Faux Leather Manufacturers","og_description":"As a leading faux leather manufacturers, Yudeng has rich manufacturing experience and environmental certification, providing stable, environmentally friendly and customized PU leather solutions for jewelry brands and packaging box manufacturers.","og_url":"https:\/\/fjyudeng.com\/es\/producto\/fabricante-de-joyeros-de-piel-sintetica\/","og_site_name":"fjyudeng.com","article_modified_time":"2025-08-06T09:31:08+00:00","og_image":[{"width":750,"height":750,"url":"https:\/\/fjyudeng.com\/wp-content\/uploads\/2025\/07\/pu-leather-for-jewelry.jpg","type":"image\/jpeg"}],"twitter_card":"summary_large_image","twitter_misc":{"Tiempo de lectura":"5 minutos"},"schema":{"@context":"https:\/\/schema.org","@graph":[{"@type":"WebPage","@id":"https:\/\/fjyudeng.com\/product\/jewelry-box-faux-leather-manufacturer\/","url":"https:\/\/fjyudeng.com\/product\/jewelry-box-faux-leather-manufacturer\/","name":"High Quality Jewelry Box Faux Leather Manufacturers - Yudeng","isPartOf":{"@id":"https:\/\/fjyudeng.com\/#website"},"primaryImageOfPage":{"@id":"https:\/\/fjyudeng.com\/product\/jewelry-box-faux-leather-manufacturer\/#primaryimage"},"image":{"@id":"https:\/\/fjyudeng.com\/product\/jewelry-box-faux-leather-manufacturer\/#primaryimage"},"thumbnailUrl":"https:\/\/fjyudeng.com\/wp-content\/uploads\/2025\/07\/pu-leather-for-jewelry.jpg","datePublished":"2025-07-08T08:42:11+00:00","dateModified":"2025-08-06T09:31:08+00:00","description":"As a leading faux leather manufacturers, Yudeng has rich manufacturing experience and environmental certification, providing stable, environmentally friendly and customized PU leather solutions for jewelry brands and packaging box manufacturers.","breadcrumb":{"@id":"https:\/\/fjyudeng.com\/product\/jewelry-box-faux-leather-manufacturer\/#breadcrumb"},"inLanguage":"es-AR","potentialAction":[{"@type":"ReadAction","target":["https:\/\/fjyudeng.com\/product\/jewelry-box-faux-leather-manufacturer\/"]}]},{"@type":"ImageObject","inLanguage":"es-AR","@id":"https:\/\/fjyudeng.com\/product\/jewelry-box-faux-leather-manufacturer\/#primaryimage","url":"https:\/\/fjyudeng.com\/wp-content\/uploads\/2025\/07\/pu-leather-for-jewelry.jpg","contentUrl":"https:\/\/fjyudeng.com\/wp-content\/uploads\/2025\/07\/pu-leather-for-jewelry.jpg","width":750,"height":750,"caption":"pu leather for jewelry"},{"@type":"BreadcrumbList","@id":"https:\/\/fjyudeng.com\/product\/jewelry-box-faux-leather-manufacturer\/#breadcrumb","itemListElement":[{"@type":"ListItem","position":1,"name":"Home","item":"https:\/\/fjyudeng.com\/"},{"@type":"ListItem","position":2,"name":"Products","item":"https:\/\/fjyudeng.com\/products\/"},{"@type":"ListItem","position":3,"name":"High Quality Jewelry Box Faux Leather Manufacturers"}]},{"@type":"WebSite","@id":"https:\/\/fjyudeng.com\/#website","url":"https:\/\/fjyudeng.com\/","name":"fjyudeng.com","description":"","publisher":{"@id":"https:\/\/fjyudeng.com\/#\/schema\/person\/7e41764f047e7552c6ad5bdf5f6d78c7"},"potentialAction":[{"@type":"SearchAction","target":{"@type":"EntryPoint","urlTemplate":"https:\/\/fjyudeng.com\/?s={search_term_string}"},"query-input":"required name=search_term_string"}],"inLanguage":"es-AR"},{"@type":["Person","Organization"],"@id":"https:\/\/fjyudeng.com\/#\/schema\/person\/7e41764f047e7552c6ad5bdf5f6d78c7","name":"yshine03@gmail.com","image":{"@type":"ImageObject","inLanguage":"es-AR","@id":"https:\/\/fjyudeng.com\/#\/schema\/person\/image\/","url":"https:\/\/fjyudeng.com\/wp-content\/uploads\/2025\/04\/yudeng-pu-leather-factory-manufacturer.png","contentUrl":"https:\/\/fjyudeng.com\/wp-content\/uploads\/2025\/04\/yudeng-pu-leather-factory-manufacturer.png","width":588,"height":590,"caption":"yshine03@gmail.com"},"logo":{"@id":"https:\/\/fjyudeng.com\/#\/schema\/person\/image\/"},"sameAs":["https:\/\/fjyudeng.com"]}]}},"_links":{"self":[{"href":"https:\/\/fjyudeng.com\/es\/wp-json\/wp\/v2\/product\/2995","targetHints":{"allow":["GET"]}}],"collection":[{"href":"https:\/\/fjyudeng.com\/es\/wp-json\/wp\/v2\/product"}],"about":[{"href":"https:\/\/fjyudeng.com\/es\/wp-json\/wp\/v2\/types\/product"}],"wp:featuredmedia":[{"embeddable":true,"href":"https:\/\/fjyudeng.com\/es\/wp-json\/wp\/v2\/media\/2997"}],"wp:attachment":[{"href":"https:\/\/fjyudeng.com\/es\/wp-json\/wp\/v2\/media?parent=2995"}],"wp:term":[{"taxonomy":"product_brand","embeddable":true,"href":"https:\/\/fjyudeng.com\/es\/wp-json\/wp\/v2\/product_brand?post=2995"},{"taxonomy":"product_cat","embeddable":true,"href":"https:\/\/fjyudeng.com\/es\/wp-json\/wp\/v2\/product_cat?post=2995"},{"taxonomy":"product_tag","embeddable":true,"href":"https:\/\/fjyudeng.com\/es\/wp-json\/wp\/v2\/product_tag?post=2995"}],"curies":[{"name":"wp","href":"https:\/\/api.w.org\/{rel}","templated":true}]}}