{"id":3028,"date":"2025-07-16T10:08:58","date_gmt":"2025-07-16T02:08:58","guid":{"rendered":"https:\/\/fjyudeng.com\/?post_type=product&#038;p=3028"},"modified":"2025-08-06T17:28:49","modified_gmt":"2025-08-06T09:28:49","slug":"fabricante-de-cuero-artificial-de-pu-con-textura-de-lichi","status":"publish","type":"product","link":"https:\/\/fjyudeng.com\/es\/producto\/fabricante-de-cuero-artificial-de-pu-con-textura-de-lichi\/","title":{"rendered":"Litchi Textura PU Cuero Artificial Fabricantes"},"content":{"rendered":"<p><span style=\"color: #000000;\">Al elegir materiales para calzado, \u00bfbusca un material que sea a la vez bonito y pr\u00e1ctico, duradero y ecol\u00f3gico? Yudeng <a style=\"color: #000000;\" href=\"https:\/\/fjyudeng.com\/es\/producto\/fabricantes-de-sofas-ecologicos-de-cuero-artificial\/\"><strong>fabricante de cuero artificial<\/strong><\/a> Se especializa en la producci\u00f3n de cuero PU con textura de lichi de alta calidad. No solo posee una textura de lichi delicada y aut\u00e9ntica, sino que tambi\u00e9n ofrece un excelente rendimiento ambiental y una gran flexibilidad de procesamiento, lo que lo convierte en la opci\u00f3n ideal para muchos fabricantes de calzado.<\/span><\/p>\n<p style=\"text-align: center;\">\u00a0<img fetchpriority=\"high\" decoding=\"async\" class=\"alignnone wp-image-2969 size-full\" src=\"https:\/\/fjyudeng.com\/wp-content\/uploads\/2025\/07\/Yudeng-Textile-pu-leather-for-shoe.jpg\" alt=\"Cuero sint\u00e9tico textil Yudeng para calzado\" width=\"1200\" height=\"679\" srcset=\"https:\/\/fjyudeng.com\/wp-content\/uploads\/2025\/07\/Yudeng-Textile-pu-leather-for-shoe.jpg 1200w, https:\/\/fjyudeng.com\/wp-content\/uploads\/2025\/07\/Yudeng-Textile-pu-leather-for-shoe-300x170.jpg 300w, https:\/\/fjyudeng.com\/wp-content\/uploads\/2025\/07\/Yudeng-Textile-pu-leather-for-shoe-1024x579.jpg 1024w, https:\/\/fjyudeng.com\/wp-content\/uploads\/2025\/07\/Yudeng-Textile-pu-leather-for-shoe-768x435.jpg 768w, https:\/\/fjyudeng.com\/wp-content\/uploads\/2025\/07\/Yudeng-Textile-pu-leather-for-shoe-18x10.jpg 18w, https:\/\/fjyudeng.com\/wp-content\/uploads\/2025\/07\/Yudeng-Textile-pu-leather-for-shoe-600x340.jpg 600w\" sizes=\"(max-width: 1200px) 100vw, 1200px\" \/><img decoding=\"async\" class=\"alignnone wp-image-2968 size-full\" src=\"https:\/\/fjyudeng.com\/wp-content\/uploads\/2025\/07\/Yudeng-pu-leather-for-shoe-Product-description.jpg\" alt=\"Descripci\u00f3n del producto de cuero sint\u00e9tico Yudeng para calzado\" width=\"1200\" height=\"1377\" srcset=\"https:\/\/fjyudeng.com\/wp-content\/uploads\/2025\/07\/Yudeng-pu-leather-for-shoe-Product-description.jpg 1200w, https:\/\/fjyudeng.com\/wp-content\/uploads\/2025\/07\/Yudeng-pu-leather-for-shoe-Product-description-261x300.jpg 261w, https:\/\/fjyudeng.com\/wp-content\/uploads\/2025\/07\/Yudeng-pu-leather-for-shoe-Product-description-892x1024.jpg 892w, https:\/\/fjyudeng.com\/wp-content\/uploads\/2025\/07\/Yudeng-pu-leather-for-shoe-Product-description-768x881.jpg 768w, https:\/\/fjyudeng.com\/wp-content\/uploads\/2025\/07\/Yudeng-pu-leather-for-shoe-Product-description-10x12.jpg 10w, https:\/\/fjyudeng.com\/wp-content\/uploads\/2025\/07\/Yudeng-pu-leather-for-shoe-Product-description-600x689.jpg 600w\" sizes=\"(max-width: 1200px) 100vw, 1200px\" \/><\/p>\n<h4><span style=\"color: #ff6600;\"><strong>Servicio completo de personalizaci\u00f3n para satisfacer diversas necesidades de calzado.<\/strong><\/span><\/h4>\n<p><span style=\"color: #000000;\">En el competitivo mercado actual del calzado, un dise\u00f1o diferenciado cobra especial importancia. Ofrecemos a nuestros clientes una gama completa de servicios personalizados, desde la textura y el color hasta el grosor y el material de soporte, con flexibilidad de ajuste.<\/span><\/p>\n<p><span style=\"color: #000000;\"><strong>Personalizaci\u00f3n del color:<\/strong> Admite la combinaci\u00f3n de colores del n\u00famero de color Pantone y tambi\u00e9n puede desarrollar nuevos colores seg\u00fan muestras para cumplir con el posicionamiento de estilo de la marca;<\/span><\/p>\n<p><span style=\"color: #000000;\"><strong>Espesor opcional:<\/strong> El espesor convencional est\u00e1 entre 0,6 mm ~ 2,0 mm, que se puede ajustar seg\u00fan diferentes tipos de calzado, como calzado deportivo, calzado de cuero, sandalias, etc.;<\/span><\/p>\n<p><span style=\"color: #000000;\"><strong>Personalizaci\u00f3n de texturas:<\/strong> Adem\u00e1s de la textura de lichi est\u00e1ndar, tambi\u00e9n podemos personalizar una variedad de texturas detalladas como semi-lichi, lichi profundo y lichi grande, que est\u00e1n m\u00e1s en l\u00ednea con el concepto de dise\u00f1o;<\/span><\/p>\n<p><span style=\"color: #000000;\"><strong>Selecci\u00f3n del material de soporte:<\/strong> Admite telas artificiales no tejidas, tejidos de punto, poli\u00e9ster, algod\u00f3n, espuma, etc., para mejorar la fuerza de uni\u00f3n del cuero y las suelas o forros, y tambi\u00e9n mejorar la comodidad de uso.<\/span><\/p>\n<p><span style=\"color: #000000;\">Tambi\u00e9n ofrecemos servicios de muestras de lotes peque\u00f1os y pruebas r\u00e1pidas para garantizar que cada cliente pueda adaptar con precisi\u00f3n su ciclo de desarrollo de producto.<\/span><\/p>\n<p>&nbsp;<\/p>\n<h4><span style=\"color: #ff6600;\"><strong>REACH\/ROHS\/OEK<span style=\"color: #ff6600;\">Envolvente O-TEX\u00ae<\/span>certificaci\u00f3n ironmental<\/strong><\/span><\/h4>\n<p><span style=\"color: #000000;\">Somos conscientes de que los materiales para calzado se someten a m\u00faltiples est\u00e1ndares ambientales en sus ventas globales. Para garantizar que nuestros productos cumplan con los requisitos internacionales, el cuero PU con textura de lichi de Yudeng ha superado diversas certificaciones de prestigio, entre ellas:<\/span><\/p>\n<p><span style=\"color: #000000;\"><strong>Certificaci\u00f3n T\u00dcV Rheinland:<\/strong> garantizar la calidad y seguridad del producto;<\/span><\/p>\n<p><span style=\"color: #000000;\"><strong>Cumplimiento del Reglamento sobre sustancias qu\u00edmicas de la UE REACH:<\/strong> Sin sustancias alerg\u00e9nicas ni nocivas para el medio ambiente;<\/span><\/p>\n<p><span style=\"color: #000000;\"><strong>Certificaci\u00f3n de restricci\u00f3n de sustancias peligrosas ROHS:<\/strong> Sin plomo, cadmio, mercurio ni otros metales nocivos;<\/span><\/p>\n<p><span style=\"color: #000000;\"><strong>Norma OEKO-TEX\u00ae 100:<\/strong> Aseg\u00farese de que el material no contenga sustancias t\u00f3xicas o alerg\u00e9nicas que sean da\u00f1inas para el cuerpo humano, especialmente adecuado para plantillas y materiales de revestimiento que no da\u00f1en la piel.<\/span><\/p>\n<p><span style=\"color: #000000;\">Esto significa que, ya sea que se exporte a Europa y Estados Unidos, o se utilice en el mercado nacional de alta gama, el cuero PU de Yudeng tiene la doble garant\u00eda de protecci\u00f3n ambiental y seguridad.<\/span><\/p>\n<p style=\"text-align: center;\"><img decoding=\"async\" class=\"alignnone wp-image-2744\" src=\"Certificado de producto Yudeng\" alt=\"Certificado de producto Yudeng\" width=\"962\" height=\"516\" srcset=\"\" sizes=\"(max-width: 962px) 100vw, 962px\" data-srcset=\"\" \/><\/p>\n<h4><strong><span style=\"color: #ff6600;\">Aplicaci\u00f3n de producci\u00f3n<\/span><\/strong><\/h4>\n<p><span style=\"color: #000000;\">El cuero PU con textura de lichi de Yudeng no solo tiene una apariencia de alta gama y una sensaci\u00f3n c\u00f3moda, sino que tambi\u00e9n tiene una excelente resistencia al desgaste, resistencia a la hidr\u00f3lisis y resistencia al plegado, lo que lo hace ampliamente utilizado en los siguientes productos de calzado:<\/span><\/p>\n<p><span style=\"color: #000000;\"><strong>Zapatos casuales:<\/strong> Textura realista, tacto delicado, mejora el sentido general de la moda;<\/span><\/p>\n<p><span style=\"color: #000000;\"><strong>Calzado deportivo:<\/strong> con respaldo altamente el\u00e1stico, resistencia al plegado mejorada;<\/span><\/p>\n<p><span style=\"color: #000000;\"><strong>Zapatos de ni\u00f1os:<\/strong> Respetuoso con el medio ambiente y no t\u00f3xico, resistente al desgaste y a la suciedad, protegiendo cada paso del ni\u00f1o;<\/span><\/p>\n<p><span style=\"color: #000000;\"><strong>Zapatos de trabajo\/zapatos de seguridad:<\/strong> tienen buenas propiedades antideslizantes y resistentes al desgaste, teniendo en cuenta tanto la funci\u00f3n como la comodidad;<\/span><\/p>\n<p><span style=\"color: #000000;\"><strong>Sandalias\/pantuflas:<\/strong> Tratamiento de superficie impermeable, se adapta al ambiente h\u00famedo en verano;<\/span><\/p>\n<p><span style=\"color: #000000;\"><strong>Zapatos de moda de alta gama:<\/strong> colores brillantes y texturas naturales, proporcionando a los dise\u00f1adores un mayor espacio creativo.<\/span><\/p>\n<p><span style=\"color: #000000;\">Este material de PU tambi\u00e9n es adecuado para plantillas, empeines, adornos de tacones y otras piezas. Es muy flexible y la mejor opci\u00f3n para la fabricaci\u00f3n de soluciones integrales de materiales para calzado.<\/span><\/p>\n<p style=\"text-align: center;\"><img loading=\"lazy\" decoding=\"async\" class=\"alignnone wp-image-2970 size-full\" src=\"https:\/\/fjyudeng.com\/wp-content\/uploads\/2025\/07\/PU-leatther-for-shoe-application.jpg\" alt=\"Cuero PU para aplicaci\u00f3n en calzado\" width=\"1000\" height=\"607\" srcset=\"https:\/\/fjyudeng.com\/wp-content\/uploads\/2025\/07\/PU-leatther-for-shoe-application.jpg 1000w, https:\/\/fjyudeng.com\/wp-content\/uploads\/2025\/07\/PU-leatther-for-shoe-application-300x182.jpg 300w, https:\/\/fjyudeng.com\/wp-content\/uploads\/2025\/07\/PU-leatther-for-shoe-application-768x466.jpg 768w, https:\/\/fjyudeng.com\/wp-content\/uploads\/2025\/07\/PU-leatther-for-shoe-application-18x12.jpg 18w, https:\/\/fjyudeng.com\/wp-content\/uploads\/2025\/07\/PU-leatther-for-shoe-application-600x364.jpg 600w\" sizes=\"(max-width: 1000px) 100vw, 1000px\" \/><\/p>\n<h4><strong><span style=\"color: #ff6600;\">Ventaja de f\u00e1brica<\/span><\/strong><\/h4>\n<p><span style=\"color: #000000;\">Como un <a style=\"color: #000000;\" href=\"https:\/\/fjyudeng.com\/es\/producto\/ojo-de-gato-3d-de-cuero-sintetico-al-por-mayor\/\"><strong>proveedores de piel sint\u00e9tica<\/strong><\/a> Con 37 a\u00f1os de experiencia en la producci\u00f3n de cuero sint\u00e9tico PU, Yudeng siempre se ha centrado en la investigaci\u00f3n, el desarrollo y la fabricaci\u00f3n de materiales respetuosos con el medio ambiente, eficientes y estables.<\/span><\/p>\n<p><span style=\"color: #000000;\"><strong>Equipo avanzado:<\/strong> Presentamos m\u00faltiples l\u00edneas de producci\u00f3n de recubrimiento totalmente autom\u00e1ticas con una capacidad de producci\u00f3n anual de m\u00e1s de 12 millones de metros para garantizar la velocidad de entrega;<\/span><\/p>\n<p><span style=\"color: #000000;\"><strong>Fuerte equipo de I+D:<\/strong> Con un equipo de desarrollo de productos y soporte t\u00e9cnico de m\u00e1s de 10 personas, cada a\u00f1o se lanzan m\u00e1s de 30 nuevos patrones y texturas;<\/span><\/p>\n<p><span style=\"color: #000000;\"><strong>Proceso de producci\u00f3n riguroso:<\/strong> Desde la inspecci\u00f3n de la materia prima, la relaci\u00f3n de recubrimiento hasta la textura en relieve, cada proceso se controla con precisi\u00f3n para garantizar un rendimiento estable del producto;<\/span><\/p>\n<p><span style=\"color: #000000;\"><strong>Estricto sistema de control de calidad:<\/strong> Cada lote de productos debe pasar 5 pruebas antes de salir de f\u00e1brica, incluidas pruebas de solidez del color, resistencia a la tracci\u00f3n, resistencia al pelado, resistencia a la hidr\u00f3lisis y resistencia al desgaste;<\/span><\/p>\n<p><span style=\"color: #000000;\"><strong>Experiencia global de servicio al cliente:<\/strong> Hemos colaborado con numerosas marcas de calzado reconocidas en Europa, Am\u00e9rica, Jap\u00f3n, Corea del Sur y Oriente Medio. Conocemos a fondo las necesidades espec\u00edficas de cada mercado en cuanto al rendimiento de los materiales y podemos adaptarnos r\u00e1pidamente a los est\u00e1ndares y la est\u00e9tica locales.<\/span><\/p>\n<p><span style=\"color: #000000;\">Adem\u00e1s, tambi\u00e9n brindamos a los clientes servicios de personalizaci\u00f3n OEM\/ODM y podemos ayudar en el desarrollo de series de cuero exclusivas de acuerdo con el posicionamiento de la marca, logrando realmente la diferenciaci\u00f3n del producto y la exclusividad de la marca.<\/span><\/p>\n<p style=\"text-align: center;\"><img loading=\"lazy\" decoding=\"async\" class=\"aligncenter wp-image-2741 size-full\" src=\"https:\/\/fjyudeng.com\/wp-content\/uploads\/2025\/06\/Yudeng-Factory-and-Company.jpg\" alt=\"F\u00e1brica y empresa Yudeng\" width=\"1200\" height=\"878\" srcset=\"https:\/\/fjyudeng.com\/wp-content\/uploads\/2025\/06\/Yudeng-Factory-and-Company.jpg 1200w, https:\/\/fjyudeng.com\/wp-content\/uploads\/2025\/06\/Yudeng-Factory-and-Company-600x439.jpg 600w, https:\/\/fjyudeng.com\/wp-content\/uploads\/2025\/06\/Yudeng-Factory-and-Company-300x220.jpg 300w, https:\/\/fjyudeng.com\/wp-content\/uploads\/2025\/06\/Yudeng-Factory-and-Company-1024x749.jpg 1024w, https:\/\/fjyudeng.com\/wp-content\/uploads\/2025\/06\/Yudeng-Factory-and-Company-768x562.jpg 768w, https:\/\/fjyudeng.com\/wp-content\/uploads\/2025\/06\/Yudeng-Factory-and-Company-16x12.jpg 16w\" sizes=\"(max-width: 1200px) 100vw, 1200px\" \/><\/p>\n<p style=\"text-align: center;\"><img loading=\"lazy\" decoding=\"async\" class=\"aligncenter wp-image-2739 size-full\" src=\"https:\/\/fjyudeng.com\/wp-content\/uploads\/2025\/06\/Yudeng-Exhibition-and-Partner.jpg\" alt=\"\" width=\"1200\" height=\"1566\" \/><\/p>","protected":false},"excerpt":{"rendered":"<ul>\n<li>\n<h5><span style=\"color: #000000;\">Pedido m\u00ednimo: 300 metros<\/span><\/h5>\n<\/li>\n<li>\n<h5><span style=\"color: #000000;\">F\u00e1brica de cuero sint\u00e9tico de 37 a\u00f1os<\/span><\/h5>\n<\/li>\n<li>\n<h5><span style=\"color: #000000;\">\u00c1rea de f\u00e1brica de 50000m\u00b2<\/span><\/h5>\n<\/li>\n<li>\n<h5><span style=\"color: #000000;\">10 l\u00edneas de producci\u00f3n<\/span><\/h5>\n<\/li>\n<li class=\"elementor-heading-title elementor-size-default\">\n<h5><span style=\"color: #000000;\">M\u00e1s de 400 texturas disponibles<\/span><\/h5>\n<\/li>\n<li class=\"elementor-heading-title elementor-size-default\">\n<h5><span style=\"color: #000000;\">Certificado REACH\/ROHS\/OEKO-TEX\u00ae<\/span><\/h5>\n<\/li>\n<\/ul>","protected":false},"featured_media":3030,"template":"","meta":[],"product_brand":[],"product_cat":[31],"product_tag":[],"class_list":{"0":"post-3028","1":"product","2":"type-product","3":"status-publish","4":"has-post-thumbnail","6":"product_cat-shoe-leather","8":"first","9":"instock","10":"shipping-taxable","11":"product-type-simple"},"yoast_head":"<!-- This site is optimized with the Yoast SEO Premium plugin v22.8 (Yoast SEO v22.8) - https:\/\/yoast.com\/wordpress\/plugins\/seo\/ -->\n<title>Litchi Texture PU Leather - Yudeng Artificial Leather Manufacturer<\/title>\n<meta name=\"description\" content=\"When choosing shoe materials, are you looking for a material that is both beautiful and practical, durable and environmentally friendly? Yudeng artificial leather manufacturer specializes in producing high-quality lychee texture PU leather.\" \/>\n<meta name=\"robots\" content=\"index, follow, max-snippet:-1, max-image-preview:large, max-video-preview:-1\" \/>\n<link rel=\"canonical\" href=\"https:\/\/fjyudeng.com\/es\/producto\/fabricante-de-cuero-artificial-de-pu-con-textura-de-lichi\/\" \/>\n<meta property=\"og:locale\" content=\"es_ES\" \/>\n<meta property=\"og:type\" content=\"article\" \/>\n<meta property=\"og:title\" content=\"Litchi Texture PU Leather Artificial Leather Manufacturer\" \/>\n<meta property=\"og:description\" content=\"When choosing shoe materials, are you looking for a material that is both beautiful and practical, durable and environmentally friendly? Yudeng artificial leather manufacturer specializes in producing high-quality lychee texture PU leather.\" \/>\n<meta property=\"og:url\" content=\"https:\/\/fjyudeng.com\/es\/producto\/fabricante-de-cuero-artificial-de-pu-con-textura-de-lichi\/\" \/>\n<meta property=\"og:site_name\" content=\"fjyudeng.com\" \/>\n<meta property=\"article:modified_time\" content=\"2025-08-06T09:28:49+00:00\" \/>\n<meta property=\"og:image\" content=\"https:\/\/fjyudeng.com\/wp-content\/uploads\/2025\/07\/Litchi-Texture-PU-Leather.png\" \/>\n\t<meta property=\"og:image:width\" content=\"1000\" \/>\n\t<meta property=\"og:image:height\" content=\"1000\" \/>\n\t<meta property=\"og:image:type\" content=\"image\/png\" \/>\n<meta name=\"twitter:card\" content=\"summary_large_image\" \/>\n<meta name=\"twitter:label1\" content=\"Tiempo de lectura\" \/>\n\t<meta name=\"twitter:data1\" content=\"5 minutos\" \/>\n<script type=\"application\/ld+json\" class=\"yoast-schema-graph\">{\"@context\":\"https:\/\/schema.org\",\"@graph\":[{\"@type\":\"WebPage\",\"@id\":\"https:\/\/fjyudeng.com\/product\/litchi-texture-pu-leather-artificial-leather-manufacturer\/\",\"url\":\"https:\/\/fjyudeng.com\/product\/litchi-texture-pu-leather-artificial-leather-manufacturer\/\",\"name\":\"Litchi Texture PU Leather - Yudeng Artificial Leather Manufacturer\",\"isPartOf\":{\"@id\":\"https:\/\/fjyudeng.com\/#website\"},\"primaryImageOfPage\":{\"@id\":\"https:\/\/fjyudeng.com\/product\/litchi-texture-pu-leather-artificial-leather-manufacturer\/#primaryimage\"},\"image\":{\"@id\":\"https:\/\/fjyudeng.com\/product\/litchi-texture-pu-leather-artificial-leather-manufacturer\/#primaryimage\"},\"thumbnailUrl\":\"https:\/\/fjyudeng.com\/wp-content\/uploads\/2025\/07\/Litchi-Texture-PU-Leather.png\",\"datePublished\":\"2025-07-16T02:08:58+00:00\",\"dateModified\":\"2025-08-06T09:28:49+00:00\",\"description\":\"When choosing shoe materials, are you looking for a material that is both beautiful and practical, durable and environmentally friendly? Yudeng artificial leather manufacturer specializes in producing high-quality lychee texture PU leather.\",\"breadcrumb\":{\"@id\":\"https:\/\/fjyudeng.com\/product\/litchi-texture-pu-leather-artificial-leather-manufacturer\/#breadcrumb\"},\"inLanguage\":\"es-AR\",\"potentialAction\":[{\"@type\":\"ReadAction\",\"target\":[\"https:\/\/fjyudeng.com\/product\/litchi-texture-pu-leather-artificial-leather-manufacturer\/\"]}]},{\"@type\":\"ImageObject\",\"inLanguage\":\"es-AR\",\"@id\":\"https:\/\/fjyudeng.com\/product\/litchi-texture-pu-leather-artificial-leather-manufacturer\/#primaryimage\",\"url\":\"https:\/\/fjyudeng.com\/wp-content\/uploads\/2025\/07\/Litchi-Texture-PU-Leather.png\",\"contentUrl\":\"https:\/\/fjyudeng.com\/wp-content\/uploads\/2025\/07\/Litchi-Texture-PU-Leather.png\",\"width\":1000,\"height\":1000,\"caption\":\"Litchi Texture PU Leather\"},{\"@type\":\"BreadcrumbList\",\"@id\":\"https:\/\/fjyudeng.com\/product\/litchi-texture-pu-leather-artificial-leather-manufacturer\/#breadcrumb\",\"itemListElement\":[{\"@type\":\"ListItem\",\"position\":1,\"name\":\"Home\",\"item\":\"https:\/\/fjyudeng.com\/\"},{\"@type\":\"ListItem\",\"position\":2,\"name\":\"Products\",\"item\":\"https:\/\/fjyudeng.com\/products\/\"},{\"@type\":\"ListItem\",\"position\":3,\"name\":\"Litchi Texture PU Leather Artificial Leather Manufacturer\"}]},{\"@type\":\"WebSite\",\"@id\":\"https:\/\/fjyudeng.com\/#website\",\"url\":\"https:\/\/fjyudeng.com\/\",\"name\":\"fjyudeng.com\",\"description\":\"\",\"publisher\":{\"@id\":\"https:\/\/fjyudeng.com\/#\/schema\/person\/7e41764f047e7552c6ad5bdf5f6d78c7\"},\"potentialAction\":[{\"@type\":\"SearchAction\",\"target\":{\"@type\":\"EntryPoint\",\"urlTemplate\":\"https:\/\/fjyudeng.com\/?s={search_term_string}\"},\"query-input\":\"required name=search_term_string\"}],\"inLanguage\":\"es-AR\"},{\"@type\":[\"Person\",\"Organization\"],\"@id\":\"https:\/\/fjyudeng.com\/#\/schema\/person\/7e41764f047e7552c6ad5bdf5f6d78c7\",\"name\":\"yshine03@gmail.com\",\"image\":{\"@type\":\"ImageObject\",\"inLanguage\":\"es-AR\",\"@id\":\"https:\/\/fjyudeng.com\/#\/schema\/person\/image\/\",\"url\":\"https:\/\/fjyudeng.com\/wp-content\/uploads\/2025\/04\/yudeng-pu-leather-factory-manufacturer.png\",\"contentUrl\":\"https:\/\/fjyudeng.com\/wp-content\/uploads\/2025\/04\/yudeng-pu-leather-factory-manufacturer.png\",\"width\":588,\"height\":590,\"caption\":\"yshine03@gmail.com\"},\"logo\":{\"@id\":\"https:\/\/fjyudeng.com\/#\/schema\/person\/image\/\"},\"sameAs\":[\"https:\/\/fjyudeng.com\"]}]}<\/script>\n<!-- \/ Yoast SEO Premium plugin. -->","yoast_head_json":{"title":"Litchi Texture PU Leather - Yudeng Artificial Leather Manufacturer","description":"When choosing shoe materials, are you looking for a material that is both beautiful and practical, durable and environmentally friendly? Yudeng artificial leather manufacturer specializes in producing high-quality lychee texture PU leather.","robots":{"index":"index","follow":"follow","max-snippet":"max-snippet:-1","max-image-preview":"max-image-preview:large","max-video-preview":"max-video-preview:-1"},"canonical":"https:\/\/fjyudeng.com\/es\/producto\/fabricante-de-cuero-artificial-de-pu-con-textura-de-lichi\/","og_locale":"es_ES","og_type":"article","og_title":"Litchi Texture PU Leather Artificial Leather Manufacturer","og_description":"When choosing shoe materials, are you looking for a material that is both beautiful and practical, durable and environmentally friendly? Yudeng artificial leather manufacturer specializes in producing high-quality lychee texture PU leather.","og_url":"https:\/\/fjyudeng.com\/es\/producto\/fabricante-de-cuero-artificial-de-pu-con-textura-de-lichi\/","og_site_name":"fjyudeng.com","article_modified_time":"2025-08-06T09:28:49+00:00","og_image":[{"width":1000,"height":1000,"url":"https:\/\/fjyudeng.com\/wp-content\/uploads\/2025\/07\/Litchi-Texture-PU-Leather.png","type":"image\/png"}],"twitter_card":"summary_large_image","twitter_misc":{"Tiempo de lectura":"5 minutos"},"schema":{"@context":"https:\/\/schema.org","@graph":[{"@type":"WebPage","@id":"https:\/\/fjyudeng.com\/product\/litchi-texture-pu-leather-artificial-leather-manufacturer\/","url":"https:\/\/fjyudeng.com\/product\/litchi-texture-pu-leather-artificial-leather-manufacturer\/","name":"Litchi Texture PU Leather - Yudeng Artificial Leather Manufacturer","isPartOf":{"@id":"https:\/\/fjyudeng.com\/#website"},"primaryImageOfPage":{"@id":"https:\/\/fjyudeng.com\/product\/litchi-texture-pu-leather-artificial-leather-manufacturer\/#primaryimage"},"image":{"@id":"https:\/\/fjyudeng.com\/product\/litchi-texture-pu-leather-artificial-leather-manufacturer\/#primaryimage"},"thumbnailUrl":"https:\/\/fjyudeng.com\/wp-content\/uploads\/2025\/07\/Litchi-Texture-PU-Leather.png","datePublished":"2025-07-16T02:08:58+00:00","dateModified":"2025-08-06T09:28:49+00:00","description":"When choosing shoe materials, are you looking for a material that is both beautiful and practical, durable and environmentally friendly? Yudeng artificial leather manufacturer specializes in producing high-quality lychee texture PU leather.","breadcrumb":{"@id":"https:\/\/fjyudeng.com\/product\/litchi-texture-pu-leather-artificial-leather-manufacturer\/#breadcrumb"},"inLanguage":"es-AR","potentialAction":[{"@type":"ReadAction","target":["https:\/\/fjyudeng.com\/product\/litchi-texture-pu-leather-artificial-leather-manufacturer\/"]}]},{"@type":"ImageObject","inLanguage":"es-AR","@id":"https:\/\/fjyudeng.com\/product\/litchi-texture-pu-leather-artificial-leather-manufacturer\/#primaryimage","url":"https:\/\/fjyudeng.com\/wp-content\/uploads\/2025\/07\/Litchi-Texture-PU-Leather.png","contentUrl":"https:\/\/fjyudeng.com\/wp-content\/uploads\/2025\/07\/Litchi-Texture-PU-Leather.png","width":1000,"height":1000,"caption":"Litchi Texture PU Leather"},{"@type":"BreadcrumbList","@id":"https:\/\/fjyudeng.com\/product\/litchi-texture-pu-leather-artificial-leather-manufacturer\/#breadcrumb","itemListElement":[{"@type":"ListItem","position":1,"name":"Home","item":"https:\/\/fjyudeng.com\/"},{"@type":"ListItem","position":2,"name":"Products","item":"https:\/\/fjyudeng.com\/products\/"},{"@type":"ListItem","position":3,"name":"Litchi Texture PU Leather Artificial Leather Manufacturer"}]},{"@type":"WebSite","@id":"https:\/\/fjyudeng.com\/#website","url":"https:\/\/fjyudeng.com\/","name":"fjyudeng.com","description":"","publisher":{"@id":"https:\/\/fjyudeng.com\/#\/schema\/person\/7e41764f047e7552c6ad5bdf5f6d78c7"},"potentialAction":[{"@type":"SearchAction","target":{"@type":"EntryPoint","urlTemplate":"https:\/\/fjyudeng.com\/?s={search_term_string}"},"query-input":"required name=search_term_string"}],"inLanguage":"es-AR"},{"@type":["Person","Organization"],"@id":"https:\/\/fjyudeng.com\/#\/schema\/person\/7e41764f047e7552c6ad5bdf5f6d78c7","name":"yshine03@gmail.com","image":{"@type":"ImageObject","inLanguage":"es-AR","@id":"https:\/\/fjyudeng.com\/#\/schema\/person\/image\/","url":"https:\/\/fjyudeng.com\/wp-content\/uploads\/2025\/04\/yudeng-pu-leather-factory-manufacturer.png","contentUrl":"https:\/\/fjyudeng.com\/wp-content\/uploads\/2025\/04\/yudeng-pu-leather-factory-manufacturer.png","width":588,"height":590,"caption":"yshine03@gmail.com"},"logo":{"@id":"https:\/\/fjyudeng.com\/#\/schema\/person\/image\/"},"sameAs":["https:\/\/fjyudeng.com"]}]}},"_links":{"self":[{"href":"https:\/\/fjyudeng.com\/es\/wp-json\/wp\/v2\/product\/3028","targetHints":{"allow":["GET"]}}],"collection":[{"href":"https:\/\/fjyudeng.com\/es\/wp-json\/wp\/v2\/product"}],"about":[{"href":"https:\/\/fjyudeng.com\/es\/wp-json\/wp\/v2\/types\/product"}],"wp:featuredmedia":[{"embeddable":true,"href":"https:\/\/fjyudeng.com\/es\/wp-json\/wp\/v2\/media\/3030"}],"wp:attachment":[{"href":"https:\/\/fjyudeng.com\/es\/wp-json\/wp\/v2\/media?parent=3028"}],"wp:term":[{"taxonomy":"product_brand","embeddable":true,"href":"https:\/\/fjyudeng.com\/es\/wp-json\/wp\/v2\/product_brand?post=3028"},{"taxonomy":"product_cat","embeddable":true,"href":"https:\/\/fjyudeng.com\/es\/wp-json\/wp\/v2\/product_cat?post=3028"},{"taxonomy":"product_tag","embeddable":true,"href":"https:\/\/fjyudeng.com\/es\/wp-json\/wp\/v2\/product_tag?post=3028"}],"curies":[{"name":"wp","href":"https:\/\/api.w.org\/{rel}","templated":true}]}}