{"id":3058,"date":"2025-07-24T09:59:12","date_gmt":"2025-07-24T01:59:12","guid":{"rendered":"https:\/\/fjyudeng.com\/?post_type=product&#038;p=3058"},"modified":"2025-08-06T17:25:02","modified_gmt":"2025-08-06T09:25:02","slug":"fabricante-de-cuero-sintetico-de-grano-cruzado","status":"publish","type":"product","link":"https:\/\/fjyudeng.com\/es\/producto\/fabricante-de-cuero-sintetico-de-grano-cruzado\/","title":{"rendered":"Fabricante mayorista de cuero sint\u00e9tico de grano cruzado"},"content":{"rendered":"<p><span style=\"color: #000000;\">En el sector de los materiales de embalaje de alta gama, el cuero PU de grano cruzado se ha convertido en un material de alta calidad ampliamente utilizado en cajas de embalaje, cajas de regalo, cajas de gafas, cajas de cosm\u00e9ticos y otros campos gracias a su textura \u00fanica, su capacidad de personalizaci\u00f3n y su rendimiento ambiental. <a style=\"color: #000000;\" href=\"https:\/\/fjyudeng.com\/es\/producto\/fabricante-de-cuero-sintetico-de-fibra-de-carbono-cristalino\/\"><strong>Fabricante de cuero sint\u00e9tico<\/strong><\/a>Yudeng se compromete a proporcionar a los clientes globales cuero PU de grano cruzado que sea hermoso y funcional para satisfacer las diversas necesidades de empaque, desde marcas de lujo hasta regalos personales.<\/span><\/p>\n<p><span style=\"color: #000000;\">Para que comprenda mejor la textura y el rendimiento del producto, ofrecemos un servicio de muestras gratuito. Solo tiene que indicar el color o la direcci\u00f3n de aplicaci\u00f3n, y podemos enviarle hojas de muestra con las especificaciones correspondientes para que pueda experimentar plenamente el tacto, la elasticidad y la textura del cuero antes de tomar una decisi\u00f3n. Esto no solo mejora la eficiencia de las compras, sino que tambi\u00e9n refleja nuestra alta confianza en la calidad y el servicio.<\/span><\/p>\n<p style=\"text-align: center;\">\u00a0<img fetchpriority=\"high\" decoding=\"async\" class=\"wp-image-3000 size-full aligncenter\" src=\"https:\/\/fjyudeng.com\/wp-content\/uploads\/2025\/07\/Yudeng-Textile-pu-leather-for-jewelry-box.jpg\" alt=\"Cuero sint\u00e9tico textil Yudeng para joyero\" width=\"1200\" height=\"679\" srcset=\"https:\/\/fjyudeng.com\/wp-content\/uploads\/2025\/07\/Yudeng-Textile-pu-leather-for-jewelry-box.jpg 1200w, https:\/\/fjyudeng.com\/wp-content\/uploads\/2025\/07\/Yudeng-Textile-pu-leather-for-jewelry-box-300x170.jpg 300w, https:\/\/fjyudeng.com\/wp-content\/uploads\/2025\/07\/Yudeng-Textile-pu-leather-for-jewelry-box-1024x579.jpg 1024w, https:\/\/fjyudeng.com\/wp-content\/uploads\/2025\/07\/Yudeng-Textile-pu-leather-for-jewelry-box-768x435.jpg 768w, https:\/\/fjyudeng.com\/wp-content\/uploads\/2025\/07\/Yudeng-Textile-pu-leather-for-jewelry-box-18x10.jpg 18w, https:\/\/fjyudeng.com\/wp-content\/uploads\/2025\/07\/Yudeng-Textile-pu-leather-for-jewelry-box-600x340.jpg 600w\" sizes=\"(max-width: 1200px) 100vw, 1200px\" \/><img decoding=\"async\" class=\"wp-image-2999 size-full aligncenter\" src=\"https:\/\/fjyudeng.com\/wp-content\/uploads\/2025\/07\/Yudeng-pu-leather-for-jewelry-box-Product-description.jpg\" alt=\"Descripci\u00f3n de la caja de joyer\u00eda de cuero sint\u00e9tico de Yudeng Textile\" width=\"1200\" height=\"1377\" srcset=\"https:\/\/fjyudeng.com\/wp-content\/uploads\/2025\/07\/Yudeng-pu-leather-for-jewelry-box-Product-description.jpg 1200w, https:\/\/fjyudeng.com\/wp-content\/uploads\/2025\/07\/Yudeng-pu-leather-for-jewelry-box-Product-description-261x300.jpg 261w, https:\/\/fjyudeng.com\/wp-content\/uploads\/2025\/07\/Yudeng-pu-leather-for-jewelry-box-Product-description-892x1024.jpg 892w, https:\/\/fjyudeng.com\/wp-content\/uploads\/2025\/07\/Yudeng-pu-leather-for-jewelry-box-Product-description-768x881.jpg 768w, https:\/\/fjyudeng.com\/wp-content\/uploads\/2025\/07\/Yudeng-pu-leather-for-jewelry-box-Product-description-10x12.jpg 10w, https:\/\/fjyudeng.com\/wp-content\/uploads\/2025\/07\/Yudeng-pu-leather-for-jewelry-box-Product-description-600x689.jpg 600w\" sizes=\"(max-width: 1200px) 100vw, 1200px\" \/><\/p>\n<h4><span style=\"color: #ff6600;\">Servicio personalizado para crear texturas exclusivas de marca.<\/span><\/h4>\n<p><span style=\"color: #000000;\">Yudeng es bueno en brindar servicios de personalizaci\u00f3n altamente flexibles seg\u00fan las diferentes necesidades de uso de los clientes:<\/span><\/p>\n<p><span style=\"color: #000000;\"><strong>Personalizaci\u00f3n del color:<\/strong> Se pueden desarrollar miles de colores seg\u00fan cartas de colores PANTONE o muestras reales para adaptarse a diversos sistemas visuales de marca.<\/span><\/p>\n<p><span style=\"color: #000000;\"><strong>Ajuste de espesor:<\/strong> El rango de espesor generalmente est\u00e1 entre 0,5 mm y 2,0 mm, admitiendo dise\u00f1os ultrafinos (adecuados para envases plegables) o engrosados (mejorando la sensaci\u00f3n de rigidez).<\/span><\/p>\n<p><span style=\"color: #000000;\"><strong>Optimizaci\u00f3n de textura:<\/strong> Patr\u00f3n de cruz cl\u00e1sico, patr\u00f3n de cruz fina, textura de grano grande, etc., que respaldan el desarrollo de patrones de relieve especiales o patrones espec\u00edficos del cliente.<\/span><\/p>\n<p><span style=\"color: #000000;\"><strong>Selecci\u00f3n de respaldo:<\/strong> Proporcionar una variedad de materiales de respaldo, como telas no tejidas, telas de punto y telas de imitaci\u00f3n de algod\u00f3n, y elegir una combinaci\u00f3n equilibrada de suavidad, firmeza y desempe\u00f1o de protecci\u00f3n ambiental seg\u00fan el prop\u00f3sito.<\/span><\/p>\n<p><span style=\"color: #000000;\"><strong>Adici\u00f3n funcional:<\/strong> Se pueden agregar recubrimientos antirayaduras, impermeables, ign\u00edfugos, resistentes a los rayos UV y otros recubrimientos funcionales para mejorar la durabilidad de la caja de embalaje en diferentes escenarios de uso.<\/span><\/p>\n<p><span style=\"color: #000000;\">Damos la bienvenida a la cooperaci\u00f3n OEM\/ODM, aceptamos pruebas de lotes peque\u00f1os y producci\u00f3n personalizada en masa, y nos adaptamos de manera flexible a diferentes mercados y estrategias de marca.<\/span><\/p>\n<p>&nbsp;<\/p>\n<h4><span style=\"color: #ff6600;\"><strong>REACH\/ROHS\/OEK<span style=\"color: #ff6600;\">Envolvente O-TEX\u00ae<\/span>certificaci\u00f3n ironmental<\/strong><\/span><\/h4>\n<p><span style=\"color: #000000;\">Somos plenamente conscientes de la importancia del cumplimiento ambiental en el mercado internacional actual. El cuero PU de grano cruzado de Yudeng cuenta con las siguientes certificaciones ambientales:<\/span><\/p>\n<p><span style=\"color: #000000;\"><strong>Certificaci\u00f3n T\u00dcV:<\/strong> garantiza la seguridad del cuero en el mercado de la UE.<\/span><\/p>\n<p><span style=\"color: #000000;\"><strong>Cumplimiento de REACH:<\/strong> Cumple con las normas de registro, evaluaci\u00f3n, autorizaci\u00f3n y restricci\u00f3n de sustancias qu\u00edmicas de la UE y no contiene sustancias extremadamente preocupantes (SVHC).<\/span><\/p>\n<p><span style=\"color: #000000;\"><strong>Certificaci\u00f3n ROHS:<\/strong> No contiene metales pesados nocivos como plomo y mercurio, y cumple con los est\u00e1ndares de seguridad y embalaje electr\u00f3nico.<\/span><\/p>\n<p><span style=\"color: #000000;\"><strong>Norma OEKO-TEX\u00ae 100:<\/strong> Las materias primas de cuero y los productos terminados han pasado la certificaci\u00f3n textil ecol\u00f3gica mundial que es inofensiva para la salud humana.<\/span><\/p>\n<p><span style=\"color: #000000;\">Cada certificaci\u00f3n refleja nuestro compromiso con la producci\u00f3n respetuosa con el medio ambiente y tambi\u00e9n es una garant\u00eda importante para su tranquilidad a la hora de comprar.<\/span><\/p>\n<p style=\"text-align: center;\"><img decoding=\"async\" class=\"aligncenter wp-image-2744 size-full\" src=\"Certificado de producto Yudeng\" alt=\"Certificado de producto Yudeng\" width=\"1200\" height=\"644\" srcset=\"\" sizes=\"(max-width: 1200px) 100vw, 1200px\" data-srcset=\"\" \/><\/p>\n<h4><strong><span style=\"color: #ff6600;\">Aplicaci\u00f3n de producci\u00f3n<\/span><\/strong><\/h4>\n<p><span style=\"color: #000000;\">El uso del cuero sint\u00e9tico de PU en el embalaje de joyer\u00eda va mucho m\u00e1s all\u00e1 de la simple decoraci\u00f3n de superficies. No solo mejora la textura general del embalaje, sino que tambi\u00e9n mejora la experiencia de desempaquetado del consumidor.<\/span><\/p>\n<ul>\n<li><span style=\"color: #000000;\"><strong>Concha de joyero:<\/strong> Textura delicada, color saturado, tacto suave y sensaci\u00f3n de alta gama;<\/span><\/li>\n<li><span style=\"color: #000000;\"><strong>Estructura de soporte del revestimiento:<\/strong> Combine esponja, EVA y otros materiales para mejorar la protecci\u00f3n del producto;<\/span><\/li>\n<li><span style=\"color: #000000;\"><strong>Asa y hebilla de cintur\u00f3n de caja de embalaje port\u00e1til:<\/strong> Flexible y duradero, no se rompe al doblarse y tiene una mayor durabilidad;<\/span><\/li>\n<li><span style=\"color: #000000;\"><strong>\u00c1rea de estampado en caliente\/relieve de LOGOTIPO personalizado:<\/strong> La superficie del cuero es adecuada para diversos procesos de marca para mejorar el reconocimiento visual.<\/span><\/li>\n<\/ul>\n<p><span style=\"color: #000000;\">Con la estabilidad y las excelentes propiedades f\u00edsicas del cuero PU, a\u00fan puede mantener un excelente rendimiento de apariencia en diferentes climas y condiciones de uso, y es un material ideal para empaque de regalo para mantener la belleza durante mucho tiempo.<\/span><\/p>\n<p style=\"text-align: center;\"><img loading=\"lazy\" decoding=\"async\" class=\"alignnone wp-image-2998 size-full\" src=\"https:\/\/fjyudeng.com\/wp-content\/uploads\/2025\/07\/pu-leather-application-for-jewelry-box.jpg\" alt=\"Aplicaci\u00f3n de cuero sint\u00e9tico para joyero\" width=\"1200\" height=\"688\" srcset=\"https:\/\/fjyudeng.com\/wp-content\/uploads\/2025\/07\/pu-leather-application-for-jewelry-box.jpg 1200w, https:\/\/fjyudeng.com\/wp-content\/uploads\/2025\/07\/pu-leather-application-for-jewelry-box-300x172.jpg 300w, https:\/\/fjyudeng.com\/wp-content\/uploads\/2025\/07\/pu-leather-application-for-jewelry-box-1024x587.jpg 1024w, https:\/\/fjyudeng.com\/wp-content\/uploads\/2025\/07\/pu-leather-application-for-jewelry-box-768x440.jpg 768w, https:\/\/fjyudeng.com\/wp-content\/uploads\/2025\/07\/pu-leather-application-for-jewelry-box-18x10.jpg 18w, https:\/\/fjyudeng.com\/wp-content\/uploads\/2025\/07\/pu-leather-application-for-jewelry-box-600x344.jpg 600w\" sizes=\"(max-width: 1200px) 100vw, 1200px\" \/><\/p>\n<h4><strong><span style=\"color: #ff6600;\">Ventaja de f\u00e1brica<\/span><\/strong><\/h4>\n<p><span style=\"color: #000000;\">Como un <a style=\"color: #000000;\" href=\"https:\/\/fjyudeng.com\/es\/producto\/fabricante-de-cuero-sintetico-con-espejo-de-alto-brillo\/\"><strong>proveedor de cuero sint\u00e9tico<\/strong><\/a> Con 37 a\u00f1os de experiencia, Yudeng ha acumulado profundas ventajas en el proceso de fabricaci\u00f3n, control de calidad y desarrollo personalizado:<\/span><\/p>\n<p><span style=\"color: #000000;\"><strong>Equipo avanzado:<\/strong> Equipado con una l\u00ednea de producci\u00f3n de recubrimiento de alta precisi\u00f3n, equipo de estampado, sistema de procesamiento seco\/h\u00famedo para garantizar una textura clara y uniforme.<\/span><\/p>\n<p><span style=\"color: #000000;\"><strong>Equipo experimentado:<\/strong> Con m\u00e1s de 20 ingenieros t\u00e9cnicos y dise\u00f1adores, apoyamos a nuestros clientes con servicios de proceso completo, desde el desarrollo y el dise\u00f1o hasta la producci\u00f3n en masa.<\/span><\/p>\n<p><span style=\"color: #000000;\"><strong>Estricto proceso de inspecci\u00f3n de calidad:<\/strong> Desde las materias primas que ingresan a la f\u00e1brica hasta los productos terminados que salen del almac\u00e9n, cada lote se somete a m\u00faltiples pruebas como solidez del color, resistencia a la tracci\u00f3n, resistencia a la abrasi\u00f3n, volatilizaci\u00f3n de COV, etc. para garantizar la estabilidad del cuero.<\/span><\/p>\n<p><span style=\"color: #000000;\"><strong>Red de servicio global:<\/strong> Hemos establecido relaciones de cooperaci\u00f3n a largo plazo con numerosas marcas internacionales, f\u00e1bricas de embalaje y empresas comerciales. Exportamos nuestros productos a Europa, el Sudeste Asi\u00e1tico, Norteam\u00e9rica y otros lugares, y hemos realizado m\u00e1s de 300 proyectos personalizados.<\/span><\/p>\n<p><span style=\"color: #000000;\">Le invitamos a contactarnos para solicitar muestras o conversar sobre proyectos de colaboraci\u00f3n. Esperamos construir un futuro de empaques exquisitos con usted.<\/span><\/p>\n<p style=\"text-align: center;\"><img loading=\"lazy\" decoding=\"async\" class=\"aligncenter wp-image-2741 size-full\" src=\"https:\/\/fjyudeng.com\/wp-content\/uploads\/2025\/06\/Yudeng-Factory-and-Company.jpg\" alt=\"F\u00e1brica y empresa Yudeng\" width=\"1200\" height=\"878\" srcset=\"https:\/\/fjyudeng.com\/wp-content\/uploads\/2025\/06\/Yudeng-Factory-and-Company.jpg 1200w, https:\/\/fjyudeng.com\/wp-content\/uploads\/2025\/06\/Yudeng-Factory-and-Company-600x439.jpg 600w, https:\/\/fjyudeng.com\/wp-content\/uploads\/2025\/06\/Yudeng-Factory-and-Company-300x220.jpg 300w, https:\/\/fjyudeng.com\/wp-content\/uploads\/2025\/06\/Yudeng-Factory-and-Company-1024x749.jpg 1024w, https:\/\/fjyudeng.com\/wp-content\/uploads\/2025\/06\/Yudeng-Factory-and-Company-768x562.jpg 768w, https:\/\/fjyudeng.com\/wp-content\/uploads\/2025\/06\/Yudeng-Factory-and-Company-16x12.jpg 16w\" sizes=\"(max-width: 1200px) 100vw, 1200px\" \/><\/p>\n<p style=\"text-align: center;\"><img loading=\"lazy\" decoding=\"async\" class=\"aligncenter wp-image-2739 size-full\" src=\"https:\/\/fjyudeng.com\/wp-content\/uploads\/2025\/06\/Yudeng-Exhibition-and-Partner.jpg\" alt=\"\" width=\"1200\" height=\"1566\" \/><\/p>","protected":false},"excerpt":{"rendered":"<ul>\n<li>\n<h5><span style=\"color: #000000;\">Pedido m\u00ednimo: 300 metros<\/span><\/h5>\n<\/li>\n<li>\n<h5><span style=\"color: #000000;\">F\u00e1brica de cuero sint\u00e9tico de 37 a\u00f1os<\/span><\/h5>\n<\/li>\n<li>\n<h5><span style=\"color: #000000;\">\u00c1rea de f\u00e1brica de 50000m\u00b2<\/span><\/h5>\n<\/li>\n<li>\n<h5><span style=\"color: #000000;\">10 l\u00edneas de producci\u00f3n<\/span><\/h5>\n<\/li>\n<li class=\"elementor-heading-title elementor-size-default\">\n<h5><span style=\"color: #000000;\">M\u00e1s de 400 texturas disponibles<\/span><\/h5>\n<\/li>\n<li class=\"elementor-heading-title elementor-size-default\">\n<h5><span style=\"color: #000000;\">Certificado REACH\/ROHS\/OEKO-TEX\u00ae<\/span><\/h5>\n<\/li>\n<\/ul>","protected":false},"featured_media":3059,"template":"","meta":[],"product_brand":[],"product_cat":[32],"product_tag":[],"class_list":{"0":"post-3058","1":"product","2":"type-product","3":"status-publish","4":"has-post-thumbnail","6":"product_cat-jewelry-box-leather","8":"first","9":"instock","10":"shipping-taxable","11":"product-type-simple"},"yoast_head":"<!-- This site is optimized with the Yoast SEO Premium plugin v22.8 (Yoast SEO v22.8) - https:\/\/yoast.com\/wordpress\/plugins\/seo\/ -->\n<title>Wholesale Cross Grain Pu Leather Manufacturer - Yudeng<\/title>\n<meta name=\"description\" content=\"As a Pu leather manufacturer, Yudeng is committed to providing global customers with cross grain PU leather that is both beautiful and functional. We provide free sample service.\" \/>\n<meta name=\"robots\" content=\"index, follow, max-snippet:-1, max-image-preview:large, max-video-preview:-1\" \/>\n<link rel=\"canonical\" href=\"https:\/\/fjyudeng.com\/es\/producto\/fabricante-de-cuero-sintetico-de-grano-cruzado\/\" \/>\n<meta property=\"og:locale\" content=\"es_ES\" \/>\n<meta property=\"og:type\" content=\"article\" \/>\n<meta property=\"og:title\" content=\"Wholesale Cross Grain Pu Leather Manufacturer\" \/>\n<meta property=\"og:description\" content=\"As a Pu leather manufacturer, Yudeng is committed to providing global customers with cross grain PU leather that is both beautiful and functional. We provide free sample service.\" \/>\n<meta property=\"og:url\" content=\"https:\/\/fjyudeng.com\/es\/producto\/fabricante-de-cuero-sintetico-de-grano-cruzado\/\" \/>\n<meta property=\"og:site_name\" content=\"fjyudeng.com\" \/>\n<meta property=\"article:modified_time\" content=\"2025-08-06T09:25:02+00:00\" \/>\n<meta property=\"og:image\" content=\"https:\/\/fjyudeng.com\/wp-content\/uploads\/2025\/07\/Cross-Grain-Pu-Leather-Manufacturer.jpg\" \/>\n\t<meta property=\"og:image:width\" content=\"800\" \/>\n\t<meta property=\"og:image:height\" content=\"800\" \/>\n\t<meta property=\"og:image:type\" content=\"image\/jpeg\" \/>\n<meta name=\"twitter:card\" content=\"summary_large_image\" \/>\n<meta name=\"twitter:label1\" content=\"Tiempo de lectura\" \/>\n\t<meta name=\"twitter:data1\" content=\"5 minutos\" \/>\n<script type=\"application\/ld+json\" class=\"yoast-schema-graph\">{\"@context\":\"https:\/\/schema.org\",\"@graph\":[{\"@type\":\"WebPage\",\"@id\":\"https:\/\/fjyudeng.com\/product\/cross-grain-pu-leather-manufacturer\/\",\"url\":\"https:\/\/fjyudeng.com\/product\/cross-grain-pu-leather-manufacturer\/\",\"name\":\"Wholesale Cross Grain Pu Leather Manufacturer - Yudeng\",\"isPartOf\":{\"@id\":\"https:\/\/fjyudeng.com\/#website\"},\"primaryImageOfPage\":{\"@id\":\"https:\/\/fjyudeng.com\/product\/cross-grain-pu-leather-manufacturer\/#primaryimage\"},\"image\":{\"@id\":\"https:\/\/fjyudeng.com\/product\/cross-grain-pu-leather-manufacturer\/#primaryimage\"},\"thumbnailUrl\":\"https:\/\/fjyudeng.com\/wp-content\/uploads\/2025\/07\/Cross-Grain-Pu-Leather-Manufacturer.jpg\",\"datePublished\":\"2025-07-24T01:59:12+00:00\",\"dateModified\":\"2025-08-06T09:25:02+00:00\",\"description\":\"As a Pu leather manufacturer, Yudeng is committed to providing global customers with cross grain PU leather that is both beautiful and functional. We provide free sample service.\",\"breadcrumb\":{\"@id\":\"https:\/\/fjyudeng.com\/product\/cross-grain-pu-leather-manufacturer\/#breadcrumb\"},\"inLanguage\":\"es-AR\",\"potentialAction\":[{\"@type\":\"ReadAction\",\"target\":[\"https:\/\/fjyudeng.com\/product\/cross-grain-pu-leather-manufacturer\/\"]}]},{\"@type\":\"ImageObject\",\"inLanguage\":\"es-AR\",\"@id\":\"https:\/\/fjyudeng.com\/product\/cross-grain-pu-leather-manufacturer\/#primaryimage\",\"url\":\"https:\/\/fjyudeng.com\/wp-content\/uploads\/2025\/07\/Cross-Grain-Pu-Leather-Manufacturer.jpg\",\"contentUrl\":\"https:\/\/fjyudeng.com\/wp-content\/uploads\/2025\/07\/Cross-Grain-Pu-Leather-Manufacturer.jpg\",\"width\":800,\"height\":800,\"caption\":\"Cross Grain Pu Leather Manufacturer\"},{\"@type\":\"BreadcrumbList\",\"@id\":\"https:\/\/fjyudeng.com\/product\/cross-grain-pu-leather-manufacturer\/#breadcrumb\",\"itemListElement\":[{\"@type\":\"ListItem\",\"position\":1,\"name\":\"Home\",\"item\":\"https:\/\/fjyudeng.com\/\"},{\"@type\":\"ListItem\",\"position\":2,\"name\":\"Products\",\"item\":\"https:\/\/fjyudeng.com\/products\/\"},{\"@type\":\"ListItem\",\"position\":3,\"name\":\"Wholesale Cross Grain Pu Leather Manufacturer\"}]},{\"@type\":\"WebSite\",\"@id\":\"https:\/\/fjyudeng.com\/#website\",\"url\":\"https:\/\/fjyudeng.com\/\",\"name\":\"fjyudeng.com\",\"description\":\"\",\"publisher\":{\"@id\":\"https:\/\/fjyudeng.com\/#\/schema\/person\/7e41764f047e7552c6ad5bdf5f6d78c7\"},\"potentialAction\":[{\"@type\":\"SearchAction\",\"target\":{\"@type\":\"EntryPoint\",\"urlTemplate\":\"https:\/\/fjyudeng.com\/?s={search_term_string}\"},\"query-input\":\"required name=search_term_string\"}],\"inLanguage\":\"es-AR\"},{\"@type\":[\"Person\",\"Organization\"],\"@id\":\"https:\/\/fjyudeng.com\/#\/schema\/person\/7e41764f047e7552c6ad5bdf5f6d78c7\",\"name\":\"yshine03@gmail.com\",\"image\":{\"@type\":\"ImageObject\",\"inLanguage\":\"es-AR\",\"@id\":\"https:\/\/fjyudeng.com\/#\/schema\/person\/image\/\",\"url\":\"https:\/\/fjyudeng.com\/wp-content\/uploads\/2025\/04\/yudeng-pu-leather-factory-manufacturer.png\",\"contentUrl\":\"https:\/\/fjyudeng.com\/wp-content\/uploads\/2025\/04\/yudeng-pu-leather-factory-manufacturer.png\",\"width\":588,\"height\":590,\"caption\":\"yshine03@gmail.com\"},\"logo\":{\"@id\":\"https:\/\/fjyudeng.com\/#\/schema\/person\/image\/\"},\"sameAs\":[\"https:\/\/fjyudeng.com\"]}]}<\/script>\n<!-- \/ Yoast SEO Premium plugin. -->","yoast_head_json":{"title":"Wholesale Cross Grain Pu Leather Manufacturer - Yudeng","description":"As a Pu leather manufacturer, Yudeng is committed to providing global customers with cross grain PU leather that is both beautiful and functional. We provide free sample service.","robots":{"index":"index","follow":"follow","max-snippet":"max-snippet:-1","max-image-preview":"max-image-preview:large","max-video-preview":"max-video-preview:-1"},"canonical":"https:\/\/fjyudeng.com\/es\/producto\/fabricante-de-cuero-sintetico-de-grano-cruzado\/","og_locale":"es_ES","og_type":"article","og_title":"Wholesale Cross Grain Pu Leather Manufacturer","og_description":"As a Pu leather manufacturer, Yudeng is committed to providing global customers with cross grain PU leather that is both beautiful and functional. We provide free sample service.","og_url":"https:\/\/fjyudeng.com\/es\/producto\/fabricante-de-cuero-sintetico-de-grano-cruzado\/","og_site_name":"fjyudeng.com","article_modified_time":"2025-08-06T09:25:02+00:00","og_image":[{"width":800,"height":800,"url":"https:\/\/fjyudeng.com\/wp-content\/uploads\/2025\/07\/Cross-Grain-Pu-Leather-Manufacturer.jpg","type":"image\/jpeg"}],"twitter_card":"summary_large_image","twitter_misc":{"Tiempo de lectura":"5 minutos"},"schema":{"@context":"https:\/\/schema.org","@graph":[{"@type":"WebPage","@id":"https:\/\/fjyudeng.com\/product\/cross-grain-pu-leather-manufacturer\/","url":"https:\/\/fjyudeng.com\/product\/cross-grain-pu-leather-manufacturer\/","name":"Wholesale Cross Grain Pu Leather Manufacturer - Yudeng","isPartOf":{"@id":"https:\/\/fjyudeng.com\/#website"},"primaryImageOfPage":{"@id":"https:\/\/fjyudeng.com\/product\/cross-grain-pu-leather-manufacturer\/#primaryimage"},"image":{"@id":"https:\/\/fjyudeng.com\/product\/cross-grain-pu-leather-manufacturer\/#primaryimage"},"thumbnailUrl":"https:\/\/fjyudeng.com\/wp-content\/uploads\/2025\/07\/Cross-Grain-Pu-Leather-Manufacturer.jpg","datePublished":"2025-07-24T01:59:12+00:00","dateModified":"2025-08-06T09:25:02+00:00","description":"As a Pu leather manufacturer, Yudeng is committed to providing global customers with cross grain PU leather that is both beautiful and functional. We provide free sample service.","breadcrumb":{"@id":"https:\/\/fjyudeng.com\/product\/cross-grain-pu-leather-manufacturer\/#breadcrumb"},"inLanguage":"es-AR","potentialAction":[{"@type":"ReadAction","target":["https:\/\/fjyudeng.com\/product\/cross-grain-pu-leather-manufacturer\/"]}]},{"@type":"ImageObject","inLanguage":"es-AR","@id":"https:\/\/fjyudeng.com\/product\/cross-grain-pu-leather-manufacturer\/#primaryimage","url":"https:\/\/fjyudeng.com\/wp-content\/uploads\/2025\/07\/Cross-Grain-Pu-Leather-Manufacturer.jpg","contentUrl":"https:\/\/fjyudeng.com\/wp-content\/uploads\/2025\/07\/Cross-Grain-Pu-Leather-Manufacturer.jpg","width":800,"height":800,"caption":"Cross Grain Pu Leather Manufacturer"},{"@type":"BreadcrumbList","@id":"https:\/\/fjyudeng.com\/product\/cross-grain-pu-leather-manufacturer\/#breadcrumb","itemListElement":[{"@type":"ListItem","position":1,"name":"Home","item":"https:\/\/fjyudeng.com\/"},{"@type":"ListItem","position":2,"name":"Products","item":"https:\/\/fjyudeng.com\/products\/"},{"@type":"ListItem","position":3,"name":"Wholesale Cross Grain Pu Leather Manufacturer"}]},{"@type":"WebSite","@id":"https:\/\/fjyudeng.com\/#website","url":"https:\/\/fjyudeng.com\/","name":"fjyudeng.com","description":"","publisher":{"@id":"https:\/\/fjyudeng.com\/#\/schema\/person\/7e41764f047e7552c6ad5bdf5f6d78c7"},"potentialAction":[{"@type":"SearchAction","target":{"@type":"EntryPoint","urlTemplate":"https:\/\/fjyudeng.com\/?s={search_term_string}"},"query-input":"required name=search_term_string"}],"inLanguage":"es-AR"},{"@type":["Person","Organization"],"@id":"https:\/\/fjyudeng.com\/#\/schema\/person\/7e41764f047e7552c6ad5bdf5f6d78c7","name":"yshine03@gmail.com","image":{"@type":"ImageObject","inLanguage":"es-AR","@id":"https:\/\/fjyudeng.com\/#\/schema\/person\/image\/","url":"https:\/\/fjyudeng.com\/wp-content\/uploads\/2025\/04\/yudeng-pu-leather-factory-manufacturer.png","contentUrl":"https:\/\/fjyudeng.com\/wp-content\/uploads\/2025\/04\/yudeng-pu-leather-factory-manufacturer.png","width":588,"height":590,"caption":"yshine03@gmail.com"},"logo":{"@id":"https:\/\/fjyudeng.com\/#\/schema\/person\/image\/"},"sameAs":["https:\/\/fjyudeng.com"]}]}},"_links":{"self":[{"href":"https:\/\/fjyudeng.com\/es\/wp-json\/wp\/v2\/product\/3058","targetHints":{"allow":["GET"]}}],"collection":[{"href":"https:\/\/fjyudeng.com\/es\/wp-json\/wp\/v2\/product"}],"about":[{"href":"https:\/\/fjyudeng.com\/es\/wp-json\/wp\/v2\/types\/product"}],"wp:featuredmedia":[{"embeddable":true,"href":"https:\/\/fjyudeng.com\/es\/wp-json\/wp\/v2\/media\/3059"}],"wp:attachment":[{"href":"https:\/\/fjyudeng.com\/es\/wp-json\/wp\/v2\/media?parent=3058"}],"wp:term":[{"taxonomy":"product_brand","embeddable":true,"href":"https:\/\/fjyudeng.com\/es\/wp-json\/wp\/v2\/product_brand?post=3058"},{"taxonomy":"product_cat","embeddable":true,"href":"https:\/\/fjyudeng.com\/es\/wp-json\/wp\/v2\/product_cat?post=3058"},{"taxonomy":"product_tag","embeddable":true,"href":"https:\/\/fjyudeng.com\/es\/wp-json\/wp\/v2\/product_tag?post=3058"}],"curies":[{"name":"wp","href":"https:\/\/api.w.org\/{rel}","templated":true}]}}