{"id":3078,"date":"2025-08-02T09:50:41","date_gmt":"2025-08-02T01:50:41","guid":{"rendered":"https:\/\/fjyudeng.com\/?post_type=product&#038;p=3078"},"modified":"2025-08-06T17:22:27","modified_gmt":"2025-08-06T09:22:27","slug":"fabricante-de-cuero-pu-despojado-a-medida","status":"publish","type":"product","link":"https:\/\/fjyudeng.com\/es\/producto\/fabricante-de-cuero-pu-despojado-a-medida\/","title":{"rendered":"Fabricante de cuero sint\u00e9tico de raya media personalizado"},"content":{"rendered":"<p>El cuero de Pu pelado producido por Y<span style=\"color: #000000;\">udeng <strong><a style=\"color: #000000;\" href=\"https:\/\/fjyudeng.com\/es\/producto\/fabricante-de-cuero-sintetico-de-cuero-espacial\/\">f\u00e1brica de cuero artificial<\/a><\/strong> es de alta calidad<\/span> Material de cuero sint\u00e9tico dise\u00f1ado espec\u00edficamente para la parte superior de calzado deportivo, casual y de moda. Gracias a su exquisita artesan\u00eda, principios medioambientales sostenibles y servicios de personalizaci\u00f3n flexibles, nuestro cuero sint\u00e9tico pelado se ha ganado la confianza de numerosos fabricantes de calzado de todo el mundo.<\/p>\n<p><span style=\"color: #000000;\">El cuero sint\u00e9tico de PU pelado, producido mediante un proceso especial de pelado, presenta una superficie lisa, textura natural y una flexibilidad excepcional, lo que lo hace ideal para la parte superior del calzado. En comparaci\u00f3n con el cuero de PU com\u00fan, el cuero de PU pelado ofrece las siguientes caracter\u00edsticas:<\/span><\/p>\n<p><span style=\"color: #000000;\"><strong>Ligero y flexible:<\/strong> El proceso de pelado especializado crea un cuero m\u00e1s suave y liviano, reduciendo la probabilidad de que se arruguen las partes superiores.<\/span><\/p>\n<p><span style=\"color: #000000;\"><strong>Resistente a la abrasi\u00f3n y duradero:<\/strong> El denso recubrimiento de la superficie proporciona una alta resistencia a la abrasi\u00f3n, soportando el desgaste y la fricci\u00f3n diarios, prolongando la vida \u00fatil del calzado.<\/span><\/p>\n<p><span style=\"color: #000000;\"><strong>Transpirable y c\u00f3modo:<\/strong> Disponible con una estructura de respaldo transpirable, la parte superior mantiene una transpirabilidad c\u00f3moda para un uso prolongado.<\/span><\/p>\n<p><span style=\"color: #000000;\"><strong>Color y textura naturales:<\/strong> El acabado de la superficie es suave, lo que da como resultado un color rico y uniforme que simula la textura del cuero natural.<\/span><\/p>\n<p><span style=\"color: #000000;\">Para que los clientes comprendan r\u00e1pidamente el rendimiento de los materiales, Yudeng ofrece muestras gratuitas. Puede realizar pruebas de tacto y de proceso antes de realizar un pedido para garantizar que los materiales cumplan con sus requisitos de dise\u00f1o y producci\u00f3n.<\/span><\/p>\n<p style=\"text-align: center;\">\u00a0<img fetchpriority=\"high\" decoding=\"async\" class=\"alignnone wp-image-2969 size-full\" src=\"https:\/\/fjyudeng.com\/wp-content\/uploads\/2025\/07\/Yudeng-Textile-pu-leather-for-shoe.jpg\" alt=\"Cuero sint\u00e9tico textil Yudeng para calzado\" width=\"1200\" height=\"679\" srcset=\"https:\/\/fjyudeng.com\/wp-content\/uploads\/2025\/07\/Yudeng-Textile-pu-leather-for-shoe.jpg 1200w, https:\/\/fjyudeng.com\/wp-content\/uploads\/2025\/07\/Yudeng-Textile-pu-leather-for-shoe-300x170.jpg 300w, https:\/\/fjyudeng.com\/wp-content\/uploads\/2025\/07\/Yudeng-Textile-pu-leather-for-shoe-1024x579.jpg 1024w, https:\/\/fjyudeng.com\/wp-content\/uploads\/2025\/07\/Yudeng-Textile-pu-leather-for-shoe-768x435.jpg 768w, https:\/\/fjyudeng.com\/wp-content\/uploads\/2025\/07\/Yudeng-Textile-pu-leather-for-shoe-18x10.jpg 18w, https:\/\/fjyudeng.com\/wp-content\/uploads\/2025\/07\/Yudeng-Textile-pu-leather-for-shoe-600x340.jpg 600w\" sizes=\"(max-width: 1200px) 100vw, 1200px\" \/><img decoding=\"async\" class=\"alignnone wp-image-2968 size-full\" src=\"https:\/\/fjyudeng.com\/wp-content\/uploads\/2025\/07\/Yudeng-pu-leather-for-shoe-Product-description.jpg\" alt=\"Descripci\u00f3n del producto de cuero sint\u00e9tico Yudeng para calzado\" width=\"1200\" height=\"1377\" srcset=\"https:\/\/fjyudeng.com\/wp-content\/uploads\/2025\/07\/Yudeng-pu-leather-for-shoe-Product-description.jpg 1200w, https:\/\/fjyudeng.com\/wp-content\/uploads\/2025\/07\/Yudeng-pu-leather-for-shoe-Product-description-261x300.jpg 261w, https:\/\/fjyudeng.com\/wp-content\/uploads\/2025\/07\/Yudeng-pu-leather-for-shoe-Product-description-892x1024.jpg 892w, https:\/\/fjyudeng.com\/wp-content\/uploads\/2025\/07\/Yudeng-pu-leather-for-shoe-Product-description-768x881.jpg 768w, https:\/\/fjyudeng.com\/wp-content\/uploads\/2025\/07\/Yudeng-pu-leather-for-shoe-Product-description-10x12.jpg 10w, https:\/\/fjyudeng.com\/wp-content\/uploads\/2025\/07\/Yudeng-pu-leather-for-shoe-Product-description-600x689.jpg 600w\" sizes=\"(max-width: 1200px) 100vw, 1200px\" \/><\/p>\n<h4><span style=\"color: #ff6600;\"><strong>Servicio completo de personalizaci\u00f3n para satisfacer diversas necesidades de calzado.<\/strong><\/span><\/h4>\n<p><span style=\"color: #000000;\">Yudeng comprende que las diferentes marcas y estilos de calzado tienen diferentes requisitos de dise\u00f1o para los materiales de la parte superior. Por lo tanto, ofrecemos servicios flexibles de personalizaci\u00f3n OEM\/ODM, que incluyen:<\/span><\/p>\n<p><span style=\"color: #000000;\"><strong>Personalizaci\u00f3n del color:<\/strong> Podemos combinar colores seg\u00fan colores Pantone o muestras f\u00edsicas, lo que favorece un suministro de color estable para grandes cantidades.<\/span><\/p>\n<p><span style=\"color: #000000;\"><strong>Opciones de espesor:<\/strong> Ofrecemos una variedad de espesores de 0,6 mm a 2,0 mm para satisfacer los diversos requisitos estructurales de calzado deportivo, calzado de skate y calzado de moda.<\/span><\/p>\n<p><span style=\"color: #000000;\"><strong>Desarrollo de textura:<\/strong> Podemos personalizar una variedad de efectos de superficie, incluidos brillante, mate, lichi y napa.<\/span><\/p>\n<p><span style=\"color: #000000;\"><strong>Opciones de respaldo:<\/strong> Podemos combinar tela TC, tela no tejida o soportes de malla transpirable para lograr transpirabilidad o soporte estructural, dependiendo del dise\u00f1o superior.<\/span><\/p>\n<p><span style=\"color: #000000;\">Esta capacidad de personalizaci\u00f3n altamente flexible permite a los dise\u00f1adores y compradores participar desde la etapa de desarrollo del material para garantizar que el material superior combine perfectamente con el aspecto y el rendimiento del calzado final.<\/span><\/p>\n<p>&nbsp;<\/p>\n<h4><span style=\"color: #ff6600;\"><strong>REACH\/ROHS\/OEK<span style=\"color: #ff6600;\">Envolvente O-TEX\u00ae<\/span>certificaci\u00f3n ironmental<\/strong><\/span><\/h4>\n<p><span style=\"color: #000000;\">En la cadena de suministro global de calzado actual, el cumplimiento ambiental y la seguridad de los materiales se han convertido en criterios cruciales para la selecci\u00f3n de marcas. El cuero PU pelado de Yudeng se ha sometido a rigurosas pruebas ambientales y cuenta con numerosas certificaciones reconocidas internacionalmente, entre ellas:<\/span><\/p>\n<p><span style=\"color: #000000;\"><strong>Certificaci\u00f3n T\u00dcV:<\/strong> Garantiza que las propiedades f\u00edsicas y la durabilidad del material cumplen con los est\u00e1ndares internacionales;<\/span><\/p>\n<p><span style=\"color: #000000;\"><strong>Certificaci\u00f3n REACH:<\/strong> Cumple con las regulaciones de seguridad qu\u00edmica de la UE, garantizando que el material est\u00e1 libre de sustancias peligrosas;<\/span><\/p>\n<p><span style=\"color: #000000;\"><strong>Certificaci\u00f3n ROHS:<\/strong> Garantiza el respeto al medio ambiente durante la producci\u00f3n y el uso;<\/span><\/p>\n<p><span style=\"color: #000000;\"><strong>Certificaci\u00f3n OEKO-TEX\u00ae Standard 100:<\/strong> Verifica que el material sea seguro para el contacto directo con la piel.<\/span><\/p>\n<p><span style=\"color: #000000;\">Estas certificaciones no s\u00f3lo garantizan el car\u00e1cter verde y respetuoso con el medio ambiente de nuestros productos, sino que tambi\u00e9n brindan a nuestros clientes una mayor confianza al ingresar al mercado internacional, permiti\u00e9ndoles cumplir f\u00e1cilmente con los requisitos de cumplimiento de marcas europeas, americanas y globales.<\/span><\/p>\n<p style=\"text-align: center;\"><img decoding=\"async\" class=\"alignnone wp-image-2744\" src=\"Certificado de producto Yudeng\" alt=\"Certificado de producto Yudeng\" width=\"962\" height=\"516\" srcset=\"\" sizes=\"(max-width: 962px) 100vw, 962px\" data-srcset=\"\" \/><\/p>\n<h4><strong><span style=\"color: #ff6600;\">Aplicaci\u00f3n de producci\u00f3n<\/span><\/strong><\/h4>\n<p><span style=\"color: #000000;\">Gracias a su ligereza, durabilidad, suavidad, comodidad y su est\u00e9tica diversa, el cuero PU pelado se utiliza ampliamente en la producci\u00f3n de diversos materiales para la parte superior del calzado. Sus aplicaciones t\u00edpicas incluyen:<\/span><\/p>\n<p><span style=\"color: #000000;\"><strong>Calzado deportivo:<\/strong> Su parte superior ligera y suave reduce la tensi\u00f3n en el pie, lo que la hace ideal para zapatillas de running y entrenamiento;<\/span><\/p>\n<p><span style=\"color: #000000;\"><strong>Zapatos casuales de moda:<\/strong> Colores y texturas personalizables que satisfacen las necesidades de la moda urbana y el skate;<\/span><\/p>\n<p><span style=\"color: #000000;\"><strong>Calzado de ni\u00f1os y mujeres:<\/strong> Suave, seguro y con una variedad de colores, es ideal tanto para zapatos de ni\u00f1os como de mujeres de moda;<\/span><\/p>\n<p><span style=\"color: #000000;\"><strong>Zapatos ecol\u00f3gicos:<\/strong> Cuando se utiliza con pegamento con bajo contenido de COV, puede crear calzado ambientalmente sustentable.<\/span><\/p>\n<p><span style=\"color: #000000;\">Esta versatilidad hace que el cuero PU pelado sea un material ideal que las marcas pueden incorporar de manera flexible en sus dise\u00f1os de calzado en m\u00faltiples l\u00edneas de productos.<\/span><\/p>\n<p style=\"text-align: center;\"><img loading=\"lazy\" decoding=\"async\" class=\"alignnone wp-image-2970 size-full\" src=\"https:\/\/fjyudeng.com\/wp-content\/uploads\/2025\/07\/PU-leatther-for-shoe-application.jpg\" alt=\"Cuero PU para aplicaci\u00f3n en calzado\" width=\"1000\" height=\"607\" srcset=\"https:\/\/fjyudeng.com\/wp-content\/uploads\/2025\/07\/PU-leatther-for-shoe-application.jpg 1000w, https:\/\/fjyudeng.com\/wp-content\/uploads\/2025\/07\/PU-leatther-for-shoe-application-300x182.jpg 300w, https:\/\/fjyudeng.com\/wp-content\/uploads\/2025\/07\/PU-leatther-for-shoe-application-768x466.jpg 768w, https:\/\/fjyudeng.com\/wp-content\/uploads\/2025\/07\/PU-leatther-for-shoe-application-18x12.jpg 18w, https:\/\/fjyudeng.com\/wp-content\/uploads\/2025\/07\/PU-leatther-for-shoe-application-600x364.jpg 600w\" sizes=\"(max-width: 1000px) 100vw, 1000px\" \/><\/p>\n<h4><strong><span style=\"color: #ff6600;\">Ventaja de f\u00e1brica<\/span><\/strong><\/h4>\n<p><span style=\"color: #000000;\">Elegir materiales superiores de alta calidad va m\u00e1s all\u00e1 de elegir una pieza de cuero; tambi\u00e9n se trata del soporte de producci\u00f3n y la capacidad de suministro que lo respaldan. Como profesional <a style=\"color: #000000;\" href=\"https:\/\/fjyudeng.com\/es\/producto\/fabricante-de-cuero-sintetico-en-tono-lluvia\/\"><strong>proveedor de cuero sint\u00e9tico<\/strong><\/a>Yudeng cuenta con las siguientes ventajas principales:<\/span><\/p>\n<p><span style=\"color: #000000;\"><strong>Amplia experiencia:<\/strong> A\u00f1os de servicio a empresas de calzado nacionales e internacionales garantizan la familiaridad con los requisitos de la cadena de suministro de calzado internacional.<\/span><\/p>\n<p><span style=\"color: #000000;\"><strong>Equipo avanzado:<\/strong> M\u00faltiples l\u00edneas de producci\u00f3n automatizadas de recubrimiento y pelado garantizan lotes consistentes.<\/span><\/p>\n<p><span style=\"color: #000000;\"><strong>Control de calidad estricto:<\/strong> Se realizan pruebas de rendimiento f\u00edsico y qu\u00edmico durante todo el proceso, desde la adquisici\u00f3n de la materia prima y la producci\u00f3n hasta el env\u00edo.<\/span><\/p>\n<p><span style=\"color: #000000;\"><strong>Prototipado y entrega r\u00e1pidos:<\/strong> Ofrecemos pruebas de lotes peque\u00f1os y producci\u00f3n de lotes estables para satisfacer las necesidades de desarrollo de marca y entrega a gran escala.<\/span><\/p>\n<p><span style=\"color: #000000;\"><strong>Experiencia en Cooperaci\u00f3n Internacional:<\/strong> Nuestros productos se exportan a Europa, Am\u00e9rica, el Sudeste Asi\u00e1tico y Oriente Medio, brindando un servicio al cliente internacional.<\/span><\/p>\n<p><span style=\"color: #000000;\">Con un sistema de gesti\u00f3n de producci\u00f3n consolidado y capacidades flexibles de personalizaci\u00f3n, el cuero PU pelado de Yudeng no solo cumple con los requisitos funcionales, sino que tambi\u00e9n mejora la calidad general y la competitividad del calzado en el mercado. Si busca un material superior ecol\u00f3gico y confiable con un tacto suave y una apariencia atractiva, el cuero PU pelado de Yudeng es la opci\u00f3n ideal. Ya sea para desarrollar nuevos productos o para producirlos en masa, ofrecemos servicios integrales desde el muestreo hasta la entrega, garantizando que cada par de zapatos sea c\u00f3modo y est\u00e9 listo para el mercado.<\/span><\/p>\n<p style=\"text-align: center;\"><img loading=\"lazy\" decoding=\"async\" class=\"aligncenter wp-image-2741 size-full\" src=\"https:\/\/fjyudeng.com\/wp-content\/uploads\/2025\/06\/Yudeng-Factory-and-Company.jpg\" alt=\"F\u00e1brica y empresa Yudeng\" width=\"1200\" height=\"878\" srcset=\"https:\/\/fjyudeng.com\/wp-content\/uploads\/2025\/06\/Yudeng-Factory-and-Company.jpg 1200w, https:\/\/fjyudeng.com\/wp-content\/uploads\/2025\/06\/Yudeng-Factory-and-Company-600x439.jpg 600w, https:\/\/fjyudeng.com\/wp-content\/uploads\/2025\/06\/Yudeng-Factory-and-Company-300x220.jpg 300w, https:\/\/fjyudeng.com\/wp-content\/uploads\/2025\/06\/Yudeng-Factory-and-Company-1024x749.jpg 1024w, https:\/\/fjyudeng.com\/wp-content\/uploads\/2025\/06\/Yudeng-Factory-and-Company-768x562.jpg 768w, https:\/\/fjyudeng.com\/wp-content\/uploads\/2025\/06\/Yudeng-Factory-and-Company-16x12.jpg 16w\" sizes=\"(max-width: 1200px) 100vw, 1200px\" \/><\/p>\n<p style=\"text-align: center;\"><img loading=\"lazy\" decoding=\"async\" class=\"aligncenter wp-image-2739 size-full\" src=\"https:\/\/fjyudeng.com\/wp-content\/uploads\/2025\/06\/Yudeng-Exhibition-and-Partner.jpg\" alt=\"\" width=\"1200\" height=\"1566\" \/><\/p>","protected":false},"excerpt":{"rendered":"<ul>\n<li>\n<h5><span style=\"color: #000000;\">Pedido m\u00ednimo: 300 metros<\/span><\/h5>\n<\/li>\n<li>\n<h5><span style=\"color: #000000;\">F\u00e1brica de cuero sint\u00e9tico de 37 a\u00f1os<\/span><\/h5>\n<\/li>\n<li>\n<h5><span style=\"color: #000000;\">\u00c1rea de f\u00e1brica de 50000m\u00b2<\/span><\/h5>\n<\/li>\n<li>\n<h5><span style=\"color: #000000;\">10 l\u00edneas de producci\u00f3n<\/span><\/h5>\n<\/li>\n<li class=\"elementor-heading-title elementor-size-default\">\n<h5><span style=\"color: #000000;\">M\u00e1s de 400 texturas disponibles<\/span><\/h5>\n<\/li>\n<li class=\"elementor-heading-title elementor-size-default\">\n<h5><span style=\"color: #000000;\">Certificado REACH\/ROHS\/OEKO-TEX\u00ae<\/span><\/h5>\n<\/li>\n<\/ul>","protected":false},"featured_media":3079,"template":"","meta":[],"product_brand":[],"product_cat":[31],"product_tag":[],"class_list":{"0":"post-3078","1":"product","2":"type-product","3":"status-publish","4":"has-post-thumbnail","6":"product_cat-shoe-leather","8":"first","9":"instock","10":"shipping-taxable","11":"product-type-simple"},"yoast_head":"<!-- This site is optimized with the Yoast SEO Premium plugin v22.8 (Yoast SEO v22.8) - https:\/\/yoast.com\/wordpress\/plugins\/seo\/ -->\n<title>37 Years Customized Mid Stripped Artificial Leather Factory<\/title>\n<meta name=\"description\" content=\"Yudeng synthetic leather supplier produces peeled PU leather, offering flexible customization and free sampling.\" \/>\n<meta name=\"robots\" content=\"index, follow, max-snippet:-1, max-image-preview:large, max-video-preview:-1\" \/>\n<link rel=\"canonical\" href=\"https:\/\/fjyudeng.com\/es\/producto\/fabricante-de-cuero-pu-despojado-a-medida\/\" \/>\n<meta property=\"og:locale\" content=\"es_ES\" \/>\n<meta property=\"og:type\" content=\"article\" \/>\n<meta property=\"og:title\" content=\"Customized Mid Stripped Pu Leather Manufacturer\" \/>\n<meta property=\"og:description\" content=\"Yudeng synthetic leather supplier produces peeled PU leather, offering flexible customization and free sampling.\" \/>\n<meta property=\"og:url\" content=\"https:\/\/fjyudeng.com\/es\/producto\/fabricante-de-cuero-pu-despojado-a-medida\/\" \/>\n<meta property=\"og:site_name\" content=\"fjyudeng.com\" \/>\n<meta property=\"article:modified_time\" content=\"2025-08-06T09:22:27+00:00\" \/>\n<meta property=\"og:image\" content=\"https:\/\/fjyudeng.com\/wp-content\/uploads\/2025\/08\/Customized-Mid-Stripped-Pu-Leather-Manufacturer.jpg\" \/>\n\t<meta property=\"og:image:width\" content=\"750\" \/>\n\t<meta property=\"og:image:height\" content=\"750\" \/>\n\t<meta property=\"og:image:type\" content=\"image\/jpeg\" \/>\n<meta name=\"twitter:card\" content=\"summary_large_image\" \/>\n<meta name=\"twitter:label1\" content=\"Tiempo de lectura\" \/>\n\t<meta name=\"twitter:data1\" content=\"6 minutos\" \/>\n<script type=\"application\/ld+json\" class=\"yoast-schema-graph\">{\"@context\":\"https:\/\/schema.org\",\"@graph\":[{\"@type\":\"WebPage\",\"@id\":\"https:\/\/fjyudeng.com\/product\/customized-mid-stripped-pu-leather-manufacturer\/\",\"url\":\"https:\/\/fjyudeng.com\/product\/customized-mid-stripped-pu-leather-manufacturer\/\",\"name\":\"37 Years Customized Mid Stripped Artificial Leather Factory\",\"isPartOf\":{\"@id\":\"https:\/\/fjyudeng.com\/#website\"},\"primaryImageOfPage\":{\"@id\":\"https:\/\/fjyudeng.com\/product\/customized-mid-stripped-pu-leather-manufacturer\/#primaryimage\"},\"image\":{\"@id\":\"https:\/\/fjyudeng.com\/product\/customized-mid-stripped-pu-leather-manufacturer\/#primaryimage\"},\"thumbnailUrl\":\"https:\/\/fjyudeng.com\/wp-content\/uploads\/2025\/08\/Customized-Mid-Stripped-Pu-Leather-Manufacturer.jpg\",\"datePublished\":\"2025-08-02T01:50:41+00:00\",\"dateModified\":\"2025-08-06T09:22:27+00:00\",\"description\":\"Yudeng synthetic leather supplier produces peeled PU leather, offering flexible customization and free sampling.\",\"breadcrumb\":{\"@id\":\"https:\/\/fjyudeng.com\/product\/customized-mid-stripped-pu-leather-manufacturer\/#breadcrumb\"},\"inLanguage\":\"es-AR\",\"potentialAction\":[{\"@type\":\"ReadAction\",\"target\":[\"https:\/\/fjyudeng.com\/product\/customized-mid-stripped-pu-leather-manufacturer\/\"]}]},{\"@type\":\"ImageObject\",\"inLanguage\":\"es-AR\",\"@id\":\"https:\/\/fjyudeng.com\/product\/customized-mid-stripped-pu-leather-manufacturer\/#primaryimage\",\"url\":\"https:\/\/fjyudeng.com\/wp-content\/uploads\/2025\/08\/Customized-Mid-Stripped-Pu-Leather-Manufacturer.jpg\",\"contentUrl\":\"https:\/\/fjyudeng.com\/wp-content\/uploads\/2025\/08\/Customized-Mid-Stripped-Pu-Leather-Manufacturer.jpg\",\"width\":750,\"height\":750,\"caption\":\"Customized Mid Stripped Pu Leather Manufacturer\"},{\"@type\":\"BreadcrumbList\",\"@id\":\"https:\/\/fjyudeng.com\/product\/customized-mid-stripped-pu-leather-manufacturer\/#breadcrumb\",\"itemListElement\":[{\"@type\":\"ListItem\",\"position\":1,\"name\":\"Home\",\"item\":\"https:\/\/fjyudeng.com\/\"},{\"@type\":\"ListItem\",\"position\":2,\"name\":\"Products\",\"item\":\"https:\/\/fjyudeng.com\/products\/\"},{\"@type\":\"ListItem\",\"position\":3,\"name\":\"Customized Mid Stripped Pu Leather Manufacturer\"}]},{\"@type\":\"WebSite\",\"@id\":\"https:\/\/fjyudeng.com\/#website\",\"url\":\"https:\/\/fjyudeng.com\/\",\"name\":\"fjyudeng.com\",\"description\":\"\",\"publisher\":{\"@id\":\"https:\/\/fjyudeng.com\/#\/schema\/person\/7e41764f047e7552c6ad5bdf5f6d78c7\"},\"potentialAction\":[{\"@type\":\"SearchAction\",\"target\":{\"@type\":\"EntryPoint\",\"urlTemplate\":\"https:\/\/fjyudeng.com\/?s={search_term_string}\"},\"query-input\":\"required name=search_term_string\"}],\"inLanguage\":\"es-AR\"},{\"@type\":[\"Person\",\"Organization\"],\"@id\":\"https:\/\/fjyudeng.com\/#\/schema\/person\/7e41764f047e7552c6ad5bdf5f6d78c7\",\"name\":\"yshine03@gmail.com\",\"image\":{\"@type\":\"ImageObject\",\"inLanguage\":\"es-AR\",\"@id\":\"https:\/\/fjyudeng.com\/#\/schema\/person\/image\/\",\"url\":\"https:\/\/fjyudeng.com\/wp-content\/uploads\/2025\/04\/yudeng-pu-leather-factory-manufacturer.png\",\"contentUrl\":\"https:\/\/fjyudeng.com\/wp-content\/uploads\/2025\/04\/yudeng-pu-leather-factory-manufacturer.png\",\"width\":588,\"height\":590,\"caption\":\"yshine03@gmail.com\"},\"logo\":{\"@id\":\"https:\/\/fjyudeng.com\/#\/schema\/person\/image\/\"},\"sameAs\":[\"https:\/\/fjyudeng.com\"]}]}<\/script>\n<!-- \/ Yoast SEO Premium plugin. -->","yoast_head_json":{"title":"37 Years Customized Mid Stripped Artificial Leather Factory","description":"Yudeng synthetic leather supplier produces peeled PU leather, offering flexible customization and free sampling.","robots":{"index":"index","follow":"follow","max-snippet":"max-snippet:-1","max-image-preview":"max-image-preview:large","max-video-preview":"max-video-preview:-1"},"canonical":"https:\/\/fjyudeng.com\/es\/producto\/fabricante-de-cuero-pu-despojado-a-medida\/","og_locale":"es_ES","og_type":"article","og_title":"Customized Mid Stripped Pu Leather Manufacturer","og_description":"Yudeng synthetic leather supplier produces peeled PU leather, offering flexible customization and free sampling.","og_url":"https:\/\/fjyudeng.com\/es\/producto\/fabricante-de-cuero-pu-despojado-a-medida\/","og_site_name":"fjyudeng.com","article_modified_time":"2025-08-06T09:22:27+00:00","og_image":[{"width":750,"height":750,"url":"https:\/\/fjyudeng.com\/wp-content\/uploads\/2025\/08\/Customized-Mid-Stripped-Pu-Leather-Manufacturer.jpg","type":"image\/jpeg"}],"twitter_card":"summary_large_image","twitter_misc":{"Tiempo de lectura":"6 minutos"},"schema":{"@context":"https:\/\/schema.org","@graph":[{"@type":"WebPage","@id":"https:\/\/fjyudeng.com\/product\/customized-mid-stripped-pu-leather-manufacturer\/","url":"https:\/\/fjyudeng.com\/product\/customized-mid-stripped-pu-leather-manufacturer\/","name":"37 Years Customized Mid Stripped Artificial Leather Factory","isPartOf":{"@id":"https:\/\/fjyudeng.com\/#website"},"primaryImageOfPage":{"@id":"https:\/\/fjyudeng.com\/product\/customized-mid-stripped-pu-leather-manufacturer\/#primaryimage"},"image":{"@id":"https:\/\/fjyudeng.com\/product\/customized-mid-stripped-pu-leather-manufacturer\/#primaryimage"},"thumbnailUrl":"https:\/\/fjyudeng.com\/wp-content\/uploads\/2025\/08\/Customized-Mid-Stripped-Pu-Leather-Manufacturer.jpg","datePublished":"2025-08-02T01:50:41+00:00","dateModified":"2025-08-06T09:22:27+00:00","description":"Yudeng synthetic leather supplier produces peeled PU leather, offering flexible customization and free sampling.","breadcrumb":{"@id":"https:\/\/fjyudeng.com\/product\/customized-mid-stripped-pu-leather-manufacturer\/#breadcrumb"},"inLanguage":"es-AR","potentialAction":[{"@type":"ReadAction","target":["https:\/\/fjyudeng.com\/product\/customized-mid-stripped-pu-leather-manufacturer\/"]}]},{"@type":"ImageObject","inLanguage":"es-AR","@id":"https:\/\/fjyudeng.com\/product\/customized-mid-stripped-pu-leather-manufacturer\/#primaryimage","url":"https:\/\/fjyudeng.com\/wp-content\/uploads\/2025\/08\/Customized-Mid-Stripped-Pu-Leather-Manufacturer.jpg","contentUrl":"https:\/\/fjyudeng.com\/wp-content\/uploads\/2025\/08\/Customized-Mid-Stripped-Pu-Leather-Manufacturer.jpg","width":750,"height":750,"caption":"Customized Mid Stripped Pu Leather Manufacturer"},{"@type":"BreadcrumbList","@id":"https:\/\/fjyudeng.com\/product\/customized-mid-stripped-pu-leather-manufacturer\/#breadcrumb","itemListElement":[{"@type":"ListItem","position":1,"name":"Home","item":"https:\/\/fjyudeng.com\/"},{"@type":"ListItem","position":2,"name":"Products","item":"https:\/\/fjyudeng.com\/products\/"},{"@type":"ListItem","position":3,"name":"Customized Mid Stripped Pu Leather Manufacturer"}]},{"@type":"WebSite","@id":"https:\/\/fjyudeng.com\/#website","url":"https:\/\/fjyudeng.com\/","name":"fjyudeng.com","description":"","publisher":{"@id":"https:\/\/fjyudeng.com\/#\/schema\/person\/7e41764f047e7552c6ad5bdf5f6d78c7"},"potentialAction":[{"@type":"SearchAction","target":{"@type":"EntryPoint","urlTemplate":"https:\/\/fjyudeng.com\/?s={search_term_string}"},"query-input":"required name=search_term_string"}],"inLanguage":"es-AR"},{"@type":["Person","Organization"],"@id":"https:\/\/fjyudeng.com\/#\/schema\/person\/7e41764f047e7552c6ad5bdf5f6d78c7","name":"yshine03@gmail.com","image":{"@type":"ImageObject","inLanguage":"es-AR","@id":"https:\/\/fjyudeng.com\/#\/schema\/person\/image\/","url":"https:\/\/fjyudeng.com\/wp-content\/uploads\/2025\/04\/yudeng-pu-leather-factory-manufacturer.png","contentUrl":"https:\/\/fjyudeng.com\/wp-content\/uploads\/2025\/04\/yudeng-pu-leather-factory-manufacturer.png","width":588,"height":590,"caption":"yshine03@gmail.com"},"logo":{"@id":"https:\/\/fjyudeng.com\/#\/schema\/person\/image\/"},"sameAs":["https:\/\/fjyudeng.com"]}]}},"_links":{"self":[{"href":"https:\/\/fjyudeng.com\/es\/wp-json\/wp\/v2\/product\/3078","targetHints":{"allow":["GET"]}}],"collection":[{"href":"https:\/\/fjyudeng.com\/es\/wp-json\/wp\/v2\/product"}],"about":[{"href":"https:\/\/fjyudeng.com\/es\/wp-json\/wp\/v2\/types\/product"}],"wp:featuredmedia":[{"embeddable":true,"href":"https:\/\/fjyudeng.com\/es\/wp-json\/wp\/v2\/media\/3079"}],"wp:attachment":[{"href":"https:\/\/fjyudeng.com\/es\/wp-json\/wp\/v2\/media?parent=3078"}],"wp:term":[{"taxonomy":"product_brand","embeddable":true,"href":"https:\/\/fjyudeng.com\/es\/wp-json\/wp\/v2\/product_brand?post=3078"},{"taxonomy":"product_cat","embeddable":true,"href":"https:\/\/fjyudeng.com\/es\/wp-json\/wp\/v2\/product_cat?post=3078"},{"taxonomy":"product_tag","embeddable":true,"href":"https:\/\/fjyudeng.com\/es\/wp-json\/wp\/v2\/product_tag?post=3078"}],"curies":[{"name":"wp","href":"https:\/\/api.w.org\/{rel}","templated":true}]}}