{"id":3082,"date":"2025-08-04T10:59:59","date_gmt":"2025-08-04T02:59:59","guid":{"rendered":"https:\/\/fjyudeng.com\/?post_type=product&#038;p=3082"},"modified":"2025-08-06T17:22:03","modified_gmt":"2025-08-06T09:22:03","slug":"cuero-sintetico-personalizado-al-por-mayor-para-la-parte-superior-del-zapato","status":"publish","type":"product","link":"https:\/\/fjyudeng.com\/es\/producto\/cuero-sintetico-personalizado-al-por-mayor-para-la-parte-superior-del-zapato\/","title":{"rendered":"Cuero sint\u00e9tico personalizado al por mayor para la parte superior del calzado"},"content":{"rendered":"<p><span style=\"color: #000000;\">Si est\u00e1 buscando un material para la parte superior del zapato que sea est\u00e9ticamente agradable y pr\u00e1ctico, Yudeng <a style=\"color: #000000;\" href=\"https:\/\/fjyudeng.com\/es\/producto\/fabricante-de-cuero-pu-despojado-a-medida\/\"><strong>Cuero sint\u00e9tico al por mayor<\/strong><\/a> El cuero sint\u00e9tico PU personalizado del fabricante es una excelente opci\u00f3n. Nos especializamos en la investigaci\u00f3n, el desarrollo y la producci\u00f3n de cuero PU para calzado, satisfaciendo diversas necesidades de dise\u00f1o y ofreciendo un rendimiento estable y confiable.<\/span><\/p>\n<p><span style=\"color: #000000;\">Ofrecemos servicios de muestreo r\u00e1pidos y flexibles:<\/span><\/p>\n<p><span style=\"color: #000000;\"><strong>Prototipado de lotes peque\u00f1os:<\/strong> Podemos producir r\u00e1pidamente muestras adaptadas a sus necesidades, incluyendo combinaciones de colores, espesores, texturas y soportes.<\/span><\/p>\n<p><span style=\"color: #000000;\"><strong>Diversos estilos de referencia:<\/strong> Contamos con una biblioteca de cientos de texturas cl\u00e1sicas, que ofrecen una variedad de muestras de referencia, como acabados granulados, napa, sarga, perlados, brillantes o mate, lo que ayuda a los dise\u00f1adores a identificar r\u00e1pidamente el estilo deseado.<\/span><\/p>\n<p><span style=\"color: #000000;\"><strong>Respuesta r\u00e1pida:<\/strong> Las muestras normalmente se env\u00edan dentro de 3 a 5 d\u00edas h\u00e1biles, lo que permite realizar pruebas y evaluaciones c\u00f3modamente.<\/span><\/p>\n<p><span style=\"color: #000000;\">Este c\u00f3modo servicio de muestreo permite a las empresas de calzado controlar con precisi\u00f3n los resultados del dise\u00f1o desde las primeras etapas, reduciendo los riesgos de desarrollo y ahorrando significativamente tiempo y costos de comunicaci\u00f3n.<\/span><\/p>\n<p style=\"text-align: center;\">\u00a0<img fetchpriority=\"high\" decoding=\"async\" class=\"alignnone wp-image-2969 size-full\" src=\"https:\/\/fjyudeng.com\/wp-content\/uploads\/2025\/07\/Yudeng-Textile-pu-leather-for-shoe.jpg\" alt=\"Cuero sint\u00e9tico textil Yudeng para calzado\" width=\"1200\" height=\"679\" srcset=\"https:\/\/fjyudeng.com\/wp-content\/uploads\/2025\/07\/Yudeng-Textile-pu-leather-for-shoe.jpg 1200w, https:\/\/fjyudeng.com\/wp-content\/uploads\/2025\/07\/Yudeng-Textile-pu-leather-for-shoe-300x170.jpg 300w, https:\/\/fjyudeng.com\/wp-content\/uploads\/2025\/07\/Yudeng-Textile-pu-leather-for-shoe-1024x579.jpg 1024w, https:\/\/fjyudeng.com\/wp-content\/uploads\/2025\/07\/Yudeng-Textile-pu-leather-for-shoe-768x435.jpg 768w, https:\/\/fjyudeng.com\/wp-content\/uploads\/2025\/07\/Yudeng-Textile-pu-leather-for-shoe-18x10.jpg 18w, https:\/\/fjyudeng.com\/wp-content\/uploads\/2025\/07\/Yudeng-Textile-pu-leather-for-shoe-600x340.jpg 600w\" sizes=\"(max-width: 1200px) 100vw, 1200px\" \/><img decoding=\"async\" class=\"alignnone wp-image-2968 size-full\" src=\"https:\/\/fjyudeng.com\/wp-content\/uploads\/2025\/07\/Yudeng-pu-leather-for-shoe-Product-description.jpg\" alt=\"Descripci\u00f3n del producto de cuero sint\u00e9tico Yudeng para calzado\" width=\"1200\" height=\"1377\" srcset=\"https:\/\/fjyudeng.com\/wp-content\/uploads\/2025\/07\/Yudeng-pu-leather-for-shoe-Product-description.jpg 1200w, https:\/\/fjyudeng.com\/wp-content\/uploads\/2025\/07\/Yudeng-pu-leather-for-shoe-Product-description-261x300.jpg 261w, https:\/\/fjyudeng.com\/wp-content\/uploads\/2025\/07\/Yudeng-pu-leather-for-shoe-Product-description-892x1024.jpg 892w, https:\/\/fjyudeng.com\/wp-content\/uploads\/2025\/07\/Yudeng-pu-leather-for-shoe-Product-description-768x881.jpg 768w, https:\/\/fjyudeng.com\/wp-content\/uploads\/2025\/07\/Yudeng-pu-leather-for-shoe-Product-description-10x12.jpg 10w, https:\/\/fjyudeng.com\/wp-content\/uploads\/2025\/07\/Yudeng-pu-leather-for-shoe-Product-description-600x689.jpg 600w\" sizes=\"(max-width: 1200px) 100vw, 1200px\" \/><\/p>\n<h4><span style=\"color: #ff6600;\"><strong>Servicio completo de personalizaci\u00f3n para satisfacer diversas necesidades de calzado.<\/strong><\/span><\/h4>\n<p><span style=\"color: #000000;\">Yudeng se destaca por ofrecer soluciones integrales a medida para fabricantes de calzado. Ya sea que busque estilo, comodidad o funcionalidad, podemos encontrar el cuero sint\u00e9tico PU ideal para usted.<\/span><\/p>\n<p><span style=\"color: #000000;\"><strong>Color personalizado:<\/strong> Podemos personalizar colores seg\u00fan los n\u00fameros de color Pantone o muestras de tela reales, admitiendo varios acabados como mate, brillante y perlado.<\/span><\/p>\n<p><span style=\"color: #000000;\"><strong>Grosor personalizado:<\/strong> El grosor de nuestro cuero PU para la parte superior de zapatos se puede ajustar de forma flexible de 0,6 mm a 2,0 mm, adecuado tanto para zapatos deportivos livianos como para zapatos y botas casuales resistentes.<\/span><\/p>\n<p><span style=\"color: #000000;\"><strong>Textura personalizada:<\/strong> Desde patrones cl\u00e1sicos de lichi y napa hasta patrones geom\u00e9tricos de moda, ondas y estampados de animales simulados, podemos crear relieves precisos.<\/span><\/p>\n<p><span style=\"color: #000000;\"><strong>Respaldo personalizable:<\/strong> Disponible en telas no tejidas, de punto, el\u00e1sticas o esponjosas, el respaldo optimiza el ajuste y la comodidad, permitiendo a los clientes colocarse los zapatos f\u00e1cilmente.<\/span><\/p>\n<p><span style=\"color: #000000;\">Este alto grado de personalizaci\u00f3n permite a los dise\u00f1adores dar rienda suelta a su creatividad sin restricciones, dando a cada par de zapatos un estilo \u00fanico.<\/span><\/p>\n<p>&nbsp;<\/p>\n<h4><span style=\"color: #ff6600;\"><strong>REACH\/ROHS\/OEK<span style=\"color: #ff6600;\">Envolvente O-TEX\u00ae<\/span>certificaci\u00f3n ironmental<\/strong><\/span><\/h4>\n<p><span style=\"color: #000000;\">En el mercado actual, la protecci\u00f3n del medio ambiente y la sostenibilidad se han convertido en criterios esenciales para los fabricantes de calzado a la hora de seleccionar materiales. El cuero PU de Yudeng para empeines cuenta con m\u00faltiples certificaciones ambientales internacionales, cumpliendo as\u00ed con los estrictos requisitos de los mercados europeo, americano y asi\u00e1tico:<\/span><\/p>\n<p><span style=\"color: #000000;\"><strong>T\u00dcV\/REACH\/ROHS:<\/strong> Garantiza que el producto est\u00e9 libre de sustancias qu\u00edmicas nocivas y cumpla con los est\u00e1ndares de seguridad qu\u00edmica de la UE.<\/span><\/p>\n<p><span style=\"color: #000000;\"><strong>Norma OEKO-TEX\u00ae 100:<\/strong> Garantiza que el material sea seguro para el contacto con la piel y pueda usarse en calzado infantil y deportivo.<\/span><\/p>\n<p><span style=\"color: #000000;\"><strong>Pruebas de bajas emisiones de COV:<\/strong> Controlamos las emisiones de disolventes durante el proceso de producci\u00f3n para cumplir con las regulaciones ambientales y los est\u00e1ndares de la cadena de suministro verde.<\/span><\/p>\n<p><span style=\"color: #000000;\">Estas certificaciones autorizadas no solo protegen la salud de los consumidores finales, sino que tambi\u00e9n permiten a los fabricantes de calzado exportar a los mercados globales con confianza, mitigando los riesgos comerciales asociados con problemas materiales.<\/span><\/p>\n<p style=\"text-align: center;\"><img decoding=\"async\" class=\"alignnone wp-image-2744\" src=\"Certificado de producto Yudeng\" alt=\"Certificado de producto Yudeng\" width=\"962\" height=\"516\" srcset=\"\" sizes=\"(max-width: 962px) 100vw, 962px\" data-srcset=\"\" \/><\/p>\n<h4><strong><span style=\"color: #ff6600;\">Aplicaci\u00f3n de producci\u00f3n<\/span><\/strong><\/h4>\n<p><span style=\"color: #000000;\">El cuero PU personalizado de Yudeng no solo ofrece una apariencia sobresaliente, sino que tambi\u00e9n cuenta con una durabilidad excepcional y adaptabilidad al proceso, lo que lo hace adecuado para una amplia gama de estilos de calzado:<\/span><\/p>\n<p><span style=\"color: #000000;\"><strong>Calzado deportivo\/casual:<\/strong> El cuero PU liviano y flexible ofrece transpirabilidad y soporte, lo que lo hace ideal para el uso diario y el ejercicio ligero.<\/span><\/p>\n<p><span style=\"color: #000000;\"><strong>Botas de cuero\/zapatos de trabajo:<\/strong> El material de PU grueso y duradero puede reemplazar parcialmente el cuero genuino, mejorando la resistencia a la flexi\u00f3n y la durabilidad y al mismo tiempo reduciendo los costos.<\/span><\/p>\n<p><span style=\"color: #000000;\"><strong>Zapatos de moda para mujer y ni\u00f1o:<\/strong> Una amplia selecci\u00f3n de colores y texturas a\u00f1ade un toque de dise\u00f1o a la parte superior, y la certificaci\u00f3n ambiental brinda tranquilidad a los zapatos de los ni\u00f1os.<\/span><\/p>\n<p><span style=\"color: #000000;\"><strong>Zapatos funcionales\/impermeables:<\/strong> El cuero PU con revestimiento especial ofrece un grado de repelencia al agua, lo que lo hace adecuado para calzado de rendimiento urbano o para exteriores.<\/span><\/p>\n<p><span style=\"color: #000000;\">Debido a su alta adaptabilidad, el cuero PU de Yudeng se ha utilizado ampliamente en las l\u00edneas de producci\u00f3n de fabricantes de calzado nacionales e internacionales, disfrutando de una retenci\u00f3n y reconocimiento de clientes estables a largo plazo.<\/span><\/p>\n<p style=\"text-align: center;\"><img loading=\"lazy\" decoding=\"async\" class=\"alignnone wp-image-2970 size-full\" src=\"https:\/\/fjyudeng.com\/wp-content\/uploads\/2025\/07\/PU-leatther-for-shoe-application.jpg\" alt=\"Cuero PU para aplicaci\u00f3n en calzado\" width=\"1000\" height=\"607\" srcset=\"https:\/\/fjyudeng.com\/wp-content\/uploads\/2025\/07\/PU-leatther-for-shoe-application.jpg 1000w, https:\/\/fjyudeng.com\/wp-content\/uploads\/2025\/07\/PU-leatther-for-shoe-application-300x182.jpg 300w, https:\/\/fjyudeng.com\/wp-content\/uploads\/2025\/07\/PU-leatther-for-shoe-application-768x466.jpg 768w, https:\/\/fjyudeng.com\/wp-content\/uploads\/2025\/07\/PU-leatther-for-shoe-application-18x12.jpg 18w, https:\/\/fjyudeng.com\/wp-content\/uploads\/2025\/07\/PU-leatther-for-shoe-application-600x364.jpg 600w\" sizes=\"(max-width: 1000px) 100vw, 1000px\" \/><\/p>\n<h4><strong><span style=\"color: #ff6600;\">Ventaja de f\u00e1brica<\/span><\/strong><\/h4>\n<p><span style=\"color: #000000;\">Elegir un proveedor confiable <a style=\"color: #000000;\" href=\"https:\/\/fjyudeng.com\/es\/producto\/fabricante-de-cuero-sintetico-de-cuero-espacial\/\"><strong>empresa de cuero sint\u00e9tico<\/strong><\/a> Para calzado, garantiza eficiencia y calidad en toda la cadena de producci\u00f3n. Yudeng cuenta con una larga experiencia en la fabricaci\u00f3n de cuero sint\u00e9tico de PU y cuenta con una s\u00f3lida capacidad de fabricaci\u00f3n:<\/span><\/p>\n<p><span style=\"color: #000000;\"><strong>L\u00edneas de producci\u00f3n avanzadas:<\/strong> Equipados con m\u00faltiples l\u00edneas de producci\u00f3n, incluidos procesos secos, h\u00famedos y de laminaci\u00f3n, ofrecemos un cambio flexible entre los procesos de producci\u00f3n para satisfacer las necesidades de diversos estilos de calzado.<\/span><\/p>\n<p><span style=\"color: #000000;\"><strong>Control de calidad estricto:<\/strong> Desde el almacenamiento de la materia prima, el recubrimiento y el espumado, la impresi\u00f3n y el estampado, hasta la reinspecci\u00f3n del producto terminado, cada paso se supervisa cuidadosamente con registros de inspecci\u00f3n de control de calidad para garantizar la consistencia del lote.<\/span><\/p>\n<p><span style=\"color: #000000;\"><strong>I+D+i:<\/strong> Lanzamos docenas de nuevas texturas y caracter\u00edsticas de cuero PU anualmente, satisfaciendo la demanda del mercado tanto de moda como de funcionalidad.<\/span><\/p>\n<p><span style=\"color: #000000;\"><strong>Experiencia en suministro global:<\/strong> Nuestros productos se exportan a numerosos pa\u00edses y regiones de Europa, Am\u00e9rica, el Sudeste Asi\u00e1tico y Oriente Medio, y estamos familiarizados con los procesos de pedidos y los requisitos de entrega de los fabricantes de calzado.<\/span><\/p>\n<p><span style=\"color: #000000;\">Esta fortaleza integral, que integra I+D, producci\u00f3n y control de calidad, convierte a Yudeng en un socio confiable a largo plazo para los fabricantes de calzado.<\/span><\/p>\n<p><span style=\"color: #000000;\">Al elegir Yudeng para cuero sint\u00e9tico PU personalizado para la parte superior de su calzado, recibir\u00e1 un material que combina est\u00e9tica, respeto al medio ambiente y durabilidad, adem\u00e1s de servicios de personalizaci\u00f3n flexibles y un soporte t\u00e9cnico confiable de f\u00e1brica. Ya sea que busque dise\u00f1os creativos, mejorar la eficiencia de producci\u00f3n o exportar a mercados internacionales, Yudeng le ofrece soluciones profesionales y confiables para la adquisici\u00f3n de materiales para su calzado.<\/span><\/p>\n<p style=\"text-align: center;\"><img loading=\"lazy\" decoding=\"async\" class=\"aligncenter wp-image-2741 size-full\" src=\"https:\/\/fjyudeng.com\/wp-content\/uploads\/2025\/06\/Yudeng-Factory-and-Company.jpg\" alt=\"F\u00e1brica y empresa Yudeng\" width=\"1200\" height=\"878\" srcset=\"https:\/\/fjyudeng.com\/wp-content\/uploads\/2025\/06\/Yudeng-Factory-and-Company.jpg 1200w, https:\/\/fjyudeng.com\/wp-content\/uploads\/2025\/06\/Yudeng-Factory-and-Company-600x439.jpg 600w, https:\/\/fjyudeng.com\/wp-content\/uploads\/2025\/06\/Yudeng-Factory-and-Company-300x220.jpg 300w, https:\/\/fjyudeng.com\/wp-content\/uploads\/2025\/06\/Yudeng-Factory-and-Company-1024x749.jpg 1024w, https:\/\/fjyudeng.com\/wp-content\/uploads\/2025\/06\/Yudeng-Factory-and-Company-768x562.jpg 768w, https:\/\/fjyudeng.com\/wp-content\/uploads\/2025\/06\/Yudeng-Factory-and-Company-16x12.jpg 16w\" sizes=\"(max-width: 1200px) 100vw, 1200px\" \/><\/p>\n<p style=\"text-align: center;\"><img loading=\"lazy\" decoding=\"async\" class=\"aligncenter wp-image-2739 size-full\" src=\"https:\/\/fjyudeng.com\/wp-content\/uploads\/2025\/06\/Yudeng-Exhibition-and-Partner.jpg\" alt=\"\" width=\"1200\" height=\"1566\" \/><\/p>","protected":false},"excerpt":{"rendered":"<ul>\n<li>\n<h5><span style=\"color: #000000;\">Pedido m\u00ednimo: 300 metros<\/span><\/h5>\n<\/li>\n<li>\n<h5><span style=\"color: #000000;\">F\u00e1brica de cuero sint\u00e9tico de 37 a\u00f1os<\/span><\/h5>\n<\/li>\n<li>\n<h5><span style=\"color: #000000;\">\u00c1rea de f\u00e1brica de 50000m\u00b2<\/span><\/h5>\n<\/li>\n<li>\n<h5><span style=\"color: #000000;\">10 l\u00edneas de producci\u00f3n<\/span><\/h5>\n<\/li>\n<li class=\"elementor-heading-title elementor-size-default\">\n<h5><span style=\"color: #000000;\">M\u00e1s de 400 texturas disponibles<\/span><\/h5>\n<\/li>\n<li class=\"elementor-heading-title elementor-size-default\">\n<h5><span style=\"color: #000000;\">Certificado REACH\/ROHS\/OEKO-TEX\u00ae<\/span><\/h5>\n<\/li>\n<\/ul>","protected":false},"featured_media":3083,"template":"","meta":[],"product_brand":[],"product_cat":[31],"product_tag":[],"class_list":{"0":"post-3082","1":"product","2":"type-product","3":"status-publish","4":"has-post-thumbnail","6":"product_cat-shoe-leather","8":"first","9":"instock","10":"shipping-taxable","11":"product-type-simple"},"yoast_head":"<!-- This site is optimized with the Yoast SEO Premium plugin v22.8 (Yoast SEO v22.8) - https:\/\/yoast.com\/wordpress\/plugins\/seo\/ -->\n<title>37 Years Custom Wholesale Pu Leather for Shoe Uppers<\/title>\n<meta name=\"description\" content=\"Yudeng Pu synthetic leather company offers fast and flexible sample processing services and has many years of experience in custom PU synthetic leather manufacturing.\" \/>\n<meta name=\"robots\" content=\"index, follow, max-snippet:-1, max-image-preview:large, max-video-preview:-1\" \/>\n<link rel=\"canonical\" href=\"https:\/\/fjyudeng.com\/es\/producto\/cuero-sintetico-personalizado-al-por-mayor-para-la-parte-superior-del-zapato\/\" \/>\n<meta property=\"og:locale\" content=\"es_ES\" \/>\n<meta property=\"og:type\" content=\"article\" \/>\n<meta property=\"og:title\" content=\"Custom Wholesale Pu Leather for Shoe Uppers\" \/>\n<meta property=\"og:description\" content=\"Yudeng Pu synthetic leather company offers fast and flexible sample processing services and has many years of experience in custom PU synthetic leather manufacturing.\" \/>\n<meta property=\"og:url\" content=\"https:\/\/fjyudeng.com\/es\/producto\/cuero-sintetico-personalizado-al-por-mayor-para-la-parte-superior-del-zapato\/\" \/>\n<meta property=\"og:site_name\" content=\"fjyudeng.com\" \/>\n<meta property=\"article:modified_time\" content=\"2025-08-06T09:22:03+00:00\" \/>\n<meta property=\"og:image\" content=\"https:\/\/fjyudeng.com\/wp-content\/uploads\/2025\/08\/Custom-Wholesale-Pu-Leather-for-Shoe-Uppers.jpg\" \/>\n\t<meta property=\"og:image:width\" content=\"1243\" \/>\n\t<meta property=\"og:image:height\" content=\"1243\" \/>\n\t<meta property=\"og:image:type\" content=\"image\/jpeg\" \/>\n<meta name=\"twitter:card\" content=\"summary_large_image\" \/>\n<meta name=\"twitter:label1\" content=\"Tiempo de lectura\" \/>\n\t<meta name=\"twitter:data1\" content=\"5 minutos\" \/>\n<script type=\"application\/ld+json\" class=\"yoast-schema-graph\">{\"@context\":\"https:\/\/schema.org\",\"@graph\":[{\"@type\":\"WebPage\",\"@id\":\"https:\/\/fjyudeng.com\/product\/custom-wholesale-pu-leather-for-shoe-upper\/\",\"url\":\"https:\/\/fjyudeng.com\/product\/custom-wholesale-pu-leather-for-shoe-upper\/\",\"name\":\"37 Years Custom Wholesale Pu Leather for Shoe Uppers\",\"isPartOf\":{\"@id\":\"https:\/\/fjyudeng.com\/#website\"},\"primaryImageOfPage\":{\"@id\":\"https:\/\/fjyudeng.com\/product\/custom-wholesale-pu-leather-for-shoe-upper\/#primaryimage\"},\"image\":{\"@id\":\"https:\/\/fjyudeng.com\/product\/custom-wholesale-pu-leather-for-shoe-upper\/#primaryimage\"},\"thumbnailUrl\":\"https:\/\/fjyudeng.com\/wp-content\/uploads\/2025\/08\/Custom-Wholesale-Pu-Leather-for-Shoe-Uppers.jpg\",\"datePublished\":\"2025-08-04T02:59:59+00:00\",\"dateModified\":\"2025-08-06T09:22:03+00:00\",\"description\":\"Yudeng Pu synthetic leather company offers fast and flexible sample processing services and has many years of experience in custom PU synthetic leather manufacturing.\",\"breadcrumb\":{\"@id\":\"https:\/\/fjyudeng.com\/product\/custom-wholesale-pu-leather-for-shoe-upper\/#breadcrumb\"},\"inLanguage\":\"es-AR\",\"potentialAction\":[{\"@type\":\"ReadAction\",\"target\":[\"https:\/\/fjyudeng.com\/product\/custom-wholesale-pu-leather-for-shoe-upper\/\"]}]},{\"@type\":\"ImageObject\",\"inLanguage\":\"es-AR\",\"@id\":\"https:\/\/fjyudeng.com\/product\/custom-wholesale-pu-leather-for-shoe-upper\/#primaryimage\",\"url\":\"https:\/\/fjyudeng.com\/wp-content\/uploads\/2025\/08\/Custom-Wholesale-Pu-Leather-for-Shoe-Uppers.jpg\",\"contentUrl\":\"https:\/\/fjyudeng.com\/wp-content\/uploads\/2025\/08\/Custom-Wholesale-Pu-Leather-for-Shoe-Uppers.jpg\",\"width\":1243,\"height\":1243,\"caption\":\"Custom Wholesale Pu Leather for Shoe Uppers\"},{\"@type\":\"BreadcrumbList\",\"@id\":\"https:\/\/fjyudeng.com\/product\/custom-wholesale-pu-leather-for-shoe-upper\/#breadcrumb\",\"itemListElement\":[{\"@type\":\"ListItem\",\"position\":1,\"name\":\"Home\",\"item\":\"https:\/\/fjyudeng.com\/\"},{\"@type\":\"ListItem\",\"position\":2,\"name\":\"Products\",\"item\":\"https:\/\/fjyudeng.com\/products\/\"},{\"@type\":\"ListItem\",\"position\":3,\"name\":\"Custom Wholesale Pu Leather for Shoe Uppers\"}]},{\"@type\":\"WebSite\",\"@id\":\"https:\/\/fjyudeng.com\/#website\",\"url\":\"https:\/\/fjyudeng.com\/\",\"name\":\"fjyudeng.com\",\"description\":\"\",\"publisher\":{\"@id\":\"https:\/\/fjyudeng.com\/#\/schema\/person\/7e41764f047e7552c6ad5bdf5f6d78c7\"},\"potentialAction\":[{\"@type\":\"SearchAction\",\"target\":{\"@type\":\"EntryPoint\",\"urlTemplate\":\"https:\/\/fjyudeng.com\/?s={search_term_string}\"},\"query-input\":\"required name=search_term_string\"}],\"inLanguage\":\"es-AR\"},{\"@type\":[\"Person\",\"Organization\"],\"@id\":\"https:\/\/fjyudeng.com\/#\/schema\/person\/7e41764f047e7552c6ad5bdf5f6d78c7\",\"name\":\"yshine03@gmail.com\",\"image\":{\"@type\":\"ImageObject\",\"inLanguage\":\"es-AR\",\"@id\":\"https:\/\/fjyudeng.com\/#\/schema\/person\/image\/\",\"url\":\"https:\/\/fjyudeng.com\/wp-content\/uploads\/2025\/04\/yudeng-pu-leather-factory-manufacturer.png\",\"contentUrl\":\"https:\/\/fjyudeng.com\/wp-content\/uploads\/2025\/04\/yudeng-pu-leather-factory-manufacturer.png\",\"width\":588,\"height\":590,\"caption\":\"yshine03@gmail.com\"},\"logo\":{\"@id\":\"https:\/\/fjyudeng.com\/#\/schema\/person\/image\/\"},\"sameAs\":[\"https:\/\/fjyudeng.com\"]}]}<\/script>\n<!-- \/ Yoast SEO Premium plugin. -->","yoast_head_json":{"title":"37 Years Custom Wholesale Pu Leather for Shoe Uppers","description":"Yudeng Pu synthetic leather company offers fast and flexible sample processing services and has many years of experience in custom PU synthetic leather manufacturing.","robots":{"index":"index","follow":"follow","max-snippet":"max-snippet:-1","max-image-preview":"max-image-preview:large","max-video-preview":"max-video-preview:-1"},"canonical":"https:\/\/fjyudeng.com\/es\/producto\/cuero-sintetico-personalizado-al-por-mayor-para-la-parte-superior-del-zapato\/","og_locale":"es_ES","og_type":"article","og_title":"Custom Wholesale Pu Leather for Shoe Uppers","og_description":"Yudeng Pu synthetic leather company offers fast and flexible sample processing services and has many years of experience in custom PU synthetic leather manufacturing.","og_url":"https:\/\/fjyudeng.com\/es\/producto\/cuero-sintetico-personalizado-al-por-mayor-para-la-parte-superior-del-zapato\/","og_site_name":"fjyudeng.com","article_modified_time":"2025-08-06T09:22:03+00:00","og_image":[{"width":1243,"height":1243,"url":"https:\/\/fjyudeng.com\/wp-content\/uploads\/2025\/08\/Custom-Wholesale-Pu-Leather-for-Shoe-Uppers.jpg","type":"image\/jpeg"}],"twitter_card":"summary_large_image","twitter_misc":{"Tiempo de lectura":"5 minutos"},"schema":{"@context":"https:\/\/schema.org","@graph":[{"@type":"WebPage","@id":"https:\/\/fjyudeng.com\/product\/custom-wholesale-pu-leather-for-shoe-upper\/","url":"https:\/\/fjyudeng.com\/product\/custom-wholesale-pu-leather-for-shoe-upper\/","name":"37 Years Custom Wholesale Pu Leather for Shoe Uppers","isPartOf":{"@id":"https:\/\/fjyudeng.com\/#website"},"primaryImageOfPage":{"@id":"https:\/\/fjyudeng.com\/product\/custom-wholesale-pu-leather-for-shoe-upper\/#primaryimage"},"image":{"@id":"https:\/\/fjyudeng.com\/product\/custom-wholesale-pu-leather-for-shoe-upper\/#primaryimage"},"thumbnailUrl":"https:\/\/fjyudeng.com\/wp-content\/uploads\/2025\/08\/Custom-Wholesale-Pu-Leather-for-Shoe-Uppers.jpg","datePublished":"2025-08-04T02:59:59+00:00","dateModified":"2025-08-06T09:22:03+00:00","description":"Yudeng Pu synthetic leather company offers fast and flexible sample processing services and has many years of experience in custom PU synthetic leather manufacturing.","breadcrumb":{"@id":"https:\/\/fjyudeng.com\/product\/custom-wholesale-pu-leather-for-shoe-upper\/#breadcrumb"},"inLanguage":"es-AR","potentialAction":[{"@type":"ReadAction","target":["https:\/\/fjyudeng.com\/product\/custom-wholesale-pu-leather-for-shoe-upper\/"]}]},{"@type":"ImageObject","inLanguage":"es-AR","@id":"https:\/\/fjyudeng.com\/product\/custom-wholesale-pu-leather-for-shoe-upper\/#primaryimage","url":"https:\/\/fjyudeng.com\/wp-content\/uploads\/2025\/08\/Custom-Wholesale-Pu-Leather-for-Shoe-Uppers.jpg","contentUrl":"https:\/\/fjyudeng.com\/wp-content\/uploads\/2025\/08\/Custom-Wholesale-Pu-Leather-for-Shoe-Uppers.jpg","width":1243,"height":1243,"caption":"Custom Wholesale Pu Leather for Shoe Uppers"},{"@type":"BreadcrumbList","@id":"https:\/\/fjyudeng.com\/product\/custom-wholesale-pu-leather-for-shoe-upper\/#breadcrumb","itemListElement":[{"@type":"ListItem","position":1,"name":"Home","item":"https:\/\/fjyudeng.com\/"},{"@type":"ListItem","position":2,"name":"Products","item":"https:\/\/fjyudeng.com\/products\/"},{"@type":"ListItem","position":3,"name":"Custom Wholesale Pu Leather for Shoe Uppers"}]},{"@type":"WebSite","@id":"https:\/\/fjyudeng.com\/#website","url":"https:\/\/fjyudeng.com\/","name":"fjyudeng.com","description":"","publisher":{"@id":"https:\/\/fjyudeng.com\/#\/schema\/person\/7e41764f047e7552c6ad5bdf5f6d78c7"},"potentialAction":[{"@type":"SearchAction","target":{"@type":"EntryPoint","urlTemplate":"https:\/\/fjyudeng.com\/?s={search_term_string}"},"query-input":"required name=search_term_string"}],"inLanguage":"es-AR"},{"@type":["Person","Organization"],"@id":"https:\/\/fjyudeng.com\/#\/schema\/person\/7e41764f047e7552c6ad5bdf5f6d78c7","name":"yshine03@gmail.com","image":{"@type":"ImageObject","inLanguage":"es-AR","@id":"https:\/\/fjyudeng.com\/#\/schema\/person\/image\/","url":"https:\/\/fjyudeng.com\/wp-content\/uploads\/2025\/04\/yudeng-pu-leather-factory-manufacturer.png","contentUrl":"https:\/\/fjyudeng.com\/wp-content\/uploads\/2025\/04\/yudeng-pu-leather-factory-manufacturer.png","width":588,"height":590,"caption":"yshine03@gmail.com"},"logo":{"@id":"https:\/\/fjyudeng.com\/#\/schema\/person\/image\/"},"sameAs":["https:\/\/fjyudeng.com"]}]}},"_links":{"self":[{"href":"https:\/\/fjyudeng.com\/es\/wp-json\/wp\/v2\/product\/3082","targetHints":{"allow":["GET"]}}],"collection":[{"href":"https:\/\/fjyudeng.com\/es\/wp-json\/wp\/v2\/product"}],"about":[{"href":"https:\/\/fjyudeng.com\/es\/wp-json\/wp\/v2\/types\/product"}],"wp:featuredmedia":[{"embeddable":true,"href":"https:\/\/fjyudeng.com\/es\/wp-json\/wp\/v2\/media\/3083"}],"wp:attachment":[{"href":"https:\/\/fjyudeng.com\/es\/wp-json\/wp\/v2\/media?parent=3082"}],"wp:term":[{"taxonomy":"product_brand","embeddable":true,"href":"https:\/\/fjyudeng.com\/es\/wp-json\/wp\/v2\/product_brand?post=3082"},{"taxonomy":"product_cat","embeddable":true,"href":"https:\/\/fjyudeng.com\/es\/wp-json\/wp\/v2\/product_cat?post=3082"},{"taxonomy":"product_tag","embeddable":true,"href":"https:\/\/fjyudeng.com\/es\/wp-json\/wp\/v2\/product_tag?post=3082"}],"curies":[{"name":"wp","href":"https:\/\/api.w.org\/{rel}","templated":true}]}}