{"id":3084,"date":"2025-08-05T11:40:36","date_gmt":"2025-08-05T03:40:36","guid":{"rendered":"https:\/\/fjyudeng.com\/?post_type=product&#038;p=3084"},"modified":"2025-08-06T17:21:34","modified_gmt":"2025-08-06T09:21:34","slug":"fabricante-de-cuero-sintetico-con-grano-de-lichi-personalizado","status":"publish","type":"product","link":"https:\/\/fjyudeng.com\/es\/producto\/fabricante-de-cuero-sintetico-con-grano-de-lichi-personalizado\/","title":{"rendered":"Fabricante de cuero PU con grano de lichi personalizado"},"content":{"rendered":"<p><span style=\"color: #000000;\">Como profesional <a style=\"color: #000000;\" href=\"https:\/\/fjyudeng.com\/es\/producto\/cuero-sintetico-personalizado-al-por-mayor-para-la-parte-superior-del-zapato\/\"><strong>fabricante de cuero sint\u00e9tico<\/strong><\/a>Yudeng ofrece servicios personalizados integrales para clientes globales, lo que hace que su recorrido de dise\u00f1o desde el concepto hasta el producto terminado sea m\u00e1s f\u00e1cil y eficiente.<\/span><\/p>\n<p><span style=\"color: #000000;\">Al desarrollar un nuevo modelo de calzado o actualizar los materiales existentes, el primer paso siempre es crear una muestra para su verificaci\u00f3n. Yudeng ofrece servicios flexibles de muestreo, permiti\u00e9ndole solicitar muestras peque\u00f1as o completas seg\u00fan sus necesidades de dise\u00f1o, lo que facilita las pruebas y comparaciones durante el desarrollo de la parte superior.<\/span><\/p>\n<p><span style=\"color: #000000;\">Para garantizar que el material cumpla con los requisitos internacionales de medio ambiente y seguridad, nuestro cuero PU con grano de lichi cuenta con certificaciones de prestigio como T\u00dcV, REACH, ROHS y OEKO-TEX\u00ae. Esto significa que, tanto si su marca de calzado se dirige a los mercados europeo y americano como si es una f\u00e1brica nacional centrada en el cumplimiento medioambiental, puede usar este cuero con confianza, evitando posibles barreras a la exportaci\u00f3n o problemas ambientales.<\/span><\/p>\n<p style=\"text-align: center;\">\u00a0<img fetchpriority=\"high\" decoding=\"async\" class=\"alignnone wp-image-2969 size-full\" src=\"https:\/\/fjyudeng.com\/wp-content\/uploads\/2025\/07\/Yudeng-Textile-pu-leather-for-shoe.jpg\" alt=\"Cuero sint\u00e9tico textil Yudeng para calzado\" width=\"1200\" height=\"679\" srcset=\"https:\/\/fjyudeng.com\/wp-content\/uploads\/2025\/07\/Yudeng-Textile-pu-leather-for-shoe.jpg 1200w, https:\/\/fjyudeng.com\/wp-content\/uploads\/2025\/07\/Yudeng-Textile-pu-leather-for-shoe-300x170.jpg 300w, https:\/\/fjyudeng.com\/wp-content\/uploads\/2025\/07\/Yudeng-Textile-pu-leather-for-shoe-1024x579.jpg 1024w, https:\/\/fjyudeng.com\/wp-content\/uploads\/2025\/07\/Yudeng-Textile-pu-leather-for-shoe-768x435.jpg 768w, https:\/\/fjyudeng.com\/wp-content\/uploads\/2025\/07\/Yudeng-Textile-pu-leather-for-shoe-18x10.jpg 18w, https:\/\/fjyudeng.com\/wp-content\/uploads\/2025\/07\/Yudeng-Textile-pu-leather-for-shoe-600x340.jpg 600w\" sizes=\"(max-width: 1200px) 100vw, 1200px\" \/><img decoding=\"async\" class=\"alignnone wp-image-2968 size-full\" src=\"https:\/\/fjyudeng.com\/wp-content\/uploads\/2025\/07\/Yudeng-pu-leather-for-shoe-Product-description.jpg\" alt=\"Descripci\u00f3n del producto de cuero sint\u00e9tico Yudeng para calzado\" width=\"1200\" height=\"1377\" srcset=\"https:\/\/fjyudeng.com\/wp-content\/uploads\/2025\/07\/Yudeng-pu-leather-for-shoe-Product-description.jpg 1200w, https:\/\/fjyudeng.com\/wp-content\/uploads\/2025\/07\/Yudeng-pu-leather-for-shoe-Product-description-261x300.jpg 261w, https:\/\/fjyudeng.com\/wp-content\/uploads\/2025\/07\/Yudeng-pu-leather-for-shoe-Product-description-892x1024.jpg 892w, https:\/\/fjyudeng.com\/wp-content\/uploads\/2025\/07\/Yudeng-pu-leather-for-shoe-Product-description-768x881.jpg 768w, https:\/\/fjyudeng.com\/wp-content\/uploads\/2025\/07\/Yudeng-pu-leather-for-shoe-Product-description-10x12.jpg 10w, https:\/\/fjyudeng.com\/wp-content\/uploads\/2025\/07\/Yudeng-pu-leather-for-shoe-Product-description-600x689.jpg 600w\" sizes=\"(max-width: 1200px) 100vw, 1200px\" \/><\/p>\n<h4><span style=\"color: #ff6600;\"><strong>Servicio completo de personalizaci\u00f3n para satisfacer diversas necesidades de calzado.<\/strong><\/span><\/h4>\n<p><span style=\"color: #000000;\">Los diferentes estilos de calzado suelen tener requisitos espec\u00edficos para el material de la parte superior, lo que hace que la personalizaci\u00f3n sea crucial. El cuero PU vintage granulado de Yudeng ofrece servicios integrales de personalizaci\u00f3n, ayud\u00e1ndote a materializar f\u00e1cilmente tus ideas de dise\u00f1o:<\/span><\/p>\n<p><span style=\"color: #000000;\"><strong>Personalizaci\u00f3n del color:<\/strong> Podemos combinar colores seg\u00fan los colores Pantone o muestras f\u00edsicas, garantizando una reproducci\u00f3n precisa del color deseado, desde el marr\u00f3n vintage desgastado hasta el negro cl\u00e1sico o colores contrastantes vibrantes y modernos.<\/span><\/p>\n<p><span style=\"color: #000000;\"><strong>Espesor ajustable:<\/strong> El grosor del material superior suele oscilar entre 0,8 mm y 1,4 mm. Podemos ajustarlo a la forma del zapato, garantizando soporte y comodidad.<\/span><\/p>\n<p><span style=\"color: #000000;\"><strong>Opciones de textura:<\/strong> Adem\u00e1s del patr\u00f3n de guijarros est\u00e1ndar, tambi\u00e9n podemos crear texturas m\u00e1s oscuras o m\u00e1s claras para realzar la profundidad y el car\u00e1cter distintivo de la parte superior terminada.<\/span><\/p>\n<p><span style=\"color: #000000;\"><strong>Opciones de respaldo<\/strong> Incluyen soportes no tejidos, de punto o de malla, personalizados seg\u00fan el m\u00e9todo de procesamiento superior y los requisitos de ajuste, lo que simplifica la costura y el moldeado posteriores.<\/span><\/p>\n<p><span style=\"color: #000000;\">Este modelo de personalizaci\u00f3n integral no solo ahorra tiempo en m\u00faltiples esfuerzos de abastecimiento, sino que tambi\u00e9n permite a los dise\u00f1adores concentrarse en el proceso creativo en s\u00ed.<\/span><\/p>\n<p>&nbsp;<\/p>\n<h4><span style=\"color: #ff6600;\"><strong>REACH\/ROHS\/OEK<span style=\"color: #ff6600;\">Envolvente O-TEX\u00ae<\/span>certificaci\u00f3n ironmental<\/strong><\/span><\/h4>\n<p><span style=\"color: #000000;\">En el mercado actual, la protecci\u00f3n del medio ambiente y la sostenibilidad se han convertido en criterios esenciales para los fabricantes de calzado a la hora de seleccionar materiales. El cuero PU de Yudeng para empeines cuenta con m\u00faltiples certificaciones ambientales internacionales, cumpliendo as\u00ed con los estrictos requisitos de los mercados europeo, americano y asi\u00e1tico:<\/span><\/p>\n<p><span style=\"color: #000000;\"><strong>T\u00dcV\/REACH\/ROHS:<\/strong> Garantiza que el producto est\u00e9 libre de sustancias qu\u00edmicas nocivas y cumpla con los est\u00e1ndares de seguridad qu\u00edmica de la UE.<\/span><\/p>\n<p><span style=\"color: #000000;\"><strong>Norma OEKO-TEX\u00ae 100:<\/strong> Garantiza que el material sea seguro para el contacto con la piel y pueda usarse en calzado infantil y deportivo.<\/span><\/p>\n<p><span style=\"color: #000000;\"><strong>Pruebas de bajas emisiones de COV:<\/strong> Controlamos las emisiones de disolventes durante el proceso de producci\u00f3n para cumplir con las regulaciones ambientales y los est\u00e1ndares de la cadena de suministro verde.<\/span><\/p>\n<p><span style=\"color: #000000;\">Estas certificaciones autorizadas no solo protegen la salud de los consumidores finales, sino que tambi\u00e9n permiten a los fabricantes de calzado exportar a los mercados globales con confianza, mitigando los riesgos comerciales asociados con problemas materiales.<\/span><\/p>\n<p style=\"text-align: center;\"><img decoding=\"async\" class=\"alignnone wp-image-2744\" src=\"Certificado de producto Yudeng\" alt=\"Certificado de producto Yudeng\" width=\"962\" height=\"516\" srcset=\"\" sizes=\"(max-width: 962px) 100vw, 962px\" data-srcset=\"\" \/><\/p>\n<h4><strong><span style=\"color: #ff6600;\">Aplicaci\u00f3n de producci\u00f3n<\/span><\/strong><\/h4>\n<p><span style=\"color: #000000;\">El cuero PU personalizado de Yudeng no solo ofrece una apariencia sobresaliente, sino que tambi\u00e9n cuenta con una durabilidad excepcional y adaptabilidad al proceso, lo que lo hace adecuado para una amplia gama de estilos de calzado:<\/span><\/p>\n<p><span style=\"color: #000000;\"><strong>Calzado deportivo\/casual:<\/strong> El cuero PU liviano y flexible ofrece transpirabilidad y soporte, lo que lo hace ideal para el uso diario y el ejercicio ligero.<\/span><\/p>\n<p><span style=\"color: #000000;\"><strong>Botas de cuero\/zapatos de trabajo:<\/strong> El material de PU grueso y duradero puede reemplazar parcialmente el cuero genuino, mejorando la resistencia a la flexi\u00f3n y la durabilidad y al mismo tiempo reduciendo los costos.<\/span><\/p>\n<p><span style=\"color: #000000;\"><strong>Zapatos de moda para mujer y ni\u00f1o:<\/strong> Una amplia selecci\u00f3n de colores y texturas a\u00f1ade un toque de dise\u00f1o a la parte superior, y la certificaci\u00f3n ambiental brinda tranquilidad a los zapatos de los ni\u00f1os.<\/span><\/p>\n<p><span style=\"color: #000000;\"><strong>Zapatos funcionales\/impermeables:<\/strong> El cuero PU con revestimiento especial ofrece un grado de repelencia al agua, lo que lo hace adecuado para calzado de rendimiento urbano o para exteriores.<\/span><\/p>\n<p><span style=\"color: #000000;\">Debido a su alta adaptabilidad, el cuero PU de Yudeng se ha utilizado ampliamente en las l\u00edneas de producci\u00f3n de fabricantes de calzado nacionales e internacionales, disfrutando de una retenci\u00f3n y reconocimiento de clientes estables a largo plazo.<\/span><\/p>\n<p style=\"text-align: center;\"><img loading=\"lazy\" decoding=\"async\" class=\"alignnone wp-image-2970 size-full\" src=\"https:\/\/fjyudeng.com\/wp-content\/uploads\/2025\/07\/PU-leatther-for-shoe-application.jpg\" alt=\"Cuero PU para aplicaci\u00f3n en calzado\" width=\"1000\" height=\"607\" srcset=\"https:\/\/fjyudeng.com\/wp-content\/uploads\/2025\/07\/PU-leatther-for-shoe-application.jpg 1000w, https:\/\/fjyudeng.com\/wp-content\/uploads\/2025\/07\/PU-leatther-for-shoe-application-300x182.jpg 300w, https:\/\/fjyudeng.com\/wp-content\/uploads\/2025\/07\/PU-leatther-for-shoe-application-768x466.jpg 768w, https:\/\/fjyudeng.com\/wp-content\/uploads\/2025\/07\/PU-leatther-for-shoe-application-18x12.jpg 18w, https:\/\/fjyudeng.com\/wp-content\/uploads\/2025\/07\/PU-leatther-for-shoe-application-600x364.jpg 600w\" sizes=\"(max-width: 1000px) 100vw, 1000px\" \/><\/p>\n<h4><strong><span style=\"color: #ff6600;\">Ventaja de f\u00e1brica<\/span><\/strong><\/h4>\n<p><span style=\"color: #000000;\">Elegir una alta calidad <a style=\"color: #000000;\" href=\"https:\/\/fjyudeng.com\/es\/producto\/fabricante-de-cuero-pu-despojado-a-medida\/\"><strong>Proveedor de cuero PU<\/strong><\/a> Es m\u00e1s que simplemente seleccionar un material; es elegir un socio a largo plazo con una calidad constante. Con m\u00e1s de 35 a\u00f1os de experiencia en <a style=\"color: #000000;\" href=\"https:\/\/fjyudeng.com\/es\/producto\/fabricante-de-cuero-sintetico-de-cuero-espacial\/\"><strong>venta al por mayor de cuero Pu<\/strong><\/a>La f\u00e1brica de Yudeng est\u00e1 equipada con l\u00edneas de recubrimiento totalmente automatizadas, equipos de estampado inteligentes y sistemas de procesamiento respetuosos con el medio ambiente, lo que permite un proceso de producci\u00f3n continuo desde el procesamiento de la tela base, la laminaci\u00f3n del recubrimiento, el prensado del grano y el tratamiento de la superficie.<\/span><\/p>\n<p><span style=\"color: #000000;\">Nuestras caracter\u00edsticas de proceso incluyen:<\/span><\/p>\n<ul>\n<li><span style=\"color: #000000;\">La producci\u00f3n paralela de recubrimientos respetuosos con el medio ambiente, tanto a base de agua como de solventes, satisface los requisitos medioambientales y de rendimiento de diversos mercados;<\/span><\/li>\n<li><span style=\"color: #000000;\">Un estricto control de calidad garantiza que cada lote de cuero se someta a pruebas de plegado, resistencia a la abrasi\u00f3n y solidez del color para garantizar un uso sin preocupaciones de las partes superiores terminadas;<\/span><\/li>\n<li><span style=\"color: #000000;\">Las capacidades de suministro flexibles garantizan una respuesta r\u00e1pida y una entrega estable, ya sea para muestras de lotes peque\u00f1os o pedidos de gran volumen.<\/span><\/li>\n<\/ul>\n<p><span style=\"color: #000000;\">El cuero PU vintage con estampado de lichi personalizado para calzado no solo aporta est\u00e9tica y funcionalidad a la parte superior, sino que tambi\u00e9n es un veh\u00edculo esencial para la implementaci\u00f3n de conceptos de dise\u00f1o de marca. Yudeng le ayuda a destacar en el competitivo mercado del calzado ofreciendo muestras de prueba, certificaciones ambientales internacionales, servicios completos de personalizaci\u00f3n y un s\u00f3lido soporte de fabricaci\u00f3n en f\u00e1brica. Si planea desarrollar su pr\u00f3ximo zapato superventas, comience con este cuero PU con textura de lichi y experimente la libertad de dise\u00f1o y la competitividad que le ofrece.<\/span><\/p>\n<p style=\"text-align: center;\"><img loading=\"lazy\" decoding=\"async\" class=\"aligncenter wp-image-2741 size-full\" src=\"https:\/\/fjyudeng.com\/wp-content\/uploads\/2025\/06\/Yudeng-Factory-and-Company.jpg\" alt=\"F\u00e1brica y empresa Yudeng\" width=\"1200\" height=\"878\" srcset=\"https:\/\/fjyudeng.com\/wp-content\/uploads\/2025\/06\/Yudeng-Factory-and-Company.jpg 1200w, https:\/\/fjyudeng.com\/wp-content\/uploads\/2025\/06\/Yudeng-Factory-and-Company-600x439.jpg 600w, https:\/\/fjyudeng.com\/wp-content\/uploads\/2025\/06\/Yudeng-Factory-and-Company-300x220.jpg 300w, https:\/\/fjyudeng.com\/wp-content\/uploads\/2025\/06\/Yudeng-Factory-and-Company-1024x749.jpg 1024w, https:\/\/fjyudeng.com\/wp-content\/uploads\/2025\/06\/Yudeng-Factory-and-Company-768x562.jpg 768w, https:\/\/fjyudeng.com\/wp-content\/uploads\/2025\/06\/Yudeng-Factory-and-Company-16x12.jpg 16w\" sizes=\"(max-width: 1200px) 100vw, 1200px\" \/><\/p>\n<p style=\"text-align: center;\"><img loading=\"lazy\" decoding=\"async\" class=\"aligncenter wp-image-2739 size-full\" src=\"https:\/\/fjyudeng.com\/wp-content\/uploads\/2025\/06\/Yudeng-Exhibition-and-Partner.jpg\" alt=\"\" width=\"1200\" height=\"1566\" \/><\/p>","protected":false},"excerpt":{"rendered":"<ul>\n<li>\n<h5><span style=\"color: #000000;\">Pedido m\u00ednimo: 300 metros<\/span><\/h5>\n<\/li>\n<li>\n<h5><span style=\"color: #000000;\">F\u00e1brica de cuero sint\u00e9tico de 37 a\u00f1os<\/span><\/h5>\n<\/li>\n<li>\n<h5><span style=\"color: #000000;\">\u00c1rea de f\u00e1brica de 50000m\u00b2<\/span><\/h5>\n<\/li>\n<li>\n<h5><span style=\"color: #000000;\">10 l\u00edneas de producci\u00f3n<\/span><\/h5>\n<\/li>\n<li class=\"elementor-heading-title elementor-size-default\">\n<h5><span style=\"color: #000000;\">M\u00e1s de 400 texturas disponibles<\/span><\/h5>\n<\/li>\n<li class=\"elementor-heading-title elementor-size-default\">\n<h5><span style=\"color: #000000;\">Certificado REACH\/ROHS\/OEKO-TEX\u00ae<\/span><\/h5>\n<\/li>\n<\/ul>","protected":false},"featured_media":3085,"template":"","meta":[],"product_brand":[],"product_cat":[31],"product_tag":[],"class_list":{"0":"post-3084","1":"product","2":"type-product","3":"status-publish","4":"has-post-thumbnail","6":"product_cat-shoe-leather","8":"first","9":"instock","10":"shipping-taxable","11":"product-type-simple"},"yoast_head":"<!-- This site is optimized with the Yoast SEO Premium plugin v22.8 (Yoast SEO v22.8) - https:\/\/yoast.com\/wordpress\/plugins\/seo\/ -->\n<title>37 Years Custom Litchi Grain PU Leather Manufacturer<\/title>\n<meta name=\"description\" content=\"As a professional synthetic leather manufacturer, Yudeng offers one-stop custom services to global customers, making your design journey from concept to finished product easier and more efficient.\" \/>\n<meta name=\"robots\" content=\"index, follow, max-snippet:-1, max-image-preview:large, max-video-preview:-1\" \/>\n<link rel=\"canonical\" href=\"https:\/\/fjyudeng.com\/es\/producto\/fabricante-de-cuero-sintetico-con-grano-de-lichi-personalizado\/\" \/>\n<meta property=\"og:locale\" content=\"es_ES\" \/>\n<meta property=\"og:type\" content=\"article\" \/>\n<meta property=\"og:title\" content=\"Custom Litchi Grain PU Leather Manufacturer\" \/>\n<meta property=\"og:description\" content=\"As a professional synthetic leather manufacturer, Yudeng offers one-stop custom services to global customers, making your design journey from concept to finished product easier and more efficient.\" \/>\n<meta property=\"og:url\" content=\"https:\/\/fjyudeng.com\/es\/producto\/fabricante-de-cuero-sintetico-con-grano-de-lichi-personalizado\/\" \/>\n<meta property=\"og:site_name\" content=\"fjyudeng.com\" \/>\n<meta property=\"article:modified_time\" content=\"2025-08-06T09:21:34+00:00\" \/>\n<meta property=\"og:image\" content=\"https:\/\/fjyudeng.com\/wp-content\/uploads\/2025\/08\/Custom-Litchi-Grain-PU-Leather-Manufacturer.jpg\" \/>\n\t<meta property=\"og:image:width\" content=\"1289\" \/>\n\t<meta property=\"og:image:height\" content=\"1289\" \/>\n\t<meta property=\"og:image:type\" content=\"image\/jpeg\" \/>\n<meta name=\"twitter:card\" content=\"summary_large_image\" \/>\n<meta name=\"twitter:label1\" content=\"Tiempo de lectura\" \/>\n\t<meta name=\"twitter:data1\" content=\"5 minutos\" \/>\n<script type=\"application\/ld+json\" class=\"yoast-schema-graph\">{\"@context\":\"https:\/\/schema.org\",\"@graph\":[{\"@type\":\"WebPage\",\"@id\":\"https:\/\/fjyudeng.com\/product\/custom-litchi-grain-pu-leather-manufacturer\/\",\"url\":\"https:\/\/fjyudeng.com\/product\/custom-litchi-grain-pu-leather-manufacturer\/\",\"name\":\"37 Years Custom Litchi Grain PU Leather Manufacturer\",\"isPartOf\":{\"@id\":\"https:\/\/fjyudeng.com\/#website\"},\"primaryImageOfPage\":{\"@id\":\"https:\/\/fjyudeng.com\/product\/custom-litchi-grain-pu-leather-manufacturer\/#primaryimage\"},\"image\":{\"@id\":\"https:\/\/fjyudeng.com\/product\/custom-litchi-grain-pu-leather-manufacturer\/#primaryimage\"},\"thumbnailUrl\":\"https:\/\/fjyudeng.com\/wp-content\/uploads\/2025\/08\/Custom-Litchi-Grain-PU-Leather-Manufacturer.jpg\",\"datePublished\":\"2025-08-05T03:40:36+00:00\",\"dateModified\":\"2025-08-06T09:21:34+00:00\",\"description\":\"As a professional synthetic leather manufacturer, Yudeng offers one-stop custom services to global customers, making your design journey from concept to finished product easier and more efficient.\",\"breadcrumb\":{\"@id\":\"https:\/\/fjyudeng.com\/product\/custom-litchi-grain-pu-leather-manufacturer\/#breadcrumb\"},\"inLanguage\":\"es-AR\",\"potentialAction\":[{\"@type\":\"ReadAction\",\"target\":[\"https:\/\/fjyudeng.com\/product\/custom-litchi-grain-pu-leather-manufacturer\/\"]}]},{\"@type\":\"ImageObject\",\"inLanguage\":\"es-AR\",\"@id\":\"https:\/\/fjyudeng.com\/product\/custom-litchi-grain-pu-leather-manufacturer\/#primaryimage\",\"url\":\"https:\/\/fjyudeng.com\/wp-content\/uploads\/2025\/08\/Custom-Litchi-Grain-PU-Leather-Manufacturer.jpg\",\"contentUrl\":\"https:\/\/fjyudeng.com\/wp-content\/uploads\/2025\/08\/Custom-Litchi-Grain-PU-Leather-Manufacturer.jpg\",\"width\":1289,\"height\":1289,\"caption\":\"Custom Litchi Grain PU Leather Manufacturer\"},{\"@type\":\"BreadcrumbList\",\"@id\":\"https:\/\/fjyudeng.com\/product\/custom-litchi-grain-pu-leather-manufacturer\/#breadcrumb\",\"itemListElement\":[{\"@type\":\"ListItem\",\"position\":1,\"name\":\"Home\",\"item\":\"https:\/\/fjyudeng.com\/\"},{\"@type\":\"ListItem\",\"position\":2,\"name\":\"Products\",\"item\":\"https:\/\/fjyudeng.com\/products\/\"},{\"@type\":\"ListItem\",\"position\":3,\"name\":\"Custom Litchi Grain PU Leather Manufacturer\"}]},{\"@type\":\"WebSite\",\"@id\":\"https:\/\/fjyudeng.com\/#website\",\"url\":\"https:\/\/fjyudeng.com\/\",\"name\":\"fjyudeng.com\",\"description\":\"\",\"publisher\":{\"@id\":\"https:\/\/fjyudeng.com\/#\/schema\/person\/7e41764f047e7552c6ad5bdf5f6d78c7\"},\"potentialAction\":[{\"@type\":\"SearchAction\",\"target\":{\"@type\":\"EntryPoint\",\"urlTemplate\":\"https:\/\/fjyudeng.com\/?s={search_term_string}\"},\"query-input\":\"required name=search_term_string\"}],\"inLanguage\":\"es-AR\"},{\"@type\":[\"Person\",\"Organization\"],\"@id\":\"https:\/\/fjyudeng.com\/#\/schema\/person\/7e41764f047e7552c6ad5bdf5f6d78c7\",\"name\":\"yshine03@gmail.com\",\"image\":{\"@type\":\"ImageObject\",\"inLanguage\":\"es-AR\",\"@id\":\"https:\/\/fjyudeng.com\/#\/schema\/person\/image\/\",\"url\":\"https:\/\/fjyudeng.com\/wp-content\/uploads\/2025\/04\/yudeng-pu-leather-factory-manufacturer.png\",\"contentUrl\":\"https:\/\/fjyudeng.com\/wp-content\/uploads\/2025\/04\/yudeng-pu-leather-factory-manufacturer.png\",\"width\":588,\"height\":590,\"caption\":\"yshine03@gmail.com\"},\"logo\":{\"@id\":\"https:\/\/fjyudeng.com\/#\/schema\/person\/image\/\"},\"sameAs\":[\"https:\/\/fjyudeng.com\"]}]}<\/script>\n<!-- \/ Yoast SEO Premium plugin. -->","yoast_head_json":{"title":"37 Years Custom Litchi Grain PU Leather Manufacturer","description":"As a professional synthetic leather manufacturer, Yudeng offers one-stop custom services to global customers, making your design journey from concept to finished product easier and more efficient.","robots":{"index":"index","follow":"follow","max-snippet":"max-snippet:-1","max-image-preview":"max-image-preview:large","max-video-preview":"max-video-preview:-1"},"canonical":"https:\/\/fjyudeng.com\/es\/producto\/fabricante-de-cuero-sintetico-con-grano-de-lichi-personalizado\/","og_locale":"es_ES","og_type":"article","og_title":"Custom Litchi Grain PU Leather Manufacturer","og_description":"As a professional synthetic leather manufacturer, Yudeng offers one-stop custom services to global customers, making your design journey from concept to finished product easier and more efficient.","og_url":"https:\/\/fjyudeng.com\/es\/producto\/fabricante-de-cuero-sintetico-con-grano-de-lichi-personalizado\/","og_site_name":"fjyudeng.com","article_modified_time":"2025-08-06T09:21:34+00:00","og_image":[{"width":1289,"height":1289,"url":"https:\/\/fjyudeng.com\/wp-content\/uploads\/2025\/08\/Custom-Litchi-Grain-PU-Leather-Manufacturer.jpg","type":"image\/jpeg"}],"twitter_card":"summary_large_image","twitter_misc":{"Tiempo de lectura":"5 minutos"},"schema":{"@context":"https:\/\/schema.org","@graph":[{"@type":"WebPage","@id":"https:\/\/fjyudeng.com\/product\/custom-litchi-grain-pu-leather-manufacturer\/","url":"https:\/\/fjyudeng.com\/product\/custom-litchi-grain-pu-leather-manufacturer\/","name":"37 Years Custom Litchi Grain PU Leather Manufacturer","isPartOf":{"@id":"https:\/\/fjyudeng.com\/#website"},"primaryImageOfPage":{"@id":"https:\/\/fjyudeng.com\/product\/custom-litchi-grain-pu-leather-manufacturer\/#primaryimage"},"image":{"@id":"https:\/\/fjyudeng.com\/product\/custom-litchi-grain-pu-leather-manufacturer\/#primaryimage"},"thumbnailUrl":"https:\/\/fjyudeng.com\/wp-content\/uploads\/2025\/08\/Custom-Litchi-Grain-PU-Leather-Manufacturer.jpg","datePublished":"2025-08-05T03:40:36+00:00","dateModified":"2025-08-06T09:21:34+00:00","description":"As a professional synthetic leather manufacturer, Yudeng offers one-stop custom services to global customers, making your design journey from concept to finished product easier and more efficient.","breadcrumb":{"@id":"https:\/\/fjyudeng.com\/product\/custom-litchi-grain-pu-leather-manufacturer\/#breadcrumb"},"inLanguage":"es-AR","potentialAction":[{"@type":"ReadAction","target":["https:\/\/fjyudeng.com\/product\/custom-litchi-grain-pu-leather-manufacturer\/"]}]},{"@type":"ImageObject","inLanguage":"es-AR","@id":"https:\/\/fjyudeng.com\/product\/custom-litchi-grain-pu-leather-manufacturer\/#primaryimage","url":"https:\/\/fjyudeng.com\/wp-content\/uploads\/2025\/08\/Custom-Litchi-Grain-PU-Leather-Manufacturer.jpg","contentUrl":"https:\/\/fjyudeng.com\/wp-content\/uploads\/2025\/08\/Custom-Litchi-Grain-PU-Leather-Manufacturer.jpg","width":1289,"height":1289,"caption":"Custom Litchi Grain PU Leather Manufacturer"},{"@type":"BreadcrumbList","@id":"https:\/\/fjyudeng.com\/product\/custom-litchi-grain-pu-leather-manufacturer\/#breadcrumb","itemListElement":[{"@type":"ListItem","position":1,"name":"Home","item":"https:\/\/fjyudeng.com\/"},{"@type":"ListItem","position":2,"name":"Products","item":"https:\/\/fjyudeng.com\/products\/"},{"@type":"ListItem","position":3,"name":"Custom Litchi Grain PU Leather Manufacturer"}]},{"@type":"WebSite","@id":"https:\/\/fjyudeng.com\/#website","url":"https:\/\/fjyudeng.com\/","name":"fjyudeng.com","description":"","publisher":{"@id":"https:\/\/fjyudeng.com\/#\/schema\/person\/7e41764f047e7552c6ad5bdf5f6d78c7"},"potentialAction":[{"@type":"SearchAction","target":{"@type":"EntryPoint","urlTemplate":"https:\/\/fjyudeng.com\/?s={search_term_string}"},"query-input":"required name=search_term_string"}],"inLanguage":"es-AR"},{"@type":["Person","Organization"],"@id":"https:\/\/fjyudeng.com\/#\/schema\/person\/7e41764f047e7552c6ad5bdf5f6d78c7","name":"yshine03@gmail.com","image":{"@type":"ImageObject","inLanguage":"es-AR","@id":"https:\/\/fjyudeng.com\/#\/schema\/person\/image\/","url":"https:\/\/fjyudeng.com\/wp-content\/uploads\/2025\/04\/yudeng-pu-leather-factory-manufacturer.png","contentUrl":"https:\/\/fjyudeng.com\/wp-content\/uploads\/2025\/04\/yudeng-pu-leather-factory-manufacturer.png","width":588,"height":590,"caption":"yshine03@gmail.com"},"logo":{"@id":"https:\/\/fjyudeng.com\/#\/schema\/person\/image\/"},"sameAs":["https:\/\/fjyudeng.com"]}]}},"_links":{"self":[{"href":"https:\/\/fjyudeng.com\/es\/wp-json\/wp\/v2\/product\/3084","targetHints":{"allow":["GET"]}}],"collection":[{"href":"https:\/\/fjyudeng.com\/es\/wp-json\/wp\/v2\/product"}],"about":[{"href":"https:\/\/fjyudeng.com\/es\/wp-json\/wp\/v2\/types\/product"}],"wp:featuredmedia":[{"embeddable":true,"href":"https:\/\/fjyudeng.com\/es\/wp-json\/wp\/v2\/media\/3085"}],"wp:attachment":[{"href":"https:\/\/fjyudeng.com\/es\/wp-json\/wp\/v2\/media?parent=3084"}],"wp:term":[{"taxonomy":"product_brand","embeddable":true,"href":"https:\/\/fjyudeng.com\/es\/wp-json\/wp\/v2\/product_brand?post=3084"},{"taxonomy":"product_cat","embeddable":true,"href":"https:\/\/fjyudeng.com\/es\/wp-json\/wp\/v2\/product_cat?post=3084"},{"taxonomy":"product_tag","embeddable":true,"href":"https:\/\/fjyudeng.com\/es\/wp-json\/wp\/v2\/product_tag?post=3084"}],"curies":[{"name":"wp","href":"https:\/\/api.w.org\/{rel}","templated":true}]}}