{"id":3086,"date":"2025-08-06T09:46:56","date_gmt":"2025-08-06T01:46:56","guid":{"rendered":"https:\/\/fjyudeng.com\/?post_type=product&#038;p=3086"},"modified":"2025-08-06T17:21:03","modified_gmt":"2025-08-06T09:21:03","slug":"fabricante-de-cuero-pu-resistente-al-desgaste-personalizado","status":"publish","type":"product","link":"https:\/\/fjyudeng.com\/es\/producto\/fabricante-de-cuero-pu-resistente-al-desgaste-personalizado\/","title":{"rendered":"Fabricante de cuero sint\u00e9tico resistente al desgaste personalizado para calzado"},"content":{"rendered":"<p><span style=\"color: #000000;\">Si busca un cuero para calzado que combine resistencia al desgaste, est\u00e9tica y seguridad ambiental, el cuero sint\u00e9tico resistente al desgaste hecho a medida de Yudeng podr\u00eda ser justo lo que necesita. No solo cumple con los estrictos requisitos de calzado deportivo, casual, de trabajo e incluso de alta moda, sino que tambi\u00e9n ofrece una amplia gama de opciones de personalizaci\u00f3n, lo que permite que su producto destaque en el mercado.<\/span><\/p>\n<p><span style=\"color: #000000;\">Entendemos que el muestreo es el primer paso en el proceso de desarrollo de materiales para calzado. Yudeng <a style=\"color: #000000;\" href=\"https:\/\/fjyudeng.com\/es\/producto\/fabricante-de-cuero-sintetico-con-grano-de-lichi-personalizado\/\"><strong>proveedor de cuero sint\u00e9tico<\/strong><\/a> proporciona a cada cliente muestras de cuero PU gratuitas o de bajo costo, lo que le permite experimentar la resistencia al desgaste, la sensaci\u00f3n y la apariencia del producto antes de realizar un pedido.<\/span><\/p>\n<p style=\"text-align: center;\">\u00a0<img fetchpriority=\"high\" decoding=\"async\" class=\"alignnone wp-image-2969 size-full\" src=\"https:\/\/fjyudeng.com\/wp-content\/uploads\/2025\/07\/Yudeng-Textile-pu-leather-for-shoe.jpg\" alt=\"Cuero sint\u00e9tico textil Yudeng para calzado\" width=\"1200\" height=\"679\" srcset=\"https:\/\/fjyudeng.com\/wp-content\/uploads\/2025\/07\/Yudeng-Textile-pu-leather-for-shoe.jpg 1200w, https:\/\/fjyudeng.com\/wp-content\/uploads\/2025\/07\/Yudeng-Textile-pu-leather-for-shoe-300x170.jpg 300w, https:\/\/fjyudeng.com\/wp-content\/uploads\/2025\/07\/Yudeng-Textile-pu-leather-for-shoe-1024x579.jpg 1024w, https:\/\/fjyudeng.com\/wp-content\/uploads\/2025\/07\/Yudeng-Textile-pu-leather-for-shoe-768x435.jpg 768w, https:\/\/fjyudeng.com\/wp-content\/uploads\/2025\/07\/Yudeng-Textile-pu-leather-for-shoe-18x10.jpg 18w, https:\/\/fjyudeng.com\/wp-content\/uploads\/2025\/07\/Yudeng-Textile-pu-leather-for-shoe-600x340.jpg 600w\" sizes=\"(max-width: 1200px) 100vw, 1200px\" \/><img decoding=\"async\" class=\"alignnone wp-image-2968 size-full\" src=\"https:\/\/fjyudeng.com\/wp-content\/uploads\/2025\/07\/Yudeng-pu-leather-for-shoe-Product-description.jpg\" alt=\"Descripci\u00f3n del producto de cuero sint\u00e9tico Yudeng para calzado\" width=\"1200\" height=\"1377\" srcset=\"https:\/\/fjyudeng.com\/wp-content\/uploads\/2025\/07\/Yudeng-pu-leather-for-shoe-Product-description.jpg 1200w, https:\/\/fjyudeng.com\/wp-content\/uploads\/2025\/07\/Yudeng-pu-leather-for-shoe-Product-description-261x300.jpg 261w, https:\/\/fjyudeng.com\/wp-content\/uploads\/2025\/07\/Yudeng-pu-leather-for-shoe-Product-description-892x1024.jpg 892w, https:\/\/fjyudeng.com\/wp-content\/uploads\/2025\/07\/Yudeng-pu-leather-for-shoe-Product-description-768x881.jpg 768w, https:\/\/fjyudeng.com\/wp-content\/uploads\/2025\/07\/Yudeng-pu-leather-for-shoe-Product-description-10x12.jpg 10w, https:\/\/fjyudeng.com\/wp-content\/uploads\/2025\/07\/Yudeng-pu-leather-for-shoe-Product-description-600x689.jpg 600w\" sizes=\"(max-width: 1200px) 100vw, 1200px\" \/><\/p>\n<h4><span style=\"color: #ff6600;\"><strong>Servicio completo de personalizaci\u00f3n para satisfacer diversas necesidades de calzado.<\/strong><\/span><\/h4>\n<p><span style=\"color: #000000;\">Las diferentes marcas y estilos de calzado suelen tener requisitos distintos en cuanto a materiales. Yudeng, con a\u00f1os de experiencia en la fabricaci\u00f3n de cuero sint\u00e9tico PU, ofrece servicios integrales de personalizaci\u00f3n:<\/span><\/p>\n<p><span style=\"color: #000000;\"><strong>Personalizaci\u00f3n del color:<\/strong> Admitimos combinaciones de colores Pantone personalizadas y tambi\u00e9n podemos ajustar los colores en funci\u00f3n de muestras reales de los clientes, lo que permite una reproducci\u00f3n precisa o dise\u00f1os \u00fanicos.<\/span><\/p>\n<p><span style=\"color: #000000;\"><strong>Personalizaci\u00f3n del grosor:<\/strong> Podemos producir desde 0,6 mm hasta 2,0 mm, satisfaciendo los diversos requisitos de partes superiores de calzado deportivo liviano o partes superiores de calzado de trabajo de alta resistencia.<\/span><\/p>\n<p><span style=\"color: #000000;\"><strong>Personalizaci\u00f3n de texturas:<\/strong> Elija entre delicadas texturas de lichi, patrones en relieve duraderos y acabados suaves o mate, lo que permite una variedad de estilos de zapatos.<\/span><\/p>\n<p><span style=\"color: #000000;\"><strong>Opciones de respaldo:<\/strong> Elija entre soportes tejidos, de malla o no tejidos seg\u00fan el uso previsto para mejorar la ductilidad del cuero y la estabilidad del moldeado.<\/span><\/p>\n<p><span style=\"color: #000000;\">Estas opciones de personalizaci\u00f3n flexibles permiten a los clientes no solo obtener cuero PU resistente al desgaste y de alto rendimiento, sino tambi\u00e9n lograr una diferenciaci\u00f3n competitiva en dise\u00f1o y funcionalidad.<\/span><\/p>\n<p>&nbsp;<\/p>\n<h4><span style=\"color: #ff6600;\"><strong>REACH\/ROHS\/OEK<span style=\"color: #ff6600;\">Envolvente O-TEX\u00ae<\/span>certificaci\u00f3n ironmental<\/strong><\/span><\/h4>\n<p><span style=\"color: #000000;\">En el mercado del calzado, la protecci\u00f3n del medio ambiente y la seguridad se han convertido en requisitos estrictos tanto para los clientes como para las marcas de usuarios finales. Yudeng&#039;s <a style=\"color: #000000;\" href=\"https:\/\/fjyudeng.com\/es\/producto\/cuero-sintetico-personalizado-al-por-mayor-para-la-parte-superior-del-zapato\/\"><strong>Cuero sint\u00e9tico de PU<\/strong><\/a> Se produce en estricta conformidad con los est\u00e1ndares internacionales y posee m\u00faltiples certificaciones autorizadas:<\/span><\/p>\n<p><span style=\"color: #000000;\"><strong>Certificaci\u00f3n T\u00dcV:<\/strong> Cumple con los estrictos requisitos de pruebas de sustancias qu\u00edmicas del mercado de la UE.<\/span><\/p>\n<p><span style=\"color: #000000;\"><strong>Certificaci\u00f3n REACH y ROHS:<\/strong> Garantiza que el material est\u00e9 libre de qu\u00edmicos da\u00f1inos y sea amigable con la piel humana y el medio ambiente.<\/span><\/p>\n<p><span style=\"color: #000000;\"><strong>Norma OEKO-TEX\u00ae 100:<\/strong> Garantiza que el material de cuero es seguro para el contacto con la piel, no irritante y no alerg\u00e9nico.<\/span><\/p>\n<p><span style=\"color: #000000;\">Estos certificados significan que sus productos de calzado pueden ingresar sin problemas a los mercados europeos, americanos y otros de alto nivel, al tiempo que hacen que la historia de su marca sea m\u00e1s convincente.<\/span><\/p>\n<p style=\"text-align: center;\"><img decoding=\"async\" class=\"alignnone wp-image-2744\" src=\"Certificado de producto Yudeng\" alt=\"Certificado de producto Yudeng\" width=\"962\" height=\"516\" srcset=\"\" sizes=\"(max-width: 962px) 100vw, 962px\" data-srcset=\"\" \/><\/p>\n<h4><strong><span style=\"color: #ff6600;\">Aplicaci\u00f3n de producci\u00f3n<\/span><\/strong><\/h4>\n<p><span style=\"color: #000000;\">El cuero PU personalizado de Yudeng no solo ofrece una apariencia sobresaliente, sino que tambi\u00e9n cuenta con una durabilidad excepcional y adaptabilidad al proceso, lo que lo hace adecuado para una amplia gama de estilos de calzado:<\/span><\/p>\n<p><span style=\"color: #000000;\"><strong>Calzado deportivo\/casual:<\/strong> El cuero PU liviano y flexible ofrece transpirabilidad y soporte, lo que lo hace ideal para el uso diario y el ejercicio ligero.<\/span><\/p>\n<p><span style=\"color: #000000;\"><strong>Botas de cuero\/zapatos de trabajo:<\/strong> El material de PU grueso y duradero puede reemplazar parcialmente el cuero genuino, mejorando la resistencia a la flexi\u00f3n y la durabilidad y al mismo tiempo reduciendo los costos.<\/span><\/p>\n<p><span style=\"color: #000000;\"><strong>Zapatos de moda para mujer y ni\u00f1o:<\/strong> Una amplia selecci\u00f3n de colores y texturas a\u00f1ade un toque de dise\u00f1o a la parte superior, y la certificaci\u00f3n ambiental brinda tranquilidad a los zapatos de los ni\u00f1os.<\/span><\/p>\n<p><span style=\"color: #000000;\"><strong>Zapatos funcionales\/impermeables:<\/strong> El cuero PU con revestimiento especial ofrece un grado de repelencia al agua, lo que lo hace adecuado para calzado de rendimiento urbano o para exteriores.<\/span><\/p>\n<p><span style=\"color: #000000;\">Debido a su alta adaptabilidad, el cuero PU de Yudeng se ha utilizado ampliamente en las l\u00edneas de producci\u00f3n de fabricantes de calzado nacionales e internacionales, disfrutando de una retenci\u00f3n y reconocimiento de clientes estables a largo plazo.<\/span><\/p>\n<p style=\"text-align: center;\"><img loading=\"lazy\" decoding=\"async\" class=\"alignnone wp-image-2970 size-full\" src=\"https:\/\/fjyudeng.com\/wp-content\/uploads\/2025\/07\/PU-leatther-for-shoe-application.jpg\" alt=\"Cuero PU para aplicaci\u00f3n en calzado\" width=\"1000\" height=\"607\" srcset=\"https:\/\/fjyudeng.com\/wp-content\/uploads\/2025\/07\/PU-leatther-for-shoe-application.jpg 1000w, https:\/\/fjyudeng.com\/wp-content\/uploads\/2025\/07\/PU-leatther-for-shoe-application-300x182.jpg 300w, https:\/\/fjyudeng.com\/wp-content\/uploads\/2025\/07\/PU-leatther-for-shoe-application-768x466.jpg 768w, https:\/\/fjyudeng.com\/wp-content\/uploads\/2025\/07\/PU-leatther-for-shoe-application-18x12.jpg 18w, https:\/\/fjyudeng.com\/wp-content\/uploads\/2025\/07\/PU-leatther-for-shoe-application-600x364.jpg 600w\" sizes=\"(max-width: 1000px) 100vw, 1000px\" \/><\/p>\n<h4><strong><span style=\"color: #ff6600;\">Ventaja de f\u00e1brica<\/span><\/strong><\/h4>\n<p><span style=\"color: #000000;\">Yudeng es m\u00e1s que un simple <a style=\"color: #000000;\" href=\"https:\/\/fjyudeng.com\/es\/producto\/fabricante-de-cuero-pu-despojado-a-medida\/\"><strong>proveedor de cuero artificial<\/strong><\/a>; es un fabricante profesional con una cadena de producci\u00f3n completa:<\/span><\/p>\n<p><span style=\"color: #000000;\"><strong>L\u00ednea de producci\u00f3n avanzada:<\/strong> Equipados con m\u00faltiples l\u00edneas de producci\u00f3n de PU secas y h\u00famedas, garantizamos tiempos de entrega estables y una calidad constante para grandes cantidades.<\/span><\/p>\n<p><span style=\"color: #000000;\"><strong>Equipo profesional de I+D:<\/strong> Con m\u00e1s de 35 a\u00f1os de experiencia en el desarrollo de f\u00f3rmulas resistentes al desgaste, a los pliegues y respetuosas con el medio ambiente, optimizamos continuamente el rendimiento del producto en funci\u00f3n de las necesidades del cliente.<\/span><\/p>\n<p><span style=\"color: #000000;\"><strong>Sistema estricto de inspecci\u00f3n de calidad:<\/strong> Cada lote de producto se somete a pruebas de resistencia a la abrasi\u00f3n, resistencia al pelado, resistencia a la hidr\u00f3lisis y resistencia al amarilleo antes del env\u00edo para garantizar un rendimiento a largo plazo.<\/span><\/p>\n<p><span style=\"color: #000000;\"><strong>Experiencia de asociaci\u00f3n global:<\/strong> Mantenemos asociaciones a largo plazo con numerosas empresas y marcas de calzado internacionales, lo que nos permite comprender r\u00e1pidamente los est\u00e1ndares y las necesidades de los clientes internacionales.<\/span><\/p>\n<p><span style=\"color: #000000;\">Con capacidades de fabricaci\u00f3n profesionales, servicios integrales de personalizaci\u00f3n, certificaciones ambientales integrales y una amplia experiencia en alianzas globales, el cuero PU resistente al desgaste a medida de Yudeng para calzado ayuda a un n\u00famero creciente de empresas de calzado a crear productos de alta calidad. Si busca un proveedor confiable de materiales para calzado, \u00bfpor qu\u00e9 no nos solicita una muestra? Empiece por descubrir c\u00f3mo hacer que cada par de zapatos sea m\u00e1s duradero, seguro y distintivo.<\/span><\/p>\n<p style=\"text-align: center;\"><img loading=\"lazy\" decoding=\"async\" class=\"aligncenter wp-image-2741 size-full\" src=\"https:\/\/fjyudeng.com\/wp-content\/uploads\/2025\/06\/Yudeng-Factory-and-Company.jpg\" alt=\"F\u00e1brica y empresa Yudeng\" width=\"1200\" height=\"878\" srcset=\"https:\/\/fjyudeng.com\/wp-content\/uploads\/2025\/06\/Yudeng-Factory-and-Company.jpg 1200w, https:\/\/fjyudeng.com\/wp-content\/uploads\/2025\/06\/Yudeng-Factory-and-Company-600x439.jpg 600w, https:\/\/fjyudeng.com\/wp-content\/uploads\/2025\/06\/Yudeng-Factory-and-Company-300x220.jpg 300w, https:\/\/fjyudeng.com\/wp-content\/uploads\/2025\/06\/Yudeng-Factory-and-Company-1024x749.jpg 1024w, https:\/\/fjyudeng.com\/wp-content\/uploads\/2025\/06\/Yudeng-Factory-and-Company-768x562.jpg 768w, https:\/\/fjyudeng.com\/wp-content\/uploads\/2025\/06\/Yudeng-Factory-and-Company-16x12.jpg 16w\" sizes=\"(max-width: 1200px) 100vw, 1200px\" \/><\/p>\n<p style=\"text-align: center;\"><img loading=\"lazy\" decoding=\"async\" class=\"aligncenter wp-image-2739 size-full\" src=\"https:\/\/fjyudeng.com\/wp-content\/uploads\/2025\/06\/Yudeng-Exhibition-and-Partner.jpg\" alt=\"\" width=\"1200\" height=\"1566\" \/><\/p>","protected":false},"excerpt":{"rendered":"<ul>\n<li>\n<h5><span style=\"color: #000000;\">Pedido m\u00ednimo: 300 metros<\/span><\/h5>\n<\/li>\n<li>\n<h5><span style=\"color: #000000;\">F\u00e1brica de cuero sint\u00e9tico de 37 a\u00f1os<\/span><\/h5>\n<\/li>\n<li>\n<h5><span style=\"color: #000000;\">\u00c1rea de f\u00e1brica de 50000m\u00b2<\/span><\/h5>\n<\/li>\n<li>\n<h5><span style=\"color: #000000;\">10 l\u00edneas de producci\u00f3n<\/span><\/h5>\n<\/li>\n<li class=\"elementor-heading-title elementor-size-default\">\n<h5><span style=\"color: #000000;\">M\u00e1s de 400 texturas disponibles<\/span><\/h5>\n<\/li>\n<li class=\"elementor-heading-title elementor-size-default\">\n<h5><span style=\"color: #000000;\">Certificado REACH\/ROHS\/OEKO-TEX\u00ae<\/span><\/h5>\n<\/li>\n<\/ul>","protected":false},"featured_media":3087,"template":"","meta":[],"product_brand":[],"product_cat":[31],"product_tag":[],"class_list":{"0":"post-3086","1":"product","2":"type-product","3":"status-publish","4":"has-post-thumbnail","6":"product_cat-shoe-leather","8":"first","9":"instock","10":"shipping-taxable","11":"product-type-simple"},"yoast_head":"<!-- This site is optimized with the Yoast SEO Premium plugin v22.8 (Yoast SEO v22.8) - https:\/\/yoast.com\/wordpress\/plugins\/seo\/ -->\n<title>Customized Wear Resistant Pu Synthetic Leather Supplier<\/title>\n<meta name=\"description\" content=\"Yudeng professional artificial leather supplier offers free or low-cost PU leather samples, allowing you to experience the wear resistance, feel, and appearance of the product before placing an order.\" \/>\n<meta name=\"robots\" content=\"index, follow, max-snippet:-1, max-image-preview:large, max-video-preview:-1\" \/>\n<link rel=\"canonical\" href=\"https:\/\/fjyudeng.com\/es\/producto\/fabricante-de-cuero-pu-resistente-al-desgaste-personalizado\/\" \/>\n<meta property=\"og:locale\" content=\"es_ES\" \/>\n<meta property=\"og:type\" content=\"article\" \/>\n<meta property=\"og:title\" content=\"Customized Wear Resistant Pu Leather Manufacturer for Shoes\" \/>\n<meta property=\"og:description\" content=\"Yudeng professional artificial leather supplier offers free or low-cost PU leather samples, allowing you to experience the wear resistance, feel, and appearance of the product before placing an order.\" \/>\n<meta property=\"og:url\" content=\"https:\/\/fjyudeng.com\/es\/producto\/fabricante-de-cuero-pu-resistente-al-desgaste-personalizado\/\" \/>\n<meta property=\"og:site_name\" content=\"fjyudeng.com\" \/>\n<meta property=\"article:modified_time\" content=\"2025-08-06T09:21:03+00:00\" \/>\n<meta property=\"og:image\" content=\"https:\/\/fjyudeng.com\/wp-content\/uploads\/2025\/08\/Customized-Wear-Resistant-Pu-Leather-Manufacturer-for-Shoes.jpg\" \/>\n\t<meta property=\"og:image:width\" content=\"1463\" \/>\n\t<meta property=\"og:image:height\" content=\"1463\" \/>\n\t<meta property=\"og:image:type\" content=\"image\/jpeg\" \/>\n<meta name=\"twitter:card\" content=\"summary_large_image\" \/>\n<meta name=\"twitter:label1\" content=\"Tiempo de lectura\" \/>\n\t<meta name=\"twitter:data1\" content=\"5 minutos\" \/>\n<script type=\"application\/ld+json\" class=\"yoast-schema-graph\">{\"@context\":\"https:\/\/schema.org\",\"@graph\":[{\"@type\":\"WebPage\",\"@id\":\"https:\/\/fjyudeng.com\/product\/customized-wear-resistant-pu-leather-manufacturer\/\",\"url\":\"https:\/\/fjyudeng.com\/product\/customized-wear-resistant-pu-leather-manufacturer\/\",\"name\":\"Customized Wear Resistant Pu Synthetic Leather Supplier\",\"isPartOf\":{\"@id\":\"https:\/\/fjyudeng.com\/#website\"},\"primaryImageOfPage\":{\"@id\":\"https:\/\/fjyudeng.com\/product\/customized-wear-resistant-pu-leather-manufacturer\/#primaryimage\"},\"image\":{\"@id\":\"https:\/\/fjyudeng.com\/product\/customized-wear-resistant-pu-leather-manufacturer\/#primaryimage\"},\"thumbnailUrl\":\"https:\/\/fjyudeng.com\/wp-content\/uploads\/2025\/08\/Customized-Wear-Resistant-Pu-Leather-Manufacturer-for-Shoes.jpg\",\"datePublished\":\"2025-08-06T01:46:56+00:00\",\"dateModified\":\"2025-08-06T09:21:03+00:00\",\"description\":\"Yudeng professional artificial leather supplier offers free or low-cost PU leather samples, allowing you to experience the wear resistance, feel, and appearance of the product before placing an order.\",\"breadcrumb\":{\"@id\":\"https:\/\/fjyudeng.com\/product\/customized-wear-resistant-pu-leather-manufacturer\/#breadcrumb\"},\"inLanguage\":\"es-AR\",\"potentialAction\":[{\"@type\":\"ReadAction\",\"target\":[\"https:\/\/fjyudeng.com\/product\/customized-wear-resistant-pu-leather-manufacturer\/\"]}]},{\"@type\":\"ImageObject\",\"inLanguage\":\"es-AR\",\"@id\":\"https:\/\/fjyudeng.com\/product\/customized-wear-resistant-pu-leather-manufacturer\/#primaryimage\",\"url\":\"https:\/\/fjyudeng.com\/wp-content\/uploads\/2025\/08\/Customized-Wear-Resistant-Pu-Leather-Manufacturer-for-Shoes.jpg\",\"contentUrl\":\"https:\/\/fjyudeng.com\/wp-content\/uploads\/2025\/08\/Customized-Wear-Resistant-Pu-Leather-Manufacturer-for-Shoes.jpg\",\"width\":1463,\"height\":1463,\"caption\":\"Customized Wear Resistant Pu Leather Manufacturer for Shoes\"},{\"@type\":\"BreadcrumbList\",\"@id\":\"https:\/\/fjyudeng.com\/product\/customized-wear-resistant-pu-leather-manufacturer\/#breadcrumb\",\"itemListElement\":[{\"@type\":\"ListItem\",\"position\":1,\"name\":\"Home\",\"item\":\"https:\/\/fjyudeng.com\/\"},{\"@type\":\"ListItem\",\"position\":2,\"name\":\"Products\",\"item\":\"https:\/\/fjyudeng.com\/products\/\"},{\"@type\":\"ListItem\",\"position\":3,\"name\":\"Customized Wear Resistant Pu Leather Manufacturer for Shoes\"}]},{\"@type\":\"WebSite\",\"@id\":\"https:\/\/fjyudeng.com\/#website\",\"url\":\"https:\/\/fjyudeng.com\/\",\"name\":\"fjyudeng.com\",\"description\":\"\",\"publisher\":{\"@id\":\"https:\/\/fjyudeng.com\/#\/schema\/person\/7e41764f047e7552c6ad5bdf5f6d78c7\"},\"potentialAction\":[{\"@type\":\"SearchAction\",\"target\":{\"@type\":\"EntryPoint\",\"urlTemplate\":\"https:\/\/fjyudeng.com\/?s={search_term_string}\"},\"query-input\":\"required name=search_term_string\"}],\"inLanguage\":\"es-AR\"},{\"@type\":[\"Person\",\"Organization\"],\"@id\":\"https:\/\/fjyudeng.com\/#\/schema\/person\/7e41764f047e7552c6ad5bdf5f6d78c7\",\"name\":\"yshine03@gmail.com\",\"image\":{\"@type\":\"ImageObject\",\"inLanguage\":\"es-AR\",\"@id\":\"https:\/\/fjyudeng.com\/#\/schema\/person\/image\/\",\"url\":\"https:\/\/fjyudeng.com\/wp-content\/uploads\/2025\/04\/yudeng-pu-leather-factory-manufacturer.png\",\"contentUrl\":\"https:\/\/fjyudeng.com\/wp-content\/uploads\/2025\/04\/yudeng-pu-leather-factory-manufacturer.png\",\"width\":588,\"height\":590,\"caption\":\"yshine03@gmail.com\"},\"logo\":{\"@id\":\"https:\/\/fjyudeng.com\/#\/schema\/person\/image\/\"},\"sameAs\":[\"https:\/\/fjyudeng.com\"]}]}<\/script>\n<!-- \/ Yoast SEO Premium plugin. -->","yoast_head_json":{"title":"Customized Wear Resistant Pu Synthetic Leather Supplier","description":"Yudeng professional artificial leather supplier offers free or low-cost PU leather samples, allowing you to experience the wear resistance, feel, and appearance of the product before placing an order.","robots":{"index":"index","follow":"follow","max-snippet":"max-snippet:-1","max-image-preview":"max-image-preview:large","max-video-preview":"max-video-preview:-1"},"canonical":"https:\/\/fjyudeng.com\/es\/producto\/fabricante-de-cuero-pu-resistente-al-desgaste-personalizado\/","og_locale":"es_ES","og_type":"article","og_title":"Customized Wear Resistant Pu Leather Manufacturer for Shoes","og_description":"Yudeng professional artificial leather supplier offers free or low-cost PU leather samples, allowing you to experience the wear resistance, feel, and appearance of the product before placing an order.","og_url":"https:\/\/fjyudeng.com\/es\/producto\/fabricante-de-cuero-pu-resistente-al-desgaste-personalizado\/","og_site_name":"fjyudeng.com","article_modified_time":"2025-08-06T09:21:03+00:00","og_image":[{"width":1463,"height":1463,"url":"https:\/\/fjyudeng.com\/wp-content\/uploads\/2025\/08\/Customized-Wear-Resistant-Pu-Leather-Manufacturer-for-Shoes.jpg","type":"image\/jpeg"}],"twitter_card":"summary_large_image","twitter_misc":{"Tiempo de lectura":"5 minutos"},"schema":{"@context":"https:\/\/schema.org","@graph":[{"@type":"WebPage","@id":"https:\/\/fjyudeng.com\/product\/customized-wear-resistant-pu-leather-manufacturer\/","url":"https:\/\/fjyudeng.com\/product\/customized-wear-resistant-pu-leather-manufacturer\/","name":"Customized Wear Resistant Pu Synthetic Leather Supplier","isPartOf":{"@id":"https:\/\/fjyudeng.com\/#website"},"primaryImageOfPage":{"@id":"https:\/\/fjyudeng.com\/product\/customized-wear-resistant-pu-leather-manufacturer\/#primaryimage"},"image":{"@id":"https:\/\/fjyudeng.com\/product\/customized-wear-resistant-pu-leather-manufacturer\/#primaryimage"},"thumbnailUrl":"https:\/\/fjyudeng.com\/wp-content\/uploads\/2025\/08\/Customized-Wear-Resistant-Pu-Leather-Manufacturer-for-Shoes.jpg","datePublished":"2025-08-06T01:46:56+00:00","dateModified":"2025-08-06T09:21:03+00:00","description":"Yudeng professional artificial leather supplier offers free or low-cost PU leather samples, allowing you to experience the wear resistance, feel, and appearance of the product before placing an order.","breadcrumb":{"@id":"https:\/\/fjyudeng.com\/product\/customized-wear-resistant-pu-leather-manufacturer\/#breadcrumb"},"inLanguage":"es-AR","potentialAction":[{"@type":"ReadAction","target":["https:\/\/fjyudeng.com\/product\/customized-wear-resistant-pu-leather-manufacturer\/"]}]},{"@type":"ImageObject","inLanguage":"es-AR","@id":"https:\/\/fjyudeng.com\/product\/customized-wear-resistant-pu-leather-manufacturer\/#primaryimage","url":"https:\/\/fjyudeng.com\/wp-content\/uploads\/2025\/08\/Customized-Wear-Resistant-Pu-Leather-Manufacturer-for-Shoes.jpg","contentUrl":"https:\/\/fjyudeng.com\/wp-content\/uploads\/2025\/08\/Customized-Wear-Resistant-Pu-Leather-Manufacturer-for-Shoes.jpg","width":1463,"height":1463,"caption":"Customized Wear Resistant Pu Leather Manufacturer for Shoes"},{"@type":"BreadcrumbList","@id":"https:\/\/fjyudeng.com\/product\/customized-wear-resistant-pu-leather-manufacturer\/#breadcrumb","itemListElement":[{"@type":"ListItem","position":1,"name":"Home","item":"https:\/\/fjyudeng.com\/"},{"@type":"ListItem","position":2,"name":"Products","item":"https:\/\/fjyudeng.com\/products\/"},{"@type":"ListItem","position":3,"name":"Customized Wear Resistant Pu Leather Manufacturer for Shoes"}]},{"@type":"WebSite","@id":"https:\/\/fjyudeng.com\/#website","url":"https:\/\/fjyudeng.com\/","name":"fjyudeng.com","description":"","publisher":{"@id":"https:\/\/fjyudeng.com\/#\/schema\/person\/7e41764f047e7552c6ad5bdf5f6d78c7"},"potentialAction":[{"@type":"SearchAction","target":{"@type":"EntryPoint","urlTemplate":"https:\/\/fjyudeng.com\/?s={search_term_string}"},"query-input":"required name=search_term_string"}],"inLanguage":"es-AR"},{"@type":["Person","Organization"],"@id":"https:\/\/fjyudeng.com\/#\/schema\/person\/7e41764f047e7552c6ad5bdf5f6d78c7","name":"yshine03@gmail.com","image":{"@type":"ImageObject","inLanguage":"es-AR","@id":"https:\/\/fjyudeng.com\/#\/schema\/person\/image\/","url":"https:\/\/fjyudeng.com\/wp-content\/uploads\/2025\/04\/yudeng-pu-leather-factory-manufacturer.png","contentUrl":"https:\/\/fjyudeng.com\/wp-content\/uploads\/2025\/04\/yudeng-pu-leather-factory-manufacturer.png","width":588,"height":590,"caption":"yshine03@gmail.com"},"logo":{"@id":"https:\/\/fjyudeng.com\/#\/schema\/person\/image\/"},"sameAs":["https:\/\/fjyudeng.com"]}]}},"_links":{"self":[{"href":"https:\/\/fjyudeng.com\/es\/wp-json\/wp\/v2\/product\/3086","targetHints":{"allow":["GET"]}}],"collection":[{"href":"https:\/\/fjyudeng.com\/es\/wp-json\/wp\/v2\/product"}],"about":[{"href":"https:\/\/fjyudeng.com\/es\/wp-json\/wp\/v2\/types\/product"}],"wp:featuredmedia":[{"embeddable":true,"href":"https:\/\/fjyudeng.com\/es\/wp-json\/wp\/v2\/media\/3087"}],"wp:attachment":[{"href":"https:\/\/fjyudeng.com\/es\/wp-json\/wp\/v2\/media?parent=3086"}],"wp:term":[{"taxonomy":"product_brand","embeddable":true,"href":"https:\/\/fjyudeng.com\/es\/wp-json\/wp\/v2\/product_brand?post=3086"},{"taxonomy":"product_cat","embeddable":true,"href":"https:\/\/fjyudeng.com\/es\/wp-json\/wp\/v2\/product_cat?post=3086"},{"taxonomy":"product_tag","embeddable":true,"href":"https:\/\/fjyudeng.com\/es\/wp-json\/wp\/v2\/product_tag?post=3086"}],"curies":[{"name":"wp","href":"https:\/\/api.w.org\/{rel}","templated":true}]}}