{"id":3099,"date":"2025-08-11T14:12:51","date_gmt":"2025-08-11T06:12:51","guid":{"rendered":"https:\/\/fjyudeng.com\/?post_type=product&#038;p=3099"},"modified":"2025-08-11T14:48:41","modified_gmt":"2025-08-11T06:48:41","slug":"fabricante-de-cuero-pu-impermeable-personalizado","status":"publish","type":"product","link":"https:\/\/fjyudeng.com\/es\/producto\/fabricante-de-cuero-pu-impermeable-personalizado\/","title":{"rendered":"Fabricante de cuero sint\u00e9tico impermeable personalizado para telas de f\u00fatbol"},"content":{"rendered":"<p><strong><span style=\"color: #000000;\">Materiales de cuero de primera calidad para f\u00fatbol: creando excelencia para el deporte rey<\/span><\/strong><\/p>\n<p><span style=\"color: #000000;\">En Yudeng Textile, nos enorgullecemos de producir los mejores materiales de cuero para f\u00fatbol, en los que conf\u00edan fabricantes, profesionales y aficionados de todo el mundo. Nuestro cuero de alto rendimiento combina durabilidad, precisi\u00f3n y un toque superior para satisfacer las exigencias del f\u00fatbol moderno en todos los niveles.<\/span><\/p>\n<p><strong><span style=\"color: #000000;\">\u00bfPor qu\u00e9 elegir nuestro cuero de f\u00fatbol?<\/span><\/strong><\/p>\n<ul>\n<li><span style=\"color: #000000;\">Est\u00e1ndares de calidad de exportaci\u00f3n: probados rigurosamente en cuanto a carga de pelado, resistencia, resistencia al agua y rendimiento constante en todas las condiciones.<\/span><\/li>\n<li><span style=\"color: #000000;\">Opciones de espesor \u00f3ptimo: Disponible en calibres de 1,0 mm a 1,5 mm (1,2 mm, 1,3 mm, 1,4 mm) para un peso y una flexibilidad personalizados.<\/span><\/li>\n<li><span style=\"color: #000000;\">Agarre y control mejorados: las superficies especialmente tratadas garantizan la m\u00e1xima adherencia de la pelota para pases y tiros precisos.<\/span><\/li>\n<li><span style=\"color: #000000;\">Bronceado Ecol\u00f3gico: Procesos sustentables que priorizan la responsabilidad ambiental sin comprometer la calidad.<\/span><\/li>\n<\/ul>\n<p><strong><span style=\"color: #000000;\">Nuestras l\u00edneas de productos exclusivas<\/span><\/strong><\/p>\n<ul>\n<li><span style=\"color: #000000;\">Serie TARGET: dise\u00f1ada para partidos profesionales, ofrece una precisi\u00f3n inigualable y una capacidad de respuesta de nivel \u00e9lite.<\/span><\/li>\n<li><span style=\"color: #000000;\">Serie CAMPUS: dise\u00f1ada para entrenamiento y academias, equilibrando durabilidad y asequibilidad.<\/span><\/li>\n<li><span style=\"color: #000000;\">Serie ECHO: Cuero texturizado innovador para retroalimentaci\u00f3n ac\u00fastica (fuerte \u201cpop\u201d al impactar), preferido por los entrenadores para se\u00f1ales de entrenamiento auditivo.<\/span><\/li>\n<\/ul>\n<p><strong><span style=\"color: #000000;\">Aplicaciones<\/span><\/strong><\/p>\n<ul>\n<li><span style=\"color: #000000;\">Balones de partido, balones de entrenamiento, balones de f\u00fatbol sala\/de interior<\/span><\/li>\n<li><span style=\"color: #000000;\">Guantes y accesorios de portero<\/span><\/li>\n<li><span style=\"color: #000000;\">Marca personalizada para clubes\/ligas<\/span><\/li>\n<li><span style=\"color: #000000;\">Alcance global, confianza local<\/span><\/li>\n<\/ul>\n<p><span style=\"color: #000000;\">Con exportaciones a m\u00e1s de 30 pa\u00edses, incluidas asociaciones con fabricantes paquistan\u00edes, europeos y sudamericanos.<\/span><br \/>\n<span style=\"color: #000000;\">Desde la base hasta la gloria: cosemos perfecci\u00f3n en cada pieza.<\/span><\/p>\n<p style=\"text-align: center;\">\u00a0<img fetchpriority=\"high\" decoding=\"async\" class=\"wp-image-3019 size-full aligncenter\" src=\"https:\/\/fjyudeng.com\/wp-content\/uploads\/2025\/07\/Yudeng-Textile-pu-leather-for-ball-leather.jpg\" alt=\"Cuero sint\u00e9tico textil Yudeng para pelotas de cuero\" width=\"1200\" height=\"679\" srcset=\"https:\/\/fjyudeng.com\/wp-content\/uploads\/2025\/07\/Yudeng-Textile-pu-leather-for-ball-leather.jpg 1200w, https:\/\/fjyudeng.com\/wp-content\/uploads\/2025\/07\/Yudeng-Textile-pu-leather-for-ball-leather-300x170.jpg 300w, https:\/\/fjyudeng.com\/wp-content\/uploads\/2025\/07\/Yudeng-Textile-pu-leather-for-ball-leather-1024x579.jpg 1024w, https:\/\/fjyudeng.com\/wp-content\/uploads\/2025\/07\/Yudeng-Textile-pu-leather-for-ball-leather-768x435.jpg 768w, https:\/\/fjyudeng.com\/wp-content\/uploads\/2025\/07\/Yudeng-Textile-pu-leather-for-ball-leather-18x10.jpg 18w, https:\/\/fjyudeng.com\/wp-content\/uploads\/2025\/07\/Yudeng-Textile-pu-leather-for-ball-leather-600x340.jpg 600w\" sizes=\"(max-width: 1200px) 100vw, 1200px\" \/><img decoding=\"async\" class=\"aligncenter wp-image-3018 size-full\" src=\"https:\/\/fjyudeng.com\/wp-content\/uploads\/2025\/07\/Yudeng-pu-leather-for-ball-Product-description.jpg\" alt=\"Descripci\u00f3n del producto de cuero sint\u00e9tico Yudeng para pelota\" width=\"1200\" height=\"1377\" srcset=\"https:\/\/fjyudeng.com\/wp-content\/uploads\/2025\/07\/Yudeng-pu-leather-for-ball-Product-description.jpg 1200w, https:\/\/fjyudeng.com\/wp-content\/uploads\/2025\/07\/Yudeng-pu-leather-for-ball-Product-description-261x300.jpg 261w, https:\/\/fjyudeng.com\/wp-content\/uploads\/2025\/07\/Yudeng-pu-leather-for-ball-Product-description-892x1024.jpg 892w, https:\/\/fjyudeng.com\/wp-content\/uploads\/2025\/07\/Yudeng-pu-leather-for-ball-Product-description-768x881.jpg 768w, https:\/\/fjyudeng.com\/wp-content\/uploads\/2025\/07\/Yudeng-pu-leather-for-ball-Product-description-10x12.jpg 10w, https:\/\/fjyudeng.com\/wp-content\/uploads\/2025\/07\/Yudeng-pu-leather-for-ball-Product-description-600x689.jpg 600w\" sizes=\"(max-width: 1200px) 100vw, 1200px\" \/><\/p>\n<p><span style=\"color: #000000;\">Para los clientes que requieren cuero PU personalizado para balones de f\u00fatbol, Yudeng <a style=\"color: #000000;\" href=\"https:\/\/fjyudeng.com\/es\/producto\/fabricante-de-cuero-pu-resistente-al-desgaste-personalizado\/\"><strong>proveedor de cuero sint\u00e9tico<\/strong><\/a> Ofrecemos servicios de muestras gratuitos o de bajo costo. Las muestras se pueden cortar en varios tama\u00f1os seg\u00fan sus necesidades y se someten a pruebas previas de resistencia al agua y a la abrasi\u00f3n, lo que le permite evaluar intuitivamente la sensaci\u00f3n, la flexibilidad y el rendimiento de la tela antes de realizar un pedido al por mayor.<\/span><\/p>\n<h4><span style=\"color: #ff6600;\">Servicio personalizado para crear texturas exclusivas de marca.<\/span><\/h4>\n<p><span style=\"color: #000000;\">El cuero sint\u00e9tico para balones de f\u00fatbol debe equilibrar rendimiento y atractivo visual. Ofrecemos personalizaci\u00f3n multidimensional adaptada a las necesidades de diferentes competiciones, marcas o clubes:<\/span><\/p>\n<p><span style=\"color: #000000;\"><strong>Color:<\/strong> Desde los cl\u00e1sicos cuadros en blanco y negro hasta colores fluorescentes vibrantes y brillo met\u00e1lico, hay paletas de colores personalizadas y se pueden imprimir logotipos de marca en ellas.<\/span><\/p>\n<p><span style=\"color: #000000;\"><strong>Espesor:<\/strong> El espesor est\u00e1ndar var\u00eda de 0,8 mm a 1,5 mm, ajustable para satisfacer los requisitos de durabilidad de diferentes niveles de competici\u00f3n o entrenamiento.<\/span><\/p>\n<p><span style=\"color: #000000;\"><strong>Textura:<\/strong> Ofrecemos una variedad de texturas espec\u00edficas para f\u00fatbol, que incluyen lichi, microporosa y mate, que mejoran el agarre y la fricci\u00f3n.<\/span><\/p>\n<p><span style=\"color: #000000;\"><strong>Apoyo:<\/strong> Ofrecemos una variedad de estructuras de soporte, que incluyen poli\u00e9ster, tela no tejida y tela de punto, para mejorar la estabilidad y durabilidad de la superficie.<\/span><\/p>\n<p><span style=\"color: #000000;\">Este alto nivel de flexibilidad garantiza que cada cliente reciba un cuero PU \u00fanico que cumple plenamente con los est\u00e1ndares de la competencia.<\/span><\/p>\n<p>&nbsp;<\/p>\n<h4><span style=\"color: #ff6600;\"><strong>REACH\/ROHS\/OEK<span style=\"color: #ff6600;\">Envolvente O-TEX\u00ae<\/span>certificaci\u00f3n ironmental<\/strong><\/span><\/h4>\n<p><span style=\"color: #000000;\">Nuestro cuero PU impermeable para balones de f\u00fatbol no solo cuenta con una apariencia y un rendimiento superiores, sino que tambi\u00e9n ha pasado numerosas certificaciones ambientales y de calidad reconocidas internacionalmente, que incluyen:<\/span><\/p>\n<p><span style=\"color: #000000;\"><strong>T\u00dcV:<\/strong> Garantiza que el material cumpla con los est\u00e1ndares de seguridad y rendimiento durante su uso.<\/span><\/p>\n<p><span style=\"color: #000000;\"><strong>ALCANZAR:<\/strong> Cumple con las regulaciones de seguridad qu\u00edmica de la UE, eliminando productos qu\u00edmicos nocivos.<\/span><\/p>\n<p><span style=\"color: #000000;\"><strong>RoHS:<\/strong> Asegura que el producto est\u00e9 libre de metales pesados nocivos como plomo, mercurio y cadmio.<\/span><\/p>\n<p><span style=\"color: #000000;\"><strong>Norma OEKO-TEX\u00ae 100:<\/strong> Pasa la certificaci\u00f3n ambiental internacional para textiles, garantizando que es seguro y no irritante para el contacto directo con la piel.<\/span><\/p>\n<p><span style=\"color: #000000;\">Estas certificaciones no solo garantizan la calidad, sino que tambi\u00e9n suavizan las barreras regulatorias para la exportaci\u00f3n de su marca a los mercados de Europa, Am\u00e9rica, el Sudeste Asi\u00e1tico y m\u00e1s all\u00e1.<\/span><\/p>\n<p style=\"text-align: center;\"><img decoding=\"async\" class=\"alignnone wp-image-2744\" src=\"Certificado de producto Yudeng\" alt=\"Certificado de producto Yudeng\" width=\"962\" height=\"516\" srcset=\"\" sizes=\"(max-width: 962px) 100vw, 962px\" data-srcset=\"\" \/><\/p>\n<h4><strong><span style=\"color: #ff6600;\">Aplicaci\u00f3n de producci\u00f3n<\/span><\/strong><\/h4>\n<p><span style=\"color: #000000;\">Aunque este cuero PU est\u00e1 dise\u00f1ado para aplicaciones de f\u00fatbol, sus propiedades impermeables, resistentes a la abrasi\u00f3n y al desgarro tambi\u00e9n lo convierten en una excelente opci\u00f3n para otros equipos deportivos y productos para exteriores:<\/span><\/p>\n<p><span style=\"color: #000000;\"><strong>Equipamiento deportivo:<\/strong> f\u00fatbol sala, balones de entrenamiento indoor, f\u00fatbol callejero, etc.<\/span><\/p>\n<p><span style=\"color: #000000;\"><strong>Accesorios deportivos:<\/strong> cubiertas para espinilleras, bolsas de deporte y tejidos para colchonetas de entrenamiento.<\/span><\/p>\n<p><span style=\"color: #000000;\"><strong>Ocio al aire libre:<\/strong> Telas para sillas de camping, cojines de asiento impermeables y cuero protector para \u00e1reas de juegos infantiles.<\/span><\/p>\n<p><span style=\"color: #000000;\">Esta adaptabilidad intersectorial lo hace m\u00e1s competitivo en el mercado y crea m\u00e1s oportunidades de ventas para los distribuidores.<\/span><\/p>\n<p style=\"text-align: center;\"><img loading=\"lazy\" decoding=\"async\" class=\"aligncenter wp-image-3020 size-full\" src=\"https:\/\/fjyudeng.com\/wp-content\/uploads\/2025\/07\/Yudeng-Textile-pu-leather-for-ball-leather-application.jpg\" alt=\"Cuero sint\u00e9tico textil Yudeng para aplicaciones de cuero para pelotas\" width=\"1200\" height=\"451\" srcset=\"https:\/\/fjyudeng.com\/wp-content\/uploads\/2025\/07\/Yudeng-Textile-pu-leather-for-ball-leather-application.jpg 1200w, https:\/\/fjyudeng.com\/wp-content\/uploads\/2025\/07\/Yudeng-Textile-pu-leather-for-ball-leather-application-300x113.jpg 300w, https:\/\/fjyudeng.com\/wp-content\/uploads\/2025\/07\/Yudeng-Textile-pu-leather-for-ball-leather-application-1024x385.jpg 1024w, https:\/\/fjyudeng.com\/wp-content\/uploads\/2025\/07\/Yudeng-Textile-pu-leather-for-ball-leather-application-768x289.jpg 768w, https:\/\/fjyudeng.com\/wp-content\/uploads\/2025\/07\/Yudeng-Textile-pu-leather-for-ball-leather-application-18x7.jpg 18w, https:\/\/fjyudeng.com\/wp-content\/uploads\/2025\/07\/Yudeng-Textile-pu-leather-for-ball-leather-application-600x226.jpg 600w\" sizes=\"(max-width: 1200px) 100vw, 1200px\" \/><\/p>\n<h4><strong><span style=\"color: #ff6600;\">Ventaja de f\u00e1brica<\/span><\/strong><\/h4>\n<p><span style=\"color: #000000;\">Yudeng cuenta con m\u00e1s de 37 a\u00f1os de experiencia en la producci\u00f3n de cuero sint\u00e9tico PU. Nuestra f\u00e1brica est\u00e1 equipada con avanzadas l\u00edneas de recubrimiento multicapa y equipos de impresi\u00f3n y prensado de alta precisi\u00f3n, lo que permite completar con eficiencia todo el proceso de producci\u00f3n, desde el tratamiento de la tela base y el recubrimiento impermeable hasta el prensado de texturas.<\/span><\/p>\n<ul>\n<li><span style=\"color: #000000;\">Nuestro experimentado equipo t\u00e9cnico est\u00e1 familiarizado con los est\u00e1ndares internacionales y diversas t\u00e9cnicas de procesamiento de cuero PU para balones de f\u00fatbol, lo que nos permite responder r\u00e1pidamente a solicitudes de personalizaci\u00f3n especiales.<\/span><\/li>\n<li><span style=\"color: #000000;\">Nuestro estricto sistema de control de calidad garantiza que cada lote de productos se someta a m\u00faltiples pruebas, incluidas pruebas de resistencia a la tracci\u00f3n, pruebas de ciclo de abrasi\u00f3n y pruebas de resistencia al agua e inmersi\u00f3n, antes del env\u00edo.<\/span><\/li>\n<li><span style=\"color: #000000;\">Nuestra cadena de suministro estable garantiza ciclos de producci\u00f3n cortos, calidad constante y entrega confiable.<\/span><\/li>\n<\/ul>\n<p><span style=\"color: #000000;\">Nuestra experiencia en el mercado internacional incluye a\u00f1os de servicios OEM\/ODM para reconocidas marcas deportivas en Europa, Estados Unidos y el Sudeste Asi\u00e1tico, y nuestra experiencia en embalaje de exportaci\u00f3n, despacho de aduanas y procesos de certificaci\u00f3n.<\/span><\/p>\n<p><span style=\"color: #000000;\">Yudeng <a style=\"color: #000000;\" href=\"https:\/\/fjyudeng.com\/es\/producto\/fabricante-de-cuero-sintetico-con-grano-de-lichi-personalizado\/\"><strong>proveedor de cuero artificial<\/strong><\/a> Contamos con una amplia experiencia en el sector, equipos de producci\u00f3n avanzados y un sistema integral de gesti\u00f3n de calidad para ofrecer constantemente a nuestros clientes soluciones de telas de f\u00fatbol de alta calidad. Ya sea propietario de una marca, mayorista o fabricante, podemos fabricar a medida cuero sint\u00e9tico de f\u00fatbol, hermoso y duradero, para que su producto destaque en el mercado.<\/span><\/p>\n<p style=\"text-align: center;\"><img loading=\"lazy\" decoding=\"async\" class=\"aligncenter wp-image-2741 size-full\" src=\"https:\/\/fjyudeng.com\/wp-content\/uploads\/2025\/06\/Yudeng-Factory-and-Company.jpg\" alt=\"F\u00e1brica y empresa Yudeng\" width=\"1200\" height=\"878\" srcset=\"https:\/\/fjyudeng.com\/wp-content\/uploads\/2025\/06\/Yudeng-Factory-and-Company.jpg 1200w, https:\/\/fjyudeng.com\/wp-content\/uploads\/2025\/06\/Yudeng-Factory-and-Company-600x439.jpg 600w, https:\/\/fjyudeng.com\/wp-content\/uploads\/2025\/06\/Yudeng-Factory-and-Company-300x220.jpg 300w, https:\/\/fjyudeng.com\/wp-content\/uploads\/2025\/06\/Yudeng-Factory-and-Company-1024x749.jpg 1024w, https:\/\/fjyudeng.com\/wp-content\/uploads\/2025\/06\/Yudeng-Factory-and-Company-768x562.jpg 768w, https:\/\/fjyudeng.com\/wp-content\/uploads\/2025\/06\/Yudeng-Factory-and-Company-16x12.jpg 16w\" sizes=\"(max-width: 1200px) 100vw, 1200px\" \/><\/p>\n<p style=\"text-align: center;\"><img loading=\"lazy\" decoding=\"async\" class=\"aligncenter wp-image-2739 size-full\" src=\"https:\/\/fjyudeng.com\/wp-content\/uploads\/2025\/06\/Yudeng-Exhibition-and-Partner.jpg\" alt=\"\" width=\"1200\" height=\"1566\" \/><\/p>","protected":false},"excerpt":{"rendered":"<ul>\n<li>\n<h5><span style=\"color: #000000;\">Pedido m\u00ednimo: 300 metros<\/span><\/h5>\n<\/li>\n<li>\n<h5><span style=\"color: #000000;\">F\u00e1brica de cuero sint\u00e9tico de 37 a\u00f1os<\/span><\/h5>\n<\/li>\n<li>\n<h5><span style=\"color: #000000;\">\u00c1rea de f\u00e1brica de 50000m\u00b2<\/span><\/h5>\n<\/li>\n<li>\n<h5><span style=\"color: #000000;\">10 l\u00edneas de producci\u00f3n<\/span><\/h5>\n<\/li>\n<li class=\"elementor-heading-title elementor-size-default\">\n<h5><span style=\"color: #000000;\">M\u00e1s de 400 texturas disponibles<\/span><\/h5>\n<\/li>\n<li class=\"elementor-heading-title elementor-size-default\">\n<h5><span style=\"color: #000000;\">Certificado REACH\/ROHS\/OEKO-TEX\u00ae<\/span><\/h5>\n<\/li>\n<\/ul>","protected":false},"featured_media":3100,"template":"","meta":[],"product_brand":[],"product_cat":[30],"product_tag":[],"class_list":{"0":"post-3099","1":"product","2":"type-product","3":"status-publish","4":"has-post-thumbnail","6":"product_cat-ball-leather","8":"first","9":"instock","10":"shipping-taxable","11":"product-type-simple"},"yoast_head":"<!-- This site is optimized with the Yoast SEO Premium plugin v22.8 (Yoast SEO v22.8) - https:\/\/yoast.com\/wordpress\/plugins\/seo\/ -->\n<title>Custom Waterproof Pu Leather Manufacturer for Football Fabrics<\/title>\n<meta name=\"description\" content=\"For customers requiring custom PU leather for footballs, Yudeng, a 37-year-old synthetic leather company, offers free or low-cost samples.\" \/>\n<meta name=\"robots\" content=\"index, follow, max-snippet:-1, max-image-preview:large, max-video-preview:-1\" \/>\n<link rel=\"canonical\" href=\"https:\/\/fjyudeng.com\/es\/producto\/fabricante-de-cuero-pu-impermeable-personalizado\/\" \/>\n<meta property=\"og:locale\" content=\"es_ES\" \/>\n<meta property=\"og:type\" content=\"article\" \/>\n<meta property=\"og:title\" content=\"Custom Waterproof Pu Leather Manufacturer for Football Fabrics\" \/>\n<meta property=\"og:description\" content=\"For customers requiring custom PU leather for footballs, Yudeng, a 37-year-old synthetic leather company, offers free or low-cost samples.\" \/>\n<meta property=\"og:url\" content=\"https:\/\/fjyudeng.com\/es\/producto\/fabricante-de-cuero-pu-impermeable-personalizado\/\" \/>\n<meta property=\"og:site_name\" content=\"fjyudeng.com\" \/>\n<meta property=\"article:modified_time\" content=\"2025-08-11T06:48:41+00:00\" \/>\n<meta property=\"og:image\" content=\"https:\/\/fjyudeng.com\/wp-content\/uploads\/2025\/08\/Custom-Waterproof-Pu-Leather-Manufacturer.jpg\" \/>\n\t<meta property=\"og:image:width\" content=\"750\" \/>\n\t<meta property=\"og:image:height\" content=\"750\" \/>\n\t<meta property=\"og:image:type\" content=\"image\/jpeg\" \/>\n<meta name=\"twitter:card\" content=\"summary_large_image\" \/>\n<meta name=\"twitter:label1\" content=\"Tiempo de lectura\" \/>\n\t<meta name=\"twitter:data1\" content=\"5 minutos\" \/>\n<script type=\"application\/ld+json\" class=\"yoast-schema-graph\">{\"@context\":\"https:\/\/schema.org\",\"@graph\":[{\"@type\":\"WebPage\",\"@id\":\"https:\/\/fjyudeng.com\/product\/custom-waterproof-pu-leather-manufacturer\/\",\"url\":\"https:\/\/fjyudeng.com\/product\/custom-waterproof-pu-leather-manufacturer\/\",\"name\":\"Custom Waterproof Pu Leather Manufacturer for Football Fabrics\",\"isPartOf\":{\"@id\":\"https:\/\/fjyudeng.com\/#website\"},\"primaryImageOfPage\":{\"@id\":\"https:\/\/fjyudeng.com\/product\/custom-waterproof-pu-leather-manufacturer\/#primaryimage\"},\"image\":{\"@id\":\"https:\/\/fjyudeng.com\/product\/custom-waterproof-pu-leather-manufacturer\/#primaryimage\"},\"thumbnailUrl\":\"https:\/\/fjyudeng.com\/wp-content\/uploads\/2025\/08\/Custom-Waterproof-Pu-Leather-Manufacturer.jpg\",\"datePublished\":\"2025-08-11T06:12:51+00:00\",\"dateModified\":\"2025-08-11T06:48:41+00:00\",\"description\":\"For customers requiring custom PU leather for footballs, Yudeng, a 37-year-old synthetic leather company, offers free or low-cost samples.\",\"breadcrumb\":{\"@id\":\"https:\/\/fjyudeng.com\/product\/custom-waterproof-pu-leather-manufacturer\/#breadcrumb\"},\"inLanguage\":\"es-AR\",\"potentialAction\":[{\"@type\":\"ReadAction\",\"target\":[\"https:\/\/fjyudeng.com\/product\/custom-waterproof-pu-leather-manufacturer\/\"]}]},{\"@type\":\"ImageObject\",\"inLanguage\":\"es-AR\",\"@id\":\"https:\/\/fjyudeng.com\/product\/custom-waterproof-pu-leather-manufacturer\/#primaryimage\",\"url\":\"https:\/\/fjyudeng.com\/wp-content\/uploads\/2025\/08\/Custom-Waterproof-Pu-Leather-Manufacturer.jpg\",\"contentUrl\":\"https:\/\/fjyudeng.com\/wp-content\/uploads\/2025\/08\/Custom-Waterproof-Pu-Leather-Manufacturer.jpg\",\"width\":750,\"height\":750,\"caption\":\"Custom Waterproof Pu Leather Manufacturer\"},{\"@type\":\"BreadcrumbList\",\"@id\":\"https:\/\/fjyudeng.com\/product\/custom-waterproof-pu-leather-manufacturer\/#breadcrumb\",\"itemListElement\":[{\"@type\":\"ListItem\",\"position\":1,\"name\":\"Home\",\"item\":\"https:\/\/fjyudeng.com\/\"},{\"@type\":\"ListItem\",\"position\":2,\"name\":\"Products\",\"item\":\"https:\/\/fjyudeng.com\/products\/\"},{\"@type\":\"ListItem\",\"position\":3,\"name\":\"Custom Waterproof Pu Leather Manufacturer for Football Fabrics\"}]},{\"@type\":\"WebSite\",\"@id\":\"https:\/\/fjyudeng.com\/#website\",\"url\":\"https:\/\/fjyudeng.com\/\",\"name\":\"fjyudeng.com\",\"description\":\"\",\"publisher\":{\"@id\":\"https:\/\/fjyudeng.com\/#\/schema\/person\/7e41764f047e7552c6ad5bdf5f6d78c7\"},\"potentialAction\":[{\"@type\":\"SearchAction\",\"target\":{\"@type\":\"EntryPoint\",\"urlTemplate\":\"https:\/\/fjyudeng.com\/?s={search_term_string}\"},\"query-input\":\"required name=search_term_string\"}],\"inLanguage\":\"es-AR\"},{\"@type\":[\"Person\",\"Organization\"],\"@id\":\"https:\/\/fjyudeng.com\/#\/schema\/person\/7e41764f047e7552c6ad5bdf5f6d78c7\",\"name\":\"yshine03@gmail.com\",\"image\":{\"@type\":\"ImageObject\",\"inLanguage\":\"es-AR\",\"@id\":\"https:\/\/fjyudeng.com\/#\/schema\/person\/image\/\",\"url\":\"https:\/\/fjyudeng.com\/wp-content\/uploads\/2025\/04\/yudeng-pu-leather-factory-manufacturer.png\",\"contentUrl\":\"https:\/\/fjyudeng.com\/wp-content\/uploads\/2025\/04\/yudeng-pu-leather-factory-manufacturer.png\",\"width\":588,\"height\":590,\"caption\":\"yshine03@gmail.com\"},\"logo\":{\"@id\":\"https:\/\/fjyudeng.com\/#\/schema\/person\/image\/\"},\"sameAs\":[\"https:\/\/fjyudeng.com\"]}]}<\/script>\n<!-- \/ Yoast SEO Premium plugin. -->","yoast_head_json":{"title":"Custom Waterproof Pu Leather Manufacturer for Football Fabrics","description":"For customers requiring custom PU leather for footballs, Yudeng, a 37-year-old synthetic leather company, offers free or low-cost samples.","robots":{"index":"index","follow":"follow","max-snippet":"max-snippet:-1","max-image-preview":"max-image-preview:large","max-video-preview":"max-video-preview:-1"},"canonical":"https:\/\/fjyudeng.com\/es\/producto\/fabricante-de-cuero-pu-impermeable-personalizado\/","og_locale":"es_ES","og_type":"article","og_title":"Custom Waterproof Pu Leather Manufacturer for Football Fabrics","og_description":"For customers requiring custom PU leather for footballs, Yudeng, a 37-year-old synthetic leather company, offers free or low-cost samples.","og_url":"https:\/\/fjyudeng.com\/es\/producto\/fabricante-de-cuero-pu-impermeable-personalizado\/","og_site_name":"fjyudeng.com","article_modified_time":"2025-08-11T06:48:41+00:00","og_image":[{"width":750,"height":750,"url":"https:\/\/fjyudeng.com\/wp-content\/uploads\/2025\/08\/Custom-Waterproof-Pu-Leather-Manufacturer.jpg","type":"image\/jpeg"}],"twitter_card":"summary_large_image","twitter_misc":{"Tiempo de lectura":"5 minutos"},"schema":{"@context":"https:\/\/schema.org","@graph":[{"@type":"WebPage","@id":"https:\/\/fjyudeng.com\/product\/custom-waterproof-pu-leather-manufacturer\/","url":"https:\/\/fjyudeng.com\/product\/custom-waterproof-pu-leather-manufacturer\/","name":"Custom Waterproof Pu Leather Manufacturer for Football Fabrics","isPartOf":{"@id":"https:\/\/fjyudeng.com\/#website"},"primaryImageOfPage":{"@id":"https:\/\/fjyudeng.com\/product\/custom-waterproof-pu-leather-manufacturer\/#primaryimage"},"image":{"@id":"https:\/\/fjyudeng.com\/product\/custom-waterproof-pu-leather-manufacturer\/#primaryimage"},"thumbnailUrl":"https:\/\/fjyudeng.com\/wp-content\/uploads\/2025\/08\/Custom-Waterproof-Pu-Leather-Manufacturer.jpg","datePublished":"2025-08-11T06:12:51+00:00","dateModified":"2025-08-11T06:48:41+00:00","description":"For customers requiring custom PU leather for footballs, Yudeng, a 37-year-old synthetic leather company, offers free or low-cost samples.","breadcrumb":{"@id":"https:\/\/fjyudeng.com\/product\/custom-waterproof-pu-leather-manufacturer\/#breadcrumb"},"inLanguage":"es-AR","potentialAction":[{"@type":"ReadAction","target":["https:\/\/fjyudeng.com\/product\/custom-waterproof-pu-leather-manufacturer\/"]}]},{"@type":"ImageObject","inLanguage":"es-AR","@id":"https:\/\/fjyudeng.com\/product\/custom-waterproof-pu-leather-manufacturer\/#primaryimage","url":"https:\/\/fjyudeng.com\/wp-content\/uploads\/2025\/08\/Custom-Waterproof-Pu-Leather-Manufacturer.jpg","contentUrl":"https:\/\/fjyudeng.com\/wp-content\/uploads\/2025\/08\/Custom-Waterproof-Pu-Leather-Manufacturer.jpg","width":750,"height":750,"caption":"Custom Waterproof Pu Leather Manufacturer"},{"@type":"BreadcrumbList","@id":"https:\/\/fjyudeng.com\/product\/custom-waterproof-pu-leather-manufacturer\/#breadcrumb","itemListElement":[{"@type":"ListItem","position":1,"name":"Home","item":"https:\/\/fjyudeng.com\/"},{"@type":"ListItem","position":2,"name":"Products","item":"https:\/\/fjyudeng.com\/products\/"},{"@type":"ListItem","position":3,"name":"Custom Waterproof Pu Leather Manufacturer for Football Fabrics"}]},{"@type":"WebSite","@id":"https:\/\/fjyudeng.com\/#website","url":"https:\/\/fjyudeng.com\/","name":"fjyudeng.com","description":"","publisher":{"@id":"https:\/\/fjyudeng.com\/#\/schema\/person\/7e41764f047e7552c6ad5bdf5f6d78c7"},"potentialAction":[{"@type":"SearchAction","target":{"@type":"EntryPoint","urlTemplate":"https:\/\/fjyudeng.com\/?s={search_term_string}"},"query-input":"required name=search_term_string"}],"inLanguage":"es-AR"},{"@type":["Person","Organization"],"@id":"https:\/\/fjyudeng.com\/#\/schema\/person\/7e41764f047e7552c6ad5bdf5f6d78c7","name":"yshine03@gmail.com","image":{"@type":"ImageObject","inLanguage":"es-AR","@id":"https:\/\/fjyudeng.com\/#\/schema\/person\/image\/","url":"https:\/\/fjyudeng.com\/wp-content\/uploads\/2025\/04\/yudeng-pu-leather-factory-manufacturer.png","contentUrl":"https:\/\/fjyudeng.com\/wp-content\/uploads\/2025\/04\/yudeng-pu-leather-factory-manufacturer.png","width":588,"height":590,"caption":"yshine03@gmail.com"},"logo":{"@id":"https:\/\/fjyudeng.com\/#\/schema\/person\/image\/"},"sameAs":["https:\/\/fjyudeng.com"]}]}},"_links":{"self":[{"href":"https:\/\/fjyudeng.com\/es\/wp-json\/wp\/v2\/product\/3099","targetHints":{"allow":["GET"]}}],"collection":[{"href":"https:\/\/fjyudeng.com\/es\/wp-json\/wp\/v2\/product"}],"about":[{"href":"https:\/\/fjyudeng.com\/es\/wp-json\/wp\/v2\/types\/product"}],"wp:featuredmedia":[{"embeddable":true,"href":"https:\/\/fjyudeng.com\/es\/wp-json\/wp\/v2\/media\/3100"}],"wp:attachment":[{"href":"https:\/\/fjyudeng.com\/es\/wp-json\/wp\/v2\/media?parent=3099"}],"wp:term":[{"taxonomy":"product_brand","embeddable":true,"href":"https:\/\/fjyudeng.com\/es\/wp-json\/wp\/v2\/product_brand?post=3099"},{"taxonomy":"product_cat","embeddable":true,"href":"https:\/\/fjyudeng.com\/es\/wp-json\/wp\/v2\/product_cat?post=3099"},{"taxonomy":"product_tag","embeddable":true,"href":"https:\/\/fjyudeng.com\/es\/wp-json\/wp\/v2\/product_tag?post=3099"}],"curies":[{"name":"wp","href":"https:\/\/api.w.org\/{rel}","templated":true}]}}