{"id":3115,"date":"2025-08-15T13:57:05","date_gmt":"2025-08-15T05:57:05","guid":{"rendered":"https:\/\/fjyudeng.com\/?post_type=product&#038;p=3115"},"modified":"2025-09-01T12:01:45","modified_gmt":"2025-09-01T04:01:45","slug":"fabricante-de-cuero-sintetico-de-doble-cara-para-mochilas","status":"publish","type":"product","link":"https:\/\/fjyudeng.com\/es\/producto\/fabricante-de-cuero-sintetico-de-doble-cara-para-mochilas\/","title":{"rendered":"Fabricante de cuero sint\u00e9tico de doble cara para mochilas"},"content":{"rendered":"<p><span style=\"color: #000000;\">Si busca un material que ofrezca un aspecto premium y durabilidad para el uso diario, el cuero sint\u00e9tico PU de doble cara es una opci\u00f3n atractiva. No solo ofrece un aspecto premium y una sensaci\u00f3n refinada, sino que tambi\u00e9n destaca por su excepcional resistencia al desgaste, resistencia al agua y f\u00e1cil cuidado. <a style=\"color: #000000;\" href=\"https:\/\/fjyudeng.com\/es\/producto\/cuero-artificial-de-pu-con-alta-resistencia-a-la-peladura\/\"><strong>f\u00e1brica de cuero sint\u00e9tico<\/strong><\/a> Con muchos a\u00f1os de experiencia en producci\u00f3n, Yudeng ofrece cuero PU de doble cara de alta calidad para mochilas a clientes de todo el mundo, ofreciendo opciones de personalizaci\u00f3n flexibles.<\/span><\/p>\n<p><span style=\"color: #000000;\">Entendemos que elegir el cuero sint\u00e9tico de PU adecuado requiere m\u00e1s que solo especificaciones; requiere experiencia pr\u00e1ctica. Por eso, Yudeng ofrece servicios de muestreo gratuitos o de bajo costo, lo que le permite experimentar personalmente la textura, flexibilidad y grosor del cuero antes de comenzar la producci\u00f3n.<\/span><\/p>\n<ul>\n<li><span style=\"color: #000000;\">Entrega r\u00e1pida de muestras: Las muestras est\u00e1ndar se pueden enviar en un plazo de 3 a 5 d\u00edas.<\/span><\/li>\n<li><span style=\"color: #000000;\">Especificaciones m\u00faltiples: Las muestras est\u00e1n disponibles en una variedad de espesores (0,8 mm a 2,0 mm) y texturas.<\/span><\/li>\n<li><span style=\"color: #000000;\">Servicio de pruebas: Para clientes con requisitos especiales, podemos proporcionar peque\u00f1os lotes de pruebas antes de la producci\u00f3n para garantizar que el color, la textura y la sensaci\u00f3n sean los esperados.<\/span><\/li>\n<\/ul>\n<p style=\"text-align: center;\"><img fetchpriority=\"high\" decoding=\"async\" class=\"wp-image-2957 size-full aligncenter\" src=\"https:\/\/fjyudeng.com\/wp-content\/uploads\/2025\/07\/Yudeng-Textile-pu-leather-for-bag.jpg\" alt=\"Cuero sint\u00e9tico textil Yudeng para bolsos\" width=\"1200\" height=\"679\" srcset=\"https:\/\/fjyudeng.com\/wp-content\/uploads\/2025\/07\/Yudeng-Textile-pu-leather-for-bag.jpg 1200w, https:\/\/fjyudeng.com\/wp-content\/uploads\/2025\/07\/Yudeng-Textile-pu-leather-for-bag-300x170.jpg 300w, https:\/\/fjyudeng.com\/wp-content\/uploads\/2025\/07\/Yudeng-Textile-pu-leather-for-bag-1024x579.jpg 1024w, https:\/\/fjyudeng.com\/wp-content\/uploads\/2025\/07\/Yudeng-Textile-pu-leather-for-bag-768x435.jpg 768w, https:\/\/fjyudeng.com\/wp-content\/uploads\/2025\/07\/Yudeng-Textile-pu-leather-for-bag-18x10.jpg 18w, https:\/\/fjyudeng.com\/wp-content\/uploads\/2025\/07\/Yudeng-Textile-pu-leather-for-bag-600x340.jpg 600w\" sizes=\"(max-width: 1200px) 100vw, 1200px\" \/><\/p>\n<p style=\"text-align: center;\"><img decoding=\"async\" class=\"wp-image-2958 size-full aligncenter\" src=\"https:\/\/fjyudeng.com\/wp-content\/uploads\/2025\/07\/Yudeng-pu-leather-for-bag-Product-description.jpg\" alt=\"Descripci\u00f3n del producto de cuero sint\u00e9tico Yudeng para bolsos\" width=\"1200\" height=\"1377\" srcset=\"https:\/\/fjyudeng.com\/wp-content\/uploads\/2025\/07\/Yudeng-pu-leather-for-bag-Product-description.jpg 1200w, https:\/\/fjyudeng.com\/wp-content\/uploads\/2025\/07\/Yudeng-pu-leather-for-bag-Product-description-261x300.jpg 261w, https:\/\/fjyudeng.com\/wp-content\/uploads\/2025\/07\/Yudeng-pu-leather-for-bag-Product-description-892x1024.jpg 892w, https:\/\/fjyudeng.com\/wp-content\/uploads\/2025\/07\/Yudeng-pu-leather-for-bag-Product-description-768x881.jpg 768w, https:\/\/fjyudeng.com\/wp-content\/uploads\/2025\/07\/Yudeng-pu-leather-for-bag-Product-description-10x12.jpg 10w, https:\/\/fjyudeng.com\/wp-content\/uploads\/2025\/07\/Yudeng-pu-leather-for-bag-Product-description-600x689.jpg 600w\" sizes=\"(max-width: 1200px) 100vw, 1200px\" \/><\/p>\n<h4><strong><span style=\"color: #ff6600;\">Servicios personalizados: color, grosor, textura, soporte para satisfacer necesidades personalizadas.<\/span><\/strong><\/h4>\n<p><span style=\"color: #000000;\">El cuero sint\u00e9tico PU de doble cara de Yudeng ofrece opciones de personalizaci\u00f3n muy flexibles:<\/span><\/p>\n<p><span style=\"color: #000000;\"><strong>Personalizaci\u00f3n del color:<\/strong> Podemos combinar colores con precisi\u00f3n seg\u00fan c\u00f3digos de color Pantone o muestras de clientes para garantizar una combinaci\u00f3n perfecta con la identidad visual de su marca.<\/span><\/p>\n<p><span style=\"color: #000000;\"><strong>Opciones de espesor:<\/strong> Los espesores est\u00e1ndar var\u00edan de 1,0 mm a 1,8 mm, lo que permite ajustes flexibles seg\u00fan el estilo y la funci\u00f3n de la mochila (por ejemplo, ocio urbano, senderismo al aire libre, viajes de negocios).<\/span><\/p>\n<p><span style=\"color: #000000;\"><strong>Dise\u00f1o de textura:<\/strong> Disponible en una variedad de acabados, incluidos brillante, lichi, grano fino, cepillado y granulado, para una apariencia elegante que al mismo tiempo garantiza resistencia a los rayones y durabilidad.<\/span><\/p>\n<p><span style=\"color: #000000;\"><strong>Respaldo personalizado:<\/strong> Hay soportes personalizables, incluidos los no tejidos, los tejidos y los de algod\u00f3n, disponibles para mejorar la adhesi\u00f3n y la durabilidad del cuero PU a la estructura de la mochila, seg\u00fan el uso previsto.<\/span><\/p>\n<p>&nbsp;<\/p>\n<h4><span style=\"color: #ff6600;\"><strong>Certificaci\u00f3n medioambiental REACH\/ROHS\/OEKO-TEX\u00ae<\/strong><\/span><\/h4>\n<p><span style=\"color: #000000;\">Con regulaciones ambientales cada vez m\u00e1s estrictas, el rendimiento ambiental de los materiales de las mochilas impacta directamente la capacidad de un producto para ingresar al mercado internacional. El cuero sint\u00e9tico PU de doble cara de Yudeng se fabrica en estricta conformidad con las normas internacionales y cuenta con m\u00faltiples certificaciones:<\/span><\/p>\n<p><span style=\"color: #000000;\"><strong>T\u00dcV:<\/strong> Garantiza la seguridad del producto y el cumplimiento de las normas de acceso al mercado de la UE.<\/span><\/p>\n<p><span style=\"color: #000000;\"><strong>ALCANZAR:<\/strong> Cumple con las regulaciones de registro, evaluaci\u00f3n, autorizaci\u00f3n y restricci\u00f3n de sustancias qu\u00edmicas de la UE para reducir el impacto de las sustancias qu\u00edmicas peligrosas en los seres humanos y el medio ambiente.<\/span><\/p>\n<p><span style=\"color: #000000;\"><strong>RoHS:<\/strong> El cumplimiento garantiza que los productos sean seguros y no t\u00f3xicos, libres de elementos nocivos como plomo, cadmio y mercurio.<\/span><\/p>\n<p><span style=\"color: #000000;\"><strong>Norma OEKO-TEX\u00ae 100:<\/strong> Garantiza que el cuero sea inofensivo para el cuerpo humano durante su uso y adecuado para uso personal.<\/span><\/p>\n<p><span style=\"color: #000000;\">Se proporcionan informes de pruebas para cada lote de materiales, lo que ayuda a los clientes a pasar con \u00e9xito las inspecciones aduaneras y de terceros.<\/span><\/p>\n<p style=\"text-align: center;\"><img decoding=\"async\" class=\"wp-image-2744 aligncenter\" src=\"Certificado de producto Yudeng\" alt=\"Certificado de producto Yudeng\" width=\"962\" height=\"516\" srcset=\"\" sizes=\"(max-width: 962px) 100vw, 962px\" data-srcset=\"\" \/><\/p>\n<h4><strong><span style=\"color: #ff6600;\">Aplicaci\u00f3n de producci\u00f3n<\/span><\/strong><\/h4>\n<p><span style=\"color: #000000;\">El rendimiento de este material en aplicaciones de bolsas no se limita a la apariencia, sino que tambi\u00e9n aporta mejoras significativas en la estabilidad estructural y la vida \u00fatil del producto:<\/span><\/p>\n<p><span style=\"color: #000000;\"><strong>Cajas de negocios\/estuches de viaje de alta gama:<\/strong> La tela de PU reemplaza el material ABS, reduce el peso en 15%~20% y tiene resistencia a rayones y presi\u00f3n;<\/span><\/p>\n<p><span style=\"color: #000000;\"><strong>Bolsa de protecci\u00f3n de productos electr\u00f3nicos:<\/strong> Alta resistencia estructural, no es f\u00e1cil de deformar, adecuado para bolsas de equipos de realidad virtual, bolsas de audio, cajas port\u00e1tiles para drones;<\/span><\/p>\n<p><span style=\"color: #000000;\"><strong>Mochilas deportivas de moda:<\/strong> crear una apariencia de \u201cestilo t\u00e9cnico\u201d a trav\u00e9s de la textura de la superficie y el revestimiento transparente para mejorar el reconocimiento del producto en el mercado;<\/span><\/p>\n<p><span style=\"color: #000000;\"><strong>Bolsos de propiedad intelectual conjunta\/limitada:<\/strong> Proporcionar a las marcas de dise\u00f1o un medio importante para la expresi\u00f3n visual y el \u201cmarketing de nuevos materiales\u201d.<\/span><\/p>\n<p><span style=\"color: #000000;\">Los elementos de textura de fibra de carbono tienen \u201cfuertes puntos de memoria visual\u201d y ventajas significativas en la presentaci\u00f3n visual de marketing, que pueden potenciar tanto la calidad de la marca como la experiencia del usuario.<\/span><\/p>\n<p><img loading=\"lazy\" decoding=\"async\" class=\"aligncenter wp-image-2959 size-full\" style=\"text-align: center;\" src=\"https:\/\/fjyudeng.com\/wp-content\/uploads\/2025\/07\/Yudeng-pu-leather-for-bag-application.jpg\" alt=\"Cuero sint\u00e9tico Yudeng para aplicaciones en bolsos\" width=\"1200\" height=\"688\" srcset=\"https:\/\/fjyudeng.com\/wp-content\/uploads\/2025\/07\/Yudeng-pu-leather-for-bag-application.jpg 1200w, https:\/\/fjyudeng.com\/wp-content\/uploads\/2025\/07\/Yudeng-pu-leather-for-bag-application-300x172.jpg 300w, https:\/\/fjyudeng.com\/wp-content\/uploads\/2025\/07\/Yudeng-pu-leather-for-bag-application-1024x587.jpg 1024w, https:\/\/fjyudeng.com\/wp-content\/uploads\/2025\/07\/Yudeng-pu-leather-for-bag-application-768x440.jpg 768w, https:\/\/fjyudeng.com\/wp-content\/uploads\/2025\/07\/Yudeng-pu-leather-for-bag-application-18x10.jpg 18w, https:\/\/fjyudeng.com\/wp-content\/uploads\/2025\/07\/Yudeng-pu-leather-for-bag-application-600x344.jpg 600w\" sizes=\"(max-width: 1200px) 100vw, 1200px\" \/><\/p>\n<h3><strong><span style=\"color: #ff6600;\">Ventaja de f\u00e1brica<\/span><\/strong><\/h3>\n<p><span style=\"color: #000000;\">Como un <a style=\"color: #000000;\" href=\"https:\/\/fjyudeng.com\/es\/producto\/cuero-sintetico-pu-impermeable-personalizado-para-futbol\/\"><strong>Fabricante de cuero sint\u00e9tico<\/strong><\/a> Con m\u00e1s de 35 a\u00f1os de experiencia en la fabricaci\u00f3n de cuero sint\u00e9tico PU, Yudeng est\u00e1 a la vanguardia de la industria en t\u00e9rminos de equipos, tecnolog\u00eda y capacidad de producci\u00f3n:<\/span><\/p>\n<p><span style=\"color: #000000;\"><strong>L\u00edneas de producci\u00f3n avanzadas:<\/strong> Los equipos importados de recubrimiento, estampado y laminado garantizan una superficie de cuero uniforme y suave y un tacto delicado.<\/span><\/p>\n<p><span style=\"color: #000000;\"><strong>Control de calidad estricto:<\/strong> Desde la entrega de la materia prima hasta el env\u00edo del producto terminado, implementamos m\u00faltiples inspecciones de calidad durante todo el proceso para garantizar que cada metro de cuero PU cumpla con las especificaciones del cliente.<\/span><\/p>\n<p><span style=\"color: #000000;\"><strong>Alta producci\u00f3n anual:<\/strong> Podemos producir hasta 5 millones de metros al a\u00f1o, atendiendo grandes pedidos y garantizando una entrega r\u00e1pida.<\/span><\/p>\n<p><span style=\"color: #000000;\"><strong>Servicios OEM\/ODM:<\/strong> No solo producimos seg\u00fan las especificaciones del cliente, sino que tambi\u00e9n ayudamos con el desarrollo de nuevas texturas y caracter\u00edsticas de PU, ayudando a las marcas a lanzar r\u00e1pidamente productos diferenciados.<\/span><\/p>\n<p><span style=\"color: #000000;\"><strong>Experiencia de colaboraci\u00f3n internacional:<\/strong> Tenemos asociaciones de larga data con numerosas marcas de mochilas reconocidas en Europa, Am\u00e9rica, Jap\u00f3n y Corea del Sur, lo que proporciona un conocimiento profundo de la est\u00e9tica y los est\u00e1ndares de calidad de varios mercados.<\/span><\/p>\n<p style=\"text-align: center;\"><img loading=\"lazy\" decoding=\"async\" class=\"aligncenter wp-image-2741 size-full\" src=\"https:\/\/fjyudeng.com\/wp-content\/uploads\/2025\/06\/Yudeng-Factory-and-Company.jpg\" alt=\"F\u00e1brica y empresa Yudeng\" width=\"1200\" height=\"878\" srcset=\"https:\/\/fjyudeng.com\/wp-content\/uploads\/2025\/06\/Yudeng-Factory-and-Company.jpg 1200w, https:\/\/fjyudeng.com\/wp-content\/uploads\/2025\/06\/Yudeng-Factory-and-Company-600x439.jpg 600w, https:\/\/fjyudeng.com\/wp-content\/uploads\/2025\/06\/Yudeng-Factory-and-Company-300x220.jpg 300w, https:\/\/fjyudeng.com\/wp-content\/uploads\/2025\/06\/Yudeng-Factory-and-Company-1024x749.jpg 1024w, https:\/\/fjyudeng.com\/wp-content\/uploads\/2025\/06\/Yudeng-Factory-and-Company-768x562.jpg 768w, https:\/\/fjyudeng.com\/wp-content\/uploads\/2025\/06\/Yudeng-Factory-and-Company-16x12.jpg 16w\" sizes=\"(max-width: 1200px) 100vw, 1200px\" \/><\/p>\n<p style=\"text-align: center;\"><img loading=\"lazy\" decoding=\"async\" class=\"aligncenter wp-image-2739 size-full\" src=\"https:\/\/fjyudeng.com\/wp-content\/uploads\/2025\/06\/Yudeng-Exhibition-and-Partner.jpg\" alt=\"\" width=\"1200\" height=\"1566\" \/><\/p>","protected":false},"excerpt":{"rendered":"<ul>\n<li>\n<h5><span style=\"color: #000000;\">Pedido m\u00ednimo: 300 metros<\/span><\/h5>\n<\/li>\n<li>\n<h5><span style=\"color: #000000;\">F\u00e1brica de cuero sint\u00e9tico de 37 a\u00f1os<\/span><\/h5>\n<\/li>\n<li>\n<h5><span style=\"color: #000000;\">\u00c1rea de f\u00e1brica de 50000m\u00b2<\/span><\/h5>\n<\/li>\n<li>\n<h5><span style=\"color: #000000;\">10 l\u00edneas de producci\u00f3n<\/span><\/h5>\n<\/li>\n<li class=\"elementor-heading-title elementor-size-default\">\n<h5><span style=\"color: #000000;\">M\u00e1s de 400 texturas disponibles<\/span><\/h5>\n<\/li>\n<li class=\"elementor-heading-title elementor-size-default\">\n<h5><span style=\"color: #000000;\">Certificado REACH\/ROHS\/OEKO-TEX\u00ae<\/span><\/h5>\n<\/li>\n<\/ul>","protected":false},"featured_media":3116,"template":"","meta":[],"product_brand":[],"product_cat":[29],"product_tag":[],"class_list":{"0":"post-3115","1":"product","2":"type-product","3":"status-publish","4":"has-post-thumbnail","6":"product_cat-bag-leather","8":"first","9":"instock","10":"shipping-taxable","11":"product-type-simple"},"yoast_head":"<!-- This site is optimized with the Yoast SEO Premium plugin v22.8 (Yoast SEO v22.8) - https:\/\/yoast.com\/wordpress\/plugins\/seo\/ -->\n<title>37 Years Double Side Pu Leather Manufacturer for Backpack<\/title>\n<meta name=\"description\" content=\"As a pu leather factory with many years of production experience, Yudeng provides high-quality double-sided PU leather for backpacks to customers worldwide, offering flexible customization options.\" \/>\n<meta name=\"robots\" content=\"index, follow, max-snippet:-1, max-image-preview:large, max-video-preview:-1\" \/>\n<link rel=\"canonical\" href=\"https:\/\/fjyudeng.com\/es\/producto\/fabricante-de-cuero-sintetico-de-doble-cara-para-mochilas\/\" \/>\n<meta property=\"og:locale\" content=\"es_ES\" \/>\n<meta property=\"og:type\" content=\"article\" \/>\n<meta property=\"og:title\" content=\"Double Side Pu Leather Manufacturer for Backpack\" \/>\n<meta property=\"og:description\" content=\"As a pu leather factory with many years of production experience, Yudeng provides high-quality double-sided PU leather for backpacks to customers worldwide, offering flexible customization options.\" \/>\n<meta property=\"og:url\" content=\"https:\/\/fjyudeng.com\/es\/producto\/fabricante-de-cuero-sintetico-de-doble-cara-para-mochilas\/\" \/>\n<meta property=\"og:site_name\" content=\"fjyudeng.com\" \/>\n<meta property=\"article:modified_time\" content=\"2025-09-01T04:01:45+00:00\" \/>\n<meta property=\"og:image\" content=\"https:\/\/fjyudeng.com\/wp-content\/uploads\/2025\/08\/Double-Side-Pu-Leather-Manufacturer-for-Backpack.jpg\" \/>\n\t<meta property=\"og:image:width\" content=\"1500\" \/>\n\t<meta property=\"og:image:height\" content=\"1500\" \/>\n\t<meta property=\"og:image:type\" content=\"image\/jpeg\" \/>\n<meta name=\"twitter:card\" content=\"summary_large_image\" \/>\n<meta name=\"twitter:label1\" content=\"Tiempo de lectura\" \/>\n\t<meta name=\"twitter:data1\" content=\"5 minutos\" \/>\n<script type=\"application\/ld+json\" class=\"yoast-schema-graph\">{\"@context\":\"https:\/\/schema.org\",\"@graph\":[{\"@type\":\"WebPage\",\"@id\":\"https:\/\/fjyudeng.com\/product\/double-side-pu-leather-manufacturer-for-backpack\/\",\"url\":\"https:\/\/fjyudeng.com\/product\/double-side-pu-leather-manufacturer-for-backpack\/\",\"name\":\"37 Years Double Side Pu Leather Manufacturer for Backpack\",\"isPartOf\":{\"@id\":\"https:\/\/fjyudeng.com\/#website\"},\"primaryImageOfPage\":{\"@id\":\"https:\/\/fjyudeng.com\/product\/double-side-pu-leather-manufacturer-for-backpack\/#primaryimage\"},\"image\":{\"@id\":\"https:\/\/fjyudeng.com\/product\/double-side-pu-leather-manufacturer-for-backpack\/#primaryimage\"},\"thumbnailUrl\":\"https:\/\/fjyudeng.com\/wp-content\/uploads\/2025\/08\/Double-Side-Pu-Leather-Manufacturer-for-Backpack.jpg\",\"datePublished\":\"2025-08-15T05:57:05+00:00\",\"dateModified\":\"2025-09-01T04:01:45+00:00\",\"description\":\"As a pu leather factory with many years of production experience, Yudeng provides high-quality double-sided PU leather for backpacks to customers worldwide, offering flexible customization options.\",\"breadcrumb\":{\"@id\":\"https:\/\/fjyudeng.com\/product\/double-side-pu-leather-manufacturer-for-backpack\/#breadcrumb\"},\"inLanguage\":\"es-AR\",\"potentialAction\":[{\"@type\":\"ReadAction\",\"target\":[\"https:\/\/fjyudeng.com\/product\/double-side-pu-leather-manufacturer-for-backpack\/\"]}]},{\"@type\":\"ImageObject\",\"inLanguage\":\"es-AR\",\"@id\":\"https:\/\/fjyudeng.com\/product\/double-side-pu-leather-manufacturer-for-backpack\/#primaryimage\",\"url\":\"https:\/\/fjyudeng.com\/wp-content\/uploads\/2025\/08\/Double-Side-Pu-Leather-Manufacturer-for-Backpack.jpg\",\"contentUrl\":\"https:\/\/fjyudeng.com\/wp-content\/uploads\/2025\/08\/Double-Side-Pu-Leather-Manufacturer-for-Backpack.jpg\",\"width\":1500,\"height\":1500,\"caption\":\"Double Side Pu Leather Manufacturer for Backpack\"},{\"@type\":\"BreadcrumbList\",\"@id\":\"https:\/\/fjyudeng.com\/product\/double-side-pu-leather-manufacturer-for-backpack\/#breadcrumb\",\"itemListElement\":[{\"@type\":\"ListItem\",\"position\":1,\"name\":\"Home\",\"item\":\"https:\/\/fjyudeng.com\/\"},{\"@type\":\"ListItem\",\"position\":2,\"name\":\"Products\",\"item\":\"https:\/\/fjyudeng.com\/products\/\"},{\"@type\":\"ListItem\",\"position\":3,\"name\":\"Double Side Pu Leather Manufacturer for Backpack\"}]},{\"@type\":\"WebSite\",\"@id\":\"https:\/\/fjyudeng.com\/#website\",\"url\":\"https:\/\/fjyudeng.com\/\",\"name\":\"fjyudeng.com\",\"description\":\"\",\"publisher\":{\"@id\":\"https:\/\/fjyudeng.com\/#\/schema\/person\/7e41764f047e7552c6ad5bdf5f6d78c7\"},\"potentialAction\":[{\"@type\":\"SearchAction\",\"target\":{\"@type\":\"EntryPoint\",\"urlTemplate\":\"https:\/\/fjyudeng.com\/?s={search_term_string}\"},\"query-input\":\"required name=search_term_string\"}],\"inLanguage\":\"es-AR\"},{\"@type\":[\"Person\",\"Organization\"],\"@id\":\"https:\/\/fjyudeng.com\/#\/schema\/person\/7e41764f047e7552c6ad5bdf5f6d78c7\",\"name\":\"yshine03@gmail.com\",\"image\":{\"@type\":\"ImageObject\",\"inLanguage\":\"es-AR\",\"@id\":\"https:\/\/fjyudeng.com\/#\/schema\/person\/image\/\",\"url\":\"https:\/\/fjyudeng.com\/wp-content\/uploads\/2025\/04\/yudeng-pu-leather-factory-manufacturer.png\",\"contentUrl\":\"https:\/\/fjyudeng.com\/wp-content\/uploads\/2025\/04\/yudeng-pu-leather-factory-manufacturer.png\",\"width\":588,\"height\":590,\"caption\":\"yshine03@gmail.com\"},\"logo\":{\"@id\":\"https:\/\/fjyudeng.com\/#\/schema\/person\/image\/\"},\"sameAs\":[\"https:\/\/fjyudeng.com\"]}]}<\/script>\n<!-- \/ Yoast SEO Premium plugin. -->","yoast_head_json":{"title":"37 Years Double Side Pu Leather Manufacturer for Backpack","description":"As a pu leather factory with many years of production experience, Yudeng provides high-quality double-sided PU leather for backpacks to customers worldwide, offering flexible customization options.","robots":{"index":"index","follow":"follow","max-snippet":"max-snippet:-1","max-image-preview":"max-image-preview:large","max-video-preview":"max-video-preview:-1"},"canonical":"https:\/\/fjyudeng.com\/es\/producto\/fabricante-de-cuero-sintetico-de-doble-cara-para-mochilas\/","og_locale":"es_ES","og_type":"article","og_title":"Double Side Pu Leather Manufacturer for Backpack","og_description":"As a pu leather factory with many years of production experience, Yudeng provides high-quality double-sided PU leather for backpacks to customers worldwide, offering flexible customization options.","og_url":"https:\/\/fjyudeng.com\/es\/producto\/fabricante-de-cuero-sintetico-de-doble-cara-para-mochilas\/","og_site_name":"fjyudeng.com","article_modified_time":"2025-09-01T04:01:45+00:00","og_image":[{"width":1500,"height":1500,"url":"https:\/\/fjyudeng.com\/wp-content\/uploads\/2025\/08\/Double-Side-Pu-Leather-Manufacturer-for-Backpack.jpg","type":"image\/jpeg"}],"twitter_card":"summary_large_image","twitter_misc":{"Tiempo de lectura":"5 minutos"},"schema":{"@context":"https:\/\/schema.org","@graph":[{"@type":"WebPage","@id":"https:\/\/fjyudeng.com\/product\/double-side-pu-leather-manufacturer-for-backpack\/","url":"https:\/\/fjyudeng.com\/product\/double-side-pu-leather-manufacturer-for-backpack\/","name":"37 Years Double Side Pu Leather Manufacturer for Backpack","isPartOf":{"@id":"https:\/\/fjyudeng.com\/#website"},"primaryImageOfPage":{"@id":"https:\/\/fjyudeng.com\/product\/double-side-pu-leather-manufacturer-for-backpack\/#primaryimage"},"image":{"@id":"https:\/\/fjyudeng.com\/product\/double-side-pu-leather-manufacturer-for-backpack\/#primaryimage"},"thumbnailUrl":"https:\/\/fjyudeng.com\/wp-content\/uploads\/2025\/08\/Double-Side-Pu-Leather-Manufacturer-for-Backpack.jpg","datePublished":"2025-08-15T05:57:05+00:00","dateModified":"2025-09-01T04:01:45+00:00","description":"As a pu leather factory with many years of production experience, Yudeng provides high-quality double-sided PU leather for backpacks to customers worldwide, offering flexible customization options.","breadcrumb":{"@id":"https:\/\/fjyudeng.com\/product\/double-side-pu-leather-manufacturer-for-backpack\/#breadcrumb"},"inLanguage":"es-AR","potentialAction":[{"@type":"ReadAction","target":["https:\/\/fjyudeng.com\/product\/double-side-pu-leather-manufacturer-for-backpack\/"]}]},{"@type":"ImageObject","inLanguage":"es-AR","@id":"https:\/\/fjyudeng.com\/product\/double-side-pu-leather-manufacturer-for-backpack\/#primaryimage","url":"https:\/\/fjyudeng.com\/wp-content\/uploads\/2025\/08\/Double-Side-Pu-Leather-Manufacturer-for-Backpack.jpg","contentUrl":"https:\/\/fjyudeng.com\/wp-content\/uploads\/2025\/08\/Double-Side-Pu-Leather-Manufacturer-for-Backpack.jpg","width":1500,"height":1500,"caption":"Double Side Pu Leather Manufacturer for Backpack"},{"@type":"BreadcrumbList","@id":"https:\/\/fjyudeng.com\/product\/double-side-pu-leather-manufacturer-for-backpack\/#breadcrumb","itemListElement":[{"@type":"ListItem","position":1,"name":"Home","item":"https:\/\/fjyudeng.com\/"},{"@type":"ListItem","position":2,"name":"Products","item":"https:\/\/fjyudeng.com\/products\/"},{"@type":"ListItem","position":3,"name":"Double Side Pu Leather Manufacturer for Backpack"}]},{"@type":"WebSite","@id":"https:\/\/fjyudeng.com\/#website","url":"https:\/\/fjyudeng.com\/","name":"fjyudeng.com","description":"","publisher":{"@id":"https:\/\/fjyudeng.com\/#\/schema\/person\/7e41764f047e7552c6ad5bdf5f6d78c7"},"potentialAction":[{"@type":"SearchAction","target":{"@type":"EntryPoint","urlTemplate":"https:\/\/fjyudeng.com\/?s={search_term_string}"},"query-input":"required name=search_term_string"}],"inLanguage":"es-AR"},{"@type":["Person","Organization"],"@id":"https:\/\/fjyudeng.com\/#\/schema\/person\/7e41764f047e7552c6ad5bdf5f6d78c7","name":"yshine03@gmail.com","image":{"@type":"ImageObject","inLanguage":"es-AR","@id":"https:\/\/fjyudeng.com\/#\/schema\/person\/image\/","url":"https:\/\/fjyudeng.com\/wp-content\/uploads\/2025\/04\/yudeng-pu-leather-factory-manufacturer.png","contentUrl":"https:\/\/fjyudeng.com\/wp-content\/uploads\/2025\/04\/yudeng-pu-leather-factory-manufacturer.png","width":588,"height":590,"caption":"yshine03@gmail.com"},"logo":{"@id":"https:\/\/fjyudeng.com\/#\/schema\/person\/image\/"},"sameAs":["https:\/\/fjyudeng.com"]}]}},"_links":{"self":[{"href":"https:\/\/fjyudeng.com\/es\/wp-json\/wp\/v2\/product\/3115","targetHints":{"allow":["GET"]}}],"collection":[{"href":"https:\/\/fjyudeng.com\/es\/wp-json\/wp\/v2\/product"}],"about":[{"href":"https:\/\/fjyudeng.com\/es\/wp-json\/wp\/v2\/types\/product"}],"wp:featuredmedia":[{"embeddable":true,"href":"https:\/\/fjyudeng.com\/es\/wp-json\/wp\/v2\/media\/3116"}],"wp:attachment":[{"href":"https:\/\/fjyudeng.com\/es\/wp-json\/wp\/v2\/media?parent=3115"}],"wp:term":[{"taxonomy":"product_brand","embeddable":true,"href":"https:\/\/fjyudeng.com\/es\/wp-json\/wp\/v2\/product_brand?post=3115"},{"taxonomy":"product_cat","embeddable":true,"href":"https:\/\/fjyudeng.com\/es\/wp-json\/wp\/v2\/product_cat?post=3115"},{"taxonomy":"product_tag","embeddable":true,"href":"https:\/\/fjyudeng.com\/es\/wp-json\/wp\/v2\/product_tag?post=3115"}],"curies":[{"name":"wp","href":"https:\/\/api.w.org\/{rel}","templated":true}]}}