{"id":3118,"date":"2025-08-18T13:43:41","date_gmt":"2025-08-18T05:43:41","guid":{"rendered":"https:\/\/fjyudeng.com\/?post_type=product&#038;p=3118"},"modified":"2025-09-01T11:59:17","modified_gmt":"2025-09-01T03:59:17","slug":"equipaje-resistente-al-desgaste-de-cuero-pu-al-por-mayor","status":"publish","type":"product","link":"https:\/\/fjyudeng.com\/es\/producto\/equipaje-resistente-al-desgaste-de-cuero-pu-al-por-mayor\/","title":{"rendered":"Tela de cuero sint\u00e9tico resistente al desgaste para equipaje de 1,2 mm al por mayor"},"content":{"rendered":"<p><span style=\"color: #000000;\">Al elegir telas para bolsos y bolsos de mujer, la durabilidad y la calidad son siempre las principales prioridades para los compradores. Como profesional... <a style=\"color: #000000;\" href=\"https:\/\/fjyudeng.com\/es\/producto\/fabricante-de-cuero-sintetico-de-doble-cara-para-mochilas\/\"><strong>Fabricante de cuero sint\u00e9tico<\/strong><\/a>Yudeng ha desarrollado especialmente un tejido de cuero PU resistente al desgaste de 1,2 mm. Su grosor y tacto no solo satisfacen las necesidades de bolsos de alta gama y bolsos de mujer, sino que su excepcional resistencia al desgaste y su certificaci\u00f3n ambiental le han valido la confianza de numerosos clientes de la marca.<\/span><\/p>\n<p><span style=\"color: #000000;\">Entendemos que, al elegir telas, los clientes suelen buscar una experiencia directa con el material, la sensaci\u00f3n y el color. Yudeng ofrece un servicio gratuito de entrega de muestras, lo que le permite sentir la suavidad de la tela, observar los detalles de su textura y realizar pruebas antes de comprar al por mayor. Ya sea que le interese la resistencia a la abrasi\u00f3n, la solidez del color o la resistencia al agua, le invitamos a realizar pruebas de muestra para obtener datos reales.<\/span><\/p>\n<p style=\"text-align: center;\"><img fetchpriority=\"high\" decoding=\"async\" class=\"wp-image-2957 size-full aligncenter\" src=\"https:\/\/fjyudeng.com\/wp-content\/uploads\/2025\/07\/Yudeng-Textile-pu-leather-for-bag.jpg\" alt=\"Cuero sint\u00e9tico textil Yudeng para bolsos\" width=\"1200\" height=\"679\" srcset=\"https:\/\/fjyudeng.com\/wp-content\/uploads\/2025\/07\/Yudeng-Textile-pu-leather-for-bag.jpg 1200w, https:\/\/fjyudeng.com\/wp-content\/uploads\/2025\/07\/Yudeng-Textile-pu-leather-for-bag-300x170.jpg 300w, https:\/\/fjyudeng.com\/wp-content\/uploads\/2025\/07\/Yudeng-Textile-pu-leather-for-bag-1024x579.jpg 1024w, https:\/\/fjyudeng.com\/wp-content\/uploads\/2025\/07\/Yudeng-Textile-pu-leather-for-bag-768x435.jpg 768w, https:\/\/fjyudeng.com\/wp-content\/uploads\/2025\/07\/Yudeng-Textile-pu-leather-for-bag-18x10.jpg 18w, https:\/\/fjyudeng.com\/wp-content\/uploads\/2025\/07\/Yudeng-Textile-pu-leather-for-bag-600x340.jpg 600w\" sizes=\"(max-width: 1200px) 100vw, 1200px\" \/><\/p>\n<p style=\"text-align: center;\"><img decoding=\"async\" class=\"wp-image-2958 size-full aligncenter\" src=\"https:\/\/fjyudeng.com\/wp-content\/uploads\/2025\/07\/Yudeng-pu-leather-for-bag-Product-description.jpg\" alt=\"Descripci\u00f3n del producto de cuero sint\u00e9tico Yudeng para bolsos\" width=\"1200\" height=\"1377\" srcset=\"https:\/\/fjyudeng.com\/wp-content\/uploads\/2025\/07\/Yudeng-pu-leather-for-bag-Product-description.jpg 1200w, https:\/\/fjyudeng.com\/wp-content\/uploads\/2025\/07\/Yudeng-pu-leather-for-bag-Product-description-261x300.jpg 261w, https:\/\/fjyudeng.com\/wp-content\/uploads\/2025\/07\/Yudeng-pu-leather-for-bag-Product-description-892x1024.jpg 892w, https:\/\/fjyudeng.com\/wp-content\/uploads\/2025\/07\/Yudeng-pu-leather-for-bag-Product-description-768x881.jpg 768w, https:\/\/fjyudeng.com\/wp-content\/uploads\/2025\/07\/Yudeng-pu-leather-for-bag-Product-description-10x12.jpg 10w, https:\/\/fjyudeng.com\/wp-content\/uploads\/2025\/07\/Yudeng-pu-leather-for-bag-Product-description-600x689.jpg 600w\" sizes=\"(max-width: 1200px) 100vw, 1200px\" \/><\/p>\n<h4><strong><span style=\"color: #ff6600;\">Servicios personalizados: color, grosor, textura, soporte para satisfacer necesidades personalizadas.<\/span><\/strong><\/h4>\n<p><span style=\"color: #000000;\">Yudeng comprende que los requisitos de las telas para bolsos de mujer var\u00edan considerablemente entre marcas y dise\u00f1adores. Por ello, ofrecemos servicios de personalizaci\u00f3n altamente flexibles para garantizar que cada lote de cuero sint\u00e9tico cumpla con los requisitos de dise\u00f1o del cliente.<\/span><\/p>\n<p><span style=\"color: #000000;\"><strong>Personalizaci\u00f3n del color:<\/strong> Ofrecemos miles de paletas de colores y podemos igualar con precisi\u00f3n los colores Pantone. Ya sea el cl\u00e1sico negro, el elegante blanco roto o los modernos tonos Morandi, podemos personalizar el suyo.<\/span><\/p>\n<p><span style=\"color: #000000;\"><strong>Espesor ajustable:<\/strong> El grosor est\u00e1ndar de este modelo es de 1,2 mm, pero se puede ajustar entre 0,8 mm y 1,6 mm para adaptarlo a las necesidades de dise\u00f1o de su bolso. Los diferentes grosores son adecuados para diversos usos, como bolsos, bandoleras y maletas.<\/span><\/p>\n<p><span style=\"color: #000000;\"><strong>Dise\u00f1o de textura:<\/strong> Las texturas personalizables incluyen lichi, nobuk, trama cruzada y acabados brillantes, que ofrecen una sensaci\u00f3n de primera calidad y al mismo tiempo resultan atractivas para el mercado juvenil.<\/span><\/p>\n<p><span style=\"color: #000000;\"><strong>Opciones de respaldo:<\/strong> Seg\u00fan las necesidades del cliente, ofrecemos una variedad de opciones de respaldo, que incluyen telas tejidas, no tejidas y TC, para mejorar el soporte y la elasticidad del cuero.<\/span><\/p>\n<p><span style=\"color: #000000;\">Este servicio personalizado y flexible ha convertido a Yudeng en un socio a largo plazo para muchas marcas.<\/span><\/p>\n<p>&nbsp;<\/p>\n<h4><span style=\"color: #ff6600;\"><strong>Certificaci\u00f3n medioambiental REACH\/ROHS\/OEKO-TEX\u00ae<\/strong><\/span><\/h4>\n<p><span style=\"color: #000000;\">En el mercado global de abastecimiento, las certificaciones ambientales y de seguridad se han convertido en criterios cruciales para evaluar la calidad de los proveedores. El cuero PU de 1,2 mm de Yudeng ha superado numerosas certificaciones internacionales, entre ellas:<\/span><\/p>\n<p><span style=\"color: #000000;\"><strong>Certificaci\u00f3n T\u00dcV:<\/strong> Garantiza la seguridad del material y el cumplimiento de las normas europeas.<\/span><\/p>\n<p><span style=\"color: #000000;\"><strong>Certificaci\u00f3n REACH:<\/strong> Cumple con las regulaciones de Registro, Evaluaci\u00f3n y Restricci\u00f3n de Productos Qu\u00edmicos de la UE, eliminando sustancias peligrosas.<\/span><\/p>\n<p><span style=\"color: #000000;\"><strong>Certificaci\u00f3n ROHS:<\/strong> Garantiza el cumplimiento ambiental de los est\u00e1ndares de la industria electr\u00f3nica y otras industrias relacionadas.<\/span><\/p>\n<p><span style=\"color: #000000;\"><strong>Certificaci\u00f3n OEKO-TEX\u00ae Standard 100:<\/strong> Garantiza que el tejido sea inofensivo para el cuerpo humano y adecuado para su uso en contacto con la piel.<\/span><\/p>\n<p><span style=\"color: #000000;\">Estas certificaciones no solo garantizan la calidad, sino que tambi\u00e9n ayudan a que sus productos pasen f\u00e1cilmente las pruebas y auditor\u00edas al ingresar a mercados de alto nivel en Europa, Estados Unidos y otras regiones.<\/span><\/p>\n<p style=\"text-align: center;\"><img decoding=\"async\" class=\"wp-image-2744 aligncenter\" src=\"Certificado de producto Yudeng\" alt=\"Certificado de producto Yudeng\" width=\"962\" height=\"516\" srcset=\"\" sizes=\"(max-width: 962px) 100vw, 962px\" data-srcset=\"\" \/><\/p>\n<h4><strong><span style=\"color: #ff6600;\">Aplicaci\u00f3n de producci\u00f3n<\/span><\/strong><\/h4>\n<p><span style=\"color: #000000;\">El rendimiento de este material en aplicaciones de bolsas no se limita a la apariencia, sino que tambi\u00e9n aporta mejoras significativas en la estabilidad estructural y la vida \u00fatil del producto:<\/span><\/p>\n<p><span style=\"color: #000000;\"><strong>Cajas de negocios\/estuches de viaje de alta gama:<\/strong> La tela de PU reemplaza el material ABS, reduce el peso en 15%~20% y tiene resistencia a rayones y presi\u00f3n;<\/span><\/p>\n<p><span style=\"color: #000000;\"><strong>Bolsa de protecci\u00f3n de productos electr\u00f3nicos:<\/strong> Alta resistencia estructural, no es f\u00e1cil de deformar, adecuado para bolsas de equipos de realidad virtual, bolsas de audio, cajas port\u00e1tiles para drones;<\/span><\/p>\n<p><span style=\"color: #000000;\"><strong>Mochilas deportivas de moda:<\/strong> crear una apariencia de \u201cestilo t\u00e9cnico\u201d a trav\u00e9s de la textura de la superficie y el revestimiento transparente para mejorar el reconocimiento del producto en el mercado;<\/span><\/p>\n<p><span style=\"color: #000000;\"><strong>Bolsos de propiedad intelectual conjunta\/limitada:<\/strong> Proporcionar a las marcas de dise\u00f1o un medio importante para la expresi\u00f3n visual y el \u201cmarketing de nuevos materiales\u201d.<\/span><\/p>\n<p><span style=\"color: #000000;\">Los elementos de textura de fibra de carbono tienen \u201cfuertes puntos de memoria visual\u201d y ventajas significativas en la presentaci\u00f3n visual de marketing, que pueden potenciar tanto la calidad de la marca como la experiencia del usuario.<\/span><\/p>\n<p><img loading=\"lazy\" decoding=\"async\" class=\"aligncenter wp-image-2959 size-full\" style=\"text-align: center;\" src=\"https:\/\/fjyudeng.com\/wp-content\/uploads\/2025\/07\/Yudeng-pu-leather-for-bag-application.jpg\" alt=\"Cuero sint\u00e9tico Yudeng para aplicaciones en bolsos\" width=\"1200\" height=\"688\" srcset=\"https:\/\/fjyudeng.com\/wp-content\/uploads\/2025\/07\/Yudeng-pu-leather-for-bag-application.jpg 1200w, https:\/\/fjyudeng.com\/wp-content\/uploads\/2025\/07\/Yudeng-pu-leather-for-bag-application-300x172.jpg 300w, https:\/\/fjyudeng.com\/wp-content\/uploads\/2025\/07\/Yudeng-pu-leather-for-bag-application-1024x587.jpg 1024w, https:\/\/fjyudeng.com\/wp-content\/uploads\/2025\/07\/Yudeng-pu-leather-for-bag-application-768x440.jpg 768w, https:\/\/fjyudeng.com\/wp-content\/uploads\/2025\/07\/Yudeng-pu-leather-for-bag-application-18x10.jpg 18w, https:\/\/fjyudeng.com\/wp-content\/uploads\/2025\/07\/Yudeng-pu-leather-for-bag-application-600x344.jpg 600w\" sizes=\"(max-width: 1200px) 100vw, 1200px\" \/><\/p>\n<h3><strong><span style=\"color: #ff6600;\">Ventaja de f\u00e1brica<\/span><\/strong><\/h3>\n<p><span style=\"color: #000000;\">Como un <a style=\"color: #000000;\" href=\"https:\/\/fjyudeng.com\/es\/producto\/cuero-artificial-de-pu-con-alta-resistencia-a-la-peladura\/\"><strong>f\u00e1brica de cuero sint\u00e9tico<\/strong><\/a>\u00a0Con muchos a\u00f1os de experiencia, Yudeng no solo se centra en la investigaci\u00f3n y el desarrollo de productos, sino que tambi\u00e9n actualiza continuamente sus procesos de producci\u00f3n para garantizar una alta calidad y un suministro estable.<\/span><\/p>\n<p><span style=\"color: #000000;\"><strong>Equipo de producci\u00f3n avanzado:<\/strong> Nuestra f\u00e1brica est\u00e1 equipada con l\u00edneas de producci\u00f3n de recubrimiento, estampado y te\u00f1ido de vanguardia internacional. Cada proceso se controla estrictamente para garantizar la uniformidad y consistencia del producto final.<\/span><\/p>\n<p><span style=\"color: #000000;\"><strong>Soporte del equipo de I+D:<\/strong> Nuestro equipo de ingenieros experimenta continuamente con nuevas f\u00f3rmulas de PU respetuosas con el medio ambiente para mejorar la resistencia al desgaste y, al mismo tiempo, mejorar la flexibilidad y la resistencia al desgarro del cuero.<\/span><\/p>\n<p><span style=\"color: #000000;\"><strong>Pruebas de calidad estrictas:<\/strong> Todos los productos se someten a pruebas de resistencia a la abrasi\u00f3n, al desgarro, al agua y a condiciones de clima fr\u00edo antes de salir de la f\u00e1brica para garantizar un rendimiento excepcional en diversos entornos.<\/span><\/p>\n<p><span style=\"color: #000000;\"><strong>Entrega r\u00e1pida:<\/strong> Contamos con una cadena de suministro de materia prima integral y capacidades de producci\u00f3n a gran escala, lo que garantiza una entrega oportuna, incluso para pedidos grandes, dentro de los plazos de entrega requeridos por el cliente.<\/span><\/p>\n<p><span style=\"color: #000000;\"><strong>Experiencia en asociaci\u00f3n internacional:<\/strong> Yudeng ha establecido alianzas a largo plazo con numerosas marcas reconocidas en Europa, Norteam\u00e9rica y el Sudeste Asi\u00e1tico. Comprendemos a fondo los est\u00e1ndares y la est\u00e9tica de los clientes internacionales y podemos ofrecer soluciones textiles que se adaptan mejor a las tendencias del mercado.<\/span><\/p>\n<p><span style=\"color: #000000;\">El tejido de cuero PU resistente al desgaste de 1,2 mm de Yudeng se ha convertido en la opci\u00f3n preferida de muchos fabricantes de equipaje de alta gama por su seguridad ambiental, flexibilidad de personalizaci\u00f3n, textura superior y durabilidad. Priorizamos siempre a nuestros clientes, ayud\u00e1ndoles a crear productos que equilibran est\u00e9tica y practicidad.<\/span><\/p>\n<p><span style=\"color: #000000;\">Si busca un proveedor de cuero PU profesional y confiable, Yudeng es su socio ideal. Cont\u00e1ctenos para solicitar muestras y comience su aventura con telas de alta calidad para maletas y bolsos de mujer.<\/span><\/p>\n<p style=\"text-align: center;\"><img loading=\"lazy\" decoding=\"async\" class=\"aligncenter wp-image-2741 size-full\" src=\"https:\/\/fjyudeng.com\/wp-content\/uploads\/2025\/06\/Yudeng-Factory-and-Company.jpg\" alt=\"F\u00e1brica y empresa Yudeng\" width=\"1200\" height=\"878\" srcset=\"https:\/\/fjyudeng.com\/wp-content\/uploads\/2025\/06\/Yudeng-Factory-and-Company.jpg 1200w, https:\/\/fjyudeng.com\/wp-content\/uploads\/2025\/06\/Yudeng-Factory-and-Company-600x439.jpg 600w, https:\/\/fjyudeng.com\/wp-content\/uploads\/2025\/06\/Yudeng-Factory-and-Company-300x220.jpg 300w, https:\/\/fjyudeng.com\/wp-content\/uploads\/2025\/06\/Yudeng-Factory-and-Company-1024x749.jpg 1024w, https:\/\/fjyudeng.com\/wp-content\/uploads\/2025\/06\/Yudeng-Factory-and-Company-768x562.jpg 768w, https:\/\/fjyudeng.com\/wp-content\/uploads\/2025\/06\/Yudeng-Factory-and-Company-16x12.jpg 16w\" sizes=\"(max-width: 1200px) 100vw, 1200px\" \/><\/p>\n<p style=\"text-align: center;\"><img loading=\"lazy\" decoding=\"async\" class=\"aligncenter wp-image-2739 size-full\" src=\"https:\/\/fjyudeng.com\/wp-content\/uploads\/2025\/06\/Yudeng-Exhibition-and-Partner.jpg\" alt=\"\" width=\"1200\" height=\"1566\" \/><\/p>","protected":false},"excerpt":{"rendered":"<ul>\n<li>\n<h5><span style=\"color: #000000;\">Pedido m\u00ednimo: 300 metros<\/span><\/h5>\n<\/li>\n<li>\n<h5><span style=\"color: #000000;\">F\u00e1brica de cuero sint\u00e9tico de 37 a\u00f1os<\/span><\/h5>\n<\/li>\n<li>\n<h5><span style=\"color: #000000;\">\u00c1rea de f\u00e1brica de 50000m\u00b2<\/span><\/h5>\n<\/li>\n<li>\n<h5><span style=\"color: #000000;\">10 l\u00edneas de producci\u00f3n<\/span><\/h5>\n<\/li>\n<li class=\"elementor-heading-title elementor-size-default\">\n<h5><span style=\"color: #000000;\">M\u00e1s de 400 texturas disponibles<\/span><\/h5>\n<\/li>\n<li class=\"elementor-heading-title elementor-size-default\">\n<h5><span style=\"color: #000000;\">Certificado REACH\/ROHS\/OEKO-TEX\u00ae<\/span><\/h5>\n<\/li>\n<\/ul>","protected":false},"featured_media":3119,"template":"","meta":[],"product_brand":[],"product_cat":[29],"product_tag":[],"class_list":{"0":"post-3118","1":"product","2":"type-product","3":"status-publish","4":"has-post-thumbnail","6":"product_cat-bag-leather","8":"first","9":"instock","10":"shipping-taxable","11":"product-type-simple"},"yoast_head":"<!-- This site is optimized with the Yoast SEO Premium plugin v22.8 (Yoast SEO v22.8) - https:\/\/yoast.com\/wordpress\/plugins\/seo\/ -->\n<title>Wholesale Pu Leather Wear-Resistant Luggage and Bag Fabric<\/title>\n<meta name=\"description\" content=\"As a professional Pu leather manufacturer, Yudeng offers the perfect thickness and feel for high-end women&#039;s and luggage bags, while also boasting excellent wear resistance and environmental certifications.\" \/>\n<meta name=\"robots\" content=\"index, follow, max-snippet:-1, max-image-preview:large, max-video-preview:-1\" \/>\n<link rel=\"canonical\" href=\"https:\/\/fjyudeng.com\/es\/producto\/equipaje-resistente-al-desgaste-de-cuero-pu-al-por-mayor\/\" \/>\n<meta property=\"og:locale\" content=\"es_ES\" \/>\n<meta property=\"og:type\" content=\"article\" \/>\n<meta property=\"og:title\" content=\"Wholesale 1.2mm Pu Leather Wear-Resistant Luggage Fabric\" \/>\n<meta property=\"og:description\" content=\"As a professional Pu leather manufacturer, Yudeng offers the perfect thickness and feel for high-end women&#039;s and luggage bags, while also boasting excellent wear resistance and environmental certifications.\" \/>\n<meta property=\"og:url\" content=\"https:\/\/fjyudeng.com\/es\/producto\/equipaje-resistente-al-desgaste-de-cuero-pu-al-por-mayor\/\" \/>\n<meta property=\"og:site_name\" content=\"fjyudeng.com\" \/>\n<meta property=\"article:modified_time\" content=\"2025-09-01T03:59:17+00:00\" \/>\n<meta property=\"og:image\" content=\"https:\/\/fjyudeng.com\/wp-content\/uploads\/2025\/08\/1.2mm-Pu-Leather-Wear-Resistant-Luggage.jpg\" \/>\n\t<meta property=\"og:image:width\" content=\"800\" \/>\n\t<meta property=\"og:image:height\" content=\"800\" \/>\n\t<meta property=\"og:image:type\" content=\"image\/jpeg\" \/>\n<meta name=\"twitter:card\" content=\"summary_large_image\" \/>\n<meta name=\"twitter:label1\" content=\"Tiempo de lectura\" \/>\n\t<meta name=\"twitter:data1\" content=\"5 minutos\" \/>\n<script type=\"application\/ld+json\" class=\"yoast-schema-graph\">{\"@context\":\"https:\/\/schema.org\",\"@graph\":[{\"@type\":\"WebPage\",\"@id\":\"https:\/\/fjyudeng.com\/product\/wholesale-pu-leather-wear-resistant-luggage\/\",\"url\":\"https:\/\/fjyudeng.com\/product\/wholesale-pu-leather-wear-resistant-luggage\/\",\"name\":\"Wholesale Pu Leather Wear-Resistant Luggage and Bag Fabric\",\"isPartOf\":{\"@id\":\"https:\/\/fjyudeng.com\/#website\"},\"primaryImageOfPage\":{\"@id\":\"https:\/\/fjyudeng.com\/product\/wholesale-pu-leather-wear-resistant-luggage\/#primaryimage\"},\"image\":{\"@id\":\"https:\/\/fjyudeng.com\/product\/wholesale-pu-leather-wear-resistant-luggage\/#primaryimage\"},\"thumbnailUrl\":\"https:\/\/fjyudeng.com\/wp-content\/uploads\/2025\/08\/1.2mm-Pu-Leather-Wear-Resistant-Luggage.jpg\",\"datePublished\":\"2025-08-18T05:43:41+00:00\",\"dateModified\":\"2025-09-01T03:59:17+00:00\",\"description\":\"As a professional Pu leather manufacturer, Yudeng offers the perfect thickness and feel for high-end women's and luggage bags, while also boasting excellent wear resistance and environmental certifications.\",\"breadcrumb\":{\"@id\":\"https:\/\/fjyudeng.com\/product\/wholesale-pu-leather-wear-resistant-luggage\/#breadcrumb\"},\"inLanguage\":\"es-AR\",\"potentialAction\":[{\"@type\":\"ReadAction\",\"target\":[\"https:\/\/fjyudeng.com\/product\/wholesale-pu-leather-wear-resistant-luggage\/\"]}]},{\"@type\":\"ImageObject\",\"inLanguage\":\"es-AR\",\"@id\":\"https:\/\/fjyudeng.com\/product\/wholesale-pu-leather-wear-resistant-luggage\/#primaryimage\",\"url\":\"https:\/\/fjyudeng.com\/wp-content\/uploads\/2025\/08\/1.2mm-Pu-Leather-Wear-Resistant-Luggage.jpg\",\"contentUrl\":\"https:\/\/fjyudeng.com\/wp-content\/uploads\/2025\/08\/1.2mm-Pu-Leather-Wear-Resistant-Luggage.jpg\",\"width\":800,\"height\":800,\"caption\":\"1.2mm Pu Leather Wear-Resistant Luggage\"},{\"@type\":\"BreadcrumbList\",\"@id\":\"https:\/\/fjyudeng.com\/product\/wholesale-pu-leather-wear-resistant-luggage\/#breadcrumb\",\"itemListElement\":[{\"@type\":\"ListItem\",\"position\":1,\"name\":\"Home\",\"item\":\"https:\/\/fjyudeng.com\/\"},{\"@type\":\"ListItem\",\"position\":2,\"name\":\"Products\",\"item\":\"https:\/\/fjyudeng.com\/products\/\"},{\"@type\":\"ListItem\",\"position\":3,\"name\":\"Wholesale 1.2mm Pu Leather Wear-Resistant Luggage Fabric\"}]},{\"@type\":\"WebSite\",\"@id\":\"https:\/\/fjyudeng.com\/#website\",\"url\":\"https:\/\/fjyudeng.com\/\",\"name\":\"fjyudeng.com\",\"description\":\"\",\"publisher\":{\"@id\":\"https:\/\/fjyudeng.com\/#\/schema\/person\/7e41764f047e7552c6ad5bdf5f6d78c7\"},\"potentialAction\":[{\"@type\":\"SearchAction\",\"target\":{\"@type\":\"EntryPoint\",\"urlTemplate\":\"https:\/\/fjyudeng.com\/?s={search_term_string}\"},\"query-input\":\"required name=search_term_string\"}],\"inLanguage\":\"es-AR\"},{\"@type\":[\"Person\",\"Organization\"],\"@id\":\"https:\/\/fjyudeng.com\/#\/schema\/person\/7e41764f047e7552c6ad5bdf5f6d78c7\",\"name\":\"yshine03@gmail.com\",\"image\":{\"@type\":\"ImageObject\",\"inLanguage\":\"es-AR\",\"@id\":\"https:\/\/fjyudeng.com\/#\/schema\/person\/image\/\",\"url\":\"https:\/\/fjyudeng.com\/wp-content\/uploads\/2025\/04\/yudeng-pu-leather-factory-manufacturer.png\",\"contentUrl\":\"https:\/\/fjyudeng.com\/wp-content\/uploads\/2025\/04\/yudeng-pu-leather-factory-manufacturer.png\",\"width\":588,\"height\":590,\"caption\":\"yshine03@gmail.com\"},\"logo\":{\"@id\":\"https:\/\/fjyudeng.com\/#\/schema\/person\/image\/\"},\"sameAs\":[\"https:\/\/fjyudeng.com\"]}]}<\/script>\n<!-- \/ Yoast SEO Premium plugin. -->","yoast_head_json":{"title":"Wholesale Pu Leather Wear-Resistant Luggage and Bag Fabric","description":"As a professional Pu leather manufacturer, Yudeng offers the perfect thickness and feel for high-end women's and luggage bags, while also boasting excellent wear resistance and environmental certifications.","robots":{"index":"index","follow":"follow","max-snippet":"max-snippet:-1","max-image-preview":"max-image-preview:large","max-video-preview":"max-video-preview:-1"},"canonical":"https:\/\/fjyudeng.com\/es\/producto\/equipaje-resistente-al-desgaste-de-cuero-pu-al-por-mayor\/","og_locale":"es_ES","og_type":"article","og_title":"Wholesale 1.2mm Pu Leather Wear-Resistant Luggage Fabric","og_description":"As a professional Pu leather manufacturer, Yudeng offers the perfect thickness and feel for high-end women's and luggage bags, while also boasting excellent wear resistance and environmental certifications.","og_url":"https:\/\/fjyudeng.com\/es\/producto\/equipaje-resistente-al-desgaste-de-cuero-pu-al-por-mayor\/","og_site_name":"fjyudeng.com","article_modified_time":"2025-09-01T03:59:17+00:00","og_image":[{"width":800,"height":800,"url":"https:\/\/fjyudeng.com\/wp-content\/uploads\/2025\/08\/1.2mm-Pu-Leather-Wear-Resistant-Luggage.jpg","type":"image\/jpeg"}],"twitter_card":"summary_large_image","twitter_misc":{"Tiempo de lectura":"5 minutos"},"schema":{"@context":"https:\/\/schema.org","@graph":[{"@type":"WebPage","@id":"https:\/\/fjyudeng.com\/product\/wholesale-pu-leather-wear-resistant-luggage\/","url":"https:\/\/fjyudeng.com\/product\/wholesale-pu-leather-wear-resistant-luggage\/","name":"Wholesale Pu Leather Wear-Resistant Luggage and Bag Fabric","isPartOf":{"@id":"https:\/\/fjyudeng.com\/#website"},"primaryImageOfPage":{"@id":"https:\/\/fjyudeng.com\/product\/wholesale-pu-leather-wear-resistant-luggage\/#primaryimage"},"image":{"@id":"https:\/\/fjyudeng.com\/product\/wholesale-pu-leather-wear-resistant-luggage\/#primaryimage"},"thumbnailUrl":"https:\/\/fjyudeng.com\/wp-content\/uploads\/2025\/08\/1.2mm-Pu-Leather-Wear-Resistant-Luggage.jpg","datePublished":"2025-08-18T05:43:41+00:00","dateModified":"2025-09-01T03:59:17+00:00","description":"As a professional Pu leather manufacturer, Yudeng offers the perfect thickness and feel for high-end women's and luggage bags, while also boasting excellent wear resistance and environmental certifications.","breadcrumb":{"@id":"https:\/\/fjyudeng.com\/product\/wholesale-pu-leather-wear-resistant-luggage\/#breadcrumb"},"inLanguage":"es-AR","potentialAction":[{"@type":"ReadAction","target":["https:\/\/fjyudeng.com\/product\/wholesale-pu-leather-wear-resistant-luggage\/"]}]},{"@type":"ImageObject","inLanguage":"es-AR","@id":"https:\/\/fjyudeng.com\/product\/wholesale-pu-leather-wear-resistant-luggage\/#primaryimage","url":"https:\/\/fjyudeng.com\/wp-content\/uploads\/2025\/08\/1.2mm-Pu-Leather-Wear-Resistant-Luggage.jpg","contentUrl":"https:\/\/fjyudeng.com\/wp-content\/uploads\/2025\/08\/1.2mm-Pu-Leather-Wear-Resistant-Luggage.jpg","width":800,"height":800,"caption":"1.2mm Pu Leather Wear-Resistant Luggage"},{"@type":"BreadcrumbList","@id":"https:\/\/fjyudeng.com\/product\/wholesale-pu-leather-wear-resistant-luggage\/#breadcrumb","itemListElement":[{"@type":"ListItem","position":1,"name":"Home","item":"https:\/\/fjyudeng.com\/"},{"@type":"ListItem","position":2,"name":"Products","item":"https:\/\/fjyudeng.com\/products\/"},{"@type":"ListItem","position":3,"name":"Wholesale 1.2mm Pu Leather Wear-Resistant Luggage Fabric"}]},{"@type":"WebSite","@id":"https:\/\/fjyudeng.com\/#website","url":"https:\/\/fjyudeng.com\/","name":"fjyudeng.com","description":"","publisher":{"@id":"https:\/\/fjyudeng.com\/#\/schema\/person\/7e41764f047e7552c6ad5bdf5f6d78c7"},"potentialAction":[{"@type":"SearchAction","target":{"@type":"EntryPoint","urlTemplate":"https:\/\/fjyudeng.com\/?s={search_term_string}"},"query-input":"required name=search_term_string"}],"inLanguage":"es-AR"},{"@type":["Person","Organization"],"@id":"https:\/\/fjyudeng.com\/#\/schema\/person\/7e41764f047e7552c6ad5bdf5f6d78c7","name":"yshine03@gmail.com","image":{"@type":"ImageObject","inLanguage":"es-AR","@id":"https:\/\/fjyudeng.com\/#\/schema\/person\/image\/","url":"https:\/\/fjyudeng.com\/wp-content\/uploads\/2025\/04\/yudeng-pu-leather-factory-manufacturer.png","contentUrl":"https:\/\/fjyudeng.com\/wp-content\/uploads\/2025\/04\/yudeng-pu-leather-factory-manufacturer.png","width":588,"height":590,"caption":"yshine03@gmail.com"},"logo":{"@id":"https:\/\/fjyudeng.com\/#\/schema\/person\/image\/"},"sameAs":["https:\/\/fjyudeng.com"]}]}},"_links":{"self":[{"href":"https:\/\/fjyudeng.com\/es\/wp-json\/wp\/v2\/product\/3118","targetHints":{"allow":["GET"]}}],"collection":[{"href":"https:\/\/fjyudeng.com\/es\/wp-json\/wp\/v2\/product"}],"about":[{"href":"https:\/\/fjyudeng.com\/es\/wp-json\/wp\/v2\/types\/product"}],"wp:featuredmedia":[{"embeddable":true,"href":"https:\/\/fjyudeng.com\/es\/wp-json\/wp\/v2\/media\/3119"}],"wp:attachment":[{"href":"https:\/\/fjyudeng.com\/es\/wp-json\/wp\/v2\/media?parent=3118"}],"wp:term":[{"taxonomy":"product_brand","embeddable":true,"href":"https:\/\/fjyudeng.com\/es\/wp-json\/wp\/v2\/product_brand?post=3118"},{"taxonomy":"product_cat","embeddable":true,"href":"https:\/\/fjyudeng.com\/es\/wp-json\/wp\/v2\/product_cat?post=3118"},{"taxonomy":"product_tag","embeddable":true,"href":"https:\/\/fjyudeng.com\/es\/wp-json\/wp\/v2\/product_tag?post=3118"}],"curies":[{"name":"wp","href":"https:\/\/api.w.org\/{rel}","templated":true}]}}