{"id":3158,"date":"2025-08-28T09:50:46","date_gmt":"2025-08-28T01:50:46","guid":{"rendered":"https:\/\/fjyudeng.com\/?post_type=product&#038;p=3158"},"modified":"2025-09-01T11:52:55","modified_gmt":"2025-09-01T03:52:55","slug":"fabricante-de-cuero-sintetico-texturizado-personalizado","status":"publish","type":"product","link":"https:\/\/fjyudeng.com\/es\/producto\/fabricante-de-cuero-sintetico-texturizado-personalizado\/","title":{"rendered":"Fabricante de cuero sint\u00e9tico texturizado personalizado para calzado"},"content":{"rendered":"<p><span style=\"color: #000000;\">Elegir la tela adecuada no solo influye en el dise\u00f1o, sino que tambi\u00e9n influye directamente en la comodidad, la durabilidad y la imagen de marca. Yudeng <a style=\"color: #000000;\" href=\"https:\/\/fjyudeng.com\/es\/producto\/cuero-sintetico-de-leopardo-personalizado-al-por-mayor\/\"><strong>F\u00e1brica de cuero sint\u00e9tico<\/strong><\/a> se especializa en la investigaci\u00f3n, desarrollo y fabricaci\u00f3n de cuero sint\u00e9tico Pu de alta calidad, con un enfoque particular en brindar soluciones de textura personalizadas para el calzado.<\/span><\/p>\n<p><span style=\"color: #000000;\">Durante el proceso de desarrollo del calzado, dise\u00f1adores y compradores suelen necesitar verificar los resultados mediante muestras. Yudeng ofrece servicios de muestreo gratuitos o de bajo costo para garantizar que sus conceptos de dise\u00f1o se traduzcan r\u00e1pidamente en productos f\u00edsicos. Producimos peque\u00f1os lotes de muestras adaptados a sus necesidades, incluyendo diversas texturas, grosores, colores y combinaciones de soportes, lo que le ayuda a evaluar con precisi\u00f3n indicadores clave de rendimiento como la sensaci\u00f3n de la tela, la resistencia a la abrasi\u00f3n y la solidez del color antes de la producci\u00f3n en masa.<\/span><\/p>\n<p style=\"text-align: center;\">\u00a0<img fetchpriority=\"high\" decoding=\"async\" class=\"alignnone wp-image-2969 size-full\" src=\"https:\/\/fjyudeng.com\/wp-content\/uploads\/2025\/07\/Yudeng-Textile-pu-leather-for-shoe.jpg\" alt=\"Cuero sint\u00e9tico textil Yudeng para calzado\" width=\"1200\" height=\"679\" srcset=\"https:\/\/fjyudeng.com\/wp-content\/uploads\/2025\/07\/Yudeng-Textile-pu-leather-for-shoe.jpg 1200w, https:\/\/fjyudeng.com\/wp-content\/uploads\/2025\/07\/Yudeng-Textile-pu-leather-for-shoe-300x170.jpg 300w, https:\/\/fjyudeng.com\/wp-content\/uploads\/2025\/07\/Yudeng-Textile-pu-leather-for-shoe-1024x579.jpg 1024w, https:\/\/fjyudeng.com\/wp-content\/uploads\/2025\/07\/Yudeng-Textile-pu-leather-for-shoe-768x435.jpg 768w, https:\/\/fjyudeng.com\/wp-content\/uploads\/2025\/07\/Yudeng-Textile-pu-leather-for-shoe-18x10.jpg 18w, https:\/\/fjyudeng.com\/wp-content\/uploads\/2025\/07\/Yudeng-Textile-pu-leather-for-shoe-600x340.jpg 600w\" sizes=\"(max-width: 1200px) 100vw, 1200px\" \/><img decoding=\"async\" class=\"alignnone wp-image-2968 size-full\" src=\"https:\/\/fjyudeng.com\/wp-content\/uploads\/2025\/07\/Yudeng-pu-leather-for-shoe-Product-description.jpg\" alt=\"Descripci\u00f3n del producto de cuero sint\u00e9tico Yudeng para calzado\" width=\"1200\" height=\"1377\" srcset=\"https:\/\/fjyudeng.com\/wp-content\/uploads\/2025\/07\/Yudeng-pu-leather-for-shoe-Product-description.jpg 1200w, https:\/\/fjyudeng.com\/wp-content\/uploads\/2025\/07\/Yudeng-pu-leather-for-shoe-Product-description-261x300.jpg 261w, https:\/\/fjyudeng.com\/wp-content\/uploads\/2025\/07\/Yudeng-pu-leather-for-shoe-Product-description-892x1024.jpg 892w, https:\/\/fjyudeng.com\/wp-content\/uploads\/2025\/07\/Yudeng-pu-leather-for-shoe-Product-description-768x881.jpg 768w, https:\/\/fjyudeng.com\/wp-content\/uploads\/2025\/07\/Yudeng-pu-leather-for-shoe-Product-description-10x12.jpg 10w, https:\/\/fjyudeng.com\/wp-content\/uploads\/2025\/07\/Yudeng-pu-leather-for-shoe-Product-description-600x689.jpg 600w\" sizes=\"(max-width: 1200px) 100vw, 1200px\" \/><\/p>\n<h4><span style=\"color: #ff6600;\"><strong>Servicio completo de personalizaci\u00f3n para satisfacer diversas necesidades de calzado.<\/strong><\/span><\/h4>\n<p><span style=\"color: #000000;\">Los requisitos de tela var\u00edan considerablemente seg\u00fan la marca y el estilo de calzado. Yudeng ofrece servicios flexibles de personalizaci\u00f3n OEM\/ODM, lo que nos permite ajustar los siguientes par\u00e1metros clave para satisfacer las necesidades del cliente:<\/span><\/p>\n<p><span style=\"color: #000000;\"><strong>Color:<\/strong> Admitimos la combinaci\u00f3n de colores seg\u00fan tablas de colores est\u00e1ndar internacionales (Pantone) y tambi\u00e9n podemos combinar colores con precisi\u00f3n en funci\u00f3n de muestras f\u00edsicas para garantizar que la parte superior coincida con el dise\u00f1o original.<\/span><\/p>\n<p><span style=\"color: #000000;\"><strong>Espesor:<\/strong> Ofrecemos una variedad de opciones de espesor, que van desde 0,6 mm a 2,0 mm, adaptadas a los requisitos funcionales de las diferentes partes del calzado (como la parte superior, la leng\u00fceta y el forro).<\/span><\/p>\n<p><span style=\"color: #000000;\"><strong>Textura:<\/strong> Podemos estampar en relieve una variedad de texturas, que incluyen lichi, trama cruzada, napa, leopardo y logotipos personalizados, con profundidad y claridad ajustables.<\/span><\/p>\n<p><span style=\"color: #000000;\"><strong>Apoyo:<\/strong> Ofrecemos una variedad de opciones, incluidos soportes no tejidos, tejidos y de microfibra, para satisfacer los requisitos de elasticidad, transpirabilidad y soporte de diferentes estilos de calzado.<\/span><\/p>\n<p><span style=\"color: #000000;\">Durante el proceso de personalizaci\u00f3n, Yudeng utiliza un equipo t\u00e9cnico experimentado y capacidades de desarrollo de moldes para garantizar que cada detalle cumpla con sus expectativas.<\/span><\/p>\n<p>&nbsp;<\/p>\n<h4><span style=\"color: #ff6600;\"><strong>REACH\/ROHS\/OEK<span style=\"color: #ff6600;\">Envolvente O-TEX\u00ae<\/span>certificaci\u00f3n ironmental<\/strong><\/span><\/h4>\n<p><span style=\"color: #000000;\">Las normas ambientales y de seguridad son cruciales para que las empresas de calzado accedan al mercado internacional. El cuero sint\u00e9tico de poliuretano de Yudeng ha obtenido numerosas certificaciones internacionales, entre ellas:<\/span><\/p>\n<p><span style=\"color: #000000;\"><strong>T\u00dcV:<\/strong> Garantiza el cumplimiento de los estrictos est\u00e1ndares de calidad y seguridad del mercado europeo.<\/span><\/p>\n<p><span style=\"color: #000000;\"><strong>ALCANZAR:<\/strong> Cumple con el Registro, Evaluaci\u00f3n, Autorizaci\u00f3n y Restricci\u00f3n de Sustancias Qu\u00edmicas (REC) de la UE, garantizando la seguridad para el contacto humano.<\/span><\/p>\n<p><span style=\"color: #000000;\"><strong>RoHS:<\/strong> Controla estrictamente el contenido de sustancias peligrosas y cumple con los requisitos de producci\u00f3n respetuosos con el medio ambiente.<\/span><\/p>\n<p><span style=\"color: #000000;\"><strong>Norma OEKO-TEX\u00ae 100:<\/strong> Una etiqueta ambiental internacional para textiles, que garantiza la seguridad para la salud humana.<\/span><\/p>\n<p><span style=\"color: #000000;\">Estos certificados significan que el cuero Pu de Yudeng se puede exportar directamente a Europa, Estados Unidos y otros mercados de alto est\u00e1ndar, lo que garantiza su tranquilidad en las ventas de sus productos.<\/span><\/p>\n<p style=\"text-align: center;\"><img decoding=\"async\" class=\"alignnone wp-image-2744\" src=\"Certificado de producto Yudeng\" alt=\"Certificado de producto Yudeng\" width=\"962\" height=\"516\" srcset=\"\" sizes=\"(max-width: 962px) 100vw, 962px\" data-srcset=\"\" \/><\/p>\n<h4><strong><span style=\"color: #ff6600;\">Aplicaci\u00f3n de producci\u00f3n<\/span><\/strong><\/h4>\n<p><span style=\"color: #000000;\">El cuero PU personalizado de Yudeng no solo ofrece una apariencia sobresaliente, sino que tambi\u00e9n cuenta con una durabilidad excepcional y adaptabilidad al proceso, lo que lo hace adecuado para una amplia gama de estilos de calzado:<\/span><\/p>\n<p><span style=\"color: #000000;\"><strong>Calzado deportivo\/casual:<\/strong> El cuero PU liviano y flexible ofrece transpirabilidad y soporte, lo que lo hace ideal para el uso diario y el ejercicio ligero.<\/span><\/p>\n<p><span style=\"color: #000000;\"><strong>Botas de cuero\/zapatos de trabajo:<\/strong> El material de PU grueso y duradero puede reemplazar parcialmente el cuero genuino, mejorando la resistencia a la flexi\u00f3n y la durabilidad y al mismo tiempo reduciendo los costos.<\/span><\/p>\n<p><span style=\"color: #000000;\"><strong>Zapatos de moda para mujer y ni\u00f1o:<\/strong> Una amplia selecci\u00f3n de colores y texturas a\u00f1ade un toque de dise\u00f1o a la parte superior, y la certificaci\u00f3n ambiental brinda tranquilidad a los zapatos de los ni\u00f1os.<\/span><\/p>\n<p><span style=\"color: #000000;\"><strong>Zapatos funcionales\/impermeables:<\/strong> El cuero PU con revestimiento especial ofrece un grado de repelencia al agua, lo que lo hace adecuado para calzado de rendimiento urbano o para exteriores.<\/span><\/p>\n<p><span style=\"color: #000000;\">Debido a su alta adaptabilidad, el cuero PU de Yudeng se ha utilizado ampliamente en las l\u00edneas de producci\u00f3n de fabricantes de calzado nacionales e internacionales, disfrutando de una retenci\u00f3n y reconocimiento de clientes estables a largo plazo.<\/span><\/p>\n<p style=\"text-align: center;\"><img loading=\"lazy\" decoding=\"async\" class=\"alignnone wp-image-2970 size-full\" src=\"https:\/\/fjyudeng.com\/wp-content\/uploads\/2025\/07\/PU-leatther-for-shoe-application.jpg\" alt=\"Cuero PU para aplicaci\u00f3n en calzado\" width=\"1000\" height=\"607\" srcset=\"https:\/\/fjyudeng.com\/wp-content\/uploads\/2025\/07\/PU-leatther-for-shoe-application.jpg 1000w, https:\/\/fjyudeng.com\/wp-content\/uploads\/2025\/07\/PU-leatther-for-shoe-application-300x182.jpg 300w, https:\/\/fjyudeng.com\/wp-content\/uploads\/2025\/07\/PU-leatther-for-shoe-application-768x466.jpg 768w, https:\/\/fjyudeng.com\/wp-content\/uploads\/2025\/07\/PU-leatther-for-shoe-application-18x12.jpg 18w, https:\/\/fjyudeng.com\/wp-content\/uploads\/2025\/07\/PU-leatther-for-shoe-application-600x364.jpg 600w\" sizes=\"(max-width: 1000px) 100vw, 1000px\" \/><\/p>\n<h4><strong><span style=\"color: #ff6600;\">Ventaja de f\u00e1brica<\/span><\/strong><\/h4>\n<p><span style=\"color: #000000;\">Yudeng cuenta con m\u00e1s de 35 a\u00f1os de experiencia en la fabricaci\u00f3n de cuero sint\u00e9tico de poliuretano. Nuestra <a style=\"color: #000000;\" href=\"https:\/\/fjyudeng.com\/es\/producto\/fabricante-de-cuero-sintetico-de-grano-cruzado-para-equipaje\/\"><strong>Fabricante de cuero sint\u00e9tico<\/strong><\/a> Est\u00e1 equipado con equipos de producci\u00f3n avanzados, que incluyen l\u00edneas de recubrimiento automatizadas, m\u00e1quinas de estampado de texturas y talleres de procesos h\u00famedos y secos respetuosos con el medio ambiente.<\/span><\/p>\n<p><span style=\"color: #000000;\"><strong>Producci\u00f3n a escala:<\/strong> La capacidad de producci\u00f3n diaria alcanza decenas de miles de metros, lo que permite una respuesta r\u00e1pida a pedidos de gran volumen.<\/span><\/p>\n<p><span style=\"color: #000000;\"><strong>Control de calidad estricto:<\/strong> Desde la adquisici\u00f3n de materia prima, la producci\u00f3n hasta el env\u00edo, se implementa un sistema de inspecci\u00f3n de calidad de m\u00faltiples niveles para garantizar una calidad del producto constante y confiable en cada lote.<\/span><\/p>\n<p><span style=\"color: #000000;\"><strong>Innovaci\u00f3n tecnol\u00f3gica:<\/strong> Desarrollamos continuamente materiales de Pu biodegradables y con bajo contenido de COV para ayudar a los clientes a mejorar la competitividad ambiental de sus productos.<\/span><\/p>\n<p><span style=\"color: #000000;\"><strong>Experiencia de asociaci\u00f3n global:<\/strong> Servimos a m\u00faltiples mercados, incluidos Europa, Am\u00e9rica, el Sudeste Asi\u00e1tico y Oriente Medio, y hemos establecido asociaciones a largo plazo con numerosas marcas de calzado internacionales.<\/span><\/p>\n<p><span style=\"color: #000000;\">Estas ventajas no solo garantizan la estabilidad del producto, sino que tambi\u00e9n permiten a Yudeng satisfacer m\u00e1s f\u00e1cilmente las necesidades personalizadas de diversos clientes.<\/span><\/p>\n<h5><strong><span style=\"color: #ff6600;\">\u00bfPor qu\u00e9 elegir Yudeng?<\/span><\/strong><\/h5>\n<p><span style=\"color: #000000;\">Para compradores y dise\u00f1adores de materiales para calzado, elegir Yudeng significa mayores posibilidades de dise\u00f1o, mayor garant\u00eda de calidad y una cadena de suministro m\u00e1s r\u00e1pida. Ya sean zapatillas de moda, zapatos casuales o zapatos de vestir de alta gama, podemos ofrecer soluciones de tela personalizadas que se ajusten al posicionamiento de su marca.<\/span><\/p>\n<p><span style=\"color: #000000;\">El objetivo de Yudeng no es solo ser un proveedor, sino impulsar el \u00e9xito de los productos de nuestros clientes. Gracias a nuestra capacidad de personalizaci\u00f3n especializada y nuestra experiencia en el mercado global, su marca podr\u00e1 lanzar con mayor facilidad calzado que satisfaga las tendencias y la demanda del mercado.<\/span><\/p>\n<p style=\"text-align: center;\"><img loading=\"lazy\" decoding=\"async\" class=\"aligncenter wp-image-2741 size-full\" src=\"https:\/\/fjyudeng.com\/wp-content\/uploads\/2025\/06\/Yudeng-Factory-and-Company.jpg\" alt=\"F\u00e1brica y empresa Yudeng\" width=\"1200\" height=\"878\" srcset=\"https:\/\/fjyudeng.com\/wp-content\/uploads\/2025\/06\/Yudeng-Factory-and-Company.jpg 1200w, https:\/\/fjyudeng.com\/wp-content\/uploads\/2025\/06\/Yudeng-Factory-and-Company-600x439.jpg 600w, https:\/\/fjyudeng.com\/wp-content\/uploads\/2025\/06\/Yudeng-Factory-and-Company-300x220.jpg 300w, https:\/\/fjyudeng.com\/wp-content\/uploads\/2025\/06\/Yudeng-Factory-and-Company-1024x749.jpg 1024w, https:\/\/fjyudeng.com\/wp-content\/uploads\/2025\/06\/Yudeng-Factory-and-Company-768x562.jpg 768w, https:\/\/fjyudeng.com\/wp-content\/uploads\/2025\/06\/Yudeng-Factory-and-Company-16x12.jpg 16w\" sizes=\"(max-width: 1200px) 100vw, 1200px\" \/><\/p>\n<p style=\"text-align: center;\"><img loading=\"lazy\" decoding=\"async\" class=\"aligncenter wp-image-2739 size-full\" src=\"https:\/\/fjyudeng.com\/wp-content\/uploads\/2025\/06\/Yudeng-Exhibition-and-Partner.jpg\" alt=\"\" width=\"1200\" height=\"1566\" \/><\/p>","protected":false},"excerpt":{"rendered":"<ul>\n<li>\n<h5><span style=\"color: #000000;\">Pedido m\u00ednimo: 300 metros<\/span><\/h5>\n<\/li>\n<li>\n<h5><span style=\"color: #000000;\">F\u00e1brica de cuero sint\u00e9tico de 37 a\u00f1os<\/span><\/h5>\n<\/li>\n<li>\n<h5><span style=\"color: #000000;\">\u00c1rea de f\u00e1brica de 50000m\u00b2<\/span><\/h5>\n<\/li>\n<li>\n<h5><span style=\"color: #000000;\">10 l\u00edneas de producci\u00f3n<\/span><\/h5>\n<\/li>\n<li class=\"elementor-heading-title elementor-size-default\">\n<h5><span style=\"color: #000000;\">M\u00e1s de 400 texturas disponibles<\/span><\/h5>\n<\/li>\n<li class=\"elementor-heading-title elementor-size-default\">\n<h5><span style=\"color: #000000;\">Certificado REACH\/ROHS\/OEKO-TEX\u00ae<\/span><\/h5>\n<\/li>\n<\/ul>","protected":false},"featured_media":3159,"template":"","meta":[],"product_brand":[],"product_cat":[31],"product_tag":[],"class_list":{"0":"post-3158","1":"product","2":"type-product","3":"status-publish","4":"has-post-thumbnail","6":"product_cat-shoe-leather","8":"first","9":"instock","10":"shipping-taxable","11":"product-type-simple"},"yoast_head":"<!-- This site is optimized with the Yoast SEO Premium plugin v22.8 (Yoast SEO v22.8) - https:\/\/yoast.com\/wordpress\/plugins\/seo\/ -->\n<title>37 Years Custom Textured Pu Leather Factory for Shoe Fabrics<\/title>\n<meta name=\"description\" content=\"Yudeng Pu leather manufacturer specializes in the research, development, and manufacture of high-quality Pu synthetic leather. We customize our products to meet your specific needs.\" \/>\n<meta name=\"robots\" content=\"index, follow, max-snippet:-1, max-image-preview:large, max-video-preview:-1\" \/>\n<link rel=\"canonical\" href=\"https:\/\/fjyudeng.com\/es\/producto\/fabricante-de-cuero-sintetico-texturizado-personalizado\/\" \/>\n<meta property=\"og:locale\" content=\"es_ES\" \/>\n<meta property=\"og:type\" content=\"article\" \/>\n<meta property=\"og:title\" content=\"Custom Textured Pu Leather Manufacturer for Shoe Fabrics\" \/>\n<meta property=\"og:description\" content=\"Yudeng Pu leather manufacturer specializes in the research, development, and manufacture of high-quality Pu synthetic leather. We customize our products to meet your specific needs.\" \/>\n<meta property=\"og:url\" content=\"https:\/\/fjyudeng.com\/es\/producto\/fabricante-de-cuero-sintetico-texturizado-personalizado\/\" \/>\n<meta property=\"og:site_name\" content=\"fjyudeng.com\" \/>\n<meta property=\"article:modified_time\" content=\"2025-09-01T03:52:55+00:00\" \/>\n<meta property=\"og:image\" content=\"https:\/\/fjyudeng.com\/wp-content\/uploads\/2025\/08\/Custom-Textured-Pu-Leather-Manufacturer.jpg\" \/>\n\t<meta property=\"og:image:width\" content=\"1466\" \/>\n\t<meta property=\"og:image:height\" content=\"1466\" \/>\n\t<meta property=\"og:image:type\" content=\"image\/jpeg\" \/>\n<meta name=\"twitter:card\" content=\"summary_large_image\" \/>\n<meta name=\"twitter:label1\" content=\"Tiempo de lectura\" \/>\n\t<meta name=\"twitter:data1\" content=\"5 minutos\" \/>\n<script type=\"application\/ld+json\" class=\"yoast-schema-graph\">{\"@context\":\"https:\/\/schema.org\",\"@graph\":[{\"@type\":\"WebPage\",\"@id\":\"https:\/\/fjyudeng.com\/product\/custom-textured-pu-leather-manufacturer\/\",\"url\":\"https:\/\/fjyudeng.com\/product\/custom-textured-pu-leather-manufacturer\/\",\"name\":\"37 Years Custom Textured Pu Leather Factory for Shoe Fabrics\",\"isPartOf\":{\"@id\":\"https:\/\/fjyudeng.com\/#website\"},\"primaryImageOfPage\":{\"@id\":\"https:\/\/fjyudeng.com\/product\/custom-textured-pu-leather-manufacturer\/#primaryimage\"},\"image\":{\"@id\":\"https:\/\/fjyudeng.com\/product\/custom-textured-pu-leather-manufacturer\/#primaryimage\"},\"thumbnailUrl\":\"https:\/\/fjyudeng.com\/wp-content\/uploads\/2025\/08\/Custom-Textured-Pu-Leather-Manufacturer.jpg\",\"datePublished\":\"2025-08-28T01:50:46+00:00\",\"dateModified\":\"2025-09-01T03:52:55+00:00\",\"description\":\"Yudeng Pu leather manufacturer specializes in the research, development, and manufacture of high-quality Pu synthetic leather. We customize our products to meet your specific needs.\",\"breadcrumb\":{\"@id\":\"https:\/\/fjyudeng.com\/product\/custom-textured-pu-leather-manufacturer\/#breadcrumb\"},\"inLanguage\":\"es-AR\",\"potentialAction\":[{\"@type\":\"ReadAction\",\"target\":[\"https:\/\/fjyudeng.com\/product\/custom-textured-pu-leather-manufacturer\/\"]}]},{\"@type\":\"ImageObject\",\"inLanguage\":\"es-AR\",\"@id\":\"https:\/\/fjyudeng.com\/product\/custom-textured-pu-leather-manufacturer\/#primaryimage\",\"url\":\"https:\/\/fjyudeng.com\/wp-content\/uploads\/2025\/08\/Custom-Textured-Pu-Leather-Manufacturer.jpg\",\"contentUrl\":\"https:\/\/fjyudeng.com\/wp-content\/uploads\/2025\/08\/Custom-Textured-Pu-Leather-Manufacturer.jpg\",\"width\":1466,\"height\":1466,\"caption\":\"Custom Textured Pu Leather Manufacturer\"},{\"@type\":\"BreadcrumbList\",\"@id\":\"https:\/\/fjyudeng.com\/product\/custom-textured-pu-leather-manufacturer\/#breadcrumb\",\"itemListElement\":[{\"@type\":\"ListItem\",\"position\":1,\"name\":\"Home\",\"item\":\"https:\/\/fjyudeng.com\/\"},{\"@type\":\"ListItem\",\"position\":2,\"name\":\"Products\",\"item\":\"https:\/\/fjyudeng.com\/products\/\"},{\"@type\":\"ListItem\",\"position\":3,\"name\":\"Custom Textured Pu Leather Manufacturer for Shoe Fabrics\"}]},{\"@type\":\"WebSite\",\"@id\":\"https:\/\/fjyudeng.com\/#website\",\"url\":\"https:\/\/fjyudeng.com\/\",\"name\":\"fjyudeng.com\",\"description\":\"\",\"publisher\":{\"@id\":\"https:\/\/fjyudeng.com\/#\/schema\/person\/7e41764f047e7552c6ad5bdf5f6d78c7\"},\"potentialAction\":[{\"@type\":\"SearchAction\",\"target\":{\"@type\":\"EntryPoint\",\"urlTemplate\":\"https:\/\/fjyudeng.com\/?s={search_term_string}\"},\"query-input\":\"required name=search_term_string\"}],\"inLanguage\":\"es-AR\"},{\"@type\":[\"Person\",\"Organization\"],\"@id\":\"https:\/\/fjyudeng.com\/#\/schema\/person\/7e41764f047e7552c6ad5bdf5f6d78c7\",\"name\":\"yshine03@gmail.com\",\"image\":{\"@type\":\"ImageObject\",\"inLanguage\":\"es-AR\",\"@id\":\"https:\/\/fjyudeng.com\/#\/schema\/person\/image\/\",\"url\":\"https:\/\/fjyudeng.com\/wp-content\/uploads\/2025\/04\/yudeng-pu-leather-factory-manufacturer.png\",\"contentUrl\":\"https:\/\/fjyudeng.com\/wp-content\/uploads\/2025\/04\/yudeng-pu-leather-factory-manufacturer.png\",\"width\":588,\"height\":590,\"caption\":\"yshine03@gmail.com\"},\"logo\":{\"@id\":\"https:\/\/fjyudeng.com\/#\/schema\/person\/image\/\"},\"sameAs\":[\"https:\/\/fjyudeng.com\"]}]}<\/script>\n<!-- \/ Yoast SEO Premium plugin. -->","yoast_head_json":{"title":"37 Years Custom Textured Pu Leather Factory for Shoe Fabrics","description":"Yudeng Pu leather manufacturer specializes in the research, development, and manufacture of high-quality Pu synthetic leather. We customize our products to meet your specific needs.","robots":{"index":"index","follow":"follow","max-snippet":"max-snippet:-1","max-image-preview":"max-image-preview:large","max-video-preview":"max-video-preview:-1"},"canonical":"https:\/\/fjyudeng.com\/es\/producto\/fabricante-de-cuero-sintetico-texturizado-personalizado\/","og_locale":"es_ES","og_type":"article","og_title":"Custom Textured Pu Leather Manufacturer for Shoe Fabrics","og_description":"Yudeng Pu leather manufacturer specializes in the research, development, and manufacture of high-quality Pu synthetic leather. We customize our products to meet your specific needs.","og_url":"https:\/\/fjyudeng.com\/es\/producto\/fabricante-de-cuero-sintetico-texturizado-personalizado\/","og_site_name":"fjyudeng.com","article_modified_time":"2025-09-01T03:52:55+00:00","og_image":[{"width":1466,"height":1466,"url":"https:\/\/fjyudeng.com\/wp-content\/uploads\/2025\/08\/Custom-Textured-Pu-Leather-Manufacturer.jpg","type":"image\/jpeg"}],"twitter_card":"summary_large_image","twitter_misc":{"Tiempo de lectura":"5 minutos"},"schema":{"@context":"https:\/\/schema.org","@graph":[{"@type":"WebPage","@id":"https:\/\/fjyudeng.com\/product\/custom-textured-pu-leather-manufacturer\/","url":"https:\/\/fjyudeng.com\/product\/custom-textured-pu-leather-manufacturer\/","name":"37 Years Custom Textured Pu Leather Factory for Shoe Fabrics","isPartOf":{"@id":"https:\/\/fjyudeng.com\/#website"},"primaryImageOfPage":{"@id":"https:\/\/fjyudeng.com\/product\/custom-textured-pu-leather-manufacturer\/#primaryimage"},"image":{"@id":"https:\/\/fjyudeng.com\/product\/custom-textured-pu-leather-manufacturer\/#primaryimage"},"thumbnailUrl":"https:\/\/fjyudeng.com\/wp-content\/uploads\/2025\/08\/Custom-Textured-Pu-Leather-Manufacturer.jpg","datePublished":"2025-08-28T01:50:46+00:00","dateModified":"2025-09-01T03:52:55+00:00","description":"Yudeng Pu leather manufacturer specializes in the research, development, and manufacture of high-quality Pu synthetic leather. We customize our products to meet your specific needs.","breadcrumb":{"@id":"https:\/\/fjyudeng.com\/product\/custom-textured-pu-leather-manufacturer\/#breadcrumb"},"inLanguage":"es-AR","potentialAction":[{"@type":"ReadAction","target":["https:\/\/fjyudeng.com\/product\/custom-textured-pu-leather-manufacturer\/"]}]},{"@type":"ImageObject","inLanguage":"es-AR","@id":"https:\/\/fjyudeng.com\/product\/custom-textured-pu-leather-manufacturer\/#primaryimage","url":"https:\/\/fjyudeng.com\/wp-content\/uploads\/2025\/08\/Custom-Textured-Pu-Leather-Manufacturer.jpg","contentUrl":"https:\/\/fjyudeng.com\/wp-content\/uploads\/2025\/08\/Custom-Textured-Pu-Leather-Manufacturer.jpg","width":1466,"height":1466,"caption":"Custom Textured Pu Leather Manufacturer"},{"@type":"BreadcrumbList","@id":"https:\/\/fjyudeng.com\/product\/custom-textured-pu-leather-manufacturer\/#breadcrumb","itemListElement":[{"@type":"ListItem","position":1,"name":"Home","item":"https:\/\/fjyudeng.com\/"},{"@type":"ListItem","position":2,"name":"Products","item":"https:\/\/fjyudeng.com\/products\/"},{"@type":"ListItem","position":3,"name":"Custom Textured Pu Leather Manufacturer for Shoe Fabrics"}]},{"@type":"WebSite","@id":"https:\/\/fjyudeng.com\/#website","url":"https:\/\/fjyudeng.com\/","name":"fjyudeng.com","description":"","publisher":{"@id":"https:\/\/fjyudeng.com\/#\/schema\/person\/7e41764f047e7552c6ad5bdf5f6d78c7"},"potentialAction":[{"@type":"SearchAction","target":{"@type":"EntryPoint","urlTemplate":"https:\/\/fjyudeng.com\/?s={search_term_string}"},"query-input":"required name=search_term_string"}],"inLanguage":"es-AR"},{"@type":["Person","Organization"],"@id":"https:\/\/fjyudeng.com\/#\/schema\/person\/7e41764f047e7552c6ad5bdf5f6d78c7","name":"yshine03@gmail.com","image":{"@type":"ImageObject","inLanguage":"es-AR","@id":"https:\/\/fjyudeng.com\/#\/schema\/person\/image\/","url":"https:\/\/fjyudeng.com\/wp-content\/uploads\/2025\/04\/yudeng-pu-leather-factory-manufacturer.png","contentUrl":"https:\/\/fjyudeng.com\/wp-content\/uploads\/2025\/04\/yudeng-pu-leather-factory-manufacturer.png","width":588,"height":590,"caption":"yshine03@gmail.com"},"logo":{"@id":"https:\/\/fjyudeng.com\/#\/schema\/person\/image\/"},"sameAs":["https:\/\/fjyudeng.com"]}]}},"_links":{"self":[{"href":"https:\/\/fjyudeng.com\/es\/wp-json\/wp\/v2\/product\/3158","targetHints":{"allow":["GET"]}}],"collection":[{"href":"https:\/\/fjyudeng.com\/es\/wp-json\/wp\/v2\/product"}],"about":[{"href":"https:\/\/fjyudeng.com\/es\/wp-json\/wp\/v2\/types\/product"}],"wp:featuredmedia":[{"embeddable":true,"href":"https:\/\/fjyudeng.com\/es\/wp-json\/wp\/v2\/media\/3159"}],"wp:attachment":[{"href":"https:\/\/fjyudeng.com\/es\/wp-json\/wp\/v2\/media?parent=3158"}],"wp:term":[{"taxonomy":"product_brand","embeddable":true,"href":"https:\/\/fjyudeng.com\/es\/wp-json\/wp\/v2\/product_brand?post=3158"},{"taxonomy":"product_cat","embeddable":true,"href":"https:\/\/fjyudeng.com\/es\/wp-json\/wp\/v2\/product_cat?post=3158"},{"taxonomy":"product_tag","embeddable":true,"href":"https:\/\/fjyudeng.com\/es\/wp-json\/wp\/v2\/product_tag?post=3158"}],"curies":[{"name":"wp","href":"https:\/\/api.w.org\/{rel}","templated":true}]}}