{"id":3161,"date":"2025-08-29T11:28:41","date_gmt":"2025-08-29T03:28:41","guid":{"rendered":"https:\/\/fjyudeng.com\/?post_type=product&#038;p=3161"},"modified":"2025-09-01T11:51:39","modified_gmt":"2025-09-01T03:51:39","slug":"fabricante-de-cuero-sintetico-con-espejo-personalizado","status":"publish","type":"product","link":"https:\/\/fjyudeng.com\/es\/producto\/fabricante-de-cuero-sintetico-con-espejo-personalizado\/","title":{"rendered":"Fabricante de cuero PU espejado de alta calidad personalizado"},"content":{"rendered":"<p><span style=\"color: #000000;\">Yudeng <a style=\"color: #000000;\" href=\"https:\/\/fjyudeng.com\/es\/producto\/fabricante-de-cuero-sintetico-texturizado-personalizado\/\"><strong>Fabricante de cuero sint\u00e9tico<\/strong><\/a> Personalice cuero PU espejado de alta calidad: efecto espejo de alto brillo, color puro, producci\u00f3n en masa estable y m\u00e1s f\u00e1cil de cuidar que el cuero patentado natural.<\/span><\/p>\n<p><span style=\"color: #000000;\"><strong>Puntos clave de venta:<\/strong> Alto brillo de espejo, excelente revestimiento resistente a pliegues y rayones, variaci\u00f3n de color controlada y producci\u00f3n en masa estable.<\/span><\/p>\n<p><span style=\"color: #000000;\"><strong>Calzado adecuado:<\/strong> Zapatos de vestir de mujer, zapatos de moda para ni\u00f1os, botas de moda, zapatos de escenario\/espect\u00e1culo y tiras decorativas con empalme parcial.<\/span><\/p>\n<p><span style=\"color: #000000;\"><strong>Ventajas alternativas:<\/strong> En comparaci\u00f3n con el cuero patentado genuino, el PU espejado es menos sensible a la temperatura y la humedad, m\u00e1s f\u00e1cil de mantener y ofrece una gama de colores m\u00e1s amplia a un precio m\u00e1s asequible.<\/span><\/p>\n<p style=\"text-align: center;\">\u00a0<img fetchpriority=\"high\" decoding=\"async\" class=\"alignnone wp-image-2969 size-full\" src=\"https:\/\/fjyudeng.com\/wp-content\/uploads\/2025\/07\/Yudeng-Textile-pu-leather-for-shoe.jpg\" alt=\"Cuero sint\u00e9tico textil Yudeng para calzado\" width=\"1200\" height=\"679\" srcset=\"https:\/\/fjyudeng.com\/wp-content\/uploads\/2025\/07\/Yudeng-Textile-pu-leather-for-shoe.jpg 1200w, https:\/\/fjyudeng.com\/wp-content\/uploads\/2025\/07\/Yudeng-Textile-pu-leather-for-shoe-300x170.jpg 300w, https:\/\/fjyudeng.com\/wp-content\/uploads\/2025\/07\/Yudeng-Textile-pu-leather-for-shoe-1024x579.jpg 1024w, https:\/\/fjyudeng.com\/wp-content\/uploads\/2025\/07\/Yudeng-Textile-pu-leather-for-shoe-768x435.jpg 768w, https:\/\/fjyudeng.com\/wp-content\/uploads\/2025\/07\/Yudeng-Textile-pu-leather-for-shoe-18x10.jpg 18w, https:\/\/fjyudeng.com\/wp-content\/uploads\/2025\/07\/Yudeng-Textile-pu-leather-for-shoe-600x340.jpg 600w\" sizes=\"(max-width: 1200px) 100vw, 1200px\" \/><img decoding=\"async\" class=\"alignnone wp-image-2968 size-full\" src=\"https:\/\/fjyudeng.com\/wp-content\/uploads\/2025\/07\/Yudeng-pu-leather-for-shoe-Product-description.jpg\" alt=\"Descripci\u00f3n del producto de cuero sint\u00e9tico Yudeng para calzado\" width=\"1200\" height=\"1377\" srcset=\"https:\/\/fjyudeng.com\/wp-content\/uploads\/2025\/07\/Yudeng-pu-leather-for-shoe-Product-description.jpg 1200w, https:\/\/fjyudeng.com\/wp-content\/uploads\/2025\/07\/Yudeng-pu-leather-for-shoe-Product-description-261x300.jpg 261w, https:\/\/fjyudeng.com\/wp-content\/uploads\/2025\/07\/Yudeng-pu-leather-for-shoe-Product-description-892x1024.jpg 892w, https:\/\/fjyudeng.com\/wp-content\/uploads\/2025\/07\/Yudeng-pu-leather-for-shoe-Product-description-768x881.jpg 768w, https:\/\/fjyudeng.com\/wp-content\/uploads\/2025\/07\/Yudeng-pu-leather-for-shoe-Product-description-10x12.jpg 10w, https:\/\/fjyudeng.com\/wp-content\/uploads\/2025\/07\/Yudeng-pu-leather-for-shoe-Product-description-600x689.jpg 600w\" sizes=\"(max-width: 1200px) 100vw, 1200px\" \/><\/p>\n<h4><span style=\"color: #ff6600;\"><strong>Servicio completo de personalizaci\u00f3n para satisfacer diversas necesidades de calzado.<\/strong><\/span><\/h4>\n<p><strong><span style=\"color: #000000;\">Color:<\/span><\/strong><\/p>\n<ul>\n<li><span style=\"color: #000000;\">Hay una gama completa de colores disponible, incluidos colores fluorescentes de alta saturaci\u00f3n, efectos met\u00e1licos, superposiciones perladas y reflejos de espejo negro.<\/span><\/li>\n<li><span style=\"color: #000000;\">Compatible con Pantone, colores directos de marca y pruebas CMYK. Ofrecemos recomendaciones para el control de la diferencia de color por lotes (\u0394E).<\/span><\/li>\n<\/ul>\n<p><strong><span style=\"color: #000000;\">Espesor:<\/span><\/strong><\/p>\n<p><span style=\"color: #000000;\">El espesor superior com\u00fan es de 0,5 a 1,2 mm; para tiras\/parches decorativos, este espesor se puede reducir a 0,35 a 0,5 mm; si se desea una superficie m\u00e1s r\u00edgida, se puede aumentar a 1,4 mm (sujeto a la evaluaci\u00f3n real del proceso y la aplicaci\u00f3n).<\/span><\/p>\n<p><strong><span style=\"color: #000000;\">Textura y superficie:<\/span><\/strong><\/p>\n<ul>\n<li><span style=\"color: #000000;\">Centrados principalmente en la suavidad de un espejo, ofrecemos modificaciones de microtextura (como la supresi\u00f3n de la micropiel de naranja y la reducci\u00f3n de la retenci\u00f3n de huellas dactilares) y recubrimientos resistentes a los ara\u00f1azos.<\/span><\/li>\n<li><span style=\"color: #000000;\">Para dar forma localizada podemos aplicar ligeros relieves en zonas poco visibles consiguiendo un acabado espejo equilibrado y de gran durabilidad.<\/span><\/li>\n<\/ul>\n<p><strong><span style=\"color: #000000;\">Respaldo (tela base\/laminado):<\/span><\/strong><\/p>\n<ul>\n<li><span style=\"color: #000000;\">Tejido de punto\/vell\u00f3n de punto por urdimbre: suave y adaptable, adecuado para adaptarse a partes superiores curvas.<\/span><\/li>\n<li><span style=\"color: #000000;\">Tejido no tejido\/poli\u00e9ster\/algod\u00f3n TC: dimensionalmente estable y rentable.<\/span><\/li>\n<li><span style=\"color: #000000;\">Tejido de microfibra\/el\u00e1stico: mejora el ajuste y el rebote, adecuado para superficies muy curvas.<\/span><\/li>\n<li><span style=\"color: #000000;\">Se puede laminar con espuma\/pel\u00edcula termofusible, eliminando los pasos de laminaci\u00f3n secundarios.<\/span><\/li>\n<\/ul>\n<p><span style=\"color: #000000;\"><strong>Ancho y embalaje del rollo:<\/strong> El ancho convencional es de 137\u2013140 cm; el rollo est\u00e1 recubierto con una pel\u00edcula antiadherente para reducir el riesgo de rayones durante el transporte.<\/span><\/p>\n<p>&nbsp;<\/p>\n<h4><span style=\"color: #ff6600;\"><strong>REACH\/ROHS\/OEK<span style=\"color: #ff6600;\">Envolvente O-TEX\u00ae<\/span>certificaci\u00f3n ironmental<\/strong><\/span><\/h4>\n<p><span style=\"color: #000000;\">Las normas ambientales y de seguridad son barreras cruciales para que las empresas de calzado accedan al mercado internacional. Yudeng&#039;s <a style=\"color: #000000;\" href=\"https:\/\/fjyudeng.com\/es\/producto\/cuero-sintetico-de-leopardo-personalizado-al-por-mayor\/\"><strong>Cuero sint\u00e9tico de PU<\/strong><\/a> Ha obtenido numerosas certificaciones internacionales, entre ellas:<\/span><\/p>\n<p><span style=\"color: #000000;\"><strong>T\u00dcV:<\/strong> Garantiza el cumplimiento de los estrictos est\u00e1ndares de calidad y seguridad del mercado europeo.<\/span><\/p>\n<p><span style=\"color: #000000;\"><strong>ALCANZAR:<\/strong> Cumple con el Registro, Evaluaci\u00f3n, Autorizaci\u00f3n y Restricci\u00f3n de Sustancias Qu\u00edmicas (REC) de la UE, garantizando la seguridad para el contacto humano.<\/span><\/p>\n<p><span style=\"color: #000000;\"><strong>RoHS:<\/strong> Controla estrictamente el contenido de sustancias peligrosas y cumple con los requisitos de producci\u00f3n respetuosos con el medio ambiente.<\/span><\/p>\n<p><span style=\"color: #000000;\"><strong>Norma OEKO-TEX\u00ae 100:<\/strong> Una etiqueta ambiental internacional para textiles, que garantiza la seguridad para la salud humana.<\/span><\/p>\n<p><span style=\"color: #000000;\">Estos certificados significan que el cuero Pu de Yudeng se puede exportar directamente a Europa, Estados Unidos y otros mercados de alto est\u00e1ndar, lo que garantiza su tranquilidad en las ventas de sus productos.<\/span><\/p>\n<p style=\"text-align: center;\"><img decoding=\"async\" class=\"alignnone wp-image-2744\" src=\"Certificado de producto Yudeng\" alt=\"Certificado de producto Yudeng\" width=\"962\" height=\"516\" srcset=\"\" sizes=\"(max-width: 962px) 100vw, 962px\" data-srcset=\"\" \/><\/p>\n<h4><strong><span style=\"color: #ff6600;\">Aplicaci\u00f3n de producci\u00f3n<\/span><\/strong><\/h4>\n<p><span style=\"color: #000000;\">El cuero PU personalizado de Yudeng no solo ofrece una apariencia sobresaliente, sino que tambi\u00e9n cuenta con una durabilidad excepcional y adaptabilidad al proceso, lo que lo hace adecuado para una amplia gama de estilos de calzado:<\/span><\/p>\n<p><span style=\"color: #000000;\"><strong>Calzado deportivo\/casual:<\/strong> El cuero PU liviano y flexible ofrece transpirabilidad y soporte, lo que lo hace ideal para el uso diario y el ejercicio ligero.<\/span><\/p>\n<p><span style=\"color: #000000;\"><strong>Botas de cuero\/zapatos de trabajo:<\/strong> El material de PU grueso y duradero puede reemplazar parcialmente el cuero genuino, mejorando la resistencia a la flexi\u00f3n y la durabilidad y al mismo tiempo reduciendo los costos.<\/span><\/p>\n<p><span style=\"color: #000000;\"><strong>Zapatos de moda para mujer y ni\u00f1o:<\/strong> Una amplia selecci\u00f3n de colores y texturas a\u00f1ade un toque de dise\u00f1o a la parte superior, y la certificaci\u00f3n ambiental brinda tranquilidad a los zapatos de los ni\u00f1os.<\/span><\/p>\n<p><span style=\"color: #000000;\"><strong>Zapatos funcionales\/impermeables:<\/strong> El cuero PU con revestimiento especial ofrece un grado de repelencia al agua, lo que lo hace adecuado para calzado de rendimiento urbano o para exteriores.<\/span><\/p>\n<p><span style=\"color: #000000;\">Debido a su alta adaptabilidad, el cuero PU de Yudeng se ha utilizado ampliamente en las l\u00edneas de producci\u00f3n de fabricantes de calzado nacionales e internacionales, disfrutando de una retenci\u00f3n y reconocimiento de clientes estables a largo plazo.<\/span><\/p>\n<p style=\"text-align: center;\"><img loading=\"lazy\" decoding=\"async\" class=\"alignnone wp-image-2970 size-full\" src=\"https:\/\/fjyudeng.com\/wp-content\/uploads\/2025\/07\/PU-leatther-for-shoe-application.jpg\" alt=\"Cuero PU para aplicaci\u00f3n en calzado\" width=\"1000\" height=\"607\" srcset=\"https:\/\/fjyudeng.com\/wp-content\/uploads\/2025\/07\/PU-leatther-for-shoe-application.jpg 1000w, https:\/\/fjyudeng.com\/wp-content\/uploads\/2025\/07\/PU-leatther-for-shoe-application-300x182.jpg 300w, https:\/\/fjyudeng.com\/wp-content\/uploads\/2025\/07\/PU-leatther-for-shoe-application-768x466.jpg 768w, https:\/\/fjyudeng.com\/wp-content\/uploads\/2025\/07\/PU-leatther-for-shoe-application-18x12.jpg 18w, https:\/\/fjyudeng.com\/wp-content\/uploads\/2025\/07\/PU-leatther-for-shoe-application-600x364.jpg 600w\" sizes=\"(max-width: 1000px) 100vw, 1000px\" \/><\/p>\n<h4><strong><span style=\"color: #ff6600;\">Ventaja de f\u00e1brica<\/span><\/strong><\/h4>\n<p><strong><span style=\"color: #000000;\">\u00bfDe d\u00f3nde proviene la superficie de espejo de alto brillo?<\/span><\/strong><\/p>\n<p><span style=\"color: #000000;\">Mediante un proceso de transferencia de pel\u00edcula de liberaci\u00f3n de espejo\/papel de liberaci\u00f3n de espejo, se aplica una capa superior transparente de alto brillo en un entorno limpio, creando una superficie de \u201cespejo plano\u201d a nivel microsc\u00f3pico.<\/span><\/p>\n<p><span style=\"color: #000000;\">A trav\u00e9s del curado y la laminaci\u00f3n entre capas, se adhiere de forma segura al tejido base seleccionado, logrando brillo y resistencia al pelado.<\/span><\/p>\n<p><strong><span style=\"color: #000000;\">\u00bfPor qu\u00e9 es resistente a los ara\u00f1azos?<\/span><\/strong><\/p>\n<p><span style=\"color: #000000;\">Se agrega un sistema de modificaci\u00f3n resistente a rayones (como una capa superior de modificaci\u00f3n de silicona\/poliuretano de segmento duro\/curable por UV) a la capa superficial para mejorar la dureza del l\u00e1piz y la resistencia a la abrasi\u00f3n.<\/span><\/p>\n<p><span style=\"color: #000000;\">Se realiza una evaluaci\u00f3n de la resistencia al frote de los sustitutos\/limpiadores de alcohol\/tolueno com\u00fanmente utilizados en la industria del calzado para reducir los riesgos del cuidado diario.<\/span><\/p>\n<p><strong><span style=\"color: #000000;\">\u00bfC\u00f3mo se garantizan las propiedades de resistencia al plegado y rebote?<\/span><\/strong><\/p>\n<p><span style=\"color: #000000;\">Al ajustar la relaci\u00f3n de segmentos blandos y duros, la distribuci\u00f3n del peso molecular y el sistema plastificante, se mantiene una excelente resistencia al plegado dentro de un rango de temperatura de -10 \u00b0C a temperatura ambiente (en referencia al m\u00e9todo de resistencia al plegado del calzado ISO 5402-1).<\/span><\/p>\n<p><span style=\"color: #000000;\">Se utiliza estructuralmente un respaldo de microfibra\/tejido de alta densidad para distribuir la tensi\u00f3n durante la flexi\u00f3n repetida, lo que reduce la probabilidad de agrietamiento de la superficie.<\/span><\/p>\n<p><strong><span style=\"color: #000000;\">Control de solidez del color y amarilleamiento:<\/span><\/strong><\/p>\n<p><span style=\"color: #000000;\">Utilizamos pigmentos resistentes a la intemperie y aminas antiamarilleo, combinados con capas de acabado UV o barnices transparentes resistentes a la intemperie.<\/span><\/p>\n<p><span style=\"color: #000000;\">Se recomienda realizar pruebas de envejecimiento acelerado y de transpiraci\u00f3n\/migraci\u00f3n para colores blanco, blanquecino y fluorescentes para verificar el producto con anticipaci\u00f3n.<\/span><\/p>\n<p style=\"text-align: center;\"><img loading=\"lazy\" decoding=\"async\" class=\"aligncenter wp-image-2741 size-full\" src=\"https:\/\/fjyudeng.com\/wp-content\/uploads\/2025\/06\/Yudeng-Factory-and-Company.jpg\" alt=\"F\u00e1brica y empresa Yudeng\" width=\"1200\" height=\"878\" srcset=\"https:\/\/fjyudeng.com\/wp-content\/uploads\/2025\/06\/Yudeng-Factory-and-Company.jpg 1200w, https:\/\/fjyudeng.com\/wp-content\/uploads\/2025\/06\/Yudeng-Factory-and-Company-600x439.jpg 600w, https:\/\/fjyudeng.com\/wp-content\/uploads\/2025\/06\/Yudeng-Factory-and-Company-300x220.jpg 300w, https:\/\/fjyudeng.com\/wp-content\/uploads\/2025\/06\/Yudeng-Factory-and-Company-1024x749.jpg 1024w, https:\/\/fjyudeng.com\/wp-content\/uploads\/2025\/06\/Yudeng-Factory-and-Company-768x562.jpg 768w, https:\/\/fjyudeng.com\/wp-content\/uploads\/2025\/06\/Yudeng-Factory-and-Company-16x12.jpg 16w\" sizes=\"(max-width: 1200px) 100vw, 1200px\" \/><\/p>\n<p style=\"text-align: center;\"><img loading=\"lazy\" decoding=\"async\" class=\"aligncenter wp-image-2739 size-full\" src=\"https:\/\/fjyudeng.com\/wp-content\/uploads\/2025\/06\/Yudeng-Exhibition-and-Partner.jpg\" alt=\"\" width=\"1200\" height=\"1566\" \/><\/p>","protected":false},"excerpt":{"rendered":"<ul>\n<li>\n<h5><span style=\"color: #000000;\">Pedido m\u00ednimo: 300 metros<\/span><\/h5>\n<\/li>\n<li>\n<h5><span style=\"color: #000000;\">F\u00e1brica de cuero sint\u00e9tico de 37 a\u00f1os<\/span><\/h5>\n<\/li>\n<li>\n<h5><span style=\"color: #000000;\">\u00c1rea de f\u00e1brica de 50000m\u00b2<\/span><\/h5>\n<\/li>\n<li>\n<h5><span style=\"color: #000000;\">10 l\u00edneas de producci\u00f3n<\/span><\/h5>\n<\/li>\n<li class=\"elementor-heading-title elementor-size-default\">\n<h5><span style=\"color: #000000;\">M\u00e1s de 400 texturas disponibles<\/span><\/h5>\n<\/li>\n<li class=\"elementor-heading-title elementor-size-default\">\n<h5><span style=\"color: #000000;\">Certificado REACH\/ROHS\/OEKO-TEX\u00ae<\/span><\/h5>\n<\/li>\n<\/ul>","protected":false},"featured_media":3162,"template":"","meta":[],"product_brand":[],"product_cat":[31],"product_tag":[],"class_list":{"0":"post-3161","1":"product","2":"type-product","3":"status-publish","4":"has-post-thumbnail","6":"product_cat-shoe-leather","8":"first","9":"instock","10":"shipping-taxable","11":"product-type-simple"},"yoast_head":"<!-- This site is optimized with the Yoast SEO Premium plugin v22.8 (Yoast SEO v22.8) - https:\/\/yoast.com\/wordpress\/plugins\/seo\/ -->\n<title>Customized High Quality Mirrored Pu leather Manufacturer<\/title>\n<meta name=\"description\" content=\"Yudeng Pu leather factory customize high-quality mirrored PU leather, providing a one-stop service from sampling to testing, customization, and mass production.\" \/>\n<meta name=\"robots\" content=\"index, follow, max-snippet:-1, max-image-preview:large, max-video-preview:-1\" \/>\n<link rel=\"canonical\" href=\"https:\/\/fjyudeng.com\/es\/producto\/fabricante-de-cuero-sintetico-con-espejo-personalizado\/\" \/>\n<meta property=\"og:locale\" content=\"es_ES\" \/>\n<meta property=\"og:type\" content=\"article\" \/>\n<meta property=\"og:title\" content=\"Customized High Quality Mirrored Pu leather Manufacturer\" \/>\n<meta property=\"og:description\" content=\"Yudeng Pu leather factory customize high-quality mirrored PU leather, providing a one-stop service from sampling to testing, customization, and mass production.\" \/>\n<meta property=\"og:url\" content=\"https:\/\/fjyudeng.com\/es\/producto\/fabricante-de-cuero-sintetico-con-espejo-personalizado\/\" \/>\n<meta property=\"og:site_name\" content=\"fjyudeng.com\" \/>\n<meta property=\"article:modified_time\" content=\"2025-09-01T03:51:39+00:00\" \/>\n<meta property=\"og:image\" content=\"https:\/\/fjyudeng.com\/wp-content\/uploads\/2025\/08\/Customized-High-Quality-Mirrored-Pu-leather.jpg\" \/>\n\t<meta property=\"og:image:width\" content=\"912\" \/>\n\t<meta property=\"og:image:height\" content=\"912\" \/>\n\t<meta property=\"og:image:type\" content=\"image\/jpeg\" \/>\n<meta name=\"twitter:card\" content=\"summary_large_image\" \/>\n<meta name=\"twitter:label1\" content=\"Tiempo de lectura\" \/>\n\t<meta name=\"twitter:data1\" content=\"5 minutos\" \/>\n<script type=\"application\/ld+json\" class=\"yoast-schema-graph\">{\"@context\":\"https:\/\/schema.org\",\"@graph\":[{\"@type\":\"WebPage\",\"@id\":\"https:\/\/fjyudeng.com\/product\/custom-mirrored-pu-leather-manufacturer\/\",\"url\":\"https:\/\/fjyudeng.com\/product\/custom-mirrored-pu-leather-manufacturer\/\",\"name\":\"Customized High Quality Mirrored Pu leather Manufacturer\",\"isPartOf\":{\"@id\":\"https:\/\/fjyudeng.com\/#website\"},\"primaryImageOfPage\":{\"@id\":\"https:\/\/fjyudeng.com\/product\/custom-mirrored-pu-leather-manufacturer\/#primaryimage\"},\"image\":{\"@id\":\"https:\/\/fjyudeng.com\/product\/custom-mirrored-pu-leather-manufacturer\/#primaryimage\"},\"thumbnailUrl\":\"https:\/\/fjyudeng.com\/wp-content\/uploads\/2025\/08\/Customized-High-Quality-Mirrored-Pu-leather.jpg\",\"datePublished\":\"2025-08-29T03:28:41+00:00\",\"dateModified\":\"2025-09-01T03:51:39+00:00\",\"description\":\"Yudeng Pu leather factory customize high-quality mirrored PU leather, providing a one-stop service from sampling to testing, customization, and mass production.\",\"breadcrumb\":{\"@id\":\"https:\/\/fjyudeng.com\/product\/custom-mirrored-pu-leather-manufacturer\/#breadcrumb\"},\"inLanguage\":\"es-AR\",\"potentialAction\":[{\"@type\":\"ReadAction\",\"target\":[\"https:\/\/fjyudeng.com\/product\/custom-mirrored-pu-leather-manufacturer\/\"]}]},{\"@type\":\"ImageObject\",\"inLanguage\":\"es-AR\",\"@id\":\"https:\/\/fjyudeng.com\/product\/custom-mirrored-pu-leather-manufacturer\/#primaryimage\",\"url\":\"https:\/\/fjyudeng.com\/wp-content\/uploads\/2025\/08\/Customized-High-Quality-Mirrored-Pu-leather.jpg\",\"contentUrl\":\"https:\/\/fjyudeng.com\/wp-content\/uploads\/2025\/08\/Customized-High-Quality-Mirrored-Pu-leather.jpg\",\"width\":912,\"height\":912,\"caption\":\"Customized High Quality Mirrored Pu leather\"},{\"@type\":\"BreadcrumbList\",\"@id\":\"https:\/\/fjyudeng.com\/product\/custom-mirrored-pu-leather-manufacturer\/#breadcrumb\",\"itemListElement\":[{\"@type\":\"ListItem\",\"position\":1,\"name\":\"Home\",\"item\":\"https:\/\/fjyudeng.com\/\"},{\"@type\":\"ListItem\",\"position\":2,\"name\":\"Products\",\"item\":\"https:\/\/fjyudeng.com\/products\/\"},{\"@type\":\"ListItem\",\"position\":3,\"name\":\"Customized High Quality Mirrored Pu leather Manufacturer\"}]},{\"@type\":\"WebSite\",\"@id\":\"https:\/\/fjyudeng.com\/#website\",\"url\":\"https:\/\/fjyudeng.com\/\",\"name\":\"fjyudeng.com\",\"description\":\"\",\"publisher\":{\"@id\":\"https:\/\/fjyudeng.com\/#\/schema\/person\/7e41764f047e7552c6ad5bdf5f6d78c7\"},\"potentialAction\":[{\"@type\":\"SearchAction\",\"target\":{\"@type\":\"EntryPoint\",\"urlTemplate\":\"https:\/\/fjyudeng.com\/?s={search_term_string}\"},\"query-input\":\"required name=search_term_string\"}],\"inLanguage\":\"es-AR\"},{\"@type\":[\"Person\",\"Organization\"],\"@id\":\"https:\/\/fjyudeng.com\/#\/schema\/person\/7e41764f047e7552c6ad5bdf5f6d78c7\",\"name\":\"yshine03@gmail.com\",\"image\":{\"@type\":\"ImageObject\",\"inLanguage\":\"es-AR\",\"@id\":\"https:\/\/fjyudeng.com\/#\/schema\/person\/image\/\",\"url\":\"https:\/\/fjyudeng.com\/wp-content\/uploads\/2025\/04\/yudeng-pu-leather-factory-manufacturer.png\",\"contentUrl\":\"https:\/\/fjyudeng.com\/wp-content\/uploads\/2025\/04\/yudeng-pu-leather-factory-manufacturer.png\",\"width\":588,\"height\":590,\"caption\":\"yshine03@gmail.com\"},\"logo\":{\"@id\":\"https:\/\/fjyudeng.com\/#\/schema\/person\/image\/\"},\"sameAs\":[\"https:\/\/fjyudeng.com\"]}]}<\/script>\n<!-- \/ Yoast SEO Premium plugin. -->","yoast_head_json":{"title":"Customized High Quality Mirrored Pu leather Manufacturer","description":"Yudeng Pu leather factory customize high-quality mirrored PU leather, providing a one-stop service from sampling to testing, customization, and mass production.","robots":{"index":"index","follow":"follow","max-snippet":"max-snippet:-1","max-image-preview":"max-image-preview:large","max-video-preview":"max-video-preview:-1"},"canonical":"https:\/\/fjyudeng.com\/es\/producto\/fabricante-de-cuero-sintetico-con-espejo-personalizado\/","og_locale":"es_ES","og_type":"article","og_title":"Customized High Quality Mirrored Pu leather Manufacturer","og_description":"Yudeng Pu leather factory customize high-quality mirrored PU leather, providing a one-stop service from sampling to testing, customization, and mass production.","og_url":"https:\/\/fjyudeng.com\/es\/producto\/fabricante-de-cuero-sintetico-con-espejo-personalizado\/","og_site_name":"fjyudeng.com","article_modified_time":"2025-09-01T03:51:39+00:00","og_image":[{"width":912,"height":912,"url":"https:\/\/fjyudeng.com\/wp-content\/uploads\/2025\/08\/Customized-High-Quality-Mirrored-Pu-leather.jpg","type":"image\/jpeg"}],"twitter_card":"summary_large_image","twitter_misc":{"Tiempo de lectura":"5 minutos"},"schema":{"@context":"https:\/\/schema.org","@graph":[{"@type":"WebPage","@id":"https:\/\/fjyudeng.com\/product\/custom-mirrored-pu-leather-manufacturer\/","url":"https:\/\/fjyudeng.com\/product\/custom-mirrored-pu-leather-manufacturer\/","name":"Customized High Quality Mirrored Pu leather Manufacturer","isPartOf":{"@id":"https:\/\/fjyudeng.com\/#website"},"primaryImageOfPage":{"@id":"https:\/\/fjyudeng.com\/product\/custom-mirrored-pu-leather-manufacturer\/#primaryimage"},"image":{"@id":"https:\/\/fjyudeng.com\/product\/custom-mirrored-pu-leather-manufacturer\/#primaryimage"},"thumbnailUrl":"https:\/\/fjyudeng.com\/wp-content\/uploads\/2025\/08\/Customized-High-Quality-Mirrored-Pu-leather.jpg","datePublished":"2025-08-29T03:28:41+00:00","dateModified":"2025-09-01T03:51:39+00:00","description":"Yudeng Pu leather factory customize high-quality mirrored PU leather, providing a one-stop service from sampling to testing, customization, and mass production.","breadcrumb":{"@id":"https:\/\/fjyudeng.com\/product\/custom-mirrored-pu-leather-manufacturer\/#breadcrumb"},"inLanguage":"es-AR","potentialAction":[{"@type":"ReadAction","target":["https:\/\/fjyudeng.com\/product\/custom-mirrored-pu-leather-manufacturer\/"]}]},{"@type":"ImageObject","inLanguage":"es-AR","@id":"https:\/\/fjyudeng.com\/product\/custom-mirrored-pu-leather-manufacturer\/#primaryimage","url":"https:\/\/fjyudeng.com\/wp-content\/uploads\/2025\/08\/Customized-High-Quality-Mirrored-Pu-leather.jpg","contentUrl":"https:\/\/fjyudeng.com\/wp-content\/uploads\/2025\/08\/Customized-High-Quality-Mirrored-Pu-leather.jpg","width":912,"height":912,"caption":"Customized High Quality Mirrored Pu leather"},{"@type":"BreadcrumbList","@id":"https:\/\/fjyudeng.com\/product\/custom-mirrored-pu-leather-manufacturer\/#breadcrumb","itemListElement":[{"@type":"ListItem","position":1,"name":"Home","item":"https:\/\/fjyudeng.com\/"},{"@type":"ListItem","position":2,"name":"Products","item":"https:\/\/fjyudeng.com\/products\/"},{"@type":"ListItem","position":3,"name":"Customized High Quality Mirrored Pu leather Manufacturer"}]},{"@type":"WebSite","@id":"https:\/\/fjyudeng.com\/#website","url":"https:\/\/fjyudeng.com\/","name":"fjyudeng.com","description":"","publisher":{"@id":"https:\/\/fjyudeng.com\/#\/schema\/person\/7e41764f047e7552c6ad5bdf5f6d78c7"},"potentialAction":[{"@type":"SearchAction","target":{"@type":"EntryPoint","urlTemplate":"https:\/\/fjyudeng.com\/?s={search_term_string}"},"query-input":"required name=search_term_string"}],"inLanguage":"es-AR"},{"@type":["Person","Organization"],"@id":"https:\/\/fjyudeng.com\/#\/schema\/person\/7e41764f047e7552c6ad5bdf5f6d78c7","name":"yshine03@gmail.com","image":{"@type":"ImageObject","inLanguage":"es-AR","@id":"https:\/\/fjyudeng.com\/#\/schema\/person\/image\/","url":"https:\/\/fjyudeng.com\/wp-content\/uploads\/2025\/04\/yudeng-pu-leather-factory-manufacturer.png","contentUrl":"https:\/\/fjyudeng.com\/wp-content\/uploads\/2025\/04\/yudeng-pu-leather-factory-manufacturer.png","width":588,"height":590,"caption":"yshine03@gmail.com"},"logo":{"@id":"https:\/\/fjyudeng.com\/#\/schema\/person\/image\/"},"sameAs":["https:\/\/fjyudeng.com"]}]}},"_links":{"self":[{"href":"https:\/\/fjyudeng.com\/es\/wp-json\/wp\/v2\/product\/3161","targetHints":{"allow":["GET"]}}],"collection":[{"href":"https:\/\/fjyudeng.com\/es\/wp-json\/wp\/v2\/product"}],"about":[{"href":"https:\/\/fjyudeng.com\/es\/wp-json\/wp\/v2\/types\/product"}],"wp:featuredmedia":[{"embeddable":true,"href":"https:\/\/fjyudeng.com\/es\/wp-json\/wp\/v2\/media\/3162"}],"wp:attachment":[{"href":"https:\/\/fjyudeng.com\/es\/wp-json\/wp\/v2\/media?parent=3161"}],"wp:term":[{"taxonomy":"product_brand","embeddable":true,"href":"https:\/\/fjyudeng.com\/es\/wp-json\/wp\/v2\/product_brand?post=3161"},{"taxonomy":"product_cat","embeddable":true,"href":"https:\/\/fjyudeng.com\/es\/wp-json\/wp\/v2\/product_cat?post=3161"},{"taxonomy":"product_tag","embeddable":true,"href":"https:\/\/fjyudeng.com\/es\/wp-json\/wp\/v2\/product_tag?post=3161"}],"curies":[{"name":"wp","href":"https:\/\/api.w.org\/{rel}","templated":true}]}}