{"id":3165,"date":"2025-09-01T11:29:52","date_gmt":"2025-09-01T03:29:52","guid":{"rendered":"https:\/\/fjyudeng.com\/?post_type=product&#038;p=3165"},"modified":"2025-09-01T11:49:10","modified_gmt":"2025-09-01T03:49:10","slug":"fabricante-de-cuero-pu-personalizado-de-alta-calidad","status":"publish","type":"product","link":"https:\/\/fjyudeng.com\/es\/producto\/fabricante-de-cuero-pu-personalizado-de-alta-calidad\/","title":{"rendered":"Fabricante de cuero PU personalizado de alta calidad"},"content":{"rendered":"<p><span style=\"color: #000000;\">El cuero sint\u00e9tico, gracias a su durabilidad, flexibilidad y elegante apariencia, se utiliza ampliamente en la fabricaci\u00f3n de calzado deportivo, casual, de tac\u00f3n alto, infantil y diversos tipos de calzado funcional. Si busca un proveedor mayorista y personalizado de confianza... <a style=\"color: #000000;\" href=\"https:\/\/fjyudeng.com\/es\/producto\/fabricante-de-cuero-sintetico-con-espejo-personalizado\/\"><strong>Fabricante de cuero sint\u00e9tico<\/strong><\/a>Yudeng es su socio ideal. Con una amplia experiencia en fabricaci\u00f3n y servicios profesionales de personalizaci\u00f3n, no solo ofrecemos materiales de alta calidad, sino que tambi\u00e9n ayudamos a las marcas a destacar en un mercado competitivo.<\/span><\/p>\n<p><span style=\"color: #000000;\">Yudeng ofrece servicios de muestreo gratuitos o de bajo costo, lo que permite a los clientes solicitar <a style=\"color: #000000;\" href=\"https:\/\/fjyudeng.com\/es\/producto\/fabricante-de-cuero-sintetico-texturizado-personalizado\/\"><strong>Cuero sint\u00e9tico de PU<\/strong><\/a> Muestras en diferentes colores, grosores o texturas seg\u00fan sus necesidades. Cada muestra se fabrica bajo estrictos est\u00e1ndares de producci\u00f3n, reproduciendo fielmente la calidad del producto original. Puede confirmar la sensaci\u00f3n, el color y el rendimiento antes de realizar su pedido, sin preocuparse por recibir un producto diferente al que solicit\u00f3.<\/span><\/p>\n<p style=\"text-align: center;\">\u00a0<img fetchpriority=\"high\" decoding=\"async\" class=\"alignnone wp-image-2969 size-full\" src=\"https:\/\/fjyudeng.com\/wp-content\/uploads\/2025\/07\/Yudeng-Textile-pu-leather-for-shoe.jpg\" alt=\"Cuero sint\u00e9tico textil Yudeng para calzado\" width=\"1200\" height=\"679\" srcset=\"https:\/\/fjyudeng.com\/wp-content\/uploads\/2025\/07\/Yudeng-Textile-pu-leather-for-shoe.jpg 1200w, https:\/\/fjyudeng.com\/wp-content\/uploads\/2025\/07\/Yudeng-Textile-pu-leather-for-shoe-300x170.jpg 300w, https:\/\/fjyudeng.com\/wp-content\/uploads\/2025\/07\/Yudeng-Textile-pu-leather-for-shoe-1024x579.jpg 1024w, https:\/\/fjyudeng.com\/wp-content\/uploads\/2025\/07\/Yudeng-Textile-pu-leather-for-shoe-768x435.jpg 768w, https:\/\/fjyudeng.com\/wp-content\/uploads\/2025\/07\/Yudeng-Textile-pu-leather-for-shoe-18x10.jpg 18w, https:\/\/fjyudeng.com\/wp-content\/uploads\/2025\/07\/Yudeng-Textile-pu-leather-for-shoe-600x340.jpg 600w\" sizes=\"(max-width: 1200px) 100vw, 1200px\" \/><img decoding=\"async\" class=\"alignnone wp-image-2968 size-full\" src=\"https:\/\/fjyudeng.com\/wp-content\/uploads\/2025\/07\/Yudeng-pu-leather-for-shoe-Product-description.jpg\" alt=\"Descripci\u00f3n del producto de cuero sint\u00e9tico Yudeng para calzado\" width=\"1200\" height=\"1377\" srcset=\"https:\/\/fjyudeng.com\/wp-content\/uploads\/2025\/07\/Yudeng-pu-leather-for-shoe-Product-description.jpg 1200w, https:\/\/fjyudeng.com\/wp-content\/uploads\/2025\/07\/Yudeng-pu-leather-for-shoe-Product-description-261x300.jpg 261w, https:\/\/fjyudeng.com\/wp-content\/uploads\/2025\/07\/Yudeng-pu-leather-for-shoe-Product-description-892x1024.jpg 892w, https:\/\/fjyudeng.com\/wp-content\/uploads\/2025\/07\/Yudeng-pu-leather-for-shoe-Product-description-768x881.jpg 768w, https:\/\/fjyudeng.com\/wp-content\/uploads\/2025\/07\/Yudeng-pu-leather-for-shoe-Product-description-10x12.jpg 10w, https:\/\/fjyudeng.com\/wp-content\/uploads\/2025\/07\/Yudeng-pu-leather-for-shoe-Product-description-600x689.jpg 600w\" sizes=\"(max-width: 1200px) 100vw, 1200px\" \/><\/p>\n<h4><span style=\"color: #ff6600;\"><strong>Servicio completo de personalizaci\u00f3n para satisfacer diversas necesidades de calzado.<\/strong><\/span><\/h4>\n<p><span style=\"color: #000000;\">Los requisitos del cuero PU var\u00edan considerablemente seg\u00fan el tipo de calzado. Por ello, Yudeng ofrece servicios de personalizaci\u00f3n flexibles para ayudar a los clientes a crear el material m\u00e1s adecuado seg\u00fan sus necesidades espec\u00edficas.<\/span><\/p>\n<p><strong><span style=\"color: #000000;\">Personalizaci\u00f3n del color<\/span><\/strong><\/p>\n<p><span style=\"color: #000000;\">Desde los cl\u00e1sicos negro, blanco y marr\u00f3n hasta los modernos acabados met\u00e1licos, degradados, brillantes o mate, podemos igualar el color con precisi\u00f3n. Nuestro avanzado sistema de igualaci\u00f3n de color garantiza una alta fidelidad crom\u00e1tica para satisfacer las necesidades de moda de su marca.<\/span><\/p>\n<p><strong><span style=\"color: #000000;\">Personalizaci\u00f3n del grosor<\/span><\/strong><\/p>\n<p><span style=\"color: #000000;\">El grosor del cuero PU suele ajustarse entre 0,6 mm y 2,0 mm. Un grosor m\u00e1s fino y suave se suele utilizar para la parte superior del calzado deportivo, mientras que una versi\u00f3n m\u00e1s gruesa y resistente es m\u00e1s adecuada para botas de monta\u00f1a y calzado de trabajo.<\/span><\/p>\n<p><strong><span style=\"color: #000000;\">Texturas personalizadas<\/span><\/strong><\/p>\n<p><span style=\"color: #000000;\">Desde los cl\u00e1sicos estampados de lichi y napa hasta estampados personalizados de leopardo, serpiente y espejo, e incluso texturas 3D \u00fanicas, podemos crearlos todos. Las diferentes texturas no solo realzan la apariencia, sino que tambi\u00e9n realzan la calidad del zapato.<\/span><\/p>\n<p><strong><span style=\"color: #000000;\">Respaldo personalizado<\/span><\/strong><\/p>\n<p><span style=\"color: #000000;\">Dependiendo del uso previsto, podemos elegir soportes no tejidos, de punto, de malla o de microfibra para mejorar la elasticidad y adaptabilidad del cuero, garantizando que resista la deformaci\u00f3n durante el proceso de fabricaci\u00f3n del calzado.<\/span><\/p>\n<p><span style=\"color: #000000;\">Esta capacidad de personalizaci\u00f3n integral hace que el cuero PU de Yudeng sea adecuado no solo para fabricantes de calzado a gran escala, sino tambi\u00e9n para marcas especializadas que buscan productos personalizados.<\/span><\/p>\n<p>&nbsp;<\/p>\n<h4><span style=\"color: #ff6600;\"><strong>REACH\/ROHS\/OEK<span style=\"color: #ff6600;\">Envolvente O-TEX\u00ae<\/span>certificaci\u00f3n ironmental<\/strong><\/span><\/h4>\n<p><span style=\"color: #000000;\">Con las tendencias globales de protecci\u00f3n ambiental cada vez m\u00e1s estrictas, los materiales para calzado no solo deben ser hermosos y duraderos, sino tambi\u00e9n respetuosos con el medio ambiente y conformes con las normas. El cuero PU de Yudeng cuenta con las certificaciones T\u00dcV, REACH, ROHS y OEKO-TEX\u00ae, lo que garantiza que los materiales est\u00e1n libres de sustancias qu\u00edmicas nocivas y son inofensivos para las personas y el medio ambiente.<\/span><\/p>\n<p><span style=\"color: #000000;\"><strong>Certificaci\u00f3n T\u00dcV<\/strong> verifica que nuestros productos hayan pasado rigurosas pruebas internacionales de seguridad y calidad.<\/span><\/p>\n<p><span style=\"color: #000000;\"><strong>Certificaci\u00f3n REACH<\/strong> garantiza que los materiales cumplen con la normativa de la UE sobre sustancias qu\u00edmicas, eliminando posibles riesgos para el cuerpo humano.<\/span><\/p>\n<p><span style=\"color: #000000;\"><strong>Certificaci\u00f3n ROHS<\/strong> Cumple con los requisitos ambientales para productos electr\u00f3nicos y de indumentaria, garantizando la ausencia de metales pesados nocivos.<\/span><\/p>\n<p><span style=\"color: #000000;\"><strong>Certificaci\u00f3n OEKO-TEX\u00ae<\/strong> Es la etiqueta medioambiental de mayor confianza de la industria textil, que garantiza la seguridad del cuero en contacto con la piel.<\/span><\/p>\n<p><span style=\"color: #000000;\">Estas certificaciones autorizadas no solo brindan tranquilidad a los clientes de la marca, sino que tambi\u00e9n ayudan a las empresas de calzado a obtener acceso a los mercados europeos, estadounidenses y mundiales.<\/span><\/p>\n<p style=\"text-align: center;\"><img decoding=\"async\" class=\"alignnone wp-image-2744\" src=\"Certificado de producto Yudeng\" alt=\"Certificado de producto Yudeng\" width=\"962\" height=\"516\" srcset=\"\" sizes=\"(max-width: 962px) 100vw, 962px\" data-srcset=\"\" \/><\/p>\n<h4><strong><span style=\"color: #ff6600;\">Aplicaci\u00f3n de producci\u00f3n<\/span><\/strong><\/h4>\n<p><span style=\"color: #000000;\">El cuero PU personalizado de Yudeng no solo ofrece una apariencia sobresaliente, sino que tambi\u00e9n cuenta con una durabilidad excepcional y adaptabilidad al proceso, lo que lo hace adecuado para una amplia gama de estilos de calzado:<\/span><\/p>\n<p><span style=\"color: #000000;\"><strong>Calzado deportivo\/casual:<\/strong> El cuero PU liviano y flexible ofrece transpirabilidad y soporte, lo que lo hace ideal para el uso diario y el ejercicio ligero.<\/span><\/p>\n<p><span style=\"color: #000000;\"><strong>Botas de cuero\/zapatos de trabajo:<\/strong> El material de PU grueso y duradero puede reemplazar parcialmente el cuero genuino, mejorando la resistencia a la flexi\u00f3n y la durabilidad y al mismo tiempo reduciendo los costos.<\/span><\/p>\n<p><span style=\"color: #000000;\"><strong>Zapatos de moda para mujer y ni\u00f1o:<\/strong> Una amplia selecci\u00f3n de colores y texturas a\u00f1ade un toque de dise\u00f1o a la parte superior, y la certificaci\u00f3n ambiental brinda tranquilidad a los zapatos de los ni\u00f1os.<\/span><\/p>\n<p><span style=\"color: #000000;\"><strong>Zapatos funcionales\/impermeables:<\/strong> El cuero PU con revestimiento especial ofrece un grado de repelencia al agua, lo que lo hace adecuado para calzado de rendimiento urbano o para exteriores.<\/span><\/p>\n<p><span style=\"color: #000000;\">Debido a su alta adaptabilidad, el cuero PU de Yudeng se ha utilizado ampliamente en las l\u00edneas de producci\u00f3n de fabricantes de calzado nacionales e internacionales, disfrutando de una retenci\u00f3n y reconocimiento de clientes estables a largo plazo.<\/span><\/p>\n<p style=\"text-align: center;\"><img loading=\"lazy\" decoding=\"async\" class=\"alignnone wp-image-2970 size-full\" src=\"https:\/\/fjyudeng.com\/wp-content\/uploads\/2025\/07\/PU-leatther-for-shoe-application.jpg\" alt=\"Cuero PU para aplicaci\u00f3n en calzado\" width=\"1000\" height=\"607\" srcset=\"https:\/\/fjyudeng.com\/wp-content\/uploads\/2025\/07\/PU-leatther-for-shoe-application.jpg 1000w, https:\/\/fjyudeng.com\/wp-content\/uploads\/2025\/07\/PU-leatther-for-shoe-application-300x182.jpg 300w, https:\/\/fjyudeng.com\/wp-content\/uploads\/2025\/07\/PU-leatther-for-shoe-application-768x466.jpg 768w, https:\/\/fjyudeng.com\/wp-content\/uploads\/2025\/07\/PU-leatther-for-shoe-application-18x12.jpg 18w, https:\/\/fjyudeng.com\/wp-content\/uploads\/2025\/07\/PU-leatther-for-shoe-application-600x364.jpg 600w\" sizes=\"(max-width: 1000px) 100vw, 1000px\" \/><\/p>\n<h4><strong><span style=\"color: #ff6600;\">Ventaja de f\u00e1brica<\/span><\/strong><\/h4>\n<p><span style=\"color: #000000;\">Elegir un proveedor es m\u00e1s que simplemente elegir un producto; es elegir un socio. Yudeng cuenta con m\u00e1s de 37 a\u00f1os de experiencia en la producci\u00f3n de cuero sint\u00e9tico de PU, ofreciendo servicios integrales desde I+D y muestreo hasta la producci\u00f3n en masa.<\/span><\/p>\n<p><strong><span style=\"color: #000000;\">L\u00edneas de producci\u00f3n avanzadas<\/span><\/strong><\/p>\n<p><span style=\"color: #000000;\">La f\u00e1brica est\u00e1 equipada con t\u00e9cnicas de procesamiento tanto en seco como en h\u00famedo, lo que nos permite seleccionar el m\u00e9todo de procesamiento apropiado seg\u00fan los requisitos del material del calzado, garantizando el equilibrio entre suavidad, resistencia al desgaste y transpirabilidad del cuero.<\/span><\/p>\n<p><strong><span style=\"color: #000000;\">Proceso estricto de inspecci\u00f3n de calidad<\/span><\/strong><\/p>\n<p><span style=\"color: #000000;\">Cada lote de cuero PU se somete a m\u00faltiples inspecciones, incluidas pruebas de resistencia a la abrasi\u00f3n, pruebas de resistencia al desgarro y pruebas de solidez del color, para garantizar que cada metro de material entregado a nuestros clientes cumpla con altos est\u00e1ndares.<\/span><\/p>\n<p><strong><span style=\"color: #000000;\">Estabilidad de alto volumen<\/span><\/strong><\/p>\n<p><span style=\"color: #000000;\">Nuestra f\u00e1brica cuenta con sistemas integrales de gesti\u00f3n de inventario y cadena de suministro, lo que garantiza un suministro de gran volumen manteniendo un color, grosor y textura consistentes.<\/span><\/p>\n<p><strong><span style=\"color: #000000;\">Servicios OEM\/ODM<\/span><\/strong><\/p>\n<p><span style=\"color: #000000;\">No solo personalizamos el cuero PU seg\u00fan sus especificaciones, sino que tambi\u00e9n brindamos soluciones integrales, desde asesoramiento en dise\u00f1o hasta soluciones completas, ayud\u00e1ndolo a acortar los ciclos de desarrollo y reducir costos.<\/span><\/p>\n<p><span style=\"color: #000000;\">La ventaja de Yudeng radica en nuestro compromiso de ser m\u00e1s que un simple proveedor de materiales; actuamos como socio durante todo el proceso de desarrollo de sus productos.<\/span><\/p>\n<p><span style=\"color: #000000;\">Elegir Yudeng significa elegir estabilidad, eficiencia e innovaci\u00f3n. Nuestro cuero PU se utiliza ampliamente en una amplia gama de calzado, desde zapatillas deportivas de alta gama hasta zapatos de mujer de moda, desde zapatos infantiles hasta calzado funcional para exteriores. Ofrecemos verificaci\u00f3n de muestras, certificaci\u00f3n ambiental, servicios de personalizaci\u00f3n y soporte profesional de f\u00e1brica, brindando a nuestros clientes confianza en este mercado competitivo.<\/span><\/p>\n<p><span style=\"color: #000000;\">Si est\u00e1 buscando un fabricante de cuero PU con el que pueda construir una asociaci\u00f3n a largo plazo, Yudeng es su opci\u00f3n de confianza.<\/span><\/p>\n<p style=\"text-align: center;\"><img loading=\"lazy\" decoding=\"async\" class=\"aligncenter wp-image-2741 size-full\" src=\"https:\/\/fjyudeng.com\/wp-content\/uploads\/2025\/06\/Yudeng-Factory-and-Company.jpg\" alt=\"F\u00e1brica y empresa Yudeng\" width=\"1200\" height=\"878\" srcset=\"https:\/\/fjyudeng.com\/wp-content\/uploads\/2025\/06\/Yudeng-Factory-and-Company.jpg 1200w, https:\/\/fjyudeng.com\/wp-content\/uploads\/2025\/06\/Yudeng-Factory-and-Company-600x439.jpg 600w, https:\/\/fjyudeng.com\/wp-content\/uploads\/2025\/06\/Yudeng-Factory-and-Company-300x220.jpg 300w, https:\/\/fjyudeng.com\/wp-content\/uploads\/2025\/06\/Yudeng-Factory-and-Company-1024x749.jpg 1024w, https:\/\/fjyudeng.com\/wp-content\/uploads\/2025\/06\/Yudeng-Factory-and-Company-768x562.jpg 768w, https:\/\/fjyudeng.com\/wp-content\/uploads\/2025\/06\/Yudeng-Factory-and-Company-16x12.jpg 16w\" sizes=\"(max-width: 1200px) 100vw, 1200px\" \/><\/p>\n<p style=\"text-align: center;\"><img loading=\"lazy\" decoding=\"async\" class=\"aligncenter wp-image-2739 size-full\" src=\"https:\/\/fjyudeng.com\/wp-content\/uploads\/2025\/06\/Yudeng-Exhibition-and-Partner.jpg\" alt=\"\" width=\"1200\" height=\"1566\" \/><\/p>","protected":false},"excerpt":{"rendered":"<ul>\n<li>\n<h5><span style=\"color: #000000;\">Pedido m\u00ednimo: 300 metros<\/span><\/h5>\n<\/li>\n<li>\n<h5><span style=\"color: #000000;\">F\u00e1brica de cuero sint\u00e9tico de 37 a\u00f1os<\/span><\/h5>\n<\/li>\n<li>\n<h5><span style=\"color: #000000;\">\u00c1rea de f\u00e1brica de 50000m\u00b2<\/span><\/h5>\n<\/li>\n<li>\n<h5><span style=\"color: #000000;\">10 l\u00edneas de producci\u00f3n<\/span><\/h5>\n<\/li>\n<li class=\"elementor-heading-title elementor-size-default\">\n<h5><span style=\"color: #000000;\">M\u00e1s de 400 texturas disponibles<\/span><\/h5>\n<\/li>\n<li class=\"elementor-heading-title elementor-size-default\">\n<h5><span style=\"color: #000000;\">Certificado REACH\/ROHS\/OEKO-TEX\u00ae<\/span><\/h5>\n<\/li>\n<\/ul>","protected":false},"featured_media":3166,"template":"","meta":[],"product_brand":[],"product_cat":[31],"product_tag":[],"class_list":{"0":"post-3165","1":"product","2":"type-product","3":"status-publish","4":"has-post-thumbnail","6":"product_cat-shoe-leather","8":"first","9":"instock","10":"shipping-taxable","11":"product-type-simple"},"yoast_head":"<!-- This site is optimized with the Yoast SEO Premium plugin v22.8 (Yoast SEO v22.8) - https:\/\/yoast.com\/wordpress\/plugins\/seo\/ -->\n<title>37 Years Customized High Quality Pu leather Manufacturer<\/title>\n<meta name=\"description\" content=\"If you&#039;re looking for a trusted wholesale custom Pu leather manufacturer, Yudeng offers extensive manufacturing experience and professional customization services.\" \/>\n<meta name=\"robots\" content=\"index, follow, max-snippet:-1, max-image-preview:large, max-video-preview:-1\" \/>\n<link rel=\"canonical\" href=\"https:\/\/fjyudeng.com\/es\/producto\/fabricante-de-cuero-pu-personalizado-de-alta-calidad\/\" \/>\n<meta property=\"og:locale\" content=\"es_ES\" \/>\n<meta property=\"og:type\" content=\"article\" \/>\n<meta property=\"og:title\" content=\"Customized High Quality Pu leather Manufacturer\" \/>\n<meta property=\"og:description\" content=\"If you&#039;re looking for a trusted wholesale custom Pu leather manufacturer, Yudeng offers extensive manufacturing experience and professional customization services.\" \/>\n<meta property=\"og:url\" content=\"https:\/\/fjyudeng.com\/es\/producto\/fabricante-de-cuero-pu-personalizado-de-alta-calidad\/\" \/>\n<meta property=\"og:site_name\" content=\"fjyudeng.com\" \/>\n<meta property=\"article:modified_time\" content=\"2025-09-01T03:49:10+00:00\" \/>\n<meta property=\"og:image\" content=\"https:\/\/fjyudeng.com\/wp-content\/uploads\/2025\/09\/Customized-High-Quality-Pu-leather-Manufacturer.jpg\" \/>\n\t<meta property=\"og:image:width\" content=\"902\" \/>\n\t<meta property=\"og:image:height\" content=\"902\" \/>\n\t<meta property=\"og:image:type\" content=\"image\/jpeg\" \/>\n<meta name=\"twitter:card\" content=\"summary_large_image\" \/>\n<meta name=\"twitter:label1\" content=\"Tiempo de lectura\" \/>\n\t<meta name=\"twitter:data1\" content=\"6 minutos\" \/>\n<script type=\"application\/ld+json\" class=\"yoast-schema-graph\">{\"@context\":\"https:\/\/schema.org\",\"@graph\":[{\"@type\":\"WebPage\",\"@id\":\"https:\/\/fjyudeng.com\/product\/customized-high-quality-pu-leather-manufacturer\/\",\"url\":\"https:\/\/fjyudeng.com\/product\/customized-high-quality-pu-leather-manufacturer\/\",\"name\":\"37 Years Customized High Quality Pu leather Manufacturer\",\"isPartOf\":{\"@id\":\"https:\/\/fjyudeng.com\/#website\"},\"primaryImageOfPage\":{\"@id\":\"https:\/\/fjyudeng.com\/product\/customized-high-quality-pu-leather-manufacturer\/#primaryimage\"},\"image\":{\"@id\":\"https:\/\/fjyudeng.com\/product\/customized-high-quality-pu-leather-manufacturer\/#primaryimage\"},\"thumbnailUrl\":\"https:\/\/fjyudeng.com\/wp-content\/uploads\/2025\/09\/Customized-High-Quality-Pu-leather-Manufacturer.jpg\",\"datePublished\":\"2025-09-01T03:29:52+00:00\",\"dateModified\":\"2025-09-01T03:49:10+00:00\",\"description\":\"If you're looking for a trusted wholesale custom Pu leather manufacturer, Yudeng offers extensive manufacturing experience and professional customization services.\",\"breadcrumb\":{\"@id\":\"https:\/\/fjyudeng.com\/product\/customized-high-quality-pu-leather-manufacturer\/#breadcrumb\"},\"inLanguage\":\"es-AR\",\"potentialAction\":[{\"@type\":\"ReadAction\",\"target\":[\"https:\/\/fjyudeng.com\/product\/customized-high-quality-pu-leather-manufacturer\/\"]}]},{\"@type\":\"ImageObject\",\"inLanguage\":\"es-AR\",\"@id\":\"https:\/\/fjyudeng.com\/product\/customized-high-quality-pu-leather-manufacturer\/#primaryimage\",\"url\":\"https:\/\/fjyudeng.com\/wp-content\/uploads\/2025\/09\/Customized-High-Quality-Pu-leather-Manufacturer.jpg\",\"contentUrl\":\"https:\/\/fjyudeng.com\/wp-content\/uploads\/2025\/09\/Customized-High-Quality-Pu-leather-Manufacturer.jpg\",\"width\":902,\"height\":902,\"caption\":\"Customized High Quality Pu leather Manufacturer\"},{\"@type\":\"BreadcrumbList\",\"@id\":\"https:\/\/fjyudeng.com\/product\/customized-high-quality-pu-leather-manufacturer\/#breadcrumb\",\"itemListElement\":[{\"@type\":\"ListItem\",\"position\":1,\"name\":\"Home\",\"item\":\"https:\/\/fjyudeng.com\/\"},{\"@type\":\"ListItem\",\"position\":2,\"name\":\"Products\",\"item\":\"https:\/\/fjyudeng.com\/products\/\"},{\"@type\":\"ListItem\",\"position\":3,\"name\":\"Customized High Quality Pu leather Manufacturer\"}]},{\"@type\":\"WebSite\",\"@id\":\"https:\/\/fjyudeng.com\/#website\",\"url\":\"https:\/\/fjyudeng.com\/\",\"name\":\"fjyudeng.com\",\"description\":\"\",\"publisher\":{\"@id\":\"https:\/\/fjyudeng.com\/#\/schema\/person\/7e41764f047e7552c6ad5bdf5f6d78c7\"},\"potentialAction\":[{\"@type\":\"SearchAction\",\"target\":{\"@type\":\"EntryPoint\",\"urlTemplate\":\"https:\/\/fjyudeng.com\/?s={search_term_string}\"},\"query-input\":\"required name=search_term_string\"}],\"inLanguage\":\"es-AR\"},{\"@type\":[\"Person\",\"Organization\"],\"@id\":\"https:\/\/fjyudeng.com\/#\/schema\/person\/7e41764f047e7552c6ad5bdf5f6d78c7\",\"name\":\"yshine03@gmail.com\",\"image\":{\"@type\":\"ImageObject\",\"inLanguage\":\"es-AR\",\"@id\":\"https:\/\/fjyudeng.com\/#\/schema\/person\/image\/\",\"url\":\"https:\/\/fjyudeng.com\/wp-content\/uploads\/2025\/04\/yudeng-pu-leather-factory-manufacturer.png\",\"contentUrl\":\"https:\/\/fjyudeng.com\/wp-content\/uploads\/2025\/04\/yudeng-pu-leather-factory-manufacturer.png\",\"width\":588,\"height\":590,\"caption\":\"yshine03@gmail.com\"},\"logo\":{\"@id\":\"https:\/\/fjyudeng.com\/#\/schema\/person\/image\/\"},\"sameAs\":[\"https:\/\/fjyudeng.com\"]}]}<\/script>\n<!-- \/ Yoast SEO Premium plugin. -->","yoast_head_json":{"title":"37 Years Customized High Quality Pu leather Manufacturer","description":"If you're looking for a trusted wholesale custom Pu leather manufacturer, Yudeng offers extensive manufacturing experience and professional customization services.","robots":{"index":"index","follow":"follow","max-snippet":"max-snippet:-1","max-image-preview":"max-image-preview:large","max-video-preview":"max-video-preview:-1"},"canonical":"https:\/\/fjyudeng.com\/es\/producto\/fabricante-de-cuero-pu-personalizado-de-alta-calidad\/","og_locale":"es_ES","og_type":"article","og_title":"Customized High Quality Pu leather Manufacturer","og_description":"If you're looking for a trusted wholesale custom Pu leather manufacturer, Yudeng offers extensive manufacturing experience and professional customization services.","og_url":"https:\/\/fjyudeng.com\/es\/producto\/fabricante-de-cuero-pu-personalizado-de-alta-calidad\/","og_site_name":"fjyudeng.com","article_modified_time":"2025-09-01T03:49:10+00:00","og_image":[{"width":902,"height":902,"url":"https:\/\/fjyudeng.com\/wp-content\/uploads\/2025\/09\/Customized-High-Quality-Pu-leather-Manufacturer.jpg","type":"image\/jpeg"}],"twitter_card":"summary_large_image","twitter_misc":{"Tiempo de lectura":"6 minutos"},"schema":{"@context":"https:\/\/schema.org","@graph":[{"@type":"WebPage","@id":"https:\/\/fjyudeng.com\/product\/customized-high-quality-pu-leather-manufacturer\/","url":"https:\/\/fjyudeng.com\/product\/customized-high-quality-pu-leather-manufacturer\/","name":"37 Years Customized High Quality Pu leather Manufacturer","isPartOf":{"@id":"https:\/\/fjyudeng.com\/#website"},"primaryImageOfPage":{"@id":"https:\/\/fjyudeng.com\/product\/customized-high-quality-pu-leather-manufacturer\/#primaryimage"},"image":{"@id":"https:\/\/fjyudeng.com\/product\/customized-high-quality-pu-leather-manufacturer\/#primaryimage"},"thumbnailUrl":"https:\/\/fjyudeng.com\/wp-content\/uploads\/2025\/09\/Customized-High-Quality-Pu-leather-Manufacturer.jpg","datePublished":"2025-09-01T03:29:52+00:00","dateModified":"2025-09-01T03:49:10+00:00","description":"If you're looking for a trusted wholesale custom Pu leather manufacturer, Yudeng offers extensive manufacturing experience and professional customization services.","breadcrumb":{"@id":"https:\/\/fjyudeng.com\/product\/customized-high-quality-pu-leather-manufacturer\/#breadcrumb"},"inLanguage":"es-AR","potentialAction":[{"@type":"ReadAction","target":["https:\/\/fjyudeng.com\/product\/customized-high-quality-pu-leather-manufacturer\/"]}]},{"@type":"ImageObject","inLanguage":"es-AR","@id":"https:\/\/fjyudeng.com\/product\/customized-high-quality-pu-leather-manufacturer\/#primaryimage","url":"https:\/\/fjyudeng.com\/wp-content\/uploads\/2025\/09\/Customized-High-Quality-Pu-leather-Manufacturer.jpg","contentUrl":"https:\/\/fjyudeng.com\/wp-content\/uploads\/2025\/09\/Customized-High-Quality-Pu-leather-Manufacturer.jpg","width":902,"height":902,"caption":"Customized High Quality Pu leather Manufacturer"},{"@type":"BreadcrumbList","@id":"https:\/\/fjyudeng.com\/product\/customized-high-quality-pu-leather-manufacturer\/#breadcrumb","itemListElement":[{"@type":"ListItem","position":1,"name":"Home","item":"https:\/\/fjyudeng.com\/"},{"@type":"ListItem","position":2,"name":"Products","item":"https:\/\/fjyudeng.com\/products\/"},{"@type":"ListItem","position":3,"name":"Customized High Quality Pu leather Manufacturer"}]},{"@type":"WebSite","@id":"https:\/\/fjyudeng.com\/#website","url":"https:\/\/fjyudeng.com\/","name":"fjyudeng.com","description":"","publisher":{"@id":"https:\/\/fjyudeng.com\/#\/schema\/person\/7e41764f047e7552c6ad5bdf5f6d78c7"},"potentialAction":[{"@type":"SearchAction","target":{"@type":"EntryPoint","urlTemplate":"https:\/\/fjyudeng.com\/?s={search_term_string}"},"query-input":"required name=search_term_string"}],"inLanguage":"es-AR"},{"@type":["Person","Organization"],"@id":"https:\/\/fjyudeng.com\/#\/schema\/person\/7e41764f047e7552c6ad5bdf5f6d78c7","name":"yshine03@gmail.com","image":{"@type":"ImageObject","inLanguage":"es-AR","@id":"https:\/\/fjyudeng.com\/#\/schema\/person\/image\/","url":"https:\/\/fjyudeng.com\/wp-content\/uploads\/2025\/04\/yudeng-pu-leather-factory-manufacturer.png","contentUrl":"https:\/\/fjyudeng.com\/wp-content\/uploads\/2025\/04\/yudeng-pu-leather-factory-manufacturer.png","width":588,"height":590,"caption":"yshine03@gmail.com"},"logo":{"@id":"https:\/\/fjyudeng.com\/#\/schema\/person\/image\/"},"sameAs":["https:\/\/fjyudeng.com"]}]}},"_links":{"self":[{"href":"https:\/\/fjyudeng.com\/es\/wp-json\/wp\/v2\/product\/3165","targetHints":{"allow":["GET"]}}],"collection":[{"href":"https:\/\/fjyudeng.com\/es\/wp-json\/wp\/v2\/product"}],"about":[{"href":"https:\/\/fjyudeng.com\/es\/wp-json\/wp\/v2\/types\/product"}],"wp:featuredmedia":[{"embeddable":true,"href":"https:\/\/fjyudeng.com\/es\/wp-json\/wp\/v2\/media\/3166"}],"wp:attachment":[{"href":"https:\/\/fjyudeng.com\/es\/wp-json\/wp\/v2\/media?parent=3165"}],"wp:term":[{"taxonomy":"product_brand","embeddable":true,"href":"https:\/\/fjyudeng.com\/es\/wp-json\/wp\/v2\/product_brand?post=3165"},{"taxonomy":"product_cat","embeddable":true,"href":"https:\/\/fjyudeng.com\/es\/wp-json\/wp\/v2\/product_cat?post=3165"},{"taxonomy":"product_tag","embeddable":true,"href":"https:\/\/fjyudeng.com\/es\/wp-json\/wp\/v2\/product_tag?post=3165"}],"curies":[{"name":"wp","href":"https:\/\/api.w.org\/{rel}","templated":true}]}}