{"id":3176,"date":"2025-09-03T10:32:55","date_gmt":"2025-09-03T02:32:55","guid":{"rendered":"https:\/\/fjyudeng.com\/?post_type=product&#038;p=3176"},"modified":"2025-09-03T10:44:21","modified_gmt":"2025-09-03T02:44:21","slug":"fabricante-de-cuero-pu-resistente-a-la-hidrolisis-personalizado","status":"publish","type":"product","link":"https:\/\/fjyudeng.com\/es\/producto\/fabricante-de-cuero-pu-resistente-a-la-hidrolisis-personalizado\/","title":{"rendered":"Fabricante de cuero sint\u00e9tico resistente al amarilleo y a la hidr\u00f3lisis, personalizado"},"content":{"rendered":"<p><span style=\"color: #000000;\">En la industria del calzado, el cuero sint\u00e9tico resistente al amarilleo y a la hidr\u00f3lisis se est\u00e1 convirtiendo en el tejido de alto rendimiento predilecto de muchos fabricantes, marcas y dise\u00f1adores de calzado. Este material no solo ofrece una sensaci\u00f3n suave y c\u00f3moda, sino que tambi\u00e9n ofrece una larga vida \u00fatil y una apariencia estable. Como profesional... <a style=\"color: #000000;\" href=\"https:\/\/fjyudeng.com\/es\/producto\/fabricante-de-cuero-pu-personalizado-de-alta-calidad\/\"><strong>Fabricante de cuero sint\u00e9tico<\/strong><\/a>Yudeng se compromete a brindar soluciones personalizadas que cumplan con los est\u00e1ndares ambientales internacionales a clientes globales.<\/span><\/p>\n<p><span style=\"color: #000000;\">Yudeng ofrece asistencia con muestras gratuitas o de bajo costo. Durante el proceso de muestreo, los clientes pueden evaluar la textura, la ductilidad, la resistencia a la abrasi\u00f3n y la solidez del color del cuero para garantizar que el material cumpla con los requisitos de dise\u00f1o y procesamiento. Esto no solo reduce el riesgo de las pruebas de producci\u00f3n, sino que tambi\u00e9n facilita una producci\u00f3n en masa posterior m\u00e1s fluida.<\/span><\/p>\n<p style=\"text-align: center;\">\u00a0<img fetchpriority=\"high\" decoding=\"async\" class=\"alignnone wp-image-2969 size-full\" src=\"https:\/\/fjyudeng.com\/wp-content\/uploads\/2025\/07\/Yudeng-Textile-pu-leather-for-shoe.jpg\" alt=\"Cuero sint\u00e9tico textil Yudeng para calzado\" width=\"1200\" height=\"679\" srcset=\"https:\/\/fjyudeng.com\/wp-content\/uploads\/2025\/07\/Yudeng-Textile-pu-leather-for-shoe.jpg 1200w, https:\/\/fjyudeng.com\/wp-content\/uploads\/2025\/07\/Yudeng-Textile-pu-leather-for-shoe-300x170.jpg 300w, https:\/\/fjyudeng.com\/wp-content\/uploads\/2025\/07\/Yudeng-Textile-pu-leather-for-shoe-1024x579.jpg 1024w, https:\/\/fjyudeng.com\/wp-content\/uploads\/2025\/07\/Yudeng-Textile-pu-leather-for-shoe-768x435.jpg 768w, https:\/\/fjyudeng.com\/wp-content\/uploads\/2025\/07\/Yudeng-Textile-pu-leather-for-shoe-18x10.jpg 18w, https:\/\/fjyudeng.com\/wp-content\/uploads\/2025\/07\/Yudeng-Textile-pu-leather-for-shoe-600x340.jpg 600w\" sizes=\"(max-width: 1200px) 100vw, 1200px\" \/><img decoding=\"async\" class=\"alignnone wp-image-2968 size-full\" src=\"https:\/\/fjyudeng.com\/wp-content\/uploads\/2025\/07\/Yudeng-pu-leather-for-shoe-Product-description.jpg\" alt=\"Descripci\u00f3n del producto de cuero sint\u00e9tico Yudeng para calzado\" width=\"1200\" height=\"1377\" srcset=\"https:\/\/fjyudeng.com\/wp-content\/uploads\/2025\/07\/Yudeng-pu-leather-for-shoe-Product-description.jpg 1200w, https:\/\/fjyudeng.com\/wp-content\/uploads\/2025\/07\/Yudeng-pu-leather-for-shoe-Product-description-261x300.jpg 261w, https:\/\/fjyudeng.com\/wp-content\/uploads\/2025\/07\/Yudeng-pu-leather-for-shoe-Product-description-892x1024.jpg 892w, https:\/\/fjyudeng.com\/wp-content\/uploads\/2025\/07\/Yudeng-pu-leather-for-shoe-Product-description-768x881.jpg 768w, https:\/\/fjyudeng.com\/wp-content\/uploads\/2025\/07\/Yudeng-pu-leather-for-shoe-Product-description-10x12.jpg 10w, https:\/\/fjyudeng.com\/wp-content\/uploads\/2025\/07\/Yudeng-pu-leather-for-shoe-Product-description-600x689.jpg 600w\" sizes=\"(max-width: 1200px) 100vw, 1200px\" \/><\/p>\n<h4><span style=\"color: #ff6600;\"><strong>Servicio completo de personalizaci\u00f3n para satisfacer diversas necesidades de calzado.<\/strong><\/span><\/h4>\n<p><span style=\"color: #000000;\">El mercado del calzado exige dise\u00f1os muy diversos. Yudeng, con sus sofisticadas capacidades de personalizaci\u00f3n OEM\/ODM, ofrece a sus clientes una gama completa de opciones personalizadas:<\/span><\/p>\n<p><span style=\"color: #000000;\"><strong>Personalizaci\u00f3n del color:<\/strong> Podemos combinar colores con precisi\u00f3n seg\u00fan las tablas de colores Pantone o muestras de tela proporcionadas por el cliente, lo que garantiza una variaci\u00f3n m\u00ednima de color entre lotes.<\/span><\/p>\n<p><span style=\"color: #000000;\"><strong>Grosor personalizable:<\/strong> Los espesores comunes var\u00edan de 0,6 mm a 2,0 mm y se pueden ajustar para satisfacer las necesidades de diferentes estilos de calzado (zapatillas, zapatos casuales, tacones altos, etc.).<\/span><\/p>\n<p><span style=\"color: #000000;\"><strong>Textura personalizable:<\/strong> Los acabados disponibles incluyen relieve, lichi, napa, mate y patrones espejados, que incorporan tanto moda como funcionalidad.<\/span><\/p>\n<p><span style=\"color: #000000;\"><strong>Opciones de respaldo:<\/strong> Disponibles en tejidos de punto, no tejidos y de microfibra, mejoran la elasticidad y el ajuste del cuero, mejorando la eficiencia del procesamiento.<\/span><\/p>\n<p><span style=\"color: #000000;\">Este servicio altamente personalizado no s\u00f3lo proporciona a los clientes una ventaja competitiva \u00fanica en la apariencia del producto, sino que tambi\u00e9n permite una diferenciaci\u00f3n funcional.<\/span><\/p>\n<p>&nbsp;<\/p>\n<h4><span style=\"color: #ff6600;\"><strong>REACH\/ROHS\/OEK<span style=\"color: #ff6600;\">Envolvente O-TEX\u00ae<\/span>certificaci\u00f3n ironmental<\/strong><\/span><\/h4>\n<p><span style=\"color: #000000;\">Dado que la protecci\u00f3n del medio ambiente y la sostenibilidad se est\u00e1n convirtiendo en tendencias globales, el cuero Pu de Yudeng ha pasado m\u00faltiples certificaciones ambientales internacionales, que incluyen:<\/span><\/p>\n<p><span style=\"color: #000000;\"><strong>Pruebas y certificaci\u00f3n T\u00dcV:<\/strong> Garantiza que el producto cumpla con estrictos est\u00e1ndares de durabilidad y propiedades f\u00edsicas.<\/span><\/p>\n<p><span style=\"color: #000000;\"><strong>Certificaci\u00f3n REACH:<\/strong> Evita el uso de productos qu\u00edmicos nocivos para el ser humano y el medio ambiente.<\/span><\/p>\n<p><span style=\"color: #000000;\"><strong>Certificaci\u00f3n ROHS:<\/strong> Controla el contenido de metales pesados y sustancias peligrosas para garantizar la protecci\u00f3n del medio ambiente.<\/span><\/p>\n<p><span style=\"color: #000000;\"><strong>Norma OEKO-TEX\u00ae 100:<\/strong> Garantiza que los productos terminados sean seguros para el contacto con la piel, lo que los hace especialmente adecuados para productos de contacto con la piel.<\/span><\/p>\n<p><span style=\"color: #000000;\">Estas certificaciones autorizadas brindan a los clientes una garant\u00eda de calidad transparente y confiable, mejorando la competitividad del cuero Pu en mercados de alto nivel como Europa y Estados Unidos.<\/span><\/p>\n<p style=\"text-align: center;\"><img decoding=\"async\" class=\"alignnone wp-image-2744\" src=\"Certificado de producto Yudeng\" alt=\"Certificado de producto Yudeng\" width=\"962\" height=\"516\" srcset=\"\" sizes=\"(max-width: 962px) 100vw, 962px\" data-srcset=\"\" \/><\/p>\n<h4><strong><span style=\"color: #ff6600;\">Aplicaci\u00f3n de producci\u00f3n<\/span><\/strong><\/h4>\n<p><span style=\"color: #000000;\">El cuero PU personalizado de Yudeng no solo ofrece una apariencia sobresaliente, sino que tambi\u00e9n cuenta con una durabilidad excepcional y adaptabilidad al proceso, lo que lo hace adecuado para una amplia gama de estilos de calzado:<\/span><\/p>\n<p><span style=\"color: #000000;\"><strong>Calzado deportivo\/casual:<\/strong> El cuero PU liviano y flexible ofrece transpirabilidad y soporte, lo que lo hace ideal para el uso diario y el ejercicio ligero.<\/span><\/p>\n<p><span style=\"color: #000000;\"><strong>Botas de cuero\/zapatos de trabajo:<\/strong> El material de PU grueso y duradero puede reemplazar parcialmente el cuero genuino, mejorando la resistencia a la flexi\u00f3n y la durabilidad y al mismo tiempo reduciendo los costos.<\/span><\/p>\n<p><span style=\"color: #000000;\"><strong>Zapatos de moda para mujer y ni\u00f1o:<\/strong> Una amplia selecci\u00f3n de colores y texturas a\u00f1ade un toque de dise\u00f1o a la parte superior, y la certificaci\u00f3n ambiental brinda tranquilidad a los zapatos de los ni\u00f1os.<\/span><\/p>\n<p><span style=\"color: #000000;\"><strong>Zapatos funcionales\/impermeables:<\/strong> El cuero PU con revestimiento especial ofrece un grado de repelencia al agua, lo que lo hace adecuado para calzado de rendimiento urbano o para exteriores.<\/span><\/p>\n<p><span style=\"color: #000000;\">Debido a su alta adaptabilidad, el cuero PU de Yudeng se ha utilizado ampliamente en las l\u00edneas de producci\u00f3n de fabricantes de calzado nacionales e internacionales, disfrutando de una retenci\u00f3n y reconocimiento de clientes estables a largo plazo.<\/span><\/p>\n<p style=\"text-align: center;\"><img loading=\"lazy\" decoding=\"async\" class=\"alignnone wp-image-2970 size-full\" src=\"https:\/\/fjyudeng.com\/wp-content\/uploads\/2025\/07\/PU-leatther-for-shoe-application.jpg\" alt=\"Cuero PU para aplicaci\u00f3n en calzado\" width=\"1000\" height=\"607\" srcset=\"https:\/\/fjyudeng.com\/wp-content\/uploads\/2025\/07\/PU-leatther-for-shoe-application.jpg 1000w, https:\/\/fjyudeng.com\/wp-content\/uploads\/2025\/07\/PU-leatther-for-shoe-application-300x182.jpg 300w, https:\/\/fjyudeng.com\/wp-content\/uploads\/2025\/07\/PU-leatther-for-shoe-application-768x466.jpg 768w, https:\/\/fjyudeng.com\/wp-content\/uploads\/2025\/07\/PU-leatther-for-shoe-application-18x12.jpg 18w, https:\/\/fjyudeng.com\/wp-content\/uploads\/2025\/07\/PU-leatther-for-shoe-application-600x364.jpg 600w\" sizes=\"(max-width: 1000px) 100vw, 1000px\" \/><\/p>\n<h4><strong><span style=\"color: #ff6600;\">Ventaja de f\u00e1brica<\/span><\/strong><\/h4>\n<p><span style=\"color: #000000;\">Como un <a style=\"color: #000000;\" href=\"https:\/\/fjyudeng.com\/es\/producto\/fabricante-de-cuero-sintetico-con-espejo-personalizado\/\"><strong>F\u00e1brica de cuero sint\u00e9tico<\/strong><\/a> Con muchos a\u00f1os de experiencia en la industria, Yudeng cuenta con ventajas significativas:<\/span><\/p>\n<p><span style=\"color: #000000;\">Equipo avanzado: Equipado con un conjunto completo de l\u00edneas de producci\u00f3n de recubrimiento, espumado, impresi\u00f3n y estampado, lo que garantiza la capacidad y la consistencia de la producci\u00f3n.<\/span><\/p>\n<ul>\n<li><span style=\"color: #000000;\"><strong>Equipo de I+D:<\/strong> Compuesto por ingenieros y dise\u00f1adores experimentados, somos capaces de desarrollar nuevos estilos y procesos basados en las tendencias del mercado.<\/span><\/li>\n<li><span style=\"color: #000000;\"><strong>Control de calidad estricto:<\/strong> Desde la adquisici\u00f3n de la materia prima hasta el env\u00edo del producto terminado, cada producto se somete a m\u00faltiples inspecciones, incluidas pruebas de resistencia al desgaste, resistencia al amarilleo y resistencia a la hidr\u00f3lisis, lo que garantiza la longevidad del producto.<\/span><\/li>\n<li><span style=\"color: #000000;\"><strong>Entrega r\u00e1pida:<\/strong> Una cadena de suministro estable y un sistema de producci\u00f3n eficiente garantizan el cumplimiento oportuno de los pedidos de los clientes y satisfacen las demandas de env\u00edos en temporada alta.<\/span><\/li>\n<\/ul>\n<h5><span style=\"color: #ff6600;\">\u00bfPor qu\u00e9 elegir cuero Pu resistente al amarilleamiento y a la hidr\u00f3lisis?<\/span><\/h5>\n<p><span style=\"color: #000000;\">Las telas para calzado expuestas al aire y al sudor durante un largo periodo de tiempo son propensas a amarillearse, agrietarse o hidr\u00f3lisis. El cuero sint\u00e9tico resistente al amarilleamiento y a la hidr\u00f3lisis de Yudeng se ha optimizado en cuanto a f\u00f3rmula y proceso:<\/span><\/p>\n<ul>\n<li><span style=\"color: #000000;\">Resistencia al amarilleamiento: Retrasa eficazmente la decoloraci\u00f3n y el amarilleamiento del cuero bajo la radiaci\u00f3n UV, preservando el atractivo est\u00e9tico del zapato.<\/span><\/li>\n<li><span style=\"color: #000000;\">Resistencia a la hidr\u00f3lisis: Se mantiene estable en ambientes h\u00famedos y de alta temperatura, resistiendo la descamaci\u00f3n y el desprendimiento.<\/span><\/li>\n<li><span style=\"color: #000000;\">Alta flexibilidad y comodidad: mantiene la suavidad y la comodidad del calzado manteniendo la resistencia y la durabilidad.<\/span><\/li>\n<\/ul>\n<p><span style=\"color: #000000;\">Estas ventajas han hecho que los productos de Yudeng sean populares en los sectores del calzado deportivo, informal, infantil y de moda.<\/span><\/p>\n<p style=\"text-align: center;\"><img loading=\"lazy\" decoding=\"async\" class=\"aligncenter wp-image-2741 size-full\" src=\"https:\/\/fjyudeng.com\/wp-content\/uploads\/2025\/06\/Yudeng-Factory-and-Company.jpg\" alt=\"F\u00e1brica y empresa Yudeng\" width=\"1200\" height=\"878\" srcset=\"https:\/\/fjyudeng.com\/wp-content\/uploads\/2025\/06\/Yudeng-Factory-and-Company.jpg 1200w, https:\/\/fjyudeng.com\/wp-content\/uploads\/2025\/06\/Yudeng-Factory-and-Company-600x439.jpg 600w, https:\/\/fjyudeng.com\/wp-content\/uploads\/2025\/06\/Yudeng-Factory-and-Company-300x220.jpg 300w, https:\/\/fjyudeng.com\/wp-content\/uploads\/2025\/06\/Yudeng-Factory-and-Company-1024x749.jpg 1024w, https:\/\/fjyudeng.com\/wp-content\/uploads\/2025\/06\/Yudeng-Factory-and-Company-768x562.jpg 768w, https:\/\/fjyudeng.com\/wp-content\/uploads\/2025\/06\/Yudeng-Factory-and-Company-16x12.jpg 16w\" sizes=\"(max-width: 1200px) 100vw, 1200px\" \/><\/p>\n<p style=\"text-align: center;\"><img loading=\"lazy\" decoding=\"async\" class=\"aligncenter wp-image-2739 size-full\" src=\"https:\/\/fjyudeng.com\/wp-content\/uploads\/2025\/06\/Yudeng-Exhibition-and-Partner.jpg\" alt=\"\" width=\"1200\" height=\"1566\" \/><\/p>","protected":false},"excerpt":{"rendered":"<ul>\n<li>\n<h5><span style=\"color: #000000;\">Pedido m\u00ednimo: 300 metros<\/span><\/h5>\n<\/li>\n<li>\n<h5><span style=\"color: #000000;\">F\u00e1brica de cuero sint\u00e9tico de 37 a\u00f1os<\/span><\/h5>\n<\/li>\n<li>\n<h5><span style=\"color: #000000;\">\u00c1rea de f\u00e1brica de 50000m\u00b2<\/span><\/h5>\n<\/li>\n<li>\n<h5><span style=\"color: #000000;\">10 l\u00edneas de producci\u00f3n<\/span><\/h5>\n<\/li>\n<li class=\"elementor-heading-title elementor-size-default\">\n<h5><span style=\"color: #000000;\">M\u00e1s de 400 texturas disponibles<\/span><\/h5>\n<\/li>\n<li class=\"elementor-heading-title elementor-size-default\">\n<h5><span style=\"color: #000000;\">Certificado REACH\/ROHS\/OEKO-TEX\u00ae<\/span><\/h5>\n<\/li>\n<\/ul>","protected":false},"featured_media":3177,"template":"","meta":[],"product_brand":[],"product_cat":[31],"product_tag":[],"class_list":{"0":"post-3176","1":"product","2":"type-product","3":"status-publish","4":"has-post-thumbnail","6":"product_cat-shoe-leather","8":"first","9":"instock","10":"shipping-taxable","11":"product-type-simple"},"yoast_head":"<!-- This site is optimized with the Yoast SEO Premium plugin v22.8 (Yoast SEO v22.8) - https:\/\/yoast.com\/wordpress\/plugins\/seo\/ -->\n<title>Customized Hydrolysis Resistant Pu Leather Manufacturer<\/title>\n<meta name=\"description\" content=\"As a professional Pu leather factory, Yudeng is committed to providing customized solutions that meet international environmental standards to customers worldwide.\" \/>\n<meta name=\"robots\" content=\"index, follow, max-snippet:-1, max-image-preview:large, max-video-preview:-1\" \/>\n<link rel=\"canonical\" href=\"https:\/\/fjyudeng.com\/es\/producto\/fabricante-de-cuero-pu-resistente-a-la-hidrolisis-personalizado\/\" \/>\n<meta property=\"og:locale\" content=\"es_ES\" \/>\n<meta property=\"og:type\" content=\"article\" \/>\n<meta property=\"og:title\" content=\"Customized Yellowing Resistant and Hydrolysis Resistant Pu Leather Manufacturer\" \/>\n<meta property=\"og:description\" content=\"As a professional Pu leather factory, Yudeng is committed to providing customized solutions that meet international environmental standards to customers worldwide.\" \/>\n<meta property=\"og:url\" content=\"https:\/\/fjyudeng.com\/es\/producto\/fabricante-de-cuero-pu-resistente-a-la-hidrolisis-personalizado\/\" \/>\n<meta property=\"og:site_name\" content=\"fjyudeng.com\" \/>\n<meta property=\"article:modified_time\" content=\"2025-09-03T02:44:21+00:00\" \/>\n<meta property=\"og:image\" content=\"https:\/\/fjyudeng.com\/wp-content\/uploads\/2025\/09\/Customized-Yellowing-Resistant-and-Hydrolysis-Resistant-Pu-Leather-Manufacturer.jpg\" \/>\n\t<meta property=\"og:image:width\" content=\"800\" \/>\n\t<meta property=\"og:image:height\" content=\"800\" \/>\n\t<meta property=\"og:image:type\" content=\"image\/jpeg\" \/>\n<meta name=\"twitter:card\" content=\"summary_large_image\" \/>\n<meta name=\"twitter:label1\" content=\"Tiempo de lectura\" \/>\n\t<meta name=\"twitter:data1\" content=\"5 minutos\" \/>\n<script type=\"application\/ld+json\" class=\"yoast-schema-graph\">{\"@context\":\"https:\/\/schema.org\",\"@graph\":[{\"@type\":\"WebPage\",\"@id\":\"https:\/\/fjyudeng.com\/product\/customized-hydrolysis-resistant-pu-leather-manufacturer\/\",\"url\":\"https:\/\/fjyudeng.com\/product\/customized-hydrolysis-resistant-pu-leather-manufacturer\/\",\"name\":\"Customized Hydrolysis Resistant Pu Leather Manufacturer\",\"isPartOf\":{\"@id\":\"https:\/\/fjyudeng.com\/#website\"},\"primaryImageOfPage\":{\"@id\":\"https:\/\/fjyudeng.com\/product\/customized-hydrolysis-resistant-pu-leather-manufacturer\/#primaryimage\"},\"image\":{\"@id\":\"https:\/\/fjyudeng.com\/product\/customized-hydrolysis-resistant-pu-leather-manufacturer\/#primaryimage\"},\"thumbnailUrl\":\"https:\/\/fjyudeng.com\/wp-content\/uploads\/2025\/09\/Customized-Yellowing-Resistant-and-Hydrolysis-Resistant-Pu-Leather-Manufacturer.jpg\",\"datePublished\":\"2025-09-03T02:32:55+00:00\",\"dateModified\":\"2025-09-03T02:44:21+00:00\",\"description\":\"As a professional Pu leather factory, Yudeng is committed to providing customized solutions that meet international environmental standards to customers worldwide.\",\"breadcrumb\":{\"@id\":\"https:\/\/fjyudeng.com\/product\/customized-hydrolysis-resistant-pu-leather-manufacturer\/#breadcrumb\"},\"inLanguage\":\"es-AR\",\"potentialAction\":[{\"@type\":\"ReadAction\",\"target\":[\"https:\/\/fjyudeng.com\/product\/customized-hydrolysis-resistant-pu-leather-manufacturer\/\"]}]},{\"@type\":\"ImageObject\",\"inLanguage\":\"es-AR\",\"@id\":\"https:\/\/fjyudeng.com\/product\/customized-hydrolysis-resistant-pu-leather-manufacturer\/#primaryimage\",\"url\":\"https:\/\/fjyudeng.com\/wp-content\/uploads\/2025\/09\/Customized-Yellowing-Resistant-and-Hydrolysis-Resistant-Pu-Leather-Manufacturer.jpg\",\"contentUrl\":\"https:\/\/fjyudeng.com\/wp-content\/uploads\/2025\/09\/Customized-Yellowing-Resistant-and-Hydrolysis-Resistant-Pu-Leather-Manufacturer.jpg\",\"width\":800,\"height\":800,\"caption\":\"Customized Yellowing Resistant and Hydrolysis Resistant Pu Leather Manufacturer\"},{\"@type\":\"BreadcrumbList\",\"@id\":\"https:\/\/fjyudeng.com\/product\/customized-hydrolysis-resistant-pu-leather-manufacturer\/#breadcrumb\",\"itemListElement\":[{\"@type\":\"ListItem\",\"position\":1,\"name\":\"Home\",\"item\":\"https:\/\/fjyudeng.com\/\"},{\"@type\":\"ListItem\",\"position\":2,\"name\":\"Products\",\"item\":\"https:\/\/fjyudeng.com\/products\/\"},{\"@type\":\"ListItem\",\"position\":3,\"name\":\"Customized Yellowing Resistant and Hydrolysis Resistant Pu Leather Manufacturer\"}]},{\"@type\":\"WebSite\",\"@id\":\"https:\/\/fjyudeng.com\/#website\",\"url\":\"https:\/\/fjyudeng.com\/\",\"name\":\"fjyudeng.com\",\"description\":\"\",\"publisher\":{\"@id\":\"https:\/\/fjyudeng.com\/#\/schema\/person\/7e41764f047e7552c6ad5bdf5f6d78c7\"},\"potentialAction\":[{\"@type\":\"SearchAction\",\"target\":{\"@type\":\"EntryPoint\",\"urlTemplate\":\"https:\/\/fjyudeng.com\/?s={search_term_string}\"},\"query-input\":\"required name=search_term_string\"}],\"inLanguage\":\"es-AR\"},{\"@type\":[\"Person\",\"Organization\"],\"@id\":\"https:\/\/fjyudeng.com\/#\/schema\/person\/7e41764f047e7552c6ad5bdf5f6d78c7\",\"name\":\"yshine03@gmail.com\",\"image\":{\"@type\":\"ImageObject\",\"inLanguage\":\"es-AR\",\"@id\":\"https:\/\/fjyudeng.com\/#\/schema\/person\/image\/\",\"url\":\"https:\/\/fjyudeng.com\/wp-content\/uploads\/2025\/04\/yudeng-pu-leather-factory-manufacturer.png\",\"contentUrl\":\"https:\/\/fjyudeng.com\/wp-content\/uploads\/2025\/04\/yudeng-pu-leather-factory-manufacturer.png\",\"width\":588,\"height\":590,\"caption\":\"yshine03@gmail.com\"},\"logo\":{\"@id\":\"https:\/\/fjyudeng.com\/#\/schema\/person\/image\/\"},\"sameAs\":[\"https:\/\/fjyudeng.com\"]}]}<\/script>\n<!-- \/ Yoast SEO Premium plugin. -->","yoast_head_json":{"title":"Customized Hydrolysis Resistant Pu Leather Manufacturer","description":"As a professional Pu leather factory, Yudeng is committed to providing customized solutions that meet international environmental standards to customers worldwide.","robots":{"index":"index","follow":"follow","max-snippet":"max-snippet:-1","max-image-preview":"max-image-preview:large","max-video-preview":"max-video-preview:-1"},"canonical":"https:\/\/fjyudeng.com\/es\/producto\/fabricante-de-cuero-pu-resistente-a-la-hidrolisis-personalizado\/","og_locale":"es_ES","og_type":"article","og_title":"Customized Yellowing Resistant and Hydrolysis Resistant Pu Leather Manufacturer","og_description":"As a professional Pu leather factory, Yudeng is committed to providing customized solutions that meet international environmental standards to customers worldwide.","og_url":"https:\/\/fjyudeng.com\/es\/producto\/fabricante-de-cuero-pu-resistente-a-la-hidrolisis-personalizado\/","og_site_name":"fjyudeng.com","article_modified_time":"2025-09-03T02:44:21+00:00","og_image":[{"width":800,"height":800,"url":"https:\/\/fjyudeng.com\/wp-content\/uploads\/2025\/09\/Customized-Yellowing-Resistant-and-Hydrolysis-Resistant-Pu-Leather-Manufacturer.jpg","type":"image\/jpeg"}],"twitter_card":"summary_large_image","twitter_misc":{"Tiempo de lectura":"5 minutos"},"schema":{"@context":"https:\/\/schema.org","@graph":[{"@type":"WebPage","@id":"https:\/\/fjyudeng.com\/product\/customized-hydrolysis-resistant-pu-leather-manufacturer\/","url":"https:\/\/fjyudeng.com\/product\/customized-hydrolysis-resistant-pu-leather-manufacturer\/","name":"Customized Hydrolysis Resistant Pu Leather Manufacturer","isPartOf":{"@id":"https:\/\/fjyudeng.com\/#website"},"primaryImageOfPage":{"@id":"https:\/\/fjyudeng.com\/product\/customized-hydrolysis-resistant-pu-leather-manufacturer\/#primaryimage"},"image":{"@id":"https:\/\/fjyudeng.com\/product\/customized-hydrolysis-resistant-pu-leather-manufacturer\/#primaryimage"},"thumbnailUrl":"https:\/\/fjyudeng.com\/wp-content\/uploads\/2025\/09\/Customized-Yellowing-Resistant-and-Hydrolysis-Resistant-Pu-Leather-Manufacturer.jpg","datePublished":"2025-09-03T02:32:55+00:00","dateModified":"2025-09-03T02:44:21+00:00","description":"As a professional Pu leather factory, Yudeng is committed to providing customized solutions that meet international environmental standards to customers worldwide.","breadcrumb":{"@id":"https:\/\/fjyudeng.com\/product\/customized-hydrolysis-resistant-pu-leather-manufacturer\/#breadcrumb"},"inLanguage":"es-AR","potentialAction":[{"@type":"ReadAction","target":["https:\/\/fjyudeng.com\/product\/customized-hydrolysis-resistant-pu-leather-manufacturer\/"]}]},{"@type":"ImageObject","inLanguage":"es-AR","@id":"https:\/\/fjyudeng.com\/product\/customized-hydrolysis-resistant-pu-leather-manufacturer\/#primaryimage","url":"https:\/\/fjyudeng.com\/wp-content\/uploads\/2025\/09\/Customized-Yellowing-Resistant-and-Hydrolysis-Resistant-Pu-Leather-Manufacturer.jpg","contentUrl":"https:\/\/fjyudeng.com\/wp-content\/uploads\/2025\/09\/Customized-Yellowing-Resistant-and-Hydrolysis-Resistant-Pu-Leather-Manufacturer.jpg","width":800,"height":800,"caption":"Customized Yellowing Resistant and Hydrolysis Resistant Pu Leather Manufacturer"},{"@type":"BreadcrumbList","@id":"https:\/\/fjyudeng.com\/product\/customized-hydrolysis-resistant-pu-leather-manufacturer\/#breadcrumb","itemListElement":[{"@type":"ListItem","position":1,"name":"Home","item":"https:\/\/fjyudeng.com\/"},{"@type":"ListItem","position":2,"name":"Products","item":"https:\/\/fjyudeng.com\/products\/"},{"@type":"ListItem","position":3,"name":"Customized Yellowing Resistant and Hydrolysis Resistant Pu Leather Manufacturer"}]},{"@type":"WebSite","@id":"https:\/\/fjyudeng.com\/#website","url":"https:\/\/fjyudeng.com\/","name":"fjyudeng.com","description":"","publisher":{"@id":"https:\/\/fjyudeng.com\/#\/schema\/person\/7e41764f047e7552c6ad5bdf5f6d78c7"},"potentialAction":[{"@type":"SearchAction","target":{"@type":"EntryPoint","urlTemplate":"https:\/\/fjyudeng.com\/?s={search_term_string}"},"query-input":"required name=search_term_string"}],"inLanguage":"es-AR"},{"@type":["Person","Organization"],"@id":"https:\/\/fjyudeng.com\/#\/schema\/person\/7e41764f047e7552c6ad5bdf5f6d78c7","name":"yshine03@gmail.com","image":{"@type":"ImageObject","inLanguage":"es-AR","@id":"https:\/\/fjyudeng.com\/#\/schema\/person\/image\/","url":"https:\/\/fjyudeng.com\/wp-content\/uploads\/2025\/04\/yudeng-pu-leather-factory-manufacturer.png","contentUrl":"https:\/\/fjyudeng.com\/wp-content\/uploads\/2025\/04\/yudeng-pu-leather-factory-manufacturer.png","width":588,"height":590,"caption":"yshine03@gmail.com"},"logo":{"@id":"https:\/\/fjyudeng.com\/#\/schema\/person\/image\/"},"sameAs":["https:\/\/fjyudeng.com"]}]}},"_links":{"self":[{"href":"https:\/\/fjyudeng.com\/es\/wp-json\/wp\/v2\/product\/3176","targetHints":{"allow":["GET"]}}],"collection":[{"href":"https:\/\/fjyudeng.com\/es\/wp-json\/wp\/v2\/product"}],"about":[{"href":"https:\/\/fjyudeng.com\/es\/wp-json\/wp\/v2\/types\/product"}],"wp:featuredmedia":[{"embeddable":true,"href":"https:\/\/fjyudeng.com\/es\/wp-json\/wp\/v2\/media\/3177"}],"wp:attachment":[{"href":"https:\/\/fjyudeng.com\/es\/wp-json\/wp\/v2\/media?parent=3176"}],"wp:term":[{"taxonomy":"product_brand","embeddable":true,"href":"https:\/\/fjyudeng.com\/es\/wp-json\/wp\/v2\/product_brand?post=3176"},{"taxonomy":"product_cat","embeddable":true,"href":"https:\/\/fjyudeng.com\/es\/wp-json\/wp\/v2\/product_cat?post=3176"},{"taxonomy":"product_tag","embeddable":true,"href":"https:\/\/fjyudeng.com\/es\/wp-json\/wp\/v2\/product_tag?post=3176"}],"curies":[{"name":"wp","href":"https:\/\/api.w.org\/{rel}","templated":true}]}}