{"id":3284,"date":"2025-10-09T17:05:15","date_gmt":"2025-10-09T09:05:15","guid":{"rendered":"https:\/\/fjyudeng.com\/?post_type=product&#038;p=3284"},"modified":"2025-11-22T11:12:01","modified_gmt":"2025-11-22T03:12:01","slug":"fabricante-de-cuero-de-poliuretano-para-sofa","status":"publish","type":"product","link":"https:\/\/fjyudeng.com\/es\/producto\/fabricante-de-cuero-de-poliuretano-para-sofa\/","title":{"rendered":"Fabricante de cuero de poliuretano para sof\u00e1s"},"content":{"rendered":"<p data-start=\"150\" data-end=\"507\">El cuero ecol\u00f3gico de 1,5 mm, con su delicada textura, resistencia a los ara\u00f1azos y propiedades ecol\u00f3gicas, se est\u00e1 convirtiendo en una opci\u00f3n muy popular entre los fabricantes de sof\u00e1s y las marcas de muebles para el hogar.<br data-start=\"323\" data-end=\"326\" \/>Yudeng, con 37 a\u00f1os de experiencia en fabricaci\u00f3n, es un profesional. <span style=\"color: #000000;\"><a style=\"color: #000000;\" href=\"https:\/\/fjyudeng.com\/es\/producto\/sofa-grande-de-piel-sintetica-con-estampado-de-lichi\/\"><strong data-start=\"399\" data-end=\"436\">fabricante de cuero de poliuretano<\/strong><\/a> <\/span>Especializados en productos personalizables de alta calidad<span style=\"color: #000000;\"> <a style=\"color: #000000;\" href=\"https:\/\/fjyudeng.com\/es\/producto\/sofa-grande-de-piel-sintetica-con-estampado-de-lichi\/\"><strong data-start=\"480\" data-end=\"504\">cuero PU al por mayor<\/strong><\/a>.<\/span><\/p>\n<p data-start=\"509\" data-end=\"931\">Yudeng ofrece muestras gratuitas o a bajo coste, lo que permite a los clientes experimentar de primera mano el tacto suave, la resistencia al desgaste y la textura natural del cuero. Mediante las pruebas con muestras, los equipos de dise\u00f1o pueden confirmar f\u00e1cilmente el color, el brillo y el tacto, lo que garantiza que los productos finales se ajusten perfectamente al estilo de la marca.<br data-start=\"798\" data-end=\"801\" \/>Este cuero ecol\u00f3gico de 1,5 mm combina est\u00e9tica y funcionalidad, lo que lo convierte en un material ideal para sof\u00e1s y muebles de alta gama.<\/p>\n<p style=\"text-align: center;\"><img fetchpriority=\"high\" decoding=\"async\" class=\"wp-image-2950 size-full aligncenter\" src=\"Cuero sint\u00e9tico Yudeng Textile para sof\u00e1s\" alt=\"Yudeng Textile pu cuero para sof\u00e1\" width=\"1200\" height=\"679\" srcset=\"\" sizes=\"(max-width: 1200px) 100vw, 1200px\" data-srcset=\"\" \/> <img decoding=\"async\" class=\"aligncenter wp-image-2949 size-full\" src=\"Descripci\u00f3n del producto: cuero Yudeng pu para sof\u00e1s\" alt=\"Descripci\u00f3n del producto de cuero sint\u00e9tico Yudeng para sof\u00e1\" width=\"1200\" height=\"1377\" srcset=\"\" sizes=\"(max-width: 1200px) 100vw, 1200px\" data-srcset=\"\" \/><\/p>\n<h4 data-start=\"938\" data-end=\"1003\"><span style=\"color: #ff6600;\"><strong data-start=\"941\" data-end=\"1003\">Servicios de personalizaci\u00f3n: dise\u00f1os personalizados completos<\/strong><\/span><\/h4>\n<p data-start=\"1005\" data-end=\"1139\">Yudeng comprende las necesidades \u00fanicas de cada marca y espacio, por lo que ofrecemos servicios de personalizaci\u00f3n integral para clientes de todo el mundo.<\/p>\n<ul data-start=\"1141\" data-end=\"1776\">\n<li data-start=\"1141\" data-end=\"1304\">\n<p data-start=\"1143\" data-end=\"1304\"><strong data-start=\"1143\" data-end=\"1166\">Personalizaci\u00f3n del color<\/strong>: Admite c\u00f3digos de color Pantone o coincidencia de colores f\u00edsicos, adecuado para hoteles, muebles para el hogar, automoci\u00f3n y aplicaciones comerciales.<\/p>\n<\/li>\n<li data-start=\"1305\" data-end=\"1472\">\n<p data-start=\"1307\" data-end=\"1472\"><strong data-start=\"1307\" data-end=\"1338\">Textura y efectos superficiales<\/strong>Desde el grano natural del cuero y el acabado mate hasta las superficies de alto brillo o semibrillantes, todo se puede personalizar seg\u00fan los requisitos del cliente.<\/p>\n<\/li>\n<li data-start=\"1473\" data-end=\"1631\">\n<p data-start=\"1475\" data-end=\"1631\"><strong data-start=\"1475\" data-end=\"1512\">Opciones de grosor y tejido base<\/strong>: Personalizable de 1,0 mm a 2,0 mm, con opciones que incluyen tejido de punto, tejido no tejido o tejido TC como soporte.<\/p>\n<\/li>\n<li data-start=\"1632\" data-end=\"1776\">\n<p data-start=\"1634\" data-end=\"1776\"><strong data-start=\"1634\" data-end=\"1662\">Personalizaci\u00f3n funcional<\/strong>: Recubrimientos opcionales ign\u00edfugos, impermeables, antibacterianos, resistentes al moho, resistentes al fr\u00edo y resistentes a los rayos UV.<\/p>\n<\/li>\n<\/ul>\n<p data-start=\"1778\" data-end=\"2185\">Cada proyecto de personalizaci\u00f3n cuenta con el respaldo de un equipo de muestreo experimentado y personal profesional de I+D, con una preparaci\u00f3n de muestras en solo 3-5 d\u00edas y plazos de producci\u00f3n a granel eficientes. Los clientes pueden proporcionar muestras de tejido o referencias de dise\u00f1o para garantizar una coincidencia precisa.<br data-start=\"2060\" data-end=\"2063\" \/>Ya sea para proyectos de sof\u00e1s de cuero de alta gama o colecciones de moda para el hogar, Yudeng puede hacer realidad sus conceptos de dise\u00f1o.<\/p>\n<p>&nbsp;<\/p>\n<h4><span style=\"color: #ff6600;\"><strong data-start=\"2195\" data-end=\"2268\">Certificaciones de productos: T\u00dcV, REACH, ROHS, OEKO-TEX\u00ae garantizan la calidad.<\/strong><\/span><\/h4>\n<p data-start=\"2270\" data-end=\"2426\">La calidad y la seguridad son fundamentales para la confianza en la marca en los mercados internacionales. La serie de cuero PU de Yudeng ha superado m\u00faltiples certificaciones internacionales, entre las que se incluyen:<\/p>\n<ul>\n<li data-start=\"2430\" data-end=\"2528\"><strong data-start=\"2430\" data-end=\"2451\">Certificaci\u00f3n T\u00dcV<\/strong>: Verifica la durabilidad, la seguridad y el rendimiento medioambiental del cuero.<\/li>\n<li data-start=\"2531\" data-end=\"2626\"><strong data-start=\"2531\" data-end=\"2554\">Certificaci\u00f3n REACH<\/strong>: Garantiza que el producto no contiene sustancias nocivas para la salud humana.<\/li>\n<li data-start=\"2629\" data-end=\"2748\"><strong data-start=\"2629\" data-end=\"2651\">Certificaci\u00f3n ROHS<\/strong>: Cumple con las normas de la UE, lo que demuestra que el cuero no contiene metales pesados ni sustancias t\u00f3xicas.<\/li>\n<li data-start=\"2751\" data-end=\"2892\"><strong data-start=\"2751\" data-end=\"2791\">Certificaci\u00f3n OEKO-TEX\u00ae Standard 100<\/strong>: Cada metro de cuero es seguro para el contacto humano y apto para aplicaciones dom\u00e9sticas y de confecci\u00f3n.<\/li>\n<\/ul>\n<p data-start=\"2894\" data-end=\"3187\">Estas certificaciones demuestran la profesionalidad de Yudeng como fabricante de cuero de poliuretano y proporcionan una gran credibilidad a las marcas de nuestros clientes. Mantenemos una estricta autorregulaci\u00f3n desde el abastecimiento de materias primas hasta la inspecci\u00f3n final, lo que garantiza que cada lote de cuero resista el escrutinio del mercado.<\/p>\n<p style=\"text-align: center;\"><img decoding=\"async\" class=\"alignnone wp-image-2744 size-full\" src=\"Certificado de producto Yudeng\" alt=\"Certificado de producto Yudeng\" width=\"1200\" height=\"644\" srcset=\"\" sizes=\"(max-width: 1200px) 100vw, 1200px\" data-srcset=\"\" \/><\/p>\n<h4><strong><span style=\"color: #ff6600;\">Aplicaci\u00f3n de producci\u00f3n<\/span><\/strong><\/h4>\n<p><span style=\"color: #000000;\">El cuero PU ecol\u00f3gico de Yudeng se usa ampliamente en una variedad de tipos de sof\u00e1s, ya sean sof\u00e1s para el hogar o muebles comerciales, y tiene un buen rendimiento:<\/span><\/p>\n<p><span style=\"color: #000000;\"><strong>Sof\u00e1 de casa:<\/strong> Adecuado para sof\u00e1s de tres personas, sillas individuales, sof\u00e1s de esquina en forma de L, sof\u00e1s cama, etc., resistente al desgaste, antiincrustante, suave al tacto, proporcionando un toque c\u00f3modo para la vida hogare\u00f1a.<\/span><\/p>\n<p><span style=\"color: #000000;\"><strong>Espacio comercial:<\/strong> Ampliamente utilizado en entornos p\u00fablicos como caf\u00e9s, \u00e1reas de oficinas, vest\u00edbulos de hoteles y cajas de restaurantes, teniendo en cuenta caracter\u00edsticas hermosas y f\u00e1ciles de limpiar para mejorar la calidad general del espacio.<\/span><\/p>\n<p><span style=\"color: #000000;\"><strong>Sof\u00e1 infantil:<\/strong> Certificaci\u00f3n no t\u00f3xica, adecuada para muebles infantiles, resistente a ara\u00f1azos y al desgaste, f\u00e1cil de limpiar, los padres est\u00e1n m\u00e1s tranquilos.<\/span><\/p>\n<p><span style=\"color: #000000;\"><strong>Muebles personalizados:<\/strong> Como sof\u00e1s inteligentes, sillones de masaje, sof\u00e1s el\u00e9ctricos ajustables, etc., tambi\u00e9n podemos desarrollar materiales de cuero correspondientes de acuerdo con los requisitos estructurales y funcionales para cumplir con los est\u00e1ndares de uso a nivel de ingenier\u00eda.<\/span><\/p>\n<p><span style=\"color: #000000;\">Nuestros productos consideran la est\u00e9tica, el tacto y la durabilidad. No son solo la capa exterior de la superficie del sof\u00e1, sino tambi\u00e9n la esencia de la textura en el dise\u00f1o de espacios.<\/span><\/p>\n<p style=\"text-align: center;\"><img loading=\"lazy\" decoding=\"async\" class=\"wp-image-2756 size-full aligncenter\" src=\"Cuero sint\u00e9tico para sof\u00e1s\" alt=\"Cuero sint\u00e9tico para aplicaci\u00f3n en sof\u00e1s\" width=\"1000\" height=\"536\" srcset=\"\" sizes=\"(max-width: 1000px) 100vw, 1000px\" data-srcset=\"\" \/><\/p>\n<h4><strong><span style=\"color: #ff6600;\">Ventaja de f\u00e1brica<\/span><\/strong><\/h4>\n<p data-start=\"3278\" data-end=\"3592\">Con a\u00f1os de experiencia en el sector, Yudeng es conocida por su innovaci\u00f3n t\u00e9cnica y la calidad estable de sus productos. Nuestra f\u00e1brica est\u00e1 equipada con m\u00faltiples l\u00edneas de producci\u00f3n automatizadas y equipos de prueba precisos, y produce m\u00e1s de 5 millones de metros de cuero PU al a\u00f1o, lo que nos permite satisfacer pedidos nacionales e internacionales a gran escala.<\/p>\n<ul data-start=\"3594\" data-end=\"4252\">\n<li data-start=\"3594\" data-end=\"3790\">\n<p data-start=\"3596\" data-end=\"3790\"><strong data-start=\"3596\" data-end=\"3618\">Equipo avanzado<\/strong>: Las m\u00e1quinas italianas de recubrimiento de alta precisi\u00f3n, los sistemas inteligentes de secado con control de temperatura y los equipos japoneses de estampado en relieve garantizan la uniformidad del producto y los detalles m\u00e1s finos.<\/p>\n<\/li>\n<li data-start=\"3791\" data-end=\"3937\">\n<p data-start=\"3793\" data-end=\"3937\"><strong data-start=\"3793\" data-end=\"3819\">Estricto control de calidad<\/strong>: Seguimiento de la calidad durante todo el proceso, desde la inspecci\u00f3n de las materias primas, la adhesi\u00f3n del recubrimiento y las pruebas de superficie hasta el embalaje final.<\/p>\n<\/li>\n<li data-start=\"3938\" data-end=\"4095\">\n<p data-start=\"3940\" data-end=\"4095\"><strong data-start=\"3940\" data-end=\"3965\">S\u00f3lida capacidad de I+D<\/strong>Laboratorio independiente y centro de I+D para ajustar el rendimiento y la apariencia del producto seg\u00fan los diferentes requisitos del mercado.<\/p>\n<\/li>\n<li data-start=\"4096\" data-end=\"4252\">\n<p data-start=\"4098\" data-end=\"4252\"><strong data-start=\"4098\" data-end=\"4137\">Amplia cooperaci\u00f3n internacional<\/strong>: Asociaciones OEM\/ODM a largo plazo con marcas de muebles de renombre en Europa, Oriente Medio y el Sudeste Asi\u00e1tico.<\/p>\n<\/li>\n<\/ul>\n<p data-start=\"4254\" data-end=\"4530\">Yudeng no solo es un proveedor mayorista de cuero PU, sino tambi\u00e9n un socio a largo plazo dedicado a ayudar a los clientes a mejorar el valor de su marca.<br data-start=\"4387\" data-end=\"4390\" \/>Creemos que el cuero PU de calidad es m\u00e1s que un simple material; es una combinaci\u00f3n de inspiraci\u00f3n en el dise\u00f1o, artesan\u00eda y comodidad para el usuario.<\/p>\n<p style=\"text-align: center;\"><img loading=\"lazy\" decoding=\"async\" class=\"aligncenter wp-image-2741 size-full\" src=\"https:\/\/fjyudeng.com\/wp-content\/uploads\/2025\/06\/Yudeng-Factory-and-Company.jpg\" alt=\"F\u00e1brica y empresa Yudeng\" width=\"1200\" height=\"878\" srcset=\"https:\/\/fjyudeng.com\/wp-content\/uploads\/2025\/06\/Yudeng-Factory-and-Company.jpg 1200w, https:\/\/fjyudeng.com\/wp-content\/uploads\/2025\/06\/Yudeng-Factory-and-Company-600x439.jpg 600w, https:\/\/fjyudeng.com\/wp-content\/uploads\/2025\/06\/Yudeng-Factory-and-Company-300x220.jpg 300w, https:\/\/fjyudeng.com\/wp-content\/uploads\/2025\/06\/Yudeng-Factory-and-Company-1024x749.jpg 1024w, https:\/\/fjyudeng.com\/wp-content\/uploads\/2025\/06\/Yudeng-Factory-and-Company-768x562.jpg 768w, https:\/\/fjyudeng.com\/wp-content\/uploads\/2025\/06\/Yudeng-Factory-and-Company-16x12.jpg 16w\" sizes=\"(max-width: 1200px) 100vw, 1200px\" \/><\/p>\n<p style=\"text-align: center;\"><img loading=\"lazy\" decoding=\"async\" class=\"aligncenter wp-image-2739 size-full\" src=\"https:\/\/fjyudeng.com\/wp-content\/uploads\/2025\/06\/Yudeng-Exhibition-and-Partner.jpg\" alt=\"\" width=\"1200\" height=\"1566\" \/><\/p>","protected":false},"excerpt":{"rendered":"<ul>\n<li>\n<h5><span style=\"color: #000000;\">Pedido m\u00ednimo: 300 metros<\/span><\/h5>\n<\/li>\n<li>\n<h5><span style=\"color: #000000;\">F\u00e1brica de cuero sint\u00e9tico de 37 a\u00f1os<\/span><\/h5>\n<\/li>\n<li>\n<h5><span style=\"color: #000000;\">\u00c1rea de f\u00e1brica de 50000m\u00b2<\/span><\/h5>\n<\/li>\n<li>\n<h5><span style=\"color: #000000;\">10 l\u00edneas de producci\u00f3n<\/span><\/h5>\n<\/li>\n<li class=\"elementor-heading-title elementor-size-default\">\n<h5><span style=\"color: #000000;\">M\u00e1s de 400 texturas disponibles<\/span><\/h5>\n<\/li>\n<li class=\"elementor-heading-title elementor-size-default\">\n<h5><span style=\"color: #000000;\">Certificado REACH\/ROHS\/OEKO-TEX\u00ae<\/span><\/h5>\n<\/li>\n<\/ul>","protected":false},"featured_media":3285,"template":"","meta":[],"product_brand":[],"product_cat":[28],"product_tag":[],"class_list":{"0":"post-3284","1":"product","2":"type-product","3":"status-publish","4":"has-post-thumbnail","6":"product_cat-sofa-leather","8":"first","9":"instock","10":"shipping-taxable","11":"product-type-simple"},"yoast_head":"<!-- This site is optimized with the Yoast SEO Premium plugin v22.8 (Yoast SEO v22.8) - https:\/\/yoast.com\/wordpress\/plugins\/seo\/ -->\n<title>37 Years Polyurethane Leather Manufacturer for Sofa<\/title>\n<meta name=\"description\" content=\"Yudeng offers 1.5mm eco leather, scratch-resistant, customizable wholesale PU leather for sofas. Trusted polyurethane leather manufacturer with 37 years experience.\" \/>\n<meta name=\"robots\" content=\"index, follow, max-snippet:-1, max-image-preview:large, max-video-preview:-1\" \/>\n<link rel=\"canonical\" href=\"https:\/\/fjyudeng.com\/es\/producto\/fabricante-de-cuero-de-poliuretano-para-sofa\/\" \/>\n<meta property=\"og:locale\" content=\"es_ES\" \/>\n<meta property=\"og:type\" content=\"article\" \/>\n<meta property=\"og:title\" content=\"Polyurethane Leather Manufacturer for Sofa\" \/>\n<meta property=\"og:description\" content=\"Yudeng offers 1.5mm eco leather, scratch-resistant, customizable wholesale PU leather for sofas. Trusted polyurethane leather manufacturer with 37 years experience.\" \/>\n<meta property=\"og:url\" content=\"https:\/\/fjyudeng.com\/es\/producto\/fabricante-de-cuero-de-poliuretano-para-sofa\/\" \/>\n<meta property=\"og:site_name\" content=\"fjyudeng.com\" \/>\n<meta property=\"article:modified_time\" content=\"2025-11-22T03:12:01+00:00\" \/>\n<meta property=\"og:image\" content=\"https:\/\/fjyudeng.com\/wp-content\/uploads\/2025\/10\/1.5mm-Eco-Leather-Scratch-Resistant-Wholesale-Pu-Leather-for-Sofa.jpg\" \/>\n\t<meta property=\"og:image:width\" content=\"800\" \/>\n\t<meta property=\"og:image:height\" content=\"800\" \/>\n\t<meta property=\"og:image:type\" content=\"image\/jpeg\" \/>\n<meta name=\"twitter:card\" content=\"summary_large_image\" \/>\n<meta name=\"twitter:label1\" content=\"Tiempo de lectura\" \/>\n\t<meta name=\"twitter:data1\" content=\"5 minutos\" \/>\n<script type=\"application\/ld+json\" class=\"yoast-schema-graph\">{\"@context\":\"https:\/\/schema.org\",\"@graph\":[{\"@type\":\"WebPage\",\"@id\":\"https:\/\/fjyudeng.com\/product\/polyurethane-leather-manufacturer-for-sofa\/\",\"url\":\"https:\/\/fjyudeng.com\/product\/polyurethane-leather-manufacturer-for-sofa\/\",\"name\":\"37 Years Polyurethane Leather Manufacturer for Sofa\",\"isPartOf\":{\"@id\":\"https:\/\/fjyudeng.com\/#website\"},\"primaryImageOfPage\":{\"@id\":\"https:\/\/fjyudeng.com\/product\/polyurethane-leather-manufacturer-for-sofa\/#primaryimage\"},\"image\":{\"@id\":\"https:\/\/fjyudeng.com\/product\/polyurethane-leather-manufacturer-for-sofa\/#primaryimage\"},\"thumbnailUrl\":\"https:\/\/fjyudeng.com\/wp-content\/uploads\/2025\/10\/1.5mm-Eco-Leather-Scratch-Resistant-Wholesale-Pu-Leather-for-Sofa.jpg\",\"datePublished\":\"2025-10-09T09:05:15+00:00\",\"dateModified\":\"2025-11-22T03:12:01+00:00\",\"description\":\"Yudeng offers 1.5mm eco leather, scratch-resistant, customizable wholesale PU leather for sofas. Trusted polyurethane leather manufacturer with 37 years experience.\",\"breadcrumb\":{\"@id\":\"https:\/\/fjyudeng.com\/product\/polyurethane-leather-manufacturer-for-sofa\/#breadcrumb\"},\"inLanguage\":\"es-AR\",\"potentialAction\":[{\"@type\":\"ReadAction\",\"target\":[\"https:\/\/fjyudeng.com\/product\/polyurethane-leather-manufacturer-for-sofa\/\"]}]},{\"@type\":\"ImageObject\",\"inLanguage\":\"es-AR\",\"@id\":\"https:\/\/fjyudeng.com\/product\/polyurethane-leather-manufacturer-for-sofa\/#primaryimage\",\"url\":\"https:\/\/fjyudeng.com\/wp-content\/uploads\/2025\/10\/1.5mm-Eco-Leather-Scratch-Resistant-Wholesale-Pu-Leather-for-Sofa.jpg\",\"contentUrl\":\"https:\/\/fjyudeng.com\/wp-content\/uploads\/2025\/10\/1.5mm-Eco-Leather-Scratch-Resistant-Wholesale-Pu-Leather-for-Sofa.jpg\",\"width\":800,\"height\":800,\"caption\":\"1.5mm Eco Leather Scratch Resistant Wholesale Pu Leather for Sofa\"},{\"@type\":\"BreadcrumbList\",\"@id\":\"https:\/\/fjyudeng.com\/product\/polyurethane-leather-manufacturer-for-sofa\/#breadcrumb\",\"itemListElement\":[{\"@type\":\"ListItem\",\"position\":1,\"name\":\"Home\",\"item\":\"https:\/\/fjyudeng.com\/\"},{\"@type\":\"ListItem\",\"position\":2,\"name\":\"Products\",\"item\":\"https:\/\/fjyudeng.com\/products\/\"},{\"@type\":\"ListItem\",\"position\":3,\"name\":\"Polyurethane Leather Manufacturer for Sofa\"}]},{\"@type\":\"WebSite\",\"@id\":\"https:\/\/fjyudeng.com\/#website\",\"url\":\"https:\/\/fjyudeng.com\/\",\"name\":\"fjyudeng.com\",\"description\":\"\",\"publisher\":{\"@id\":\"https:\/\/fjyudeng.com\/#\/schema\/person\/7e41764f047e7552c6ad5bdf5f6d78c7\"},\"potentialAction\":[{\"@type\":\"SearchAction\",\"target\":{\"@type\":\"EntryPoint\",\"urlTemplate\":\"https:\/\/fjyudeng.com\/?s={search_term_string}\"},\"query-input\":\"required name=search_term_string\"}],\"inLanguage\":\"es-AR\"},{\"@type\":[\"Person\",\"Organization\"],\"@id\":\"https:\/\/fjyudeng.com\/#\/schema\/person\/7e41764f047e7552c6ad5bdf5f6d78c7\",\"name\":\"yshine03@gmail.com\",\"image\":{\"@type\":\"ImageObject\",\"inLanguage\":\"es-AR\",\"@id\":\"https:\/\/fjyudeng.com\/#\/schema\/person\/image\/\",\"url\":\"https:\/\/fjyudeng.com\/wp-content\/uploads\/2025\/04\/yudeng-pu-leather-factory-manufacturer.png\",\"contentUrl\":\"https:\/\/fjyudeng.com\/wp-content\/uploads\/2025\/04\/yudeng-pu-leather-factory-manufacturer.png\",\"width\":588,\"height\":590,\"caption\":\"yshine03@gmail.com\"},\"logo\":{\"@id\":\"https:\/\/fjyudeng.com\/#\/schema\/person\/image\/\"},\"sameAs\":[\"https:\/\/fjyudeng.com\"]}]}<\/script>\n<!-- \/ Yoast SEO Premium plugin. -->","yoast_head_json":{"title":"37 Years Polyurethane Leather Manufacturer for Sofa","description":"Yudeng offers 1.5mm eco leather, scratch-resistant, customizable wholesale PU leather for sofas. Trusted polyurethane leather manufacturer with 37 years experience.","robots":{"index":"index","follow":"follow","max-snippet":"max-snippet:-1","max-image-preview":"max-image-preview:large","max-video-preview":"max-video-preview:-1"},"canonical":"https:\/\/fjyudeng.com\/es\/producto\/fabricante-de-cuero-de-poliuretano-para-sofa\/","og_locale":"es_ES","og_type":"article","og_title":"Polyurethane Leather Manufacturer for Sofa","og_description":"Yudeng offers 1.5mm eco leather, scratch-resistant, customizable wholesale PU leather for sofas. Trusted polyurethane leather manufacturer with 37 years experience.","og_url":"https:\/\/fjyudeng.com\/es\/producto\/fabricante-de-cuero-de-poliuretano-para-sofa\/","og_site_name":"fjyudeng.com","article_modified_time":"2025-11-22T03:12:01+00:00","og_image":[{"width":800,"height":800,"url":"https:\/\/fjyudeng.com\/wp-content\/uploads\/2025\/10\/1.5mm-Eco-Leather-Scratch-Resistant-Wholesale-Pu-Leather-for-Sofa.jpg","type":"image\/jpeg"}],"twitter_card":"summary_large_image","twitter_misc":{"Tiempo de lectura":"5 minutos"},"schema":{"@context":"https:\/\/schema.org","@graph":[{"@type":"WebPage","@id":"https:\/\/fjyudeng.com\/product\/polyurethane-leather-manufacturer-for-sofa\/","url":"https:\/\/fjyudeng.com\/product\/polyurethane-leather-manufacturer-for-sofa\/","name":"37 Years Polyurethane Leather Manufacturer for Sofa","isPartOf":{"@id":"https:\/\/fjyudeng.com\/#website"},"primaryImageOfPage":{"@id":"https:\/\/fjyudeng.com\/product\/polyurethane-leather-manufacturer-for-sofa\/#primaryimage"},"image":{"@id":"https:\/\/fjyudeng.com\/product\/polyurethane-leather-manufacturer-for-sofa\/#primaryimage"},"thumbnailUrl":"https:\/\/fjyudeng.com\/wp-content\/uploads\/2025\/10\/1.5mm-Eco-Leather-Scratch-Resistant-Wholesale-Pu-Leather-for-Sofa.jpg","datePublished":"2025-10-09T09:05:15+00:00","dateModified":"2025-11-22T03:12:01+00:00","description":"Yudeng offers 1.5mm eco leather, scratch-resistant, customizable wholesale PU leather for sofas. Trusted polyurethane leather manufacturer with 37 years experience.","breadcrumb":{"@id":"https:\/\/fjyudeng.com\/product\/polyurethane-leather-manufacturer-for-sofa\/#breadcrumb"},"inLanguage":"es-AR","potentialAction":[{"@type":"ReadAction","target":["https:\/\/fjyudeng.com\/product\/polyurethane-leather-manufacturer-for-sofa\/"]}]},{"@type":"ImageObject","inLanguage":"es-AR","@id":"https:\/\/fjyudeng.com\/product\/polyurethane-leather-manufacturer-for-sofa\/#primaryimage","url":"https:\/\/fjyudeng.com\/wp-content\/uploads\/2025\/10\/1.5mm-Eco-Leather-Scratch-Resistant-Wholesale-Pu-Leather-for-Sofa.jpg","contentUrl":"https:\/\/fjyudeng.com\/wp-content\/uploads\/2025\/10\/1.5mm-Eco-Leather-Scratch-Resistant-Wholesale-Pu-Leather-for-Sofa.jpg","width":800,"height":800,"caption":"1.5mm Eco Leather Scratch Resistant Wholesale Pu Leather for Sofa"},{"@type":"BreadcrumbList","@id":"https:\/\/fjyudeng.com\/product\/polyurethane-leather-manufacturer-for-sofa\/#breadcrumb","itemListElement":[{"@type":"ListItem","position":1,"name":"Home","item":"https:\/\/fjyudeng.com\/"},{"@type":"ListItem","position":2,"name":"Products","item":"https:\/\/fjyudeng.com\/products\/"},{"@type":"ListItem","position":3,"name":"Polyurethane Leather Manufacturer for Sofa"}]},{"@type":"WebSite","@id":"https:\/\/fjyudeng.com\/#website","url":"https:\/\/fjyudeng.com\/","name":"fjyudeng.com","description":"","publisher":{"@id":"https:\/\/fjyudeng.com\/#\/schema\/person\/7e41764f047e7552c6ad5bdf5f6d78c7"},"potentialAction":[{"@type":"SearchAction","target":{"@type":"EntryPoint","urlTemplate":"https:\/\/fjyudeng.com\/?s={search_term_string}"},"query-input":"required name=search_term_string"}],"inLanguage":"es-AR"},{"@type":["Person","Organization"],"@id":"https:\/\/fjyudeng.com\/#\/schema\/person\/7e41764f047e7552c6ad5bdf5f6d78c7","name":"yshine03@gmail.com","image":{"@type":"ImageObject","inLanguage":"es-AR","@id":"https:\/\/fjyudeng.com\/#\/schema\/person\/image\/","url":"https:\/\/fjyudeng.com\/wp-content\/uploads\/2025\/04\/yudeng-pu-leather-factory-manufacturer.png","contentUrl":"https:\/\/fjyudeng.com\/wp-content\/uploads\/2025\/04\/yudeng-pu-leather-factory-manufacturer.png","width":588,"height":590,"caption":"yshine03@gmail.com"},"logo":{"@id":"https:\/\/fjyudeng.com\/#\/schema\/person\/image\/"},"sameAs":["https:\/\/fjyudeng.com"]}]}},"_links":{"self":[{"href":"https:\/\/fjyudeng.com\/es\/wp-json\/wp\/v2\/product\/3284","targetHints":{"allow":["GET"]}}],"collection":[{"href":"https:\/\/fjyudeng.com\/es\/wp-json\/wp\/v2\/product"}],"about":[{"href":"https:\/\/fjyudeng.com\/es\/wp-json\/wp\/v2\/types\/product"}],"wp:featuredmedia":[{"embeddable":true,"href":"https:\/\/fjyudeng.com\/es\/wp-json\/wp\/v2\/media\/3285"}],"wp:attachment":[{"href":"https:\/\/fjyudeng.com\/es\/wp-json\/wp\/v2\/media?parent=3284"}],"wp:term":[{"taxonomy":"product_brand","embeddable":true,"href":"https:\/\/fjyudeng.com\/es\/wp-json\/wp\/v2\/product_brand?post=3284"},{"taxonomy":"product_cat","embeddable":true,"href":"https:\/\/fjyudeng.com\/es\/wp-json\/wp\/v2\/product_cat?post=3284"},{"taxonomy":"product_tag","embeddable":true,"href":"https:\/\/fjyudeng.com\/es\/wp-json\/wp\/v2\/product_tag?post=3284"}],"curies":[{"name":"wp","href":"https:\/\/api.w.org\/{rel}","templated":true}]}}