{"id":3288,"date":"2025-10-10T15:57:44","date_gmt":"2025-10-10T07:57:44","guid":{"rendered":"https:\/\/fjyudeng.com\/?post_type=product&#038;p=3288"},"modified":"2025-11-22T11:23:14","modified_gmt":"2025-11-22T03:23:14","slug":"cuero-sintetico-ecologico-al-por-mayor-para-sofa","status":"publish","type":"product","link":"https:\/\/fjyudeng.com\/es\/producto\/cuero-sintetico-ecologico-al-por-mayor-para-sofa\/","title":{"rendered":"Cuero sint\u00e9tico ecol\u00f3gico al por mayor para sof\u00e1"},"content":{"rendered":"<p data-start=\"155\" data-end=\"617\">El cuero ecol\u00f3gico de 1,5 mm tiene una textura delicada, es resistente a los ara\u00f1azos y respetuoso con el medio ambiente, lo que lo convierte en una opci\u00f3n muy popular entre los fabricantes de sof\u00e1s y las marcas de muebles. Yudeng cuenta con m\u00e1s de 20 a\u00f1os de experiencia como profesional. <span style=\"color: #000000;\"><a style=\"color: #000000;\" href=\"https:\/\/fjyudeng.com\/es\/producto\/fabricantes-de-sofas-ecologicos-de-cuero-artificial\/\"><strong data-start=\"372\" data-end=\"409\">fabricante de cuero de poliuretano<\/strong><\/a>, sp<\/span>Especializados en productos personalizables de alta calidad. <span style=\"color: #000000;\"><a style=\"color: #000000;\" href=\"https:\/\/fjyudeng.com\/es\/producto\/fabricantes-de-sofas-ecologicos-de-cuero-artificial\/\"><strong data-start=\"454\" data-end=\"478\">cuero PU al por mayor<\/strong><\/a>.<\/span> Ya sea para grandes proyectos de producci\u00f3n de muebles o para la personalizaci\u00f3n de lotes peque\u00f1os, Yudeng puede proporcionar un suministro de materiales estable y fiable.<\/p>\n<p data-start=\"619\" data-end=\"1093\">Yudeng ofrece muestras gratuitas o a bajo coste, lo que permite a los clientes experimentar de primera mano el tacto suave, la durabilidad y la textura natural del cuero. Mediante las pruebas con muestras, los equipos de dise\u00f1o pueden confirmar f\u00e1cilmente el color, el brillo y el tacto, lo que garantiza que el producto final se ajuste perfectamente al estilo de la marca. El cuero ecol\u00f3gico de 1,5 mm combina la est\u00e9tica con la practicidad, ya que ofrece un tacto agradable, una gran durabilidad y colores intensos, lo que lo hace ideal para sof\u00e1s de alta gama y decoraci\u00f3n del hogar.<\/p>\n<p data-start=\"1095\" data-end=\"1562\">Fabricado con una avanzada tecnolog\u00eda de recubrimiento de PU al agua, el cuero es at\u00f3xico y respetuoso con el medio ambiente, y cumple con las normas de certificaci\u00f3n internacionales. En el uso diario, resiste eficazmente los ara\u00f1azos y el desgaste, manteniendo un aspecto como nuevo incluso despu\u00e9s de un uso prolongado. Sus ricos colores y texturas naturales permiten a los dise\u00f1adores y marcas de muebles combinarlo f\u00e1cilmente con diversos estilos de hogar, satisfaciendo las demandas de los consumidores en cuanto a belleza, comodidad y respeto por el medio ambiente.<\/p>\n<p style=\"text-align: center;\"><img fetchpriority=\"high\" decoding=\"async\" class=\"wp-image-2950 size-full aligncenter\" src=\"Cuero sint\u00e9tico Yudeng Textile para sof\u00e1s\" alt=\"Yudeng Textile pu cuero para sof\u00e1\" width=\"1200\" height=\"679\" srcset=\"\" sizes=\"(max-width: 1200px) 100vw, 1200px\" data-srcset=\"\" \/> <img decoding=\"async\" class=\"aligncenter wp-image-2949 size-full\" src=\"Descripci\u00f3n del producto: cuero Yudeng pu para sof\u00e1s\" alt=\"Descripci\u00f3n del producto de cuero sint\u00e9tico Yudeng para sof\u00e1\" width=\"1200\" height=\"1377\" srcset=\"\" sizes=\"(max-width: 1200px) 100vw, 1200px\" data-srcset=\"\" \/><\/p>\n<h4 data-start=\"1569\" data-end=\"1596\"><span style=\"color: #ff6600;\"><strong>Servicios de personalizaci\u00f3n<\/strong><\/span><\/h4>\n<ul data-start=\"1598\" data-end=\"2276\">\n<li data-start=\"1598\" data-end=\"1766\">\n<p data-start=\"1600\" data-end=\"1766\"><strong data-start=\"1600\" data-end=\"1623\">Personalizaci\u00f3n del color<\/strong>Los clientes pueden proporcionar muestras de color, y Yudeng puede igualarlas con precisi\u00f3n para una producci\u00f3n por lotes consistente, lo que garantiza la uniformidad del color de la marca.<\/p>\n<\/li>\n<li data-start=\"1767\" data-end=\"1993\">\n<p data-start=\"1769\" data-end=\"1993\"><strong data-start=\"1769\" data-end=\"1808\">Personalizaci\u00f3n del grosor y la textura<\/strong>El espesor est\u00e1ndar es de 1,5 mm, pero se puede ajustar seg\u00fan los requisitos del proyecto. Tambi\u00e9n hay disponibles diversas texturas superficiales, como grano de guijarro y patrones de cocodrilo.<\/p>\n<\/li>\n<li data-start=\"1994\" data-end=\"2107\">\n<p data-start=\"1996\" data-end=\"2107\"><strong data-start=\"1996\" data-end=\"2025\">Personalizaci\u00f3n en lotes peque\u00f1os<\/strong>: Admite pedidos peque\u00f1os, adecuados para la producci\u00f3n de prueba o ventas de edici\u00f3n limitada.<\/p>\n<\/li>\n<li data-start=\"2108\" data-end=\"2276\">\n<p data-start=\"2110\" data-end=\"2276\"><strong data-start=\"2110\" data-end=\"2131\">Experiencia de muestra<\/strong>Las muestras gratuitas o de bajo costo permiten a los clientes verificar la calidad del producto y los efectos visuales antes de realizar pedidos al por mayor, lo que reduce los riesgos de adquisici\u00f3n.<\/p>\n<\/li>\n<\/ul>\n<p data-start=\"2278\" data-end=\"2448\">Estos servicios de personalizaci\u00f3n garantizan que los clientes reciban cuero ecol\u00f3gico de alta calidad que se adapta perfectamente al estilo de su marca, al tiempo que disfrutan de un proceso de adquisici\u00f3n flexible y c\u00f3modo.<\/p>\n<p>&nbsp;<\/p>\n<h4><span style=\"color: #ff6600;\"><strong data-start=\"2195\" data-end=\"2268\">Certificaciones de productos: T\u00dcV, REACH, ROHS, OEKO-TEX\u00ae garantizan la calidad.<\/strong><\/span><\/h4>\n<p data-start=\"2505\" data-end=\"2624\">El cuero ecol\u00f3gico de Yudeng ha superado m\u00faltiples certificaciones internacionales para garantizar la seguridad y fiabilidad medioambientales:<\/p>\n<ul data-start=\"2626\" data-end=\"3011\">\n<li data-start=\"2626\" data-end=\"2770\">\n<p data-start=\"2628\" data-end=\"2770\"><strong data-start=\"2628\" data-end=\"2649\">Certificaci\u00f3n TUV<\/strong>: Confirma que el proceso de producci\u00f3n cumple con las normas internacionales de gesti\u00f3n de calidad y garantiza un rendimiento estable.<\/p>\n<\/li>\n<li data-start=\"2771\" data-end=\"2893\">\n<p data-start=\"2773\" data-end=\"2893\"><strong data-start=\"2773\" data-end=\"2803\">Certificaci\u00f3n REACH y ROHS<\/strong>: Cumple con la normativa qu\u00edmica de la UE, no contiene sustancias nocivas y garantiza un uso seguro.<\/p>\n<\/li>\n<li data-start=\"2894\" data-end=\"3011\">\n<p data-start=\"2896\" data-end=\"3011\"><strong data-start=\"2896\" data-end=\"2923\">Certificaci\u00f3n OEKO-TEX\u00ae<\/strong>: Garantiza que el cuero no contiene sustancias nocivas, apto para hogares y ni\u00f1os.<\/p>\n<\/li>\n<\/ul>\n<p data-start=\"3013\" data-end=\"3140\">Estas certificaciones reflejan el estricto control de calidad de Yudeng y proporcionan a los clientes una mayor confianza en sus compras.<\/p>\n<p style=\"text-align: center;\"><img decoding=\"async\" class=\"alignnone wp-image-2744 size-full\" src=\"Certificado de producto Yudeng\" alt=\"Certificado de producto Yudeng\" width=\"1200\" height=\"644\" srcset=\"\" sizes=\"(max-width: 1200px) 100vw, 1200px\" data-srcset=\"\" \/><\/p>\n<h4><strong><span style=\"color: #ff6600;\">Aplicaci\u00f3n de producci\u00f3n<\/span><\/strong><\/h4>\n<p><span style=\"color: #000000;\">El cuero PU ecol\u00f3gico de Yudeng se usa ampliamente en una variedad de tipos de sof\u00e1s, ya sean sof\u00e1s para el hogar o muebles comerciales, y tiene un buen rendimiento:<\/span><\/p>\n<p><span style=\"color: #000000;\"><strong>Sof\u00e1 de casa:<\/strong> Adecuado para sof\u00e1s de tres personas, sillas individuales, sof\u00e1s de esquina en forma de L, sof\u00e1s cama, etc., resistente al desgaste, antiincrustante, suave al tacto, proporcionando un toque c\u00f3modo para la vida hogare\u00f1a.<\/span><\/p>\n<p><span style=\"color: #000000;\"><strong>Espacio comercial:<\/strong> Ampliamente utilizado en entornos p\u00fablicos como caf\u00e9s, \u00e1reas de oficinas, vest\u00edbulos de hoteles y cajas de restaurantes, teniendo en cuenta caracter\u00edsticas hermosas y f\u00e1ciles de limpiar para mejorar la calidad general del espacio.<\/span><\/p>\n<p><span style=\"color: #000000;\"><strong>Sof\u00e1 infantil:<\/strong> Certificaci\u00f3n no t\u00f3xica, adecuada para muebles infantiles, resistente a ara\u00f1azos y al desgaste, f\u00e1cil de limpiar, los padres est\u00e1n m\u00e1s tranquilos.<\/span><\/p>\n<p><span style=\"color: #000000;\"><strong>Muebles personalizados:<\/strong> Como sof\u00e1s inteligentes, sillones de masaje, sof\u00e1s el\u00e9ctricos ajustables, etc., tambi\u00e9n podemos desarrollar materiales de cuero correspondientes de acuerdo con los requisitos estructurales y funcionales para cumplir con los est\u00e1ndares de uso a nivel de ingenier\u00eda.<\/span><\/p>\n<p><span style=\"color: #000000;\">Nuestros productos consideran la est\u00e9tica, el tacto y la durabilidad. No son solo la capa exterior de la superficie del sof\u00e1, sino tambi\u00e9n la esencia de la textura en el dise\u00f1o de espacios.<\/span><\/p>\n<p style=\"text-align: center;\"><img loading=\"lazy\" decoding=\"async\" class=\"wp-image-2756 size-full aligncenter\" src=\"Cuero sint\u00e9tico para sof\u00e1s\" alt=\"Cuero sint\u00e9tico para aplicaci\u00f3n en sof\u00e1s\" width=\"1000\" height=\"536\" srcset=\"\" sizes=\"(max-width: 1000px) 100vw, 1000px\" data-srcset=\"\" \/><\/p>\n<h4><strong><span style=\"color: #ff6600;\">Ventaja de f\u00e1brica<\/span><\/strong><\/h4>\n<ul data-start=\"3172\" data-end=\"4152\">\n<li data-start=\"3172\" data-end=\"3397\">\n<p data-start=\"3174\" data-end=\"3397\"><strong data-start=\"3174\" data-end=\"3196\">Equipo avanzado<\/strong>: La f\u00e1brica est\u00e1 equipada con m\u00e1quinas de recubrimiento importadas, m\u00e1quinas de estampado y equipos de recubrimiento de alta precisi\u00f3n, con un estricto control en cada etapa para garantizar una calidad uniforme y estable del producto.<\/p>\n<\/li>\n<li data-start=\"3398\" data-end=\"3581\">\n<p data-start=\"3400\" data-end=\"3581\"><strong data-start=\"3400\" data-end=\"3418\">Capacidad de I+D<\/strong>Los ingenieros de materiales profesionales optimizan continuamente las f\u00f3rmulas y los procesos, desarrollando nuevos cueros ecol\u00f3gicos que son duraderos, resistentes a los ara\u00f1azos y f\u00e1ciles de limpiar.<\/p>\n<\/li>\n<li data-start=\"3582\" data-end=\"3782\">\n<p data-start=\"3584\" data-end=\"3782\"><strong data-start=\"3584\" data-end=\"3607\">Capacidad de producci\u00f3n<\/strong>Con una producci\u00f3n anual de m\u00e1s de 5 millones de metros cuadrados, Yudeng puede abastecer a grandes fabricantes de cuero de poliuretano y pedidos al por mayor de cuero PU.<\/p>\n<\/li>\n<li data-start=\"3783\" data-end=\"3972\">\n<p data-start=\"3785\" data-end=\"3972\"><strong data-start=\"3785\" data-end=\"3804\">Control de calidad<\/strong>: Cada lote, desde las materias primas hasta los productos terminados, se somete a estrictas inspecciones, que incluyen pruebas de espesor, resistencia al desgaste, solidez del color y textura de la superficie.<\/p>\n<\/li>\n<li data-start=\"3973\" data-end=\"4152\">\n<p data-start=\"3975\" data-end=\"4152\"><strong data-start=\"3975\" data-end=\"3995\">Atenci\u00f3n al cliente<\/strong>: Proporciona soluciones log\u00edsticas globales, responde r\u00e1pidamente a las necesidades de los clientes y ofrece orientaci\u00f3n t\u00e9cnica y servicio posventa para garantizar el \u00e9xito de los proyectos.<\/p>\n<\/li>\n<\/ul>\n<p data-start=\"4154\" data-end=\"4404\">Por estas razones, Yudeng es un socio de confianza para muchos fabricantes, dise\u00f1adores y distribuidores de muebles, ya que no solo ofrece productos de alta calidad, sino tambi\u00e9n una personalizaci\u00f3n flexible y un asesoramiento profesional, lo que ayuda a los clientes a destacar en el mercado.<\/p>\n<p style=\"text-align: center;\"><img loading=\"lazy\" decoding=\"async\" class=\"aligncenter wp-image-2741 size-full\" src=\"https:\/\/fjyudeng.com\/wp-content\/uploads\/2025\/06\/Yudeng-Factory-and-Company.jpg\" alt=\"F\u00e1brica y empresa Yudeng\" width=\"1200\" height=\"878\" srcset=\"https:\/\/fjyudeng.com\/wp-content\/uploads\/2025\/06\/Yudeng-Factory-and-Company.jpg 1200w, https:\/\/fjyudeng.com\/wp-content\/uploads\/2025\/06\/Yudeng-Factory-and-Company-600x439.jpg 600w, https:\/\/fjyudeng.com\/wp-content\/uploads\/2025\/06\/Yudeng-Factory-and-Company-300x220.jpg 300w, https:\/\/fjyudeng.com\/wp-content\/uploads\/2025\/06\/Yudeng-Factory-and-Company-1024x749.jpg 1024w, https:\/\/fjyudeng.com\/wp-content\/uploads\/2025\/06\/Yudeng-Factory-and-Company-768x562.jpg 768w, https:\/\/fjyudeng.com\/wp-content\/uploads\/2025\/06\/Yudeng-Factory-and-Company-16x12.jpg 16w\" sizes=\"(max-width: 1200px) 100vw, 1200px\" \/><\/p>\n<p style=\"text-align: center;\"><img loading=\"lazy\" decoding=\"async\" class=\"aligncenter wp-image-2739 size-full\" src=\"https:\/\/fjyudeng.com\/wp-content\/uploads\/2025\/06\/Yudeng-Exhibition-and-Partner.jpg\" alt=\"\" width=\"1200\" height=\"1566\" \/><\/p>","protected":false},"excerpt":{"rendered":"<ul>\n<li>\n<h5><span style=\"color: #000000;\">Pedido m\u00ednimo: 300 metros<\/span><\/h5>\n<\/li>\n<li>\n<h5><span style=\"color: #000000;\">F\u00e1brica de cuero sint\u00e9tico de 37 a\u00f1os<\/span><\/h5>\n<\/li>\n<li>\n<h5><span style=\"color: #000000;\">\u00c1rea de f\u00e1brica de 50000m\u00b2<\/span><\/h5>\n<\/li>\n<li>\n<h5><span style=\"color: #000000;\">10 l\u00edneas de producci\u00f3n<\/span><\/h5>\n<\/li>\n<li class=\"elementor-heading-title elementor-size-default\">\n<h5><span style=\"color: #000000;\">M\u00e1s de 400 texturas disponibles<\/span><\/h5>\n<\/li>\n<li class=\"elementor-heading-title elementor-size-default\">\n<h5><span style=\"color: #000000;\">Certificado REACH\/ROHS\/OEKO-TEX\u00ae<\/span><\/h5>\n<\/li>\n<\/ul>","protected":false},"featured_media":3289,"template":"","meta":[],"product_brand":[],"product_cat":[28],"product_tag":[],"class_list":{"0":"post-3288","1":"product","2":"type-product","3":"status-publish","4":"has-post-thumbnail","6":"product_cat-sofa-leather","8":"first","9":"instock","10":"shipping-taxable","11":"product-type-simple"},"yoast_head":"<!-- This site is optimized with the Yoast SEO Premium plugin v22.8 (Yoast SEO v22.8) - https:\/\/yoast.com\/wordpress\/plugins\/seo\/ -->\n<title>37 Years Eco Leather Wholesale Pu Leather for Sofa<\/title>\n<meta name=\"description\" content=\"As a PU leather manufacturer with 37 years of experience, Yudeng offers scratch-resistant 1.5mm eco leather for sofas and supports customized services.\" \/>\n<meta name=\"robots\" content=\"index, follow, max-snippet:-1, max-image-preview:large, max-video-preview:-1\" \/>\n<link rel=\"canonical\" href=\"https:\/\/fjyudeng.com\/es\/producto\/cuero-sintetico-ecologico-al-por-mayor-para-sofa\/\" \/>\n<meta property=\"og:locale\" content=\"es_ES\" \/>\n<meta property=\"og:type\" content=\"article\" \/>\n<meta property=\"og:title\" content=\"Eco Leather Wholesale Pu Leather for Sofa\" \/>\n<meta property=\"og:description\" content=\"As a PU leather manufacturer with 37 years of experience, Yudeng offers scratch-resistant 1.5mm eco leather for sofas and supports customized services.\" \/>\n<meta property=\"og:url\" content=\"https:\/\/fjyudeng.com\/es\/producto\/cuero-sintetico-ecologico-al-por-mayor-para-sofa\/\" \/>\n<meta property=\"og:site_name\" content=\"fjyudeng.com\" \/>\n<meta property=\"article:modified_time\" content=\"2025-11-22T03:23:14+00:00\" \/>\n<meta property=\"og:image\" content=\"https:\/\/fjyudeng.com\/wp-content\/uploads\/2025\/10\/1.0mm-Eco-Leather-Wholesale-Pu-Leather-for-Sofa.jpg\" \/>\n\t<meta property=\"og:image:width\" content=\"1000\" \/>\n\t<meta property=\"og:image:height\" content=\"1000\" \/>\n\t<meta property=\"og:image:type\" content=\"image\/jpeg\" \/>\n<meta name=\"twitter:card\" content=\"summary_large_image\" \/>\n<meta name=\"twitter:label1\" content=\"Tiempo de lectura\" \/>\n\t<meta name=\"twitter:data1\" content=\"5 minutos\" \/>\n<script type=\"application\/ld+json\" class=\"yoast-schema-graph\">{\"@context\":\"https:\/\/schema.org\",\"@graph\":[{\"@type\":\"WebPage\",\"@id\":\"https:\/\/fjyudeng.com\/product\/eco-leather-wholesale-pu-leather-for-sofa\/\",\"url\":\"https:\/\/fjyudeng.com\/product\/eco-leather-wholesale-pu-leather-for-sofa\/\",\"name\":\"37 Years Eco Leather Wholesale Pu Leather for Sofa\",\"isPartOf\":{\"@id\":\"https:\/\/fjyudeng.com\/#website\"},\"primaryImageOfPage\":{\"@id\":\"https:\/\/fjyudeng.com\/product\/eco-leather-wholesale-pu-leather-for-sofa\/#primaryimage\"},\"image\":{\"@id\":\"https:\/\/fjyudeng.com\/product\/eco-leather-wholesale-pu-leather-for-sofa\/#primaryimage\"},\"thumbnailUrl\":\"https:\/\/fjyudeng.com\/wp-content\/uploads\/2025\/10\/1.0mm-Eco-Leather-Wholesale-Pu-Leather-for-Sofa.jpg\",\"datePublished\":\"2025-10-10T07:57:44+00:00\",\"dateModified\":\"2025-11-22T03:23:14+00:00\",\"description\":\"As a PU leather manufacturer with 37 years of experience, Yudeng offers scratch-resistant 1.5mm eco leather for sofas and supports customized services.\",\"breadcrumb\":{\"@id\":\"https:\/\/fjyudeng.com\/product\/eco-leather-wholesale-pu-leather-for-sofa\/#breadcrumb\"},\"inLanguage\":\"es-AR\",\"potentialAction\":[{\"@type\":\"ReadAction\",\"target\":[\"https:\/\/fjyudeng.com\/product\/eco-leather-wholesale-pu-leather-for-sofa\/\"]}]},{\"@type\":\"ImageObject\",\"inLanguage\":\"es-AR\",\"@id\":\"https:\/\/fjyudeng.com\/product\/eco-leather-wholesale-pu-leather-for-sofa\/#primaryimage\",\"url\":\"https:\/\/fjyudeng.com\/wp-content\/uploads\/2025\/10\/1.0mm-Eco-Leather-Wholesale-Pu-Leather-for-Sofa.jpg\",\"contentUrl\":\"https:\/\/fjyudeng.com\/wp-content\/uploads\/2025\/10\/1.0mm-Eco-Leather-Wholesale-Pu-Leather-for-Sofa.jpg\",\"width\":1000,\"height\":1000,\"caption\":\"1.0mm Eco Leather Wholesale Pu Leather for Sofa\"},{\"@type\":\"BreadcrumbList\",\"@id\":\"https:\/\/fjyudeng.com\/product\/eco-leather-wholesale-pu-leather-for-sofa\/#breadcrumb\",\"itemListElement\":[{\"@type\":\"ListItem\",\"position\":1,\"name\":\"Home\",\"item\":\"https:\/\/fjyudeng.com\/\"},{\"@type\":\"ListItem\",\"position\":2,\"name\":\"Products\",\"item\":\"https:\/\/fjyudeng.com\/products\/\"},{\"@type\":\"ListItem\",\"position\":3,\"name\":\"Eco Leather Wholesale Pu Leather for Sofa\"}]},{\"@type\":\"WebSite\",\"@id\":\"https:\/\/fjyudeng.com\/#website\",\"url\":\"https:\/\/fjyudeng.com\/\",\"name\":\"fjyudeng.com\",\"description\":\"\",\"publisher\":{\"@id\":\"https:\/\/fjyudeng.com\/#\/schema\/person\/7e41764f047e7552c6ad5bdf5f6d78c7\"},\"potentialAction\":[{\"@type\":\"SearchAction\",\"target\":{\"@type\":\"EntryPoint\",\"urlTemplate\":\"https:\/\/fjyudeng.com\/?s={search_term_string}\"},\"query-input\":\"required name=search_term_string\"}],\"inLanguage\":\"es-AR\"},{\"@type\":[\"Person\",\"Organization\"],\"@id\":\"https:\/\/fjyudeng.com\/#\/schema\/person\/7e41764f047e7552c6ad5bdf5f6d78c7\",\"name\":\"yshine03@gmail.com\",\"image\":{\"@type\":\"ImageObject\",\"inLanguage\":\"es-AR\",\"@id\":\"https:\/\/fjyudeng.com\/#\/schema\/person\/image\/\",\"url\":\"https:\/\/fjyudeng.com\/wp-content\/uploads\/2025\/04\/yudeng-pu-leather-factory-manufacturer.png\",\"contentUrl\":\"https:\/\/fjyudeng.com\/wp-content\/uploads\/2025\/04\/yudeng-pu-leather-factory-manufacturer.png\",\"width\":588,\"height\":590,\"caption\":\"yshine03@gmail.com\"},\"logo\":{\"@id\":\"https:\/\/fjyudeng.com\/#\/schema\/person\/image\/\"},\"sameAs\":[\"https:\/\/fjyudeng.com\"]}]}<\/script>\n<!-- \/ Yoast SEO Premium plugin. -->","yoast_head_json":{"title":"37 Years Eco Leather Wholesale Pu Leather for Sofa","description":"As a PU leather manufacturer with 37 years of experience, Yudeng offers scratch-resistant 1.5mm eco leather for sofas and supports customized services.","robots":{"index":"index","follow":"follow","max-snippet":"max-snippet:-1","max-image-preview":"max-image-preview:large","max-video-preview":"max-video-preview:-1"},"canonical":"https:\/\/fjyudeng.com\/es\/producto\/cuero-sintetico-ecologico-al-por-mayor-para-sofa\/","og_locale":"es_ES","og_type":"article","og_title":"Eco Leather Wholesale Pu Leather for Sofa","og_description":"As a PU leather manufacturer with 37 years of experience, Yudeng offers scratch-resistant 1.5mm eco leather for sofas and supports customized services.","og_url":"https:\/\/fjyudeng.com\/es\/producto\/cuero-sintetico-ecologico-al-por-mayor-para-sofa\/","og_site_name":"fjyudeng.com","article_modified_time":"2025-11-22T03:23:14+00:00","og_image":[{"width":1000,"height":1000,"url":"https:\/\/fjyudeng.com\/wp-content\/uploads\/2025\/10\/1.0mm-Eco-Leather-Wholesale-Pu-Leather-for-Sofa.jpg","type":"image\/jpeg"}],"twitter_card":"summary_large_image","twitter_misc":{"Tiempo de lectura":"5 minutos"},"schema":{"@context":"https:\/\/schema.org","@graph":[{"@type":"WebPage","@id":"https:\/\/fjyudeng.com\/product\/eco-leather-wholesale-pu-leather-for-sofa\/","url":"https:\/\/fjyudeng.com\/product\/eco-leather-wholesale-pu-leather-for-sofa\/","name":"37 Years Eco Leather Wholesale Pu Leather for Sofa","isPartOf":{"@id":"https:\/\/fjyudeng.com\/#website"},"primaryImageOfPage":{"@id":"https:\/\/fjyudeng.com\/product\/eco-leather-wholesale-pu-leather-for-sofa\/#primaryimage"},"image":{"@id":"https:\/\/fjyudeng.com\/product\/eco-leather-wholesale-pu-leather-for-sofa\/#primaryimage"},"thumbnailUrl":"https:\/\/fjyudeng.com\/wp-content\/uploads\/2025\/10\/1.0mm-Eco-Leather-Wholesale-Pu-Leather-for-Sofa.jpg","datePublished":"2025-10-10T07:57:44+00:00","dateModified":"2025-11-22T03:23:14+00:00","description":"As a PU leather manufacturer with 37 years of experience, Yudeng offers scratch-resistant 1.5mm eco leather for sofas and supports customized services.","breadcrumb":{"@id":"https:\/\/fjyudeng.com\/product\/eco-leather-wholesale-pu-leather-for-sofa\/#breadcrumb"},"inLanguage":"es-AR","potentialAction":[{"@type":"ReadAction","target":["https:\/\/fjyudeng.com\/product\/eco-leather-wholesale-pu-leather-for-sofa\/"]}]},{"@type":"ImageObject","inLanguage":"es-AR","@id":"https:\/\/fjyudeng.com\/product\/eco-leather-wholesale-pu-leather-for-sofa\/#primaryimage","url":"https:\/\/fjyudeng.com\/wp-content\/uploads\/2025\/10\/1.0mm-Eco-Leather-Wholesale-Pu-Leather-for-Sofa.jpg","contentUrl":"https:\/\/fjyudeng.com\/wp-content\/uploads\/2025\/10\/1.0mm-Eco-Leather-Wholesale-Pu-Leather-for-Sofa.jpg","width":1000,"height":1000,"caption":"1.0mm Eco Leather Wholesale Pu Leather for Sofa"},{"@type":"BreadcrumbList","@id":"https:\/\/fjyudeng.com\/product\/eco-leather-wholesale-pu-leather-for-sofa\/#breadcrumb","itemListElement":[{"@type":"ListItem","position":1,"name":"Home","item":"https:\/\/fjyudeng.com\/"},{"@type":"ListItem","position":2,"name":"Products","item":"https:\/\/fjyudeng.com\/products\/"},{"@type":"ListItem","position":3,"name":"Eco Leather Wholesale Pu Leather for Sofa"}]},{"@type":"WebSite","@id":"https:\/\/fjyudeng.com\/#website","url":"https:\/\/fjyudeng.com\/","name":"fjyudeng.com","description":"","publisher":{"@id":"https:\/\/fjyudeng.com\/#\/schema\/person\/7e41764f047e7552c6ad5bdf5f6d78c7"},"potentialAction":[{"@type":"SearchAction","target":{"@type":"EntryPoint","urlTemplate":"https:\/\/fjyudeng.com\/?s={search_term_string}"},"query-input":"required name=search_term_string"}],"inLanguage":"es-AR"},{"@type":["Person","Organization"],"@id":"https:\/\/fjyudeng.com\/#\/schema\/person\/7e41764f047e7552c6ad5bdf5f6d78c7","name":"yshine03@gmail.com","image":{"@type":"ImageObject","inLanguage":"es-AR","@id":"https:\/\/fjyudeng.com\/#\/schema\/person\/image\/","url":"https:\/\/fjyudeng.com\/wp-content\/uploads\/2025\/04\/yudeng-pu-leather-factory-manufacturer.png","contentUrl":"https:\/\/fjyudeng.com\/wp-content\/uploads\/2025\/04\/yudeng-pu-leather-factory-manufacturer.png","width":588,"height":590,"caption":"yshine03@gmail.com"},"logo":{"@id":"https:\/\/fjyudeng.com\/#\/schema\/person\/image\/"},"sameAs":["https:\/\/fjyudeng.com"]}]}},"_links":{"self":[{"href":"https:\/\/fjyudeng.com\/es\/wp-json\/wp\/v2\/product\/3288","targetHints":{"allow":["GET"]}}],"collection":[{"href":"https:\/\/fjyudeng.com\/es\/wp-json\/wp\/v2\/product"}],"about":[{"href":"https:\/\/fjyudeng.com\/es\/wp-json\/wp\/v2\/types\/product"}],"wp:featuredmedia":[{"embeddable":true,"href":"https:\/\/fjyudeng.com\/es\/wp-json\/wp\/v2\/media\/3289"}],"wp:attachment":[{"href":"https:\/\/fjyudeng.com\/es\/wp-json\/wp\/v2\/media?parent=3288"}],"wp:term":[{"taxonomy":"product_brand","embeddable":true,"href":"https:\/\/fjyudeng.com\/es\/wp-json\/wp\/v2\/product_brand?post=3288"},{"taxonomy":"product_cat","embeddable":true,"href":"https:\/\/fjyudeng.com\/es\/wp-json\/wp\/v2\/product_cat?post=3288"},{"taxonomy":"product_tag","embeddable":true,"href":"https:\/\/fjyudeng.com\/es\/wp-json\/wp\/v2\/product_tag?post=3288"}],"curies":[{"name":"wp","href":"https:\/\/api.w.org\/{rel}","templated":true}]}}