{"id":3354,"date":"2025-10-24T10:44:12","date_gmt":"2025-10-24T02:44:12","guid":{"rendered":"https:\/\/fjyudeng.com\/?post_type=product&#038;p=3354"},"modified":"2025-10-24T10:48:01","modified_gmt":"2025-10-24T02:48:01","slug":"fabrica-de-embalaje-de-cajas-de-joyeria-de-cuero-sintetico","status":"publish","type":"product","link":"https:\/\/fjyudeng.com\/es\/producto\/fabrica-de-embalaje-de-cajas-de-joyeria-de-cuero-sintetico\/","title":{"rendered":"F\u00e1brica de embalajes para joyeros de cuero PU"},"content":{"rendered":"<p data-start=\"144\" data-end=\"753\">Yudeng se centra en la investigaci\u00f3n y producci\u00f3n de cuero sint\u00e9tico de alta calidad, especialmente para cajas de cosm\u00e9ticos y embalajes para joyas. Nuestro cuero sint\u00e9tico para embalajes de joyas est\u00e1 fabricado con materiales duraderos y suaves al tacto, con un brillo uniforme y excelente resistencia al agua y a los ara\u00f1azos. Cada pieza de cuero se selecciona y procesa cuidadosamente para adaptarse perfectamente a diversos dise\u00f1os de cajas de joyer\u00eda, presentando una textura lujosa. Ya sea para cajas de regalo, cajas coleccionables o embalajes personalizados de alta gama, el cuero sint\u00e9tico de Yudeng realza la calidad del producto y realza la imagen de marca.<\/p>\n<p style=\"text-align: center;\">\u00a0<img fetchpriority=\"high\" decoding=\"async\" class=\"wp-image-3000 size-full aligncenter\" src=\"https:\/\/fjyudeng.com\/wp-content\/uploads\/2025\/07\/Yudeng-Textile-pu-leather-for-jewelry-box.jpg\" alt=\"Cuero sint\u00e9tico textil Yudeng para joyero\" width=\"1200\" height=\"679\" srcset=\"https:\/\/fjyudeng.com\/wp-content\/uploads\/2025\/07\/Yudeng-Textile-pu-leather-for-jewelry-box.jpg 1200w, https:\/\/fjyudeng.com\/wp-content\/uploads\/2025\/07\/Yudeng-Textile-pu-leather-for-jewelry-box-300x170.jpg 300w, https:\/\/fjyudeng.com\/wp-content\/uploads\/2025\/07\/Yudeng-Textile-pu-leather-for-jewelry-box-1024x579.jpg 1024w, https:\/\/fjyudeng.com\/wp-content\/uploads\/2025\/07\/Yudeng-Textile-pu-leather-for-jewelry-box-768x435.jpg 768w, https:\/\/fjyudeng.com\/wp-content\/uploads\/2025\/07\/Yudeng-Textile-pu-leather-for-jewelry-box-18x10.jpg 18w, https:\/\/fjyudeng.com\/wp-content\/uploads\/2025\/07\/Yudeng-Textile-pu-leather-for-jewelry-box-600x340.jpg 600w\" sizes=\"(max-width: 1200px) 100vw, 1200px\" \/><img decoding=\"async\" class=\"wp-image-2999 size-full aligncenter\" src=\"https:\/\/fjyudeng.com\/wp-content\/uploads\/2025\/07\/Yudeng-pu-leather-for-jewelry-box-Product-description.jpg\" alt=\"Descripci\u00f3n de la caja de joyer\u00eda de cuero sint\u00e9tico de Yudeng Textile\" width=\"1200\" height=\"1377\" srcset=\"https:\/\/fjyudeng.com\/wp-content\/uploads\/2025\/07\/Yudeng-pu-leather-for-jewelry-box-Product-description.jpg 1200w, https:\/\/fjyudeng.com\/wp-content\/uploads\/2025\/07\/Yudeng-pu-leather-for-jewelry-box-Product-description-261x300.jpg 261w, https:\/\/fjyudeng.com\/wp-content\/uploads\/2025\/07\/Yudeng-pu-leather-for-jewelry-box-Product-description-892x1024.jpg 892w, https:\/\/fjyudeng.com\/wp-content\/uploads\/2025\/07\/Yudeng-pu-leather-for-jewelry-box-Product-description-768x881.jpg 768w, https:\/\/fjyudeng.com\/wp-content\/uploads\/2025\/07\/Yudeng-pu-leather-for-jewelry-box-Product-description-10x12.jpg 10w, https:\/\/fjyudeng.com\/wp-content\/uploads\/2025\/07\/Yudeng-pu-leather-for-jewelry-box-Product-description-600x689.jpg 600w\" sizes=\"(max-width: 1200px) 100vw, 1200px\" \/><\/p>\n<h4><span style=\"color: #ff6600;\">Servicio personalizado<\/span><\/h4>\n<ul>\n<li data-start=\"740\" data-end=\"909\">\n<p data-start=\"742\" data-end=\"909\"><strong data-start=\"742\" data-end=\"778\">Colores y texturas personalizadas<\/strong>Yudeng puede personalizar los colores, las texturas y el grosor del cuero seg\u00fan los requisitos del cliente, creando embalajes verdaderamente \u00fanicos.<\/p>\n<\/li>\n<li data-start=\"910\" data-end=\"1057\">\n<p data-start=\"912\" data-end=\"1057\"><strong data-start=\"912\" data-end=\"943\">Variedad de acabados superficiales<\/strong>:Admite relieve, estampado en caliente, impresi\u00f3n y otros tratamientos de superficie para mejorar el atractivo visual y t\u00e1ctil.<\/p>\n<\/li>\n<li data-start=\"1058\" data-end=\"1202\">\n<p data-start=\"1060\" data-end=\"1202\"><strong data-start=\"1060\" data-end=\"1109\">Producci\u00f3n flexible para pedidos peque\u00f1os o grandes<\/strong>Nuestro sistema de producci\u00f3n responde r\u00e1pidamente tanto a prototipos de muestra como a pedidos a gran escala.<\/p>\n<\/li>\n<li data-start=\"1203\" data-end=\"1359\">\n<p data-start=\"1205\" data-end=\"1359\"><strong data-start=\"1205\" data-end=\"1236\">Soporte personalizado de servicio completo<\/strong>Desde la selecci\u00f3n del material y el dise\u00f1o de la muestra hasta la producci\u00f3n final, brindamos servicios integrales para satisfacer todas las necesidades del cliente.<\/p>\n<\/li>\n<li data-start=\"1360\" data-end=\"1504\">\n<p data-start=\"1362\" data-end=\"1504\"><strong data-start=\"1362\" data-end=\"1388\">Evaluaci\u00f3n de muestra gratuita<\/strong>:Los clientes pueden experimentar el tacto, el brillo y la textura del cuero antes de realizar un pedido, lo que reduce los riesgos de compra.<\/p>\n<\/li>\n<\/ul>\n<p>&nbsp;<\/p>\n<h4><span style=\"color: #ff6600;\">Certificaciones de producto: TUV, REACH, ROHS, OEKO-TEX\u00ae<\/span><\/h4>\n<ul>\n<li data-start=\"1563\" data-end=\"1666\">\n<p data-start=\"1565\" data-end=\"1666\"><strong data-start=\"1565\" data-end=\"1586\">Certificaci\u00f3n TUV<\/strong>:Garantiza durabilidad y confiabilidad, cumpliendo est\u00e1ndares internacionales de calidad.<\/p>\n<\/li>\n<li data-start=\"1667\" data-end=\"1787\">\n<p data-start=\"1669\" data-end=\"1787\"><strong data-start=\"1669\" data-end=\"1700\">Certificaciones REACH y ROHS<\/strong>:Ambientalmente seguro y libre de sustancias nocivas, adecuado para los mercados globales.<\/p>\n<\/li>\n<li data-start=\"1788\" data-end=\"1900\">\n<p data-start=\"1790\" data-end=\"1900\"><strong data-start=\"1790\" data-end=\"1817\">Certificaci\u00f3n OEKO-TEX\u00ae<\/strong>:Garantiza la seguridad del material y el cumplimiento de las normas textiles y de embalaje.<\/p>\n<\/li>\n<li data-start=\"1901\" data-end=\"2051\">\n<p data-start=\"1903\" data-end=\"2051\"><strong data-start=\"1903\" data-end=\"1932\">Gesti\u00f3n estricta de la calidad<\/strong>M\u00faltiples certificaciones internacionales demuestran la profesionalidad de Yudeng y su compromiso con el desarrollo sostenible.<\/p>\n<\/li>\n<\/ul>\n<p style=\"text-align: center;\"><img decoding=\"async\" class=\"aligncenter wp-image-2744 size-full\" src=\"Certificado de producto Yudeng\" alt=\"Certificado de producto Yudeng\" width=\"1200\" height=\"644\" srcset=\"\" sizes=\"(max-width: 1200px) 100vw, 1200px\" data-srcset=\"\" \/><\/p>\n<h4><strong><span style=\"color: #ff6600;\">Aplicaci\u00f3n de producci\u00f3n<\/span><\/strong><\/h4>\n<p><span style=\"color: #000000;\">El uso del cuero sint\u00e9tico de PU en el embalaje de joyer\u00eda va mucho m\u00e1s all\u00e1 de la simple decoraci\u00f3n de superficies. No solo mejora la textura general del embalaje, sino que tambi\u00e9n mejora la experiencia de desempaquetado del consumidor.<\/span><\/p>\n<ul>\n<li><span style=\"color: #000000;\"><strong>Concha de joyero:<\/strong> Textura delicada, color saturado, tacto suave y sensaci\u00f3n de alta gama;<\/span><\/li>\n<li><span style=\"color: #000000;\"><strong>Estructura de soporte del revestimiento:<\/strong> Combine esponja, EVA y otros materiales para mejorar la protecci\u00f3n del producto;<\/span><\/li>\n<li><span style=\"color: #000000;\"><strong>Asa y hebilla de cintur\u00f3n de caja de embalaje port\u00e1til:<\/strong> Flexible y duradero, no se rompe al doblarse y tiene una mayor durabilidad;<\/span><\/li>\n<li><span style=\"color: #000000;\"><strong>\u00c1rea de estampado en caliente\/relieve de LOGOTIPO personalizado:<\/strong> La superficie del cuero es adecuada para diversos procesos de marca para mejorar el reconocimiento visual.<\/span><\/li>\n<\/ul>\n<p><span style=\"color: #000000;\">Con la estabilidad y las excelentes propiedades f\u00edsicas del cuero PU, a\u00fan puede mantener un excelente rendimiento de apariencia en diferentes climas y condiciones de uso, y es un material ideal para empaque de regalo para mantener la belleza durante mucho tiempo.<\/span><\/p>\n<p style=\"text-align: center;\"><img loading=\"lazy\" decoding=\"async\" class=\"alignnone wp-image-2998 size-full\" src=\"https:\/\/fjyudeng.com\/wp-content\/uploads\/2025\/07\/pu-leather-application-for-jewelry-box.jpg\" alt=\"Aplicaci\u00f3n de cuero sint\u00e9tico para joyero\" width=\"1200\" height=\"688\" srcset=\"https:\/\/fjyudeng.com\/wp-content\/uploads\/2025\/07\/pu-leather-application-for-jewelry-box.jpg 1200w, https:\/\/fjyudeng.com\/wp-content\/uploads\/2025\/07\/pu-leather-application-for-jewelry-box-300x172.jpg 300w, https:\/\/fjyudeng.com\/wp-content\/uploads\/2025\/07\/pu-leather-application-for-jewelry-box-1024x587.jpg 1024w, https:\/\/fjyudeng.com\/wp-content\/uploads\/2025\/07\/pu-leather-application-for-jewelry-box-768x440.jpg 768w, https:\/\/fjyudeng.com\/wp-content\/uploads\/2025\/07\/pu-leather-application-for-jewelry-box-18x10.jpg 18w, https:\/\/fjyudeng.com\/wp-content\/uploads\/2025\/07\/pu-leather-application-for-jewelry-box-600x344.jpg 600w\" sizes=\"(max-width: 1200px) 100vw, 1200px\" \/><\/p>\n<h4><strong><span style=\"color: #ff6600;\">Ventaja de f\u00e1brica<\/span><\/strong><\/h4>\n<ul>\n<li data-start=\"2077\" data-end=\"2242\">\n<p data-start=\"2079\" data-end=\"2242\"><strong data-start=\"2079\" data-end=\"2112\">Equipos de producci\u00f3n avanzados<\/strong>:La f\u00e1brica cubre m\u00e1s de 30.000 metros cuadrados y est\u00e1 equipada con m\u00faltiples l\u00edneas de producci\u00f3n automatizadas, lo que garantiza un suministro estable.<\/p>\n<\/li>\n<li data-start=\"2243\" data-end=\"2430\">\n<p data-start=\"2245\" data-end=\"2430\"><strong data-start=\"2245\" data-end=\"2271\">Estricto control de calidad<\/strong>:Cada pieza de cuero PU se prueba en cuanto a abrasi\u00f3n, plegado, resistencia al agua y solidez del color desde la materia prima hasta el producto terminado para garantizar una calidad estable.<\/p>\n<\/li>\n<li data-start=\"2431\" data-end=\"2615\">\n<p data-start=\"2433\" data-end=\"2615\"><strong data-start=\"2433\" data-end=\"2468\">Equipo de artesanos profesionales<\/strong>Experto en procesamiento de sustratos, recubrimiento, estampado, te\u00f1ido y decoraci\u00f3n de superficies, garantizando que el tacto, el brillo y la durabilidad cumplan con altos est\u00e1ndares.<\/p>\n<\/li>\n<li data-start=\"2616\" data-end=\"2788\">\n<p data-start=\"2618\" data-end=\"2788\"><strong data-start=\"2618\" data-end=\"2651\">Capacidad de I+D e innovaci\u00f3n<\/strong>El laboratorio interno y el centro de pruebas de materiales permiten el desarrollo de nuevas texturas y cuero PU funcional para seguir siendo l\u00edderes en la industria.<\/p>\n<\/li>\n<li data-start=\"2789\" data-end=\"2994\">\n<p data-start=\"2791\" data-end=\"2994\"><strong data-start=\"2791\" data-end=\"2845\">Amplia Experiencia y Cooperaci\u00f3n Internacional<\/strong>Yudeng, que lleva a\u00f1os sirviendo a marcas de joyer\u00eda y empresas de regalos de todo el mundo, es una empresa confiable. <span style=\"color: #000000;\"><a style=\"color: #000000;\" href=\"https:\/\/fjyudeng.com\/es\/producto\/fabricante-de-cuero-sintetico-para-cajas-de-joyeria\/\"><strong data-start=\"2928\" data-end=\"2950\">f\u00e1brica de cuero sint\u00e9tico<\/strong><\/a> <\/span>y de alta calidad <span style=\"color: #000000;\"><a style=\"color: #000000;\" href=\"https:\/\/fjyudeng.com\/es\/producto\/fabricante-de-cuero-sintetico-para-cajas-de-joyeria\/\"><strong data-start=\"2968\" data-end=\"2991\">proveedor de cuero de PU<\/strong><\/a><\/span>.<\/p>\n<\/li>\n<li data-start=\"2995\" data-end=\"3157\">\n<p data-start=\"2997\" data-end=\"3157\"><strong data-start=\"2997\" data-end=\"3042\">Sostenibilidad y pr\u00e1cticas ecol\u00f3gicas<\/strong>:Produce cuero PU respetuoso con el medio ambiente que es seguro, duradero y ayuda a los clientes a construir una imagen de marca ecol\u00f3gica.<\/p>\n<\/li>\n<\/ul>\n<p style=\"text-align: center;\"><img loading=\"lazy\" decoding=\"async\" class=\"aligncenter wp-image-2741 size-full\" src=\"https:\/\/fjyudeng.com\/wp-content\/uploads\/2025\/06\/Yudeng-Factory-and-Company.jpg\" alt=\"F\u00e1brica y empresa Yudeng\" width=\"1200\" height=\"878\" srcset=\"https:\/\/fjyudeng.com\/wp-content\/uploads\/2025\/06\/Yudeng-Factory-and-Company.jpg 1200w, https:\/\/fjyudeng.com\/wp-content\/uploads\/2025\/06\/Yudeng-Factory-and-Company-600x439.jpg 600w, https:\/\/fjyudeng.com\/wp-content\/uploads\/2025\/06\/Yudeng-Factory-and-Company-300x220.jpg 300w, https:\/\/fjyudeng.com\/wp-content\/uploads\/2025\/06\/Yudeng-Factory-and-Company-1024x749.jpg 1024w, https:\/\/fjyudeng.com\/wp-content\/uploads\/2025\/06\/Yudeng-Factory-and-Company-768x562.jpg 768w, https:\/\/fjyudeng.com\/wp-content\/uploads\/2025\/06\/Yudeng-Factory-and-Company-16x12.jpg 16w\" sizes=\"(max-width: 1200px) 100vw, 1200px\" \/><\/p>\n<p style=\"text-align: center;\"><img loading=\"lazy\" decoding=\"async\" class=\"aligncenter wp-image-2739 size-full\" src=\"https:\/\/fjyudeng.com\/wp-content\/uploads\/2025\/06\/Yudeng-Exhibition-and-Partner.jpg\" alt=\"\" width=\"1200\" height=\"1566\" \/><\/p>","protected":false},"excerpt":{"rendered":"<ul>\n<li>\n<h5><span style=\"color: #000000;\">Pedido m\u00ednimo: 300 metros<\/span><\/h5>\n<\/li>\n<li>\n<h5><span style=\"color: #000000;\">F\u00e1brica de cuero sint\u00e9tico de 37 a\u00f1os<\/span><\/h5>\n<\/li>\n<li>\n<h5><span style=\"color: #000000;\">\u00c1rea de f\u00e1brica de 50000m\u00b2<\/span><\/h5>\n<\/li>\n<li>\n<h5><span style=\"color: #000000;\">10 l\u00edneas de producci\u00f3n<\/span><\/h5>\n<\/li>\n<li class=\"elementor-heading-title elementor-size-default\">\n<h5><span style=\"color: #000000;\">M\u00e1s de 400 texturas disponibles<\/span><\/h5>\n<\/li>\n<li class=\"elementor-heading-title elementor-size-default\">\n<h5><span style=\"color: #000000;\">Certificado REACH\/ROHS\/OEKO-TEX\u00ae<\/span><\/h5>\n<\/li>\n<\/ul>","protected":false},"featured_media":3355,"template":"","meta":[],"product_brand":[],"product_cat":[32],"product_tag":[],"class_list":{"0":"post-3354","1":"product","2":"type-product","3":"status-publish","4":"has-post-thumbnail","6":"product_cat-jewelry-box-leather","8":"first","9":"instock","10":"shipping-taxable","11":"product-type-simple"},"yoast_head":"<!-- This site is optimized with the Yoast SEO Premium plugin v22.8 (Yoast SEO v22.8) - https:\/\/yoast.com\/wordpress\/plugins\/seo\/ -->\n<title>37 Years Jewelry Box Packaging Pu Leather Factory<\/title>\n<meta name=\"description\" content=\"Yudeng, a trusted pu leather factory with 37 years of experience, offers high-quality jewelry box PU leather, custom designs, and certified durability.\" \/>\n<meta name=\"robots\" content=\"index, follow, max-snippet:-1, max-image-preview:large, max-video-preview:-1\" \/>\n<link rel=\"canonical\" href=\"https:\/\/fjyudeng.com\/es\/producto\/fabrica-de-embalaje-de-cajas-de-joyeria-de-cuero-sintetico\/\" \/>\n<meta property=\"og:locale\" content=\"es_ES\" \/>\n<meta property=\"og:type\" content=\"article\" \/>\n<meta property=\"og:title\" content=\"Jewelry Box Packaging Pu Leather Factory\" \/>\n<meta property=\"og:description\" content=\"Yudeng, a trusted pu leather factory with 37 years of experience, offers high-quality jewelry box PU leather, custom designs, and certified durability.\" \/>\n<meta property=\"og:url\" content=\"https:\/\/fjyudeng.com\/es\/producto\/fabrica-de-embalaje-de-cajas-de-joyeria-de-cuero-sintetico\/\" \/>\n<meta property=\"og:site_name\" content=\"fjyudeng.com\" \/>\n<meta property=\"article:modified_time\" content=\"2025-10-24T02:48:01+00:00\" \/>\n<meta property=\"og:image\" content=\"https:\/\/fjyudeng.com\/wp-content\/uploads\/2025\/10\/Jewelry-Box-Packaging-Pu-Leather-Factory.jpg\" \/>\n\t<meta property=\"og:image:width\" content=\"1000\" \/>\n\t<meta property=\"og:image:height\" content=\"1000\" \/>\n\t<meta property=\"og:image:type\" content=\"image\/jpeg\" \/>\n<meta name=\"twitter:card\" content=\"summary_large_image\" \/>\n<meta name=\"twitter:label1\" content=\"Tiempo de lectura\" \/>\n\t<meta name=\"twitter:data1\" content=\"4 minutos\" \/>\n<script type=\"application\/ld+json\" class=\"yoast-schema-graph\">{\"@context\":\"https:\/\/schema.org\",\"@graph\":[{\"@type\":\"WebPage\",\"@id\":\"https:\/\/fjyudeng.com\/product\/jewelry-box-packaging-pu-leather-factory\/\",\"url\":\"https:\/\/fjyudeng.com\/product\/jewelry-box-packaging-pu-leather-factory\/\",\"name\":\"37 Years Jewelry Box Packaging Pu Leather Factory\",\"isPartOf\":{\"@id\":\"https:\/\/fjyudeng.com\/#website\"},\"primaryImageOfPage\":{\"@id\":\"https:\/\/fjyudeng.com\/product\/jewelry-box-packaging-pu-leather-factory\/#primaryimage\"},\"image\":{\"@id\":\"https:\/\/fjyudeng.com\/product\/jewelry-box-packaging-pu-leather-factory\/#primaryimage\"},\"thumbnailUrl\":\"https:\/\/fjyudeng.com\/wp-content\/uploads\/2025\/10\/Jewelry-Box-Packaging-Pu-Leather-Factory.jpg\",\"datePublished\":\"2025-10-24T02:44:12+00:00\",\"dateModified\":\"2025-10-24T02:48:01+00:00\",\"description\":\"Yudeng, a trusted pu leather factory with 37 years of experience, offers high-quality jewelry box PU leather, custom designs, and certified durability.\",\"breadcrumb\":{\"@id\":\"https:\/\/fjyudeng.com\/product\/jewelry-box-packaging-pu-leather-factory\/#breadcrumb\"},\"inLanguage\":\"es-AR\",\"potentialAction\":[{\"@type\":\"ReadAction\",\"target\":[\"https:\/\/fjyudeng.com\/product\/jewelry-box-packaging-pu-leather-factory\/\"]}]},{\"@type\":\"ImageObject\",\"inLanguage\":\"es-AR\",\"@id\":\"https:\/\/fjyudeng.com\/product\/jewelry-box-packaging-pu-leather-factory\/#primaryimage\",\"url\":\"https:\/\/fjyudeng.com\/wp-content\/uploads\/2025\/10\/Jewelry-Box-Packaging-Pu-Leather-Factory.jpg\",\"contentUrl\":\"https:\/\/fjyudeng.com\/wp-content\/uploads\/2025\/10\/Jewelry-Box-Packaging-Pu-Leather-Factory.jpg\",\"width\":1000,\"height\":1000,\"caption\":\"Jewelry Box Packaging Pu Leather Factory\"},{\"@type\":\"BreadcrumbList\",\"@id\":\"https:\/\/fjyudeng.com\/product\/jewelry-box-packaging-pu-leather-factory\/#breadcrumb\",\"itemListElement\":[{\"@type\":\"ListItem\",\"position\":1,\"name\":\"Home\",\"item\":\"https:\/\/fjyudeng.com\/\"},{\"@type\":\"ListItem\",\"position\":2,\"name\":\"Products\",\"item\":\"https:\/\/fjyudeng.com\/products\/\"},{\"@type\":\"ListItem\",\"position\":3,\"name\":\"Jewelry Box Packaging Pu Leather Factory\"}]},{\"@type\":\"WebSite\",\"@id\":\"https:\/\/fjyudeng.com\/#website\",\"url\":\"https:\/\/fjyudeng.com\/\",\"name\":\"fjyudeng.com\",\"description\":\"\",\"publisher\":{\"@id\":\"https:\/\/fjyudeng.com\/#\/schema\/person\/7e41764f047e7552c6ad5bdf5f6d78c7\"},\"potentialAction\":[{\"@type\":\"SearchAction\",\"target\":{\"@type\":\"EntryPoint\",\"urlTemplate\":\"https:\/\/fjyudeng.com\/?s={search_term_string}\"},\"query-input\":\"required name=search_term_string\"}],\"inLanguage\":\"es-AR\"},{\"@type\":[\"Person\",\"Organization\"],\"@id\":\"https:\/\/fjyudeng.com\/#\/schema\/person\/7e41764f047e7552c6ad5bdf5f6d78c7\",\"name\":\"yshine03@gmail.com\",\"image\":{\"@type\":\"ImageObject\",\"inLanguage\":\"es-AR\",\"@id\":\"https:\/\/fjyudeng.com\/#\/schema\/person\/image\/\",\"url\":\"https:\/\/fjyudeng.com\/wp-content\/uploads\/2025\/04\/yudeng-pu-leather-factory-manufacturer.png\",\"contentUrl\":\"https:\/\/fjyudeng.com\/wp-content\/uploads\/2025\/04\/yudeng-pu-leather-factory-manufacturer.png\",\"width\":588,\"height\":590,\"caption\":\"yshine03@gmail.com\"},\"logo\":{\"@id\":\"https:\/\/fjyudeng.com\/#\/schema\/person\/image\/\"},\"sameAs\":[\"https:\/\/fjyudeng.com\"]}]}<\/script>\n<!-- \/ Yoast SEO Premium plugin. -->","yoast_head_json":{"title":"37 Years Jewelry Box Packaging Pu Leather Factory","description":"Yudeng, a trusted pu leather factory with 37 years of experience, offers high-quality jewelry box PU leather, custom designs, and certified durability.","robots":{"index":"index","follow":"follow","max-snippet":"max-snippet:-1","max-image-preview":"max-image-preview:large","max-video-preview":"max-video-preview:-1"},"canonical":"https:\/\/fjyudeng.com\/es\/producto\/fabrica-de-embalaje-de-cajas-de-joyeria-de-cuero-sintetico\/","og_locale":"es_ES","og_type":"article","og_title":"Jewelry Box Packaging Pu Leather Factory","og_description":"Yudeng, a trusted pu leather factory with 37 years of experience, offers high-quality jewelry box PU leather, custom designs, and certified durability.","og_url":"https:\/\/fjyudeng.com\/es\/producto\/fabrica-de-embalaje-de-cajas-de-joyeria-de-cuero-sintetico\/","og_site_name":"fjyudeng.com","article_modified_time":"2025-10-24T02:48:01+00:00","og_image":[{"width":1000,"height":1000,"url":"https:\/\/fjyudeng.com\/wp-content\/uploads\/2025\/10\/Jewelry-Box-Packaging-Pu-Leather-Factory.jpg","type":"image\/jpeg"}],"twitter_card":"summary_large_image","twitter_misc":{"Tiempo de lectura":"4 minutos"},"schema":{"@context":"https:\/\/schema.org","@graph":[{"@type":"WebPage","@id":"https:\/\/fjyudeng.com\/product\/jewelry-box-packaging-pu-leather-factory\/","url":"https:\/\/fjyudeng.com\/product\/jewelry-box-packaging-pu-leather-factory\/","name":"37 Years Jewelry Box Packaging Pu Leather Factory","isPartOf":{"@id":"https:\/\/fjyudeng.com\/#website"},"primaryImageOfPage":{"@id":"https:\/\/fjyudeng.com\/product\/jewelry-box-packaging-pu-leather-factory\/#primaryimage"},"image":{"@id":"https:\/\/fjyudeng.com\/product\/jewelry-box-packaging-pu-leather-factory\/#primaryimage"},"thumbnailUrl":"https:\/\/fjyudeng.com\/wp-content\/uploads\/2025\/10\/Jewelry-Box-Packaging-Pu-Leather-Factory.jpg","datePublished":"2025-10-24T02:44:12+00:00","dateModified":"2025-10-24T02:48:01+00:00","description":"Yudeng, a trusted pu leather factory with 37 years of experience, offers high-quality jewelry box PU leather, custom designs, and certified durability.","breadcrumb":{"@id":"https:\/\/fjyudeng.com\/product\/jewelry-box-packaging-pu-leather-factory\/#breadcrumb"},"inLanguage":"es-AR","potentialAction":[{"@type":"ReadAction","target":["https:\/\/fjyudeng.com\/product\/jewelry-box-packaging-pu-leather-factory\/"]}]},{"@type":"ImageObject","inLanguage":"es-AR","@id":"https:\/\/fjyudeng.com\/product\/jewelry-box-packaging-pu-leather-factory\/#primaryimage","url":"https:\/\/fjyudeng.com\/wp-content\/uploads\/2025\/10\/Jewelry-Box-Packaging-Pu-Leather-Factory.jpg","contentUrl":"https:\/\/fjyudeng.com\/wp-content\/uploads\/2025\/10\/Jewelry-Box-Packaging-Pu-Leather-Factory.jpg","width":1000,"height":1000,"caption":"Jewelry Box Packaging Pu Leather Factory"},{"@type":"BreadcrumbList","@id":"https:\/\/fjyudeng.com\/product\/jewelry-box-packaging-pu-leather-factory\/#breadcrumb","itemListElement":[{"@type":"ListItem","position":1,"name":"Home","item":"https:\/\/fjyudeng.com\/"},{"@type":"ListItem","position":2,"name":"Products","item":"https:\/\/fjyudeng.com\/products\/"},{"@type":"ListItem","position":3,"name":"Jewelry Box Packaging Pu Leather Factory"}]},{"@type":"WebSite","@id":"https:\/\/fjyudeng.com\/#website","url":"https:\/\/fjyudeng.com\/","name":"fjyudeng.com","description":"","publisher":{"@id":"https:\/\/fjyudeng.com\/#\/schema\/person\/7e41764f047e7552c6ad5bdf5f6d78c7"},"potentialAction":[{"@type":"SearchAction","target":{"@type":"EntryPoint","urlTemplate":"https:\/\/fjyudeng.com\/?s={search_term_string}"},"query-input":"required name=search_term_string"}],"inLanguage":"es-AR"},{"@type":["Person","Organization"],"@id":"https:\/\/fjyudeng.com\/#\/schema\/person\/7e41764f047e7552c6ad5bdf5f6d78c7","name":"yshine03@gmail.com","image":{"@type":"ImageObject","inLanguage":"es-AR","@id":"https:\/\/fjyudeng.com\/#\/schema\/person\/image\/","url":"https:\/\/fjyudeng.com\/wp-content\/uploads\/2025\/04\/yudeng-pu-leather-factory-manufacturer.png","contentUrl":"https:\/\/fjyudeng.com\/wp-content\/uploads\/2025\/04\/yudeng-pu-leather-factory-manufacturer.png","width":588,"height":590,"caption":"yshine03@gmail.com"},"logo":{"@id":"https:\/\/fjyudeng.com\/#\/schema\/person\/image\/"},"sameAs":["https:\/\/fjyudeng.com"]}]}},"_links":{"self":[{"href":"https:\/\/fjyudeng.com\/es\/wp-json\/wp\/v2\/product\/3354","targetHints":{"allow":["GET"]}}],"collection":[{"href":"https:\/\/fjyudeng.com\/es\/wp-json\/wp\/v2\/product"}],"about":[{"href":"https:\/\/fjyudeng.com\/es\/wp-json\/wp\/v2\/types\/product"}],"wp:featuredmedia":[{"embeddable":true,"href":"https:\/\/fjyudeng.com\/es\/wp-json\/wp\/v2\/media\/3355"}],"wp:attachment":[{"href":"https:\/\/fjyudeng.com\/es\/wp-json\/wp\/v2\/media?parent=3354"}],"wp:term":[{"taxonomy":"product_brand","embeddable":true,"href":"https:\/\/fjyudeng.com\/es\/wp-json\/wp\/v2\/product_brand?post=3354"},{"taxonomy":"product_cat","embeddable":true,"href":"https:\/\/fjyudeng.com\/es\/wp-json\/wp\/v2\/product_cat?post=3354"},{"taxonomy":"product_tag","embeddable":true,"href":"https:\/\/fjyudeng.com\/es\/wp-json\/wp\/v2\/product_tag?post=3354"}],"curies":[{"name":"wp","href":"https:\/\/api.w.org\/{rel}","templated":true}]}}