{"id":3678,"date":"2025-11-10T11:18:24","date_gmt":"2025-11-10T03:18:24","guid":{"rendered":"https:\/\/fjyudeng.com\/?post_type=product&#038;p=3678"},"modified":"2025-11-14T17:27:38","modified_gmt":"2025-11-14T09:27:38","slug":"fabrica-de-cuero-sintetico-de-alta-calidad-a-medida-para-cajas-de-joyeria-2","status":"publish","type":"product","link":"https:\/\/fjyudeng.com\/es\/producto\/fabrica-de-cuero-sintetico-de-alta-calidad-a-medida-para-cajas-de-joyeria-2\/","title":{"rendered":"F\u00e1brica de cuero PU personalizado de alta calidad para joyeros"},"content":{"rendered":"<p data-start=\"144\" data-end=\"753\">Yudeng Textile, fundada en 1988, se especializa desde hace 37 a\u00f1os en la investigaci\u00f3n, el desarrollo, la producci\u00f3n y la venta de cuero sint\u00e9tico de poliuretano (PU) de alta calidad. Nuestro cuero PU es suave al tacto, de textura delicada, altamente resistente al desgaste y el\u00e1stico, con una excelente resistencia a la intemperie y un \u00f3ptimo desempe\u00f1o ambiental. Es ideal para joyeros de alta gama, bolsos, decoraci\u00f3n del hogar, sof\u00e1s, calzado y mucho m\u00e1s. Cada rollo de cuero PU se elabora con materias primas cuidadosamente seleccionadas y se procesa con t\u00e9cnicas de producci\u00f3n avanzadas, lo que garantiza un color uniforme y una textura natural. Ya sea mate, brillante o con relieves de patrones \u00fanicos, Yudeng puede plasmar con precisi\u00f3n los requisitos de dise\u00f1o de sus clientes. Con cuero PU de alta calidad, Yudeng ayuda a las marcas a transmitir una imagen de exclusividad y un valor \u00fanico.<\/p>\n<p style=\"text-align: center;\">\u00a0<img fetchpriority=\"high\" decoding=\"async\" class=\"wp-image-3000 size-full aligncenter\" src=\"https:\/\/fjyudeng.com\/wp-content\/uploads\/2025\/07\/Yudeng-Textile-pu-leather-for-jewelry-box.jpg\" alt=\"Cuero sint\u00e9tico textil Yudeng para joyero\" width=\"1200\" height=\"679\" srcset=\"https:\/\/fjyudeng.com\/wp-content\/uploads\/2025\/07\/Yudeng-Textile-pu-leather-for-jewelry-box.jpg 1200w, https:\/\/fjyudeng.com\/wp-content\/uploads\/2025\/07\/Yudeng-Textile-pu-leather-for-jewelry-box-300x170.jpg 300w, https:\/\/fjyudeng.com\/wp-content\/uploads\/2025\/07\/Yudeng-Textile-pu-leather-for-jewelry-box-1024x579.jpg 1024w, https:\/\/fjyudeng.com\/wp-content\/uploads\/2025\/07\/Yudeng-Textile-pu-leather-for-jewelry-box-768x435.jpg 768w, https:\/\/fjyudeng.com\/wp-content\/uploads\/2025\/07\/Yudeng-Textile-pu-leather-for-jewelry-box-18x10.jpg 18w, https:\/\/fjyudeng.com\/wp-content\/uploads\/2025\/07\/Yudeng-Textile-pu-leather-for-jewelry-box-600x340.jpg 600w\" sizes=\"(max-width: 1200px) 100vw, 1200px\" \/><img decoding=\"async\" class=\"wp-image-2999 size-full aligncenter\" src=\"https:\/\/fjyudeng.com\/wp-content\/uploads\/2025\/07\/Yudeng-pu-leather-for-jewelry-box-Product-description.jpg\" alt=\"Descripci\u00f3n de la caja de joyer\u00eda de cuero sint\u00e9tico de Yudeng Textile\" width=\"1200\" height=\"1377\" srcset=\"https:\/\/fjyudeng.com\/wp-content\/uploads\/2025\/07\/Yudeng-pu-leather-for-jewelry-box-Product-description.jpg 1200w, https:\/\/fjyudeng.com\/wp-content\/uploads\/2025\/07\/Yudeng-pu-leather-for-jewelry-box-Product-description-261x300.jpg 261w, https:\/\/fjyudeng.com\/wp-content\/uploads\/2025\/07\/Yudeng-pu-leather-for-jewelry-box-Product-description-892x1024.jpg 892w, https:\/\/fjyudeng.com\/wp-content\/uploads\/2025\/07\/Yudeng-pu-leather-for-jewelry-box-Product-description-768x881.jpg 768w, https:\/\/fjyudeng.com\/wp-content\/uploads\/2025\/07\/Yudeng-pu-leather-for-jewelry-box-Product-description-10x12.jpg 10w, https:\/\/fjyudeng.com\/wp-content\/uploads\/2025\/07\/Yudeng-pu-leather-for-jewelry-box-Product-description-600x689.jpg 600w\" sizes=\"(max-width: 1200px) 100vw, 1200px\" \/><\/p>\n<h4><span style=\"color: #ff6600;\">Servicio personalizado<\/span><\/h4>\n<ul data-start=\"987\" data-end=\"1938\">\n<li data-start=\"987\" data-end=\"1279\">\n<p data-start=\"989\" data-end=\"1279\"><strong data-start=\"989\" data-end=\"1038\">Amplias opciones de textura y personalizaci\u00f3n<\/strong>El cuero sint\u00e9tico Yudeng PU ofrece m\u00e1s de 400 texturas, incluyendo estampados de animales, avestruz, guijarros de gran tama\u00f1o, cocodrilo, serpiente, cebra y lichi, as\u00ed como acabados de espejo, mate o brillantes, satisfaciendo diversas necesidades de dise\u00f1o para joyeros.<\/p>\n<\/li>\n<li data-start=\"1280\" data-end=\"1494\">\n<p data-start=\"1282\" data-end=\"1494\"><strong data-start=\"1282\" data-end=\"1322\">Variedad de grosores y opciones de soporte<\/strong>El grosor del cuero PU oscila entre 0,3 y 1,6 mm, con materiales de soporte disponibles en tela o mezclas de telas, que proporcionan estructura y durabilidad para diferentes aplicaciones.<\/p>\n<\/li>\n<li data-start=\"1495\" data-end=\"1715\">\n<p data-start=\"1497\" data-end=\"1715\"><strong data-start=\"1497\" data-end=\"1529\">Muestreo y producci\u00f3n r\u00e1pidos<\/strong>Yudeng ofrece personalizaci\u00f3n para lotes peque\u00f1os. Las muestras pueden estar listas en tan solo 2 d\u00edas y la producci\u00f3n en masa puede comenzar en 5 d\u00edas, ofreciendo soluciones eficientes para pedidos urgentes.<\/p>\n<\/li>\n<li data-start=\"1716\" data-end=\"1938\">\n<p data-start=\"1718\" data-end=\"1938\"><strong data-start=\"1718\" data-end=\"1752\">Soporte t\u00e9cnico profesional<\/strong>Desde la selecci\u00f3n de materiales y la combinaci\u00f3n de colores hasta la creaci\u00f3n de prototipos de muestras, nuestro equipo de I+D trabaja en estrecha colaboraci\u00f3n con los clientes para garantizar que cada metro de cuero PU represente con precisi\u00f3n el dise\u00f1o previsto.<\/p>\n<\/li>\n<\/ul>\n<p data-start=\"1940\" data-end=\"2164\">Gracias a estos servicios integrales de personalizaci\u00f3n, Yudeng se ha convertido en una empresa de confianza. <span style=\"color: #000000;\"><a style=\"color: #000000;\" href=\"https:\/\/fjyudeng.com\/es\/producto\/fabrica-mayorista-de-cuero-sintetico-para-cajas-de-joyeria\/\"><strong data-start=\"2020\" data-end=\"2042\">F\u00e1brica de cuero sint\u00e9tico<\/strong><\/a> <\/span>y <span style=\"color: #000000;\"><a style=\"color: #000000;\" href=\"https:\/\/fjyudeng.com\/es\/producto\/fabrica-mayorista-de-cuero-sintetico-para-cajas-de-joyeria\/\"><strong data-start=\"2047\" data-end=\"2071\">cuero sint\u00e9tico al por mayor<\/strong><\/a><\/span> socio que satisface las diversas y personalizadas demandas de clientes nacionales e internacionales.<\/p>\n<p>&nbsp;<\/p>\n<h4><span style=\"color: #ff6600;\">Certificaciones de producto: TUV, REACH, ROHS, OEKO-TEX\u00ae<\/span><\/h4>\n<ul data-start=\"2224\" data-end=\"2593\">\n<li data-start=\"2224\" data-end=\"2316\">\n<p data-start=\"2226\" data-end=\"2316\"><strong data-start=\"2226\" data-end=\"2247\">Certificaci\u00f3n TUV<\/strong>Garantiza que los productos cumplan con las normas internacionales de seguridad y calidad.<\/p>\n<\/li>\n<li data-start=\"2317\" data-end=\"2465\">\n<p data-start=\"2319\" data-end=\"2465\"><strong data-start=\"2319\" data-end=\"2348\">Cumplimiento de REACH y RoHS<\/strong>Control estricto de sustancias peligrosas, cumpliendo con los requisitos ambientales y de salud europeos e internacionales.<\/p>\n<\/li>\n<li data-start=\"2466\" data-end=\"2593\">\n<p data-start=\"2468\" data-end=\"2593\"><strong data-start=\"2468\" data-end=\"2494\">Norma OEKO-TEX\u00ae 100<\/strong>Garantiza que el cuero PU es seguro y no t\u00f3xico, apto para productos en contacto directo con la piel.<\/p>\n<\/li>\n<\/ul>\n<p data-start=\"2595\" data-end=\"2818\">Estas prestigiosas certificaciones demuestran la solidez profesional de Yudeng en el campo de la profesi\u00f3n. <span style=\"color: #000000;\"><a style=\"color: #000000;\" href=\"https:\/\/fjyudeng.com\/es\/producto\/fabrica-mayorista-de-cuero-sintetico-para-cajas-de-joyeria\/\"><strong data-start=\"2680\" data-end=\"2702\">F\u00e1brica de cuero sint\u00e9tico<\/strong><\/a><\/span> industria y brindar a los clientes confianza en el uso de cuero PU para cajas de joyer\u00eda de alta gama y otros productos.<\/p>\n<p style=\"text-align: center;\"><img decoding=\"async\" class=\"aligncenter wp-image-2744 size-full\" src=\"Certificado de producto Yudeng\" alt=\"Certificado de producto Yudeng\" width=\"1200\" height=\"644\" srcset=\"\" sizes=\"(max-width: 1200px) 100vw, 1200px\" data-srcset=\"\" \/><\/p>\n<h4><strong><span style=\"color: #ff6600;\">Aplicaci\u00f3n de producci\u00f3n<\/span><\/strong><\/h4>\n<p><span style=\"color: #000000;\">El uso del cuero sint\u00e9tico de PU en el embalaje de joyer\u00eda va mucho m\u00e1s all\u00e1 de la simple decoraci\u00f3n de superficies. No solo mejora la textura general del embalaje, sino que tambi\u00e9n mejora la experiencia de desempaquetado del consumidor.<\/span><\/p>\n<ul>\n<li><span style=\"color: #000000;\"><strong>Concha de joyero:<\/strong> Textura delicada, color saturado, tacto suave y sensaci\u00f3n de alta gama;<\/span><\/li>\n<li><span style=\"color: #000000;\"><strong>Estructura de soporte del revestimiento:<\/strong> Combine esponja, EVA y otros materiales para mejorar la protecci\u00f3n del producto;<\/span><\/li>\n<li><span style=\"color: #000000;\"><strong>Asa y hebilla de cintur\u00f3n de caja de embalaje port\u00e1til:<\/strong> Flexible y duradero, no se rompe al doblarse y tiene una mayor durabilidad;<\/span><\/li>\n<li><span style=\"color: #000000;\"><strong>\u00c1rea de estampado en caliente\/relieve de LOGOTIPO personalizado:<\/strong> La superficie del cuero es adecuada para diversos procesos de marca para mejorar el reconocimiento visual.<\/span><\/li>\n<\/ul>\n<p><span style=\"color: #000000;\">Con la estabilidad y las excelentes propiedades f\u00edsicas del cuero PU, a\u00fan puede mantener un excelente rendimiento de apariencia en diferentes climas y condiciones de uso, y es un material ideal para empaque de regalo para mantener la belleza durante mucho tiempo.<\/span><\/p>\n<p style=\"text-align: center;\"><img loading=\"lazy\" decoding=\"async\" class=\"alignnone wp-image-2998 size-full\" src=\"https:\/\/fjyudeng.com\/wp-content\/uploads\/2025\/07\/pu-leather-application-for-jewelry-box.jpg\" alt=\"Aplicaci\u00f3n de cuero sint\u00e9tico para joyero\" width=\"1200\" height=\"688\" srcset=\"https:\/\/fjyudeng.com\/wp-content\/uploads\/2025\/07\/pu-leather-application-for-jewelry-box.jpg 1200w, https:\/\/fjyudeng.com\/wp-content\/uploads\/2025\/07\/pu-leather-application-for-jewelry-box-300x172.jpg 300w, https:\/\/fjyudeng.com\/wp-content\/uploads\/2025\/07\/pu-leather-application-for-jewelry-box-1024x587.jpg 1024w, https:\/\/fjyudeng.com\/wp-content\/uploads\/2025\/07\/pu-leather-application-for-jewelry-box-768x440.jpg 768w, https:\/\/fjyudeng.com\/wp-content\/uploads\/2025\/07\/pu-leather-application-for-jewelry-box-18x10.jpg 18w, https:\/\/fjyudeng.com\/wp-content\/uploads\/2025\/07\/pu-leather-application-for-jewelry-box-600x344.jpg 600w\" sizes=\"(max-width: 1200px) 100vw, 1200px\" \/><\/p>\n<h4><strong><span style=\"color: #ff6600;\">Ventaja de f\u00e1brica<\/span><\/strong><\/h4>\n<ul data-start=\"2845\" data-end=\"4104\">\n<li data-start=\"2845\" data-end=\"3072\">\n<p data-start=\"2847\" data-end=\"3072\"><strong data-start=\"2847\" data-end=\"2877\">Gran capacidad de producci\u00f3n<\/strong>Yudeng Textile ocupa una superficie de 100.000 m\u00b2, cuenta con 200 empleados y 10 l\u00edneas de producci\u00f3n avanzadas (5 de secado, 3 de tejido h\u00famedo y 2 de acabado), produciendo hasta 150.000 metros diarios para satisfacer las necesidades de producci\u00f3n a gran escala.<\/p>\n<\/li>\n<li data-start=\"3073\" data-end=\"3435\">\n<p data-start=\"3075\" data-end=\"3435\"><strong data-start=\"3075\" data-end=\"3112\">Tecnolog\u00eda y equipos avanzados<\/strong>La f\u00e1brica integra equipos l\u00edderes a nivel internacional con f\u00f3rmulas de desarrollo propio y t\u00e9cnicas de producci\u00f3n ajustada. Los procesos incluyen el moldeo de capas de pol\u00edmero, la uni\u00f3n de capas de refuerzo, el moldeo de pol\u00edmero de gran espesor y el acabado de la textura superficial, lo que garantiza que el cuero PU sea suave, resistente al desgaste y respetuoso con el medio ambiente.<\/p>\n<\/li>\n<li data-start=\"3436\" data-end=\"3663\">\n<p data-start=\"3438\" data-end=\"3663\"><strong data-start=\"3438\" data-end=\"3467\">Gesti\u00f3n estricta de la calidad<\/strong>Desde la adquisici\u00f3n de la materia prima hasta el producto final, se implementa un control de calidad integral. Contamos con las certificaciones ISO 9001 y GRS, lo que garantiza una producci\u00f3n sostenible y un producto de alta calidad.<\/p>\n<\/li>\n<li data-start=\"3664\" data-end=\"3902\">\n<p data-start=\"3666\" data-end=\"3902\"><strong data-start=\"3666\" data-end=\"3709\">Producci\u00f3n ecol\u00f3gica y sostenible<\/strong>Utilizando resina de PU respetuosa con el medio ambiente y procesos sin disolventes, los productos cumplen con las certificaciones REACH, ROHS y OEKO-TEX\u00ae, proporcionando soluciones seguras y sostenibles para los clientes.<\/p>\n<\/li>\n<li data-start=\"3903\" data-end=\"4104\">\n<p data-start=\"3905\" data-end=\"4104\"><strong data-start=\"3905\" data-end=\"3931\">Cadena de suministro eficiente<\/strong>Con un amplio espacio de almacenamiento (aproximadamente 70.000 m\u00b2 de superficie de producci\u00f3n y almac\u00e9n), la f\u00e1brica garantiza una entrega r\u00e1pida y apoya un suministro global estable de cuero PU de alta calidad.<\/p>\n<\/li>\n<\/ul>\n<p data-start=\"4106\" data-end=\"4427\">Con una amplia experiencia, una s\u00f3lida capacidad de producci\u00f3n, tecnolog\u00eda avanzada y capacidades de personalizaci\u00f3n completas, Yudeng Textile no solo es un proveedor mayorista l\u00edder de cuero PU en China, sino tambi\u00e9n una f\u00e1brica de cuero PU de confianza para cajas de joyer\u00eda de alta gama, decoraci\u00f3n del hogar, bolsos, calzado y otras aplicaciones.<\/p>\n<p style=\"text-align: center;\"><img loading=\"lazy\" decoding=\"async\" class=\"aligncenter wp-image-2741 size-full\" src=\"https:\/\/fjyudeng.com\/wp-content\/uploads\/2025\/06\/Yudeng-Factory-and-Company.jpg\" alt=\"F\u00e1brica y empresa Yudeng\" width=\"1200\" height=\"878\" srcset=\"https:\/\/fjyudeng.com\/wp-content\/uploads\/2025\/06\/Yudeng-Factory-and-Company.jpg 1200w, https:\/\/fjyudeng.com\/wp-content\/uploads\/2025\/06\/Yudeng-Factory-and-Company-600x439.jpg 600w, https:\/\/fjyudeng.com\/wp-content\/uploads\/2025\/06\/Yudeng-Factory-and-Company-300x220.jpg 300w, https:\/\/fjyudeng.com\/wp-content\/uploads\/2025\/06\/Yudeng-Factory-and-Company-1024x749.jpg 1024w, https:\/\/fjyudeng.com\/wp-content\/uploads\/2025\/06\/Yudeng-Factory-and-Company-768x562.jpg 768w, https:\/\/fjyudeng.com\/wp-content\/uploads\/2025\/06\/Yudeng-Factory-and-Company-16x12.jpg 16w\" sizes=\"(max-width: 1200px) 100vw, 1200px\" \/><\/p>\n<p style=\"text-align: center;\"><img loading=\"lazy\" decoding=\"async\" class=\"aligncenter wp-image-2739 size-full\" src=\"https:\/\/fjyudeng.com\/wp-content\/uploads\/2025\/06\/Yudeng-Exhibition-and-Partner.jpg\" alt=\"\" width=\"1200\" height=\"1566\" \/><\/p>","protected":false},"excerpt":{"rendered":"<ul>\n<li>\n<h5><span style=\"color: #000000;\">Pedido m\u00ednimo: 300 metros<\/span><\/h5>\n<\/li>\n<li>\n<h5><span style=\"color: #000000;\">F\u00e1brica de cuero sint\u00e9tico de 37 a\u00f1os<\/span><\/h5>\n<\/li>\n<li>\n<h5><span style=\"color: #000000;\">\u00c1rea de f\u00e1brica de 50000m\u00b2<\/span><\/h5>\n<\/li>\n<li>\n<h5><span style=\"color: #000000;\">10 l\u00edneas de producci\u00f3n<\/span><\/h5>\n<\/li>\n<li class=\"elementor-heading-title elementor-size-default\">\n<h5><span style=\"color: #000000;\">M\u00e1s de 400 texturas disponibles<\/span><\/h5>\n<\/li>\n<li class=\"elementor-heading-title elementor-size-default\">\n<h5><span style=\"color: #000000;\">Certificado REACH\/ROHS\/OEKO-TEX\u00ae<\/span><\/h5>\n<\/li>\n<\/ul>","protected":false},"featured_media":3696,"template":"","meta":[],"product_brand":[],"product_cat":[32],"product_tag":[],"class_list":{"0":"post-3678","1":"product","2":"type-product","3":"status-publish","4":"has-post-thumbnail","6":"product_cat-jewelry-box-leather","8":"first","9":"instock","10":"shipping-taxable","11":"product-type-simple"},"yoast_head":"<!-- This site is optimized with the Yoast SEO Premium plugin v22.8 (Yoast SEO v22.8) - https:\/\/yoast.com\/wordpress\/plugins\/seo\/ -->\n<title>37 Years Custom High Quality Pu Leather Factory for Jewelry Boxes<\/title>\n<meta name=\"description\" content=\"Yudeng, a 37-year Pu Leather Factory, provides high-quality, customizable PU leather for jewelry boxes, offering wholesale pu leather with expert craftsmanship.\" \/>\n<meta name=\"robots\" content=\"index, follow, max-snippet:-1, max-image-preview:large, max-video-preview:-1\" \/>\n<link rel=\"canonical\" href=\"https:\/\/fjyudeng.com\/es\/producto\/fabrica-de-cuero-sintetico-de-alta-calidad-a-medida-para-cajas-de-joyeria-2\/\" \/>\n<meta property=\"og:locale\" content=\"es_ES\" \/>\n<meta property=\"og:type\" content=\"article\" \/>\n<meta property=\"og:title\" content=\"Custom High Quality Pu Leather Factory for Jewelry Boxes\" \/>\n<meta property=\"og:description\" content=\"Yudeng, a 37-year Pu Leather Factory, provides high-quality, customizable PU leather for jewelry boxes, offering wholesale pu leather with expert craftsmanship.\" \/>\n<meta property=\"og:url\" content=\"https:\/\/fjyudeng.com\/es\/producto\/fabrica-de-cuero-sintetico-de-alta-calidad-a-medida-para-cajas-de-joyeria-2\/\" \/>\n<meta property=\"og:site_name\" content=\"fjyudeng.com\" \/>\n<meta property=\"article:modified_time\" content=\"2025-11-14T09:27:38+00:00\" \/>\n<meta property=\"og:image\" content=\"https:\/\/fjyudeng.com\/wp-content\/uploads\/2025\/11\/Custom-High-Quality-Pu-Leather-Factory-for-Jewelry-Boxes-6.jpg\" \/>\n\t<meta property=\"og:image:width\" content=\"803\" \/>\n\t<meta property=\"og:image:height\" content=\"800\" \/>\n\t<meta property=\"og:image:type\" content=\"image\/jpeg\" \/>\n<meta name=\"twitter:card\" content=\"summary_large_image\" \/>\n<meta name=\"twitter:label1\" content=\"Tiempo de lectura\" \/>\n\t<meta name=\"twitter:data1\" content=\"5 minutos\" \/>\n<script type=\"application\/ld+json\" class=\"yoast-schema-graph\">{\"@context\":\"https:\/\/schema.org\",\"@graph\":[{\"@type\":\"WebPage\",\"@id\":\"https:\/\/fjyudeng.com\/product\/custom-high-quality-pu-leather-factory-for-jewelry-boxes-2\/\",\"url\":\"https:\/\/fjyudeng.com\/product\/custom-high-quality-pu-leather-factory-for-jewelry-boxes-2\/\",\"name\":\"37 Years Custom High Quality Pu Leather Factory for Jewelry Boxes\",\"isPartOf\":{\"@id\":\"https:\/\/fjyudeng.com\/#website\"},\"primaryImageOfPage\":{\"@id\":\"https:\/\/fjyudeng.com\/product\/custom-high-quality-pu-leather-factory-for-jewelry-boxes-2\/#primaryimage\"},\"image\":{\"@id\":\"https:\/\/fjyudeng.com\/product\/custom-high-quality-pu-leather-factory-for-jewelry-boxes-2\/#primaryimage\"},\"thumbnailUrl\":\"https:\/\/fjyudeng.com\/wp-content\/uploads\/2025\/11\/Custom-High-Quality-Pu-Leather-Factory-for-Jewelry-Boxes-6.jpg\",\"datePublished\":\"2025-11-10T03:18:24+00:00\",\"dateModified\":\"2025-11-14T09:27:38+00:00\",\"description\":\"Yudeng, a 37-year Pu Leather Factory, provides high-quality, customizable PU leather for jewelry boxes, offering wholesale pu leather with expert craftsmanship.\",\"breadcrumb\":{\"@id\":\"https:\/\/fjyudeng.com\/product\/custom-high-quality-pu-leather-factory-for-jewelry-boxes-2\/#breadcrumb\"},\"inLanguage\":\"es-AR\",\"potentialAction\":[{\"@type\":\"ReadAction\",\"target\":[\"https:\/\/fjyudeng.com\/product\/custom-high-quality-pu-leather-factory-for-jewelry-boxes-2\/\"]}]},{\"@type\":\"ImageObject\",\"inLanguage\":\"es-AR\",\"@id\":\"https:\/\/fjyudeng.com\/product\/custom-high-quality-pu-leather-factory-for-jewelry-boxes-2\/#primaryimage\",\"url\":\"https:\/\/fjyudeng.com\/wp-content\/uploads\/2025\/11\/Custom-High-Quality-Pu-Leather-Factory-for-Jewelry-Boxes-6.jpg\",\"contentUrl\":\"https:\/\/fjyudeng.com\/wp-content\/uploads\/2025\/11\/Custom-High-Quality-Pu-Leather-Factory-for-Jewelry-Boxes-6.jpg\",\"width\":803,\"height\":800,\"caption\":\"Custom High Quality Pu Leather Factory for Jewelry Boxes\"},{\"@type\":\"BreadcrumbList\",\"@id\":\"https:\/\/fjyudeng.com\/product\/custom-high-quality-pu-leather-factory-for-jewelry-boxes-2\/#breadcrumb\",\"itemListElement\":[{\"@type\":\"ListItem\",\"position\":1,\"name\":\"Home\",\"item\":\"https:\/\/fjyudeng.com\/\"},{\"@type\":\"ListItem\",\"position\":2,\"name\":\"Products\",\"item\":\"https:\/\/fjyudeng.com\/products\/\"},{\"@type\":\"ListItem\",\"position\":3,\"name\":\"Custom High Quality Pu Leather Factory for Jewelry Boxes\"}]},{\"@type\":\"WebSite\",\"@id\":\"https:\/\/fjyudeng.com\/#website\",\"url\":\"https:\/\/fjyudeng.com\/\",\"name\":\"fjyudeng.com\",\"description\":\"\",\"publisher\":{\"@id\":\"https:\/\/fjyudeng.com\/#\/schema\/person\/7e41764f047e7552c6ad5bdf5f6d78c7\"},\"potentialAction\":[{\"@type\":\"SearchAction\",\"target\":{\"@type\":\"EntryPoint\",\"urlTemplate\":\"https:\/\/fjyudeng.com\/?s={search_term_string}\"},\"query-input\":\"required name=search_term_string\"}],\"inLanguage\":\"es-AR\"},{\"@type\":[\"Person\",\"Organization\"],\"@id\":\"https:\/\/fjyudeng.com\/#\/schema\/person\/7e41764f047e7552c6ad5bdf5f6d78c7\",\"name\":\"yshine03@gmail.com\",\"image\":{\"@type\":\"ImageObject\",\"inLanguage\":\"es-AR\",\"@id\":\"https:\/\/fjyudeng.com\/#\/schema\/person\/image\/\",\"url\":\"https:\/\/fjyudeng.com\/wp-content\/uploads\/2025\/04\/yudeng-pu-leather-factory-manufacturer.png\",\"contentUrl\":\"https:\/\/fjyudeng.com\/wp-content\/uploads\/2025\/04\/yudeng-pu-leather-factory-manufacturer.png\",\"width\":588,\"height\":590,\"caption\":\"yshine03@gmail.com\"},\"logo\":{\"@id\":\"https:\/\/fjyudeng.com\/#\/schema\/person\/image\/\"},\"sameAs\":[\"https:\/\/fjyudeng.com\"]}]}<\/script>\n<!-- \/ Yoast SEO Premium plugin. -->","yoast_head_json":{"title":"37 Years Custom High Quality Pu Leather Factory for Jewelry Boxes","description":"Yudeng, a 37-year Pu Leather Factory, provides high-quality, customizable PU leather for jewelry boxes, offering wholesale pu leather with expert craftsmanship.","robots":{"index":"index","follow":"follow","max-snippet":"max-snippet:-1","max-image-preview":"max-image-preview:large","max-video-preview":"max-video-preview:-1"},"canonical":"https:\/\/fjyudeng.com\/es\/producto\/fabrica-de-cuero-sintetico-de-alta-calidad-a-medida-para-cajas-de-joyeria-2\/","og_locale":"es_ES","og_type":"article","og_title":"Custom High Quality Pu Leather Factory for Jewelry Boxes","og_description":"Yudeng, a 37-year Pu Leather Factory, provides high-quality, customizable PU leather for jewelry boxes, offering wholesale pu leather with expert craftsmanship.","og_url":"https:\/\/fjyudeng.com\/es\/producto\/fabrica-de-cuero-sintetico-de-alta-calidad-a-medida-para-cajas-de-joyeria-2\/","og_site_name":"fjyudeng.com","article_modified_time":"2025-11-14T09:27:38+00:00","og_image":[{"width":803,"height":800,"url":"https:\/\/fjyudeng.com\/wp-content\/uploads\/2025\/11\/Custom-High-Quality-Pu-Leather-Factory-for-Jewelry-Boxes-6.jpg","type":"image\/jpeg"}],"twitter_card":"summary_large_image","twitter_misc":{"Tiempo de lectura":"5 minutos"},"schema":{"@context":"https:\/\/schema.org","@graph":[{"@type":"WebPage","@id":"https:\/\/fjyudeng.com\/product\/custom-high-quality-pu-leather-factory-for-jewelry-boxes-2\/","url":"https:\/\/fjyudeng.com\/product\/custom-high-quality-pu-leather-factory-for-jewelry-boxes-2\/","name":"37 Years Custom High Quality Pu Leather Factory for Jewelry Boxes","isPartOf":{"@id":"https:\/\/fjyudeng.com\/#website"},"primaryImageOfPage":{"@id":"https:\/\/fjyudeng.com\/product\/custom-high-quality-pu-leather-factory-for-jewelry-boxes-2\/#primaryimage"},"image":{"@id":"https:\/\/fjyudeng.com\/product\/custom-high-quality-pu-leather-factory-for-jewelry-boxes-2\/#primaryimage"},"thumbnailUrl":"https:\/\/fjyudeng.com\/wp-content\/uploads\/2025\/11\/Custom-High-Quality-Pu-Leather-Factory-for-Jewelry-Boxes-6.jpg","datePublished":"2025-11-10T03:18:24+00:00","dateModified":"2025-11-14T09:27:38+00:00","description":"Yudeng, a 37-year Pu Leather Factory, provides high-quality, customizable PU leather for jewelry boxes, offering wholesale pu leather with expert craftsmanship.","breadcrumb":{"@id":"https:\/\/fjyudeng.com\/product\/custom-high-quality-pu-leather-factory-for-jewelry-boxes-2\/#breadcrumb"},"inLanguage":"es-AR","potentialAction":[{"@type":"ReadAction","target":["https:\/\/fjyudeng.com\/product\/custom-high-quality-pu-leather-factory-for-jewelry-boxes-2\/"]}]},{"@type":"ImageObject","inLanguage":"es-AR","@id":"https:\/\/fjyudeng.com\/product\/custom-high-quality-pu-leather-factory-for-jewelry-boxes-2\/#primaryimage","url":"https:\/\/fjyudeng.com\/wp-content\/uploads\/2025\/11\/Custom-High-Quality-Pu-Leather-Factory-for-Jewelry-Boxes-6.jpg","contentUrl":"https:\/\/fjyudeng.com\/wp-content\/uploads\/2025\/11\/Custom-High-Quality-Pu-Leather-Factory-for-Jewelry-Boxes-6.jpg","width":803,"height":800,"caption":"Custom High Quality Pu Leather Factory for Jewelry Boxes"},{"@type":"BreadcrumbList","@id":"https:\/\/fjyudeng.com\/product\/custom-high-quality-pu-leather-factory-for-jewelry-boxes-2\/#breadcrumb","itemListElement":[{"@type":"ListItem","position":1,"name":"Home","item":"https:\/\/fjyudeng.com\/"},{"@type":"ListItem","position":2,"name":"Products","item":"https:\/\/fjyudeng.com\/products\/"},{"@type":"ListItem","position":3,"name":"Custom High Quality Pu Leather Factory for Jewelry Boxes"}]},{"@type":"WebSite","@id":"https:\/\/fjyudeng.com\/#website","url":"https:\/\/fjyudeng.com\/","name":"fjyudeng.com","description":"","publisher":{"@id":"https:\/\/fjyudeng.com\/#\/schema\/person\/7e41764f047e7552c6ad5bdf5f6d78c7"},"potentialAction":[{"@type":"SearchAction","target":{"@type":"EntryPoint","urlTemplate":"https:\/\/fjyudeng.com\/?s={search_term_string}"},"query-input":"required name=search_term_string"}],"inLanguage":"es-AR"},{"@type":["Person","Organization"],"@id":"https:\/\/fjyudeng.com\/#\/schema\/person\/7e41764f047e7552c6ad5bdf5f6d78c7","name":"yshine03@gmail.com","image":{"@type":"ImageObject","inLanguage":"es-AR","@id":"https:\/\/fjyudeng.com\/#\/schema\/person\/image\/","url":"https:\/\/fjyudeng.com\/wp-content\/uploads\/2025\/04\/yudeng-pu-leather-factory-manufacturer.png","contentUrl":"https:\/\/fjyudeng.com\/wp-content\/uploads\/2025\/04\/yudeng-pu-leather-factory-manufacturer.png","width":588,"height":590,"caption":"yshine03@gmail.com"},"logo":{"@id":"https:\/\/fjyudeng.com\/#\/schema\/person\/image\/"},"sameAs":["https:\/\/fjyudeng.com"]}]}},"_links":{"self":[{"href":"https:\/\/fjyudeng.com\/es\/wp-json\/wp\/v2\/product\/3678","targetHints":{"allow":["GET"]}}],"collection":[{"href":"https:\/\/fjyudeng.com\/es\/wp-json\/wp\/v2\/product"}],"about":[{"href":"https:\/\/fjyudeng.com\/es\/wp-json\/wp\/v2\/types\/product"}],"wp:featuredmedia":[{"embeddable":true,"href":"https:\/\/fjyudeng.com\/es\/wp-json\/wp\/v2\/media\/3696"}],"wp:attachment":[{"href":"https:\/\/fjyudeng.com\/es\/wp-json\/wp\/v2\/media?parent=3678"}],"wp:term":[{"taxonomy":"product_brand","embeddable":true,"href":"https:\/\/fjyudeng.com\/es\/wp-json\/wp\/v2\/product_brand?post=3678"},{"taxonomy":"product_cat","embeddable":true,"href":"https:\/\/fjyudeng.com\/es\/wp-json\/wp\/v2\/product_cat?post=3678"},{"taxonomy":"product_tag","embeddable":true,"href":"https:\/\/fjyudeng.com\/es\/wp-json\/wp\/v2\/product_tag?post=3678"}],"curies":[{"name":"wp","href":"https:\/\/api.w.org\/{rel}","templated":true}]}}