{"id":3021,"date":"2025-07-14T11:06:43","date_gmt":"2025-07-14T03:06:43","guid":{"rendered":"https:\/\/fjyudeng.com\/?post_type=product&#038;p=3021"},"modified":"2025-08-06T17:29:34","modified_gmt":"2025-08-06T09:29:34","slug":"couro-sintetico-olho-de-gato-3d-atacado","status":"publish","type":"product","link":"https:\/\/fjyudeng.com\/pt\/produto\/couro-sintetico-olho-de-gato-3d-atacado\/","title":{"rendered":"Couro sint\u00e9tico 3D Cat Eye Atacado para capas de celular"},"content":{"rendered":"<p style=\"text-align: left;\"><span style=\"color: #000000;\">Cada vez mais fabricantes de capas para celulares est\u00e3o buscando uma experi\u00eancia visual e t\u00e1til \u00fanica, e o couro PU com padr\u00e3o olho de gato 3D \u00e9 uma das op\u00e7\u00f5es populares que se destacam nessa tend\u00eancia. Yudeng, como profissional <a style=\"color: #000000;\" href=\"https:\/\/fjyudeng.com\/pt\/produto\/fabricante-atacadista-de-couro-sintetico-com-padrao-de-futebol-em-diamante\/\"><strong>couro sint\u00e9tico no atacado<\/strong><\/a> f\u00e1brica com muitos anos de experi\u00eancia em <a style=\"color: #000000;\" href=\"https:\/\/fjyudeng.com\/pt\/produto\/fabrica-de-couro-sintetico-da-china-para-embalagens-eletronicas\/\"><strong>Couro sint\u00e9tico PU<\/strong><\/a> fabrica\u00e7\u00e3o, est\u00e1 comprometida em fornecer materiais de PU olho de gato 3D de alta qualidade, ecologicamente corretos e personalizados, que s\u00e3o amplamente utilizados na produ\u00e7\u00e3o personalizada de diversas capas de celular de m\u00e9dio a alto padr\u00e3o.<\/span><\/p>\n<p style=\"text-align: center;\"><img fetchpriority=\"high\" decoding=\"async\" class=\"wp-image-3004 size-full aligncenter\" src=\"https:\/\/fjyudeng.com\/wp-content\/uploads\/2025\/07\/Yudeng-Textile-pu-leather-for-Electronic-Package-Leather.jpg\" alt=\"Couro sint\u00e9tico t\u00eaxtil Yudeng para embalagens eletr\u00f4nicas\" width=\"1200\" height=\"679\" srcset=\"https:\/\/fjyudeng.com\/wp-content\/uploads\/2025\/07\/Yudeng-Textile-pu-leather-for-Electronic-Package-Leather.jpg 1200w, https:\/\/fjyudeng.com\/wp-content\/uploads\/2025\/07\/Yudeng-Textile-pu-leather-for-Electronic-Package-Leather-300x170.jpg 300w, https:\/\/fjyudeng.com\/wp-content\/uploads\/2025\/07\/Yudeng-Textile-pu-leather-for-Electronic-Package-Leather-1024x579.jpg 1024w, https:\/\/fjyudeng.com\/wp-content\/uploads\/2025\/07\/Yudeng-Textile-pu-leather-for-Electronic-Package-Leather-768x435.jpg 768w, https:\/\/fjyudeng.com\/wp-content\/uploads\/2025\/07\/Yudeng-Textile-pu-leather-for-Electronic-Package-Leather-18x10.jpg 18w, https:\/\/fjyudeng.com\/wp-content\/uploads\/2025\/07\/Yudeng-Textile-pu-leather-for-Electronic-Package-Leather-600x340.jpg 600w\" sizes=\"(max-width: 1200px) 100vw, 1200px\" \/> <img decoding=\"async\" class=\"wp-image-3003 size-full aligncenter\" src=\"https:\/\/fjyudeng.com\/wp-content\/uploads\/2025\/07\/Yudeng-pu-leather-for-Electronic-Package-Product-description.jpg\" alt=\"Descri\u00e7\u00e3o do produto em couro pu Yudeng para embalagem eletr\u00f4nica\" width=\"1200\" height=\"1377\" srcset=\"https:\/\/fjyudeng.com\/wp-content\/uploads\/2025\/07\/Yudeng-pu-leather-for-Electronic-Package-Product-description.jpg 1200w, https:\/\/fjyudeng.com\/wp-content\/uploads\/2025\/07\/Yudeng-pu-leather-for-Electronic-Package-Product-description-261x300.jpg 261w, https:\/\/fjyudeng.com\/wp-content\/uploads\/2025\/07\/Yudeng-pu-leather-for-Electronic-Package-Product-description-892x1024.jpg 892w, https:\/\/fjyudeng.com\/wp-content\/uploads\/2025\/07\/Yudeng-pu-leather-for-Electronic-Package-Product-description-768x881.jpg 768w, https:\/\/fjyudeng.com\/wp-content\/uploads\/2025\/07\/Yudeng-pu-leather-for-Electronic-Package-Product-description-10x12.jpg 10w, https:\/\/fjyudeng.com\/wp-content\/uploads\/2025\/07\/Yudeng-pu-leather-for-Electronic-Package-Product-description-600x689.jpg 600w\" sizes=\"(max-width: 1200px) 100vw, 1200px\" \/><\/p>\n<h4><strong><span style=\"color: #ff6600;\">Servi\u00e7o personalizado para criar textura exclusiva da marca<\/span><\/strong><\/h4>\n<p><span style=\"color: #000000;\">Cada marca de capa para celular tem seu pr\u00f3prio posicionamento de estilo e apelo de mercado. O couro PU com padr\u00e3o olho de gato 3D da Yudeng oferece uma gama completa de servi\u00e7os de personaliza\u00e7\u00e3o:<\/span><\/p>\n<ul>\n<li><span style=\"color: #000000;\"><strong>Sele\u00e7\u00e3o de cores:<\/strong> Suporta uma variedade de efeitos de superf\u00edcie, como fosco, perolado, gradiente de arco-\u00edris, brilho met\u00e1lico, centenas de cores populares para escolher e a personaliza\u00e7\u00e3o do n\u00famero de cores PANTONE tamb\u00e9m est\u00e1 dispon\u00edvel;<\/span><\/li>\n<li><span style=\"color: #000000;\"><strong>Faixa de espessura:<\/strong> variando de 0,6 mm a 2,0 mm, fornecendo tipo macio, tipo refor\u00e7ado e outras op\u00e7\u00f5es de acordo com diferentes requisitos de estrutura de capa de celular;<\/span><\/li>\n<li><span style=\"color: #000000;\"><strong>Padr\u00e3o de textura:<\/strong> A ic\u00f4nica textura de olho de gato 3D tem um forte senso tridimensional e tamb\u00e9m pode ser sobreposta com textura de fibra de carbono, textura de lichia, gr\u00e3os perolados e outras texturas para enriquecer o design da apar\u00eancia;<\/span><\/li>\n<li><span style=\"color: #000000;\"><strong>Material de apoio:<\/strong> Suporta suportes como rayon, tecidos n\u00e3o-tecidos, tecidos de malha e tecidos de l\u00e3 para melhorar a ades\u00e3o e a sensa\u00e7\u00e3o, al\u00e9m de se adaptar a diferentes processos, como prensagem a quente, colagem, costura, etc.<\/span><\/li>\n<\/ul>\n<p><span style=\"color: #000000;\">N\u00e3o importa se voc\u00ea est\u00e1 procurando um design simples e leve ou uma estrutura r\u00edgida com encaderna\u00e7\u00e3o, podemos fornecer a melhor solu\u00e7\u00e3o de combina\u00e7\u00e3o de estrutura de couro.<\/span><\/p>\n<p>&nbsp;<\/p>\n<h4><span style=\"color: #ff6600;\"><strong>REACH\/ROHS\/OEK<span style=\"color: #ff6600;\">O-TEX\u00ae env<\/span>certifica\u00e7\u00e3o ferromental<\/strong><\/span><\/h4>\n<p><span style=\"color: #000000;\">Sabemos que a prote\u00e7\u00e3o ambiental, a sa\u00fade e a seguran\u00e7a se tornaram o cerne do mercado consumidor global. Por isso, o couro PU olho de gato 3D fornecido pela Yudeng passou pelas seguintes certifica\u00e7\u00f5es internacionais para garantir que seus produtos sejam entregues sem preocupa\u00e7\u00f5es em todo o mundo:<\/span><\/p>\n<ul>\n<li><span style=\"color: #000000;\"><strong>Certifica\u00e7\u00e3o T\u00dcV Rheinland:<\/strong> garantir que os materiais atendam aos padr\u00f5es globais de testes de qualidade;<\/span><\/li>\n<li><span style=\"color: #000000;\"><strong>Certifica\u00e7\u00e3o de registro REACH:<\/strong> cumpre integralmente com os elevados padr\u00f5es da UE para regulamenta\u00e7\u00f5es ambientais relativas a produtos qu\u00edmicos;<\/span><\/li>\n<li><span style=\"color: #000000;\"><strong>Certifica\u00e7\u00e3o da diretiva ROHS:<\/strong> n\u00e3o cont\u00e9m nenhuma subst\u00e2ncia met\u00e1lica pesada que seja prejudicial ao corpo humano;<\/span><\/li>\n<li><span style=\"color: #000000;\"><strong>Norma OEKO-TEX\u00ae 100:<\/strong> Passou no teste de seguran\u00e7a ecol\u00f3gica t\u00eaxtil, pode entrar em contato direto com a pele, adequado para itens pessoais di\u00e1rios, como capas de celular.<\/span><\/li>\n<\/ul>\n<p><span style=\"color: #000000;\">Isso significa que fornecemos n\u00e3o apenas um couro bonito, mas tamb\u00e9m um material saud\u00e1vel, seguro para tocar, usar e transportar.<\/span><\/p>\n<p style=\"text-align: center;\"><img decoding=\"async\" class=\"aligncenter wp-image-2744 size-full\" src=\"Certificado do produto Yudeng\" alt=\"Certificado de produto Yudeng\" width=\"1200\" height=\"644\" srcset=\"\" sizes=\"(max-width: 1200px) 100vw, 1200px\" data-srcset=\"\" \/><\/p>\n<h4><strong><span style=\"color: #ff6600;\">Aplica\u00e7\u00e3o de Produ\u00e7\u00e3o<\/span><\/strong><\/h4>\n<p><span style=\"color: #000000;\">O couro PU olho de gato 3D n\u00e3o s\u00f3 proporciona um efeito de textura \u00fanico, mas tamb\u00e9m, devido \u00e0 sua refra\u00e7\u00e3o de luz e sombra, apresenta um forte senso tridimensional, brilho delicado e natural, e se tornou o principal tecido que muitas marcas de capas para celular est\u00e3o competindo para usar.<\/span><\/p>\n<p><span style=\"color: #000000;\">As principais \u00e1reas de aplica\u00e7\u00e3o incluem:<\/span><\/p>\n<ul>\n<li><span style=\"color: #000000;\"><strong>Capa de celular fashion:<\/strong> Especialmente adequado para o mercado feminino, o brilho olho de gato \u00e9 combinado com cores populares para real\u00e7ar a sensa\u00e7\u00e3o de alta qualidade de toda a capa do celular;<\/span><\/li>\n<li><span style=\"color: #000000;\"><strong>Estojo personalizado da marca:<\/strong> Crie uma apar\u00eancia de produto diferenciada para marcas de com\u00e9rcio eletr\u00f4nico e presentes de alto padr\u00e3o;<\/span><\/li>\n<li><span style=\"color: #000000;\"><strong>S\u00e9rie de marcas de moda conjuntas:<\/strong> Sobrepor processos especiais, como hot stamping e logotipos em relevo, para aumentar o valor da marca;<\/span><\/li>\n<li><span style=\"color: #000000;\"><strong>Combina\u00e7\u00e3o de cascos de embarca\u00e7\u00f5es multimateriais:<\/strong> Pode ser usado em combina\u00e7\u00e3o com materiais como TPU, silicone, revestimentos de PC, etc. para obter decora\u00e7\u00e3o e integra\u00e7\u00e3o estrutural.<\/span><\/li>\n<\/ul>\n<p><span style=\"color: #000000;\">\u00c9 particularmente adequado para processos de moldagem por prensagem a quente de pe\u00e7as \u00fanicas e moldagem por colagem, o que garante firmeza e est\u00e9tica.<\/span><\/p>\n<p style=\"text-align: center;\"><img loading=\"lazy\" decoding=\"async\" class=\"wp-image-3005 size-full aligncenter\" src=\"https:\/\/fjyudeng.com\/wp-content\/uploads\/2025\/07\/pu-leather-for-Electronic-Package-application.jpg\" alt=\"couro pu para aplica\u00e7\u00e3o em embalagens eletr\u00f4nicas\" width=\"1200\" height=\"688\" srcset=\"https:\/\/fjyudeng.com\/wp-content\/uploads\/2025\/07\/pu-leather-for-Electronic-Package-application.jpg 1200w, https:\/\/fjyudeng.com\/wp-content\/uploads\/2025\/07\/pu-leather-for-Electronic-Package-application-300x172.jpg 300w, https:\/\/fjyudeng.com\/wp-content\/uploads\/2025\/07\/pu-leather-for-Electronic-Package-application-1024x587.jpg 1024w, https:\/\/fjyudeng.com\/wp-content\/uploads\/2025\/07\/pu-leather-for-Electronic-Package-application-768x440.jpg 768w, https:\/\/fjyudeng.com\/wp-content\/uploads\/2025\/07\/pu-leather-for-Electronic-Package-application-18x10.jpg 18w, https:\/\/fjyudeng.com\/wp-content\/uploads\/2025\/07\/pu-leather-for-Electronic-Package-application-600x344.jpg 600w\" sizes=\"(max-width: 1200px) 100vw, 1200px\" \/><\/p>\n<h4><strong><span style=\"color: #ff6600;\">Vantagem de f\u00e1brica<\/span><\/strong><\/h4>\n<p><span style=\"color: #000000;\">Escolher Yudeng para coopera\u00e7\u00e3o n\u00e3o \u00e9 apenas escolher um produto de couro, mas tamb\u00e9m escolher um profissional e confi\u00e1vel <a href=\"https:\/\/fjyudeng.com\/pt\/produto\/fabricante-de-couro-de-poliuretano-para-decoracao-de-casa\/\"><strong>falso <\/strong><\/a><\/span><strong><span style=\"color: #000000;\">fornecedores de couro<\/span><\/strong><span style=\"color: #000000;\"> equipe. N\u00f3s temos:<\/span><\/p>\n<ul>\n<li><span style=\"color: #000000;\">Mais de 35 anos de experi\u00eancia em P&amp;D e fabrica\u00e7\u00e3o de couro PU.<\/span><\/li>\n<li><span style=\"color: #000000;\">Departamento independente de desenvolvimento de texturas, lan\u00e7ando novas texturas a cada trimestre para acompanhar as tend\u00eancias do mercado.<\/span><\/li>\n<li><span style=\"color: #000000;\">Equipamentos avan\u00e7ados de estampagem, lamina\u00e7\u00e3o, colagem e tratamento de superf\u00edcie para garantir consist\u00eancia de qualidade na produ\u00e7\u00e3o em massa.<\/span><\/li>\n<li><span style=\"color: #000000;\">A produ\u00e7\u00e3o anual ultrapassa 30 milh\u00f5es de metros, garantindo fornecimento est\u00e1vel e entrega r\u00e1pida de grandes produtos.<\/span><\/li>\n<li><span style=\"color: #000000;\">Suporte completo ao processo OEM\/ODM: desde a fabrica\u00e7\u00e3o de amostras, correspond\u00eancia de efeitos, produ\u00e7\u00e3o em massa at\u00e9 servi\u00e7os de embalagem para exporta\u00e7\u00e3o internacional, conclus\u00e3o completa.<\/span><\/li>\n<\/ul>\n<p><span style=\"color: #000000;\">Estabelecemos uma coopera\u00e7\u00e3o de longo prazo com muitas marcas internacionais de acess\u00f3rios para celulares e temos experi\u00eancia madura no fornecimento de servi\u00e7os personalizados de alta qualidade para clientes globais.<\/span><\/p>\n<p>&nbsp;<\/p>\n<p><span style=\"color: #000000;\">Uma capa de celular n\u00e3o \u00e9 apenas um acess\u00f3rio, mas tamb\u00e9m uma apresenta\u00e7\u00e3o intuitiva do temperamento da marca e do gosto do consumidor. O couro PU com padr\u00e3o olho de gato 3D da Yudeng combina beleza fashion com desempenho ambiental, injetando competitividade diferenciada aos seus produtos. Seja voc\u00ea propriet\u00e1rio de uma marca, f\u00e1brica ou operador de e-commerce, teremos prazer em personalizar uma solu\u00e7\u00e3o exclusiva em couro PU para voc\u00ea.<\/span><\/p>\n<p><span style=\"color: #000000;\">Entre em contato conosco para obter amostras gr\u00e1tis e come\u00e7ar sua jornada de personaliza\u00e7\u00e3o!<\/span><\/p>\n<p style=\"text-align: center;\"><img loading=\"lazy\" decoding=\"async\" class=\"aligncenter wp-image-2741 size-full\" src=\"https:\/\/fjyudeng.com\/wp-content\/uploads\/2025\/06\/Yudeng-Factory-and-Company.jpg\" alt=\"F\u00e1brica e Companhia Yudeng\" width=\"1200\" height=\"878\" srcset=\"https:\/\/fjyudeng.com\/wp-content\/uploads\/2025\/06\/Yudeng-Factory-and-Company.jpg 1200w, https:\/\/fjyudeng.com\/wp-content\/uploads\/2025\/06\/Yudeng-Factory-and-Company-600x439.jpg 600w, https:\/\/fjyudeng.com\/wp-content\/uploads\/2025\/06\/Yudeng-Factory-and-Company-300x220.jpg 300w, https:\/\/fjyudeng.com\/wp-content\/uploads\/2025\/06\/Yudeng-Factory-and-Company-1024x749.jpg 1024w, https:\/\/fjyudeng.com\/wp-content\/uploads\/2025\/06\/Yudeng-Factory-and-Company-768x562.jpg 768w, https:\/\/fjyudeng.com\/wp-content\/uploads\/2025\/06\/Yudeng-Factory-and-Company-16x12.jpg 16w\" sizes=\"(max-width: 1200px) 100vw, 1200px\" \/><\/p>\n<p style=\"text-align: center;\"><img loading=\"lazy\" decoding=\"async\" class=\"aligncenter wp-image-2739 size-full\" src=\"https:\/\/fjyudeng.com\/wp-content\/uploads\/2025\/06\/Yudeng-Exhibition-and-Partner.jpg\" alt=\"\" width=\"1200\" height=\"1566\" \/><\/p>","protected":false},"excerpt":{"rendered":"<ul>\n<li>\n<h5><span style=\"color: #000000;\">Pedido m\u00ednimo: 300 metros<\/span><\/h5>\n<\/li>\n<li>\n<h5><span style=\"color: #000000;\">37 anos de f\u00e1brica de couro sint\u00e9tico<\/span><\/h5>\n<\/li>\n<li>\n<h5><span style=\"color: #000000;\">50000m\u00b2 de \u00e1rea fabril<\/span><\/h5>\n<\/li>\n<li>\n<h5><span style=\"color: #000000;\">10 Linhas de produ\u00e7\u00e3o<\/span><\/h5>\n<\/li>\n<li class=\"elementor-heading-title elementor-size-default\">\n<h5><span style=\"color: #000000;\">Mais de 400 texturas dispon\u00edveis<\/span><\/h5>\n<\/li>\n<li class=\"elementor-heading-title elementor-size-default\">\n<h5><span style=\"color: #000000;\">Certificado REACH\/ROHS\/OEKO-TEX\u00ae<\/span><\/h5>\n<\/li>\n<\/ul>","protected":false},"featured_media":3022,"template":"","meta":[],"product_brand":[],"product_cat":[34],"product_tag":[],"class_list":{"0":"post-3021","1":"product","2":"type-product","3":"status-publish","4":"has-post-thumbnail","6":"product_cat-electronic-package-leather","8":"first","9":"instock","10":"shipping-taxable","11":"product-type-simple"},"yoast_head":"<!-- This site is optimized with the Yoast SEO Premium plugin v22.8 (Yoast SEO v22.8) - https:\/\/yoast.com\/wordpress\/plugins\/seo\/ -->\n<title>3D Cat Eye Synthetic Leather Wholesale Factory - Yudeng<\/title>\n<meta name=\"description\" content=\"Yudeng as a faux leather suppliers with 37 years of manufacturing experience, we are committed to providing high-quality, environmentally friendly 3D cat&#039;s eye PU leather. Welcome to contact us to get free samples and start your customization journey!\" \/>\n<meta name=\"robots\" content=\"index, follow, max-snippet:-1, max-image-preview:large, max-video-preview:-1\" \/>\n<link rel=\"canonical\" href=\"https:\/\/fjyudeng.com\/pt\/produto\/couro-sintetico-olho-de-gato-3d-atacado\/\" \/>\n<meta property=\"og:locale\" content=\"pt_BR\" \/>\n<meta property=\"og:type\" content=\"article\" \/>\n<meta property=\"og:title\" content=\"3D Cat Eye Synthetic Leather Wholesale for Mobile Phone Cases\" \/>\n<meta property=\"og:description\" content=\"Yudeng as a faux leather suppliers with 37 years of manufacturing experience, we are committed to providing high-quality, environmentally friendly 3D cat&#039;s eye PU leather. Welcome to contact us to get free samples and start your customization journey!\" \/>\n<meta property=\"og:url\" content=\"https:\/\/fjyudeng.com\/pt\/produto\/couro-sintetico-olho-de-gato-3d-atacado\/\" \/>\n<meta property=\"og:site_name\" content=\"fjyudeng.com\" \/>\n<meta property=\"article:modified_time\" content=\"2025-08-06T09:29:34+00:00\" \/>\n<meta property=\"og:image\" content=\"https:\/\/fjyudeng.com\/wp-content\/uploads\/2025\/07\/3D-Cat-Eye-Synthetic-Leather-Wholesale.jpg\" \/>\n\t<meta property=\"og:image:width\" content=\"800\" \/>\n\t<meta property=\"og:image:height\" content=\"800\" \/>\n\t<meta property=\"og:image:type\" content=\"image\/jpeg\" \/>\n<meta name=\"twitter:card\" content=\"summary_large_image\" \/>\n<meta name=\"twitter:label1\" content=\"Est. tempo de leitura\" \/>\n\t<meta name=\"twitter:data1\" content=\"5 minutos\" \/>\n<script type=\"application\/ld+json\" class=\"yoast-schema-graph\">{\"@context\":\"https:\/\/schema.org\",\"@graph\":[{\"@type\":\"WebPage\",\"@id\":\"https:\/\/fjyudeng.com\/product\/3d-cat-eye-synthetic-leather-whoesale\/\",\"url\":\"https:\/\/fjyudeng.com\/product\/3d-cat-eye-synthetic-leather-whoesale\/\",\"name\":\"3D Cat Eye Synthetic Leather Wholesale Factory - Yudeng\",\"isPartOf\":{\"@id\":\"https:\/\/fjyudeng.com\/#website\"},\"primaryImageOfPage\":{\"@id\":\"https:\/\/fjyudeng.com\/product\/3d-cat-eye-synthetic-leather-whoesale\/#primaryimage\"},\"image\":{\"@id\":\"https:\/\/fjyudeng.com\/product\/3d-cat-eye-synthetic-leather-whoesale\/#primaryimage\"},\"thumbnailUrl\":\"https:\/\/fjyudeng.com\/wp-content\/uploads\/2025\/07\/3D-Cat-Eye-Synthetic-Leather-Wholesale.jpg\",\"datePublished\":\"2025-07-14T03:06:43+00:00\",\"dateModified\":\"2025-08-06T09:29:34+00:00\",\"description\":\"Yudeng as a faux leather suppliers with 37 years of manufacturing experience, we are committed to providing high-quality, environmentally friendly 3D cat's eye PU leather. Welcome to contact us to get free samples and start your customization journey!\",\"breadcrumb\":{\"@id\":\"https:\/\/fjyudeng.com\/product\/3d-cat-eye-synthetic-leather-whoesale\/#breadcrumb\"},\"inLanguage\":\"pt-BR\",\"potentialAction\":[{\"@type\":\"ReadAction\",\"target\":[\"https:\/\/fjyudeng.com\/product\/3d-cat-eye-synthetic-leather-whoesale\/\"]}]},{\"@type\":\"ImageObject\",\"inLanguage\":\"pt-BR\",\"@id\":\"https:\/\/fjyudeng.com\/product\/3d-cat-eye-synthetic-leather-whoesale\/#primaryimage\",\"url\":\"https:\/\/fjyudeng.com\/wp-content\/uploads\/2025\/07\/3D-Cat-Eye-Synthetic-Leather-Wholesale.jpg\",\"contentUrl\":\"https:\/\/fjyudeng.com\/wp-content\/uploads\/2025\/07\/3D-Cat-Eye-Synthetic-Leather-Wholesale.jpg\",\"width\":800,\"height\":800},{\"@type\":\"BreadcrumbList\",\"@id\":\"https:\/\/fjyudeng.com\/product\/3d-cat-eye-synthetic-leather-whoesale\/#breadcrumb\",\"itemListElement\":[{\"@type\":\"ListItem\",\"position\":1,\"name\":\"Home\",\"item\":\"https:\/\/fjyudeng.com\/\"},{\"@type\":\"ListItem\",\"position\":2,\"name\":\"Products\",\"item\":\"https:\/\/fjyudeng.com\/products\/\"},{\"@type\":\"ListItem\",\"position\":3,\"name\":\"3D Cat Eye Synthetic Leather Wholesale for Mobile Phone Cases\"}]},{\"@type\":\"WebSite\",\"@id\":\"https:\/\/fjyudeng.com\/#website\",\"url\":\"https:\/\/fjyudeng.com\/\",\"name\":\"fjyudeng.com\",\"description\":\"\",\"publisher\":{\"@id\":\"https:\/\/fjyudeng.com\/#\/schema\/person\/7e41764f047e7552c6ad5bdf5f6d78c7\"},\"potentialAction\":[{\"@type\":\"SearchAction\",\"target\":{\"@type\":\"EntryPoint\",\"urlTemplate\":\"https:\/\/fjyudeng.com\/?s={search_term_string}\"},\"query-input\":\"required name=search_term_string\"}],\"inLanguage\":\"pt-BR\"},{\"@type\":[\"Person\",\"Organization\"],\"@id\":\"https:\/\/fjyudeng.com\/#\/schema\/person\/7e41764f047e7552c6ad5bdf5f6d78c7\",\"name\":\"yshine03@gmail.com\",\"image\":{\"@type\":\"ImageObject\",\"inLanguage\":\"pt-BR\",\"@id\":\"https:\/\/fjyudeng.com\/#\/schema\/person\/image\/\",\"url\":\"https:\/\/fjyudeng.com\/wp-content\/uploads\/2025\/04\/yudeng-pu-leather-factory-manufacturer.png\",\"contentUrl\":\"https:\/\/fjyudeng.com\/wp-content\/uploads\/2025\/04\/yudeng-pu-leather-factory-manufacturer.png\",\"width\":588,\"height\":590,\"caption\":\"yshine03@gmail.com\"},\"logo\":{\"@id\":\"https:\/\/fjyudeng.com\/#\/schema\/person\/image\/\"},\"sameAs\":[\"https:\/\/fjyudeng.com\"]}]}<\/script>\n<!-- \/ Yoast SEO Premium plugin. -->","yoast_head_json":{"title":"3D Cat Eye Synthetic Leather Wholesale Factory - Yudeng","description":"Yudeng as a faux leather suppliers with 37 years of manufacturing experience, we are committed to providing high-quality, environmentally friendly 3D cat's eye PU leather. Welcome to contact us to get free samples and start your customization journey!","robots":{"index":"index","follow":"follow","max-snippet":"max-snippet:-1","max-image-preview":"max-image-preview:large","max-video-preview":"max-video-preview:-1"},"canonical":"https:\/\/fjyudeng.com\/pt\/produto\/couro-sintetico-olho-de-gato-3d-atacado\/","og_locale":"pt_BR","og_type":"article","og_title":"3D Cat Eye Synthetic Leather Wholesale for Mobile Phone Cases","og_description":"Yudeng as a faux leather suppliers with 37 years of manufacturing experience, we are committed to providing high-quality, environmentally friendly 3D cat's eye PU leather. Welcome to contact us to get free samples and start your customization journey!","og_url":"https:\/\/fjyudeng.com\/pt\/produto\/couro-sintetico-olho-de-gato-3d-atacado\/","og_site_name":"fjyudeng.com","article_modified_time":"2025-08-06T09:29:34+00:00","og_image":[{"width":800,"height":800,"url":"https:\/\/fjyudeng.com\/wp-content\/uploads\/2025\/07\/3D-Cat-Eye-Synthetic-Leather-Wholesale.jpg","type":"image\/jpeg"}],"twitter_card":"summary_large_image","twitter_misc":{"Est. tempo de leitura":"5 minutos"},"schema":{"@context":"https:\/\/schema.org","@graph":[{"@type":"WebPage","@id":"https:\/\/fjyudeng.com\/product\/3d-cat-eye-synthetic-leather-whoesale\/","url":"https:\/\/fjyudeng.com\/product\/3d-cat-eye-synthetic-leather-whoesale\/","name":"3D Cat Eye Synthetic Leather Wholesale Factory - Yudeng","isPartOf":{"@id":"https:\/\/fjyudeng.com\/#website"},"primaryImageOfPage":{"@id":"https:\/\/fjyudeng.com\/product\/3d-cat-eye-synthetic-leather-whoesale\/#primaryimage"},"image":{"@id":"https:\/\/fjyudeng.com\/product\/3d-cat-eye-synthetic-leather-whoesale\/#primaryimage"},"thumbnailUrl":"https:\/\/fjyudeng.com\/wp-content\/uploads\/2025\/07\/3D-Cat-Eye-Synthetic-Leather-Wholesale.jpg","datePublished":"2025-07-14T03:06:43+00:00","dateModified":"2025-08-06T09:29:34+00:00","description":"Yudeng as a faux leather suppliers with 37 years of manufacturing experience, we are committed to providing high-quality, environmentally friendly 3D cat's eye PU leather. Welcome to contact us to get free samples and start your customization journey!","breadcrumb":{"@id":"https:\/\/fjyudeng.com\/product\/3d-cat-eye-synthetic-leather-whoesale\/#breadcrumb"},"inLanguage":"pt-BR","potentialAction":[{"@type":"ReadAction","target":["https:\/\/fjyudeng.com\/product\/3d-cat-eye-synthetic-leather-whoesale\/"]}]},{"@type":"ImageObject","inLanguage":"pt-BR","@id":"https:\/\/fjyudeng.com\/product\/3d-cat-eye-synthetic-leather-whoesale\/#primaryimage","url":"https:\/\/fjyudeng.com\/wp-content\/uploads\/2025\/07\/3D-Cat-Eye-Synthetic-Leather-Wholesale.jpg","contentUrl":"https:\/\/fjyudeng.com\/wp-content\/uploads\/2025\/07\/3D-Cat-Eye-Synthetic-Leather-Wholesale.jpg","width":800,"height":800},{"@type":"BreadcrumbList","@id":"https:\/\/fjyudeng.com\/product\/3d-cat-eye-synthetic-leather-whoesale\/#breadcrumb","itemListElement":[{"@type":"ListItem","position":1,"name":"Home","item":"https:\/\/fjyudeng.com\/"},{"@type":"ListItem","position":2,"name":"Products","item":"https:\/\/fjyudeng.com\/products\/"},{"@type":"ListItem","position":3,"name":"3D Cat Eye Synthetic Leather Wholesale for Mobile Phone Cases"}]},{"@type":"WebSite","@id":"https:\/\/fjyudeng.com\/#website","url":"https:\/\/fjyudeng.com\/","name":"fjyudeng.com","description":"","publisher":{"@id":"https:\/\/fjyudeng.com\/#\/schema\/person\/7e41764f047e7552c6ad5bdf5f6d78c7"},"potentialAction":[{"@type":"SearchAction","target":{"@type":"EntryPoint","urlTemplate":"https:\/\/fjyudeng.com\/?s={search_term_string}"},"query-input":"required name=search_term_string"}],"inLanguage":"pt-BR"},{"@type":["Person","Organization"],"@id":"https:\/\/fjyudeng.com\/#\/schema\/person\/7e41764f047e7552c6ad5bdf5f6d78c7","name":"yshine03@gmail.com","image":{"@type":"ImageObject","inLanguage":"pt-BR","@id":"https:\/\/fjyudeng.com\/#\/schema\/person\/image\/","url":"https:\/\/fjyudeng.com\/wp-content\/uploads\/2025\/04\/yudeng-pu-leather-factory-manufacturer.png","contentUrl":"https:\/\/fjyudeng.com\/wp-content\/uploads\/2025\/04\/yudeng-pu-leather-factory-manufacturer.png","width":588,"height":590,"caption":"yshine03@gmail.com"},"logo":{"@id":"https:\/\/fjyudeng.com\/#\/schema\/person\/image\/"},"sameAs":["https:\/\/fjyudeng.com"]}]}},"_links":{"self":[{"href":"https:\/\/fjyudeng.com\/pt\/wp-json\/wp\/v2\/product\/3021","targetHints":{"allow":["GET"]}}],"collection":[{"href":"https:\/\/fjyudeng.com\/pt\/wp-json\/wp\/v2\/product"}],"about":[{"href":"https:\/\/fjyudeng.com\/pt\/wp-json\/wp\/v2\/types\/product"}],"wp:featuredmedia":[{"embeddable":true,"href":"https:\/\/fjyudeng.com\/pt\/wp-json\/wp\/v2\/media\/3022"}],"wp:attachment":[{"href":"https:\/\/fjyudeng.com\/pt\/wp-json\/wp\/v2\/media?parent=3021"}],"wp:term":[{"taxonomy":"product_brand","embeddable":true,"href":"https:\/\/fjyudeng.com\/pt\/wp-json\/wp\/v2\/product_brand?post=3021"},{"taxonomy":"product_cat","embeddable":true,"href":"https:\/\/fjyudeng.com\/pt\/wp-json\/wp\/v2\/product_cat?post=3021"},{"taxonomy":"product_tag","embeddable":true,"href":"https:\/\/fjyudeng.com\/pt\/wp-json\/wp\/v2\/product_tag?post=3021"}],"curies":[{"name":"wp","href":"https:\/\/api.w.org\/{rel}","templated":true}]}}