{"id":3062,"date":"2025-07-25T09:46:25","date_gmt":"2025-07-25T01:46:25","guid":{"rendered":"https:\/\/fjyudeng.com\/?post_type=product&#038;p=3062"},"modified":"2025-08-06T17:24:34","modified_gmt":"2025-08-06T09:24:34","slug":"fabricante-atacadista-de-caixas-de-couro-pu-ondulado-fino","status":"publish","type":"product","link":"https:\/\/fjyudeng.com\/pt\/produto\/fabricante-atacadista-de-caixas-de-couro-pu-ondulado-fino\/","title":{"rendered":"Fabricante de couro sint\u00e9tico ondulado fino em caixa de atacado"},"content":{"rendered":"<p><span style=\"color: #000000;\">Yudeng <a style=\"color: #000000;\" href=\"https:\/\/fjyudeng.com\/pt\/produto\/fabricante-de-couro-sintetico-de-grao-cruzado\/\"><strong>fabricantes de couro sint\u00e9tico<\/strong><\/a> Produzimos couro PU de alta qualidade com textura granulada, tamb\u00e9m conhecido como &quot;couro ondulado fino&quot; ou &quot;PU vertical fino&quot;, que possui uma textura clara e natural, e a textura vertical confere um toque biomim\u00e9tico. A superf\u00edcie apresenta uma textura levemente brilhante e reflexiva, que combina um ar sofisticado e moderno. Seja em tons de dourado claro, marrom chocolate, vermelho rosado ou champanhe, adapta-se perfeitamente a diversos estilos de embalagens.<\/span><\/p>\n<p><span style=\"color: #000000;\"><strong>Caracter\u00edsticas da textura:<\/strong> Delicado e uniforme, inspirado na disposi\u00e7\u00e3o simplificada da pelagem natural dos animais, com ricos n\u00edveis visuais.<\/span><\/p>\n<p><span style=\"color: #000000;\"><strong>Faixa de espessura:<\/strong> Convencionalmente, a espessura varia de 0,6 mm a 1,2 mm, mas pode ser personalizada de acordo com as necessidades do cliente.<\/span><\/p>\n<p><span style=\"color: #000000;\"><strong>Personaliza\u00e7\u00e3o de cores:<\/strong> Suporta a personaliza\u00e7\u00e3o de n\u00fameros de cores Pantone e tamb\u00e9m pode fornecer servi\u00e7os de correspond\u00eancia de amostras f\u00edsicas de cores.<\/span><\/p>\n<p><span style=\"color: #000000;\"><strong>Tipo de suporte:<\/strong> Tecido de poli\u00e9ster tricotado, tecido n\u00e3o tecido artificial, tecido de algod\u00e3o puro e outros revestimentos s\u00e3o opcionais para atender \u00e0s diferentes necessidades de resist\u00eancia estrutural e processabilidade.<\/span><\/p>\n<p style=\"text-align: center;\">\u00a0<img fetchpriority=\"high\" decoding=\"async\" class=\"wp-image-3000 size-full aligncenter\" src=\"https:\/\/fjyudeng.com\/wp-content\/uploads\/2025\/07\/Yudeng-Textile-pu-leather-for-jewelry-box.jpg\" alt=\"Yudeng Textile couro pu para caixa de joias\" width=\"1200\" height=\"679\" srcset=\"https:\/\/fjyudeng.com\/wp-content\/uploads\/2025\/07\/Yudeng-Textile-pu-leather-for-jewelry-box.jpg 1200w, https:\/\/fjyudeng.com\/wp-content\/uploads\/2025\/07\/Yudeng-Textile-pu-leather-for-jewelry-box-300x170.jpg 300w, https:\/\/fjyudeng.com\/wp-content\/uploads\/2025\/07\/Yudeng-Textile-pu-leather-for-jewelry-box-1024x579.jpg 1024w, https:\/\/fjyudeng.com\/wp-content\/uploads\/2025\/07\/Yudeng-Textile-pu-leather-for-jewelry-box-768x435.jpg 768w, https:\/\/fjyudeng.com\/wp-content\/uploads\/2025\/07\/Yudeng-Textile-pu-leather-for-jewelry-box-18x10.jpg 18w, https:\/\/fjyudeng.com\/wp-content\/uploads\/2025\/07\/Yudeng-Textile-pu-leather-for-jewelry-box-600x340.jpg 600w\" sizes=\"(max-width: 1200px) 100vw, 1200px\" \/><img decoding=\"async\" class=\"wp-image-2999 size-full aligncenter\" src=\"https:\/\/fjyudeng.com\/wp-content\/uploads\/2025\/07\/Yudeng-pu-leather-for-jewelry-box-Product-description.jpg\" alt=\"Descri\u00e7\u00e3o do produto em couro sint\u00e9tico Yudeng Textil para caixa de joias\" width=\"1200\" height=\"1377\" srcset=\"https:\/\/fjyudeng.com\/wp-content\/uploads\/2025\/07\/Yudeng-pu-leather-for-jewelry-box-Product-description.jpg 1200w, https:\/\/fjyudeng.com\/wp-content\/uploads\/2025\/07\/Yudeng-pu-leather-for-jewelry-box-Product-description-261x300.jpg 261w, https:\/\/fjyudeng.com\/wp-content\/uploads\/2025\/07\/Yudeng-pu-leather-for-jewelry-box-Product-description-892x1024.jpg 892w, https:\/\/fjyudeng.com\/wp-content\/uploads\/2025\/07\/Yudeng-pu-leather-for-jewelry-box-Product-description-768x881.jpg 768w, https:\/\/fjyudeng.com\/wp-content\/uploads\/2025\/07\/Yudeng-pu-leather-for-jewelry-box-Product-description-10x12.jpg 10w, https:\/\/fjyudeng.com\/wp-content\/uploads\/2025\/07\/Yudeng-pu-leather-for-jewelry-box-Product-description-600x689.jpg 600w\" sizes=\"(max-width: 1200px) 100vw, 1200px\" \/><\/p>\n<h4><span style=\"color: #ff6600;\">Servi\u00e7o personalizado para criar textura exclusiva da marca<\/span><\/h4>\n<p><span style=\"color: #000000;\">Sabemos que as necessidades de embalagem de cada cliente s\u00e3o \u00fanicas. Por isso, a Yudeng oferece servi\u00e7os de personaliza\u00e7\u00e3o altamente flex\u00edveis, que abrangem:<\/span><\/p>\n<p><span style=\"color: #000000;\"><strong>Personaliza\u00e7\u00e3o de cores:<\/strong> Suporta qualquer configura\u00e7\u00e3o de cor com n\u00famero Pantone para atender aos requisitos de consist\u00eancia da marca.<\/span><\/p>\n<p><span style=\"color: #000000;\"><strong>Ajuste de espessura:<\/strong> De 0,5 mm de espessura a 1,5 mm de espessura, adaptando-se a diferentes requisitos estruturais.<\/span><\/p>\n<p><span style=\"color: #000000;\"><strong>Personaliza\u00e7\u00e3o de textura:<\/strong> Al\u00e9m da textura de gr\u00e3o de rato, tamb\u00e9m \u00e9 poss\u00edvel oferecer combina\u00e7\u00f5es de texturas mistas, como ondula\u00e7\u00e3o da \u00e1gua, gr\u00e3o de lichia, sarja, relevo, etc.<\/span><\/p>\n<p><span style=\"color: #000000;\"><strong>Sele\u00e7\u00e3o de apoio:<\/strong> Tecido de malha, tecido el\u00e1stico, tecido floculado, tecido n\u00e3o tecido e outras solu\u00e7\u00f5es de refor\u00e7o estrutural.<\/span><\/p>\n<p><span style=\"color: #000000;\"><strong>Tratamento de superf\u00edcie:<\/strong> Acabamento fosco, brilhante, perolado, galvanizado, fosco ou com tratamento resistente a riscos.<\/span><\/p>\n<p><span style=\"color: #000000;\">Aceitamos encomendas OEM\/ODM e podemos auxiliar os clientes em todo o processo, desde a produ\u00e7\u00e3o de amostras e a produ\u00e7\u00e3o em massa at\u00e9 a embalagem e o envio.<\/span><\/p>\n<p>&nbsp;<\/p>\n<h4><span style=\"color: #ff6600;\"><strong>REACH\/ROHS\/OEK<span style=\"color: #ff6600;\">O-TEX\u00ae env<\/span>certifica\u00e7\u00e3o ferromental<\/strong><\/span><\/h4>\n<p><span style=\"color: #000000;\">A Yudeng sempre se comprometeu a fornecer aos clientes produtos de couro sint\u00e9tico confi\u00e1veis, ecol\u00f3gicos e sustent\u00e1veis. Oferecemos servi\u00e7o de entrega de amostras gr\u00e1tis para que os clientes possam tocar, testar e confirmar a textura e as propriedades do couro.<\/span><\/p>\n<p><span style=\"color: #000000;\">Nossos produtos em couro PU com textura de gr\u00e3o de rato passaram pelas seguintes certifica\u00e7\u00f5es para garantir seu desempenho superior em prote\u00e7\u00e3o ambiental e sa\u00fade e seguran\u00e7a:<\/span><\/p>\n<ul>\n<li><span style=\"color: #000000;\">Certifica\u00e7\u00e3o T\u00dcV Rheinland<\/span><\/li>\n<li><span style=\"color: #000000;\">Conformidade com o REACH (Regulamento Europeu de Gest\u00e3o de Produtos Qu\u00edmicos)<\/span><\/li>\n<li><span style=\"color: #000000;\">Certifica\u00e7\u00e3o RoHS (Restri\u00e7\u00e3o de Subst\u00e2ncias Perigosas)<\/span><\/li>\n<li><span style=\"color: #000000;\">Certifica\u00e7\u00e3o OEKO-TEX\u00ae STANDARD 100 (Ecot\u00eaxteis)<\/span><\/li>\n<\/ul>\n<p><span style=\"color: #000000;\">Esses certificados garantem a ampla aplicabilidade de nossos produtos em embalagens, setores culturais e criativos, caixas de cosm\u00e9ticos e outras \u00e1reas, sendo adequados para exporta\u00e7\u00e3o a pa\u00edses e regi\u00f5es com rigorosos requisitos de prote\u00e7\u00e3o ambiental, como a Europa e os Estados Unidos.<\/span><\/p>\n<p style=\"text-align: center;\"><img decoding=\"async\" class=\"aligncenter wp-image-2744 size-full\" src=\"Certificado do produto Yudeng\" alt=\"Certificado de produto Yudeng\" width=\"1200\" height=\"644\" srcset=\"\" sizes=\"(max-width: 1200px) 100vw, 1200px\" data-srcset=\"\" \/><\/p>\n<h4><strong><span style=\"color: #ff6600;\">Aplica\u00e7\u00e3o de Produ\u00e7\u00e3o<\/span><\/strong><\/h4>\n<p><span style=\"color: #000000;\">A aplica\u00e7\u00e3o de couro sint\u00e9tico PU na \u00e1rea de embalagens de joias vai muito al\u00e9m da mera decora\u00e7\u00e3o de superf\u00edcie. Ele pode n\u00e3o apenas aprimorar a textura geral da embalagem, mas tamb\u00e9m ajudar a aprimorar a experi\u00eancia do consumidor ao desembalar:<\/span><\/p>\n<ul>\n<li><span style=\"color: #000000;\"><strong>Caixa de joias:<\/strong> textura delicada, cor saturada, toque suave e sensa\u00e7\u00e3o de alta qualidade;<\/span><\/li>\n<li><span style=\"color: #000000;\"><strong>Estrutura de suporte do revestimento:<\/strong> Combine esponja, EVA e outros materiais para melhorar a prote\u00e7\u00e3o do produto;<\/span><\/li>\n<li><span style=\"color: #000000;\"><strong>Al\u00e7a e fivela da caixa de embalagem port\u00e1til:<\/strong> flex\u00edvel e dur\u00e1vel, sem quebra quando dobrado e com durabilidade aprimorada;<\/span><\/li>\n<li><span style=\"color: #000000;\"><strong>\u00c1rea de estampagem a quente\/relevo de LOGOTIPO personalizado:<\/strong> A superf\u00edcie de couro \u00e9 adequada para v\u00e1rios processos de marca para melhorar o reconhecimento visual.<\/span><\/li>\n<\/ul>\n<p><span style=\"color: #000000;\">Com a estabilidade e as excelentes propriedades f\u00edsicas do couro PU, ele ainda pode manter excelente desempenho de apar\u00eancia em diferentes climas e condi\u00e7\u00f5es de uso, e \u00e9 um material ideal para embalagens de presentes para manter a beleza por muito tempo.<\/span><\/p>\n<p style=\"text-align: center;\"><img loading=\"lazy\" decoding=\"async\" class=\"alignnone wp-image-2998 size-full\" src=\"https:\/\/fjyudeng.com\/wp-content\/uploads\/2025\/07\/pu-leather-application-for-jewelry-box.jpg\" alt=\"aplica\u00e7\u00e3o de couro pu para caixa de joias\" width=\"1200\" height=\"688\" srcset=\"https:\/\/fjyudeng.com\/wp-content\/uploads\/2025\/07\/pu-leather-application-for-jewelry-box.jpg 1200w, https:\/\/fjyudeng.com\/wp-content\/uploads\/2025\/07\/pu-leather-application-for-jewelry-box-300x172.jpg 300w, https:\/\/fjyudeng.com\/wp-content\/uploads\/2025\/07\/pu-leather-application-for-jewelry-box-1024x587.jpg 1024w, https:\/\/fjyudeng.com\/wp-content\/uploads\/2025\/07\/pu-leather-application-for-jewelry-box-768x440.jpg 768w, https:\/\/fjyudeng.com\/wp-content\/uploads\/2025\/07\/pu-leather-application-for-jewelry-box-18x10.jpg 18w, https:\/\/fjyudeng.com\/wp-content\/uploads\/2025\/07\/pu-leather-application-for-jewelry-box-600x344.jpg 600w\" sizes=\"(max-width: 1200px) 100vw, 1200px\" \/><\/p>\n<h4><strong><span style=\"color: #ff6600;\">Vantagem de f\u00e1brica<\/span><\/strong><\/h4>\n<p><span style=\"color: #000000;\">Como profissional <a style=\"color: #000000;\" href=\"https:\/\/fjyudeng.com\/pt\/produto\/fabricante-de-couro-sintetico-de-fibra-de-carbono-cristal\/\"><strong>fabricante de couro sint\u00e9tico<\/strong><\/a>A Yudeng possui mais de 35 anos de experi\u00eancia no setor e capacidade de produ\u00e7\u00e3o em todo o processo, desde a prepara\u00e7\u00e3o da mat\u00e9ria-prima, processo de estampagem, f\u00f3rmula ecol\u00f3gica, impress\u00e3o de revestimento at\u00e9 o teste do produto.<\/span><\/p>\n<ul>\n<li><span style=\"color: #000000;\">A produ\u00e7\u00e3o anual ultrapassa 8 milh\u00f5es de metros, atendendo \u00e0s necessidades de encomendas de m\u00e9dio e grande porte no mercado interno e externo;<\/span><\/li>\n<li><span style=\"color: #000000;\">15 linhas de produ\u00e7\u00e3o de revestimento de alta velocidade para garantir um fornecimento est\u00e1vel;<\/span><\/li>\n<li><span style=\"color: #000000;\">Equipe independente de inspe\u00e7\u00e3o de qualidade e capacidade de testes laboratoriais para garantir a consist\u00eancia do produto;<\/span><\/li>\n<li><span style=\"color: #000000;\">Equipe independente de P&amp;D, desenvolvendo constantemente novos padr\u00f5es e novas f\u00f3rmulas de PU ecol\u00f3gicas;<\/span><\/li>\n<li><span style=\"color: #000000;\">Equipe de atendimento ao cliente internacional, suporte \u00e0 comunica\u00e7\u00e3o em ingl\u00eas, vasta experi\u00eancia e processo de envio transparente e eficiente.<\/span><\/li>\n<\/ul>\n<p><span style=\"color: #000000;\">Al\u00e9m disso, podemos desenvolver amostras de imita\u00e7\u00e3o com base em amostras especificadas pelo cliente, reproduzir com precis\u00e3o texturas, cores e fun\u00e7\u00f5es, e ajudar os clientes a criar solu\u00e7\u00f5es exclusivas de materiais de embalagem.<\/span><\/p>\n<p><span style=\"color: #000000;\">Seja voc\u00ea uma empresa de design de embalagens, propriet\u00e1rio de marca, comerciante ou f\u00e1brica de caixas, entre em contato conosco para solicitar amostras gr\u00e1tis e vamos criar juntos um mundo de embalagens com mais personalidade.<\/span><\/p>\n<p style=\"text-align: center;\"><img loading=\"lazy\" decoding=\"async\" class=\"aligncenter wp-image-2741 size-full\" src=\"https:\/\/fjyudeng.com\/wp-content\/uploads\/2025\/06\/Yudeng-Factory-and-Company.jpg\" alt=\"F\u00e1brica e Companhia Yudeng\" width=\"1200\" height=\"878\" srcset=\"https:\/\/fjyudeng.com\/wp-content\/uploads\/2025\/06\/Yudeng-Factory-and-Company.jpg 1200w, https:\/\/fjyudeng.com\/wp-content\/uploads\/2025\/06\/Yudeng-Factory-and-Company-600x439.jpg 600w, https:\/\/fjyudeng.com\/wp-content\/uploads\/2025\/06\/Yudeng-Factory-and-Company-300x220.jpg 300w, https:\/\/fjyudeng.com\/wp-content\/uploads\/2025\/06\/Yudeng-Factory-and-Company-1024x749.jpg 1024w, https:\/\/fjyudeng.com\/wp-content\/uploads\/2025\/06\/Yudeng-Factory-and-Company-768x562.jpg 768w, https:\/\/fjyudeng.com\/wp-content\/uploads\/2025\/06\/Yudeng-Factory-and-Company-16x12.jpg 16w\" sizes=\"(max-width: 1200px) 100vw, 1200px\" \/><\/p>\n<p style=\"text-align: center;\"><img loading=\"lazy\" decoding=\"async\" class=\"aligncenter wp-image-2739 size-full\" src=\"https:\/\/fjyudeng.com\/wp-content\/uploads\/2025\/06\/Yudeng-Exhibition-and-Partner.jpg\" alt=\"\" width=\"1200\" height=\"1566\" \/><\/p>","protected":false},"excerpt":{"rendered":"<ul>\n<li>\n<h5><span style=\"color: #000000;\">Pedido m\u00ednimo: 300 metros<\/span><\/h5>\n<\/li>\n<li>\n<h5><span style=\"color: #000000;\">37 anos de f\u00e1brica de couro sint\u00e9tico<\/span><\/h5>\n<\/li>\n<li>\n<h5><span style=\"color: #000000;\">50000m\u00b2 de \u00e1rea fabril<\/span><\/h5>\n<\/li>\n<li>\n<h5><span style=\"color: #000000;\">10 Linhas de produ\u00e7\u00e3o<\/span><\/h5>\n<\/li>\n<li class=\"elementor-heading-title elementor-size-default\">\n<h5><span style=\"color: #000000;\">Mais de 400 texturas dispon\u00edveis<\/span><\/h5>\n<\/li>\n<li class=\"elementor-heading-title elementor-size-default\">\n<h5><span style=\"color: #000000;\">Certificado REACH\/ROHS\/OEKO-TEX\u00ae<\/span><\/h5>\n<\/li>\n<\/ul>","protected":false},"featured_media":3063,"template":"","meta":[],"product_brand":[],"product_cat":[32],"product_tag":[],"class_list":{"0":"post-3062","1":"product","2":"type-product","3":"status-publish","4":"has-post-thumbnail","6":"product_cat-jewelry-box-leather","8":"first","9":"instock","10":"shipping-taxable","11":"product-type-simple"},"yoast_head":"<!-- This site is optimized with the Yoast SEO Premium plugin v22.8 (Yoast SEO v22.8) - https:\/\/yoast.com\/wordpress\/plugins\/seo\/ -->\n<title>Wholesale Box Fine Wavy Pu Leather Manufacturer - Yudeng<\/title>\n<meta name=\"description\" content=\"As a synthetic leather manufacturer with more than 35 years of experience, Yudeng has the full-process production capacity from raw material preparation, embossing process, environmentally friendly formula, coating printing to product testing.\" \/>\n<meta name=\"robots\" content=\"index, follow, max-snippet:-1, max-image-preview:large, max-video-preview:-1\" \/>\n<link rel=\"canonical\" href=\"https:\/\/fjyudeng.com\/pt\/produto\/fabricante-atacadista-de-caixas-de-couro-pu-ondulado-fino\/\" \/>\n<meta property=\"og:locale\" content=\"pt_BR\" \/>\n<meta property=\"og:type\" content=\"article\" \/>\n<meta property=\"og:title\" content=\"Wholesale Box Fine Wavy Pu Leather Manufacturer\" \/>\n<meta property=\"og:description\" content=\"As a synthetic leather manufacturer with more than 35 years of experience, Yudeng has the full-process production capacity from raw material preparation, embossing process, environmentally friendly formula, coating printing to product testing.\" \/>\n<meta property=\"og:url\" content=\"https:\/\/fjyudeng.com\/pt\/produto\/fabricante-atacadista-de-caixas-de-couro-pu-ondulado-fino\/\" \/>\n<meta property=\"og:site_name\" content=\"fjyudeng.com\" \/>\n<meta property=\"article:modified_time\" content=\"2025-08-06T09:24:34+00:00\" \/>\n<meta property=\"og:image\" content=\"https:\/\/fjyudeng.com\/wp-content\/uploads\/2025\/07\/Acanthus-Pattern-Pu-Leather.jpg\" \/>\n\t<meta property=\"og:image:width\" content=\"800\" \/>\n\t<meta property=\"og:image:height\" content=\"800\" \/>\n\t<meta property=\"og:image:type\" content=\"image\/jpeg\" \/>\n<meta name=\"twitter:card\" content=\"summary_large_image\" \/>\n<meta name=\"twitter:label1\" content=\"Est. tempo de leitura\" \/>\n\t<meta name=\"twitter:data1\" content=\"5 minutos\" \/>\n<script type=\"application\/ld+json\" class=\"yoast-schema-graph\">{\"@context\":\"https:\/\/schema.org\",\"@graph\":[{\"@type\":\"WebPage\",\"@id\":\"https:\/\/fjyudeng.com\/product\/wholesale-box-fine-wavy-pu-leather-manufacturer\/\",\"url\":\"https:\/\/fjyudeng.com\/product\/wholesale-box-fine-wavy-pu-leather-manufacturer\/\",\"name\":\"Wholesale Box Fine Wavy Pu Leather Manufacturer - Yudeng\",\"isPartOf\":{\"@id\":\"https:\/\/fjyudeng.com\/#website\"},\"primaryImageOfPage\":{\"@id\":\"https:\/\/fjyudeng.com\/product\/wholesale-box-fine-wavy-pu-leather-manufacturer\/#primaryimage\"},\"image\":{\"@id\":\"https:\/\/fjyudeng.com\/product\/wholesale-box-fine-wavy-pu-leather-manufacturer\/#primaryimage\"},\"thumbnailUrl\":\"https:\/\/fjyudeng.com\/wp-content\/uploads\/2025\/07\/Acanthus-Pattern-Pu-Leather.jpg\",\"datePublished\":\"2025-07-25T01:46:25+00:00\",\"dateModified\":\"2025-08-06T09:24:34+00:00\",\"description\":\"As a synthetic leather manufacturer with more than 35 years of experience, Yudeng has the full-process production capacity from raw material preparation, embossing process, environmentally friendly formula, coating printing to product testing.\",\"breadcrumb\":{\"@id\":\"https:\/\/fjyudeng.com\/product\/wholesale-box-fine-wavy-pu-leather-manufacturer\/#breadcrumb\"},\"inLanguage\":\"pt-BR\",\"potentialAction\":[{\"@type\":\"ReadAction\",\"target\":[\"https:\/\/fjyudeng.com\/product\/wholesale-box-fine-wavy-pu-leather-manufacturer\/\"]}]},{\"@type\":\"ImageObject\",\"inLanguage\":\"pt-BR\",\"@id\":\"https:\/\/fjyudeng.com\/product\/wholesale-box-fine-wavy-pu-leather-manufacturer\/#primaryimage\",\"url\":\"https:\/\/fjyudeng.com\/wp-content\/uploads\/2025\/07\/Acanthus-Pattern-Pu-Leather.jpg\",\"contentUrl\":\"https:\/\/fjyudeng.com\/wp-content\/uploads\/2025\/07\/Acanthus-Pattern-Pu-Leather.jpg\",\"width\":800,\"height\":800,\"caption\":\"Acanthus Pattern Pu Leather\"},{\"@type\":\"BreadcrumbList\",\"@id\":\"https:\/\/fjyudeng.com\/product\/wholesale-box-fine-wavy-pu-leather-manufacturer\/#breadcrumb\",\"itemListElement\":[{\"@type\":\"ListItem\",\"position\":1,\"name\":\"Home\",\"item\":\"https:\/\/fjyudeng.com\/\"},{\"@type\":\"ListItem\",\"position\":2,\"name\":\"Products\",\"item\":\"https:\/\/fjyudeng.com\/products\/\"},{\"@type\":\"ListItem\",\"position\":3,\"name\":\"Wholesale Box Fine Wavy Pu Leather Manufacturer\"}]},{\"@type\":\"WebSite\",\"@id\":\"https:\/\/fjyudeng.com\/#website\",\"url\":\"https:\/\/fjyudeng.com\/\",\"name\":\"fjyudeng.com\",\"description\":\"\",\"publisher\":{\"@id\":\"https:\/\/fjyudeng.com\/#\/schema\/person\/7e41764f047e7552c6ad5bdf5f6d78c7\"},\"potentialAction\":[{\"@type\":\"SearchAction\",\"target\":{\"@type\":\"EntryPoint\",\"urlTemplate\":\"https:\/\/fjyudeng.com\/?s={search_term_string}\"},\"query-input\":\"required name=search_term_string\"}],\"inLanguage\":\"pt-BR\"},{\"@type\":[\"Person\",\"Organization\"],\"@id\":\"https:\/\/fjyudeng.com\/#\/schema\/person\/7e41764f047e7552c6ad5bdf5f6d78c7\",\"name\":\"yshine03@gmail.com\",\"image\":{\"@type\":\"ImageObject\",\"inLanguage\":\"pt-BR\",\"@id\":\"https:\/\/fjyudeng.com\/#\/schema\/person\/image\/\",\"url\":\"https:\/\/fjyudeng.com\/wp-content\/uploads\/2025\/04\/yudeng-pu-leather-factory-manufacturer.png\",\"contentUrl\":\"https:\/\/fjyudeng.com\/wp-content\/uploads\/2025\/04\/yudeng-pu-leather-factory-manufacturer.png\",\"width\":588,\"height\":590,\"caption\":\"yshine03@gmail.com\"},\"logo\":{\"@id\":\"https:\/\/fjyudeng.com\/#\/schema\/person\/image\/\"},\"sameAs\":[\"https:\/\/fjyudeng.com\"]}]}<\/script>\n<!-- \/ Yoast SEO Premium plugin. -->","yoast_head_json":{"title":"Wholesale Box Fine Wavy Pu Leather Manufacturer - Yudeng","description":"As a synthetic leather manufacturer with more than 35 years of experience, Yudeng has the full-process production capacity from raw material preparation, embossing process, environmentally friendly formula, coating printing to product testing.","robots":{"index":"index","follow":"follow","max-snippet":"max-snippet:-1","max-image-preview":"max-image-preview:large","max-video-preview":"max-video-preview:-1"},"canonical":"https:\/\/fjyudeng.com\/pt\/produto\/fabricante-atacadista-de-caixas-de-couro-pu-ondulado-fino\/","og_locale":"pt_BR","og_type":"article","og_title":"Wholesale Box Fine Wavy Pu Leather Manufacturer","og_description":"As a synthetic leather manufacturer with more than 35 years of experience, Yudeng has the full-process production capacity from raw material preparation, embossing process, environmentally friendly formula, coating printing to product testing.","og_url":"https:\/\/fjyudeng.com\/pt\/produto\/fabricante-atacadista-de-caixas-de-couro-pu-ondulado-fino\/","og_site_name":"fjyudeng.com","article_modified_time":"2025-08-06T09:24:34+00:00","og_image":[{"width":800,"height":800,"url":"https:\/\/fjyudeng.com\/wp-content\/uploads\/2025\/07\/Acanthus-Pattern-Pu-Leather.jpg","type":"image\/jpeg"}],"twitter_card":"summary_large_image","twitter_misc":{"Est. tempo de leitura":"5 minutos"},"schema":{"@context":"https:\/\/schema.org","@graph":[{"@type":"WebPage","@id":"https:\/\/fjyudeng.com\/product\/wholesale-box-fine-wavy-pu-leather-manufacturer\/","url":"https:\/\/fjyudeng.com\/product\/wholesale-box-fine-wavy-pu-leather-manufacturer\/","name":"Wholesale Box Fine Wavy Pu Leather Manufacturer - Yudeng","isPartOf":{"@id":"https:\/\/fjyudeng.com\/#website"},"primaryImageOfPage":{"@id":"https:\/\/fjyudeng.com\/product\/wholesale-box-fine-wavy-pu-leather-manufacturer\/#primaryimage"},"image":{"@id":"https:\/\/fjyudeng.com\/product\/wholesale-box-fine-wavy-pu-leather-manufacturer\/#primaryimage"},"thumbnailUrl":"https:\/\/fjyudeng.com\/wp-content\/uploads\/2025\/07\/Acanthus-Pattern-Pu-Leather.jpg","datePublished":"2025-07-25T01:46:25+00:00","dateModified":"2025-08-06T09:24:34+00:00","description":"As a synthetic leather manufacturer with more than 35 years of experience, Yudeng has the full-process production capacity from raw material preparation, embossing process, environmentally friendly formula, coating printing to product testing.","breadcrumb":{"@id":"https:\/\/fjyudeng.com\/product\/wholesale-box-fine-wavy-pu-leather-manufacturer\/#breadcrumb"},"inLanguage":"pt-BR","potentialAction":[{"@type":"ReadAction","target":["https:\/\/fjyudeng.com\/product\/wholesale-box-fine-wavy-pu-leather-manufacturer\/"]}]},{"@type":"ImageObject","inLanguage":"pt-BR","@id":"https:\/\/fjyudeng.com\/product\/wholesale-box-fine-wavy-pu-leather-manufacturer\/#primaryimage","url":"https:\/\/fjyudeng.com\/wp-content\/uploads\/2025\/07\/Acanthus-Pattern-Pu-Leather.jpg","contentUrl":"https:\/\/fjyudeng.com\/wp-content\/uploads\/2025\/07\/Acanthus-Pattern-Pu-Leather.jpg","width":800,"height":800,"caption":"Acanthus Pattern Pu Leather"},{"@type":"BreadcrumbList","@id":"https:\/\/fjyudeng.com\/product\/wholesale-box-fine-wavy-pu-leather-manufacturer\/#breadcrumb","itemListElement":[{"@type":"ListItem","position":1,"name":"Home","item":"https:\/\/fjyudeng.com\/"},{"@type":"ListItem","position":2,"name":"Products","item":"https:\/\/fjyudeng.com\/products\/"},{"@type":"ListItem","position":3,"name":"Wholesale Box Fine Wavy Pu Leather Manufacturer"}]},{"@type":"WebSite","@id":"https:\/\/fjyudeng.com\/#website","url":"https:\/\/fjyudeng.com\/","name":"fjyudeng.com","description":"","publisher":{"@id":"https:\/\/fjyudeng.com\/#\/schema\/person\/7e41764f047e7552c6ad5bdf5f6d78c7"},"potentialAction":[{"@type":"SearchAction","target":{"@type":"EntryPoint","urlTemplate":"https:\/\/fjyudeng.com\/?s={search_term_string}"},"query-input":"required name=search_term_string"}],"inLanguage":"pt-BR"},{"@type":["Person","Organization"],"@id":"https:\/\/fjyudeng.com\/#\/schema\/person\/7e41764f047e7552c6ad5bdf5f6d78c7","name":"yshine03@gmail.com","image":{"@type":"ImageObject","inLanguage":"pt-BR","@id":"https:\/\/fjyudeng.com\/#\/schema\/person\/image\/","url":"https:\/\/fjyudeng.com\/wp-content\/uploads\/2025\/04\/yudeng-pu-leather-factory-manufacturer.png","contentUrl":"https:\/\/fjyudeng.com\/wp-content\/uploads\/2025\/04\/yudeng-pu-leather-factory-manufacturer.png","width":588,"height":590,"caption":"yshine03@gmail.com"},"logo":{"@id":"https:\/\/fjyudeng.com\/#\/schema\/person\/image\/"},"sameAs":["https:\/\/fjyudeng.com"]}]}},"_links":{"self":[{"href":"https:\/\/fjyudeng.com\/pt\/wp-json\/wp\/v2\/product\/3062","targetHints":{"allow":["GET"]}}],"collection":[{"href":"https:\/\/fjyudeng.com\/pt\/wp-json\/wp\/v2\/product"}],"about":[{"href":"https:\/\/fjyudeng.com\/pt\/wp-json\/wp\/v2\/types\/product"}],"wp:featuredmedia":[{"embeddable":true,"href":"https:\/\/fjyudeng.com\/pt\/wp-json\/wp\/v2\/media\/3063"}],"wp:attachment":[{"href":"https:\/\/fjyudeng.com\/pt\/wp-json\/wp\/v2\/media?parent=3062"}],"wp:term":[{"taxonomy":"product_brand","embeddable":true,"href":"https:\/\/fjyudeng.com\/pt\/wp-json\/wp\/v2\/product_brand?post=3062"},{"taxonomy":"product_cat","embeddable":true,"href":"https:\/\/fjyudeng.com\/pt\/wp-json\/wp\/v2\/product_cat?post=3062"},{"taxonomy":"product_tag","embeddable":true,"href":"https:\/\/fjyudeng.com\/pt\/wp-json\/wp\/v2\/product_tag?post=3062"}],"curies":[{"name":"wp","href":"https:\/\/api.w.org\/{rel}","templated":true}]}}