{"id":3078,"date":"2025-08-02T09:50:41","date_gmt":"2025-08-02T01:50:41","guid":{"rendered":"https:\/\/fjyudeng.com\/?post_type=product&#038;p=3078"},"modified":"2025-08-06T17:22:27","modified_gmt":"2025-08-06T09:22:27","slug":"fabricante-de-couro-sintetico-personalizado-com-tiras-medias","status":"publish","type":"product","link":"https:\/\/fjyudeng.com\/pt\/produto\/fabricante-de-couro-sintetico-personalizado-com-tiras-medias\/","title":{"rendered":"Fabricante de couro sint\u00e9tico personalizado com tiras m\u00e9dias"},"content":{"rendered":"<p>O couro PU descascado produzido por Y<span style=\"color: #000000;\">udeng <strong><a style=\"color: #000000;\" href=\"https:\/\/fjyudeng.com\/pt\/produto\/fabricante-de-couro-sintetico-espacial\/\">f\u00e1brica de couro artificial<\/a><\/strong> \u00e9 de alta qualidade<\/span> Couro sint\u00e9tico desenvolvido especificamente para cabedais de cal\u00e7ados esportivos, casuais e da moda. Com seu artesanato primoroso, princ\u00edpios ambientais sustent\u00e1veis e servi\u00e7os flex\u00edveis de personaliza\u00e7\u00e3o, nosso couro PU descascado conquistou a confian\u00e7a de diversos fabricantes de cal\u00e7ados em todo o mundo.<\/p>\n<p><span style=\"color: #000000;\">Couro PU descascado, um material sint\u00e9tico produzido por meio de um processo especial de descascamento, apresenta superf\u00edcie lisa, textura natural e flexibilidade excepcional, tornando-o ideal para cabedais de cal\u00e7ados. Comparado ao couro PU comum, o couro PU descascado oferece as seguintes caracter\u00edsticas:<\/span><\/p>\n<p><span style=\"color: #000000;\"><strong>Leve e flex\u00edvel:<\/strong> O processo especializado de descascamento cria um couro mais macio e leve, reduzindo a probabilidade de vincos no cabedal.<\/span><\/p>\n<p><span style=\"color: #000000;\"><strong>Resistente \u00e0 abras\u00e3o e dur\u00e1vel:<\/strong> O revestimento de superf\u00edcie denso proporciona alta resist\u00eancia \u00e0 abras\u00e3o, suportando desgaste e atrito di\u00e1rios, prolongando a vida \u00fatil do cal\u00e7ado.<\/span><\/p>\n<p><span style=\"color: #000000;\"><strong>Respir\u00e1vel e confort\u00e1vel:<\/strong> Dispon\u00edvel com uma estrutura de suporte respir\u00e1vel, o cabedal mant\u00e9m uma respirabilidade confort\u00e1vel para uso prolongado.<\/span><\/p>\n<p><span style=\"color: #000000;\"><strong>Cor e textura naturais:<\/strong> O acabamento da superf\u00edcie \u00e9 liso, resultando em uma cor rica e uniforme que simula a textura do couro natural.<\/span><\/p>\n<p><span style=\"color: #000000;\">Para ajudar os clientes a entender rapidamente o desempenho dos materiais, a Yudeng oferece amostras gr\u00e1tis. Voc\u00ea pode realizar testes de toque e processamento antes de fazer um pedido para garantir que os materiais atendam aos seus requisitos de design e produ\u00e7\u00e3o.<\/span><\/p>\n<p style=\"text-align: center;\">\u00a0<img fetchpriority=\"high\" decoding=\"async\" class=\"alignnone wp-image-2969 size-full\" src=\"https:\/\/fjyudeng.com\/wp-content\/uploads\/2025\/07\/Yudeng-Textile-pu-leather-for-shoe.jpg\" alt=\"Couro sint\u00e9tico t\u00eaxtil Yudeng para cal\u00e7ados\" width=\"1200\" height=\"679\" srcset=\"https:\/\/fjyudeng.com\/wp-content\/uploads\/2025\/07\/Yudeng-Textile-pu-leather-for-shoe.jpg 1200w, https:\/\/fjyudeng.com\/wp-content\/uploads\/2025\/07\/Yudeng-Textile-pu-leather-for-shoe-300x170.jpg 300w, https:\/\/fjyudeng.com\/wp-content\/uploads\/2025\/07\/Yudeng-Textile-pu-leather-for-shoe-1024x579.jpg 1024w, https:\/\/fjyudeng.com\/wp-content\/uploads\/2025\/07\/Yudeng-Textile-pu-leather-for-shoe-768x435.jpg 768w, https:\/\/fjyudeng.com\/wp-content\/uploads\/2025\/07\/Yudeng-Textile-pu-leather-for-shoe-18x10.jpg 18w, https:\/\/fjyudeng.com\/wp-content\/uploads\/2025\/07\/Yudeng-Textile-pu-leather-for-shoe-600x340.jpg 600w\" sizes=\"(max-width: 1200px) 100vw, 1200px\" \/><img decoding=\"async\" class=\"alignnone wp-image-2968 size-full\" src=\"https:\/\/fjyudeng.com\/wp-content\/uploads\/2025\/07\/Yudeng-pu-leather-for-shoe-Product-description.jpg\" alt=\"Couro pu Yudeng para cal\u00e7ados Descri\u00e7\u00e3o do produto\" width=\"1200\" height=\"1377\" srcset=\"https:\/\/fjyudeng.com\/wp-content\/uploads\/2025\/07\/Yudeng-pu-leather-for-shoe-Product-description.jpg 1200w, https:\/\/fjyudeng.com\/wp-content\/uploads\/2025\/07\/Yudeng-pu-leather-for-shoe-Product-description-261x300.jpg 261w, https:\/\/fjyudeng.com\/wp-content\/uploads\/2025\/07\/Yudeng-pu-leather-for-shoe-Product-description-892x1024.jpg 892w, https:\/\/fjyudeng.com\/wp-content\/uploads\/2025\/07\/Yudeng-pu-leather-for-shoe-Product-description-768x881.jpg 768w, https:\/\/fjyudeng.com\/wp-content\/uploads\/2025\/07\/Yudeng-pu-leather-for-shoe-Product-description-10x12.jpg 10w, https:\/\/fjyudeng.com\/wp-content\/uploads\/2025\/07\/Yudeng-pu-leather-for-shoe-Product-description-600x689.jpg 600w\" sizes=\"(max-width: 1200px) 100vw, 1200px\" \/><\/p>\n<h4><span style=\"color: #ff6600;\"><strong>Servi\u00e7o completo de personaliza\u00e7\u00e3o para atender \u00e0s diversas necessidades de cal\u00e7ados<\/strong><\/span><\/h4>\n<p><span style=\"color: #000000;\">A Yudeng entende que diferentes marcas e estilos de cal\u00e7ados t\u00eam requisitos de design variados para os materiais do cabedal. Por isso, oferecemos servi\u00e7os flex\u00edveis de personaliza\u00e7\u00e3o OEM\/ODM, incluindo:<\/span><\/p>\n<p><span style=\"color: #000000;\"><strong>Personaliza\u00e7\u00e3o de cores:<\/strong> Podemos combinar cores com base nas cores Pantone ou em amostras f\u00edsicas, garantindo um fornecimento est\u00e1vel de cores para grandes quantidades.<\/span><\/p>\n<p><span style=\"color: #000000;\"><strong>Op\u00e7\u00f5es de espessura:<\/strong> Oferecemos uma variedade de espessuras de 0,6 mm a 2,0 mm para atender aos diversos requisitos estruturais de cal\u00e7ados esportivos, t\u00eanis de skate e cal\u00e7ados da moda.<\/span><\/p>\n<p><span style=\"color: #000000;\"><strong>Desenvolvimento de textura:<\/strong> Podemos personalizar uma variedade de efeitos de superf\u00edcie, incluindo brilhante, fosco, lichia e napa.<\/span><\/p>\n<p><span style=\"color: #000000;\"><strong>Op\u00e7\u00f5es de suporte:<\/strong> Podemos combinar tecidos TC, tecidos n\u00e3o tecidos ou refor\u00e7os de malha respir\u00e1vel para obter respirabilidade ou suporte estrutural, dependendo do design do cabedal.<\/span><\/p>\n<p><span style=\"color: #000000;\">Essa capacidade de personaliza\u00e7\u00e3o altamente flex\u00edvel permite que designers e compradores participem desde o est\u00e1gio de desenvolvimento do material para garantir que o material superior combine perfeitamente com o visual e o desempenho do cal\u00e7ado final.<\/span><\/p>\n<p>&nbsp;<\/p>\n<h4><span style=\"color: #ff6600;\"><strong>REACH\/ROHS\/OEK<span style=\"color: #ff6600;\">O-TEX\u00ae env<\/span>certifica\u00e7\u00e3o ferromental<\/strong><\/span><\/h4>\n<p><span style=\"color: #000000;\">Na atual cadeia global de suprimentos de cal\u00e7ados, a conformidade ambiental e a seguran\u00e7a dos materiais tornaram-se crit\u00e9rios cruciais para a sele\u00e7\u00e3o de marcas. O couro PU descascado da Yudeng passou por rigorosos testes ambientais e possui in\u00fameras certifica\u00e7\u00f5es reconhecidas internacionalmente, incluindo:<\/span><\/p>\n<p><span style=\"color: #000000;\"><strong>Certifica\u00e7\u00e3o T\u00dcV:<\/strong> Garante que as propriedades f\u00edsicas e a durabilidade do material atendam aos padr\u00f5es internacionais;<\/span><\/p>\n<p><span style=\"color: #000000;\"><strong>Certifica\u00e7\u00e3o REACH:<\/strong> Em conformidade com os regulamentos de seguran\u00e7a qu\u00edmica da UE, garantindo que o material esteja livre de subst\u00e2ncias perigosas;<\/span><\/p>\n<p><span style=\"color: #000000;\"><strong>Certifica\u00e7\u00e3o ROHS:<\/strong> Garante o respeito ao meio ambiente durante a produ\u00e7\u00e3o e utiliza\u00e7\u00e3o;<\/span><\/p>\n<p><span style=\"color: #000000;\"><strong>Certifica\u00e7\u00e3o OEKO-TEX\u00ae Standard 100:<\/strong> Verifica se o material \u00e9 seguro para contato direto com a pele.<\/span><\/p>\n<p><span style=\"color: #000000;\">Essas certifica\u00e7\u00f5es n\u00e3o apenas garantem a natureza verde e ecol\u00f3gica dos nossos produtos, mas tamb\u00e9m d\u00e3o aos nossos clientes maior confian\u00e7a ao entrar no mercado internacional, permitindo que eles atendam facilmente aos requisitos de conformidade de marcas europeias, americanas e globais.<\/span><\/p>\n<p style=\"text-align: center;\"><img decoding=\"async\" class=\"alignnone wp-image-2744\" src=\"Certificado do produto Yudeng\" alt=\"Certificado de produto Yudeng\" width=\"962\" height=\"516\" srcset=\"\" sizes=\"(max-width: 962px) 100vw, 962px\" data-srcset=\"\" \/><\/p>\n<h4><strong><span style=\"color: #ff6600;\">Aplica\u00e7\u00e3o de Produ\u00e7\u00e3o<\/span><\/strong><\/h4>\n<p><span style=\"color: #000000;\">Devido \u00e0 sua leveza, durabilidade, maciez, conforto e est\u00e9tica diversificada, o couro PU descascado \u00e9 amplamente utilizado na produ\u00e7\u00e3o de diversos materiais para cabedais de cal\u00e7ados. Aplica\u00e7\u00f5es t\u00edpicas incluem:<\/span><\/p>\n<p><span style=\"color: #000000;\"><strong>Cal\u00e7ados esportivos:<\/strong> Seu cabedal leve e macio reduz a tens\u00e3o nos p\u00e9s, tornando-o ideal para t\u00eanis de corrida e treino;<\/span><\/p>\n<p><span style=\"color: #000000;\"><strong>Sapatos casuais da moda:<\/strong> Cores e texturas personaliz\u00e1veis atendem \u00e0s necessidades do streetwear e do skate;<\/span><\/p>\n<p><span style=\"color: #000000;\"><strong>Cal\u00e7ados infantis e femininos:<\/strong> Macio, seguro e com uma variedade de cores, \u00e9 ideal tanto para cal\u00e7ados infantis quanto para cal\u00e7ados femininos da moda;<\/span><\/p>\n<p><span style=\"color: #000000;\"><strong>Cal\u00e7ados ecol\u00f3gicos:<\/strong> Quando usado com cola de baixo teor de COV, pode criar cal\u00e7ados ambientalmente sustent\u00e1veis.<\/span><\/p>\n<p><span style=\"color: #000000;\">Essa versatilidade faz do couro PU descascado um material ideal para que as marcas incorporem com flexibilidade em seus designs de cal\u00e7ados em diversas linhas de produtos.<\/span><\/p>\n<p style=\"text-align: center;\"><img loading=\"lazy\" decoding=\"async\" class=\"alignnone wp-image-2970 size-full\" src=\"https:\/\/fjyudeng.com\/wp-content\/uploads\/2025\/07\/PU-leatther-for-shoe-application.jpg\" alt=\"Couro PU para aplica\u00e7\u00e3o em cal\u00e7ados\" width=\"1000\" height=\"607\" srcset=\"https:\/\/fjyudeng.com\/wp-content\/uploads\/2025\/07\/PU-leatther-for-shoe-application.jpg 1000w, https:\/\/fjyudeng.com\/wp-content\/uploads\/2025\/07\/PU-leatther-for-shoe-application-300x182.jpg 300w, https:\/\/fjyudeng.com\/wp-content\/uploads\/2025\/07\/PU-leatther-for-shoe-application-768x466.jpg 768w, https:\/\/fjyudeng.com\/wp-content\/uploads\/2025\/07\/PU-leatther-for-shoe-application-18x12.jpg 18w, https:\/\/fjyudeng.com\/wp-content\/uploads\/2025\/07\/PU-leatther-for-shoe-application-600x364.jpg 600w\" sizes=\"(max-width: 1000px) 100vw, 1000px\" \/><\/p>\n<h4><strong><span style=\"color: #ff6600;\">Vantagem de f\u00e1brica<\/span><\/strong><\/h4>\n<p><span style=\"color: #000000;\">Escolher cabedais de alta qualidade \u00e9 mais do que apenas escolher uma pe\u00e7a de couro; trata-se tamb\u00e9m do suporte de produ\u00e7\u00e3o e da capacidade de fornecimento por tr\u00e1s dela. Como profissional <a style=\"color: #000000;\" href=\"https:\/\/fjyudeng.com\/pt\/produto\/fabricante-de-couro-sintetico-em-tom-chuva\/\"><strong>fornecedor de couro sint\u00e9tico<\/strong><\/a>, Yudeng possui as seguintes vantagens principais:<\/span><\/p>\n<p><span style=\"color: #000000;\"><strong>Vasta experi\u00eancia:<\/strong> Anos de servi\u00e7o para empresas de cal\u00e7ados nacionais e internacionais garantem familiaridade com os requisitos da cadeia de suprimentos internacional de cal\u00e7ados.<\/span><\/p>\n<p><span style=\"color: #000000;\"><strong>Equipamento avan\u00e7ado:<\/strong> V\u00e1rias linhas de produ\u00e7\u00e3o automatizadas de revestimento e descascamento garantem lotes consistentes.<\/span><\/p>\n<p><span style=\"color: #000000;\"><strong>Controle de qualidade rigoroso:<\/strong> Testes de desempenho f\u00edsico e qu\u00edmico s\u00e3o realizados durante todo o processo, desde a aquisi\u00e7\u00e3o da mat\u00e9ria-prima e produ\u00e7\u00e3o at\u00e9 o envio.<\/span><\/p>\n<p><span style=\"color: #000000;\"><strong>Prototipagem e entrega r\u00e1pidas:<\/strong> Oferecemos testes em pequenos lotes e produ\u00e7\u00e3o em lotes est\u00e1veis para atender \u00e0s necessidades de desenvolvimento da marca e entrega em larga escala.<\/span><\/p>\n<p><span style=\"color: #000000;\"><strong>Experi\u00eancia em Coopera\u00e7\u00e3o Internacional:<\/strong> Nossos produtos s\u00e3o exportados para Europa, Am\u00e9rica, Sudeste Asi\u00e1tico e Oriente M\u00e9dio, fornecendo atendimento internacional ao cliente.<\/span><\/p>\n<p><span style=\"color: #000000;\">Com um sistema de gest\u00e3o de produ\u00e7\u00e3o maduro e recursos flex\u00edveis de personaliza\u00e7\u00e3o, o couro PU descascado da Yudeng n\u00e3o s\u00f3 atende aos requisitos funcionais, como tamb\u00e9m aprimora a qualidade geral e a competitividade de mercado dos cal\u00e7ados. Se voc\u00ea procura um cabedal ecologicamente correto e confi\u00e1vel, com toque macio e apar\u00eancia esteticamente agrad\u00e1vel, o couro PU descascado da Yudeng \u00e9 a escolha ideal. Seja desenvolvendo novos produtos ou produzindo-os em massa, oferecemos servi\u00e7os completos, desde a amostragem at\u00e9 a entrega, garantindo que cada par de cal\u00e7ados seja confort\u00e1vel e comercializ\u00e1vel.<\/span><\/p>\n<p style=\"text-align: center;\"><img loading=\"lazy\" decoding=\"async\" class=\"aligncenter wp-image-2741 size-full\" src=\"https:\/\/fjyudeng.com\/wp-content\/uploads\/2025\/06\/Yudeng-Factory-and-Company.jpg\" alt=\"F\u00e1brica e Companhia Yudeng\" width=\"1200\" height=\"878\" srcset=\"https:\/\/fjyudeng.com\/wp-content\/uploads\/2025\/06\/Yudeng-Factory-and-Company.jpg 1200w, https:\/\/fjyudeng.com\/wp-content\/uploads\/2025\/06\/Yudeng-Factory-and-Company-600x439.jpg 600w, https:\/\/fjyudeng.com\/wp-content\/uploads\/2025\/06\/Yudeng-Factory-and-Company-300x220.jpg 300w, https:\/\/fjyudeng.com\/wp-content\/uploads\/2025\/06\/Yudeng-Factory-and-Company-1024x749.jpg 1024w, https:\/\/fjyudeng.com\/wp-content\/uploads\/2025\/06\/Yudeng-Factory-and-Company-768x562.jpg 768w, https:\/\/fjyudeng.com\/wp-content\/uploads\/2025\/06\/Yudeng-Factory-and-Company-16x12.jpg 16w\" sizes=\"(max-width: 1200px) 100vw, 1200px\" \/><\/p>\n<p style=\"text-align: center;\"><img loading=\"lazy\" decoding=\"async\" class=\"aligncenter wp-image-2739 size-full\" src=\"https:\/\/fjyudeng.com\/wp-content\/uploads\/2025\/06\/Yudeng-Exhibition-and-Partner.jpg\" alt=\"\" width=\"1200\" height=\"1566\" \/><\/p>","protected":false},"excerpt":{"rendered":"<ul>\n<li>\n<h5><span style=\"color: #000000;\">Pedido m\u00ednimo: 300 metros<\/span><\/h5>\n<\/li>\n<li>\n<h5><span style=\"color: #000000;\">37 anos de f\u00e1brica de couro sint\u00e9tico<\/span><\/h5>\n<\/li>\n<li>\n<h5><span style=\"color: #000000;\">50000m\u00b2 de \u00e1rea fabril<\/span><\/h5>\n<\/li>\n<li>\n<h5><span style=\"color: #000000;\">10 Linhas de produ\u00e7\u00e3o<\/span><\/h5>\n<\/li>\n<li class=\"elementor-heading-title elementor-size-default\">\n<h5><span style=\"color: #000000;\">Mais de 400 texturas dispon\u00edveis<\/span><\/h5>\n<\/li>\n<li class=\"elementor-heading-title elementor-size-default\">\n<h5><span style=\"color: #000000;\">Certificado REACH\/ROHS\/OEKO-TEX\u00ae<\/span><\/h5>\n<\/li>\n<\/ul>","protected":false},"featured_media":3079,"template":"","meta":[],"product_brand":[],"product_cat":[31],"product_tag":[],"class_list":{"0":"post-3078","1":"product","2":"type-product","3":"status-publish","4":"has-post-thumbnail","6":"product_cat-shoe-leather","8":"first","9":"instock","10":"shipping-taxable","11":"product-type-simple"},"yoast_head":"<!-- This site is optimized with the Yoast SEO Premium plugin v22.8 (Yoast SEO v22.8) - https:\/\/yoast.com\/wordpress\/plugins\/seo\/ -->\n<title>37 Years Customized Mid Stripped Artificial Leather Factory<\/title>\n<meta name=\"description\" content=\"Yudeng synthetic leather supplier produces peeled PU leather, offering flexible customization and free sampling.\" \/>\n<meta name=\"robots\" content=\"index, follow, max-snippet:-1, max-image-preview:large, max-video-preview:-1\" \/>\n<link rel=\"canonical\" href=\"https:\/\/fjyudeng.com\/pt\/produto\/fabricante-de-couro-sintetico-personalizado-com-tiras-medias\/\" \/>\n<meta property=\"og:locale\" content=\"pt_BR\" \/>\n<meta property=\"og:type\" content=\"article\" \/>\n<meta property=\"og:title\" content=\"Customized Mid Stripped Pu Leather Manufacturer\" \/>\n<meta property=\"og:description\" content=\"Yudeng synthetic leather supplier produces peeled PU leather, offering flexible customization and free sampling.\" \/>\n<meta property=\"og:url\" content=\"https:\/\/fjyudeng.com\/pt\/produto\/fabricante-de-couro-sintetico-personalizado-com-tiras-medias\/\" \/>\n<meta property=\"og:site_name\" content=\"fjyudeng.com\" \/>\n<meta property=\"article:modified_time\" content=\"2025-08-06T09:22:27+00:00\" \/>\n<meta property=\"og:image\" content=\"https:\/\/fjyudeng.com\/wp-content\/uploads\/2025\/08\/Customized-Mid-Stripped-Pu-Leather-Manufacturer.jpg\" \/>\n\t<meta property=\"og:image:width\" content=\"750\" \/>\n\t<meta property=\"og:image:height\" content=\"750\" \/>\n\t<meta property=\"og:image:type\" content=\"image\/jpeg\" \/>\n<meta name=\"twitter:card\" content=\"summary_large_image\" \/>\n<meta name=\"twitter:label1\" content=\"Est. tempo de leitura\" \/>\n\t<meta name=\"twitter:data1\" content=\"6 minutos\" \/>\n<script type=\"application\/ld+json\" class=\"yoast-schema-graph\">{\"@context\":\"https:\/\/schema.org\",\"@graph\":[{\"@type\":\"WebPage\",\"@id\":\"https:\/\/fjyudeng.com\/product\/customized-mid-stripped-pu-leather-manufacturer\/\",\"url\":\"https:\/\/fjyudeng.com\/product\/customized-mid-stripped-pu-leather-manufacturer\/\",\"name\":\"37 Years Customized Mid Stripped Artificial Leather Factory\",\"isPartOf\":{\"@id\":\"https:\/\/fjyudeng.com\/#website\"},\"primaryImageOfPage\":{\"@id\":\"https:\/\/fjyudeng.com\/product\/customized-mid-stripped-pu-leather-manufacturer\/#primaryimage\"},\"image\":{\"@id\":\"https:\/\/fjyudeng.com\/product\/customized-mid-stripped-pu-leather-manufacturer\/#primaryimage\"},\"thumbnailUrl\":\"https:\/\/fjyudeng.com\/wp-content\/uploads\/2025\/08\/Customized-Mid-Stripped-Pu-Leather-Manufacturer.jpg\",\"datePublished\":\"2025-08-02T01:50:41+00:00\",\"dateModified\":\"2025-08-06T09:22:27+00:00\",\"description\":\"Yudeng synthetic leather supplier produces peeled PU leather, offering flexible customization and free sampling.\",\"breadcrumb\":{\"@id\":\"https:\/\/fjyudeng.com\/product\/customized-mid-stripped-pu-leather-manufacturer\/#breadcrumb\"},\"inLanguage\":\"pt-BR\",\"potentialAction\":[{\"@type\":\"ReadAction\",\"target\":[\"https:\/\/fjyudeng.com\/product\/customized-mid-stripped-pu-leather-manufacturer\/\"]}]},{\"@type\":\"ImageObject\",\"inLanguage\":\"pt-BR\",\"@id\":\"https:\/\/fjyudeng.com\/product\/customized-mid-stripped-pu-leather-manufacturer\/#primaryimage\",\"url\":\"https:\/\/fjyudeng.com\/wp-content\/uploads\/2025\/08\/Customized-Mid-Stripped-Pu-Leather-Manufacturer.jpg\",\"contentUrl\":\"https:\/\/fjyudeng.com\/wp-content\/uploads\/2025\/08\/Customized-Mid-Stripped-Pu-Leather-Manufacturer.jpg\",\"width\":750,\"height\":750,\"caption\":\"Customized Mid Stripped Pu Leather Manufacturer\"},{\"@type\":\"BreadcrumbList\",\"@id\":\"https:\/\/fjyudeng.com\/product\/customized-mid-stripped-pu-leather-manufacturer\/#breadcrumb\",\"itemListElement\":[{\"@type\":\"ListItem\",\"position\":1,\"name\":\"Home\",\"item\":\"https:\/\/fjyudeng.com\/\"},{\"@type\":\"ListItem\",\"position\":2,\"name\":\"Products\",\"item\":\"https:\/\/fjyudeng.com\/products\/\"},{\"@type\":\"ListItem\",\"position\":3,\"name\":\"Customized Mid Stripped Pu Leather Manufacturer\"}]},{\"@type\":\"WebSite\",\"@id\":\"https:\/\/fjyudeng.com\/#website\",\"url\":\"https:\/\/fjyudeng.com\/\",\"name\":\"fjyudeng.com\",\"description\":\"\",\"publisher\":{\"@id\":\"https:\/\/fjyudeng.com\/#\/schema\/person\/7e41764f047e7552c6ad5bdf5f6d78c7\"},\"potentialAction\":[{\"@type\":\"SearchAction\",\"target\":{\"@type\":\"EntryPoint\",\"urlTemplate\":\"https:\/\/fjyudeng.com\/?s={search_term_string}\"},\"query-input\":\"required name=search_term_string\"}],\"inLanguage\":\"pt-BR\"},{\"@type\":[\"Person\",\"Organization\"],\"@id\":\"https:\/\/fjyudeng.com\/#\/schema\/person\/7e41764f047e7552c6ad5bdf5f6d78c7\",\"name\":\"yshine03@gmail.com\",\"image\":{\"@type\":\"ImageObject\",\"inLanguage\":\"pt-BR\",\"@id\":\"https:\/\/fjyudeng.com\/#\/schema\/person\/image\/\",\"url\":\"https:\/\/fjyudeng.com\/wp-content\/uploads\/2025\/04\/yudeng-pu-leather-factory-manufacturer.png\",\"contentUrl\":\"https:\/\/fjyudeng.com\/wp-content\/uploads\/2025\/04\/yudeng-pu-leather-factory-manufacturer.png\",\"width\":588,\"height\":590,\"caption\":\"yshine03@gmail.com\"},\"logo\":{\"@id\":\"https:\/\/fjyudeng.com\/#\/schema\/person\/image\/\"},\"sameAs\":[\"https:\/\/fjyudeng.com\"]}]}<\/script>\n<!-- \/ Yoast SEO Premium plugin. -->","yoast_head_json":{"title":"37 Years Customized Mid Stripped Artificial Leather Factory","description":"Yudeng synthetic leather supplier produces peeled PU leather, offering flexible customization and free sampling.","robots":{"index":"index","follow":"follow","max-snippet":"max-snippet:-1","max-image-preview":"max-image-preview:large","max-video-preview":"max-video-preview:-1"},"canonical":"https:\/\/fjyudeng.com\/pt\/produto\/fabricante-de-couro-sintetico-personalizado-com-tiras-medias\/","og_locale":"pt_BR","og_type":"article","og_title":"Customized Mid Stripped Pu Leather Manufacturer","og_description":"Yudeng synthetic leather supplier produces peeled PU leather, offering flexible customization and free sampling.","og_url":"https:\/\/fjyudeng.com\/pt\/produto\/fabricante-de-couro-sintetico-personalizado-com-tiras-medias\/","og_site_name":"fjyudeng.com","article_modified_time":"2025-08-06T09:22:27+00:00","og_image":[{"width":750,"height":750,"url":"https:\/\/fjyudeng.com\/wp-content\/uploads\/2025\/08\/Customized-Mid-Stripped-Pu-Leather-Manufacturer.jpg","type":"image\/jpeg"}],"twitter_card":"summary_large_image","twitter_misc":{"Est. tempo de leitura":"6 minutos"},"schema":{"@context":"https:\/\/schema.org","@graph":[{"@type":"WebPage","@id":"https:\/\/fjyudeng.com\/product\/customized-mid-stripped-pu-leather-manufacturer\/","url":"https:\/\/fjyudeng.com\/product\/customized-mid-stripped-pu-leather-manufacturer\/","name":"37 Years Customized Mid Stripped Artificial Leather Factory","isPartOf":{"@id":"https:\/\/fjyudeng.com\/#website"},"primaryImageOfPage":{"@id":"https:\/\/fjyudeng.com\/product\/customized-mid-stripped-pu-leather-manufacturer\/#primaryimage"},"image":{"@id":"https:\/\/fjyudeng.com\/product\/customized-mid-stripped-pu-leather-manufacturer\/#primaryimage"},"thumbnailUrl":"https:\/\/fjyudeng.com\/wp-content\/uploads\/2025\/08\/Customized-Mid-Stripped-Pu-Leather-Manufacturer.jpg","datePublished":"2025-08-02T01:50:41+00:00","dateModified":"2025-08-06T09:22:27+00:00","description":"Yudeng synthetic leather supplier produces peeled PU leather, offering flexible customization and free sampling.","breadcrumb":{"@id":"https:\/\/fjyudeng.com\/product\/customized-mid-stripped-pu-leather-manufacturer\/#breadcrumb"},"inLanguage":"pt-BR","potentialAction":[{"@type":"ReadAction","target":["https:\/\/fjyudeng.com\/product\/customized-mid-stripped-pu-leather-manufacturer\/"]}]},{"@type":"ImageObject","inLanguage":"pt-BR","@id":"https:\/\/fjyudeng.com\/product\/customized-mid-stripped-pu-leather-manufacturer\/#primaryimage","url":"https:\/\/fjyudeng.com\/wp-content\/uploads\/2025\/08\/Customized-Mid-Stripped-Pu-Leather-Manufacturer.jpg","contentUrl":"https:\/\/fjyudeng.com\/wp-content\/uploads\/2025\/08\/Customized-Mid-Stripped-Pu-Leather-Manufacturer.jpg","width":750,"height":750,"caption":"Customized Mid Stripped Pu Leather Manufacturer"},{"@type":"BreadcrumbList","@id":"https:\/\/fjyudeng.com\/product\/customized-mid-stripped-pu-leather-manufacturer\/#breadcrumb","itemListElement":[{"@type":"ListItem","position":1,"name":"Home","item":"https:\/\/fjyudeng.com\/"},{"@type":"ListItem","position":2,"name":"Products","item":"https:\/\/fjyudeng.com\/products\/"},{"@type":"ListItem","position":3,"name":"Customized Mid Stripped Pu Leather Manufacturer"}]},{"@type":"WebSite","@id":"https:\/\/fjyudeng.com\/#website","url":"https:\/\/fjyudeng.com\/","name":"fjyudeng.com","description":"","publisher":{"@id":"https:\/\/fjyudeng.com\/#\/schema\/person\/7e41764f047e7552c6ad5bdf5f6d78c7"},"potentialAction":[{"@type":"SearchAction","target":{"@type":"EntryPoint","urlTemplate":"https:\/\/fjyudeng.com\/?s={search_term_string}"},"query-input":"required name=search_term_string"}],"inLanguage":"pt-BR"},{"@type":["Person","Organization"],"@id":"https:\/\/fjyudeng.com\/#\/schema\/person\/7e41764f047e7552c6ad5bdf5f6d78c7","name":"yshine03@gmail.com","image":{"@type":"ImageObject","inLanguage":"pt-BR","@id":"https:\/\/fjyudeng.com\/#\/schema\/person\/image\/","url":"https:\/\/fjyudeng.com\/wp-content\/uploads\/2025\/04\/yudeng-pu-leather-factory-manufacturer.png","contentUrl":"https:\/\/fjyudeng.com\/wp-content\/uploads\/2025\/04\/yudeng-pu-leather-factory-manufacturer.png","width":588,"height":590,"caption":"yshine03@gmail.com"},"logo":{"@id":"https:\/\/fjyudeng.com\/#\/schema\/person\/image\/"},"sameAs":["https:\/\/fjyudeng.com"]}]}},"_links":{"self":[{"href":"https:\/\/fjyudeng.com\/pt\/wp-json\/wp\/v2\/product\/3078","targetHints":{"allow":["GET"]}}],"collection":[{"href":"https:\/\/fjyudeng.com\/pt\/wp-json\/wp\/v2\/product"}],"about":[{"href":"https:\/\/fjyudeng.com\/pt\/wp-json\/wp\/v2\/types\/product"}],"wp:featuredmedia":[{"embeddable":true,"href":"https:\/\/fjyudeng.com\/pt\/wp-json\/wp\/v2\/media\/3079"}],"wp:attachment":[{"href":"https:\/\/fjyudeng.com\/pt\/wp-json\/wp\/v2\/media?parent=3078"}],"wp:term":[{"taxonomy":"product_brand","embeddable":true,"href":"https:\/\/fjyudeng.com\/pt\/wp-json\/wp\/v2\/product_brand?post=3078"},{"taxonomy":"product_cat","embeddable":true,"href":"https:\/\/fjyudeng.com\/pt\/wp-json\/wp\/v2\/product_cat?post=3078"},{"taxonomy":"product_tag","embeddable":true,"href":"https:\/\/fjyudeng.com\/pt\/wp-json\/wp\/v2\/product_tag?post=3078"}],"curies":[{"name":"wp","href":"https:\/\/api.w.org\/{rel}","templated":true}]}}