{"id":3084,"date":"2025-08-05T11:40:36","date_gmt":"2025-08-05T03:40:36","guid":{"rendered":"https:\/\/fjyudeng.com\/?post_type=product&#038;p=3084"},"modified":"2025-08-06T17:21:34","modified_gmt":"2025-08-06T09:21:34","slug":"fabricante-de-couro-sintetico-personalizado-com-graos-de-lichia","status":"publish","type":"product","link":"https:\/\/fjyudeng.com\/pt\/produto\/fabricante-de-couro-sintetico-personalizado-com-graos-de-lichia\/","title":{"rendered":"Fabricante de couro PU com gr\u00e3o de lichia personalizado"},"content":{"rendered":"<p><span style=\"color: #000000;\">Como profissional <a style=\"color: #000000;\" href=\"https:\/\/fjyudeng.com\/pt\/produto\/couro-sintetico-personalizado-por-atacado-para-cabedal-de-calcados\/\"><strong>fabricante de couro sint\u00e9tico<\/strong><\/a>A Yudeng oferece servi\u00e7os personalizados completos para clientes globais, tornando sua jornada de design, do conceito ao produto final, mais f\u00e1cil e eficiente.<\/span><\/p>\n<p><span style=\"color: #000000;\">Ao desenvolver um novo modelo de cal\u00e7ado ou atualizar materiais de cal\u00e7ados existentes, o primeiro passo \u00e9 sempre criar uma amostra para verifica\u00e7\u00e3o. A Yudeng oferece servi\u00e7os de amostragem flex\u00edveis, permitindo que voc\u00ea solicite amostras pequenas ou completas com base nas suas necessidades de design, facilitando testes e compara\u00e7\u00f5es durante o desenvolvimento do cabedal.<\/span><\/p>\n<p><span style=\"color: #000000;\">Para garantir que o material atenda aos requisitos internacionais de meio ambiente e seguran\u00e7a, nosso couro PU com gr\u00e3o de lichia obteve certifica\u00e7\u00f5es de alto n\u00edvel, como T\u00dcV, REACH, ROHS e OEKO-TEX\u00ae. Isso significa que, seja voc\u00ea uma marca de cal\u00e7ados voltada para os mercados europeu e americano ou uma f\u00e1brica nacional focada em conformidade ambiental, pode usar este couro com confian\u00e7a, evitando potenciais barreiras \u00e0 exporta\u00e7\u00e3o ou problemas ambientais.<\/span><\/p>\n<p style=\"text-align: center;\">\u00a0<img fetchpriority=\"high\" decoding=\"async\" class=\"alignnone wp-image-2969 size-full\" src=\"https:\/\/fjyudeng.com\/wp-content\/uploads\/2025\/07\/Yudeng-Textile-pu-leather-for-shoe.jpg\" alt=\"Couro sint\u00e9tico t\u00eaxtil Yudeng para cal\u00e7ados\" width=\"1200\" height=\"679\" srcset=\"https:\/\/fjyudeng.com\/wp-content\/uploads\/2025\/07\/Yudeng-Textile-pu-leather-for-shoe.jpg 1200w, https:\/\/fjyudeng.com\/wp-content\/uploads\/2025\/07\/Yudeng-Textile-pu-leather-for-shoe-300x170.jpg 300w, https:\/\/fjyudeng.com\/wp-content\/uploads\/2025\/07\/Yudeng-Textile-pu-leather-for-shoe-1024x579.jpg 1024w, https:\/\/fjyudeng.com\/wp-content\/uploads\/2025\/07\/Yudeng-Textile-pu-leather-for-shoe-768x435.jpg 768w, https:\/\/fjyudeng.com\/wp-content\/uploads\/2025\/07\/Yudeng-Textile-pu-leather-for-shoe-18x10.jpg 18w, https:\/\/fjyudeng.com\/wp-content\/uploads\/2025\/07\/Yudeng-Textile-pu-leather-for-shoe-600x340.jpg 600w\" sizes=\"(max-width: 1200px) 100vw, 1200px\" \/><img decoding=\"async\" class=\"alignnone wp-image-2968 size-full\" src=\"https:\/\/fjyudeng.com\/wp-content\/uploads\/2025\/07\/Yudeng-pu-leather-for-shoe-Product-description.jpg\" alt=\"Couro pu Yudeng para cal\u00e7ados Descri\u00e7\u00e3o do produto\" width=\"1200\" height=\"1377\" srcset=\"https:\/\/fjyudeng.com\/wp-content\/uploads\/2025\/07\/Yudeng-pu-leather-for-shoe-Product-description.jpg 1200w, https:\/\/fjyudeng.com\/wp-content\/uploads\/2025\/07\/Yudeng-pu-leather-for-shoe-Product-description-261x300.jpg 261w, https:\/\/fjyudeng.com\/wp-content\/uploads\/2025\/07\/Yudeng-pu-leather-for-shoe-Product-description-892x1024.jpg 892w, https:\/\/fjyudeng.com\/wp-content\/uploads\/2025\/07\/Yudeng-pu-leather-for-shoe-Product-description-768x881.jpg 768w, https:\/\/fjyudeng.com\/wp-content\/uploads\/2025\/07\/Yudeng-pu-leather-for-shoe-Product-description-10x12.jpg 10w, https:\/\/fjyudeng.com\/wp-content\/uploads\/2025\/07\/Yudeng-pu-leather-for-shoe-Product-description-600x689.jpg 600w\" sizes=\"(max-width: 1200px) 100vw, 1200px\" \/><\/p>\n<h4><span style=\"color: #ff6600;\"><strong>Servi\u00e7o completo de personaliza\u00e7\u00e3o para atender \u00e0s diversas necessidades de cal\u00e7ados<\/strong><\/span><\/h4>\n<p><span style=\"color: #000000;\">Diferentes estilos de cal\u00e7ados costumam ter requisitos distintos de material para o cabedal, o que torna a personaliza\u00e7\u00e3o crucial. O couro PU vintage granulado da Yudeng oferece servi\u00e7os completos de personaliza\u00e7\u00e3o, ajudando voc\u00ea a concretizar facilmente suas ideias de design:<\/span><\/p>\n<p><span style=\"color: #000000;\"><strong>Personaliza\u00e7\u00e3o de cores:<\/strong> Podemos combinar cores com base nas cores Pantone ou em amostras f\u00edsicas, garantindo uma reprodu\u00e7\u00e3o precisa da cor desejada, desde o marrom vintage desgastado at\u00e9 o preto cl\u00e1ssico e cores contrastantes vibrantes e modernas.<\/span><\/p>\n<p><span style=\"color: #000000;\"><strong>Espessura ajust\u00e1vel:<\/strong> O material do cabedal geralmente varia de 0,8 mm a 1,4 mm. Podemos ajustar a espessura para se adequar ao formato do cal\u00e7ado, garantindo suporte e conforto.<\/span><\/p>\n<p><span style=\"color: #000000;\"><strong>Op\u00e7\u00f5es de textura:<\/strong> Al\u00e9m do padr\u00e3o granulado padr\u00e3o, tamb\u00e9m podemos criar texturas mais claras ou mais escuras para real\u00e7ar a profundidade e a distin\u00e7\u00e3o do cabedal final.<\/span><\/p>\n<p><span style=\"color: #000000;\"><strong>Op\u00e7\u00f5es de apoio<\/strong> incluem suportes n\u00e3o tecidos, de malha ou de malha, personalizados com base no m\u00e9todo de processamento superior e nos requisitos de ajuste, simplificando a costura e a moldagem subsequentes.<\/span><\/p>\n<p><span style=\"color: #000000;\">Esse modelo de personaliza\u00e7\u00e3o completo n\u00e3o apenas economiza tempo em m\u00faltiplos esfor\u00e7os de terceiriza\u00e7\u00e3o, mas tamb\u00e9m permite que os designers se concentrem no processo criativo em si.<\/span><\/p>\n<p>&nbsp;<\/p>\n<h4><span style=\"color: #ff6600;\"><strong>REACH\/ROHS\/OEK<span style=\"color: #ff6600;\">O-TEX\u00ae env<\/span>certifica\u00e7\u00e3o ferromental<\/strong><\/span><\/h4>\n<p><span style=\"color: #000000;\">No mercado atual, a prote\u00e7\u00e3o ambiental e a sustentabilidade tornaram-se crit\u00e9rios essenciais para os fabricantes de cal\u00e7ados na sele\u00e7\u00e3o de materiais. O couro PU da Yudeng para cabedais de cal\u00e7ados possui diversas certifica\u00e7\u00f5es ambientais internacionais, atendendo aos rigorosos requisitos dos mercados europeu, americano e asi\u00e1tico:<\/span><\/p>\n<p><span style=\"color: #000000;\"><strong>T\u00dcV \/ REACH \/ ROHS:<\/strong> Garante que o produto esteja livre de produtos qu\u00edmicos nocivos e em conformidade com os padr\u00f5es de seguran\u00e7a qu\u00edmica da UE.<\/span><\/p>\n<p><span style=\"color: #000000;\"><strong>Norma OEKO-TEX\u00ae 100:<\/strong> Garante que o material seja seguro para contato com a pele e pode ser usado em cal\u00e7ados infantis e esportivos.<\/span><\/p>\n<p><span style=\"color: #000000;\"><strong>Teste de baixas emiss\u00f5es de COV:<\/strong> Controlamos as emiss\u00f5es de solventes durante o processo de produ\u00e7\u00e3o para cumprir com as regulamenta\u00e7\u00f5es ambientais e os padr\u00f5es da cadeia de suprimentos verde.<\/span><\/p>\n<p><span style=\"color: #000000;\">Essas certifica\u00e7\u00f5es oficiais n\u00e3o apenas protegem a sa\u00fade dos consumidores finais, mas tamb\u00e9m permitem que os fabricantes de cal\u00e7ados exportem para mercados globais com confian\u00e7a, mitigando riscos comerciais associados a quest\u00f5es materiais.<\/span><\/p>\n<p style=\"text-align: center;\"><img decoding=\"async\" class=\"alignnone wp-image-2744\" src=\"Certificado do produto Yudeng\" alt=\"Certificado de produto Yudeng\" width=\"962\" height=\"516\" srcset=\"\" sizes=\"(max-width: 962px) 100vw, 962px\" data-srcset=\"\" \/><\/p>\n<h4><strong><span style=\"color: #ff6600;\">Aplica\u00e7\u00e3o de Produ\u00e7\u00e3o<\/span><\/strong><\/h4>\n<p><span style=\"color: #000000;\">O couro PU personalizado da Yudeng n\u00e3o s\u00f3 oferece uma apar\u00eancia excepcional, mas tamb\u00e9m apresenta durabilidade excepcional e adaptabilidade ao processo, tornando-o adequado para uma ampla variedade de estilos de cal\u00e7ados:<\/span><\/p>\n<p><span style=\"color: #000000;\"><strong>Cal\u00e7ados esportivos\/casuais:<\/strong> O couro PU leve e flex\u00edvel oferece respirabilidade e suporte, tornando-o ideal para uso di\u00e1rio e exerc\u00edcios leves.<\/span><\/p>\n<p><span style=\"color: #000000;\"><strong>Botas de couro\/sapatos de trabalho:<\/strong> O material PU espesso e dur\u00e1vel pode substituir parcialmente o couro genu\u00edno, melhorando a resist\u00eancia \u00e0 flex\u00e3o e a durabilidade, ao mesmo tempo que reduz custos.<\/span><\/p>\n<p><span style=\"color: #000000;\"><strong>Cal\u00e7ados Femininos\/Infantis da Moda:<\/strong> Uma ampla sele\u00e7\u00e3o de cores e texturas acrescenta um toque de design aos cabedais, e a certifica\u00e7\u00e3o ambiental proporciona tranquilidade aos cal\u00e7ados infantis.<\/span><\/p>\n<p><span style=\"color: #000000;\"><strong>Cal\u00e7ados Funcionais\/Imperme\u00e1veis:<\/strong> O couro PU especialmente revestido oferece um grau de repel\u00eancia \u00e0 \u00e1gua, tornando-o adequado para cal\u00e7ados de desempenho urbano ou ao ar livre.<\/span><\/p>\n<p><span style=\"color: #000000;\">Devido \u00e0 sua alta adaptabilidade, o couro PU Yudeng tem sido amplamente utilizado nas linhas de produ\u00e7\u00e3o de fabricantes de cal\u00e7ados nacionais e internacionais, desfrutando de reten\u00e7\u00e3o e reconhecimento de clientes est\u00e1veis e de longo prazo.<\/span><\/p>\n<p style=\"text-align: center;\"><img loading=\"lazy\" decoding=\"async\" class=\"alignnone wp-image-2970 size-full\" src=\"https:\/\/fjyudeng.com\/wp-content\/uploads\/2025\/07\/PU-leatther-for-shoe-application.jpg\" alt=\"Couro PU para aplica\u00e7\u00e3o em cal\u00e7ados\" width=\"1000\" height=\"607\" srcset=\"https:\/\/fjyudeng.com\/wp-content\/uploads\/2025\/07\/PU-leatther-for-shoe-application.jpg 1000w, https:\/\/fjyudeng.com\/wp-content\/uploads\/2025\/07\/PU-leatther-for-shoe-application-300x182.jpg 300w, https:\/\/fjyudeng.com\/wp-content\/uploads\/2025\/07\/PU-leatther-for-shoe-application-768x466.jpg 768w, https:\/\/fjyudeng.com\/wp-content\/uploads\/2025\/07\/PU-leatther-for-shoe-application-18x12.jpg 18w, https:\/\/fjyudeng.com\/wp-content\/uploads\/2025\/07\/PU-leatther-for-shoe-application-600x364.jpg 600w\" sizes=\"(max-width: 1000px) 100vw, 1000px\" \/><\/p>\n<h4><strong><span style=\"color: #ff6600;\">Vantagem de f\u00e1brica<\/span><\/strong><\/h4>\n<p><span style=\"color: #000000;\">Escolhendo uma de alta qualidade <a style=\"color: #000000;\" href=\"https:\/\/fjyudeng.com\/pt\/produto\/fabricante-de-couro-sintetico-personalizado-com-tiras-medias\/\"><strong>Fornecedor de couro PU<\/strong><\/a> \u00e9 mais do que apenas selecionar um peda\u00e7o de material; \u00e9 escolher um parceiro de longo prazo com qualidade consistente. Com mais de 35 anos de experi\u00eancia em <a style=\"color: #000000;\" href=\"https:\/\/fjyudeng.com\/pt\/produto\/fabricante-de-couro-sintetico-espacial\/\"><strong>couro Pu por atacado<\/strong><\/a>A f\u00e1brica da Yudeng \u00e9 equipada com linhas de revestimento totalmente automatizadas, equipamentos de estampagem inteligentes e sistemas de processamento ecologicamente corretos, permitindo um processo de produ\u00e7\u00e3o cont\u00ednuo desde o processamento do tecido base, lamina\u00e7\u00e3o do revestimento, prensagem de gr\u00e3os e tratamento de superf\u00edcie.<\/span><\/p>\n<p><span style=\"color: #000000;\">Nossos recursos de processo incluem:<\/span><\/p>\n<ul>\n<li><span style=\"color: #000000;\">A produ\u00e7\u00e3o paralela de revestimentos \u00e0 base de \u00e1gua e solventes ecologicamente corretos atende aos requisitos ambientais e de desempenho de v\u00e1rios mercados;<\/span><\/li>\n<li><span style=\"color: #000000;\">O rigoroso controle de qualidade garante que cada lote de couro passe por testes de dobradura, resist\u00eancia \u00e0 abras\u00e3o e solidez da cor para garantir o uso sem preocupa\u00e7\u00f5es dos cabedais acabados;<\/span><\/li>\n<li><span style=\"color: #000000;\">Capacidades de fornecimento flex\u00edveis garantem resposta r\u00e1pida e entrega est\u00e1vel, seja para amostras de pequenos lotes ou pedidos de grande volume.<\/span><\/li>\n<\/ul>\n<p><span style=\"color: #000000;\">O couro PU vintage com padr\u00e3o de lichia personalizado para cal\u00e7ados n\u00e3o s\u00f3 confere est\u00e9tica e funcionalidade ao cabedal, como tamb\u00e9m serve como um ve\u00edculo vital para a implementa\u00e7\u00e3o dos conceitos de design da marca. A Yudeng ajuda voc\u00ea a se destacar no competitivo mercado de cal\u00e7ados, oferecendo testes de amostra, certifica\u00e7\u00f5es ambientais internacionais, servi\u00e7os completos de personaliza\u00e7\u00e3o e forte suporte de fabrica\u00e7\u00e3o. Se voc\u00ea planeja desenvolver seu pr\u00f3ximo cal\u00e7ado campe\u00e3o de vendas, comece com este couro PU com textura de lichia e experimente a liberdade de design e a competitividade de mercado que ele proporciona.<\/span><\/p>\n<p style=\"text-align: center;\"><img loading=\"lazy\" decoding=\"async\" class=\"aligncenter wp-image-2741 size-full\" src=\"https:\/\/fjyudeng.com\/wp-content\/uploads\/2025\/06\/Yudeng-Factory-and-Company.jpg\" alt=\"F\u00e1brica e Companhia Yudeng\" width=\"1200\" height=\"878\" srcset=\"https:\/\/fjyudeng.com\/wp-content\/uploads\/2025\/06\/Yudeng-Factory-and-Company.jpg 1200w, https:\/\/fjyudeng.com\/wp-content\/uploads\/2025\/06\/Yudeng-Factory-and-Company-600x439.jpg 600w, https:\/\/fjyudeng.com\/wp-content\/uploads\/2025\/06\/Yudeng-Factory-and-Company-300x220.jpg 300w, https:\/\/fjyudeng.com\/wp-content\/uploads\/2025\/06\/Yudeng-Factory-and-Company-1024x749.jpg 1024w, https:\/\/fjyudeng.com\/wp-content\/uploads\/2025\/06\/Yudeng-Factory-and-Company-768x562.jpg 768w, https:\/\/fjyudeng.com\/wp-content\/uploads\/2025\/06\/Yudeng-Factory-and-Company-16x12.jpg 16w\" sizes=\"(max-width: 1200px) 100vw, 1200px\" \/><\/p>\n<p style=\"text-align: center;\"><img loading=\"lazy\" decoding=\"async\" class=\"aligncenter wp-image-2739 size-full\" src=\"https:\/\/fjyudeng.com\/wp-content\/uploads\/2025\/06\/Yudeng-Exhibition-and-Partner.jpg\" alt=\"\" width=\"1200\" height=\"1566\" \/><\/p>","protected":false},"excerpt":{"rendered":"<ul>\n<li>\n<h5><span style=\"color: #000000;\">Pedido m\u00ednimo: 300 metros<\/span><\/h5>\n<\/li>\n<li>\n<h5><span style=\"color: #000000;\">37 anos de f\u00e1brica de couro sint\u00e9tico<\/span><\/h5>\n<\/li>\n<li>\n<h5><span style=\"color: #000000;\">50000m\u00b2 de \u00e1rea fabril<\/span><\/h5>\n<\/li>\n<li>\n<h5><span style=\"color: #000000;\">10 Linhas de produ\u00e7\u00e3o<\/span><\/h5>\n<\/li>\n<li class=\"elementor-heading-title elementor-size-default\">\n<h5><span style=\"color: #000000;\">Mais de 400 texturas dispon\u00edveis<\/span><\/h5>\n<\/li>\n<li class=\"elementor-heading-title elementor-size-default\">\n<h5><span style=\"color: #000000;\">Certificado REACH\/ROHS\/OEKO-TEX\u00ae<\/span><\/h5>\n<\/li>\n<\/ul>","protected":false},"featured_media":3085,"template":"","meta":[],"product_brand":[],"product_cat":[31],"product_tag":[],"class_list":{"0":"post-3084","1":"product","2":"type-product","3":"status-publish","4":"has-post-thumbnail","6":"product_cat-shoe-leather","8":"first","9":"instock","10":"shipping-taxable","11":"product-type-simple"},"yoast_head":"<!-- This site is optimized with the Yoast SEO Premium plugin v22.8 (Yoast SEO v22.8) - https:\/\/yoast.com\/wordpress\/plugins\/seo\/ -->\n<title>37 Years Custom Litchi Grain PU Leather Manufacturer<\/title>\n<meta name=\"description\" content=\"As a professional synthetic leather manufacturer, Yudeng offers one-stop custom services to global customers, making your design journey from concept to finished product easier and more efficient.\" \/>\n<meta name=\"robots\" content=\"index, follow, max-snippet:-1, max-image-preview:large, max-video-preview:-1\" \/>\n<link rel=\"canonical\" href=\"https:\/\/fjyudeng.com\/pt\/produto\/fabricante-de-couro-sintetico-personalizado-com-graos-de-lichia\/\" \/>\n<meta property=\"og:locale\" content=\"pt_BR\" \/>\n<meta property=\"og:type\" content=\"article\" \/>\n<meta property=\"og:title\" content=\"Custom Litchi Grain PU Leather Manufacturer\" \/>\n<meta property=\"og:description\" content=\"As a professional synthetic leather manufacturer, Yudeng offers one-stop custom services to global customers, making your design journey from concept to finished product easier and more efficient.\" \/>\n<meta property=\"og:url\" content=\"https:\/\/fjyudeng.com\/pt\/produto\/fabricante-de-couro-sintetico-personalizado-com-graos-de-lichia\/\" \/>\n<meta property=\"og:site_name\" content=\"fjyudeng.com\" \/>\n<meta property=\"article:modified_time\" content=\"2025-08-06T09:21:34+00:00\" \/>\n<meta property=\"og:image\" content=\"https:\/\/fjyudeng.com\/wp-content\/uploads\/2025\/08\/Custom-Litchi-Grain-PU-Leather-Manufacturer.jpg\" \/>\n\t<meta property=\"og:image:width\" content=\"1289\" \/>\n\t<meta property=\"og:image:height\" content=\"1289\" \/>\n\t<meta property=\"og:image:type\" content=\"image\/jpeg\" \/>\n<meta name=\"twitter:card\" content=\"summary_large_image\" \/>\n<meta name=\"twitter:label1\" content=\"Est. tempo de leitura\" \/>\n\t<meta name=\"twitter:data1\" content=\"5 minutos\" \/>\n<script type=\"application\/ld+json\" class=\"yoast-schema-graph\">{\"@context\":\"https:\/\/schema.org\",\"@graph\":[{\"@type\":\"WebPage\",\"@id\":\"https:\/\/fjyudeng.com\/product\/custom-litchi-grain-pu-leather-manufacturer\/\",\"url\":\"https:\/\/fjyudeng.com\/product\/custom-litchi-grain-pu-leather-manufacturer\/\",\"name\":\"37 Years Custom Litchi Grain PU Leather Manufacturer\",\"isPartOf\":{\"@id\":\"https:\/\/fjyudeng.com\/#website\"},\"primaryImageOfPage\":{\"@id\":\"https:\/\/fjyudeng.com\/product\/custom-litchi-grain-pu-leather-manufacturer\/#primaryimage\"},\"image\":{\"@id\":\"https:\/\/fjyudeng.com\/product\/custom-litchi-grain-pu-leather-manufacturer\/#primaryimage\"},\"thumbnailUrl\":\"https:\/\/fjyudeng.com\/wp-content\/uploads\/2025\/08\/Custom-Litchi-Grain-PU-Leather-Manufacturer.jpg\",\"datePublished\":\"2025-08-05T03:40:36+00:00\",\"dateModified\":\"2025-08-06T09:21:34+00:00\",\"description\":\"As a professional synthetic leather manufacturer, Yudeng offers one-stop custom services to global customers, making your design journey from concept to finished product easier and more efficient.\",\"breadcrumb\":{\"@id\":\"https:\/\/fjyudeng.com\/product\/custom-litchi-grain-pu-leather-manufacturer\/#breadcrumb\"},\"inLanguage\":\"pt-BR\",\"potentialAction\":[{\"@type\":\"ReadAction\",\"target\":[\"https:\/\/fjyudeng.com\/product\/custom-litchi-grain-pu-leather-manufacturer\/\"]}]},{\"@type\":\"ImageObject\",\"inLanguage\":\"pt-BR\",\"@id\":\"https:\/\/fjyudeng.com\/product\/custom-litchi-grain-pu-leather-manufacturer\/#primaryimage\",\"url\":\"https:\/\/fjyudeng.com\/wp-content\/uploads\/2025\/08\/Custom-Litchi-Grain-PU-Leather-Manufacturer.jpg\",\"contentUrl\":\"https:\/\/fjyudeng.com\/wp-content\/uploads\/2025\/08\/Custom-Litchi-Grain-PU-Leather-Manufacturer.jpg\",\"width\":1289,\"height\":1289,\"caption\":\"Custom Litchi Grain PU Leather Manufacturer\"},{\"@type\":\"BreadcrumbList\",\"@id\":\"https:\/\/fjyudeng.com\/product\/custom-litchi-grain-pu-leather-manufacturer\/#breadcrumb\",\"itemListElement\":[{\"@type\":\"ListItem\",\"position\":1,\"name\":\"Home\",\"item\":\"https:\/\/fjyudeng.com\/\"},{\"@type\":\"ListItem\",\"position\":2,\"name\":\"Products\",\"item\":\"https:\/\/fjyudeng.com\/products\/\"},{\"@type\":\"ListItem\",\"position\":3,\"name\":\"Custom Litchi Grain PU Leather Manufacturer\"}]},{\"@type\":\"WebSite\",\"@id\":\"https:\/\/fjyudeng.com\/#website\",\"url\":\"https:\/\/fjyudeng.com\/\",\"name\":\"fjyudeng.com\",\"description\":\"\",\"publisher\":{\"@id\":\"https:\/\/fjyudeng.com\/#\/schema\/person\/7e41764f047e7552c6ad5bdf5f6d78c7\"},\"potentialAction\":[{\"@type\":\"SearchAction\",\"target\":{\"@type\":\"EntryPoint\",\"urlTemplate\":\"https:\/\/fjyudeng.com\/?s={search_term_string}\"},\"query-input\":\"required name=search_term_string\"}],\"inLanguage\":\"pt-BR\"},{\"@type\":[\"Person\",\"Organization\"],\"@id\":\"https:\/\/fjyudeng.com\/#\/schema\/person\/7e41764f047e7552c6ad5bdf5f6d78c7\",\"name\":\"yshine03@gmail.com\",\"image\":{\"@type\":\"ImageObject\",\"inLanguage\":\"pt-BR\",\"@id\":\"https:\/\/fjyudeng.com\/#\/schema\/person\/image\/\",\"url\":\"https:\/\/fjyudeng.com\/wp-content\/uploads\/2025\/04\/yudeng-pu-leather-factory-manufacturer.png\",\"contentUrl\":\"https:\/\/fjyudeng.com\/wp-content\/uploads\/2025\/04\/yudeng-pu-leather-factory-manufacturer.png\",\"width\":588,\"height\":590,\"caption\":\"yshine03@gmail.com\"},\"logo\":{\"@id\":\"https:\/\/fjyudeng.com\/#\/schema\/person\/image\/\"},\"sameAs\":[\"https:\/\/fjyudeng.com\"]}]}<\/script>\n<!-- \/ Yoast SEO Premium plugin. -->","yoast_head_json":{"title":"37 Years Custom Litchi Grain PU Leather Manufacturer","description":"As a professional synthetic leather manufacturer, Yudeng offers one-stop custom services to global customers, making your design journey from concept to finished product easier and more efficient.","robots":{"index":"index","follow":"follow","max-snippet":"max-snippet:-1","max-image-preview":"max-image-preview:large","max-video-preview":"max-video-preview:-1"},"canonical":"https:\/\/fjyudeng.com\/pt\/produto\/fabricante-de-couro-sintetico-personalizado-com-graos-de-lichia\/","og_locale":"pt_BR","og_type":"article","og_title":"Custom Litchi Grain PU Leather Manufacturer","og_description":"As a professional synthetic leather manufacturer, Yudeng offers one-stop custom services to global customers, making your design journey from concept to finished product easier and more efficient.","og_url":"https:\/\/fjyudeng.com\/pt\/produto\/fabricante-de-couro-sintetico-personalizado-com-graos-de-lichia\/","og_site_name":"fjyudeng.com","article_modified_time":"2025-08-06T09:21:34+00:00","og_image":[{"width":1289,"height":1289,"url":"https:\/\/fjyudeng.com\/wp-content\/uploads\/2025\/08\/Custom-Litchi-Grain-PU-Leather-Manufacturer.jpg","type":"image\/jpeg"}],"twitter_card":"summary_large_image","twitter_misc":{"Est. tempo de leitura":"5 minutos"},"schema":{"@context":"https:\/\/schema.org","@graph":[{"@type":"WebPage","@id":"https:\/\/fjyudeng.com\/product\/custom-litchi-grain-pu-leather-manufacturer\/","url":"https:\/\/fjyudeng.com\/product\/custom-litchi-grain-pu-leather-manufacturer\/","name":"37 Years Custom Litchi Grain PU Leather Manufacturer","isPartOf":{"@id":"https:\/\/fjyudeng.com\/#website"},"primaryImageOfPage":{"@id":"https:\/\/fjyudeng.com\/product\/custom-litchi-grain-pu-leather-manufacturer\/#primaryimage"},"image":{"@id":"https:\/\/fjyudeng.com\/product\/custom-litchi-grain-pu-leather-manufacturer\/#primaryimage"},"thumbnailUrl":"https:\/\/fjyudeng.com\/wp-content\/uploads\/2025\/08\/Custom-Litchi-Grain-PU-Leather-Manufacturer.jpg","datePublished":"2025-08-05T03:40:36+00:00","dateModified":"2025-08-06T09:21:34+00:00","description":"As a professional synthetic leather manufacturer, Yudeng offers one-stop custom services to global customers, making your design journey from concept to finished product easier and more efficient.","breadcrumb":{"@id":"https:\/\/fjyudeng.com\/product\/custom-litchi-grain-pu-leather-manufacturer\/#breadcrumb"},"inLanguage":"pt-BR","potentialAction":[{"@type":"ReadAction","target":["https:\/\/fjyudeng.com\/product\/custom-litchi-grain-pu-leather-manufacturer\/"]}]},{"@type":"ImageObject","inLanguage":"pt-BR","@id":"https:\/\/fjyudeng.com\/product\/custom-litchi-grain-pu-leather-manufacturer\/#primaryimage","url":"https:\/\/fjyudeng.com\/wp-content\/uploads\/2025\/08\/Custom-Litchi-Grain-PU-Leather-Manufacturer.jpg","contentUrl":"https:\/\/fjyudeng.com\/wp-content\/uploads\/2025\/08\/Custom-Litchi-Grain-PU-Leather-Manufacturer.jpg","width":1289,"height":1289,"caption":"Custom Litchi Grain PU Leather Manufacturer"},{"@type":"BreadcrumbList","@id":"https:\/\/fjyudeng.com\/product\/custom-litchi-grain-pu-leather-manufacturer\/#breadcrumb","itemListElement":[{"@type":"ListItem","position":1,"name":"Home","item":"https:\/\/fjyudeng.com\/"},{"@type":"ListItem","position":2,"name":"Products","item":"https:\/\/fjyudeng.com\/products\/"},{"@type":"ListItem","position":3,"name":"Custom Litchi Grain PU Leather Manufacturer"}]},{"@type":"WebSite","@id":"https:\/\/fjyudeng.com\/#website","url":"https:\/\/fjyudeng.com\/","name":"fjyudeng.com","description":"","publisher":{"@id":"https:\/\/fjyudeng.com\/#\/schema\/person\/7e41764f047e7552c6ad5bdf5f6d78c7"},"potentialAction":[{"@type":"SearchAction","target":{"@type":"EntryPoint","urlTemplate":"https:\/\/fjyudeng.com\/?s={search_term_string}"},"query-input":"required name=search_term_string"}],"inLanguage":"pt-BR"},{"@type":["Person","Organization"],"@id":"https:\/\/fjyudeng.com\/#\/schema\/person\/7e41764f047e7552c6ad5bdf5f6d78c7","name":"yshine03@gmail.com","image":{"@type":"ImageObject","inLanguage":"pt-BR","@id":"https:\/\/fjyudeng.com\/#\/schema\/person\/image\/","url":"https:\/\/fjyudeng.com\/wp-content\/uploads\/2025\/04\/yudeng-pu-leather-factory-manufacturer.png","contentUrl":"https:\/\/fjyudeng.com\/wp-content\/uploads\/2025\/04\/yudeng-pu-leather-factory-manufacturer.png","width":588,"height":590,"caption":"yshine03@gmail.com"},"logo":{"@id":"https:\/\/fjyudeng.com\/#\/schema\/person\/image\/"},"sameAs":["https:\/\/fjyudeng.com"]}]}},"_links":{"self":[{"href":"https:\/\/fjyudeng.com\/pt\/wp-json\/wp\/v2\/product\/3084","targetHints":{"allow":["GET"]}}],"collection":[{"href":"https:\/\/fjyudeng.com\/pt\/wp-json\/wp\/v2\/product"}],"about":[{"href":"https:\/\/fjyudeng.com\/pt\/wp-json\/wp\/v2\/types\/product"}],"wp:featuredmedia":[{"embeddable":true,"href":"https:\/\/fjyudeng.com\/pt\/wp-json\/wp\/v2\/media\/3085"}],"wp:attachment":[{"href":"https:\/\/fjyudeng.com\/pt\/wp-json\/wp\/v2\/media?parent=3084"}],"wp:term":[{"taxonomy":"product_brand","embeddable":true,"href":"https:\/\/fjyudeng.com\/pt\/wp-json\/wp\/v2\/product_brand?post=3084"},{"taxonomy":"product_cat","embeddable":true,"href":"https:\/\/fjyudeng.com\/pt\/wp-json\/wp\/v2\/product_cat?post=3084"},{"taxonomy":"product_tag","embeddable":true,"href":"https:\/\/fjyudeng.com\/pt\/wp-json\/wp\/v2\/product_tag?post=3084"}],"curies":[{"name":"wp","href":"https:\/\/api.w.org\/{rel}","templated":true}]}}