{"id":3086,"date":"2025-08-06T09:46:56","date_gmt":"2025-08-06T01:46:56","guid":{"rendered":"https:\/\/fjyudeng.com\/?post_type=product&#038;p=3086"},"modified":"2025-08-06T17:21:03","modified_gmt":"2025-08-06T09:21:03","slug":"fabricante-de-couro-sintetico-resistente-ao-desgaste-personalizado","status":"publish","type":"product","link":"https:\/\/fjyudeng.com\/pt\/produto\/fabricante-de-couro-sintetico-resistente-ao-desgaste-personalizado\/","title":{"rendered":"Fabricante de couro sint\u00e9tico resistente ao desgaste personalizado para cal\u00e7ados"},"content":{"rendered":"<p><span style=\"color: #000000;\">Se voc\u00ea procura um couro para cal\u00e7ados que equilibre resist\u00eancia ao desgaste, est\u00e9tica e seguran\u00e7a ambiental, o couro PU resistente ao desgaste feito sob medida pela Yudeng pode ser exatamente o que voc\u00ea procura. Al\u00e9m de atender aos rigorosos requisitos de cal\u00e7ados esportivos, casuais, de trabalho e at\u00e9 mesmo de alta costura, ele tamb\u00e9m oferece uma ampla gama de op\u00e7\u00f5es de personaliza\u00e7\u00e3o, permitindo que seu produto se destaque no mercado.<\/span><\/p>\n<p><span style=\"color: #000000;\">Entendemos que a amostragem \u00e9 o primeiro passo no processo de desenvolvimento de materiais para cal\u00e7ados. Yudeng <a style=\"color: #000000;\" href=\"https:\/\/fjyudeng.com\/pt\/produto\/fabricante-de-couro-sintetico-personalizado-com-graos-de-lichia\/\"><strong>fornecedor de couro sint\u00e9tico<\/strong><\/a> fornece a cada cliente amostras de couro PU gratuitas ou de baixo custo, permitindo que voc\u00ea experimente a resist\u00eancia ao desgaste, a sensa\u00e7\u00e3o e a apar\u00eancia do produto antes de fazer um pedido.<\/span><\/p>\n<p style=\"text-align: center;\">\u00a0<img fetchpriority=\"high\" decoding=\"async\" class=\"alignnone wp-image-2969 size-full\" src=\"https:\/\/fjyudeng.com\/wp-content\/uploads\/2025\/07\/Yudeng-Textile-pu-leather-for-shoe.jpg\" alt=\"Couro sint\u00e9tico t\u00eaxtil Yudeng para cal\u00e7ados\" width=\"1200\" height=\"679\" srcset=\"https:\/\/fjyudeng.com\/wp-content\/uploads\/2025\/07\/Yudeng-Textile-pu-leather-for-shoe.jpg 1200w, https:\/\/fjyudeng.com\/wp-content\/uploads\/2025\/07\/Yudeng-Textile-pu-leather-for-shoe-300x170.jpg 300w, https:\/\/fjyudeng.com\/wp-content\/uploads\/2025\/07\/Yudeng-Textile-pu-leather-for-shoe-1024x579.jpg 1024w, https:\/\/fjyudeng.com\/wp-content\/uploads\/2025\/07\/Yudeng-Textile-pu-leather-for-shoe-768x435.jpg 768w, https:\/\/fjyudeng.com\/wp-content\/uploads\/2025\/07\/Yudeng-Textile-pu-leather-for-shoe-18x10.jpg 18w, https:\/\/fjyudeng.com\/wp-content\/uploads\/2025\/07\/Yudeng-Textile-pu-leather-for-shoe-600x340.jpg 600w\" sizes=\"(max-width: 1200px) 100vw, 1200px\" \/><img decoding=\"async\" class=\"alignnone wp-image-2968 size-full\" src=\"https:\/\/fjyudeng.com\/wp-content\/uploads\/2025\/07\/Yudeng-pu-leather-for-shoe-Product-description.jpg\" alt=\"Couro pu Yudeng para cal\u00e7ados Descri\u00e7\u00e3o do produto\" width=\"1200\" height=\"1377\" srcset=\"https:\/\/fjyudeng.com\/wp-content\/uploads\/2025\/07\/Yudeng-pu-leather-for-shoe-Product-description.jpg 1200w, https:\/\/fjyudeng.com\/wp-content\/uploads\/2025\/07\/Yudeng-pu-leather-for-shoe-Product-description-261x300.jpg 261w, https:\/\/fjyudeng.com\/wp-content\/uploads\/2025\/07\/Yudeng-pu-leather-for-shoe-Product-description-892x1024.jpg 892w, https:\/\/fjyudeng.com\/wp-content\/uploads\/2025\/07\/Yudeng-pu-leather-for-shoe-Product-description-768x881.jpg 768w, https:\/\/fjyudeng.com\/wp-content\/uploads\/2025\/07\/Yudeng-pu-leather-for-shoe-Product-description-10x12.jpg 10w, https:\/\/fjyudeng.com\/wp-content\/uploads\/2025\/07\/Yudeng-pu-leather-for-shoe-Product-description-600x689.jpg 600w\" sizes=\"(max-width: 1200px) 100vw, 1200px\" \/><\/p>\n<h4><span style=\"color: #ff6600;\"><strong>Servi\u00e7o completo de personaliza\u00e7\u00e3o para atender \u00e0s diversas necessidades de cal\u00e7ados<\/strong><\/span><\/h4>\n<p><span style=\"color: #000000;\">Diferentes marcas e estilos de cal\u00e7ados costumam ter requisitos variados em rela\u00e7\u00e3o aos materiais. A Yudeng, com anos de experi\u00eancia na fabrica\u00e7\u00e3o de couro sint\u00e9tico PU, oferece servi\u00e7os completos de personaliza\u00e7\u00e3o:<\/span><\/p>\n<p><span style=\"color: #000000;\"><strong>Personaliza\u00e7\u00e3o de cores:<\/strong> Oferecemos suporte a combina\u00e7\u00f5es de cores Pantone personalizadas e tamb\u00e9m podemos ajustar as cores com base em amostras reais de clientes, permitindo uma reprodu\u00e7\u00e3o precisa ou designs exclusivos.<\/span><\/p>\n<p><span style=\"color: #000000;\"><strong>Personaliza\u00e7\u00e3o de espessura:<\/strong> Podemos produzir de 0,6 mm a 2,0 mm, atendendo aos diversos requisitos de cabedais leves para cal\u00e7ados esportivos ou cabedais de cal\u00e7ados de trabalho de alta resist\u00eancia.<\/span><\/p>\n<p><span style=\"color: #000000;\"><strong>Personaliza\u00e7\u00e3o de textura:<\/strong> Escolha entre texturas delicadas de lichia, padr\u00f5es em relevo dur\u00e1veis e acabamentos lisos ou foscos, permitindo uma variedade de estilos de cal\u00e7ados.<\/span><\/p>\n<p><span style=\"color: #000000;\"><strong>Op\u00e7\u00f5es de suporte:<\/strong> Escolha entre suportes de malha, malha ou n\u00e3o-tecidos com base no uso pretendido para melhorar a ductilidade e a estabilidade de moldagem do couro.<\/span><\/p>\n<p><span style=\"color: #000000;\">Essas op\u00e7\u00f5es flex\u00edveis de personaliza\u00e7\u00e3o permitem que os clientes n\u00e3o apenas obtenham couro PU de alto desempenho e resistente ao desgaste, mas tamb\u00e9m alcancem diferencia\u00e7\u00e3o competitiva em design e funcionalidade.<\/span><\/p>\n<p>&nbsp;<\/p>\n<h4><span style=\"color: #ff6600;\"><strong>REACH\/ROHS\/OEK<span style=\"color: #ff6600;\">O-TEX\u00ae env<\/span>certifica\u00e7\u00e3o ferromental<\/strong><\/span><\/h4>\n<p><span style=\"color: #000000;\">No mercado de cal\u00e7ados, a prote\u00e7\u00e3o ambiental e a seguran\u00e7a tornaram-se requisitos rigorosos tanto para os clientes quanto para as marcas consumidoras finais. <a style=\"color: #000000;\" href=\"https:\/\/fjyudeng.com\/pt\/produto\/couro-sintetico-personalizado-por-atacado-para-cabedal-de-calcados\/\"><strong>Couro sint\u00e9tico PU<\/strong><\/a> \u00e9 produzido em estrita conformidade com os padr\u00f5es internacionais e possui diversas certifica\u00e7\u00f5es oficiais:<\/span><\/p>\n<p><span style=\"color: #000000;\"><strong>Certifica\u00e7\u00e3o T\u00dcV:<\/strong> Atende aos rigorosos requisitos de testes de subst\u00e2ncias qu\u00edmicas do mercado da UE.<\/span><\/p>\n<p><span style=\"color: #000000;\"><strong>Certifica\u00e7\u00e3o REACH e ROHS:<\/strong> Garante que o material esteja livre de produtos qu\u00edmicos nocivos e seja amig\u00e1vel \u00e0 pele humana e ao meio ambiente.<\/span><\/p>\n<p><span style=\"color: #000000;\"><strong>Norma OEKO-TEX\u00ae 100:<\/strong> Garante que o material de couro seja seguro para contato com a pele, n\u00e3o irritante e n\u00e3o alerg\u00eanico.<\/span><\/p>\n<p><span style=\"color: #000000;\">Esses certificados significam que seus produtos de cal\u00e7ados podem entrar sem problemas nos mercados europeu, americano e outros mercados de alto padr\u00e3o, ao mesmo tempo que tornam a hist\u00f3ria da sua marca mais convincente.<\/span><\/p>\n<p style=\"text-align: center;\"><img decoding=\"async\" class=\"alignnone wp-image-2744\" src=\"Certificado do produto Yudeng\" alt=\"Certificado de produto Yudeng\" width=\"962\" height=\"516\" srcset=\"\" sizes=\"(max-width: 962px) 100vw, 962px\" data-srcset=\"\" \/><\/p>\n<h4><strong><span style=\"color: #ff6600;\">Aplica\u00e7\u00e3o de Produ\u00e7\u00e3o<\/span><\/strong><\/h4>\n<p><span style=\"color: #000000;\">O couro PU personalizado da Yudeng n\u00e3o s\u00f3 oferece uma apar\u00eancia excepcional, mas tamb\u00e9m apresenta durabilidade excepcional e adaptabilidade ao processo, tornando-o adequado para uma ampla variedade de estilos de cal\u00e7ados:<\/span><\/p>\n<p><span style=\"color: #000000;\"><strong>Cal\u00e7ados esportivos\/casuais:<\/strong> O couro PU leve e flex\u00edvel oferece respirabilidade e suporte, tornando-o ideal para uso di\u00e1rio e exerc\u00edcios leves.<\/span><\/p>\n<p><span style=\"color: #000000;\"><strong>Botas de couro\/sapatos de trabalho:<\/strong> O material PU espesso e dur\u00e1vel pode substituir parcialmente o couro genu\u00edno, melhorando a resist\u00eancia \u00e0 flex\u00e3o e a durabilidade, ao mesmo tempo que reduz custos.<\/span><\/p>\n<p><span style=\"color: #000000;\"><strong>Cal\u00e7ados Femininos\/Infantis da Moda:<\/strong> Uma ampla sele\u00e7\u00e3o de cores e texturas acrescenta um toque de design aos cabedais, e a certifica\u00e7\u00e3o ambiental proporciona tranquilidade aos cal\u00e7ados infantis.<\/span><\/p>\n<p><span style=\"color: #000000;\"><strong>Cal\u00e7ados Funcionais\/Imperme\u00e1veis:<\/strong> O couro PU especialmente revestido oferece um grau de repel\u00eancia \u00e0 \u00e1gua, tornando-o adequado para cal\u00e7ados de desempenho urbano ou ao ar livre.<\/span><\/p>\n<p><span style=\"color: #000000;\">Devido \u00e0 sua alta adaptabilidade, o couro PU Yudeng tem sido amplamente utilizado nas linhas de produ\u00e7\u00e3o de fabricantes de cal\u00e7ados nacionais e internacionais, desfrutando de reten\u00e7\u00e3o e reconhecimento de clientes est\u00e1veis e de longo prazo.<\/span><\/p>\n<p style=\"text-align: center;\"><img loading=\"lazy\" decoding=\"async\" class=\"alignnone wp-image-2970 size-full\" src=\"https:\/\/fjyudeng.com\/wp-content\/uploads\/2025\/07\/PU-leatther-for-shoe-application.jpg\" alt=\"Couro PU para aplica\u00e7\u00e3o em cal\u00e7ados\" width=\"1000\" height=\"607\" srcset=\"https:\/\/fjyudeng.com\/wp-content\/uploads\/2025\/07\/PU-leatther-for-shoe-application.jpg 1000w, https:\/\/fjyudeng.com\/wp-content\/uploads\/2025\/07\/PU-leatther-for-shoe-application-300x182.jpg 300w, https:\/\/fjyudeng.com\/wp-content\/uploads\/2025\/07\/PU-leatther-for-shoe-application-768x466.jpg 768w, https:\/\/fjyudeng.com\/wp-content\/uploads\/2025\/07\/PU-leatther-for-shoe-application-18x12.jpg 18w, https:\/\/fjyudeng.com\/wp-content\/uploads\/2025\/07\/PU-leatther-for-shoe-application-600x364.jpg 600w\" sizes=\"(max-width: 1000px) 100vw, 1000px\" \/><\/p>\n<h4><strong><span style=\"color: #ff6600;\">Vantagem de f\u00e1brica<\/span><\/strong><\/h4>\n<p><span style=\"color: #000000;\">Yudeng \u00e9 mais do que apenas um <a style=\"color: #000000;\" href=\"https:\/\/fjyudeng.com\/pt\/produto\/fabricante-de-couro-sintetico-personalizado-com-tiras-medias\/\"><strong>fornecedor de couro artificial<\/strong><\/a>; \u00e9 um fabricante profissional com uma cadeia de produ\u00e7\u00e3o completa:<\/span><\/p>\n<p><span style=\"color: #000000;\"><strong>Linha de produ\u00e7\u00e3o avan\u00e7ada:<\/strong> Equipados com diversas linhas de produ\u00e7\u00e3o de PU seco e \u00famido, garantimos prazos de entrega est\u00e1veis e qualidade consistente para grandes quantidades.<\/span><\/p>\n<p><span style=\"color: #000000;\"><strong>Equipe profissional de P&amp;D:<\/strong> Com mais de 35 anos de experi\u00eancia no desenvolvimento de f\u00f3rmulas resistentes ao desgaste, resistentes a dobras e ecologicamente corretas, otimizamos continuamente o desempenho do produto com base nas necessidades do cliente.<\/span><\/p>\n<p><span style=\"color: #000000;\"><strong>Sistema rigoroso de inspe\u00e7\u00e3o de qualidade:<\/strong> Cada lote de produto passa por testes de resist\u00eancia \u00e0 abras\u00e3o, resist\u00eancia ao descascamento, resist\u00eancia \u00e0 hidr\u00f3lise e resist\u00eancia ao amarelamento antes do envio para garantir desempenho a longo prazo.<\/span><\/p>\n<p><span style=\"color: #000000;\"><strong>Experi\u00eancia em Parceria Global:<\/strong> Mantemos parcerias de longo prazo com diversas empresas e marcas internacionais de cal\u00e7ados, o que nos permite entender rapidamente os padr\u00f5es e as necessidades dos clientes internacionais.<\/span><\/p>\n<p><span style=\"color: #000000;\">Com capacidade de fabrica\u00e7\u00e3o profissional, servi\u00e7os abrangentes de personaliza\u00e7\u00e3o, certifica\u00e7\u00f5es ambientais abrangentes e ampla experi\u00eancia em parcerias globais, o couro PU resistente ao desgaste personalizado da Yudeng para cal\u00e7ados est\u00e1 ajudando um n\u00famero crescente de empresas de cal\u00e7ados a criar produtos de alta qualidade. Se voc\u00ea procura um fornecedor confi\u00e1vel de materiais para cal\u00e7ados, por que n\u00e3o solicitar uma amostra? Comece experimentando como tornar cada par de cal\u00e7ados mais dur\u00e1vel, seguro e diferenciado.<\/span><\/p>\n<p style=\"text-align: center;\"><img loading=\"lazy\" decoding=\"async\" class=\"aligncenter wp-image-2741 size-full\" src=\"https:\/\/fjyudeng.com\/wp-content\/uploads\/2025\/06\/Yudeng-Factory-and-Company.jpg\" alt=\"F\u00e1brica e Companhia Yudeng\" width=\"1200\" height=\"878\" srcset=\"https:\/\/fjyudeng.com\/wp-content\/uploads\/2025\/06\/Yudeng-Factory-and-Company.jpg 1200w, https:\/\/fjyudeng.com\/wp-content\/uploads\/2025\/06\/Yudeng-Factory-and-Company-600x439.jpg 600w, https:\/\/fjyudeng.com\/wp-content\/uploads\/2025\/06\/Yudeng-Factory-and-Company-300x220.jpg 300w, https:\/\/fjyudeng.com\/wp-content\/uploads\/2025\/06\/Yudeng-Factory-and-Company-1024x749.jpg 1024w, https:\/\/fjyudeng.com\/wp-content\/uploads\/2025\/06\/Yudeng-Factory-and-Company-768x562.jpg 768w, https:\/\/fjyudeng.com\/wp-content\/uploads\/2025\/06\/Yudeng-Factory-and-Company-16x12.jpg 16w\" sizes=\"(max-width: 1200px) 100vw, 1200px\" \/><\/p>\n<p style=\"text-align: center;\"><img loading=\"lazy\" decoding=\"async\" class=\"aligncenter wp-image-2739 size-full\" src=\"https:\/\/fjyudeng.com\/wp-content\/uploads\/2025\/06\/Yudeng-Exhibition-and-Partner.jpg\" alt=\"\" width=\"1200\" height=\"1566\" \/><\/p>","protected":false},"excerpt":{"rendered":"<ul>\n<li>\n<h5><span style=\"color: #000000;\">Pedido m\u00ednimo: 300 metros<\/span><\/h5>\n<\/li>\n<li>\n<h5><span style=\"color: #000000;\">37 anos de f\u00e1brica de couro sint\u00e9tico<\/span><\/h5>\n<\/li>\n<li>\n<h5><span style=\"color: #000000;\">50000m\u00b2 de \u00e1rea fabril<\/span><\/h5>\n<\/li>\n<li>\n<h5><span style=\"color: #000000;\">10 Linhas de produ\u00e7\u00e3o<\/span><\/h5>\n<\/li>\n<li class=\"elementor-heading-title elementor-size-default\">\n<h5><span style=\"color: #000000;\">Mais de 400 texturas dispon\u00edveis<\/span><\/h5>\n<\/li>\n<li class=\"elementor-heading-title elementor-size-default\">\n<h5><span style=\"color: #000000;\">Certificado REACH\/ROHS\/OEKO-TEX\u00ae<\/span><\/h5>\n<\/li>\n<\/ul>","protected":false},"featured_media":3087,"template":"","meta":[],"product_brand":[],"product_cat":[31],"product_tag":[],"class_list":{"0":"post-3086","1":"product","2":"type-product","3":"status-publish","4":"has-post-thumbnail","6":"product_cat-shoe-leather","8":"first","9":"instock","10":"shipping-taxable","11":"product-type-simple"},"yoast_head":"<!-- This site is optimized with the Yoast SEO Premium plugin v22.8 (Yoast SEO v22.8) - https:\/\/yoast.com\/wordpress\/plugins\/seo\/ -->\n<title>Customized Wear Resistant Pu Synthetic Leather Supplier<\/title>\n<meta name=\"description\" content=\"Yudeng professional artificial leather supplier offers free or low-cost PU leather samples, allowing you to experience the wear resistance, feel, and appearance of the product before placing an order.\" \/>\n<meta name=\"robots\" content=\"index, follow, max-snippet:-1, max-image-preview:large, max-video-preview:-1\" \/>\n<link rel=\"canonical\" href=\"https:\/\/fjyudeng.com\/pt\/produto\/fabricante-de-couro-sintetico-resistente-ao-desgaste-personalizado\/\" \/>\n<meta property=\"og:locale\" content=\"pt_BR\" \/>\n<meta property=\"og:type\" content=\"article\" \/>\n<meta property=\"og:title\" content=\"Customized Wear Resistant Pu Leather Manufacturer for Shoes\" \/>\n<meta property=\"og:description\" content=\"Yudeng professional artificial leather supplier offers free or low-cost PU leather samples, allowing you to experience the wear resistance, feel, and appearance of the product before placing an order.\" \/>\n<meta property=\"og:url\" content=\"https:\/\/fjyudeng.com\/pt\/produto\/fabricante-de-couro-sintetico-resistente-ao-desgaste-personalizado\/\" \/>\n<meta property=\"og:site_name\" content=\"fjyudeng.com\" \/>\n<meta property=\"article:modified_time\" content=\"2025-08-06T09:21:03+00:00\" \/>\n<meta property=\"og:image\" content=\"https:\/\/fjyudeng.com\/wp-content\/uploads\/2025\/08\/Customized-Wear-Resistant-Pu-Leather-Manufacturer-for-Shoes.jpg\" \/>\n\t<meta property=\"og:image:width\" content=\"1463\" \/>\n\t<meta property=\"og:image:height\" content=\"1463\" \/>\n\t<meta property=\"og:image:type\" content=\"image\/jpeg\" \/>\n<meta name=\"twitter:card\" content=\"summary_large_image\" \/>\n<meta name=\"twitter:label1\" content=\"Est. tempo de leitura\" \/>\n\t<meta name=\"twitter:data1\" content=\"5 minutos\" \/>\n<script type=\"application\/ld+json\" class=\"yoast-schema-graph\">{\"@context\":\"https:\/\/schema.org\",\"@graph\":[{\"@type\":\"WebPage\",\"@id\":\"https:\/\/fjyudeng.com\/product\/customized-wear-resistant-pu-leather-manufacturer\/\",\"url\":\"https:\/\/fjyudeng.com\/product\/customized-wear-resistant-pu-leather-manufacturer\/\",\"name\":\"Customized Wear Resistant Pu Synthetic Leather Supplier\",\"isPartOf\":{\"@id\":\"https:\/\/fjyudeng.com\/#website\"},\"primaryImageOfPage\":{\"@id\":\"https:\/\/fjyudeng.com\/product\/customized-wear-resistant-pu-leather-manufacturer\/#primaryimage\"},\"image\":{\"@id\":\"https:\/\/fjyudeng.com\/product\/customized-wear-resistant-pu-leather-manufacturer\/#primaryimage\"},\"thumbnailUrl\":\"https:\/\/fjyudeng.com\/wp-content\/uploads\/2025\/08\/Customized-Wear-Resistant-Pu-Leather-Manufacturer-for-Shoes.jpg\",\"datePublished\":\"2025-08-06T01:46:56+00:00\",\"dateModified\":\"2025-08-06T09:21:03+00:00\",\"description\":\"Yudeng professional artificial leather supplier offers free or low-cost PU leather samples, allowing you to experience the wear resistance, feel, and appearance of the product before placing an order.\",\"breadcrumb\":{\"@id\":\"https:\/\/fjyudeng.com\/product\/customized-wear-resistant-pu-leather-manufacturer\/#breadcrumb\"},\"inLanguage\":\"pt-BR\",\"potentialAction\":[{\"@type\":\"ReadAction\",\"target\":[\"https:\/\/fjyudeng.com\/product\/customized-wear-resistant-pu-leather-manufacturer\/\"]}]},{\"@type\":\"ImageObject\",\"inLanguage\":\"pt-BR\",\"@id\":\"https:\/\/fjyudeng.com\/product\/customized-wear-resistant-pu-leather-manufacturer\/#primaryimage\",\"url\":\"https:\/\/fjyudeng.com\/wp-content\/uploads\/2025\/08\/Customized-Wear-Resistant-Pu-Leather-Manufacturer-for-Shoes.jpg\",\"contentUrl\":\"https:\/\/fjyudeng.com\/wp-content\/uploads\/2025\/08\/Customized-Wear-Resistant-Pu-Leather-Manufacturer-for-Shoes.jpg\",\"width\":1463,\"height\":1463,\"caption\":\"Customized Wear Resistant Pu Leather Manufacturer for Shoes\"},{\"@type\":\"BreadcrumbList\",\"@id\":\"https:\/\/fjyudeng.com\/product\/customized-wear-resistant-pu-leather-manufacturer\/#breadcrumb\",\"itemListElement\":[{\"@type\":\"ListItem\",\"position\":1,\"name\":\"Home\",\"item\":\"https:\/\/fjyudeng.com\/\"},{\"@type\":\"ListItem\",\"position\":2,\"name\":\"Products\",\"item\":\"https:\/\/fjyudeng.com\/products\/\"},{\"@type\":\"ListItem\",\"position\":3,\"name\":\"Customized Wear Resistant Pu Leather Manufacturer for Shoes\"}]},{\"@type\":\"WebSite\",\"@id\":\"https:\/\/fjyudeng.com\/#website\",\"url\":\"https:\/\/fjyudeng.com\/\",\"name\":\"fjyudeng.com\",\"description\":\"\",\"publisher\":{\"@id\":\"https:\/\/fjyudeng.com\/#\/schema\/person\/7e41764f047e7552c6ad5bdf5f6d78c7\"},\"potentialAction\":[{\"@type\":\"SearchAction\",\"target\":{\"@type\":\"EntryPoint\",\"urlTemplate\":\"https:\/\/fjyudeng.com\/?s={search_term_string}\"},\"query-input\":\"required name=search_term_string\"}],\"inLanguage\":\"pt-BR\"},{\"@type\":[\"Person\",\"Organization\"],\"@id\":\"https:\/\/fjyudeng.com\/#\/schema\/person\/7e41764f047e7552c6ad5bdf5f6d78c7\",\"name\":\"yshine03@gmail.com\",\"image\":{\"@type\":\"ImageObject\",\"inLanguage\":\"pt-BR\",\"@id\":\"https:\/\/fjyudeng.com\/#\/schema\/person\/image\/\",\"url\":\"https:\/\/fjyudeng.com\/wp-content\/uploads\/2025\/04\/yudeng-pu-leather-factory-manufacturer.png\",\"contentUrl\":\"https:\/\/fjyudeng.com\/wp-content\/uploads\/2025\/04\/yudeng-pu-leather-factory-manufacturer.png\",\"width\":588,\"height\":590,\"caption\":\"yshine03@gmail.com\"},\"logo\":{\"@id\":\"https:\/\/fjyudeng.com\/#\/schema\/person\/image\/\"},\"sameAs\":[\"https:\/\/fjyudeng.com\"]}]}<\/script>\n<!-- \/ Yoast SEO Premium plugin. -->","yoast_head_json":{"title":"Customized Wear Resistant Pu Synthetic Leather Supplier","description":"Yudeng professional artificial leather supplier offers free or low-cost PU leather samples, allowing you to experience the wear resistance, feel, and appearance of the product before placing an order.","robots":{"index":"index","follow":"follow","max-snippet":"max-snippet:-1","max-image-preview":"max-image-preview:large","max-video-preview":"max-video-preview:-1"},"canonical":"https:\/\/fjyudeng.com\/pt\/produto\/fabricante-de-couro-sintetico-resistente-ao-desgaste-personalizado\/","og_locale":"pt_BR","og_type":"article","og_title":"Customized Wear Resistant Pu Leather Manufacturer for Shoes","og_description":"Yudeng professional artificial leather supplier offers free or low-cost PU leather samples, allowing you to experience the wear resistance, feel, and appearance of the product before placing an order.","og_url":"https:\/\/fjyudeng.com\/pt\/produto\/fabricante-de-couro-sintetico-resistente-ao-desgaste-personalizado\/","og_site_name":"fjyudeng.com","article_modified_time":"2025-08-06T09:21:03+00:00","og_image":[{"width":1463,"height":1463,"url":"https:\/\/fjyudeng.com\/wp-content\/uploads\/2025\/08\/Customized-Wear-Resistant-Pu-Leather-Manufacturer-for-Shoes.jpg","type":"image\/jpeg"}],"twitter_card":"summary_large_image","twitter_misc":{"Est. tempo de leitura":"5 minutos"},"schema":{"@context":"https:\/\/schema.org","@graph":[{"@type":"WebPage","@id":"https:\/\/fjyudeng.com\/product\/customized-wear-resistant-pu-leather-manufacturer\/","url":"https:\/\/fjyudeng.com\/product\/customized-wear-resistant-pu-leather-manufacturer\/","name":"Customized Wear Resistant Pu Synthetic Leather Supplier","isPartOf":{"@id":"https:\/\/fjyudeng.com\/#website"},"primaryImageOfPage":{"@id":"https:\/\/fjyudeng.com\/product\/customized-wear-resistant-pu-leather-manufacturer\/#primaryimage"},"image":{"@id":"https:\/\/fjyudeng.com\/product\/customized-wear-resistant-pu-leather-manufacturer\/#primaryimage"},"thumbnailUrl":"https:\/\/fjyudeng.com\/wp-content\/uploads\/2025\/08\/Customized-Wear-Resistant-Pu-Leather-Manufacturer-for-Shoes.jpg","datePublished":"2025-08-06T01:46:56+00:00","dateModified":"2025-08-06T09:21:03+00:00","description":"Yudeng professional artificial leather supplier offers free or low-cost PU leather samples, allowing you to experience the wear resistance, feel, and appearance of the product before placing an order.","breadcrumb":{"@id":"https:\/\/fjyudeng.com\/product\/customized-wear-resistant-pu-leather-manufacturer\/#breadcrumb"},"inLanguage":"pt-BR","potentialAction":[{"@type":"ReadAction","target":["https:\/\/fjyudeng.com\/product\/customized-wear-resistant-pu-leather-manufacturer\/"]}]},{"@type":"ImageObject","inLanguage":"pt-BR","@id":"https:\/\/fjyudeng.com\/product\/customized-wear-resistant-pu-leather-manufacturer\/#primaryimage","url":"https:\/\/fjyudeng.com\/wp-content\/uploads\/2025\/08\/Customized-Wear-Resistant-Pu-Leather-Manufacturer-for-Shoes.jpg","contentUrl":"https:\/\/fjyudeng.com\/wp-content\/uploads\/2025\/08\/Customized-Wear-Resistant-Pu-Leather-Manufacturer-for-Shoes.jpg","width":1463,"height":1463,"caption":"Customized Wear Resistant Pu Leather Manufacturer for Shoes"},{"@type":"BreadcrumbList","@id":"https:\/\/fjyudeng.com\/product\/customized-wear-resistant-pu-leather-manufacturer\/#breadcrumb","itemListElement":[{"@type":"ListItem","position":1,"name":"Home","item":"https:\/\/fjyudeng.com\/"},{"@type":"ListItem","position":2,"name":"Products","item":"https:\/\/fjyudeng.com\/products\/"},{"@type":"ListItem","position":3,"name":"Customized Wear Resistant Pu Leather Manufacturer for Shoes"}]},{"@type":"WebSite","@id":"https:\/\/fjyudeng.com\/#website","url":"https:\/\/fjyudeng.com\/","name":"fjyudeng.com","description":"","publisher":{"@id":"https:\/\/fjyudeng.com\/#\/schema\/person\/7e41764f047e7552c6ad5bdf5f6d78c7"},"potentialAction":[{"@type":"SearchAction","target":{"@type":"EntryPoint","urlTemplate":"https:\/\/fjyudeng.com\/?s={search_term_string}"},"query-input":"required name=search_term_string"}],"inLanguage":"pt-BR"},{"@type":["Person","Organization"],"@id":"https:\/\/fjyudeng.com\/#\/schema\/person\/7e41764f047e7552c6ad5bdf5f6d78c7","name":"yshine03@gmail.com","image":{"@type":"ImageObject","inLanguage":"pt-BR","@id":"https:\/\/fjyudeng.com\/#\/schema\/person\/image\/","url":"https:\/\/fjyudeng.com\/wp-content\/uploads\/2025\/04\/yudeng-pu-leather-factory-manufacturer.png","contentUrl":"https:\/\/fjyudeng.com\/wp-content\/uploads\/2025\/04\/yudeng-pu-leather-factory-manufacturer.png","width":588,"height":590,"caption":"yshine03@gmail.com"},"logo":{"@id":"https:\/\/fjyudeng.com\/#\/schema\/person\/image\/"},"sameAs":["https:\/\/fjyudeng.com"]}]}},"_links":{"self":[{"href":"https:\/\/fjyudeng.com\/pt\/wp-json\/wp\/v2\/product\/3086","targetHints":{"allow":["GET"]}}],"collection":[{"href":"https:\/\/fjyudeng.com\/pt\/wp-json\/wp\/v2\/product"}],"about":[{"href":"https:\/\/fjyudeng.com\/pt\/wp-json\/wp\/v2\/types\/product"}],"wp:featuredmedia":[{"embeddable":true,"href":"https:\/\/fjyudeng.com\/pt\/wp-json\/wp\/v2\/media\/3087"}],"wp:attachment":[{"href":"https:\/\/fjyudeng.com\/pt\/wp-json\/wp\/v2\/media?parent=3086"}],"wp:term":[{"taxonomy":"product_brand","embeddable":true,"href":"https:\/\/fjyudeng.com\/pt\/wp-json\/wp\/v2\/product_brand?post=3086"},{"taxonomy":"product_cat","embeddable":true,"href":"https:\/\/fjyudeng.com\/pt\/wp-json\/wp\/v2\/product_cat?post=3086"},{"taxonomy":"product_tag","embeddable":true,"href":"https:\/\/fjyudeng.com\/pt\/wp-json\/wp\/v2\/product_tag?post=3086"}],"curies":[{"name":"wp","href":"https:\/\/api.w.org\/{rel}","templated":true}]}}