{"id":3099,"date":"2025-08-11T14:12:51","date_gmt":"2025-08-11T06:12:51","guid":{"rendered":"https:\/\/fjyudeng.com\/?post_type=product&#038;p=3099"},"modified":"2025-08-11T14:48:41","modified_gmt":"2025-08-11T06:48:41","slug":"fabricante-de-couro-sintetico-impermeavel-personalizado","status":"publish","type":"product","link":"https:\/\/fjyudeng.com\/pt\/produto\/fabricante-de-couro-sintetico-impermeavel-personalizado\/","title":{"rendered":"Fabricante de couro sint\u00e9tico imperme\u00e1vel personalizado para tecidos de futebol"},"content":{"rendered":"<p><strong><span style=\"color: #000000;\">Materiais de couro de futebol premium \u2013 Criando excel\u00eancia para o jogo bonito<\/span><\/strong><\/p>\n<p><span style=\"color: #000000;\">Na Yudeng Textile, orgulhamo-nos de produzir os melhores materiais de couro para futebol, com a confian\u00e7a de fabricantes, profissionais e entusiastas em todo o mundo. Nosso couro de alto desempenho combina durabilidade, precis\u00e3o e toque superior para atender \u00e0s demandas do futebol moderno em todos os n\u00edveis.<\/span><\/p>\n<p><strong><span style=\"color: #000000;\">Por que escolher nosso couro de futebol?<\/span><\/strong><\/p>\n<ul>\n<li><span style=\"color: #000000;\">Padr\u00f5es de qualidade para exporta\u00e7\u00e3o: testados rigorosamente quanto \u00e0 carga de descascamento, resist\u00eancia, resist\u00eancia \u00e0 \u00e1gua e desempenho consistente em todas as condi\u00e7\u00f5es.<\/span><\/li>\n<li><span style=\"color: #000000;\">Op\u00e7\u00f5es de espessura ideais: dispon\u00edveis em calibres de 1,0 mm a 1,5 mm (1,2 mm, 1,3 mm, 1,4 mm) para peso e flexibilidade personalizados.<\/span><\/li>\n<li><span style=\"color: #000000;\">Maior ader\u00eancia e controle: superf\u00edcies especialmente tratadas garantem m\u00e1xima ader\u00eancia da bola para passes e chutes precisos.<\/span><\/li>\n<li><span style=\"color: #000000;\">Bronzeamento Ecol\u00f3gico: Processos sustent\u00e1veis que priorizam a responsabilidade ambiental sem comprometer a qualidade.<\/span><\/li>\n<\/ul>\n<p><strong><span style=\"color: #000000;\">Nossas Linhas de Produtos de Assinatura<\/span><\/strong><\/p>\n<ul>\n<li><span style=\"color: #000000;\">S\u00e9rie TARGET \u2013 Projetada para partidas profissionais, oferecendo precis\u00e3o incompar\u00e1vel e capacidade de resposta de n\u00edvel elite.<\/span><\/li>\n<li><span style=\"color: #000000;\">S\u00e9rie CAMPUS \u2013 Projetada para treinamento e academias, equilibrando durabilidade e pre\u00e7o acess\u00edvel.<\/span><\/li>\n<li><span style=\"color: #000000;\">S\u00e9rie ECHO \u2013 Couro texturizado inovador para feedback ac\u00fastico (alto \u201cestalo\u201d no impacto), preferido por treinadores para dicas de treinamento auditivo.<\/span><\/li>\n<\/ul>\n<p><strong><span style=\"color: #000000;\">Aplica\u00e7\u00f5es<\/span><\/strong><\/p>\n<ul>\n<li><span style=\"color: #000000;\">Bolas de jogo, bolas de treino, bolas de futsal\/futebol de sal\u00e3o<\/span><\/li>\n<li><span style=\"color: #000000;\">Luvas e acess\u00f3rios de goleiro<\/span><\/li>\n<li><span style=\"color: #000000;\">Marca personalizada para clubes\/ligas<\/span><\/li>\n<li><span style=\"color: #000000;\">Alcance global, confian\u00e7a local<\/span><\/li>\n<\/ul>\n<p><span style=\"color: #000000;\">Com exporta\u00e7\u00f5es para mais de 30 pa\u00edses, incluindo parcerias com fabricantes paquistaneses, europeus e sul-americanos.<\/span><br \/>\n<span style=\"color: #000000;\">\u201cDa base \u00e0 gl\u00f3ria, costuramos a perfei\u00e7\u00e3o em cada pe\u00e7a.\u201d<\/span><\/p>\n<p style=\"text-align: center;\">\u00a0<img fetchpriority=\"high\" decoding=\"async\" class=\"wp-image-3019 size-full aligncenter\" src=\"https:\/\/fjyudeng.com\/wp-content\/uploads\/2025\/07\/Yudeng-Textile-pu-leather-for-ball-leather.jpg\" alt=\"Couro sint\u00e9tico t\u00eaxtil Yudeng para couro de bola\" width=\"1200\" height=\"679\" srcset=\"https:\/\/fjyudeng.com\/wp-content\/uploads\/2025\/07\/Yudeng-Textile-pu-leather-for-ball-leather.jpg 1200w, https:\/\/fjyudeng.com\/wp-content\/uploads\/2025\/07\/Yudeng-Textile-pu-leather-for-ball-leather-300x170.jpg 300w, https:\/\/fjyudeng.com\/wp-content\/uploads\/2025\/07\/Yudeng-Textile-pu-leather-for-ball-leather-1024x579.jpg 1024w, https:\/\/fjyudeng.com\/wp-content\/uploads\/2025\/07\/Yudeng-Textile-pu-leather-for-ball-leather-768x435.jpg 768w, https:\/\/fjyudeng.com\/wp-content\/uploads\/2025\/07\/Yudeng-Textile-pu-leather-for-ball-leather-18x10.jpg 18w, https:\/\/fjyudeng.com\/wp-content\/uploads\/2025\/07\/Yudeng-Textile-pu-leather-for-ball-leather-600x340.jpg 600w\" sizes=\"(max-width: 1200px) 100vw, 1200px\" \/><img decoding=\"async\" class=\"aligncenter wp-image-3018 size-full\" src=\"https:\/\/fjyudeng.com\/wp-content\/uploads\/2025\/07\/Yudeng-pu-leather-for-ball-Product-description.jpg\" alt=\"Descri\u00e7\u00e3o do produto: Couro pu Yudeng para bola\" width=\"1200\" height=\"1377\" srcset=\"https:\/\/fjyudeng.com\/wp-content\/uploads\/2025\/07\/Yudeng-pu-leather-for-ball-Product-description.jpg 1200w, https:\/\/fjyudeng.com\/wp-content\/uploads\/2025\/07\/Yudeng-pu-leather-for-ball-Product-description-261x300.jpg 261w, https:\/\/fjyudeng.com\/wp-content\/uploads\/2025\/07\/Yudeng-pu-leather-for-ball-Product-description-892x1024.jpg 892w, https:\/\/fjyudeng.com\/wp-content\/uploads\/2025\/07\/Yudeng-pu-leather-for-ball-Product-description-768x881.jpg 768w, https:\/\/fjyudeng.com\/wp-content\/uploads\/2025\/07\/Yudeng-pu-leather-for-ball-Product-description-10x12.jpg 10w, https:\/\/fjyudeng.com\/wp-content\/uploads\/2025\/07\/Yudeng-pu-leather-for-ball-Product-description-600x689.jpg 600w\" sizes=\"(max-width: 1200px) 100vw, 1200px\" \/><\/p>\n<p><span style=\"color: #000000;\">Para clientes que exigem couro PU personalizado para bolas de futebol, Yudeng <a style=\"color: #000000;\" href=\"https:\/\/fjyudeng.com\/pt\/produto\/fabricante-de-couro-sintetico-resistente-ao-desgaste-personalizado\/\"><strong>fornecedor de couro sint\u00e9tico<\/strong><\/a> oferece servi\u00e7os de amostragem gratuitos ou de baixo custo. As amostras podem ser cortadas em v\u00e1rios tamanhos para atender \u00e0s suas necessidades e pr\u00e9-testadas quanto \u00e0 resist\u00eancia \u00e0 \u00e1gua e \u00e0 abras\u00e3o, permitindo que voc\u00ea avalie intuitivamente o toque, a flexibilidade e o desempenho do tecido antes de fazer um pedido em massa.<\/span><\/p>\n<h4><span style=\"color: #ff6600;\">Servi\u00e7o personalizado para criar textura exclusiva da marca<\/span><\/h4>\n<p><span style=\"color: #000000;\">O couro PU para bolas de futebol deve equilibrar desempenho e apelo visual. Oferecemos personaliza\u00e7\u00e3o multidimensional sob medida para as necessidades de diferentes competi\u00e7\u00f5es, marcas ou clubes:<\/span><\/p>\n<p><span style=\"color: #000000;\"><strong>Cor:<\/strong> Do cl\u00e1ssico xadrez preto e branco \u00e0s cores fluorescentes vibrantes e brilho met\u00e1lico, paletas de cores personalizadas est\u00e3o dispon\u00edveis, e logotipos de marcas podem ser impressos nelas.<\/span><\/p>\n<p><span style=\"color: #000000;\"><strong>Grossura:<\/strong> A espessura padr\u00e3o varia de 0,8 mm a 1,5 mm, ajust\u00e1vel para atender aos requisitos de durabilidade de diferentes n\u00edveis de competi\u00e7\u00e3o ou treinamento.<\/span><\/p>\n<p><span style=\"color: #000000;\"><strong>Textura:<\/strong> Oferecemos uma variedade de texturas espec\u00edficas para futebol, incluindo lichia, microporosa e fosca, melhorando a ader\u00eancia e o atrito.<\/span><\/p>\n<p><span style=\"color: #000000;\"><strong>Apoio:<\/strong> Oferecemos uma variedade de estruturas de suporte, incluindo poli\u00e9ster, tecido n\u00e3o tecido e malha, para melhorar a estabilidade e a durabilidade da superf\u00edcie.<\/span><\/p>\n<p><span style=\"color: #000000;\">Esse alto n\u00edvel de flexibilidade garante que cada cliente receba um couro PU exclusivo que atende totalmente aos padr\u00f5es de competi\u00e7\u00e3o.<\/span><\/p>\n<p>&nbsp;<\/p>\n<h4><span style=\"color: #ff6600;\"><strong>REACH\/ROHS\/OEK<span style=\"color: #ff6600;\">O-TEX\u00ae env<\/span>certifica\u00e7\u00e3o ferromental<\/strong><\/span><\/h4>\n<p><span style=\"color: #000000;\">Nosso couro PU \u00e0 prova d&#039;\u00e1gua para bolas de futebol n\u00e3o s\u00f3 ostenta apar\u00eancia e desempenho superiores, mas tamb\u00e9m passou por in\u00fameras certifica\u00e7\u00f5es ambientais e de qualidade reconhecidas internacionalmente, incluindo:<\/span><\/p>\n<p><span style=\"color: #000000;\"><strong>TV:<\/strong> Garante que o material atenda aos padr\u00f5es de seguran\u00e7a e desempenho durante o uso.<\/span><\/p>\n<p><span style=\"color: #000000;\"><strong>ALCAN\u00c7AR:<\/strong> Em conformidade com os regulamentos de seguran\u00e7a qu\u00edmica da UE, eliminando produtos qu\u00edmicos nocivos.<\/span><\/p>\n<p><span style=\"color: #000000;\"><strong>RoHS:<\/strong> Garante que o produto esteja livre de metais pesados nocivos, como chumbo, merc\u00fario e c\u00e1dmio.<\/span><\/p>\n<p><span style=\"color: #000000;\"><strong>Norma OEKO-TEX\u00ae 100:<\/strong> Passa na certifica\u00e7\u00e3o ambiental internacional para t\u00eaxteis, garantindo que seja seguro e n\u00e3o irritante para contato direto com a pele.<\/span><\/p>\n<p><span style=\"color: #000000;\">Essas certifica\u00e7\u00f5es n\u00e3o apenas garantem a qualidade, mas tamb\u00e9m eliminam barreiras regulat\u00f3rias para a exporta\u00e7\u00e3o da sua marca para mercados na Europa, Am\u00e9rica, Sudeste Asi\u00e1tico e outros lugares.<\/span><\/p>\n<p style=\"text-align: center;\"><img decoding=\"async\" class=\"alignnone wp-image-2744\" src=\"Certificado do produto Yudeng\" alt=\"Certificado de produto Yudeng\" width=\"962\" height=\"516\" srcset=\"\" sizes=\"(max-width: 962px) 100vw, 962px\" data-srcset=\"\" \/><\/p>\n<h4><strong><span style=\"color: #ff6600;\">Aplica\u00e7\u00e3o de Produ\u00e7\u00e3o<\/span><\/strong><\/h4>\n<p><span style=\"color: #000000;\">Embora este couro PU seja projetado para aplica\u00e7\u00f5es em futebol, suas propriedades \u00e0 prova d&#039;\u00e1gua, resistentes \u00e0 abras\u00e3o e resistentes a rasgos tamb\u00e9m o tornam uma excelente escolha para outros equipamentos esportivos e produtos para atividades ao ar livre:<\/span><\/p>\n<p><span style=\"color: #000000;\"><strong>Equipamentos esportivos:<\/strong> futsal, bolas de treino indoor, futebol de rua, etc.<\/span><\/p>\n<p><span style=\"color: #000000;\"><strong>Acess\u00f3rios esportivos:<\/strong> caneleiras, bolsas esportivas e tecidos para colchonetes de treinamento.<\/span><\/p>\n<p><span style=\"color: #000000;\"><strong>Lazer ao ar livre:<\/strong> tecidos para cadeiras de acampamento, almofadas de assento imperme\u00e1veis e couro protetor para playgrounds infantis.<\/span><\/p>\n<p><span style=\"color: #000000;\">Essa adaptabilidade intersetorial torna a empresa mais competitiva no mercado e cria mais oportunidades de vendas para os distribuidores.<\/span><\/p>\n<p style=\"text-align: center;\"><img loading=\"lazy\" decoding=\"async\" class=\"aligncenter wp-image-3020 size-full\" src=\"https:\/\/fjyudeng.com\/wp-content\/uploads\/2025\/07\/Yudeng-Textile-pu-leather-for-ball-leather-application.jpg\" alt=\"Couro sint\u00e9tico t\u00eaxtil Yudeng para aplica\u00e7\u00e3o em couro de bola\" width=\"1200\" height=\"451\" srcset=\"https:\/\/fjyudeng.com\/wp-content\/uploads\/2025\/07\/Yudeng-Textile-pu-leather-for-ball-leather-application.jpg 1200w, https:\/\/fjyudeng.com\/wp-content\/uploads\/2025\/07\/Yudeng-Textile-pu-leather-for-ball-leather-application-300x113.jpg 300w, https:\/\/fjyudeng.com\/wp-content\/uploads\/2025\/07\/Yudeng-Textile-pu-leather-for-ball-leather-application-1024x385.jpg 1024w, https:\/\/fjyudeng.com\/wp-content\/uploads\/2025\/07\/Yudeng-Textile-pu-leather-for-ball-leather-application-768x289.jpg 768w, https:\/\/fjyudeng.com\/wp-content\/uploads\/2025\/07\/Yudeng-Textile-pu-leather-for-ball-leather-application-18x7.jpg 18w, https:\/\/fjyudeng.com\/wp-content\/uploads\/2025\/07\/Yudeng-Textile-pu-leather-for-ball-leather-application-600x226.jpg 600w\" sizes=\"(max-width: 1200px) 100vw, 1200px\" \/><\/p>\n<h4><strong><span style=\"color: #ff6600;\">Vantagem de f\u00e1brica<\/span><\/strong><\/h4>\n<p><span style=\"color: #000000;\">A Yudeng possui mais de 37 anos de experi\u00eancia na produ\u00e7\u00e3o de couro sint\u00e9tico PU. Nossa f\u00e1brica est\u00e1 equipada com avan\u00e7adas linhas de revestimento multicamadas e equipamentos precisos de impress\u00e3o e prensagem, concluindo com efici\u00eancia todo o processo de produ\u00e7\u00e3o, desde o tratamento do tecido base e revestimento imperme\u00e1vel at\u00e9 a prensagem da textura.<\/span><\/p>\n<ul>\n<li><span style=\"color: #000000;\">Nossa experiente equipe t\u00e9cnica est\u00e1 familiarizada com os padr\u00f5es internacionais e diversas t\u00e9cnicas de processamento de couro PU para bolas de futebol, o que nos permite responder rapidamente a solicita\u00e7\u00f5es especiais de personaliza\u00e7\u00e3o.<\/span><\/li>\n<li><span style=\"color: #000000;\">Nosso rigoroso sistema de controle de qualidade garante que cada lote de produtos passe por v\u00e1rios testes, incluindo testes de resist\u00eancia \u00e0 tra\u00e7\u00e3o, testes de ciclo de abras\u00e3o e testes de resist\u00eancia \u00e0 \u00e1gua e imers\u00e3o, antes do envio.<\/span><\/li>\n<li><span style=\"color: #000000;\">Nossa cadeia de suprimentos est\u00e1vel garante ciclos de produ\u00e7\u00e3o curtos, qualidade consistente e entrega confi\u00e1vel.<\/span><\/li>\n<\/ul>\n<p><span style=\"color: #000000;\">Nossa experi\u00eancia no mercado internacional inclui anos de servi\u00e7os OEM\/ODM para marcas esportivas renomadas na Europa, EUA e Sudeste Asi\u00e1tico, al\u00e9m de nossa expertise em embalagens para exporta\u00e7\u00e3o, desembara\u00e7o aduaneiro e processos de certifica\u00e7\u00e3o.<\/span><\/p>\n<p><span style=\"color: #000000;\">Yudeng <a style=\"color: #000000;\" href=\"https:\/\/fjyudeng.com\/pt\/produto\/fabricante-de-couro-sintetico-personalizado-com-graos-de-lichia\/\"><strong>fornecedor de couro artificial<\/strong><\/a> Contamos com ampla experi\u00eancia no setor, equipamentos de produ\u00e7\u00e3o avan\u00e7ados e um sistema de gest\u00e3o de qualidade abrangente para fornecer consistentemente aos clientes solu\u00e7\u00f5es em tecido para futebol americano de alto padr\u00e3o. Seja voc\u00ea propriet\u00e1rio de uma marca, atacadista ou fabricante, podemos fabricar couro sint\u00e9tico para futebol americano sob medida, bonito e dur\u00e1vel, para que seu produto se destaque no mercado.<\/span><\/p>\n<p style=\"text-align: center;\"><img loading=\"lazy\" decoding=\"async\" class=\"aligncenter wp-image-2741 size-full\" src=\"https:\/\/fjyudeng.com\/wp-content\/uploads\/2025\/06\/Yudeng-Factory-and-Company.jpg\" alt=\"F\u00e1brica e Companhia Yudeng\" width=\"1200\" height=\"878\" srcset=\"https:\/\/fjyudeng.com\/wp-content\/uploads\/2025\/06\/Yudeng-Factory-and-Company.jpg 1200w, https:\/\/fjyudeng.com\/wp-content\/uploads\/2025\/06\/Yudeng-Factory-and-Company-600x439.jpg 600w, https:\/\/fjyudeng.com\/wp-content\/uploads\/2025\/06\/Yudeng-Factory-and-Company-300x220.jpg 300w, https:\/\/fjyudeng.com\/wp-content\/uploads\/2025\/06\/Yudeng-Factory-and-Company-1024x749.jpg 1024w, https:\/\/fjyudeng.com\/wp-content\/uploads\/2025\/06\/Yudeng-Factory-and-Company-768x562.jpg 768w, https:\/\/fjyudeng.com\/wp-content\/uploads\/2025\/06\/Yudeng-Factory-and-Company-16x12.jpg 16w\" sizes=\"(max-width: 1200px) 100vw, 1200px\" \/><\/p>\n<p style=\"text-align: center;\"><img loading=\"lazy\" decoding=\"async\" class=\"aligncenter wp-image-2739 size-full\" src=\"https:\/\/fjyudeng.com\/wp-content\/uploads\/2025\/06\/Yudeng-Exhibition-and-Partner.jpg\" alt=\"\" width=\"1200\" height=\"1566\" \/><\/p>","protected":false},"excerpt":{"rendered":"<ul>\n<li>\n<h5><span style=\"color: #000000;\">Pedido m\u00ednimo: 300 metros<\/span><\/h5>\n<\/li>\n<li>\n<h5><span style=\"color: #000000;\">37 anos de f\u00e1brica de couro sint\u00e9tico<\/span><\/h5>\n<\/li>\n<li>\n<h5><span style=\"color: #000000;\">50000m\u00b2 de \u00e1rea fabril<\/span><\/h5>\n<\/li>\n<li>\n<h5><span style=\"color: #000000;\">10 Linhas de produ\u00e7\u00e3o<\/span><\/h5>\n<\/li>\n<li class=\"elementor-heading-title elementor-size-default\">\n<h5><span style=\"color: #000000;\">Mais de 400 texturas dispon\u00edveis<\/span><\/h5>\n<\/li>\n<li class=\"elementor-heading-title elementor-size-default\">\n<h5><span style=\"color: #000000;\">Certificado REACH\/ROHS\/OEKO-TEX\u00ae<\/span><\/h5>\n<\/li>\n<\/ul>","protected":false},"featured_media":3100,"template":"","meta":[],"product_brand":[],"product_cat":[30],"product_tag":[],"class_list":{"0":"post-3099","1":"product","2":"type-product","3":"status-publish","4":"has-post-thumbnail","6":"product_cat-ball-leather","8":"first","9":"instock","10":"shipping-taxable","11":"product-type-simple"},"yoast_head":"<!-- This site is optimized with the Yoast SEO Premium plugin v22.8 (Yoast SEO v22.8) - https:\/\/yoast.com\/wordpress\/plugins\/seo\/ -->\n<title>Custom Waterproof Pu Leather Manufacturer for Football Fabrics<\/title>\n<meta name=\"description\" content=\"For customers requiring custom PU leather for footballs, Yudeng, a 37-year-old synthetic leather company, offers free or low-cost samples.\" \/>\n<meta name=\"robots\" content=\"index, follow, max-snippet:-1, max-image-preview:large, max-video-preview:-1\" \/>\n<link rel=\"canonical\" href=\"https:\/\/fjyudeng.com\/pt\/produto\/fabricante-de-couro-sintetico-impermeavel-personalizado\/\" \/>\n<meta property=\"og:locale\" content=\"pt_BR\" \/>\n<meta property=\"og:type\" content=\"article\" \/>\n<meta property=\"og:title\" content=\"Custom Waterproof Pu Leather Manufacturer for Football Fabrics\" \/>\n<meta property=\"og:description\" content=\"For customers requiring custom PU leather for footballs, Yudeng, a 37-year-old synthetic leather company, offers free or low-cost samples.\" \/>\n<meta property=\"og:url\" content=\"https:\/\/fjyudeng.com\/pt\/produto\/fabricante-de-couro-sintetico-impermeavel-personalizado\/\" \/>\n<meta property=\"og:site_name\" content=\"fjyudeng.com\" \/>\n<meta property=\"article:modified_time\" content=\"2025-08-11T06:48:41+00:00\" \/>\n<meta property=\"og:image\" content=\"https:\/\/fjyudeng.com\/wp-content\/uploads\/2025\/08\/Custom-Waterproof-Pu-Leather-Manufacturer.jpg\" \/>\n\t<meta property=\"og:image:width\" content=\"750\" \/>\n\t<meta property=\"og:image:height\" content=\"750\" \/>\n\t<meta property=\"og:image:type\" content=\"image\/jpeg\" \/>\n<meta name=\"twitter:card\" content=\"summary_large_image\" \/>\n<meta name=\"twitter:label1\" content=\"Est. tempo de leitura\" \/>\n\t<meta name=\"twitter:data1\" content=\"5 minutos\" \/>\n<script type=\"application\/ld+json\" class=\"yoast-schema-graph\">{\"@context\":\"https:\/\/schema.org\",\"@graph\":[{\"@type\":\"WebPage\",\"@id\":\"https:\/\/fjyudeng.com\/product\/custom-waterproof-pu-leather-manufacturer\/\",\"url\":\"https:\/\/fjyudeng.com\/product\/custom-waterproof-pu-leather-manufacturer\/\",\"name\":\"Custom Waterproof Pu Leather Manufacturer for Football Fabrics\",\"isPartOf\":{\"@id\":\"https:\/\/fjyudeng.com\/#website\"},\"primaryImageOfPage\":{\"@id\":\"https:\/\/fjyudeng.com\/product\/custom-waterproof-pu-leather-manufacturer\/#primaryimage\"},\"image\":{\"@id\":\"https:\/\/fjyudeng.com\/product\/custom-waterproof-pu-leather-manufacturer\/#primaryimage\"},\"thumbnailUrl\":\"https:\/\/fjyudeng.com\/wp-content\/uploads\/2025\/08\/Custom-Waterproof-Pu-Leather-Manufacturer.jpg\",\"datePublished\":\"2025-08-11T06:12:51+00:00\",\"dateModified\":\"2025-08-11T06:48:41+00:00\",\"description\":\"For customers requiring custom PU leather for footballs, Yudeng, a 37-year-old synthetic leather company, offers free or low-cost samples.\",\"breadcrumb\":{\"@id\":\"https:\/\/fjyudeng.com\/product\/custom-waterproof-pu-leather-manufacturer\/#breadcrumb\"},\"inLanguage\":\"pt-BR\",\"potentialAction\":[{\"@type\":\"ReadAction\",\"target\":[\"https:\/\/fjyudeng.com\/product\/custom-waterproof-pu-leather-manufacturer\/\"]}]},{\"@type\":\"ImageObject\",\"inLanguage\":\"pt-BR\",\"@id\":\"https:\/\/fjyudeng.com\/product\/custom-waterproof-pu-leather-manufacturer\/#primaryimage\",\"url\":\"https:\/\/fjyudeng.com\/wp-content\/uploads\/2025\/08\/Custom-Waterproof-Pu-Leather-Manufacturer.jpg\",\"contentUrl\":\"https:\/\/fjyudeng.com\/wp-content\/uploads\/2025\/08\/Custom-Waterproof-Pu-Leather-Manufacturer.jpg\",\"width\":750,\"height\":750,\"caption\":\"Custom Waterproof Pu Leather Manufacturer\"},{\"@type\":\"BreadcrumbList\",\"@id\":\"https:\/\/fjyudeng.com\/product\/custom-waterproof-pu-leather-manufacturer\/#breadcrumb\",\"itemListElement\":[{\"@type\":\"ListItem\",\"position\":1,\"name\":\"Home\",\"item\":\"https:\/\/fjyudeng.com\/\"},{\"@type\":\"ListItem\",\"position\":2,\"name\":\"Products\",\"item\":\"https:\/\/fjyudeng.com\/products\/\"},{\"@type\":\"ListItem\",\"position\":3,\"name\":\"Custom Waterproof Pu Leather Manufacturer for Football Fabrics\"}]},{\"@type\":\"WebSite\",\"@id\":\"https:\/\/fjyudeng.com\/#website\",\"url\":\"https:\/\/fjyudeng.com\/\",\"name\":\"fjyudeng.com\",\"description\":\"\",\"publisher\":{\"@id\":\"https:\/\/fjyudeng.com\/#\/schema\/person\/7e41764f047e7552c6ad5bdf5f6d78c7\"},\"potentialAction\":[{\"@type\":\"SearchAction\",\"target\":{\"@type\":\"EntryPoint\",\"urlTemplate\":\"https:\/\/fjyudeng.com\/?s={search_term_string}\"},\"query-input\":\"required name=search_term_string\"}],\"inLanguage\":\"pt-BR\"},{\"@type\":[\"Person\",\"Organization\"],\"@id\":\"https:\/\/fjyudeng.com\/#\/schema\/person\/7e41764f047e7552c6ad5bdf5f6d78c7\",\"name\":\"yshine03@gmail.com\",\"image\":{\"@type\":\"ImageObject\",\"inLanguage\":\"pt-BR\",\"@id\":\"https:\/\/fjyudeng.com\/#\/schema\/person\/image\/\",\"url\":\"https:\/\/fjyudeng.com\/wp-content\/uploads\/2025\/04\/yudeng-pu-leather-factory-manufacturer.png\",\"contentUrl\":\"https:\/\/fjyudeng.com\/wp-content\/uploads\/2025\/04\/yudeng-pu-leather-factory-manufacturer.png\",\"width\":588,\"height\":590,\"caption\":\"yshine03@gmail.com\"},\"logo\":{\"@id\":\"https:\/\/fjyudeng.com\/#\/schema\/person\/image\/\"},\"sameAs\":[\"https:\/\/fjyudeng.com\"]}]}<\/script>\n<!-- \/ Yoast SEO Premium plugin. -->","yoast_head_json":{"title":"Custom Waterproof Pu Leather Manufacturer for Football Fabrics","description":"For customers requiring custom PU leather for footballs, Yudeng, a 37-year-old synthetic leather company, offers free or low-cost samples.","robots":{"index":"index","follow":"follow","max-snippet":"max-snippet:-1","max-image-preview":"max-image-preview:large","max-video-preview":"max-video-preview:-1"},"canonical":"https:\/\/fjyudeng.com\/pt\/produto\/fabricante-de-couro-sintetico-impermeavel-personalizado\/","og_locale":"pt_BR","og_type":"article","og_title":"Custom Waterproof Pu Leather Manufacturer for Football Fabrics","og_description":"For customers requiring custom PU leather for footballs, Yudeng, a 37-year-old synthetic leather company, offers free or low-cost samples.","og_url":"https:\/\/fjyudeng.com\/pt\/produto\/fabricante-de-couro-sintetico-impermeavel-personalizado\/","og_site_name":"fjyudeng.com","article_modified_time":"2025-08-11T06:48:41+00:00","og_image":[{"width":750,"height":750,"url":"https:\/\/fjyudeng.com\/wp-content\/uploads\/2025\/08\/Custom-Waterproof-Pu-Leather-Manufacturer.jpg","type":"image\/jpeg"}],"twitter_card":"summary_large_image","twitter_misc":{"Est. tempo de leitura":"5 minutos"},"schema":{"@context":"https:\/\/schema.org","@graph":[{"@type":"WebPage","@id":"https:\/\/fjyudeng.com\/product\/custom-waterproof-pu-leather-manufacturer\/","url":"https:\/\/fjyudeng.com\/product\/custom-waterproof-pu-leather-manufacturer\/","name":"Custom Waterproof Pu Leather Manufacturer for Football Fabrics","isPartOf":{"@id":"https:\/\/fjyudeng.com\/#website"},"primaryImageOfPage":{"@id":"https:\/\/fjyudeng.com\/product\/custom-waterproof-pu-leather-manufacturer\/#primaryimage"},"image":{"@id":"https:\/\/fjyudeng.com\/product\/custom-waterproof-pu-leather-manufacturer\/#primaryimage"},"thumbnailUrl":"https:\/\/fjyudeng.com\/wp-content\/uploads\/2025\/08\/Custom-Waterproof-Pu-Leather-Manufacturer.jpg","datePublished":"2025-08-11T06:12:51+00:00","dateModified":"2025-08-11T06:48:41+00:00","description":"For customers requiring custom PU leather for footballs, Yudeng, a 37-year-old synthetic leather company, offers free or low-cost samples.","breadcrumb":{"@id":"https:\/\/fjyudeng.com\/product\/custom-waterproof-pu-leather-manufacturer\/#breadcrumb"},"inLanguage":"pt-BR","potentialAction":[{"@type":"ReadAction","target":["https:\/\/fjyudeng.com\/product\/custom-waterproof-pu-leather-manufacturer\/"]}]},{"@type":"ImageObject","inLanguage":"pt-BR","@id":"https:\/\/fjyudeng.com\/product\/custom-waterproof-pu-leather-manufacturer\/#primaryimage","url":"https:\/\/fjyudeng.com\/wp-content\/uploads\/2025\/08\/Custom-Waterproof-Pu-Leather-Manufacturer.jpg","contentUrl":"https:\/\/fjyudeng.com\/wp-content\/uploads\/2025\/08\/Custom-Waterproof-Pu-Leather-Manufacturer.jpg","width":750,"height":750,"caption":"Custom Waterproof Pu Leather Manufacturer"},{"@type":"BreadcrumbList","@id":"https:\/\/fjyudeng.com\/product\/custom-waterproof-pu-leather-manufacturer\/#breadcrumb","itemListElement":[{"@type":"ListItem","position":1,"name":"Home","item":"https:\/\/fjyudeng.com\/"},{"@type":"ListItem","position":2,"name":"Products","item":"https:\/\/fjyudeng.com\/products\/"},{"@type":"ListItem","position":3,"name":"Custom Waterproof Pu Leather Manufacturer for Football Fabrics"}]},{"@type":"WebSite","@id":"https:\/\/fjyudeng.com\/#website","url":"https:\/\/fjyudeng.com\/","name":"fjyudeng.com","description":"","publisher":{"@id":"https:\/\/fjyudeng.com\/#\/schema\/person\/7e41764f047e7552c6ad5bdf5f6d78c7"},"potentialAction":[{"@type":"SearchAction","target":{"@type":"EntryPoint","urlTemplate":"https:\/\/fjyudeng.com\/?s={search_term_string}"},"query-input":"required name=search_term_string"}],"inLanguage":"pt-BR"},{"@type":["Person","Organization"],"@id":"https:\/\/fjyudeng.com\/#\/schema\/person\/7e41764f047e7552c6ad5bdf5f6d78c7","name":"yshine03@gmail.com","image":{"@type":"ImageObject","inLanguage":"pt-BR","@id":"https:\/\/fjyudeng.com\/#\/schema\/person\/image\/","url":"https:\/\/fjyudeng.com\/wp-content\/uploads\/2025\/04\/yudeng-pu-leather-factory-manufacturer.png","contentUrl":"https:\/\/fjyudeng.com\/wp-content\/uploads\/2025\/04\/yudeng-pu-leather-factory-manufacturer.png","width":588,"height":590,"caption":"yshine03@gmail.com"},"logo":{"@id":"https:\/\/fjyudeng.com\/#\/schema\/person\/image\/"},"sameAs":["https:\/\/fjyudeng.com"]}]}},"_links":{"self":[{"href":"https:\/\/fjyudeng.com\/pt\/wp-json\/wp\/v2\/product\/3099","targetHints":{"allow":["GET"]}}],"collection":[{"href":"https:\/\/fjyudeng.com\/pt\/wp-json\/wp\/v2\/product"}],"about":[{"href":"https:\/\/fjyudeng.com\/pt\/wp-json\/wp\/v2\/types\/product"}],"wp:featuredmedia":[{"embeddable":true,"href":"https:\/\/fjyudeng.com\/pt\/wp-json\/wp\/v2\/media\/3100"}],"wp:attachment":[{"href":"https:\/\/fjyudeng.com\/pt\/wp-json\/wp\/v2\/media?parent=3099"}],"wp:term":[{"taxonomy":"product_brand","embeddable":true,"href":"https:\/\/fjyudeng.com\/pt\/wp-json\/wp\/v2\/product_brand?post=3099"},{"taxonomy":"product_cat","embeddable":true,"href":"https:\/\/fjyudeng.com\/pt\/wp-json\/wp\/v2\/product_cat?post=3099"},{"taxonomy":"product_tag","embeddable":true,"href":"https:\/\/fjyudeng.com\/pt\/wp-json\/wp\/v2\/product_tag?post=3099"}],"curies":[{"name":"wp","href":"https:\/\/api.w.org\/{rel}","templated":true}]}}