{"id":3115,"date":"2025-08-15T13:57:05","date_gmt":"2025-08-15T05:57:05","guid":{"rendered":"https:\/\/fjyudeng.com\/?post_type=product&#038;p=3115"},"modified":"2025-09-01T12:01:45","modified_gmt":"2025-09-01T04:01:45","slug":"fabricante-de-couro-sintetico-de-dupla-face-para-mochila","status":"publish","type":"product","link":"https:\/\/fjyudeng.com\/pt\/produto\/fabricante-de-couro-sintetico-de-dupla-face-para-mochila\/","title":{"rendered":"Fabricante de couro sint\u00e9tico de dupla face para mochila"},"content":{"rendered":"<p><span style=\"color: #000000;\">Se voc\u00ea procura um material que ofere\u00e7a apar\u00eancia premium e durabilidade para o uso di\u00e1rio, o couro sint\u00e9tico PU dupla face \u00e9 uma escolha atraente. Ele n\u00e3o s\u00f3 oferece uma apar\u00eancia premium e um toque refinado, como tamb\u00e9m apresenta excepcional resist\u00eancia ao desgaste, resist\u00eancia \u00e0 \u00e1gua e f\u00e1cil manuten\u00e7\u00e3o. Como um <a style=\"color: #000000;\" href=\"https:\/\/fjyudeng.com\/pt\/produto\/couro-artificial-pu-de-alta-resistencia-a-descamacao\/\"><strong>f\u00e1brica de couro sint\u00e9tico<\/strong><\/a> Com muitos anos de experi\u00eancia em produ\u00e7\u00e3o, a Yudeng fornece couro PU de dupla face de alta qualidade para mochilas para clientes no mundo todo, oferecendo op\u00e7\u00f5es flex\u00edveis de personaliza\u00e7\u00e3o.<\/span><\/p>\n<p><span style=\"color: #000000;\">Entendemos que escolher o couro sint\u00e9tico PU certo exige mais do que apenas especifica\u00e7\u00f5es; requer experi\u00eancia pr\u00e1tica. Por isso, a Yudeng oferece servi\u00e7os de amostragem gratuitos ou de baixo custo, permitindo que voc\u00ea experimente pessoalmente a textura, a flexibilidade e a espessura do couro antes de se comprometer com a produ\u00e7\u00e3o completa.<\/span><\/p>\n<ul>\n<li><span style=\"color: #000000;\">Entrega r\u00e1pida de amostras: amostras padr\u00e3o podem ser despachadas em 3 a 5 dias.<\/span><\/li>\n<li><span style=\"color: #000000;\">V\u00e1rias especifica\u00e7\u00f5es: as amostras est\u00e3o dispon\u00edveis em uma variedade de espessuras (0,8 mm-2,0 mm) e texturas.<\/span><\/li>\n<li><span style=\"color: #000000;\">Servi\u00e7o de provas: para clientes com necessidades especiais, podemos fornecer pequenos lotes de provas antes da produ\u00e7\u00e3o para garantir que a cor, a textura e o toque sejam conforme o esperado.<\/span><\/li>\n<\/ul>\n<p style=\"text-align: center;\"><img fetchpriority=\"high\" decoding=\"async\" class=\"wp-image-2957 size-full aligncenter\" src=\"https:\/\/fjyudeng.com\/wp-content\/uploads\/2025\/07\/Yudeng-Textile-pu-leather-for-bag.jpg\" alt=\"Yudeng Textile couro pu para bolsa\" width=\"1200\" height=\"679\" srcset=\"https:\/\/fjyudeng.com\/wp-content\/uploads\/2025\/07\/Yudeng-Textile-pu-leather-for-bag.jpg 1200w, https:\/\/fjyudeng.com\/wp-content\/uploads\/2025\/07\/Yudeng-Textile-pu-leather-for-bag-300x170.jpg 300w, https:\/\/fjyudeng.com\/wp-content\/uploads\/2025\/07\/Yudeng-Textile-pu-leather-for-bag-1024x579.jpg 1024w, https:\/\/fjyudeng.com\/wp-content\/uploads\/2025\/07\/Yudeng-Textile-pu-leather-for-bag-768x435.jpg 768w, https:\/\/fjyudeng.com\/wp-content\/uploads\/2025\/07\/Yudeng-Textile-pu-leather-for-bag-18x10.jpg 18w, https:\/\/fjyudeng.com\/wp-content\/uploads\/2025\/07\/Yudeng-Textile-pu-leather-for-bag-600x340.jpg 600w\" sizes=\"(max-width: 1200px) 100vw, 1200px\" \/><\/p>\n<p style=\"text-align: center;\"><img decoding=\"async\" class=\"wp-image-2958 size-full aligncenter\" src=\"https:\/\/fjyudeng.com\/wp-content\/uploads\/2025\/07\/Yudeng-pu-leather-for-bag-Product-description.jpg\" alt=\"Couro pu Yudeng para bolsa Descri\u00e7\u00e3o do produto\" width=\"1200\" height=\"1377\" srcset=\"https:\/\/fjyudeng.com\/wp-content\/uploads\/2025\/07\/Yudeng-pu-leather-for-bag-Product-description.jpg 1200w, https:\/\/fjyudeng.com\/wp-content\/uploads\/2025\/07\/Yudeng-pu-leather-for-bag-Product-description-261x300.jpg 261w, https:\/\/fjyudeng.com\/wp-content\/uploads\/2025\/07\/Yudeng-pu-leather-for-bag-Product-description-892x1024.jpg 892w, https:\/\/fjyudeng.com\/wp-content\/uploads\/2025\/07\/Yudeng-pu-leather-for-bag-Product-description-768x881.jpg 768w, https:\/\/fjyudeng.com\/wp-content\/uploads\/2025\/07\/Yudeng-pu-leather-for-bag-Product-description-10x12.jpg 10w, https:\/\/fjyudeng.com\/wp-content\/uploads\/2025\/07\/Yudeng-pu-leather-for-bag-Product-description-600x689.jpg 600w\" sizes=\"(max-width: 1200px) 100vw, 1200px\" \/><\/p>\n<h4><strong><span style=\"color: #ff6600;\">Servi\u00e7os personalizados: cor, espessura, textura, suporte para atender \u00e0s necessidades personalizadas<\/span><\/strong><\/h4>\n<p><span style=\"color: #000000;\">O couro sint\u00e9tico PU de dupla face da Yudeng oferece op\u00e7\u00f5es de personaliza\u00e7\u00e3o altamente flex\u00edveis:<\/span><\/p>\n<p><span style=\"color: #000000;\"><strong>Personaliza\u00e7\u00e3o de cores:<\/strong> Podemos combinar cores precisamente com base nos c\u00f3digos de cores Pantone ou em amostras de clientes para garantir uma correspond\u00eancia perfeita com a identidade visual da sua marca.<\/span><\/p>\n<p><span style=\"color: #000000;\"><strong>Op\u00e7\u00f5es de espessura:<\/strong> As espessuras padr\u00e3o variam de 1,0 mm a 1,8 mm, permitindo ajustes flex\u00edveis com base no estilo e na fun\u00e7\u00e3o da mochila (por exemplo, lazer urbano, caminhadas ao ar livre, viagens de neg\u00f3cios).<\/span><\/p>\n<p><span style=\"color: #000000;\"><strong>Design de textura:<\/strong> Dispon\u00edvel em uma variedade de acabamentos, incluindo brilhante, lichia, granula\u00e7\u00e3o fina, escovado e granulado, para uma apar\u00eancia elegante, garantindo resist\u00eancia a arranh\u00f5es e durabilidade.<\/span><\/p>\n<p><span style=\"color: #000000;\"><strong>Suporte personalizado:<\/strong> Suportes personaliz\u00e1veis, incluindo n\u00e3o-tecidos, de malha e de algod\u00e3o, est\u00e3o dispon\u00edveis para melhorar a ades\u00e3o e a durabilidade do couro PU \u00e0 estrutura da mochila, dependendo do uso pretendido.<\/span><\/p>\n<p>&nbsp;<\/p>\n<h4><span style=\"color: #ff6600;\"><strong>Certifica\u00e7\u00e3o ambiental REACH\/ROHS\/OEKO-TEX\u00ae<\/strong><\/span><\/h4>\n<p><span style=\"color: #000000;\">Com regulamenta\u00e7\u00f5es ambientais cada vez mais rigorosas, o desempenho ambiental dos materiais das mochilas impacta diretamente a capacidade de um produto de entrar no mercado internacional. O couro sint\u00e9tico PU dupla face da Yudeng \u00e9 fabricado em estrita conformidade com os padr\u00f5es internacionais e oferece diversas certifica\u00e7\u00f5es:<\/span><\/p>\n<p><span style=\"color: #000000;\"><strong>TV:<\/strong> Garante a seguran\u00e7a do produto e a conformidade com os padr\u00f5es de acesso ao mercado da UE.<\/span><\/p>\n<p><span style=\"color: #000000;\"><strong>ALCAN\u00c7AR:<\/strong> Est\u00e1 em conformidade com os regulamentos de Registro, Avalia\u00e7\u00e3o, Autoriza\u00e7\u00e3o e Restri\u00e7\u00e3o de Produtos Qu\u00edmicos da UE para reduzir o impacto de produtos qu\u00edmicos perigosos em seres humanos e no meio ambiente.<\/span><\/p>\n<p><span style=\"color: #000000;\"><strong>RoHS:<\/strong> A conformidade garante que os produtos sejam seguros e n\u00e3o t\u00f3xicos, livres de elementos nocivos como chumbo, c\u00e1dmio e merc\u00fario.<\/span><\/p>\n<p><span style=\"color: #000000;\"><strong>Norma OEKO-TEX\u00ae 100:<\/strong> Garante que o couro seja inofensivo ao corpo humano durante o uso e adequado para uso pessoal.<\/span><\/p>\n<p><span style=\"color: #000000;\">Relat\u00f3rios de teste s\u00e3o fornecidos para cada lote de materiais, ajudando os clientes a passar com sucesso nas inspe\u00e7\u00f5es alfandeg\u00e1rias e de terceiros.<\/span><\/p>\n<p style=\"text-align: center;\"><img decoding=\"async\" class=\"wp-image-2744 aligncenter\" src=\"Certificado do produto Yudeng\" alt=\"Certificado de produto Yudeng\" width=\"962\" height=\"516\" srcset=\"\" sizes=\"(max-width: 962px) 100vw, 962px\" data-srcset=\"\" \/><\/p>\n<h4><strong><span style=\"color: #ff6600;\">Aplica\u00e7\u00e3o de Produ\u00e7\u00e3o<\/span><\/strong><\/h4>\n<p><span style=\"color: #000000;\">O desempenho deste material em aplica\u00e7\u00f5es de sacos n\u00e3o se limita \u00e0 apar\u00eancia, mas tamb\u00e9m traz melhorias significativas na estabilidade estrutural e na vida \u00fatil do produto:<\/span><\/p>\n<p><span style=\"color: #000000;\"><strong>Caixas de neg\u00f3cios\/malas de viagem de alta qualidade:<\/strong> O tecido PU substitui o material ABS, reduz o peso em 15%~20% e tem resist\u00eancia a arranh\u00f5es e press\u00e3o;<\/span><\/p>\n<p><span style=\"color: #000000;\"><strong>Bolsa de prote\u00e7\u00e3o para produtos eletr\u00f4nicos:<\/strong> alta resist\u00eancia estrutural, n\u00e3o \u00e9 f\u00e1cil de deformar, adequado para bolsas de equipamentos VR, bolsas de \u00e1udio, caixas port\u00e1teis de drones;<\/span><\/p>\n<p><span style=\"color: #000000;\"><strong>Mochilas esportivas da moda:<\/strong> criar uma apar\u00eancia de \u201cestilo t\u00e9cnico\u201d por meio da textura da superf\u00edcie e do revestimento transparente para aumentar o reconhecimento do produto no mercado;<\/span><\/p>\n<p><span style=\"color: #000000;\"><strong>Bolsas IP conjuntas\/limitadas:<\/strong> fornecer \u00e0s marcas de designers um meio importante para express\u00e3o visual e \u201cmarketing de novos materiais\u201d<\/span><\/p>\n<p><span style=\"color: #000000;\">Os elementos de textura de fibra de carbono t\u00eam \u201cfortes pontos de mem\u00f3ria visual\u201d e vantagens significativas na apresenta\u00e7\u00e3o visual de marketing, o que pode fortalecer tanto o pr\u00eamio da marca quanto a experi\u00eancia do usu\u00e1rio.<\/span><\/p>\n<p><img loading=\"lazy\" decoding=\"async\" class=\"aligncenter wp-image-2959 size-full\" style=\"text-align: center;\" src=\"https:\/\/fjyudeng.com\/wp-content\/uploads\/2025\/07\/Yudeng-pu-leather-for-bag-application.jpg\" alt=\"Couro pu Yudeng para aplica\u00e7\u00e3o em bolsas\" width=\"1200\" height=\"688\" srcset=\"https:\/\/fjyudeng.com\/wp-content\/uploads\/2025\/07\/Yudeng-pu-leather-for-bag-application.jpg 1200w, https:\/\/fjyudeng.com\/wp-content\/uploads\/2025\/07\/Yudeng-pu-leather-for-bag-application-300x172.jpg 300w, https:\/\/fjyudeng.com\/wp-content\/uploads\/2025\/07\/Yudeng-pu-leather-for-bag-application-1024x587.jpg 1024w, https:\/\/fjyudeng.com\/wp-content\/uploads\/2025\/07\/Yudeng-pu-leather-for-bag-application-768x440.jpg 768w, https:\/\/fjyudeng.com\/wp-content\/uploads\/2025\/07\/Yudeng-pu-leather-for-bag-application-18x10.jpg 18w, https:\/\/fjyudeng.com\/wp-content\/uploads\/2025\/07\/Yudeng-pu-leather-for-bag-application-600x344.jpg 600w\" sizes=\"(max-width: 1200px) 100vw, 1200px\" \/><\/p>\n<h3><strong><span style=\"color: #ff6600;\">Vantagem de f\u00e1brica<\/span><\/strong><\/h3>\n<p><span style=\"color: #000000;\">Como um <a style=\"color: #000000;\" href=\"https:\/\/fjyudeng.com\/pt\/produto\/couro-sintetico-pu-impermeavel-personalizado-para-futebol\/\"><strong>Fabricante de couro PU<\/strong><\/a> Com mais de 35 anos de experi\u00eancia na fabrica\u00e7\u00e3o de couro sint\u00e9tico PU, a Yudeng est\u00e1 na vanguarda da ind\u00fastria em termos de equipamentos, tecnologia e capacidade de produ\u00e7\u00e3o:<\/span><\/p>\n<p><span style=\"color: #000000;\"><strong>Linhas de produ\u00e7\u00e3o avan\u00e7adas:<\/strong> Equipamentos importados de revestimento, estampagem e lamina\u00e7\u00e3o garantem uma superf\u00edcie de couro uniforme e lisa, al\u00e9m de um toque delicado.<\/span><\/p>\n<p><span style=\"color: #000000;\"><strong>Controle de qualidade rigoroso:<\/strong> Da entrega da mat\u00e9ria-prima at\u00e9 o envio do produto acabado, implementamos diversas inspe\u00e7\u00f5es de qualidade em todo o processo para garantir que cada metro de couro PU atenda \u00e0s especifica\u00e7\u00f5es do cliente.<\/span><\/p>\n<p><span style=\"color: #000000;\"><strong>Alta produ\u00e7\u00e3o anual:<\/strong> Podemos produzir at\u00e9 5 milh\u00f5es de medidores anualmente, atendendo grandes pedidos e garantindo entrega r\u00e1pida.<\/span><\/p>\n<p><span style=\"color: #000000;\"><strong>Servi\u00e7os OEM\/ODM:<\/strong> N\u00e3o apenas produzimos de acordo com as especifica\u00e7\u00f5es do cliente, mas tamb\u00e9m auxiliamos no desenvolvimento de novas texturas e recursos de PU, ajudando as marcas a lan\u00e7ar rapidamente produtos diferenciados.<\/span><\/p>\n<p><span style=\"color: #000000;\"><strong>Experi\u00eancia em colabora\u00e7\u00e3o internacional:<\/strong> Temos parcerias de longa data com diversas marcas de mochilas conhecidas na Europa, Am\u00e9rica, Jap\u00e3o e Coreia do Sul, proporcionando um profundo conhecimento da est\u00e9tica e dos padr\u00f5es de qualidade de v\u00e1rios mercados.<\/span><\/p>\n<p style=\"text-align: center;\"><img loading=\"lazy\" decoding=\"async\" class=\"aligncenter wp-image-2741 size-full\" src=\"https:\/\/fjyudeng.com\/wp-content\/uploads\/2025\/06\/Yudeng-Factory-and-Company.jpg\" alt=\"F\u00e1brica e Companhia Yudeng\" width=\"1200\" height=\"878\" srcset=\"https:\/\/fjyudeng.com\/wp-content\/uploads\/2025\/06\/Yudeng-Factory-and-Company.jpg 1200w, https:\/\/fjyudeng.com\/wp-content\/uploads\/2025\/06\/Yudeng-Factory-and-Company-600x439.jpg 600w, https:\/\/fjyudeng.com\/wp-content\/uploads\/2025\/06\/Yudeng-Factory-and-Company-300x220.jpg 300w, https:\/\/fjyudeng.com\/wp-content\/uploads\/2025\/06\/Yudeng-Factory-and-Company-1024x749.jpg 1024w, https:\/\/fjyudeng.com\/wp-content\/uploads\/2025\/06\/Yudeng-Factory-and-Company-768x562.jpg 768w, https:\/\/fjyudeng.com\/wp-content\/uploads\/2025\/06\/Yudeng-Factory-and-Company-16x12.jpg 16w\" sizes=\"(max-width: 1200px) 100vw, 1200px\" \/><\/p>\n<p style=\"text-align: center;\"><img loading=\"lazy\" decoding=\"async\" class=\"aligncenter wp-image-2739 size-full\" src=\"https:\/\/fjyudeng.com\/wp-content\/uploads\/2025\/06\/Yudeng-Exhibition-and-Partner.jpg\" alt=\"\" width=\"1200\" height=\"1566\" \/><\/p>","protected":false},"excerpt":{"rendered":"<ul>\n<li>\n<h5><span style=\"color: #000000;\">Pedido m\u00ednimo: 300 metros<\/span><\/h5>\n<\/li>\n<li>\n<h5><span style=\"color: #000000;\">37 anos de f\u00e1brica de couro sint\u00e9tico<\/span><\/h5>\n<\/li>\n<li>\n<h5><span style=\"color: #000000;\">50000m\u00b2 de \u00e1rea fabril<\/span><\/h5>\n<\/li>\n<li>\n<h5><span style=\"color: #000000;\">10 Linhas de produ\u00e7\u00e3o<\/span><\/h5>\n<\/li>\n<li class=\"elementor-heading-title elementor-size-default\">\n<h5><span style=\"color: #000000;\">Mais de 400 texturas dispon\u00edveis<\/span><\/h5>\n<\/li>\n<li class=\"elementor-heading-title elementor-size-default\">\n<h5><span style=\"color: #000000;\">Certificado REACH\/ROHS\/OEKO-TEX\u00ae<\/span><\/h5>\n<\/li>\n<\/ul>","protected":false},"featured_media":3116,"template":"","meta":[],"product_brand":[],"product_cat":[29],"product_tag":[],"class_list":{"0":"post-3115","1":"product","2":"type-product","3":"status-publish","4":"has-post-thumbnail","6":"product_cat-bag-leather","8":"first","9":"instock","10":"shipping-taxable","11":"product-type-simple"},"yoast_head":"<!-- This site is optimized with the Yoast SEO Premium plugin v22.8 (Yoast SEO v22.8) - https:\/\/yoast.com\/wordpress\/plugins\/seo\/ -->\n<title>37 Years Double Side Pu Leather Manufacturer for Backpack<\/title>\n<meta name=\"description\" content=\"As a pu leather factory with many years of production experience, Yudeng provides high-quality double-sided PU leather for backpacks to customers worldwide, offering flexible customization options.\" \/>\n<meta name=\"robots\" content=\"index, follow, max-snippet:-1, max-image-preview:large, max-video-preview:-1\" \/>\n<link rel=\"canonical\" href=\"https:\/\/fjyudeng.com\/pt\/produto\/fabricante-de-couro-sintetico-de-dupla-face-para-mochila\/\" \/>\n<meta property=\"og:locale\" content=\"pt_BR\" \/>\n<meta property=\"og:type\" content=\"article\" \/>\n<meta property=\"og:title\" content=\"Double Side Pu Leather Manufacturer for Backpack\" \/>\n<meta property=\"og:description\" content=\"As a pu leather factory with many years of production experience, Yudeng provides high-quality double-sided PU leather for backpacks to customers worldwide, offering flexible customization options.\" \/>\n<meta property=\"og:url\" content=\"https:\/\/fjyudeng.com\/pt\/produto\/fabricante-de-couro-sintetico-de-dupla-face-para-mochila\/\" \/>\n<meta property=\"og:site_name\" content=\"fjyudeng.com\" \/>\n<meta property=\"article:modified_time\" content=\"2025-09-01T04:01:45+00:00\" \/>\n<meta property=\"og:image\" content=\"https:\/\/fjyudeng.com\/wp-content\/uploads\/2025\/08\/Double-Side-Pu-Leather-Manufacturer-for-Backpack.jpg\" \/>\n\t<meta property=\"og:image:width\" content=\"1500\" \/>\n\t<meta property=\"og:image:height\" content=\"1500\" \/>\n\t<meta property=\"og:image:type\" content=\"image\/jpeg\" \/>\n<meta name=\"twitter:card\" content=\"summary_large_image\" \/>\n<meta name=\"twitter:label1\" content=\"Est. tempo de leitura\" \/>\n\t<meta name=\"twitter:data1\" content=\"5 minutos\" \/>\n<script type=\"application\/ld+json\" class=\"yoast-schema-graph\">{\"@context\":\"https:\/\/schema.org\",\"@graph\":[{\"@type\":\"WebPage\",\"@id\":\"https:\/\/fjyudeng.com\/product\/double-side-pu-leather-manufacturer-for-backpack\/\",\"url\":\"https:\/\/fjyudeng.com\/product\/double-side-pu-leather-manufacturer-for-backpack\/\",\"name\":\"37 Years Double Side Pu Leather Manufacturer for Backpack\",\"isPartOf\":{\"@id\":\"https:\/\/fjyudeng.com\/#website\"},\"primaryImageOfPage\":{\"@id\":\"https:\/\/fjyudeng.com\/product\/double-side-pu-leather-manufacturer-for-backpack\/#primaryimage\"},\"image\":{\"@id\":\"https:\/\/fjyudeng.com\/product\/double-side-pu-leather-manufacturer-for-backpack\/#primaryimage\"},\"thumbnailUrl\":\"https:\/\/fjyudeng.com\/wp-content\/uploads\/2025\/08\/Double-Side-Pu-Leather-Manufacturer-for-Backpack.jpg\",\"datePublished\":\"2025-08-15T05:57:05+00:00\",\"dateModified\":\"2025-09-01T04:01:45+00:00\",\"description\":\"As a pu leather factory with many years of production experience, Yudeng provides high-quality double-sided PU leather for backpacks to customers worldwide, offering flexible customization options.\",\"breadcrumb\":{\"@id\":\"https:\/\/fjyudeng.com\/product\/double-side-pu-leather-manufacturer-for-backpack\/#breadcrumb\"},\"inLanguage\":\"pt-BR\",\"potentialAction\":[{\"@type\":\"ReadAction\",\"target\":[\"https:\/\/fjyudeng.com\/product\/double-side-pu-leather-manufacturer-for-backpack\/\"]}]},{\"@type\":\"ImageObject\",\"inLanguage\":\"pt-BR\",\"@id\":\"https:\/\/fjyudeng.com\/product\/double-side-pu-leather-manufacturer-for-backpack\/#primaryimage\",\"url\":\"https:\/\/fjyudeng.com\/wp-content\/uploads\/2025\/08\/Double-Side-Pu-Leather-Manufacturer-for-Backpack.jpg\",\"contentUrl\":\"https:\/\/fjyudeng.com\/wp-content\/uploads\/2025\/08\/Double-Side-Pu-Leather-Manufacturer-for-Backpack.jpg\",\"width\":1500,\"height\":1500,\"caption\":\"Double Side Pu Leather Manufacturer for Backpack\"},{\"@type\":\"BreadcrumbList\",\"@id\":\"https:\/\/fjyudeng.com\/product\/double-side-pu-leather-manufacturer-for-backpack\/#breadcrumb\",\"itemListElement\":[{\"@type\":\"ListItem\",\"position\":1,\"name\":\"Home\",\"item\":\"https:\/\/fjyudeng.com\/\"},{\"@type\":\"ListItem\",\"position\":2,\"name\":\"Products\",\"item\":\"https:\/\/fjyudeng.com\/products\/\"},{\"@type\":\"ListItem\",\"position\":3,\"name\":\"Double Side Pu Leather Manufacturer for Backpack\"}]},{\"@type\":\"WebSite\",\"@id\":\"https:\/\/fjyudeng.com\/#website\",\"url\":\"https:\/\/fjyudeng.com\/\",\"name\":\"fjyudeng.com\",\"description\":\"\",\"publisher\":{\"@id\":\"https:\/\/fjyudeng.com\/#\/schema\/person\/7e41764f047e7552c6ad5bdf5f6d78c7\"},\"potentialAction\":[{\"@type\":\"SearchAction\",\"target\":{\"@type\":\"EntryPoint\",\"urlTemplate\":\"https:\/\/fjyudeng.com\/?s={search_term_string}\"},\"query-input\":\"required name=search_term_string\"}],\"inLanguage\":\"pt-BR\"},{\"@type\":[\"Person\",\"Organization\"],\"@id\":\"https:\/\/fjyudeng.com\/#\/schema\/person\/7e41764f047e7552c6ad5bdf5f6d78c7\",\"name\":\"yshine03@gmail.com\",\"image\":{\"@type\":\"ImageObject\",\"inLanguage\":\"pt-BR\",\"@id\":\"https:\/\/fjyudeng.com\/#\/schema\/person\/image\/\",\"url\":\"https:\/\/fjyudeng.com\/wp-content\/uploads\/2025\/04\/yudeng-pu-leather-factory-manufacturer.png\",\"contentUrl\":\"https:\/\/fjyudeng.com\/wp-content\/uploads\/2025\/04\/yudeng-pu-leather-factory-manufacturer.png\",\"width\":588,\"height\":590,\"caption\":\"yshine03@gmail.com\"},\"logo\":{\"@id\":\"https:\/\/fjyudeng.com\/#\/schema\/person\/image\/\"},\"sameAs\":[\"https:\/\/fjyudeng.com\"]}]}<\/script>\n<!-- \/ Yoast SEO Premium plugin. -->","yoast_head_json":{"title":"37 Years Double Side Pu Leather Manufacturer for Backpack","description":"As a pu leather factory with many years of production experience, Yudeng provides high-quality double-sided PU leather for backpacks to customers worldwide, offering flexible customization options.","robots":{"index":"index","follow":"follow","max-snippet":"max-snippet:-1","max-image-preview":"max-image-preview:large","max-video-preview":"max-video-preview:-1"},"canonical":"https:\/\/fjyudeng.com\/pt\/produto\/fabricante-de-couro-sintetico-de-dupla-face-para-mochila\/","og_locale":"pt_BR","og_type":"article","og_title":"Double Side Pu Leather Manufacturer for Backpack","og_description":"As a pu leather factory with many years of production experience, Yudeng provides high-quality double-sided PU leather for backpacks to customers worldwide, offering flexible customization options.","og_url":"https:\/\/fjyudeng.com\/pt\/produto\/fabricante-de-couro-sintetico-de-dupla-face-para-mochila\/","og_site_name":"fjyudeng.com","article_modified_time":"2025-09-01T04:01:45+00:00","og_image":[{"width":1500,"height":1500,"url":"https:\/\/fjyudeng.com\/wp-content\/uploads\/2025\/08\/Double-Side-Pu-Leather-Manufacturer-for-Backpack.jpg","type":"image\/jpeg"}],"twitter_card":"summary_large_image","twitter_misc":{"Est. tempo de leitura":"5 minutos"},"schema":{"@context":"https:\/\/schema.org","@graph":[{"@type":"WebPage","@id":"https:\/\/fjyudeng.com\/product\/double-side-pu-leather-manufacturer-for-backpack\/","url":"https:\/\/fjyudeng.com\/product\/double-side-pu-leather-manufacturer-for-backpack\/","name":"37 Years Double Side Pu Leather Manufacturer for Backpack","isPartOf":{"@id":"https:\/\/fjyudeng.com\/#website"},"primaryImageOfPage":{"@id":"https:\/\/fjyudeng.com\/product\/double-side-pu-leather-manufacturer-for-backpack\/#primaryimage"},"image":{"@id":"https:\/\/fjyudeng.com\/product\/double-side-pu-leather-manufacturer-for-backpack\/#primaryimage"},"thumbnailUrl":"https:\/\/fjyudeng.com\/wp-content\/uploads\/2025\/08\/Double-Side-Pu-Leather-Manufacturer-for-Backpack.jpg","datePublished":"2025-08-15T05:57:05+00:00","dateModified":"2025-09-01T04:01:45+00:00","description":"As a pu leather factory with many years of production experience, Yudeng provides high-quality double-sided PU leather for backpacks to customers worldwide, offering flexible customization options.","breadcrumb":{"@id":"https:\/\/fjyudeng.com\/product\/double-side-pu-leather-manufacturer-for-backpack\/#breadcrumb"},"inLanguage":"pt-BR","potentialAction":[{"@type":"ReadAction","target":["https:\/\/fjyudeng.com\/product\/double-side-pu-leather-manufacturer-for-backpack\/"]}]},{"@type":"ImageObject","inLanguage":"pt-BR","@id":"https:\/\/fjyudeng.com\/product\/double-side-pu-leather-manufacturer-for-backpack\/#primaryimage","url":"https:\/\/fjyudeng.com\/wp-content\/uploads\/2025\/08\/Double-Side-Pu-Leather-Manufacturer-for-Backpack.jpg","contentUrl":"https:\/\/fjyudeng.com\/wp-content\/uploads\/2025\/08\/Double-Side-Pu-Leather-Manufacturer-for-Backpack.jpg","width":1500,"height":1500,"caption":"Double Side Pu Leather Manufacturer for Backpack"},{"@type":"BreadcrumbList","@id":"https:\/\/fjyudeng.com\/product\/double-side-pu-leather-manufacturer-for-backpack\/#breadcrumb","itemListElement":[{"@type":"ListItem","position":1,"name":"Home","item":"https:\/\/fjyudeng.com\/"},{"@type":"ListItem","position":2,"name":"Products","item":"https:\/\/fjyudeng.com\/products\/"},{"@type":"ListItem","position":3,"name":"Double Side Pu Leather Manufacturer for Backpack"}]},{"@type":"WebSite","@id":"https:\/\/fjyudeng.com\/#website","url":"https:\/\/fjyudeng.com\/","name":"fjyudeng.com","description":"","publisher":{"@id":"https:\/\/fjyudeng.com\/#\/schema\/person\/7e41764f047e7552c6ad5bdf5f6d78c7"},"potentialAction":[{"@type":"SearchAction","target":{"@type":"EntryPoint","urlTemplate":"https:\/\/fjyudeng.com\/?s={search_term_string}"},"query-input":"required name=search_term_string"}],"inLanguage":"pt-BR"},{"@type":["Person","Organization"],"@id":"https:\/\/fjyudeng.com\/#\/schema\/person\/7e41764f047e7552c6ad5bdf5f6d78c7","name":"yshine03@gmail.com","image":{"@type":"ImageObject","inLanguage":"pt-BR","@id":"https:\/\/fjyudeng.com\/#\/schema\/person\/image\/","url":"https:\/\/fjyudeng.com\/wp-content\/uploads\/2025\/04\/yudeng-pu-leather-factory-manufacturer.png","contentUrl":"https:\/\/fjyudeng.com\/wp-content\/uploads\/2025\/04\/yudeng-pu-leather-factory-manufacturer.png","width":588,"height":590,"caption":"yshine03@gmail.com"},"logo":{"@id":"https:\/\/fjyudeng.com\/#\/schema\/person\/image\/"},"sameAs":["https:\/\/fjyudeng.com"]}]}},"_links":{"self":[{"href":"https:\/\/fjyudeng.com\/pt\/wp-json\/wp\/v2\/product\/3115","targetHints":{"allow":["GET"]}}],"collection":[{"href":"https:\/\/fjyudeng.com\/pt\/wp-json\/wp\/v2\/product"}],"about":[{"href":"https:\/\/fjyudeng.com\/pt\/wp-json\/wp\/v2\/types\/product"}],"wp:featuredmedia":[{"embeddable":true,"href":"https:\/\/fjyudeng.com\/pt\/wp-json\/wp\/v2\/media\/3116"}],"wp:attachment":[{"href":"https:\/\/fjyudeng.com\/pt\/wp-json\/wp\/v2\/media?parent=3115"}],"wp:term":[{"taxonomy":"product_brand","embeddable":true,"href":"https:\/\/fjyudeng.com\/pt\/wp-json\/wp\/v2\/product_brand?post=3115"},{"taxonomy":"product_cat","embeddable":true,"href":"https:\/\/fjyudeng.com\/pt\/wp-json\/wp\/v2\/product_cat?post=3115"},{"taxonomy":"product_tag","embeddable":true,"href":"https:\/\/fjyudeng.com\/pt\/wp-json\/wp\/v2\/product_tag?post=3115"}],"curies":[{"name":"wp","href":"https:\/\/api.w.org\/{rel}","templated":true}]}}