{"id":3118,"date":"2025-08-18T13:43:41","date_gmt":"2025-08-18T05:43:41","guid":{"rendered":"https:\/\/fjyudeng.com\/?post_type=product&#038;p=3118"},"modified":"2025-09-01T11:59:17","modified_gmt":"2025-09-01T03:59:17","slug":"bagagem-de-couro-pu-resistente-ao-desgaste-por-atacado","status":"publish","type":"product","link":"https:\/\/fjyudeng.com\/pt\/produto\/bagagem-de-couro-pu-resistente-ao-desgaste-por-atacado\/","title":{"rendered":"Tecido para bagagem resistente ao desgaste em couro sint\u00e9tico de 1,2 mm por atacado"},"content":{"rendered":"<p><span style=\"color: #000000;\">Ao escolher tecidos para bolsas e malas femininas, durabilidade e qualidade s\u00e3o sempre prioridades para os compradores. Como profissional <a style=\"color: #000000;\" href=\"https:\/\/fjyudeng.com\/pt\/produto\/fabricante-de-couro-sintetico-de-dupla-face-para-mochila\/\"><strong>Fabricante de couro PU<\/strong><\/a>A Yudeng desenvolveu especialmente um tecido de couro PU resistente ao desgaste de 1,2 mm. Sua espessura e toque n\u00e3o s\u00f3 atendem precisamente \u00e0s demandas de bolsas de alta qualidade e bolsas femininas, como tamb\u00e9m sua excepcional resist\u00eancia ao desgaste e certifica\u00e7\u00e3o ambiental lhe renderam a confian\u00e7a de in\u00fameros clientes da marca.<\/span><\/p>\n<p><span style=\"color: #000000;\">Entendemos que, ao escolher tecidos, os clientes muitas vezes buscam uma experi\u00eancia direta com o material, o toque e a cor. A Yudeng oferece um servi\u00e7o de entrega de amostras gr\u00e1tis, permitindo que voc\u00ea sinta a maciez do tecido, observe os detalhes da textura e realize testes antes de comprar em grandes quantidades. Seja para resist\u00eancia \u00e0 abras\u00e3o, solidez da cor ou resist\u00eancia \u00e0 \u00e1gua, aceitamos testes de amostra para fornecer dados reais.<\/span><\/p>\n<p style=\"text-align: center;\"><img fetchpriority=\"high\" decoding=\"async\" class=\"wp-image-2957 size-full aligncenter\" src=\"https:\/\/fjyudeng.com\/wp-content\/uploads\/2025\/07\/Yudeng-Textile-pu-leather-for-bag.jpg\" alt=\"Yudeng Textile couro pu para bolsa\" width=\"1200\" height=\"679\" srcset=\"https:\/\/fjyudeng.com\/wp-content\/uploads\/2025\/07\/Yudeng-Textile-pu-leather-for-bag.jpg 1200w, https:\/\/fjyudeng.com\/wp-content\/uploads\/2025\/07\/Yudeng-Textile-pu-leather-for-bag-300x170.jpg 300w, https:\/\/fjyudeng.com\/wp-content\/uploads\/2025\/07\/Yudeng-Textile-pu-leather-for-bag-1024x579.jpg 1024w, https:\/\/fjyudeng.com\/wp-content\/uploads\/2025\/07\/Yudeng-Textile-pu-leather-for-bag-768x435.jpg 768w, https:\/\/fjyudeng.com\/wp-content\/uploads\/2025\/07\/Yudeng-Textile-pu-leather-for-bag-18x10.jpg 18w, https:\/\/fjyudeng.com\/wp-content\/uploads\/2025\/07\/Yudeng-Textile-pu-leather-for-bag-600x340.jpg 600w\" sizes=\"(max-width: 1200px) 100vw, 1200px\" \/><\/p>\n<p style=\"text-align: center;\"><img decoding=\"async\" class=\"wp-image-2958 size-full aligncenter\" src=\"https:\/\/fjyudeng.com\/wp-content\/uploads\/2025\/07\/Yudeng-pu-leather-for-bag-Product-description.jpg\" alt=\"Couro pu Yudeng para bolsa Descri\u00e7\u00e3o do produto\" width=\"1200\" height=\"1377\" srcset=\"https:\/\/fjyudeng.com\/wp-content\/uploads\/2025\/07\/Yudeng-pu-leather-for-bag-Product-description.jpg 1200w, https:\/\/fjyudeng.com\/wp-content\/uploads\/2025\/07\/Yudeng-pu-leather-for-bag-Product-description-261x300.jpg 261w, https:\/\/fjyudeng.com\/wp-content\/uploads\/2025\/07\/Yudeng-pu-leather-for-bag-Product-description-892x1024.jpg 892w, https:\/\/fjyudeng.com\/wp-content\/uploads\/2025\/07\/Yudeng-pu-leather-for-bag-Product-description-768x881.jpg 768w, https:\/\/fjyudeng.com\/wp-content\/uploads\/2025\/07\/Yudeng-pu-leather-for-bag-Product-description-10x12.jpg 10w, https:\/\/fjyudeng.com\/wp-content\/uploads\/2025\/07\/Yudeng-pu-leather-for-bag-Product-description-600x689.jpg 600w\" sizes=\"(max-width: 1200px) 100vw, 1200px\" \/><\/p>\n<h4><strong><span style=\"color: #ff6600;\">Servi\u00e7os personalizados: cor, espessura, textura, suporte para atender \u00e0s necessidades personalizadas<\/span><\/strong><\/h4>\n<p><span style=\"color: #000000;\">A Yudeng entende que os requisitos para tecidos de bolsas femininas variam significativamente entre marcas e designers. Por isso, oferecemos servi\u00e7os de personaliza\u00e7\u00e3o altamente flex\u00edveis para garantir que cada lote de couro sint\u00e9tico atenda aos requisitos de design do cliente.<\/span><\/p>\n<p><span style=\"color: #000000;\"><strong>Personaliza\u00e7\u00e3o de cores:<\/strong> Suportamos milhares de paletas de cores e podemos combinar cores com precis\u00e3o \u00e0s cores Pantone. Seja o preto cl\u00e1ssico, o elegante off-white ou os modernos tons Morandi, podemos personalizar a sua.<\/span><\/p>\n<p><span style=\"color: #000000;\"><strong>Espessura ajust\u00e1vel:<\/strong> A espessura padr\u00e3o deste modelo \u00e9 de 1,2 mm, mas os clientes podem ajust\u00e1-la entre 0,8 mm e 1,6 mm para atender \u00e0s suas necessidades de design de bolsa. As diferentes espessuras s\u00e3o adequadas para uma variedade de usos, incluindo bolsas de m\u00e3o, bolsas transversais e malas.<\/span><\/p>\n<p><span style=\"color: #000000;\"><strong>Design de textura:<\/strong> Texturas personaliz\u00e1veis incluem lichia, nobuck, hachura e acabamentos brilhantes, exibindo uma sensa\u00e7\u00e3o premium e tamb\u00e9m atraindo o mercado jovem.<\/span><\/p>\n<p><span style=\"color: #000000;\"><strong>Op\u00e7\u00f5es de suporte:<\/strong> Com base nas necessidades do cliente, oferecemos uma variedade de op\u00e7\u00f5es de suporte, incluindo tecidos de malha, n\u00e3o-tecidos e TC, para melhorar o suporte e a elasticidade do couro.<\/span><\/p>\n<p><span style=\"color: #000000;\">Este servi\u00e7o personalizado e flex\u00edvel fez da Yudeng uma parceira de longa data para muitas marcas.<\/span><\/p>\n<p>&nbsp;<\/p>\n<h4><span style=\"color: #ff6600;\"><strong>Certifica\u00e7\u00e3o ambiental REACH\/ROHS\/OEKO-TEX\u00ae<\/strong><\/span><\/h4>\n<p><span style=\"color: #000000;\">No mercado global de sourcing, as certifica\u00e7\u00f5es ambientais e de seguran\u00e7a tornaram-se crit\u00e9rios cruciais para avaliar a qualidade dos fornecedores. O couro PU de 1,2 mm da Yudeng passou por in\u00fameras certifica\u00e7\u00f5es internacionais, incluindo:<\/span><\/p>\n<p><span style=\"color: #000000;\"><strong>Certifica\u00e7\u00e3o T\u00dcV:<\/strong> Garante a seguran\u00e7a do material e a conformidade com as normas europeias.<\/span><\/p>\n<p><span style=\"color: #000000;\"><strong>Certifica\u00e7\u00e3o REACH:<\/strong> Est\u00e1 em conformidade com os regulamentos de Registro, Avalia\u00e7\u00e3o e Restri\u00e7\u00e3o de Produtos Qu\u00edmicos da UE, eliminando subst\u00e2ncias perigosas.<\/span><\/p>\n<p><span style=\"color: #000000;\"><strong>Certifica\u00e7\u00e3o ROHS:<\/strong> Garante a conformidade ambiental com os padr\u00f5es eletr\u00f4nicos e da ind\u00fastria relacionada.<\/span><\/p>\n<p><span style=\"color: #000000;\"><strong>Certifica\u00e7\u00e3o OEKO-TEX\u00ae Standard 100:<\/strong> Garante que o tecido seja inofensivo ao corpo humano e adequado para uso em contato com a pele.<\/span><\/p>\n<p><span style=\"color: #000000;\">Essas certifica\u00e7\u00f5es n\u00e3o apenas garantem a qualidade, mas tamb\u00e9m ajudam seus produtos a passar facilmente em testes e auditorias ao entrar em mercados de ponta na Europa, Estados Unidos e outras regi\u00f5es.<\/span><\/p>\n<p style=\"text-align: center;\"><img decoding=\"async\" class=\"wp-image-2744 aligncenter\" src=\"Certificado do produto Yudeng\" alt=\"Certificado de produto Yudeng\" width=\"962\" height=\"516\" srcset=\"\" sizes=\"(max-width: 962px) 100vw, 962px\" data-srcset=\"\" \/><\/p>\n<h4><strong><span style=\"color: #ff6600;\">Aplica\u00e7\u00e3o de Produ\u00e7\u00e3o<\/span><\/strong><\/h4>\n<p><span style=\"color: #000000;\">O desempenho deste material em aplica\u00e7\u00f5es de sacos n\u00e3o se limita \u00e0 apar\u00eancia, mas tamb\u00e9m traz melhorias significativas na estabilidade estrutural e na vida \u00fatil do produto:<\/span><\/p>\n<p><span style=\"color: #000000;\"><strong>Caixas de neg\u00f3cios\/malas de viagem de alta qualidade:<\/strong> O tecido PU substitui o material ABS, reduz o peso em 15%~20% e tem resist\u00eancia a arranh\u00f5es e press\u00e3o;<\/span><\/p>\n<p><span style=\"color: #000000;\"><strong>Bolsa de prote\u00e7\u00e3o para produtos eletr\u00f4nicos:<\/strong> alta resist\u00eancia estrutural, n\u00e3o \u00e9 f\u00e1cil de deformar, adequado para bolsas de equipamentos VR, bolsas de \u00e1udio, caixas port\u00e1teis de drones;<\/span><\/p>\n<p><span style=\"color: #000000;\"><strong>Mochilas esportivas da moda:<\/strong> criar uma apar\u00eancia de \u201cestilo t\u00e9cnico\u201d por meio da textura da superf\u00edcie e do revestimento transparente para aumentar o reconhecimento do produto no mercado;<\/span><\/p>\n<p><span style=\"color: #000000;\"><strong>Bolsas IP conjuntas\/limitadas:<\/strong> fornecer \u00e0s marcas de designers um meio importante para express\u00e3o visual e \u201cmarketing de novos materiais\u201d<\/span><\/p>\n<p><span style=\"color: #000000;\">Os elementos de textura de fibra de carbono t\u00eam \u201cfortes pontos de mem\u00f3ria visual\u201d e vantagens significativas na apresenta\u00e7\u00e3o visual de marketing, o que pode fortalecer tanto o pr\u00eamio da marca quanto a experi\u00eancia do usu\u00e1rio.<\/span><\/p>\n<p><img loading=\"lazy\" decoding=\"async\" class=\"aligncenter wp-image-2959 size-full\" style=\"text-align: center;\" src=\"https:\/\/fjyudeng.com\/wp-content\/uploads\/2025\/07\/Yudeng-pu-leather-for-bag-application.jpg\" alt=\"Couro pu Yudeng para aplica\u00e7\u00e3o em bolsas\" width=\"1200\" height=\"688\" srcset=\"https:\/\/fjyudeng.com\/wp-content\/uploads\/2025\/07\/Yudeng-pu-leather-for-bag-application.jpg 1200w, https:\/\/fjyudeng.com\/wp-content\/uploads\/2025\/07\/Yudeng-pu-leather-for-bag-application-300x172.jpg 300w, https:\/\/fjyudeng.com\/wp-content\/uploads\/2025\/07\/Yudeng-pu-leather-for-bag-application-1024x587.jpg 1024w, https:\/\/fjyudeng.com\/wp-content\/uploads\/2025\/07\/Yudeng-pu-leather-for-bag-application-768x440.jpg 768w, https:\/\/fjyudeng.com\/wp-content\/uploads\/2025\/07\/Yudeng-pu-leather-for-bag-application-18x10.jpg 18w, https:\/\/fjyudeng.com\/wp-content\/uploads\/2025\/07\/Yudeng-pu-leather-for-bag-application-600x344.jpg 600w\" sizes=\"(max-width: 1200px) 100vw, 1200px\" \/><\/p>\n<h3><strong><span style=\"color: #ff6600;\">Vantagem de f\u00e1brica<\/span><\/strong><\/h3>\n<p><span style=\"color: #000000;\">Como um <a style=\"color: #000000;\" href=\"https:\/\/fjyudeng.com\/pt\/produto\/couro-artificial-pu-de-alta-resistencia-a-descamacao\/\"><strong>f\u00e1brica de couro sint\u00e9tico<\/strong><\/a>\u00a0Com muitos anos de experi\u00eancia, a Yudeng n\u00e3o se concentra apenas em pesquisa e desenvolvimento de produtos, mas tamb\u00e9m atualiza continuamente seus processos de produ\u00e7\u00e3o para garantir alta qualidade e fornecimento est\u00e1vel.<\/span><\/p>\n<p><span style=\"color: #000000;\"><strong>Equipamentos avan\u00e7ados de produ\u00e7\u00e3o:<\/strong> Nossa f\u00e1brica est\u00e1 equipada com linhas de produ\u00e7\u00e3o de revestimento, estampagem e tingimento de n\u00edvel internacional. Cada processo \u00e9 rigorosamente controlado para garantir uniformidade e consist\u00eancia no produto final.<\/span><\/p>\n<p><span style=\"color: #000000;\"><strong>Suporte \u00e0 equipe de P&amp;D:<\/strong> Nossa equipe de engenheiros faz experi\u00eancias cont\u00ednuas com novas f\u00f3rmulas de PU ecologicamente corretas para melhorar a resist\u00eancia ao desgaste e, ao mesmo tempo, aumentar a flexibilidade e a resist\u00eancia ao rasgo do couro.<\/span><\/p>\n<p><span style=\"color: #000000;\"><strong>Testes de qualidade rigorosos:<\/strong> Todos os produtos passam por testes de resist\u00eancia \u00e0 abras\u00e3o, resist\u00eancia ao rasgo, resist\u00eancia \u00e0 \u00e1gua e clima frio antes de sa\u00edrem da f\u00e1brica para garantir excelente desempenho em diversos ambientes.<\/span><\/p>\n<p><span style=\"color: #000000;\"><strong>Entrega r\u00e1pida:<\/strong> Temos uma cadeia de fornecimento abrangente de mat\u00e9ria-prima e capacidades de produ\u00e7\u00e3o em larga escala, garantindo entrega pontual, mesmo para pedidos grandes, dentro dos prazos de entrega exigidos pelo cliente.<\/span><\/p>\n<p><span style=\"color: #000000;\"><strong>Experi\u00eancia em Parcerias Internacionais:<\/strong> A Yudeng estabeleceu parcerias de longo prazo com diversas marcas renomadas na Europa, Am\u00e9rica do Norte e Sudeste Asi\u00e1tico. Compreendemos profundamente os padr\u00f5es e a est\u00e9tica de clientes internacionais e podemos fornecer solu\u00e7\u00f5es em tecidos que se alinham melhor \u00e0s tend\u00eancias do mercado.<\/span><\/p>\n<p><span style=\"color: #000000;\">O couro PU resistente ao desgaste de 1,2 mm da Yudeng tornou-se a escolha preferida de muitos fabricantes de malas de luxo por sua seguran\u00e7a ambiental, flexibilidade de personaliza\u00e7\u00e3o, textura superior e durabilidade. Priorizamos sempre nossos clientes, ajudando voc\u00ea a criar produtos que equilibram est\u00e9tica e praticidade.<\/span><\/p>\n<p><span style=\"color: #000000;\">Se voc\u00ea procura um fornecedor profissional e confi\u00e1vel de couro sint\u00e9tico, a Yudeng \u00e9 a parceira ideal. Entre em contato conosco para obter amostras e come\u00e7ar sua jornada com tecidos de alta qualidade para malas e bolsas femininas.<\/span><\/p>\n<p style=\"text-align: center;\"><img loading=\"lazy\" decoding=\"async\" class=\"aligncenter wp-image-2741 size-full\" src=\"https:\/\/fjyudeng.com\/wp-content\/uploads\/2025\/06\/Yudeng-Factory-and-Company.jpg\" alt=\"F\u00e1brica e Companhia Yudeng\" width=\"1200\" height=\"878\" srcset=\"https:\/\/fjyudeng.com\/wp-content\/uploads\/2025\/06\/Yudeng-Factory-and-Company.jpg 1200w, https:\/\/fjyudeng.com\/wp-content\/uploads\/2025\/06\/Yudeng-Factory-and-Company-600x439.jpg 600w, https:\/\/fjyudeng.com\/wp-content\/uploads\/2025\/06\/Yudeng-Factory-and-Company-300x220.jpg 300w, https:\/\/fjyudeng.com\/wp-content\/uploads\/2025\/06\/Yudeng-Factory-and-Company-1024x749.jpg 1024w, https:\/\/fjyudeng.com\/wp-content\/uploads\/2025\/06\/Yudeng-Factory-and-Company-768x562.jpg 768w, https:\/\/fjyudeng.com\/wp-content\/uploads\/2025\/06\/Yudeng-Factory-and-Company-16x12.jpg 16w\" sizes=\"(max-width: 1200px) 100vw, 1200px\" \/><\/p>\n<p style=\"text-align: center;\"><img loading=\"lazy\" decoding=\"async\" class=\"aligncenter wp-image-2739 size-full\" src=\"https:\/\/fjyudeng.com\/wp-content\/uploads\/2025\/06\/Yudeng-Exhibition-and-Partner.jpg\" alt=\"\" width=\"1200\" height=\"1566\" \/><\/p>","protected":false},"excerpt":{"rendered":"<ul>\n<li>\n<h5><span style=\"color: #000000;\">Pedido m\u00ednimo: 300 metros<\/span><\/h5>\n<\/li>\n<li>\n<h5><span style=\"color: #000000;\">37 anos de f\u00e1brica de couro sint\u00e9tico<\/span><\/h5>\n<\/li>\n<li>\n<h5><span style=\"color: #000000;\">50000m\u00b2 de \u00e1rea fabril<\/span><\/h5>\n<\/li>\n<li>\n<h5><span style=\"color: #000000;\">10 Linhas de produ\u00e7\u00e3o<\/span><\/h5>\n<\/li>\n<li class=\"elementor-heading-title elementor-size-default\">\n<h5><span style=\"color: #000000;\">Mais de 400 texturas dispon\u00edveis<\/span><\/h5>\n<\/li>\n<li class=\"elementor-heading-title elementor-size-default\">\n<h5><span style=\"color: #000000;\">Certificado REACH\/ROHS\/OEKO-TEX\u00ae<\/span><\/h5>\n<\/li>\n<\/ul>","protected":false},"featured_media":3119,"template":"","meta":[],"product_brand":[],"product_cat":[29],"product_tag":[],"class_list":{"0":"post-3118","1":"product","2":"type-product","3":"status-publish","4":"has-post-thumbnail","6":"product_cat-bag-leather","8":"first","9":"instock","10":"shipping-taxable","11":"product-type-simple"},"yoast_head":"<!-- This site is optimized with the Yoast SEO Premium plugin v22.8 (Yoast SEO v22.8) - https:\/\/yoast.com\/wordpress\/plugins\/seo\/ -->\n<title>Wholesale Pu Leather Wear-Resistant Luggage and Bag Fabric<\/title>\n<meta name=\"description\" content=\"As a professional Pu leather manufacturer, Yudeng offers the perfect thickness and feel for high-end women&#039;s and luggage bags, while also boasting excellent wear resistance and environmental certifications.\" \/>\n<meta name=\"robots\" content=\"index, follow, max-snippet:-1, max-image-preview:large, max-video-preview:-1\" \/>\n<link rel=\"canonical\" href=\"https:\/\/fjyudeng.com\/pt\/produto\/bagagem-de-couro-pu-resistente-ao-desgaste-por-atacado\/\" \/>\n<meta property=\"og:locale\" content=\"pt_BR\" \/>\n<meta property=\"og:type\" content=\"article\" \/>\n<meta property=\"og:title\" content=\"Wholesale 1.2mm Pu Leather Wear-Resistant Luggage Fabric\" \/>\n<meta property=\"og:description\" content=\"As a professional Pu leather manufacturer, Yudeng offers the perfect thickness and feel for high-end women&#039;s and luggage bags, while also boasting excellent wear resistance and environmental certifications.\" \/>\n<meta property=\"og:url\" content=\"https:\/\/fjyudeng.com\/pt\/produto\/bagagem-de-couro-pu-resistente-ao-desgaste-por-atacado\/\" \/>\n<meta property=\"og:site_name\" content=\"fjyudeng.com\" \/>\n<meta property=\"article:modified_time\" content=\"2025-09-01T03:59:17+00:00\" \/>\n<meta property=\"og:image\" content=\"https:\/\/fjyudeng.com\/wp-content\/uploads\/2025\/08\/1.2mm-Pu-Leather-Wear-Resistant-Luggage.jpg\" \/>\n\t<meta property=\"og:image:width\" content=\"800\" \/>\n\t<meta property=\"og:image:height\" content=\"800\" \/>\n\t<meta property=\"og:image:type\" content=\"image\/jpeg\" \/>\n<meta name=\"twitter:card\" content=\"summary_large_image\" \/>\n<meta name=\"twitter:label1\" content=\"Est. tempo de leitura\" \/>\n\t<meta name=\"twitter:data1\" content=\"5 minutos\" \/>\n<script type=\"application\/ld+json\" class=\"yoast-schema-graph\">{\"@context\":\"https:\/\/schema.org\",\"@graph\":[{\"@type\":\"WebPage\",\"@id\":\"https:\/\/fjyudeng.com\/product\/wholesale-pu-leather-wear-resistant-luggage\/\",\"url\":\"https:\/\/fjyudeng.com\/product\/wholesale-pu-leather-wear-resistant-luggage\/\",\"name\":\"Wholesale Pu Leather Wear-Resistant Luggage and Bag Fabric\",\"isPartOf\":{\"@id\":\"https:\/\/fjyudeng.com\/#website\"},\"primaryImageOfPage\":{\"@id\":\"https:\/\/fjyudeng.com\/product\/wholesale-pu-leather-wear-resistant-luggage\/#primaryimage\"},\"image\":{\"@id\":\"https:\/\/fjyudeng.com\/product\/wholesale-pu-leather-wear-resistant-luggage\/#primaryimage\"},\"thumbnailUrl\":\"https:\/\/fjyudeng.com\/wp-content\/uploads\/2025\/08\/1.2mm-Pu-Leather-Wear-Resistant-Luggage.jpg\",\"datePublished\":\"2025-08-18T05:43:41+00:00\",\"dateModified\":\"2025-09-01T03:59:17+00:00\",\"description\":\"As a professional Pu leather manufacturer, Yudeng offers the perfect thickness and feel for high-end women's and luggage bags, while also boasting excellent wear resistance and environmental certifications.\",\"breadcrumb\":{\"@id\":\"https:\/\/fjyudeng.com\/product\/wholesale-pu-leather-wear-resistant-luggage\/#breadcrumb\"},\"inLanguage\":\"pt-BR\",\"potentialAction\":[{\"@type\":\"ReadAction\",\"target\":[\"https:\/\/fjyudeng.com\/product\/wholesale-pu-leather-wear-resistant-luggage\/\"]}]},{\"@type\":\"ImageObject\",\"inLanguage\":\"pt-BR\",\"@id\":\"https:\/\/fjyudeng.com\/product\/wholesale-pu-leather-wear-resistant-luggage\/#primaryimage\",\"url\":\"https:\/\/fjyudeng.com\/wp-content\/uploads\/2025\/08\/1.2mm-Pu-Leather-Wear-Resistant-Luggage.jpg\",\"contentUrl\":\"https:\/\/fjyudeng.com\/wp-content\/uploads\/2025\/08\/1.2mm-Pu-Leather-Wear-Resistant-Luggage.jpg\",\"width\":800,\"height\":800,\"caption\":\"1.2mm Pu Leather Wear-Resistant Luggage\"},{\"@type\":\"BreadcrumbList\",\"@id\":\"https:\/\/fjyudeng.com\/product\/wholesale-pu-leather-wear-resistant-luggage\/#breadcrumb\",\"itemListElement\":[{\"@type\":\"ListItem\",\"position\":1,\"name\":\"Home\",\"item\":\"https:\/\/fjyudeng.com\/\"},{\"@type\":\"ListItem\",\"position\":2,\"name\":\"Products\",\"item\":\"https:\/\/fjyudeng.com\/products\/\"},{\"@type\":\"ListItem\",\"position\":3,\"name\":\"Wholesale 1.2mm Pu Leather Wear-Resistant Luggage Fabric\"}]},{\"@type\":\"WebSite\",\"@id\":\"https:\/\/fjyudeng.com\/#website\",\"url\":\"https:\/\/fjyudeng.com\/\",\"name\":\"fjyudeng.com\",\"description\":\"\",\"publisher\":{\"@id\":\"https:\/\/fjyudeng.com\/#\/schema\/person\/7e41764f047e7552c6ad5bdf5f6d78c7\"},\"potentialAction\":[{\"@type\":\"SearchAction\",\"target\":{\"@type\":\"EntryPoint\",\"urlTemplate\":\"https:\/\/fjyudeng.com\/?s={search_term_string}\"},\"query-input\":\"required name=search_term_string\"}],\"inLanguage\":\"pt-BR\"},{\"@type\":[\"Person\",\"Organization\"],\"@id\":\"https:\/\/fjyudeng.com\/#\/schema\/person\/7e41764f047e7552c6ad5bdf5f6d78c7\",\"name\":\"yshine03@gmail.com\",\"image\":{\"@type\":\"ImageObject\",\"inLanguage\":\"pt-BR\",\"@id\":\"https:\/\/fjyudeng.com\/#\/schema\/person\/image\/\",\"url\":\"https:\/\/fjyudeng.com\/wp-content\/uploads\/2025\/04\/yudeng-pu-leather-factory-manufacturer.png\",\"contentUrl\":\"https:\/\/fjyudeng.com\/wp-content\/uploads\/2025\/04\/yudeng-pu-leather-factory-manufacturer.png\",\"width\":588,\"height\":590,\"caption\":\"yshine03@gmail.com\"},\"logo\":{\"@id\":\"https:\/\/fjyudeng.com\/#\/schema\/person\/image\/\"},\"sameAs\":[\"https:\/\/fjyudeng.com\"]}]}<\/script>\n<!-- \/ Yoast SEO Premium plugin. -->","yoast_head_json":{"title":"Wholesale Pu Leather Wear-Resistant Luggage and Bag Fabric","description":"As a professional Pu leather manufacturer, Yudeng offers the perfect thickness and feel for high-end women's and luggage bags, while also boasting excellent wear resistance and environmental certifications.","robots":{"index":"index","follow":"follow","max-snippet":"max-snippet:-1","max-image-preview":"max-image-preview:large","max-video-preview":"max-video-preview:-1"},"canonical":"https:\/\/fjyudeng.com\/pt\/produto\/bagagem-de-couro-pu-resistente-ao-desgaste-por-atacado\/","og_locale":"pt_BR","og_type":"article","og_title":"Wholesale 1.2mm Pu Leather Wear-Resistant Luggage Fabric","og_description":"As a professional Pu leather manufacturer, Yudeng offers the perfect thickness and feel for high-end women's and luggage bags, while also boasting excellent wear resistance and environmental certifications.","og_url":"https:\/\/fjyudeng.com\/pt\/produto\/bagagem-de-couro-pu-resistente-ao-desgaste-por-atacado\/","og_site_name":"fjyudeng.com","article_modified_time":"2025-09-01T03:59:17+00:00","og_image":[{"width":800,"height":800,"url":"https:\/\/fjyudeng.com\/wp-content\/uploads\/2025\/08\/1.2mm-Pu-Leather-Wear-Resistant-Luggage.jpg","type":"image\/jpeg"}],"twitter_card":"summary_large_image","twitter_misc":{"Est. tempo de leitura":"5 minutos"},"schema":{"@context":"https:\/\/schema.org","@graph":[{"@type":"WebPage","@id":"https:\/\/fjyudeng.com\/product\/wholesale-pu-leather-wear-resistant-luggage\/","url":"https:\/\/fjyudeng.com\/product\/wholesale-pu-leather-wear-resistant-luggage\/","name":"Wholesale Pu Leather Wear-Resistant Luggage and Bag Fabric","isPartOf":{"@id":"https:\/\/fjyudeng.com\/#website"},"primaryImageOfPage":{"@id":"https:\/\/fjyudeng.com\/product\/wholesale-pu-leather-wear-resistant-luggage\/#primaryimage"},"image":{"@id":"https:\/\/fjyudeng.com\/product\/wholesale-pu-leather-wear-resistant-luggage\/#primaryimage"},"thumbnailUrl":"https:\/\/fjyudeng.com\/wp-content\/uploads\/2025\/08\/1.2mm-Pu-Leather-Wear-Resistant-Luggage.jpg","datePublished":"2025-08-18T05:43:41+00:00","dateModified":"2025-09-01T03:59:17+00:00","description":"As a professional Pu leather manufacturer, Yudeng offers the perfect thickness and feel for high-end women's and luggage bags, while also boasting excellent wear resistance and environmental certifications.","breadcrumb":{"@id":"https:\/\/fjyudeng.com\/product\/wholesale-pu-leather-wear-resistant-luggage\/#breadcrumb"},"inLanguage":"pt-BR","potentialAction":[{"@type":"ReadAction","target":["https:\/\/fjyudeng.com\/product\/wholesale-pu-leather-wear-resistant-luggage\/"]}]},{"@type":"ImageObject","inLanguage":"pt-BR","@id":"https:\/\/fjyudeng.com\/product\/wholesale-pu-leather-wear-resistant-luggage\/#primaryimage","url":"https:\/\/fjyudeng.com\/wp-content\/uploads\/2025\/08\/1.2mm-Pu-Leather-Wear-Resistant-Luggage.jpg","contentUrl":"https:\/\/fjyudeng.com\/wp-content\/uploads\/2025\/08\/1.2mm-Pu-Leather-Wear-Resistant-Luggage.jpg","width":800,"height":800,"caption":"1.2mm Pu Leather Wear-Resistant Luggage"},{"@type":"BreadcrumbList","@id":"https:\/\/fjyudeng.com\/product\/wholesale-pu-leather-wear-resistant-luggage\/#breadcrumb","itemListElement":[{"@type":"ListItem","position":1,"name":"Home","item":"https:\/\/fjyudeng.com\/"},{"@type":"ListItem","position":2,"name":"Products","item":"https:\/\/fjyudeng.com\/products\/"},{"@type":"ListItem","position":3,"name":"Wholesale 1.2mm Pu Leather Wear-Resistant Luggage Fabric"}]},{"@type":"WebSite","@id":"https:\/\/fjyudeng.com\/#website","url":"https:\/\/fjyudeng.com\/","name":"fjyudeng.com","description":"","publisher":{"@id":"https:\/\/fjyudeng.com\/#\/schema\/person\/7e41764f047e7552c6ad5bdf5f6d78c7"},"potentialAction":[{"@type":"SearchAction","target":{"@type":"EntryPoint","urlTemplate":"https:\/\/fjyudeng.com\/?s={search_term_string}"},"query-input":"required name=search_term_string"}],"inLanguage":"pt-BR"},{"@type":["Person","Organization"],"@id":"https:\/\/fjyudeng.com\/#\/schema\/person\/7e41764f047e7552c6ad5bdf5f6d78c7","name":"yshine03@gmail.com","image":{"@type":"ImageObject","inLanguage":"pt-BR","@id":"https:\/\/fjyudeng.com\/#\/schema\/person\/image\/","url":"https:\/\/fjyudeng.com\/wp-content\/uploads\/2025\/04\/yudeng-pu-leather-factory-manufacturer.png","contentUrl":"https:\/\/fjyudeng.com\/wp-content\/uploads\/2025\/04\/yudeng-pu-leather-factory-manufacturer.png","width":588,"height":590,"caption":"yshine03@gmail.com"},"logo":{"@id":"https:\/\/fjyudeng.com\/#\/schema\/person\/image\/"},"sameAs":["https:\/\/fjyudeng.com"]}]}},"_links":{"self":[{"href":"https:\/\/fjyudeng.com\/pt\/wp-json\/wp\/v2\/product\/3118","targetHints":{"allow":["GET"]}}],"collection":[{"href":"https:\/\/fjyudeng.com\/pt\/wp-json\/wp\/v2\/product"}],"about":[{"href":"https:\/\/fjyudeng.com\/pt\/wp-json\/wp\/v2\/types\/product"}],"wp:featuredmedia":[{"embeddable":true,"href":"https:\/\/fjyudeng.com\/pt\/wp-json\/wp\/v2\/media\/3119"}],"wp:attachment":[{"href":"https:\/\/fjyudeng.com\/pt\/wp-json\/wp\/v2\/media?parent=3118"}],"wp:term":[{"taxonomy":"product_brand","embeddable":true,"href":"https:\/\/fjyudeng.com\/pt\/wp-json\/wp\/v2\/product_brand?post=3118"},{"taxonomy":"product_cat","embeddable":true,"href":"https:\/\/fjyudeng.com\/pt\/wp-json\/wp\/v2\/product_cat?post=3118"},{"taxonomy":"product_tag","embeddable":true,"href":"https:\/\/fjyudeng.com\/pt\/wp-json\/wp\/v2\/product_tag?post=3118"}],"curies":[{"name":"wp","href":"https:\/\/api.w.org\/{rel}","templated":true}]}}