{"id":3161,"date":"2025-08-29T11:28:41","date_gmt":"2025-08-29T03:28:41","guid":{"rendered":"https:\/\/fjyudeng.com\/?post_type=product&#038;p=3161"},"modified":"2025-09-01T11:51:39","modified_gmt":"2025-09-01T03:51:39","slug":"fabricante-de-couro-sintetico-espelhado-personalizado","status":"publish","type":"product","link":"https:\/\/fjyudeng.com\/pt\/produto\/fabricante-de-couro-sintetico-espelhado-personalizado\/","title":{"rendered":"Fabricante de couro PU espelhado de alta qualidade personalizado"},"content":{"rendered":"<p><span style=\"color: #000000;\">Yudeng <a style=\"color: #000000;\" href=\"https:\/\/fjyudeng.com\/pt\/produto\/fabricante-de-couro-sintetico-texturizado-personalizado\/\"><strong>Fabricante de couro PU<\/strong><\/a> personalize couro PU espelhado de alta qualidade: efeito espelhado de alto brilho, cor pura, produ\u00e7\u00e3o em massa est\u00e1vel e mais f\u00e1cil de cuidar do que couro envernizado natural.<\/span><\/p>\n<p><span style=\"color: #000000;\"><strong>Principais argumentos de venda:<\/strong> alto brilho de espelho, excelente revestimento resistente a dobras e arranh\u00f5es, varia\u00e7\u00e3o de cor controlada e produ\u00e7\u00e3o em massa est\u00e1vel.<\/span><\/p>\n<p><span style=\"color: #000000;\"><strong>Cal\u00e7ados adequados:<\/strong> sapatos sociais femininos, sapatos infantis da moda, botas da moda, sapatos de palco\/performance e tiras decorativas com emendas parciais.<\/span><\/p>\n<p><span style=\"color: #000000;\"><strong>Vantagens alternativas:<\/strong> Comparado ao couro envernizado genu\u00edno, o PU espelhado \u00e9 menos sens\u00edvel \u00e0 temperatura e umidade, mais f\u00e1cil de manter e oferece uma gama de cores mais ampla a um pre\u00e7o mais acess\u00edvel.<\/span><\/p>\n<p style=\"text-align: center;\">\u00a0<img fetchpriority=\"high\" decoding=\"async\" class=\"alignnone wp-image-2969 size-full\" src=\"https:\/\/fjyudeng.com\/wp-content\/uploads\/2025\/07\/Yudeng-Textile-pu-leather-for-shoe.jpg\" alt=\"Couro sint\u00e9tico t\u00eaxtil Yudeng para cal\u00e7ados\" width=\"1200\" height=\"679\" srcset=\"https:\/\/fjyudeng.com\/wp-content\/uploads\/2025\/07\/Yudeng-Textile-pu-leather-for-shoe.jpg 1200w, https:\/\/fjyudeng.com\/wp-content\/uploads\/2025\/07\/Yudeng-Textile-pu-leather-for-shoe-300x170.jpg 300w, https:\/\/fjyudeng.com\/wp-content\/uploads\/2025\/07\/Yudeng-Textile-pu-leather-for-shoe-1024x579.jpg 1024w, https:\/\/fjyudeng.com\/wp-content\/uploads\/2025\/07\/Yudeng-Textile-pu-leather-for-shoe-768x435.jpg 768w, https:\/\/fjyudeng.com\/wp-content\/uploads\/2025\/07\/Yudeng-Textile-pu-leather-for-shoe-18x10.jpg 18w, https:\/\/fjyudeng.com\/wp-content\/uploads\/2025\/07\/Yudeng-Textile-pu-leather-for-shoe-600x340.jpg 600w\" sizes=\"(max-width: 1200px) 100vw, 1200px\" \/><img decoding=\"async\" class=\"alignnone wp-image-2968 size-full\" src=\"https:\/\/fjyudeng.com\/wp-content\/uploads\/2025\/07\/Yudeng-pu-leather-for-shoe-Product-description.jpg\" alt=\"Couro pu Yudeng para cal\u00e7ados Descri\u00e7\u00e3o do produto\" width=\"1200\" height=\"1377\" srcset=\"https:\/\/fjyudeng.com\/wp-content\/uploads\/2025\/07\/Yudeng-pu-leather-for-shoe-Product-description.jpg 1200w, https:\/\/fjyudeng.com\/wp-content\/uploads\/2025\/07\/Yudeng-pu-leather-for-shoe-Product-description-261x300.jpg 261w, https:\/\/fjyudeng.com\/wp-content\/uploads\/2025\/07\/Yudeng-pu-leather-for-shoe-Product-description-892x1024.jpg 892w, https:\/\/fjyudeng.com\/wp-content\/uploads\/2025\/07\/Yudeng-pu-leather-for-shoe-Product-description-768x881.jpg 768w, https:\/\/fjyudeng.com\/wp-content\/uploads\/2025\/07\/Yudeng-pu-leather-for-shoe-Product-description-10x12.jpg 10w, https:\/\/fjyudeng.com\/wp-content\/uploads\/2025\/07\/Yudeng-pu-leather-for-shoe-Product-description-600x689.jpg 600w\" sizes=\"(max-width: 1200px) 100vw, 1200px\" \/><\/p>\n<h4><span style=\"color: #ff6600;\"><strong>Servi\u00e7o completo de personaliza\u00e7\u00e3o para atender \u00e0s diversas necessidades de cal\u00e7ados<\/strong><\/span><\/h4>\n<p><strong><span style=\"color: #000000;\">Cor:<\/span><\/strong><\/p>\n<ul>\n<li><span style=\"color: #000000;\">Uma gama completa de cores est\u00e1 dispon\u00edvel, incluindo cores fluorescentes de alta satura\u00e7\u00e3o, efeitos met\u00e1licos, sobreposi\u00e7\u00f5es peroladas e realces de espelho preto.<\/span><\/li>\n<li><span style=\"color: #000000;\">Suporta Pantone, cores especiais de marca e provas CMYK. Fornecemos recomenda\u00e7\u00f5es de controle de alvo \u0394E para diferen\u00e7a de cores em lotes.<\/span><\/li>\n<\/ul>\n<p><strong><span style=\"color: #000000;\">Grossura:<\/span><\/strong><\/p>\n<p><span style=\"color: #000000;\">A espessura superior comum \u00e9 de 0,5 a 1,2 mm; para faixas\/remendos decorativos, ela pode ser reduzida para 0,35 a 0,5 mm; se uma superf\u00edcie mais r\u00edgida for desejada, ela pode ser aumentada para 1,4 mm (sujeito \u00e0 avalia\u00e7\u00e3o real do processo e da aplica\u00e7\u00e3o).<\/span><\/p>\n<p><strong><span style=\"color: #000000;\">Textura e superf\u00edcie:<\/span><\/strong><\/p>\n<ul>\n<li><span style=\"color: #000000;\">Com foco principal na suavidade semelhante \u00e0 de um espelho, oferecemos modifica\u00e7\u00f5es de microtextura (como supress\u00e3o da microcasca de laranja e redu\u00e7\u00e3o da reten\u00e7\u00e3o de impress\u00f5es digitais) e revestimentos resistentes a arranh\u00f5es.<\/span><\/li>\n<li><span style=\"color: #000000;\">Para modelagem localizada, podemos aplicar um leve relevo em \u00e1reas discretas, obtendo um acabamento espelhado equilibrado e durabilidade.<\/span><\/li>\n<\/ul>\n<p><strong><span style=\"color: #000000;\">Suporte (tecido base\/laminado):<\/span><\/strong><\/p>\n<ul>\n<li><span style=\"color: #000000;\">Tecido de malha\/malha de urdume: macio e adapt\u00e1vel, adequado para se adaptar a cabedais curvos.<\/span><\/li>\n<li><span style=\"color: #000000;\">TC n\u00e3o tecido\/poli\u00e9ster\/algod\u00e3o: Dimensionalmente est\u00e1vel e econ\u00f4mico.<\/span><\/li>\n<li><span style=\"color: #000000;\">Tecido de microfibra\/el\u00e1stico: melhora o ajuste e o retorno, adequado para superf\u00edcies muito curvas.<\/span><\/li>\n<li><span style=\"color: #000000;\">Pode ser laminado com espuma\/filme termofus\u00edvel, eliminando etapas secund\u00e1rias de lamina\u00e7\u00e3o.<\/span><\/li>\n<\/ul>\n<p><span style=\"color: #000000;\"><strong>Largura e rolo da embalagem:<\/strong> A largura convencional \u00e9 de 137\u2013140 cm; o rolo \u00e9 revestido com uma pel\u00edcula antiadesiva para reduzir o risco de arranh\u00f5es durante o transporte.<\/span><\/p>\n<p>&nbsp;<\/p>\n<h4><span style=\"color: #ff6600;\"><strong>REACH\/ROHS\/OEK<span style=\"color: #ff6600;\">O-TEX\u00ae env<\/span>certifica\u00e7\u00e3o ferromental<\/strong><\/span><\/h4>\n<p><span style=\"color: #000000;\">As normas ambientais e de seguran\u00e7a s\u00e3o barreiras cruciais para as empresas de cal\u00e7ados entrarem no mercado internacional. <a style=\"color: #000000;\" href=\"https:\/\/fjyudeng.com\/pt\/produto\/atacado-de-couro-de-leopardo-personalizado\/\"><strong>Couro sint\u00e9tico PU<\/strong><\/a> obteve in\u00fameras certifica\u00e7\u00f5es internacionais, incluindo:<\/span><\/p>\n<p><span style=\"color: #000000;\"><strong>TV:<\/strong> Garante a conformidade com os rigorosos padr\u00f5es de qualidade e seguran\u00e7a do mercado europeu.<\/span><\/p>\n<p><span style=\"color: #000000;\"><strong>ALCAN\u00c7AR:<\/strong> Est\u00e1 em conformidade com o Registro, Avalia\u00e7\u00e3o, Autoriza\u00e7\u00e3o e Restri\u00e7\u00e3o de Produtos Qu\u00edmicos (REC) da UE, garantindo a seguran\u00e7a para contato humano.<\/span><\/p>\n<p><span style=\"color: #000000;\"><strong>RoHS:<\/strong> Controla rigorosamente o conte\u00fado de subst\u00e2ncias perigosas e atende aos requisitos de produ\u00e7\u00e3o ecologicamente corretos.<\/span><\/p>\n<p><span style=\"color: #000000;\"><strong>Norma OEKO-TEX\u00ae 100:<\/strong> Um selo ambiental internacional para t\u00eaxteis, garantindo a seguran\u00e7a para a sa\u00fade humana.<\/span><\/p>\n<p><span style=\"color: #000000;\">Esses certificados significam que o couro Pu da Yudeng pode ser exportado diretamente para a Europa, Estados Unidos e outros mercados de alto padr\u00e3o, garantindo tranquilidade nas vendas dos seus produtos.<\/span><\/p>\n<p style=\"text-align: center;\"><img decoding=\"async\" class=\"alignnone wp-image-2744\" src=\"Certificado do produto Yudeng\" alt=\"Certificado de produto Yudeng\" width=\"962\" height=\"516\" srcset=\"\" sizes=\"(max-width: 962px) 100vw, 962px\" data-srcset=\"\" \/><\/p>\n<h4><strong><span style=\"color: #ff6600;\">Aplica\u00e7\u00e3o de Produ\u00e7\u00e3o<\/span><\/strong><\/h4>\n<p><span style=\"color: #000000;\">O couro PU personalizado da Yudeng n\u00e3o s\u00f3 oferece uma apar\u00eancia excepcional, mas tamb\u00e9m apresenta durabilidade excepcional e adaptabilidade ao processo, tornando-o adequado para uma ampla variedade de estilos de cal\u00e7ados:<\/span><\/p>\n<p><span style=\"color: #000000;\"><strong>Cal\u00e7ados esportivos\/casuais:<\/strong> O couro PU leve e flex\u00edvel oferece respirabilidade e suporte, tornando-o ideal para uso di\u00e1rio e exerc\u00edcios leves.<\/span><\/p>\n<p><span style=\"color: #000000;\"><strong>Botas de couro\/sapatos de trabalho:<\/strong> O material PU espesso e dur\u00e1vel pode substituir parcialmente o couro genu\u00edno, melhorando a resist\u00eancia \u00e0 flex\u00e3o e a durabilidade, ao mesmo tempo que reduz custos.<\/span><\/p>\n<p><span style=\"color: #000000;\"><strong>Cal\u00e7ados Femininos\/Infantis da Moda:<\/strong> Uma ampla sele\u00e7\u00e3o de cores e texturas acrescenta um toque de design aos cabedais, e a certifica\u00e7\u00e3o ambiental proporciona tranquilidade aos cal\u00e7ados infantis.<\/span><\/p>\n<p><span style=\"color: #000000;\"><strong>Cal\u00e7ados Funcionais\/Imperme\u00e1veis:<\/strong> O couro PU especialmente revestido oferece um grau de repel\u00eancia \u00e0 \u00e1gua, tornando-o adequado para cal\u00e7ados de desempenho urbano ou ao ar livre.<\/span><\/p>\n<p><span style=\"color: #000000;\">Devido \u00e0 sua alta adaptabilidade, o couro PU Yudeng tem sido amplamente utilizado nas linhas de produ\u00e7\u00e3o de fabricantes de cal\u00e7ados nacionais e internacionais, desfrutando de reten\u00e7\u00e3o e reconhecimento de clientes est\u00e1veis e de longo prazo.<\/span><\/p>\n<p style=\"text-align: center;\"><img loading=\"lazy\" decoding=\"async\" class=\"alignnone wp-image-2970 size-full\" src=\"https:\/\/fjyudeng.com\/wp-content\/uploads\/2025\/07\/PU-leatther-for-shoe-application.jpg\" alt=\"Couro PU para aplica\u00e7\u00e3o em cal\u00e7ados\" width=\"1000\" height=\"607\" srcset=\"https:\/\/fjyudeng.com\/wp-content\/uploads\/2025\/07\/PU-leatther-for-shoe-application.jpg 1000w, https:\/\/fjyudeng.com\/wp-content\/uploads\/2025\/07\/PU-leatther-for-shoe-application-300x182.jpg 300w, https:\/\/fjyudeng.com\/wp-content\/uploads\/2025\/07\/PU-leatther-for-shoe-application-768x466.jpg 768w, https:\/\/fjyudeng.com\/wp-content\/uploads\/2025\/07\/PU-leatther-for-shoe-application-18x12.jpg 18w, https:\/\/fjyudeng.com\/wp-content\/uploads\/2025\/07\/PU-leatther-for-shoe-application-600x364.jpg 600w\" sizes=\"(max-width: 1000px) 100vw, 1000px\" \/><\/p>\n<h4><strong><span style=\"color: #ff6600;\">Vantagem de f\u00e1brica<\/span><\/strong><\/h4>\n<p><strong><span style=\"color: #000000;\">De onde vem a superf\u00edcie espelhada de alto brilho?<\/span><\/strong><\/p>\n<p><span style=\"color: #000000;\">Usando um processo de transfer\u00eancia de filme de libera\u00e7\u00e3o de espelho\/papel de libera\u00e7\u00e3o de espelho, uma camada superior transparente de alto brilho \u00e9 aplicada em um ambiente limpo, criando uma superf\u00edcie de &quot;espelho plana&quot; no n\u00edvel microsc\u00f3pico.<\/span><\/p>\n<p><span style=\"color: #000000;\">Por meio da cura e lamina\u00e7\u00e3o entre camadas, ele adere com seguran\u00e7a ao tecido base selecionado, alcan\u00e7ando brilho e resist\u00eancia ao descascamento.<\/span><\/p>\n<p><strong><span style=\"color: #000000;\">Por que \u00e9 resistente a arranh\u00f5es?<\/span><\/strong><\/p>\n<p><span style=\"color: #000000;\">Um sistema de modifica\u00e7\u00e3o resistente a arranh\u00f5es (como uma modifica\u00e7\u00e3o de poliuretano\/silicone de segmento r\u00edgido\/camada superior cur\u00e1vel por UV) \u00e9 adicionado \u00e0 camada de superf\u00edcie para melhorar a dureza do l\u00e1pis e a resist\u00eancia \u00e0 abras\u00e3o.<\/span><\/p>\n<p><span style=\"color: #000000;\">Uma avalia\u00e7\u00e3o de resist\u00eancia ao atrito \u00e9 realizada em substitutos\/limpadores de \u00e1lcool\/tolueno comumente usados na ind\u00fastria de cal\u00e7ados para reduzir os riscos dos cuidados di\u00e1rios.<\/span><\/p>\n<p><strong><span style=\"color: #000000;\">Como s\u00e3o garantidas a resist\u00eancia \u00e0 dobra e as propriedades de rebote?<\/span><\/strong><\/p>\n<p><span style=\"color: #000000;\">Ao ajustar com precis\u00e3o a propor\u00e7\u00e3o de segmentos macios e duros, a distribui\u00e7\u00e3o do peso molecular e o sistema plastificante, uma excelente resist\u00eancia \u00e0 dobra \u00e9 mantida dentro de uma faixa de temperatura de -10 \u00b0C \u00e0 temperatura ambiente (referindo-se ao m\u00e9todo de resist\u00eancia \u00e0 dobra de cal\u00e7ados ISO 5402-1).<\/span><\/p>\n<p><span style=\"color: #000000;\">Um suporte de malha\/microfibra de alta densidade \u00e9 usado estruturalmente para distribuir o estresse durante a flex\u00e3o repetida, reduzindo a probabilidade de rachaduras na superf\u00edcie.<\/span><\/p>\n<p><strong><span style=\"color: #000000;\">Solidez da cor e controle do amarelecimento:<\/span><\/strong><\/p>\n<p><span style=\"color: #000000;\">Utilizamos pigmentos resistentes \u00e0s intemp\u00e9ries e aminas antiamarelamento, combinados com acabamentos UV ou vernizes resistentes \u00e0s intemp\u00e9ries.<\/span><\/p>\n<p><span style=\"color: #000000;\">Recomenda-se o teste de envelhecimento acelerado e de transpira\u00e7\u00e3o\/migra\u00e7\u00e3o para cores brancas, esbranqui\u00e7adas e fluorescentes para verificar o produto com anteced\u00eancia.<\/span><\/p>\n<p style=\"text-align: center;\"><img loading=\"lazy\" decoding=\"async\" class=\"aligncenter wp-image-2741 size-full\" src=\"https:\/\/fjyudeng.com\/wp-content\/uploads\/2025\/06\/Yudeng-Factory-and-Company.jpg\" alt=\"F\u00e1brica e Companhia Yudeng\" width=\"1200\" height=\"878\" srcset=\"https:\/\/fjyudeng.com\/wp-content\/uploads\/2025\/06\/Yudeng-Factory-and-Company.jpg 1200w, https:\/\/fjyudeng.com\/wp-content\/uploads\/2025\/06\/Yudeng-Factory-and-Company-600x439.jpg 600w, https:\/\/fjyudeng.com\/wp-content\/uploads\/2025\/06\/Yudeng-Factory-and-Company-300x220.jpg 300w, https:\/\/fjyudeng.com\/wp-content\/uploads\/2025\/06\/Yudeng-Factory-and-Company-1024x749.jpg 1024w, https:\/\/fjyudeng.com\/wp-content\/uploads\/2025\/06\/Yudeng-Factory-and-Company-768x562.jpg 768w, https:\/\/fjyudeng.com\/wp-content\/uploads\/2025\/06\/Yudeng-Factory-and-Company-16x12.jpg 16w\" sizes=\"(max-width: 1200px) 100vw, 1200px\" \/><\/p>\n<p style=\"text-align: center;\"><img loading=\"lazy\" decoding=\"async\" class=\"aligncenter wp-image-2739 size-full\" src=\"https:\/\/fjyudeng.com\/wp-content\/uploads\/2025\/06\/Yudeng-Exhibition-and-Partner.jpg\" alt=\"\" width=\"1200\" height=\"1566\" \/><\/p>","protected":false},"excerpt":{"rendered":"<ul>\n<li>\n<h5><span style=\"color: #000000;\">Pedido m\u00ednimo: 300 metros<\/span><\/h5>\n<\/li>\n<li>\n<h5><span style=\"color: #000000;\">37 anos de f\u00e1brica de couro sint\u00e9tico<\/span><\/h5>\n<\/li>\n<li>\n<h5><span style=\"color: #000000;\">50000m\u00b2 de \u00e1rea fabril<\/span><\/h5>\n<\/li>\n<li>\n<h5><span style=\"color: #000000;\">10 Linhas de produ\u00e7\u00e3o<\/span><\/h5>\n<\/li>\n<li class=\"elementor-heading-title elementor-size-default\">\n<h5><span style=\"color: #000000;\">Mais de 400 texturas dispon\u00edveis<\/span><\/h5>\n<\/li>\n<li class=\"elementor-heading-title elementor-size-default\">\n<h5><span style=\"color: #000000;\">Certificado REACH\/ROHS\/OEKO-TEX\u00ae<\/span><\/h5>\n<\/li>\n<\/ul>","protected":false},"featured_media":3162,"template":"","meta":[],"product_brand":[],"product_cat":[31],"product_tag":[],"class_list":{"0":"post-3161","1":"product","2":"type-product","3":"status-publish","4":"has-post-thumbnail","6":"product_cat-shoe-leather","8":"first","9":"instock","10":"shipping-taxable","11":"product-type-simple"},"yoast_head":"<!-- This site is optimized with the Yoast SEO Premium plugin v22.8 (Yoast SEO v22.8) - https:\/\/yoast.com\/wordpress\/plugins\/seo\/ -->\n<title>Customized High Quality Mirrored Pu leather Manufacturer<\/title>\n<meta name=\"description\" content=\"Yudeng Pu leather factory customize high-quality mirrored PU leather, providing a one-stop service from sampling to testing, customization, and mass production.\" \/>\n<meta name=\"robots\" content=\"index, follow, max-snippet:-1, max-image-preview:large, max-video-preview:-1\" \/>\n<link rel=\"canonical\" href=\"https:\/\/fjyudeng.com\/pt\/produto\/fabricante-de-couro-sintetico-espelhado-personalizado\/\" \/>\n<meta property=\"og:locale\" content=\"pt_BR\" \/>\n<meta property=\"og:type\" content=\"article\" \/>\n<meta property=\"og:title\" content=\"Customized High Quality Mirrored Pu leather Manufacturer\" \/>\n<meta property=\"og:description\" content=\"Yudeng Pu leather factory customize high-quality mirrored PU leather, providing a one-stop service from sampling to testing, customization, and mass production.\" \/>\n<meta property=\"og:url\" content=\"https:\/\/fjyudeng.com\/pt\/produto\/fabricante-de-couro-sintetico-espelhado-personalizado\/\" \/>\n<meta property=\"og:site_name\" content=\"fjyudeng.com\" \/>\n<meta property=\"article:modified_time\" content=\"2025-09-01T03:51:39+00:00\" \/>\n<meta property=\"og:image\" content=\"https:\/\/fjyudeng.com\/wp-content\/uploads\/2025\/08\/Customized-High-Quality-Mirrored-Pu-leather.jpg\" \/>\n\t<meta property=\"og:image:width\" content=\"912\" \/>\n\t<meta property=\"og:image:height\" content=\"912\" \/>\n\t<meta property=\"og:image:type\" content=\"image\/jpeg\" \/>\n<meta name=\"twitter:card\" content=\"summary_large_image\" \/>\n<meta name=\"twitter:label1\" content=\"Est. tempo de leitura\" \/>\n\t<meta name=\"twitter:data1\" content=\"5 minutos\" \/>\n<script type=\"application\/ld+json\" class=\"yoast-schema-graph\">{\"@context\":\"https:\/\/schema.org\",\"@graph\":[{\"@type\":\"WebPage\",\"@id\":\"https:\/\/fjyudeng.com\/product\/custom-mirrored-pu-leather-manufacturer\/\",\"url\":\"https:\/\/fjyudeng.com\/product\/custom-mirrored-pu-leather-manufacturer\/\",\"name\":\"Customized High Quality Mirrored Pu leather Manufacturer\",\"isPartOf\":{\"@id\":\"https:\/\/fjyudeng.com\/#website\"},\"primaryImageOfPage\":{\"@id\":\"https:\/\/fjyudeng.com\/product\/custom-mirrored-pu-leather-manufacturer\/#primaryimage\"},\"image\":{\"@id\":\"https:\/\/fjyudeng.com\/product\/custom-mirrored-pu-leather-manufacturer\/#primaryimage\"},\"thumbnailUrl\":\"https:\/\/fjyudeng.com\/wp-content\/uploads\/2025\/08\/Customized-High-Quality-Mirrored-Pu-leather.jpg\",\"datePublished\":\"2025-08-29T03:28:41+00:00\",\"dateModified\":\"2025-09-01T03:51:39+00:00\",\"description\":\"Yudeng Pu leather factory customize high-quality mirrored PU leather, providing a one-stop service from sampling to testing, customization, and mass production.\",\"breadcrumb\":{\"@id\":\"https:\/\/fjyudeng.com\/product\/custom-mirrored-pu-leather-manufacturer\/#breadcrumb\"},\"inLanguage\":\"pt-BR\",\"potentialAction\":[{\"@type\":\"ReadAction\",\"target\":[\"https:\/\/fjyudeng.com\/product\/custom-mirrored-pu-leather-manufacturer\/\"]}]},{\"@type\":\"ImageObject\",\"inLanguage\":\"pt-BR\",\"@id\":\"https:\/\/fjyudeng.com\/product\/custom-mirrored-pu-leather-manufacturer\/#primaryimage\",\"url\":\"https:\/\/fjyudeng.com\/wp-content\/uploads\/2025\/08\/Customized-High-Quality-Mirrored-Pu-leather.jpg\",\"contentUrl\":\"https:\/\/fjyudeng.com\/wp-content\/uploads\/2025\/08\/Customized-High-Quality-Mirrored-Pu-leather.jpg\",\"width\":912,\"height\":912,\"caption\":\"Customized High Quality Mirrored Pu leather\"},{\"@type\":\"BreadcrumbList\",\"@id\":\"https:\/\/fjyudeng.com\/product\/custom-mirrored-pu-leather-manufacturer\/#breadcrumb\",\"itemListElement\":[{\"@type\":\"ListItem\",\"position\":1,\"name\":\"Home\",\"item\":\"https:\/\/fjyudeng.com\/\"},{\"@type\":\"ListItem\",\"position\":2,\"name\":\"Products\",\"item\":\"https:\/\/fjyudeng.com\/products\/\"},{\"@type\":\"ListItem\",\"position\":3,\"name\":\"Customized High Quality Mirrored Pu leather Manufacturer\"}]},{\"@type\":\"WebSite\",\"@id\":\"https:\/\/fjyudeng.com\/#website\",\"url\":\"https:\/\/fjyudeng.com\/\",\"name\":\"fjyudeng.com\",\"description\":\"\",\"publisher\":{\"@id\":\"https:\/\/fjyudeng.com\/#\/schema\/person\/7e41764f047e7552c6ad5bdf5f6d78c7\"},\"potentialAction\":[{\"@type\":\"SearchAction\",\"target\":{\"@type\":\"EntryPoint\",\"urlTemplate\":\"https:\/\/fjyudeng.com\/?s={search_term_string}\"},\"query-input\":\"required name=search_term_string\"}],\"inLanguage\":\"pt-BR\"},{\"@type\":[\"Person\",\"Organization\"],\"@id\":\"https:\/\/fjyudeng.com\/#\/schema\/person\/7e41764f047e7552c6ad5bdf5f6d78c7\",\"name\":\"yshine03@gmail.com\",\"image\":{\"@type\":\"ImageObject\",\"inLanguage\":\"pt-BR\",\"@id\":\"https:\/\/fjyudeng.com\/#\/schema\/person\/image\/\",\"url\":\"https:\/\/fjyudeng.com\/wp-content\/uploads\/2025\/04\/yudeng-pu-leather-factory-manufacturer.png\",\"contentUrl\":\"https:\/\/fjyudeng.com\/wp-content\/uploads\/2025\/04\/yudeng-pu-leather-factory-manufacturer.png\",\"width\":588,\"height\":590,\"caption\":\"yshine03@gmail.com\"},\"logo\":{\"@id\":\"https:\/\/fjyudeng.com\/#\/schema\/person\/image\/\"},\"sameAs\":[\"https:\/\/fjyudeng.com\"]}]}<\/script>\n<!-- \/ Yoast SEO Premium plugin. -->","yoast_head_json":{"title":"Customized High Quality Mirrored Pu leather Manufacturer","description":"Yudeng Pu leather factory customize high-quality mirrored PU leather, providing a one-stop service from sampling to testing, customization, and mass production.","robots":{"index":"index","follow":"follow","max-snippet":"max-snippet:-1","max-image-preview":"max-image-preview:large","max-video-preview":"max-video-preview:-1"},"canonical":"https:\/\/fjyudeng.com\/pt\/produto\/fabricante-de-couro-sintetico-espelhado-personalizado\/","og_locale":"pt_BR","og_type":"article","og_title":"Customized High Quality Mirrored Pu leather Manufacturer","og_description":"Yudeng Pu leather factory customize high-quality mirrored PU leather, providing a one-stop service from sampling to testing, customization, and mass production.","og_url":"https:\/\/fjyudeng.com\/pt\/produto\/fabricante-de-couro-sintetico-espelhado-personalizado\/","og_site_name":"fjyudeng.com","article_modified_time":"2025-09-01T03:51:39+00:00","og_image":[{"width":912,"height":912,"url":"https:\/\/fjyudeng.com\/wp-content\/uploads\/2025\/08\/Customized-High-Quality-Mirrored-Pu-leather.jpg","type":"image\/jpeg"}],"twitter_card":"summary_large_image","twitter_misc":{"Est. tempo de leitura":"5 minutos"},"schema":{"@context":"https:\/\/schema.org","@graph":[{"@type":"WebPage","@id":"https:\/\/fjyudeng.com\/product\/custom-mirrored-pu-leather-manufacturer\/","url":"https:\/\/fjyudeng.com\/product\/custom-mirrored-pu-leather-manufacturer\/","name":"Customized High Quality Mirrored Pu leather Manufacturer","isPartOf":{"@id":"https:\/\/fjyudeng.com\/#website"},"primaryImageOfPage":{"@id":"https:\/\/fjyudeng.com\/product\/custom-mirrored-pu-leather-manufacturer\/#primaryimage"},"image":{"@id":"https:\/\/fjyudeng.com\/product\/custom-mirrored-pu-leather-manufacturer\/#primaryimage"},"thumbnailUrl":"https:\/\/fjyudeng.com\/wp-content\/uploads\/2025\/08\/Customized-High-Quality-Mirrored-Pu-leather.jpg","datePublished":"2025-08-29T03:28:41+00:00","dateModified":"2025-09-01T03:51:39+00:00","description":"Yudeng Pu leather factory customize high-quality mirrored PU leather, providing a one-stop service from sampling to testing, customization, and mass production.","breadcrumb":{"@id":"https:\/\/fjyudeng.com\/product\/custom-mirrored-pu-leather-manufacturer\/#breadcrumb"},"inLanguage":"pt-BR","potentialAction":[{"@type":"ReadAction","target":["https:\/\/fjyudeng.com\/product\/custom-mirrored-pu-leather-manufacturer\/"]}]},{"@type":"ImageObject","inLanguage":"pt-BR","@id":"https:\/\/fjyudeng.com\/product\/custom-mirrored-pu-leather-manufacturer\/#primaryimage","url":"https:\/\/fjyudeng.com\/wp-content\/uploads\/2025\/08\/Customized-High-Quality-Mirrored-Pu-leather.jpg","contentUrl":"https:\/\/fjyudeng.com\/wp-content\/uploads\/2025\/08\/Customized-High-Quality-Mirrored-Pu-leather.jpg","width":912,"height":912,"caption":"Customized High Quality Mirrored Pu leather"},{"@type":"BreadcrumbList","@id":"https:\/\/fjyudeng.com\/product\/custom-mirrored-pu-leather-manufacturer\/#breadcrumb","itemListElement":[{"@type":"ListItem","position":1,"name":"Home","item":"https:\/\/fjyudeng.com\/"},{"@type":"ListItem","position":2,"name":"Products","item":"https:\/\/fjyudeng.com\/products\/"},{"@type":"ListItem","position":3,"name":"Customized High Quality Mirrored Pu leather Manufacturer"}]},{"@type":"WebSite","@id":"https:\/\/fjyudeng.com\/#website","url":"https:\/\/fjyudeng.com\/","name":"fjyudeng.com","description":"","publisher":{"@id":"https:\/\/fjyudeng.com\/#\/schema\/person\/7e41764f047e7552c6ad5bdf5f6d78c7"},"potentialAction":[{"@type":"SearchAction","target":{"@type":"EntryPoint","urlTemplate":"https:\/\/fjyudeng.com\/?s={search_term_string}"},"query-input":"required name=search_term_string"}],"inLanguage":"pt-BR"},{"@type":["Person","Organization"],"@id":"https:\/\/fjyudeng.com\/#\/schema\/person\/7e41764f047e7552c6ad5bdf5f6d78c7","name":"yshine03@gmail.com","image":{"@type":"ImageObject","inLanguage":"pt-BR","@id":"https:\/\/fjyudeng.com\/#\/schema\/person\/image\/","url":"https:\/\/fjyudeng.com\/wp-content\/uploads\/2025\/04\/yudeng-pu-leather-factory-manufacturer.png","contentUrl":"https:\/\/fjyudeng.com\/wp-content\/uploads\/2025\/04\/yudeng-pu-leather-factory-manufacturer.png","width":588,"height":590,"caption":"yshine03@gmail.com"},"logo":{"@id":"https:\/\/fjyudeng.com\/#\/schema\/person\/image\/"},"sameAs":["https:\/\/fjyudeng.com"]}]}},"_links":{"self":[{"href":"https:\/\/fjyudeng.com\/pt\/wp-json\/wp\/v2\/product\/3161","targetHints":{"allow":["GET"]}}],"collection":[{"href":"https:\/\/fjyudeng.com\/pt\/wp-json\/wp\/v2\/product"}],"about":[{"href":"https:\/\/fjyudeng.com\/pt\/wp-json\/wp\/v2\/types\/product"}],"wp:featuredmedia":[{"embeddable":true,"href":"https:\/\/fjyudeng.com\/pt\/wp-json\/wp\/v2\/media\/3162"}],"wp:attachment":[{"href":"https:\/\/fjyudeng.com\/pt\/wp-json\/wp\/v2\/media?parent=3161"}],"wp:term":[{"taxonomy":"product_brand","embeddable":true,"href":"https:\/\/fjyudeng.com\/pt\/wp-json\/wp\/v2\/product_brand?post=3161"},{"taxonomy":"product_cat","embeddable":true,"href":"https:\/\/fjyudeng.com\/pt\/wp-json\/wp\/v2\/product_cat?post=3161"},{"taxonomy":"product_tag","embeddable":true,"href":"https:\/\/fjyudeng.com\/pt\/wp-json\/wp\/v2\/product_tag?post=3161"}],"curies":[{"name":"wp","href":"https:\/\/api.w.org\/{rel}","templated":true}]}}