{"id":3176,"date":"2025-09-03T10:32:55","date_gmt":"2025-09-03T02:32:55","guid":{"rendered":"https:\/\/fjyudeng.com\/?post_type=product&#038;p=3176"},"modified":"2025-09-03T10:44:21","modified_gmt":"2025-09-03T02:44:21","slug":"fabricante-de-couro-sintetico-resistente-a-hidrolise-personalizado","status":"publish","type":"product","link":"https:\/\/fjyudeng.com\/pt\/produto\/fabricante-de-couro-sintetico-resistente-a-hidrolise-personalizado\/","title":{"rendered":"Fabricante personalizado de couro PU resistente ao amarelecimento e \u00e0 hidr\u00f3lise"},"content":{"rendered":"<p><span style=\"color: #000000;\">Na ind\u00fastria cal\u00e7adista, o couro PU resistente ao amarelamento e \u00e0 hidr\u00f3lise est\u00e1 se tornando o tecido de alto desempenho preferido por muitos fabricantes, marcas e designers de cal\u00e7ados. Este material n\u00e3o s\u00f3 oferece um toque macio e confort\u00e1vel, como tamb\u00e9m possui longa vida \u00fatil e apar\u00eancia est\u00e1vel. Como profissional <a style=\"color: #000000;\" href=\"https:\/\/fjyudeng.com\/pt\/produto\/fabricante-de-couro-sintetico-personalizado-de-alta-qualidade\/\"><strong>Fabricante de couro PU<\/strong><\/a>A Yudeng est\u00e1 comprometida em fornecer solu\u00e7\u00f5es personalizadas que atendam aos padr\u00f5es ambientais internacionais para clientes globais.<\/span><\/p>\n<p><span style=\"color: #000000;\">A Yudeng oferece suporte para amostras gratuito ou de baixo custo. Durante o processo de amostragem, os clientes podem testar o toque, a ductilidade, a resist\u00eancia \u00e0 abras\u00e3o e a solidez da cor do couro para garantir que o material atenda plenamente aos requisitos de design e processamento. Isso n\u00e3o apenas reduz o risco da produ\u00e7\u00e3o experimental, como tamb\u00e9m facilita uma produ\u00e7\u00e3o em massa subsequente mais tranquila.<\/span><\/p>\n<p style=\"text-align: center;\">\u00a0<img fetchpriority=\"high\" decoding=\"async\" class=\"alignnone wp-image-2969 size-full\" src=\"https:\/\/fjyudeng.com\/wp-content\/uploads\/2025\/07\/Yudeng-Textile-pu-leather-for-shoe.jpg\" alt=\"Couro sint\u00e9tico t\u00eaxtil Yudeng para cal\u00e7ados\" width=\"1200\" height=\"679\" srcset=\"https:\/\/fjyudeng.com\/wp-content\/uploads\/2025\/07\/Yudeng-Textile-pu-leather-for-shoe.jpg 1200w, https:\/\/fjyudeng.com\/wp-content\/uploads\/2025\/07\/Yudeng-Textile-pu-leather-for-shoe-300x170.jpg 300w, https:\/\/fjyudeng.com\/wp-content\/uploads\/2025\/07\/Yudeng-Textile-pu-leather-for-shoe-1024x579.jpg 1024w, https:\/\/fjyudeng.com\/wp-content\/uploads\/2025\/07\/Yudeng-Textile-pu-leather-for-shoe-768x435.jpg 768w, https:\/\/fjyudeng.com\/wp-content\/uploads\/2025\/07\/Yudeng-Textile-pu-leather-for-shoe-18x10.jpg 18w, https:\/\/fjyudeng.com\/wp-content\/uploads\/2025\/07\/Yudeng-Textile-pu-leather-for-shoe-600x340.jpg 600w\" sizes=\"(max-width: 1200px) 100vw, 1200px\" \/><img decoding=\"async\" class=\"alignnone wp-image-2968 size-full\" src=\"https:\/\/fjyudeng.com\/wp-content\/uploads\/2025\/07\/Yudeng-pu-leather-for-shoe-Product-description.jpg\" alt=\"Couro pu Yudeng para cal\u00e7ados Descri\u00e7\u00e3o do produto\" width=\"1200\" height=\"1377\" srcset=\"https:\/\/fjyudeng.com\/wp-content\/uploads\/2025\/07\/Yudeng-pu-leather-for-shoe-Product-description.jpg 1200w, https:\/\/fjyudeng.com\/wp-content\/uploads\/2025\/07\/Yudeng-pu-leather-for-shoe-Product-description-261x300.jpg 261w, https:\/\/fjyudeng.com\/wp-content\/uploads\/2025\/07\/Yudeng-pu-leather-for-shoe-Product-description-892x1024.jpg 892w, https:\/\/fjyudeng.com\/wp-content\/uploads\/2025\/07\/Yudeng-pu-leather-for-shoe-Product-description-768x881.jpg 768w, https:\/\/fjyudeng.com\/wp-content\/uploads\/2025\/07\/Yudeng-pu-leather-for-shoe-Product-description-10x12.jpg 10w, https:\/\/fjyudeng.com\/wp-content\/uploads\/2025\/07\/Yudeng-pu-leather-for-shoe-Product-description-600x689.jpg 600w\" sizes=\"(max-width: 1200px) 100vw, 1200px\" \/><\/p>\n<h4><span style=\"color: #ff6600;\"><strong>Servi\u00e7o completo de personaliza\u00e7\u00e3o para atender \u00e0s diversas necessidades de cal\u00e7ados<\/strong><\/span><\/h4>\n<p><span style=\"color: #000000;\">O mercado de cal\u00e7ados exige designs altamente diversificados. A Yudeng, com seus sofisticados recursos de personaliza\u00e7\u00e3o OEM\/ODM, oferece aos clientes uma gama completa de op\u00e7\u00f5es personalizadas:<\/span><\/p>\n<p><span style=\"color: #000000;\"><strong>Personaliza\u00e7\u00e3o de cores:<\/strong> Podemos combinar cores precisamente com base em tabelas de cores Pantone ou amostras de tecido fornecidas pelo cliente, garantindo varia\u00e7\u00e3o m\u00ednima de cor entre lotes.<\/span><\/p>\n<p><span style=\"color: #000000;\"><strong>Espessura personaliz\u00e1vel:<\/strong> As espessuras comuns variam de 0,6 mm a 2,0 mm e podem ser ajustadas para atender \u00e0s necessidades de diferentes estilos de cal\u00e7ados (t\u00eanis, sapatos casuais, saltos altos, etc.).<\/span><\/p>\n<p><span style=\"color: #000000;\"><strong>Textura personaliz\u00e1vel:<\/strong> Os acabamentos dispon\u00edveis incluem relevo, lichia, napa, fosco e padr\u00f5es espelhados, incorporando moda e funcionalidade.<\/span><\/p>\n<p><span style=\"color: #000000;\"><strong>Op\u00e7\u00f5es de suporte:<\/strong> Dispon\u00edveis em tecidos de malha, n\u00e3o-tecidos e microfibra, eles aumentam a elasticidade e o ajuste do couro, melhorando a efici\u00eancia do processamento.<\/span><\/p>\n<p><span style=\"color: #000000;\">Este servi\u00e7o altamente personalizado n\u00e3o s\u00f3 oferece aos clientes uma vantagem competitiva \u00fanica na apar\u00eancia do produto, mas tamb\u00e9m permite diferencia\u00e7\u00e3o funcional.<\/span><\/p>\n<p>&nbsp;<\/p>\n<h4><span style=\"color: #ff6600;\"><strong>REACH\/ROHS\/OEK<span style=\"color: #ff6600;\">O-TEX\u00ae env<\/span>certifica\u00e7\u00e3o ferromental<\/strong><\/span><\/h4>\n<p><span style=\"color: #000000;\">Com a prote\u00e7\u00e3o ambiental e a sustentabilidade se tornando tend\u00eancias globais, o couro Pu da Yudeng passou por diversas certifica\u00e7\u00f5es ambientais internacionais, incluindo:<\/span><\/p>\n<p><span style=\"color: #000000;\"><strong>Testes e certifica\u00e7\u00e3o T\u00dcV:<\/strong> Garante que o produto atenda a padr\u00f5es rigorosos de durabilidade e propriedades f\u00edsicas.<\/span><\/p>\n<p><span style=\"color: #000000;\"><strong>Certifica\u00e7\u00e3o REACH:<\/strong> Evita o uso de produtos qu\u00edmicos nocivos aos seres humanos e ao meio ambiente.<\/span><\/p>\n<p><span style=\"color: #000000;\"><strong>Certifica\u00e7\u00e3o ROHS:<\/strong> Controla o conte\u00fado de metais pesados e subst\u00e2ncias perigosas para garantir a prote\u00e7\u00e3o ambiental.<\/span><\/p>\n<p><span style=\"color: #000000;\"><strong>Norma OEKO-TEX\u00ae 100:<\/strong> Garante que os produtos acabados sejam seguros para contato com a pele, tornando-os particularmente adequados para produtos de contato com a pele.<\/span><\/p>\n<p><span style=\"color: #000000;\">Essas certifica\u00e7\u00f5es confi\u00e1veis oferecem aos clientes uma garantia de qualidade transparente e confi\u00e1vel, aumentando a competitividade do couro PU em mercados de alto padr\u00e3o, como Europa e Estados Unidos.<\/span><\/p>\n<p style=\"text-align: center;\"><img decoding=\"async\" class=\"alignnone wp-image-2744\" src=\"Certificado do produto Yudeng\" alt=\"Certificado de produto Yudeng\" width=\"962\" height=\"516\" srcset=\"\" sizes=\"(max-width: 962px) 100vw, 962px\" data-srcset=\"\" \/><\/p>\n<h4><strong><span style=\"color: #ff6600;\">Aplica\u00e7\u00e3o de Produ\u00e7\u00e3o<\/span><\/strong><\/h4>\n<p><span style=\"color: #000000;\">O couro PU personalizado da Yudeng n\u00e3o s\u00f3 oferece uma apar\u00eancia excepcional, mas tamb\u00e9m apresenta durabilidade excepcional e adaptabilidade ao processo, tornando-o adequado para uma ampla variedade de estilos de cal\u00e7ados:<\/span><\/p>\n<p><span style=\"color: #000000;\"><strong>Cal\u00e7ados esportivos\/casuais:<\/strong> O couro PU leve e flex\u00edvel oferece respirabilidade e suporte, tornando-o ideal para uso di\u00e1rio e exerc\u00edcios leves.<\/span><\/p>\n<p><span style=\"color: #000000;\"><strong>Botas de couro\/sapatos de trabalho:<\/strong> O material PU espesso e dur\u00e1vel pode substituir parcialmente o couro genu\u00edno, melhorando a resist\u00eancia \u00e0 flex\u00e3o e a durabilidade, ao mesmo tempo que reduz custos.<\/span><\/p>\n<p><span style=\"color: #000000;\"><strong>Cal\u00e7ados Femininos\/Infantis da Moda:<\/strong> Uma ampla sele\u00e7\u00e3o de cores e texturas acrescenta um toque de design aos cabedais, e a certifica\u00e7\u00e3o ambiental proporciona tranquilidade aos cal\u00e7ados infantis.<\/span><\/p>\n<p><span style=\"color: #000000;\"><strong>Cal\u00e7ados Funcionais\/Imperme\u00e1veis:<\/strong> O couro PU especialmente revestido oferece um grau de repel\u00eancia \u00e0 \u00e1gua, tornando-o adequado para cal\u00e7ados de desempenho urbano ou ao ar livre.<\/span><\/p>\n<p><span style=\"color: #000000;\">Devido \u00e0 sua alta adaptabilidade, o couro PU Yudeng tem sido amplamente utilizado nas linhas de produ\u00e7\u00e3o de fabricantes de cal\u00e7ados nacionais e internacionais, desfrutando de reten\u00e7\u00e3o e reconhecimento de clientes est\u00e1veis e de longo prazo.<\/span><\/p>\n<p style=\"text-align: center;\"><img loading=\"lazy\" decoding=\"async\" class=\"alignnone wp-image-2970 size-full\" src=\"https:\/\/fjyudeng.com\/wp-content\/uploads\/2025\/07\/PU-leatther-for-shoe-application.jpg\" alt=\"Couro PU para aplica\u00e7\u00e3o em cal\u00e7ados\" width=\"1000\" height=\"607\" srcset=\"https:\/\/fjyudeng.com\/wp-content\/uploads\/2025\/07\/PU-leatther-for-shoe-application.jpg 1000w, https:\/\/fjyudeng.com\/wp-content\/uploads\/2025\/07\/PU-leatther-for-shoe-application-300x182.jpg 300w, https:\/\/fjyudeng.com\/wp-content\/uploads\/2025\/07\/PU-leatther-for-shoe-application-768x466.jpg 768w, https:\/\/fjyudeng.com\/wp-content\/uploads\/2025\/07\/PU-leatther-for-shoe-application-18x12.jpg 18w, https:\/\/fjyudeng.com\/wp-content\/uploads\/2025\/07\/PU-leatther-for-shoe-application-600x364.jpg 600w\" sizes=\"(max-width: 1000px) 100vw, 1000px\" \/><\/p>\n<h4><strong><span style=\"color: #ff6600;\">Vantagem de f\u00e1brica<\/span><\/strong><\/h4>\n<p><span style=\"color: #000000;\">Como um <a style=\"color: #000000;\" href=\"https:\/\/fjyudeng.com\/pt\/produto\/fabricante-de-couro-sintetico-espelhado-personalizado\/\"><strong>F\u00e1brica de couro PU<\/strong><\/a> com muitos anos de experi\u00eancia no setor, a Yudeng possui vantagens significativas:<\/span><\/p>\n<p><span style=\"color: #000000;\">Equipamento avan\u00e7ado: equipado com um conjunto completo de linhas de produ\u00e7\u00e3o de revestimento, forma\u00e7\u00e3o de espuma, impress\u00e3o e estampagem, garantindo capacidade e consist\u00eancia de produ\u00e7\u00e3o.<\/span><\/p>\n<ul>\n<li><span style=\"color: #000000;\"><strong>Equipe de P&amp;D:<\/strong> Composto por engenheiros e designers experientes, somos capazes de desenvolver novos estilos e processos com base nas tend\u00eancias do mercado.<\/span><\/li>\n<li><span style=\"color: #000000;\"><strong>Controle de qualidade rigoroso:<\/strong> Da aquisi\u00e7\u00e3o da mat\u00e9ria-prima at\u00e9 o envio do produto acabado, cada produto passa por diversas inspe\u00e7\u00f5es, incluindo testes de resist\u00eancia ao desgaste, resist\u00eancia ao amarelamento e resist\u00eancia \u00e0 hidr\u00f3lise, garantindo a longevidade do produto.<\/span><\/li>\n<li><span style=\"color: #000000;\"><strong>Entrega r\u00e1pida:<\/strong> Uma cadeia de suprimentos est\u00e1vel e um sistema de produ\u00e7\u00e3o eficiente garantem o atendimento pontual dos pedidos dos clientes e atendem \u00e0s demandas de remessas na alta temporada.<\/span><\/li>\n<\/ul>\n<h5><span style=\"color: #ff6600;\">Por que escolher couro PU resistente ao amarelamento e \u00e0 hidr\u00f3lise?<\/span><\/h5>\n<p><span style=\"color: #000000;\">Tecidos de cal\u00e7ados expostos ao ar e ao suor por longos per\u00edodos s\u00e3o propensos a amarelamento, rachaduras ou hidr\u00f3lise. O couro PU resistente ao amarelamento e \u00e0 hidr\u00f3lise da Yudeng foi otimizado em termos de f\u00f3rmula e processo:<\/span><\/p>\n<ul>\n<li><span style=\"color: #000000;\">Resist\u00eancia ao amarelecimento: retarda efetivamente o desbotamento e o amarelamento do couro sob radia\u00e7\u00e3o UV, preservando o apelo est\u00e9tico do cal\u00e7ado.<\/span><\/li>\n<li><span style=\"color: #000000;\">Resist\u00eancia \u00e0 hidr\u00f3lise: permanece est\u00e1vel em ambientes \u00famidos e de alta temperatura, resistindo \u00e0 descama\u00e7\u00e3o e \u00e0 escama\u00e7\u00e3o.<\/span><\/li>\n<li><span style=\"color: #000000;\">Alta flexibilidade e conforto: mant\u00e9m a maciez e o conforto do cal\u00e7ado, ao mesmo tempo que preserva a resist\u00eancia e a durabilidade.<\/span><\/li>\n<\/ul>\n<p><span style=\"color: #000000;\">Essas vantagens tornaram os produtos da Yudeng populares nos setores de cal\u00e7ados esportivos, casuais, infantis e de moda.<\/span><\/p>\n<p style=\"text-align: center;\"><img loading=\"lazy\" decoding=\"async\" class=\"aligncenter wp-image-2741 size-full\" src=\"https:\/\/fjyudeng.com\/wp-content\/uploads\/2025\/06\/Yudeng-Factory-and-Company.jpg\" alt=\"F\u00e1brica e Companhia Yudeng\" width=\"1200\" height=\"878\" srcset=\"https:\/\/fjyudeng.com\/wp-content\/uploads\/2025\/06\/Yudeng-Factory-and-Company.jpg 1200w, https:\/\/fjyudeng.com\/wp-content\/uploads\/2025\/06\/Yudeng-Factory-and-Company-600x439.jpg 600w, https:\/\/fjyudeng.com\/wp-content\/uploads\/2025\/06\/Yudeng-Factory-and-Company-300x220.jpg 300w, https:\/\/fjyudeng.com\/wp-content\/uploads\/2025\/06\/Yudeng-Factory-and-Company-1024x749.jpg 1024w, https:\/\/fjyudeng.com\/wp-content\/uploads\/2025\/06\/Yudeng-Factory-and-Company-768x562.jpg 768w, https:\/\/fjyudeng.com\/wp-content\/uploads\/2025\/06\/Yudeng-Factory-and-Company-16x12.jpg 16w\" sizes=\"(max-width: 1200px) 100vw, 1200px\" \/><\/p>\n<p style=\"text-align: center;\"><img loading=\"lazy\" decoding=\"async\" class=\"aligncenter wp-image-2739 size-full\" src=\"https:\/\/fjyudeng.com\/wp-content\/uploads\/2025\/06\/Yudeng-Exhibition-and-Partner.jpg\" alt=\"\" width=\"1200\" height=\"1566\" \/><\/p>","protected":false},"excerpt":{"rendered":"<ul>\n<li>\n<h5><span style=\"color: #000000;\">Pedido m\u00ednimo: 300 metros<\/span><\/h5>\n<\/li>\n<li>\n<h5><span style=\"color: #000000;\">37 anos de f\u00e1brica de couro sint\u00e9tico<\/span><\/h5>\n<\/li>\n<li>\n<h5><span style=\"color: #000000;\">50000m\u00b2 de \u00e1rea fabril<\/span><\/h5>\n<\/li>\n<li>\n<h5><span style=\"color: #000000;\">10 Linhas de produ\u00e7\u00e3o<\/span><\/h5>\n<\/li>\n<li class=\"elementor-heading-title elementor-size-default\">\n<h5><span style=\"color: #000000;\">Mais de 400 texturas dispon\u00edveis<\/span><\/h5>\n<\/li>\n<li class=\"elementor-heading-title elementor-size-default\">\n<h5><span style=\"color: #000000;\">Certificado REACH\/ROHS\/OEKO-TEX\u00ae<\/span><\/h5>\n<\/li>\n<\/ul>","protected":false},"featured_media":3177,"template":"","meta":[],"product_brand":[],"product_cat":[31],"product_tag":[],"class_list":{"0":"post-3176","1":"product","2":"type-product","3":"status-publish","4":"has-post-thumbnail","6":"product_cat-shoe-leather","8":"first","9":"instock","10":"shipping-taxable","11":"product-type-simple"},"yoast_head":"<!-- This site is optimized with the Yoast SEO Premium plugin v22.8 (Yoast SEO v22.8) - https:\/\/yoast.com\/wordpress\/plugins\/seo\/ -->\n<title>Customized Hydrolysis Resistant Pu Leather Manufacturer<\/title>\n<meta name=\"description\" content=\"As a professional Pu leather factory, Yudeng is committed to providing customized solutions that meet international environmental standards to customers worldwide.\" \/>\n<meta name=\"robots\" content=\"index, follow, max-snippet:-1, max-image-preview:large, max-video-preview:-1\" \/>\n<link rel=\"canonical\" href=\"https:\/\/fjyudeng.com\/pt\/produto\/fabricante-de-couro-sintetico-resistente-a-hidrolise-personalizado\/\" \/>\n<meta property=\"og:locale\" content=\"pt_BR\" \/>\n<meta property=\"og:type\" content=\"article\" \/>\n<meta property=\"og:title\" content=\"Customized Yellowing Resistant and Hydrolysis Resistant Pu Leather Manufacturer\" \/>\n<meta property=\"og:description\" content=\"As a professional Pu leather factory, Yudeng is committed to providing customized solutions that meet international environmental standards to customers worldwide.\" \/>\n<meta property=\"og:url\" content=\"https:\/\/fjyudeng.com\/pt\/produto\/fabricante-de-couro-sintetico-resistente-a-hidrolise-personalizado\/\" \/>\n<meta property=\"og:site_name\" content=\"fjyudeng.com\" \/>\n<meta property=\"article:modified_time\" content=\"2025-09-03T02:44:21+00:00\" \/>\n<meta property=\"og:image\" content=\"https:\/\/fjyudeng.com\/wp-content\/uploads\/2025\/09\/Customized-Yellowing-Resistant-and-Hydrolysis-Resistant-Pu-Leather-Manufacturer.jpg\" \/>\n\t<meta property=\"og:image:width\" content=\"800\" \/>\n\t<meta property=\"og:image:height\" content=\"800\" \/>\n\t<meta property=\"og:image:type\" content=\"image\/jpeg\" \/>\n<meta name=\"twitter:card\" content=\"summary_large_image\" \/>\n<meta name=\"twitter:label1\" content=\"Est. tempo de leitura\" \/>\n\t<meta name=\"twitter:data1\" content=\"5 minutos\" \/>\n<script type=\"application\/ld+json\" class=\"yoast-schema-graph\">{\"@context\":\"https:\/\/schema.org\",\"@graph\":[{\"@type\":\"WebPage\",\"@id\":\"https:\/\/fjyudeng.com\/product\/customized-hydrolysis-resistant-pu-leather-manufacturer\/\",\"url\":\"https:\/\/fjyudeng.com\/product\/customized-hydrolysis-resistant-pu-leather-manufacturer\/\",\"name\":\"Customized Hydrolysis Resistant Pu Leather Manufacturer\",\"isPartOf\":{\"@id\":\"https:\/\/fjyudeng.com\/#website\"},\"primaryImageOfPage\":{\"@id\":\"https:\/\/fjyudeng.com\/product\/customized-hydrolysis-resistant-pu-leather-manufacturer\/#primaryimage\"},\"image\":{\"@id\":\"https:\/\/fjyudeng.com\/product\/customized-hydrolysis-resistant-pu-leather-manufacturer\/#primaryimage\"},\"thumbnailUrl\":\"https:\/\/fjyudeng.com\/wp-content\/uploads\/2025\/09\/Customized-Yellowing-Resistant-and-Hydrolysis-Resistant-Pu-Leather-Manufacturer.jpg\",\"datePublished\":\"2025-09-03T02:32:55+00:00\",\"dateModified\":\"2025-09-03T02:44:21+00:00\",\"description\":\"As a professional Pu leather factory, Yudeng is committed to providing customized solutions that meet international environmental standards to customers worldwide.\",\"breadcrumb\":{\"@id\":\"https:\/\/fjyudeng.com\/product\/customized-hydrolysis-resistant-pu-leather-manufacturer\/#breadcrumb\"},\"inLanguage\":\"pt-BR\",\"potentialAction\":[{\"@type\":\"ReadAction\",\"target\":[\"https:\/\/fjyudeng.com\/product\/customized-hydrolysis-resistant-pu-leather-manufacturer\/\"]}]},{\"@type\":\"ImageObject\",\"inLanguage\":\"pt-BR\",\"@id\":\"https:\/\/fjyudeng.com\/product\/customized-hydrolysis-resistant-pu-leather-manufacturer\/#primaryimage\",\"url\":\"https:\/\/fjyudeng.com\/wp-content\/uploads\/2025\/09\/Customized-Yellowing-Resistant-and-Hydrolysis-Resistant-Pu-Leather-Manufacturer.jpg\",\"contentUrl\":\"https:\/\/fjyudeng.com\/wp-content\/uploads\/2025\/09\/Customized-Yellowing-Resistant-and-Hydrolysis-Resistant-Pu-Leather-Manufacturer.jpg\",\"width\":800,\"height\":800,\"caption\":\"Customized Yellowing Resistant and Hydrolysis Resistant Pu Leather Manufacturer\"},{\"@type\":\"BreadcrumbList\",\"@id\":\"https:\/\/fjyudeng.com\/product\/customized-hydrolysis-resistant-pu-leather-manufacturer\/#breadcrumb\",\"itemListElement\":[{\"@type\":\"ListItem\",\"position\":1,\"name\":\"Home\",\"item\":\"https:\/\/fjyudeng.com\/\"},{\"@type\":\"ListItem\",\"position\":2,\"name\":\"Products\",\"item\":\"https:\/\/fjyudeng.com\/products\/\"},{\"@type\":\"ListItem\",\"position\":3,\"name\":\"Customized Yellowing Resistant and Hydrolysis Resistant Pu Leather Manufacturer\"}]},{\"@type\":\"WebSite\",\"@id\":\"https:\/\/fjyudeng.com\/#website\",\"url\":\"https:\/\/fjyudeng.com\/\",\"name\":\"fjyudeng.com\",\"description\":\"\",\"publisher\":{\"@id\":\"https:\/\/fjyudeng.com\/#\/schema\/person\/7e41764f047e7552c6ad5bdf5f6d78c7\"},\"potentialAction\":[{\"@type\":\"SearchAction\",\"target\":{\"@type\":\"EntryPoint\",\"urlTemplate\":\"https:\/\/fjyudeng.com\/?s={search_term_string}\"},\"query-input\":\"required name=search_term_string\"}],\"inLanguage\":\"pt-BR\"},{\"@type\":[\"Person\",\"Organization\"],\"@id\":\"https:\/\/fjyudeng.com\/#\/schema\/person\/7e41764f047e7552c6ad5bdf5f6d78c7\",\"name\":\"yshine03@gmail.com\",\"image\":{\"@type\":\"ImageObject\",\"inLanguage\":\"pt-BR\",\"@id\":\"https:\/\/fjyudeng.com\/#\/schema\/person\/image\/\",\"url\":\"https:\/\/fjyudeng.com\/wp-content\/uploads\/2025\/04\/yudeng-pu-leather-factory-manufacturer.png\",\"contentUrl\":\"https:\/\/fjyudeng.com\/wp-content\/uploads\/2025\/04\/yudeng-pu-leather-factory-manufacturer.png\",\"width\":588,\"height\":590,\"caption\":\"yshine03@gmail.com\"},\"logo\":{\"@id\":\"https:\/\/fjyudeng.com\/#\/schema\/person\/image\/\"},\"sameAs\":[\"https:\/\/fjyudeng.com\"]}]}<\/script>\n<!-- \/ Yoast SEO Premium plugin. -->","yoast_head_json":{"title":"Customized Hydrolysis Resistant Pu Leather Manufacturer","description":"As a professional Pu leather factory, Yudeng is committed to providing customized solutions that meet international environmental standards to customers worldwide.","robots":{"index":"index","follow":"follow","max-snippet":"max-snippet:-1","max-image-preview":"max-image-preview:large","max-video-preview":"max-video-preview:-1"},"canonical":"https:\/\/fjyudeng.com\/pt\/produto\/fabricante-de-couro-sintetico-resistente-a-hidrolise-personalizado\/","og_locale":"pt_BR","og_type":"article","og_title":"Customized Yellowing Resistant and Hydrolysis Resistant Pu Leather Manufacturer","og_description":"As a professional Pu leather factory, Yudeng is committed to providing customized solutions that meet international environmental standards to customers worldwide.","og_url":"https:\/\/fjyudeng.com\/pt\/produto\/fabricante-de-couro-sintetico-resistente-a-hidrolise-personalizado\/","og_site_name":"fjyudeng.com","article_modified_time":"2025-09-03T02:44:21+00:00","og_image":[{"width":800,"height":800,"url":"https:\/\/fjyudeng.com\/wp-content\/uploads\/2025\/09\/Customized-Yellowing-Resistant-and-Hydrolysis-Resistant-Pu-Leather-Manufacturer.jpg","type":"image\/jpeg"}],"twitter_card":"summary_large_image","twitter_misc":{"Est. tempo de leitura":"5 minutos"},"schema":{"@context":"https:\/\/schema.org","@graph":[{"@type":"WebPage","@id":"https:\/\/fjyudeng.com\/product\/customized-hydrolysis-resistant-pu-leather-manufacturer\/","url":"https:\/\/fjyudeng.com\/product\/customized-hydrolysis-resistant-pu-leather-manufacturer\/","name":"Customized Hydrolysis Resistant Pu Leather Manufacturer","isPartOf":{"@id":"https:\/\/fjyudeng.com\/#website"},"primaryImageOfPage":{"@id":"https:\/\/fjyudeng.com\/product\/customized-hydrolysis-resistant-pu-leather-manufacturer\/#primaryimage"},"image":{"@id":"https:\/\/fjyudeng.com\/product\/customized-hydrolysis-resistant-pu-leather-manufacturer\/#primaryimage"},"thumbnailUrl":"https:\/\/fjyudeng.com\/wp-content\/uploads\/2025\/09\/Customized-Yellowing-Resistant-and-Hydrolysis-Resistant-Pu-Leather-Manufacturer.jpg","datePublished":"2025-09-03T02:32:55+00:00","dateModified":"2025-09-03T02:44:21+00:00","description":"As a professional Pu leather factory, Yudeng is committed to providing customized solutions that meet international environmental standards to customers worldwide.","breadcrumb":{"@id":"https:\/\/fjyudeng.com\/product\/customized-hydrolysis-resistant-pu-leather-manufacturer\/#breadcrumb"},"inLanguage":"pt-BR","potentialAction":[{"@type":"ReadAction","target":["https:\/\/fjyudeng.com\/product\/customized-hydrolysis-resistant-pu-leather-manufacturer\/"]}]},{"@type":"ImageObject","inLanguage":"pt-BR","@id":"https:\/\/fjyudeng.com\/product\/customized-hydrolysis-resistant-pu-leather-manufacturer\/#primaryimage","url":"https:\/\/fjyudeng.com\/wp-content\/uploads\/2025\/09\/Customized-Yellowing-Resistant-and-Hydrolysis-Resistant-Pu-Leather-Manufacturer.jpg","contentUrl":"https:\/\/fjyudeng.com\/wp-content\/uploads\/2025\/09\/Customized-Yellowing-Resistant-and-Hydrolysis-Resistant-Pu-Leather-Manufacturer.jpg","width":800,"height":800,"caption":"Customized Yellowing Resistant and Hydrolysis Resistant Pu Leather Manufacturer"},{"@type":"BreadcrumbList","@id":"https:\/\/fjyudeng.com\/product\/customized-hydrolysis-resistant-pu-leather-manufacturer\/#breadcrumb","itemListElement":[{"@type":"ListItem","position":1,"name":"Home","item":"https:\/\/fjyudeng.com\/"},{"@type":"ListItem","position":2,"name":"Products","item":"https:\/\/fjyudeng.com\/products\/"},{"@type":"ListItem","position":3,"name":"Customized Yellowing Resistant and Hydrolysis Resistant Pu Leather Manufacturer"}]},{"@type":"WebSite","@id":"https:\/\/fjyudeng.com\/#website","url":"https:\/\/fjyudeng.com\/","name":"fjyudeng.com","description":"","publisher":{"@id":"https:\/\/fjyudeng.com\/#\/schema\/person\/7e41764f047e7552c6ad5bdf5f6d78c7"},"potentialAction":[{"@type":"SearchAction","target":{"@type":"EntryPoint","urlTemplate":"https:\/\/fjyudeng.com\/?s={search_term_string}"},"query-input":"required name=search_term_string"}],"inLanguage":"pt-BR"},{"@type":["Person","Organization"],"@id":"https:\/\/fjyudeng.com\/#\/schema\/person\/7e41764f047e7552c6ad5bdf5f6d78c7","name":"yshine03@gmail.com","image":{"@type":"ImageObject","inLanguage":"pt-BR","@id":"https:\/\/fjyudeng.com\/#\/schema\/person\/image\/","url":"https:\/\/fjyudeng.com\/wp-content\/uploads\/2025\/04\/yudeng-pu-leather-factory-manufacturer.png","contentUrl":"https:\/\/fjyudeng.com\/wp-content\/uploads\/2025\/04\/yudeng-pu-leather-factory-manufacturer.png","width":588,"height":590,"caption":"yshine03@gmail.com"},"logo":{"@id":"https:\/\/fjyudeng.com\/#\/schema\/person\/image\/"},"sameAs":["https:\/\/fjyudeng.com"]}]}},"_links":{"self":[{"href":"https:\/\/fjyudeng.com\/pt\/wp-json\/wp\/v2\/product\/3176","targetHints":{"allow":["GET"]}}],"collection":[{"href":"https:\/\/fjyudeng.com\/pt\/wp-json\/wp\/v2\/product"}],"about":[{"href":"https:\/\/fjyudeng.com\/pt\/wp-json\/wp\/v2\/types\/product"}],"wp:featuredmedia":[{"embeddable":true,"href":"https:\/\/fjyudeng.com\/pt\/wp-json\/wp\/v2\/media\/3177"}],"wp:attachment":[{"href":"https:\/\/fjyudeng.com\/pt\/wp-json\/wp\/v2\/media?parent=3176"}],"wp:term":[{"taxonomy":"product_brand","embeddable":true,"href":"https:\/\/fjyudeng.com\/pt\/wp-json\/wp\/v2\/product_brand?post=3176"},{"taxonomy":"product_cat","embeddable":true,"href":"https:\/\/fjyudeng.com\/pt\/wp-json\/wp\/v2\/product_cat?post=3176"},{"taxonomy":"product_tag","embeddable":true,"href":"https:\/\/fjyudeng.com\/pt\/wp-json\/wp\/v2\/product_tag?post=3176"}],"curies":[{"name":"wp","href":"https:\/\/api.w.org\/{rel}","templated":true}]}}