{"id":3284,"date":"2025-10-09T17:05:15","date_gmt":"2025-10-09T09:05:15","guid":{"rendered":"https:\/\/fjyudeng.com\/?post_type=product&#038;p=3284"},"modified":"2025-11-22T11:12:01","modified_gmt":"2025-11-22T03:12:01","slug":"fabricante-de-couro-de-poliuretano-para-sofas","status":"publish","type":"product","link":"https:\/\/fjyudeng.com\/pt\/produto\/fabricante-de-couro-de-poliuretano-para-sofas\/","title":{"rendered":"Fabricante de couro de poliuretano para sof\u00e1s"},"content":{"rendered":"<p data-start=\"150\" data-end=\"507\">O couro ecol\u00f3gico de 1,5 mm, com a sua textura delicada, resist\u00eancia a riscos e propriedades ecol\u00f3gicas, est\u00e1 a tornar-se uma escolha popular entre os fabricantes de sof\u00e1s e marcas de mobili\u00e1rio dom\u00e9stico.<br data-start=\"323\" data-end=\"326\" \/>A Yudeng, com 37 anos de experi\u00eancia em fabrica\u00e7\u00e3o, \u00e9 uma empresa profissional <span style=\"color: #000000;\"><a style=\"color: #000000;\" href=\"https:\/\/fjyudeng.com\/pt\/produto\/sofa-grande-com-padrao-de-lichia-em-couro-sintetico\/\"><strong data-start=\"399\" data-end=\"436\">fabricante de couro de poliuretano<\/strong><\/a> <\/span>Especializada em produtos personaliz\u00e1veis de alta qualidade.<span style=\"color: #000000;\"> <a style=\"color: #000000;\" href=\"https:\/\/fjyudeng.com\/pt\/produto\/sofa-grande-com-padrao-de-lichia-em-couro-sintetico\/\"><strong data-start=\"480\" data-end=\"504\">couro PU por atacado<\/strong><\/a>.<\/span><\/p>\n<p data-start=\"509\" data-end=\"931\">A Yudeng fornece amostras gratuitas ou a baixo custo, permitindo que os clientes experimentem em primeira m\u00e3o o toque suave, a resist\u00eancia ao desgaste e a textura natural do couro. Atrav\u00e9s do teste das amostras, as equipas de design podem facilmente confirmar a cor, o brilho e o toque, garantindo que os produtos finais correspondam perfeitamente ao estilo da marca.<br data-start=\"798\" data-end=\"801\" \/>Este couro ecol\u00f3gico de 1,5 mm combina est\u00e9tica e funcionalidade, tornando-o um material ideal para sof\u00e1s e mobili\u00e1rio dom\u00e9stico de alta qualidade.<\/p>\n<p style=\"text-align: center;\"><img fetchpriority=\"high\" decoding=\"async\" class=\"wp-image-2950 size-full aligncenter\" src=\"Couro PU Yudeng Textile para sof\u00e1s\" alt=\"Yudeng Couro pu t\u00eaxtil para sof\u00e1\" width=\"1200\" height=\"679\" srcset=\"\" sizes=\"(max-width: 1200px) 100vw, 1200px\" data-srcset=\"\" \/> <img decoding=\"async\" class=\"aligncenter wp-image-2949 size-full\" src=\"Descri\u00e7\u00e3o do produto couro Yudeng pu para sof\u00e1s\" alt=\"Descri\u00e7\u00e3o do produto de couro pu Yudeng para sof\u00e1\" width=\"1200\" height=\"1377\" srcset=\"\" sizes=\"(max-width: 1200px) 100vw, 1200px\" data-srcset=\"\" \/><\/p>\n<h4 data-start=\"938\" data-end=\"1003\"><span style=\"color: #ff6600;\"><strong data-start=\"941\" data-end=\"1003\">Servi\u00e7os de personaliza\u00e7\u00e3o: designs personalizados completos<\/strong><\/span><\/h4>\n<p data-start=\"1005\" data-end=\"1139\">A Yudeng compreende as necessidades \u00fanicas de cada marca e espa\u00e7o, por isso oferecemos servi\u00e7os de personaliza\u00e7\u00e3o completos para clientes globais.<\/p>\n<ul data-start=\"1141\" data-end=\"1776\">\n<li data-start=\"1141\" data-end=\"1304\">\n<p data-start=\"1143\" data-end=\"1304\"><strong data-start=\"1143\" data-end=\"1166\">Personaliza\u00e7\u00e3o de cores<\/strong>: Suporta c\u00f3digos de cores Pantone ou correspond\u00eancia f\u00edsica de cores, adequado para hot\u00e9is, mobili\u00e1rio dom\u00e9stico, autom\u00f3veis e aplica\u00e7\u00f5es comerciais.<\/p>\n<\/li>\n<li data-start=\"1305\" data-end=\"1472\">\n<p data-start=\"1307\" data-end=\"1472\"><strong data-start=\"1307\" data-end=\"1338\">Efeitos de textura e superf\u00edcie<\/strong>Desde o gr\u00e3o natural do couro e o acabamento mate at\u00e9 superf\u00edcies de alto brilho ou semibrilho, tudo pode ser personalizado de acordo com as necessidades do cliente.<\/p>\n<\/li>\n<li data-start=\"1473\" data-end=\"1631\">\n<p data-start=\"1475\" data-end=\"1631\"><strong data-start=\"1475\" data-end=\"1512\">Op\u00e7\u00f5es de espessura e tecido base<\/strong>: Personaliz\u00e1vel de 1,0 mm a 2,0 mm, com op\u00e7\u00f5es que incluem tecido de malha, tecido n\u00e3o tecido ou tecido TC como revestimento.<\/p>\n<\/li>\n<li data-start=\"1632\" data-end=\"1776\">\n<p data-start=\"1634\" data-end=\"1776\"><strong data-start=\"1634\" data-end=\"1662\">Personaliza\u00e7\u00e3o funcional<\/strong>: Revestimentos opcionais retardantes de fogo, imperme\u00e1veis, antibacterianos, resistentes ao mofo, resistentes ao frio e resistentes aos raios UV.<\/p>\n<\/li>\n<\/ul>\n<p data-start=\"1778\" data-end=\"2185\">Cada projeto de personaliza\u00e7\u00e3o \u00e9 apoiado por uma equipa experiente de amostragem e por profissionais de I&amp;D, com prepara\u00e7\u00e3o de amostras em apenas 3 a 5 dias e prazos eficientes de produ\u00e7\u00e3o em massa. Os clientes podem fornecer amostras de tecido ou refer\u00eancias de design para garantir uma correspond\u00eancia precisa.<br data-start=\"2060\" data-end=\"2063\" \/>Seja para projetos sofisticados de sof\u00e1s de couro ou cole\u00e7\u00f5es de moda para o lar, a Yudeng pode dar vida aos seus conceitos de design.<\/p>\n<p>&nbsp;<\/p>\n<h4><span style=\"color: #ff6600;\"><strong data-start=\"2195\" data-end=\"2268\">Certifica\u00e7\u00f5es do produto: T\u00dcV, REACH, ROHS, OEKO-TEX\u00ae garantem a qualidade<\/strong><\/span><\/h4>\n<p data-start=\"2270\" data-end=\"2426\">A qualidade e a seguran\u00e7a s\u00e3o fundamentais para a confian\u00e7a da marca nos mercados internacionais. A s\u00e9rie de couro PU da Yudeng obteve v\u00e1rias certifica\u00e7\u00f5es internacionais, incluindo:<\/p>\n<ul>\n<li data-start=\"2430\" data-end=\"2528\"><strong data-start=\"2430\" data-end=\"2451\">Certifica\u00e7\u00e3o T\u00dcV<\/strong>: Verifica a durabilidade, seguran\u00e7a e desempenho ambiental do couro.<\/li>\n<li data-start=\"2531\" data-end=\"2626\"><strong data-start=\"2531\" data-end=\"2554\">Certifica\u00e7\u00e3o REACH<\/strong>: Garante que o produto est\u00e1 isento de subst\u00e2ncias nocivas para a sa\u00fade humana.<\/li>\n<li data-start=\"2629\" data-end=\"2748\"><strong data-start=\"2629\" data-end=\"2651\">Certifica\u00e7\u00e3o ROHS<\/strong>: Em conformidade com as normas da UE, comprovando que o couro n\u00e3o cont\u00e9m metais pesados ou subst\u00e2ncias t\u00f3xicas.<\/li>\n<li data-start=\"2751\" data-end=\"2892\"><strong data-start=\"2751\" data-end=\"2791\">Certifica\u00e7\u00e3o OEKO-TEX\u00ae Standard 100<\/strong>: Cada metro de couro \u00e9 seguro para o contacto humano e adequado para aplica\u00e7\u00f5es dom\u00e9sticas e em vestu\u00e1rio.<\/li>\n<\/ul>\n<p data-start=\"2894\" data-end=\"3187\">Essas certifica\u00e7\u00f5es demonstram o profissionalismo da Yudeng como fabricante de couro de poliuretano e proporcionam forte credibilidade \u00e0s marcas dos clientes. Mantemos uma rigorosa autorregula\u00e7\u00e3o, desde a aquisi\u00e7\u00e3o da mat\u00e9ria-prima at\u00e9 a inspe\u00e7\u00e3o final, garantindo que cada lote de couro resista ao escrut\u00ednio do mercado.<\/p>\n<p style=\"text-align: center;\"><img decoding=\"async\" class=\"alignnone wp-image-2744 size-full\" src=\"Certificado do produto Yudeng\" alt=\"Certificado de produto Yudeng\" width=\"1200\" height=\"644\" srcset=\"\" sizes=\"(max-width: 1200px) 100vw, 1200px\" data-srcset=\"\" \/><\/p>\n<h4><strong><span style=\"color: #ff6600;\">Aplica\u00e7\u00e3o de Produ\u00e7\u00e3o<\/span><\/strong><\/h4>\n<p><span style=\"color: #000000;\">O couro PU ecol\u00f3gico da Yudeng \u00e9 amplamente utilizado em uma variedade de tipos de produtos de sof\u00e1s, sejam eles sof\u00e1s residenciais ou m\u00f3veis comerciais, e tem um bom desempenho:<\/span><\/p>\n<p><span style=\"color: #000000;\"><strong>Sof\u00e1 de casa:<\/strong> adequado para sof\u00e1s de tr\u00eas pessoas, cadeiras individuais, sof\u00e1s de canto em forma de L, sof\u00e1s-cama, etc., resistente ao desgaste, antiincrustante, macio ao toque, proporcionando um toque confort\u00e1vel para a vida dom\u00e9stica.<\/span><\/p>\n<p><span style=\"color: #000000;\"><strong>Espa\u00e7o comercial:<\/strong> amplamente utilizado em ambientes p\u00fablicos, como caf\u00e9s, \u00e1reas de escrit\u00f3rios, sagu\u00f5es de hot\u00e9is e camarotes de restaurantes, levando em considera\u00e7\u00e3o caracter\u00edsticas bonitas e f\u00e1ceis de limpar para melhorar a qualidade geral do espa\u00e7o.<\/span><\/p>\n<p><span style=\"color: #000000;\"><strong>Sof\u00e1 infantil:<\/strong> certifica\u00e7\u00e3o n\u00e3o t\u00f3xica, adequada para m\u00f3veis infantis, resistente a arranh\u00f5es e desgaste, f\u00e1cil de limpar, os pais ficam mais tranquilos.<\/span><\/p>\n<p><span style=\"color: #000000;\"><strong>M\u00f3veis personalizados:<\/strong> como sof\u00e1s inteligentes, cadeiras de massagem, sof\u00e1s el\u00e9tricos ajust\u00e1veis, etc., tamb\u00e9m podem desenvolver materiais de couro correspondentes de acordo com os requisitos estruturais e funcionais para atender aos padr\u00f5es de uso de n\u00edvel de engenharia.<\/span><\/p>\n<p><span style=\"color: #000000;\">Nossos produtos levam em conta aspectos visuais, t\u00e1teis e de durabilidade. Eles n\u00e3o s\u00e3o apenas a &quot;camada externa&quot; da superf\u00edcie do sof\u00e1, mas tamb\u00e9m o n\u00facleo da textura no design de espa\u00e7os.<\/span><\/p>\n<p style=\"text-align: center;\"><img loading=\"lazy\" decoding=\"async\" class=\"wp-image-2756 size-full aligncenter\" src=\"couro PU para aplica\u00e7\u00e3o em sof\u00e1s\" alt=\"couro pu para aplica\u00e7\u00e3o em sof\u00e1\" width=\"1000\" height=\"536\" srcset=\"\" sizes=\"(max-width: 1000px) 100vw, 1000px\" data-srcset=\"\" \/><\/p>\n<h4><strong><span style=\"color: #ff6600;\">Vantagem de f\u00e1brica<\/span><\/strong><\/h4>\n<p data-start=\"3278\" data-end=\"3592\">Com anos de experi\u00eancia no setor, a Yudeng \u00e9 conhecida pela inova\u00e7\u00e3o t\u00e9cnica e pela qualidade est\u00e1vel dos seus produtos. A nossa f\u00e1brica est\u00e1 equipada com v\u00e1rias linhas de produ\u00e7\u00e3o automatizadas e equipamentos de teste precisos, produzindo mais de 5 milh\u00f5es de metros de couro PU anualmente, atendendo a encomendas nacionais e internacionais em grande escala.<\/p>\n<ul data-start=\"3594\" data-end=\"4252\">\n<li data-start=\"3594\" data-end=\"3790\">\n<p data-start=\"3596\" data-end=\"3790\"><strong data-start=\"3596\" data-end=\"3618\">Equipamento avan\u00e7ado<\/strong>: M\u00e1quinas italianas de revestimento de alta precis\u00e3o, sistemas inteligentes de secagem com controlo de temperatura e equipamentos japoneses de estampagem garantem a consist\u00eancia do produto e detalhes finos.<\/p>\n<\/li>\n<li data-start=\"3791\" data-end=\"3937\">\n<p data-start=\"3793\" data-end=\"3937\"><strong data-start=\"3793\" data-end=\"3819\">Controlo de qualidade rigoroso<\/strong>: Acompanhamento da qualidade em todo o processo, desde a inspe\u00e7\u00e3o da mat\u00e9ria-prima, ades\u00e3o do revestimento, testes de superf\u00edcie at\u00e9 a embalagem final.<\/p>\n<\/li>\n<li data-start=\"3938\" data-end=\"4095\">\n<p data-start=\"3940\" data-end=\"4095\"><strong data-start=\"3940\" data-end=\"3965\">Forte capacidade de I&amp;D<\/strong>Laborat\u00f3rio independente e centro de I&amp;D para ajustar o desempenho e a apar\u00eancia do produto de acordo com as diferentes exig\u00eancias do mercado.<\/p>\n<\/li>\n<li data-start=\"4096\" data-end=\"4252\">\n<p data-start=\"4098\" data-end=\"4252\"><strong data-start=\"4098\" data-end=\"4137\">Ampla coopera\u00e7\u00e3o internacional<\/strong>: Parcerias OEM\/ODM de longo prazo com marcas de mobili\u00e1rio de renome na Europa, M\u00e9dio Oriente e Sudeste Asi\u00e1tico.<\/p>\n<\/li>\n<\/ul>\n<p data-start=\"4254\" data-end=\"4530\">A Yudeng n\u00e3o \u00e9 apenas um fornecedor grossista de couro PU, mas tamb\u00e9m um parceiro de longa data dedicado a ajudar os clientes a aumentar o valor da marca.<br data-start=\"4387\" data-end=\"4390\" \/>Acreditamos que o couro PU de qualidade \u00e9 mais do que apenas um material; \u00e9 uma combina\u00e7\u00e3o de inspira\u00e7\u00e3o de design, habilidade artesanal e conforto para o utilizador.<\/p>\n<p style=\"text-align: center;\"><img loading=\"lazy\" decoding=\"async\" class=\"aligncenter wp-image-2741 size-full\" src=\"https:\/\/fjyudeng.com\/wp-content\/uploads\/2025\/06\/Yudeng-Factory-and-Company.jpg\" alt=\"F\u00e1brica e Companhia Yudeng\" width=\"1200\" height=\"878\" srcset=\"https:\/\/fjyudeng.com\/wp-content\/uploads\/2025\/06\/Yudeng-Factory-and-Company.jpg 1200w, https:\/\/fjyudeng.com\/wp-content\/uploads\/2025\/06\/Yudeng-Factory-and-Company-600x439.jpg 600w, https:\/\/fjyudeng.com\/wp-content\/uploads\/2025\/06\/Yudeng-Factory-and-Company-300x220.jpg 300w, https:\/\/fjyudeng.com\/wp-content\/uploads\/2025\/06\/Yudeng-Factory-and-Company-1024x749.jpg 1024w, https:\/\/fjyudeng.com\/wp-content\/uploads\/2025\/06\/Yudeng-Factory-and-Company-768x562.jpg 768w, https:\/\/fjyudeng.com\/wp-content\/uploads\/2025\/06\/Yudeng-Factory-and-Company-16x12.jpg 16w\" sizes=\"(max-width: 1200px) 100vw, 1200px\" \/><\/p>\n<p style=\"text-align: center;\"><img loading=\"lazy\" decoding=\"async\" class=\"aligncenter wp-image-2739 size-full\" src=\"https:\/\/fjyudeng.com\/wp-content\/uploads\/2025\/06\/Yudeng-Exhibition-and-Partner.jpg\" alt=\"\" width=\"1200\" height=\"1566\" \/><\/p>","protected":false},"excerpt":{"rendered":"<ul>\n<li>\n<h5><span style=\"color: #000000;\">Pedido m\u00ednimo: 300 metros<\/span><\/h5>\n<\/li>\n<li>\n<h5><span style=\"color: #000000;\">37 anos de f\u00e1brica de couro sint\u00e9tico<\/span><\/h5>\n<\/li>\n<li>\n<h5><span style=\"color: #000000;\">50000m\u00b2 de \u00e1rea fabril<\/span><\/h5>\n<\/li>\n<li>\n<h5><span style=\"color: #000000;\">10 Linhas de produ\u00e7\u00e3o<\/span><\/h5>\n<\/li>\n<li class=\"elementor-heading-title elementor-size-default\">\n<h5><span style=\"color: #000000;\">Mais de 400 texturas dispon\u00edveis<\/span><\/h5>\n<\/li>\n<li class=\"elementor-heading-title elementor-size-default\">\n<h5><span style=\"color: #000000;\">Certificado REACH\/ROHS\/OEKO-TEX\u00ae<\/span><\/h5>\n<\/li>\n<\/ul>","protected":false},"featured_media":3285,"template":"","meta":[],"product_brand":[],"product_cat":[28],"product_tag":[],"class_list":{"0":"post-3284","1":"product","2":"type-product","3":"status-publish","4":"has-post-thumbnail","6":"product_cat-sofa-leather","8":"first","9":"instock","10":"shipping-taxable","11":"product-type-simple"},"yoast_head":"<!-- This site is optimized with the Yoast SEO Premium plugin v22.8 (Yoast SEO v22.8) - https:\/\/yoast.com\/wordpress\/plugins\/seo\/ -->\n<title>37 Years Polyurethane Leather Manufacturer for Sofa<\/title>\n<meta name=\"description\" content=\"Yudeng offers 1.5mm eco leather, scratch-resistant, customizable wholesale PU leather for sofas. Trusted polyurethane leather manufacturer with 37 years experience.\" \/>\n<meta name=\"robots\" content=\"index, follow, max-snippet:-1, max-image-preview:large, max-video-preview:-1\" \/>\n<link rel=\"canonical\" href=\"https:\/\/fjyudeng.com\/pt\/produto\/fabricante-de-couro-de-poliuretano-para-sofas\/\" \/>\n<meta property=\"og:locale\" content=\"pt_BR\" \/>\n<meta property=\"og:type\" content=\"article\" \/>\n<meta property=\"og:title\" content=\"Polyurethane Leather Manufacturer for Sofa\" \/>\n<meta property=\"og:description\" content=\"Yudeng offers 1.5mm eco leather, scratch-resistant, customizable wholesale PU leather for sofas. Trusted polyurethane leather manufacturer with 37 years experience.\" \/>\n<meta property=\"og:url\" content=\"https:\/\/fjyudeng.com\/pt\/produto\/fabricante-de-couro-de-poliuretano-para-sofas\/\" \/>\n<meta property=\"og:site_name\" content=\"fjyudeng.com\" \/>\n<meta property=\"article:modified_time\" content=\"2025-11-22T03:12:01+00:00\" \/>\n<meta property=\"og:image\" content=\"https:\/\/fjyudeng.com\/wp-content\/uploads\/2025\/10\/1.5mm-Eco-Leather-Scratch-Resistant-Wholesale-Pu-Leather-for-Sofa.jpg\" \/>\n\t<meta property=\"og:image:width\" content=\"800\" \/>\n\t<meta property=\"og:image:height\" content=\"800\" \/>\n\t<meta property=\"og:image:type\" content=\"image\/jpeg\" \/>\n<meta name=\"twitter:card\" content=\"summary_large_image\" \/>\n<meta name=\"twitter:label1\" content=\"Est. tempo de leitura\" \/>\n\t<meta name=\"twitter:data1\" content=\"5 minutos\" \/>\n<script type=\"application\/ld+json\" class=\"yoast-schema-graph\">{\"@context\":\"https:\/\/schema.org\",\"@graph\":[{\"@type\":\"WebPage\",\"@id\":\"https:\/\/fjyudeng.com\/product\/polyurethane-leather-manufacturer-for-sofa\/\",\"url\":\"https:\/\/fjyudeng.com\/product\/polyurethane-leather-manufacturer-for-sofa\/\",\"name\":\"37 Years Polyurethane Leather Manufacturer for Sofa\",\"isPartOf\":{\"@id\":\"https:\/\/fjyudeng.com\/#website\"},\"primaryImageOfPage\":{\"@id\":\"https:\/\/fjyudeng.com\/product\/polyurethane-leather-manufacturer-for-sofa\/#primaryimage\"},\"image\":{\"@id\":\"https:\/\/fjyudeng.com\/product\/polyurethane-leather-manufacturer-for-sofa\/#primaryimage\"},\"thumbnailUrl\":\"https:\/\/fjyudeng.com\/wp-content\/uploads\/2025\/10\/1.5mm-Eco-Leather-Scratch-Resistant-Wholesale-Pu-Leather-for-Sofa.jpg\",\"datePublished\":\"2025-10-09T09:05:15+00:00\",\"dateModified\":\"2025-11-22T03:12:01+00:00\",\"description\":\"Yudeng offers 1.5mm eco leather, scratch-resistant, customizable wholesale PU leather for sofas. Trusted polyurethane leather manufacturer with 37 years experience.\",\"breadcrumb\":{\"@id\":\"https:\/\/fjyudeng.com\/product\/polyurethane-leather-manufacturer-for-sofa\/#breadcrumb\"},\"inLanguage\":\"pt-BR\",\"potentialAction\":[{\"@type\":\"ReadAction\",\"target\":[\"https:\/\/fjyudeng.com\/product\/polyurethane-leather-manufacturer-for-sofa\/\"]}]},{\"@type\":\"ImageObject\",\"inLanguage\":\"pt-BR\",\"@id\":\"https:\/\/fjyudeng.com\/product\/polyurethane-leather-manufacturer-for-sofa\/#primaryimage\",\"url\":\"https:\/\/fjyudeng.com\/wp-content\/uploads\/2025\/10\/1.5mm-Eco-Leather-Scratch-Resistant-Wholesale-Pu-Leather-for-Sofa.jpg\",\"contentUrl\":\"https:\/\/fjyudeng.com\/wp-content\/uploads\/2025\/10\/1.5mm-Eco-Leather-Scratch-Resistant-Wholesale-Pu-Leather-for-Sofa.jpg\",\"width\":800,\"height\":800,\"caption\":\"1.5mm Eco Leather Scratch Resistant Wholesale Pu Leather for Sofa\"},{\"@type\":\"BreadcrumbList\",\"@id\":\"https:\/\/fjyudeng.com\/product\/polyurethane-leather-manufacturer-for-sofa\/#breadcrumb\",\"itemListElement\":[{\"@type\":\"ListItem\",\"position\":1,\"name\":\"Home\",\"item\":\"https:\/\/fjyudeng.com\/\"},{\"@type\":\"ListItem\",\"position\":2,\"name\":\"Products\",\"item\":\"https:\/\/fjyudeng.com\/products\/\"},{\"@type\":\"ListItem\",\"position\":3,\"name\":\"Polyurethane Leather Manufacturer for Sofa\"}]},{\"@type\":\"WebSite\",\"@id\":\"https:\/\/fjyudeng.com\/#website\",\"url\":\"https:\/\/fjyudeng.com\/\",\"name\":\"fjyudeng.com\",\"description\":\"\",\"publisher\":{\"@id\":\"https:\/\/fjyudeng.com\/#\/schema\/person\/7e41764f047e7552c6ad5bdf5f6d78c7\"},\"potentialAction\":[{\"@type\":\"SearchAction\",\"target\":{\"@type\":\"EntryPoint\",\"urlTemplate\":\"https:\/\/fjyudeng.com\/?s={search_term_string}\"},\"query-input\":\"required name=search_term_string\"}],\"inLanguage\":\"pt-BR\"},{\"@type\":[\"Person\",\"Organization\"],\"@id\":\"https:\/\/fjyudeng.com\/#\/schema\/person\/7e41764f047e7552c6ad5bdf5f6d78c7\",\"name\":\"yshine03@gmail.com\",\"image\":{\"@type\":\"ImageObject\",\"inLanguage\":\"pt-BR\",\"@id\":\"https:\/\/fjyudeng.com\/#\/schema\/person\/image\/\",\"url\":\"https:\/\/fjyudeng.com\/wp-content\/uploads\/2025\/04\/yudeng-pu-leather-factory-manufacturer.png\",\"contentUrl\":\"https:\/\/fjyudeng.com\/wp-content\/uploads\/2025\/04\/yudeng-pu-leather-factory-manufacturer.png\",\"width\":588,\"height\":590,\"caption\":\"yshine03@gmail.com\"},\"logo\":{\"@id\":\"https:\/\/fjyudeng.com\/#\/schema\/person\/image\/\"},\"sameAs\":[\"https:\/\/fjyudeng.com\"]}]}<\/script>\n<!-- \/ Yoast SEO Premium plugin. -->","yoast_head_json":{"title":"37 Years Polyurethane Leather Manufacturer for Sofa","description":"Yudeng offers 1.5mm eco leather, scratch-resistant, customizable wholesale PU leather for sofas. Trusted polyurethane leather manufacturer with 37 years experience.","robots":{"index":"index","follow":"follow","max-snippet":"max-snippet:-1","max-image-preview":"max-image-preview:large","max-video-preview":"max-video-preview:-1"},"canonical":"https:\/\/fjyudeng.com\/pt\/produto\/fabricante-de-couro-de-poliuretano-para-sofas\/","og_locale":"pt_BR","og_type":"article","og_title":"Polyurethane Leather Manufacturer for Sofa","og_description":"Yudeng offers 1.5mm eco leather, scratch-resistant, customizable wholesale PU leather for sofas. Trusted polyurethane leather manufacturer with 37 years experience.","og_url":"https:\/\/fjyudeng.com\/pt\/produto\/fabricante-de-couro-de-poliuretano-para-sofas\/","og_site_name":"fjyudeng.com","article_modified_time":"2025-11-22T03:12:01+00:00","og_image":[{"width":800,"height":800,"url":"https:\/\/fjyudeng.com\/wp-content\/uploads\/2025\/10\/1.5mm-Eco-Leather-Scratch-Resistant-Wholesale-Pu-Leather-for-Sofa.jpg","type":"image\/jpeg"}],"twitter_card":"summary_large_image","twitter_misc":{"Est. tempo de leitura":"5 minutos"},"schema":{"@context":"https:\/\/schema.org","@graph":[{"@type":"WebPage","@id":"https:\/\/fjyudeng.com\/product\/polyurethane-leather-manufacturer-for-sofa\/","url":"https:\/\/fjyudeng.com\/product\/polyurethane-leather-manufacturer-for-sofa\/","name":"37 Years Polyurethane Leather Manufacturer for Sofa","isPartOf":{"@id":"https:\/\/fjyudeng.com\/#website"},"primaryImageOfPage":{"@id":"https:\/\/fjyudeng.com\/product\/polyurethane-leather-manufacturer-for-sofa\/#primaryimage"},"image":{"@id":"https:\/\/fjyudeng.com\/product\/polyurethane-leather-manufacturer-for-sofa\/#primaryimage"},"thumbnailUrl":"https:\/\/fjyudeng.com\/wp-content\/uploads\/2025\/10\/1.5mm-Eco-Leather-Scratch-Resistant-Wholesale-Pu-Leather-for-Sofa.jpg","datePublished":"2025-10-09T09:05:15+00:00","dateModified":"2025-11-22T03:12:01+00:00","description":"Yudeng offers 1.5mm eco leather, scratch-resistant, customizable wholesale PU leather for sofas. Trusted polyurethane leather manufacturer with 37 years experience.","breadcrumb":{"@id":"https:\/\/fjyudeng.com\/product\/polyurethane-leather-manufacturer-for-sofa\/#breadcrumb"},"inLanguage":"pt-BR","potentialAction":[{"@type":"ReadAction","target":["https:\/\/fjyudeng.com\/product\/polyurethane-leather-manufacturer-for-sofa\/"]}]},{"@type":"ImageObject","inLanguage":"pt-BR","@id":"https:\/\/fjyudeng.com\/product\/polyurethane-leather-manufacturer-for-sofa\/#primaryimage","url":"https:\/\/fjyudeng.com\/wp-content\/uploads\/2025\/10\/1.5mm-Eco-Leather-Scratch-Resistant-Wholesale-Pu-Leather-for-Sofa.jpg","contentUrl":"https:\/\/fjyudeng.com\/wp-content\/uploads\/2025\/10\/1.5mm-Eco-Leather-Scratch-Resistant-Wholesale-Pu-Leather-for-Sofa.jpg","width":800,"height":800,"caption":"1.5mm Eco Leather Scratch Resistant Wholesale Pu Leather for Sofa"},{"@type":"BreadcrumbList","@id":"https:\/\/fjyudeng.com\/product\/polyurethane-leather-manufacturer-for-sofa\/#breadcrumb","itemListElement":[{"@type":"ListItem","position":1,"name":"Home","item":"https:\/\/fjyudeng.com\/"},{"@type":"ListItem","position":2,"name":"Products","item":"https:\/\/fjyudeng.com\/products\/"},{"@type":"ListItem","position":3,"name":"Polyurethane Leather Manufacturer for Sofa"}]},{"@type":"WebSite","@id":"https:\/\/fjyudeng.com\/#website","url":"https:\/\/fjyudeng.com\/","name":"fjyudeng.com","description":"","publisher":{"@id":"https:\/\/fjyudeng.com\/#\/schema\/person\/7e41764f047e7552c6ad5bdf5f6d78c7"},"potentialAction":[{"@type":"SearchAction","target":{"@type":"EntryPoint","urlTemplate":"https:\/\/fjyudeng.com\/?s={search_term_string}"},"query-input":"required name=search_term_string"}],"inLanguage":"pt-BR"},{"@type":["Person","Organization"],"@id":"https:\/\/fjyudeng.com\/#\/schema\/person\/7e41764f047e7552c6ad5bdf5f6d78c7","name":"yshine03@gmail.com","image":{"@type":"ImageObject","inLanguage":"pt-BR","@id":"https:\/\/fjyudeng.com\/#\/schema\/person\/image\/","url":"https:\/\/fjyudeng.com\/wp-content\/uploads\/2025\/04\/yudeng-pu-leather-factory-manufacturer.png","contentUrl":"https:\/\/fjyudeng.com\/wp-content\/uploads\/2025\/04\/yudeng-pu-leather-factory-manufacturer.png","width":588,"height":590,"caption":"yshine03@gmail.com"},"logo":{"@id":"https:\/\/fjyudeng.com\/#\/schema\/person\/image\/"},"sameAs":["https:\/\/fjyudeng.com"]}]}},"_links":{"self":[{"href":"https:\/\/fjyudeng.com\/pt\/wp-json\/wp\/v2\/product\/3284","targetHints":{"allow":["GET"]}}],"collection":[{"href":"https:\/\/fjyudeng.com\/pt\/wp-json\/wp\/v2\/product"}],"about":[{"href":"https:\/\/fjyudeng.com\/pt\/wp-json\/wp\/v2\/types\/product"}],"wp:featuredmedia":[{"embeddable":true,"href":"https:\/\/fjyudeng.com\/pt\/wp-json\/wp\/v2\/media\/3285"}],"wp:attachment":[{"href":"https:\/\/fjyudeng.com\/pt\/wp-json\/wp\/v2\/media?parent=3284"}],"wp:term":[{"taxonomy":"product_brand","embeddable":true,"href":"https:\/\/fjyudeng.com\/pt\/wp-json\/wp\/v2\/product_brand?post=3284"},{"taxonomy":"product_cat","embeddable":true,"href":"https:\/\/fjyudeng.com\/pt\/wp-json\/wp\/v2\/product_cat?post=3284"},{"taxonomy":"product_tag","embeddable":true,"href":"https:\/\/fjyudeng.com\/pt\/wp-json\/wp\/v2\/product_tag?post=3284"}],"curies":[{"name":"wp","href":"https:\/\/api.w.org\/{rel}","templated":true}]}}