{"id":3288,"date":"2025-10-10T15:57:44","date_gmt":"2025-10-10T07:57:44","guid":{"rendered":"https:\/\/fjyudeng.com\/?post_type=product&#038;p=3288"},"modified":"2025-11-22T11:23:14","modified_gmt":"2025-11-22T03:23:14","slug":"couro-ecologico-por-atacado-couro-pu-para-sofa","status":"publish","type":"product","link":"https:\/\/fjyudeng.com\/pt\/produto\/couro-ecologico-por-atacado-couro-pu-para-sofa\/","title":{"rendered":"Couro ecol\u00f3gico por atacado, couro PU para sof\u00e1"},"content":{"rendered":"<p data-start=\"155\" data-end=\"617\">O couro ecol\u00f3gico de 1,5 mm tem uma textura delicada, \u00e9 resistente a riscos e ecol\u00f3gico, tornando-o uma escolha popular entre fabricantes de sof\u00e1s e marcas de m\u00f3veis. A Yudeng tem mais de 20 anos de experi\u00eancia como profissional. <span style=\"color: #000000;\"><a style=\"color: #000000;\" href=\"https:\/\/fjyudeng.com\/pt\/produto\/fabricantes-de-sofas-de-couro-artificial-ecologicos\/\"><strong data-start=\"372\" data-end=\"409\">fabricante de couro de poliuretano<\/strong><\/a>, sp<\/span>Especializada em produtos personaliz\u00e1veis de alta qualidade <span style=\"color: #000000;\"><a style=\"color: #000000;\" href=\"https:\/\/fjyudeng.com\/pt\/produto\/fabricantes-de-sofas-de-couro-artificial-ecologicos\/\"><strong data-start=\"454\" data-end=\"478\">couro PU por atacado<\/strong><\/a>.<\/span> Seja para grandes projetos de produ\u00e7\u00e3o de m\u00f3veis ou personaliza\u00e7\u00e3o em pequenos lotes, a Yudeng pode fornecer um abastecimento de materiais est\u00e1vel e confi\u00e1vel.<\/p>\n<p data-start=\"619\" data-end=\"1093\">A Yudeng oferece amostras gratuitas ou a baixo custo, permitindo que os clientes experimentem em primeira m\u00e3o o toque suave, a durabilidade e a textura natural do couro. Atrav\u00e9s do teste de amostras, as equipas de design podem facilmente confirmar a cor, o brilho e o toque, garantindo que o produto final corresponda perfeitamente ao estilo da marca. O couro ecol\u00f3gico de 1,5 mm combina est\u00e9tica com praticidade, oferecendo um toque confort\u00e1vel, grande durabilidade e cores ricas, tornando-o ideal para sof\u00e1s de alta qualidade e decora\u00e7\u00e3o de interiores.<\/p>\n<p data-start=\"1095\" data-end=\"1562\">Produzido com tecnologia avan\u00e7ada de revestimento PU \u00e0 base de \u00e1gua, o couro \u00e9 at\u00f3xico e ecol\u00f3gico, atendendo \u00e0s normas internacionais de certifica\u00e7\u00e3o. No uso di\u00e1rio, ele resiste eficazmente a arranh\u00f5es e desgaste, mantendo uma apar\u00eancia de novo mesmo ap\u00f3s uso prolongado. Suas cores ricas e texturas naturais permitem que designers e marcas de m\u00f3veis combinem facilmente com v\u00e1rios estilos de casa, atendendo \u00e0s demandas dos consumidores por beleza, conforto e respeito ao meio ambiente.<\/p>\n<p style=\"text-align: center;\"><img fetchpriority=\"high\" decoding=\"async\" class=\"wp-image-2950 size-full aligncenter\" src=\"Couro PU Yudeng Textile para sof\u00e1s\" alt=\"Yudeng Couro pu t\u00eaxtil para sof\u00e1\" width=\"1200\" height=\"679\" srcset=\"\" sizes=\"(max-width: 1200px) 100vw, 1200px\" data-srcset=\"\" \/> <img decoding=\"async\" class=\"aligncenter wp-image-2949 size-full\" src=\"Descri\u00e7\u00e3o do produto couro Yudeng pu para sof\u00e1s\" alt=\"Descri\u00e7\u00e3o do produto de couro pu Yudeng para sof\u00e1\" width=\"1200\" height=\"1377\" srcset=\"\" sizes=\"(max-width: 1200px) 100vw, 1200px\" data-srcset=\"\" \/><\/p>\n<h4 data-start=\"1569\" data-end=\"1596\"><span style=\"color: #ff6600;\"><strong>Servi\u00e7os de personaliza\u00e7\u00e3o<\/strong><\/span><\/h4>\n<ul data-start=\"1598\" data-end=\"2276\">\n<li data-start=\"1598\" data-end=\"1766\">\n<p data-start=\"1600\" data-end=\"1766\"><strong data-start=\"1600\" data-end=\"1623\">Personaliza\u00e7\u00e3o de cores<\/strong>: Os clientes podem fornecer amostras de cores, e a Yudeng pode combin\u00e1-las com precis\u00e3o para uma produ\u00e7\u00e3o em lote consistente, garantindo a uniformidade das cores da marca.<\/p>\n<\/li>\n<li data-start=\"1767\" data-end=\"1993\">\n<p data-start=\"1769\" data-end=\"1993\"><strong data-start=\"1769\" data-end=\"1808\">Personaliza\u00e7\u00e3o da espessura e textura<\/strong>A espessura padr\u00e3o \u00e9 de 1,5 mm, mas pode ser ajustada de acordo com os requisitos do projeto. V\u00e1rias texturas de superf\u00edcie, como gr\u00e3o de seixo e padr\u00f5es de crocodilo, tamb\u00e9m est\u00e3o dispon\u00edveis.<\/p>\n<\/li>\n<li data-start=\"1994\" data-end=\"2107\">\n<p data-start=\"1996\" data-end=\"2107\"><strong data-start=\"1996\" data-end=\"2025\">Personaliza\u00e7\u00e3o em pequenas quantidades<\/strong>: Aceita encomendas pequenas, adequadas para produ\u00e7\u00e3o experimental ou vendas de edi\u00e7\u00e3o limitada.<\/p>\n<\/li>\n<li data-start=\"2108\" data-end=\"2276\">\n<p data-start=\"2110\" data-end=\"2276\"><strong data-start=\"2110\" data-end=\"2131\">Experi\u00eancia de amostra<\/strong>: Amostras gratuitas ou de baixo custo permitem que os clientes verifiquem a qualidade do produto e os efeitos visuais antes de fazerem encomendas em grande quantidade, reduzindo os riscos de aquisi\u00e7\u00e3o.<\/p>\n<\/li>\n<\/ul>\n<p data-start=\"2278\" data-end=\"2448\">Esses servi\u00e7os de personaliza\u00e7\u00e3o garantem que os clientes recebam couro ecol\u00f3gico de alta qualidade que se adapta perfeitamente ao estilo da sua marca, ao mesmo tempo que desfrutam de um processo de aquisi\u00e7\u00e3o flex\u00edvel e conveniente.<\/p>\n<p>&nbsp;<\/p>\n<h4><span style=\"color: #ff6600;\"><strong data-start=\"2195\" data-end=\"2268\">Certifica\u00e7\u00f5es do produto: T\u00dcV, REACH, ROHS, OEKO-TEX\u00ae garantem a qualidade<\/strong><\/span><\/h4>\n<p data-start=\"2505\" data-end=\"2624\">O couro ecol\u00f3gico da Yudeng passou por v\u00e1rias certifica\u00e7\u00f5es internacionais para garantir a seguran\u00e7a e a confiabilidade ambiental:<\/p>\n<ul data-start=\"2626\" data-end=\"3011\">\n<li data-start=\"2626\" data-end=\"2770\">\n<p data-start=\"2628\" data-end=\"2770\"><strong data-start=\"2628\" data-end=\"2649\">Certifica\u00e7\u00e3o TUV<\/strong>: Confirma que o processo de produ\u00e7\u00e3o cumpre as normas internacionais de gest\u00e3o da qualidade e garante um desempenho est\u00e1vel.<\/p>\n<\/li>\n<li data-start=\"2771\" data-end=\"2893\">\n<p data-start=\"2773\" data-end=\"2893\"><strong data-start=\"2773\" data-end=\"2803\">Certifica\u00e7\u00e3o REACH e ROHS<\/strong>: Em conformidade com os regulamentos qu\u00edmicos da UE, isento de subst\u00e2ncias nocivas, garantindo uma utiliza\u00e7\u00e3o segura.<\/p>\n<\/li>\n<li data-start=\"2894\" data-end=\"3011\">\n<p data-start=\"2896\" data-end=\"3011\"><strong data-start=\"2896\" data-end=\"2923\">Certifica\u00e7\u00e3o OEKO-TEX\u00ae<\/strong>: Garante que o couro n\u00e3o cont\u00e9m subst\u00e2ncias nocivas, sendo adequado para casas e crian\u00e7as.<\/p>\n<\/li>\n<\/ul>\n<p data-start=\"3013\" data-end=\"3140\">Essas certifica\u00e7\u00f5es refletem o rigoroso controlo de qualidade da Yudeng e proporcionam aos clientes maior confian\u00e7a nas suas compras.<\/p>\n<p style=\"text-align: center;\"><img decoding=\"async\" class=\"alignnone wp-image-2744 size-full\" src=\"Certificado do produto Yudeng\" alt=\"Certificado de produto Yudeng\" width=\"1200\" height=\"644\" srcset=\"\" sizes=\"(max-width: 1200px) 100vw, 1200px\" data-srcset=\"\" \/><\/p>\n<h4><strong><span style=\"color: #ff6600;\">Aplica\u00e7\u00e3o de Produ\u00e7\u00e3o<\/span><\/strong><\/h4>\n<p><span style=\"color: #000000;\">O couro PU ecol\u00f3gico da Yudeng \u00e9 amplamente utilizado em uma variedade de tipos de produtos de sof\u00e1s, sejam eles sof\u00e1s residenciais ou m\u00f3veis comerciais, e tem um bom desempenho:<\/span><\/p>\n<p><span style=\"color: #000000;\"><strong>Sof\u00e1 de casa:<\/strong> adequado para sof\u00e1s de tr\u00eas pessoas, cadeiras individuais, sof\u00e1s de canto em forma de L, sof\u00e1s-cama, etc., resistente ao desgaste, antiincrustante, macio ao toque, proporcionando um toque confort\u00e1vel para a vida dom\u00e9stica.<\/span><\/p>\n<p><span style=\"color: #000000;\"><strong>Espa\u00e7o comercial:<\/strong> amplamente utilizado em ambientes p\u00fablicos, como caf\u00e9s, \u00e1reas de escrit\u00f3rios, sagu\u00f5es de hot\u00e9is e camarotes de restaurantes, levando em considera\u00e7\u00e3o caracter\u00edsticas bonitas e f\u00e1ceis de limpar para melhorar a qualidade geral do espa\u00e7o.<\/span><\/p>\n<p><span style=\"color: #000000;\"><strong>Sof\u00e1 infantil:<\/strong> certifica\u00e7\u00e3o n\u00e3o t\u00f3xica, adequada para m\u00f3veis infantis, resistente a arranh\u00f5es e desgaste, f\u00e1cil de limpar, os pais ficam mais tranquilos.<\/span><\/p>\n<p><span style=\"color: #000000;\"><strong>M\u00f3veis personalizados:<\/strong> como sof\u00e1s inteligentes, cadeiras de massagem, sof\u00e1s el\u00e9tricos ajust\u00e1veis, etc., tamb\u00e9m podem desenvolver materiais de couro correspondentes de acordo com os requisitos estruturais e funcionais para atender aos padr\u00f5es de uso de n\u00edvel de engenharia.<\/span><\/p>\n<p><span style=\"color: #000000;\">Nossos produtos levam em conta aspectos visuais, t\u00e1teis e de durabilidade. Eles n\u00e3o s\u00e3o apenas a &quot;camada externa&quot; da superf\u00edcie do sof\u00e1, mas tamb\u00e9m o n\u00facleo da textura no design de espa\u00e7os.<\/span><\/p>\n<p style=\"text-align: center;\"><img loading=\"lazy\" decoding=\"async\" class=\"wp-image-2756 size-full aligncenter\" src=\"couro PU para aplica\u00e7\u00e3o em sof\u00e1s\" alt=\"couro pu para aplica\u00e7\u00e3o em sof\u00e1\" width=\"1000\" height=\"536\" srcset=\"\" sizes=\"(max-width: 1000px) 100vw, 1000px\" data-srcset=\"\" \/><\/p>\n<h4><strong><span style=\"color: #ff6600;\">Vantagem de f\u00e1brica<\/span><\/strong><\/h4>\n<ul data-start=\"3172\" data-end=\"4152\">\n<li data-start=\"3172\" data-end=\"3397\">\n<p data-start=\"3174\" data-end=\"3397\"><strong data-start=\"3174\" data-end=\"3196\">Equipamento avan\u00e7ado<\/strong>: A f\u00e1brica est\u00e1 equipada com m\u00e1quinas de revestimento importadas, m\u00e1quinas de grava\u00e7\u00e3o em relevo e equipamentos de revestimento de alta precis\u00e3o, com monitoriza\u00e7\u00e3o rigorosa em todas as etapas para garantir uma qualidade uniforme e est\u00e1vel do produto.<\/p>\n<\/li>\n<li data-start=\"3398\" data-end=\"3581\">\n<p data-start=\"3400\" data-end=\"3581\"><strong data-start=\"3400\" data-end=\"3418\">Capacidade de P&amp;D<\/strong>Os engenheiros de materiais profissionais otimizam continuamente f\u00f3rmulas e processos, desenvolvendo novos couros ecol\u00f3gicos que s\u00e3o dur\u00e1veis, resistentes a riscos e f\u00e1ceis de limpar.<\/p>\n<\/li>\n<li data-start=\"3582\" data-end=\"3782\">\n<p data-start=\"3584\" data-end=\"3782\"><strong data-start=\"3584\" data-end=\"3607\">Capacidade de produ\u00e7\u00e3o<\/strong>Com uma produ\u00e7\u00e3o anual de mais de 5 milh\u00f5es de metros quadrados, a Yudeng pode atender \u00e0s opera\u00e7\u00f5es de grandes fabricantes de couro de poliuretano e pedidos por atacado de couro PU.<\/p>\n<\/li>\n<li data-start=\"3783\" data-end=\"3972\">\n<p data-start=\"3785\" data-end=\"3972\"><strong data-start=\"3785\" data-end=\"3804\">Controlo de Qualidade<\/strong>: Cada lote, desde as mat\u00e9rias-primas at\u00e9 aos produtos acabados, \u00e9 submetido a inspe\u00e7\u00f5es rigorosas, incluindo testes de espessura, resist\u00eancia ao desgaste, solidez da cor e textura da superf\u00edcie.<\/p>\n<\/li>\n<li data-start=\"3973\" data-end=\"4152\">\n<p data-start=\"3975\" data-end=\"4152\"><strong data-start=\"3975\" data-end=\"3995\">Apoio ao cliente<\/strong>: Fornece solu\u00e7\u00f5es log\u00edsticas globais, responde rapidamente \u00e0s necessidades dos clientes e oferece orienta\u00e7\u00e3o t\u00e9cnica e servi\u00e7o p\u00f3s-venda para garantir o sucesso do projeto.<\/p>\n<\/li>\n<\/ul>\n<p data-start=\"4154\" data-end=\"4404\">Por estas raz\u00f5es, a Yudeng \u00e9 um parceiro de confian\u00e7a para muitos fabricantes, designers e distribuidores de mobili\u00e1rio, fornecendo n\u00e3o s\u00f3 produtos de alta qualidade, mas tamb\u00e9m personaliza\u00e7\u00e3o flex\u00edvel e aconselhamento profissional, ajudando os clientes a destacarem-se no mercado.<\/p>\n<p style=\"text-align: center;\"><img loading=\"lazy\" decoding=\"async\" class=\"aligncenter wp-image-2741 size-full\" src=\"https:\/\/fjyudeng.com\/wp-content\/uploads\/2025\/06\/Yudeng-Factory-and-Company.jpg\" alt=\"F\u00e1brica e Companhia Yudeng\" width=\"1200\" height=\"878\" srcset=\"https:\/\/fjyudeng.com\/wp-content\/uploads\/2025\/06\/Yudeng-Factory-and-Company.jpg 1200w, https:\/\/fjyudeng.com\/wp-content\/uploads\/2025\/06\/Yudeng-Factory-and-Company-600x439.jpg 600w, https:\/\/fjyudeng.com\/wp-content\/uploads\/2025\/06\/Yudeng-Factory-and-Company-300x220.jpg 300w, https:\/\/fjyudeng.com\/wp-content\/uploads\/2025\/06\/Yudeng-Factory-and-Company-1024x749.jpg 1024w, https:\/\/fjyudeng.com\/wp-content\/uploads\/2025\/06\/Yudeng-Factory-and-Company-768x562.jpg 768w, https:\/\/fjyudeng.com\/wp-content\/uploads\/2025\/06\/Yudeng-Factory-and-Company-16x12.jpg 16w\" sizes=\"(max-width: 1200px) 100vw, 1200px\" \/><\/p>\n<p style=\"text-align: center;\"><img loading=\"lazy\" decoding=\"async\" class=\"aligncenter wp-image-2739 size-full\" src=\"https:\/\/fjyudeng.com\/wp-content\/uploads\/2025\/06\/Yudeng-Exhibition-and-Partner.jpg\" alt=\"\" width=\"1200\" height=\"1566\" \/><\/p>","protected":false},"excerpt":{"rendered":"<ul>\n<li>\n<h5><span style=\"color: #000000;\">Pedido m\u00ednimo: 300 metros<\/span><\/h5>\n<\/li>\n<li>\n<h5><span style=\"color: #000000;\">37 anos de f\u00e1brica de couro sint\u00e9tico<\/span><\/h5>\n<\/li>\n<li>\n<h5><span style=\"color: #000000;\">50000m\u00b2 de \u00e1rea fabril<\/span><\/h5>\n<\/li>\n<li>\n<h5><span style=\"color: #000000;\">10 Linhas de produ\u00e7\u00e3o<\/span><\/h5>\n<\/li>\n<li class=\"elementor-heading-title elementor-size-default\">\n<h5><span style=\"color: #000000;\">Mais de 400 texturas dispon\u00edveis<\/span><\/h5>\n<\/li>\n<li class=\"elementor-heading-title elementor-size-default\">\n<h5><span style=\"color: #000000;\">Certificado REACH\/ROHS\/OEKO-TEX\u00ae<\/span><\/h5>\n<\/li>\n<\/ul>","protected":false},"featured_media":3289,"template":"","meta":[],"product_brand":[],"product_cat":[28],"product_tag":[],"class_list":{"0":"post-3288","1":"product","2":"type-product","3":"status-publish","4":"has-post-thumbnail","6":"product_cat-sofa-leather","8":"first","9":"instock","10":"shipping-taxable","11":"product-type-simple"},"yoast_head":"<!-- This site is optimized with the Yoast SEO Premium plugin v22.8 (Yoast SEO v22.8) - https:\/\/yoast.com\/wordpress\/plugins\/seo\/ -->\n<title>37 Years Eco Leather Wholesale Pu Leather for Sofa<\/title>\n<meta name=\"description\" content=\"As a PU leather manufacturer with 37 years of experience, Yudeng offers scratch-resistant 1.5mm eco leather for sofas and supports customized services.\" \/>\n<meta name=\"robots\" content=\"index, follow, max-snippet:-1, max-image-preview:large, max-video-preview:-1\" \/>\n<link rel=\"canonical\" href=\"https:\/\/fjyudeng.com\/pt\/produto\/couro-ecologico-por-atacado-couro-pu-para-sofa\/\" \/>\n<meta property=\"og:locale\" content=\"pt_BR\" \/>\n<meta property=\"og:type\" content=\"article\" \/>\n<meta property=\"og:title\" content=\"Eco Leather Wholesale Pu Leather for Sofa\" \/>\n<meta property=\"og:description\" content=\"As a PU leather manufacturer with 37 years of experience, Yudeng offers scratch-resistant 1.5mm eco leather for sofas and supports customized services.\" \/>\n<meta property=\"og:url\" content=\"https:\/\/fjyudeng.com\/pt\/produto\/couro-ecologico-por-atacado-couro-pu-para-sofa\/\" \/>\n<meta property=\"og:site_name\" content=\"fjyudeng.com\" \/>\n<meta property=\"article:modified_time\" content=\"2025-11-22T03:23:14+00:00\" \/>\n<meta property=\"og:image\" content=\"https:\/\/fjyudeng.com\/wp-content\/uploads\/2025\/10\/1.0mm-Eco-Leather-Wholesale-Pu-Leather-for-Sofa.jpg\" \/>\n\t<meta property=\"og:image:width\" content=\"1000\" \/>\n\t<meta property=\"og:image:height\" content=\"1000\" \/>\n\t<meta property=\"og:image:type\" content=\"image\/jpeg\" \/>\n<meta name=\"twitter:card\" content=\"summary_large_image\" \/>\n<meta name=\"twitter:label1\" content=\"Est. tempo de leitura\" \/>\n\t<meta name=\"twitter:data1\" content=\"5 minutos\" \/>\n<script type=\"application\/ld+json\" class=\"yoast-schema-graph\">{\"@context\":\"https:\/\/schema.org\",\"@graph\":[{\"@type\":\"WebPage\",\"@id\":\"https:\/\/fjyudeng.com\/product\/eco-leather-wholesale-pu-leather-for-sofa\/\",\"url\":\"https:\/\/fjyudeng.com\/product\/eco-leather-wholesale-pu-leather-for-sofa\/\",\"name\":\"37 Years Eco Leather Wholesale Pu Leather for Sofa\",\"isPartOf\":{\"@id\":\"https:\/\/fjyudeng.com\/#website\"},\"primaryImageOfPage\":{\"@id\":\"https:\/\/fjyudeng.com\/product\/eco-leather-wholesale-pu-leather-for-sofa\/#primaryimage\"},\"image\":{\"@id\":\"https:\/\/fjyudeng.com\/product\/eco-leather-wholesale-pu-leather-for-sofa\/#primaryimage\"},\"thumbnailUrl\":\"https:\/\/fjyudeng.com\/wp-content\/uploads\/2025\/10\/1.0mm-Eco-Leather-Wholesale-Pu-Leather-for-Sofa.jpg\",\"datePublished\":\"2025-10-10T07:57:44+00:00\",\"dateModified\":\"2025-11-22T03:23:14+00:00\",\"description\":\"As a PU leather manufacturer with 37 years of experience, Yudeng offers scratch-resistant 1.5mm eco leather for sofas and supports customized services.\",\"breadcrumb\":{\"@id\":\"https:\/\/fjyudeng.com\/product\/eco-leather-wholesale-pu-leather-for-sofa\/#breadcrumb\"},\"inLanguage\":\"pt-BR\",\"potentialAction\":[{\"@type\":\"ReadAction\",\"target\":[\"https:\/\/fjyudeng.com\/product\/eco-leather-wholesale-pu-leather-for-sofa\/\"]}]},{\"@type\":\"ImageObject\",\"inLanguage\":\"pt-BR\",\"@id\":\"https:\/\/fjyudeng.com\/product\/eco-leather-wholesale-pu-leather-for-sofa\/#primaryimage\",\"url\":\"https:\/\/fjyudeng.com\/wp-content\/uploads\/2025\/10\/1.0mm-Eco-Leather-Wholesale-Pu-Leather-for-Sofa.jpg\",\"contentUrl\":\"https:\/\/fjyudeng.com\/wp-content\/uploads\/2025\/10\/1.0mm-Eco-Leather-Wholesale-Pu-Leather-for-Sofa.jpg\",\"width\":1000,\"height\":1000,\"caption\":\"1.0mm Eco Leather Wholesale Pu Leather for Sofa\"},{\"@type\":\"BreadcrumbList\",\"@id\":\"https:\/\/fjyudeng.com\/product\/eco-leather-wholesale-pu-leather-for-sofa\/#breadcrumb\",\"itemListElement\":[{\"@type\":\"ListItem\",\"position\":1,\"name\":\"Home\",\"item\":\"https:\/\/fjyudeng.com\/\"},{\"@type\":\"ListItem\",\"position\":2,\"name\":\"Products\",\"item\":\"https:\/\/fjyudeng.com\/products\/\"},{\"@type\":\"ListItem\",\"position\":3,\"name\":\"Eco Leather Wholesale Pu Leather for Sofa\"}]},{\"@type\":\"WebSite\",\"@id\":\"https:\/\/fjyudeng.com\/#website\",\"url\":\"https:\/\/fjyudeng.com\/\",\"name\":\"fjyudeng.com\",\"description\":\"\",\"publisher\":{\"@id\":\"https:\/\/fjyudeng.com\/#\/schema\/person\/7e41764f047e7552c6ad5bdf5f6d78c7\"},\"potentialAction\":[{\"@type\":\"SearchAction\",\"target\":{\"@type\":\"EntryPoint\",\"urlTemplate\":\"https:\/\/fjyudeng.com\/?s={search_term_string}\"},\"query-input\":\"required name=search_term_string\"}],\"inLanguage\":\"pt-BR\"},{\"@type\":[\"Person\",\"Organization\"],\"@id\":\"https:\/\/fjyudeng.com\/#\/schema\/person\/7e41764f047e7552c6ad5bdf5f6d78c7\",\"name\":\"yshine03@gmail.com\",\"image\":{\"@type\":\"ImageObject\",\"inLanguage\":\"pt-BR\",\"@id\":\"https:\/\/fjyudeng.com\/#\/schema\/person\/image\/\",\"url\":\"https:\/\/fjyudeng.com\/wp-content\/uploads\/2025\/04\/yudeng-pu-leather-factory-manufacturer.png\",\"contentUrl\":\"https:\/\/fjyudeng.com\/wp-content\/uploads\/2025\/04\/yudeng-pu-leather-factory-manufacturer.png\",\"width\":588,\"height\":590,\"caption\":\"yshine03@gmail.com\"},\"logo\":{\"@id\":\"https:\/\/fjyudeng.com\/#\/schema\/person\/image\/\"},\"sameAs\":[\"https:\/\/fjyudeng.com\"]}]}<\/script>\n<!-- \/ Yoast SEO Premium plugin. -->","yoast_head_json":{"title":"37 Years Eco Leather Wholesale Pu Leather for Sofa","description":"As a PU leather manufacturer with 37 years of experience, Yudeng offers scratch-resistant 1.5mm eco leather for sofas and supports customized services.","robots":{"index":"index","follow":"follow","max-snippet":"max-snippet:-1","max-image-preview":"max-image-preview:large","max-video-preview":"max-video-preview:-1"},"canonical":"https:\/\/fjyudeng.com\/pt\/produto\/couro-ecologico-por-atacado-couro-pu-para-sofa\/","og_locale":"pt_BR","og_type":"article","og_title":"Eco Leather Wholesale Pu Leather for Sofa","og_description":"As a PU leather manufacturer with 37 years of experience, Yudeng offers scratch-resistant 1.5mm eco leather for sofas and supports customized services.","og_url":"https:\/\/fjyudeng.com\/pt\/produto\/couro-ecologico-por-atacado-couro-pu-para-sofa\/","og_site_name":"fjyudeng.com","article_modified_time":"2025-11-22T03:23:14+00:00","og_image":[{"width":1000,"height":1000,"url":"https:\/\/fjyudeng.com\/wp-content\/uploads\/2025\/10\/1.0mm-Eco-Leather-Wholesale-Pu-Leather-for-Sofa.jpg","type":"image\/jpeg"}],"twitter_card":"summary_large_image","twitter_misc":{"Est. tempo de leitura":"5 minutos"},"schema":{"@context":"https:\/\/schema.org","@graph":[{"@type":"WebPage","@id":"https:\/\/fjyudeng.com\/product\/eco-leather-wholesale-pu-leather-for-sofa\/","url":"https:\/\/fjyudeng.com\/product\/eco-leather-wholesale-pu-leather-for-sofa\/","name":"37 Years Eco Leather Wholesale Pu Leather for Sofa","isPartOf":{"@id":"https:\/\/fjyudeng.com\/#website"},"primaryImageOfPage":{"@id":"https:\/\/fjyudeng.com\/product\/eco-leather-wholesale-pu-leather-for-sofa\/#primaryimage"},"image":{"@id":"https:\/\/fjyudeng.com\/product\/eco-leather-wholesale-pu-leather-for-sofa\/#primaryimage"},"thumbnailUrl":"https:\/\/fjyudeng.com\/wp-content\/uploads\/2025\/10\/1.0mm-Eco-Leather-Wholesale-Pu-Leather-for-Sofa.jpg","datePublished":"2025-10-10T07:57:44+00:00","dateModified":"2025-11-22T03:23:14+00:00","description":"As a PU leather manufacturer with 37 years of experience, Yudeng offers scratch-resistant 1.5mm eco leather for sofas and supports customized services.","breadcrumb":{"@id":"https:\/\/fjyudeng.com\/product\/eco-leather-wholesale-pu-leather-for-sofa\/#breadcrumb"},"inLanguage":"pt-BR","potentialAction":[{"@type":"ReadAction","target":["https:\/\/fjyudeng.com\/product\/eco-leather-wholesale-pu-leather-for-sofa\/"]}]},{"@type":"ImageObject","inLanguage":"pt-BR","@id":"https:\/\/fjyudeng.com\/product\/eco-leather-wholesale-pu-leather-for-sofa\/#primaryimage","url":"https:\/\/fjyudeng.com\/wp-content\/uploads\/2025\/10\/1.0mm-Eco-Leather-Wholesale-Pu-Leather-for-Sofa.jpg","contentUrl":"https:\/\/fjyudeng.com\/wp-content\/uploads\/2025\/10\/1.0mm-Eco-Leather-Wholesale-Pu-Leather-for-Sofa.jpg","width":1000,"height":1000,"caption":"1.0mm Eco Leather Wholesale Pu Leather for Sofa"},{"@type":"BreadcrumbList","@id":"https:\/\/fjyudeng.com\/product\/eco-leather-wholesale-pu-leather-for-sofa\/#breadcrumb","itemListElement":[{"@type":"ListItem","position":1,"name":"Home","item":"https:\/\/fjyudeng.com\/"},{"@type":"ListItem","position":2,"name":"Products","item":"https:\/\/fjyudeng.com\/products\/"},{"@type":"ListItem","position":3,"name":"Eco Leather Wholesale Pu Leather for Sofa"}]},{"@type":"WebSite","@id":"https:\/\/fjyudeng.com\/#website","url":"https:\/\/fjyudeng.com\/","name":"fjyudeng.com","description":"","publisher":{"@id":"https:\/\/fjyudeng.com\/#\/schema\/person\/7e41764f047e7552c6ad5bdf5f6d78c7"},"potentialAction":[{"@type":"SearchAction","target":{"@type":"EntryPoint","urlTemplate":"https:\/\/fjyudeng.com\/?s={search_term_string}"},"query-input":"required name=search_term_string"}],"inLanguage":"pt-BR"},{"@type":["Person","Organization"],"@id":"https:\/\/fjyudeng.com\/#\/schema\/person\/7e41764f047e7552c6ad5bdf5f6d78c7","name":"yshine03@gmail.com","image":{"@type":"ImageObject","inLanguage":"pt-BR","@id":"https:\/\/fjyudeng.com\/#\/schema\/person\/image\/","url":"https:\/\/fjyudeng.com\/wp-content\/uploads\/2025\/04\/yudeng-pu-leather-factory-manufacturer.png","contentUrl":"https:\/\/fjyudeng.com\/wp-content\/uploads\/2025\/04\/yudeng-pu-leather-factory-manufacturer.png","width":588,"height":590,"caption":"yshine03@gmail.com"},"logo":{"@id":"https:\/\/fjyudeng.com\/#\/schema\/person\/image\/"},"sameAs":["https:\/\/fjyudeng.com"]}]}},"_links":{"self":[{"href":"https:\/\/fjyudeng.com\/pt\/wp-json\/wp\/v2\/product\/3288","targetHints":{"allow":["GET"]}}],"collection":[{"href":"https:\/\/fjyudeng.com\/pt\/wp-json\/wp\/v2\/product"}],"about":[{"href":"https:\/\/fjyudeng.com\/pt\/wp-json\/wp\/v2\/types\/product"}],"wp:featuredmedia":[{"embeddable":true,"href":"https:\/\/fjyudeng.com\/pt\/wp-json\/wp\/v2\/media\/3289"}],"wp:attachment":[{"href":"https:\/\/fjyudeng.com\/pt\/wp-json\/wp\/v2\/media?parent=3288"}],"wp:term":[{"taxonomy":"product_brand","embeddable":true,"href":"https:\/\/fjyudeng.com\/pt\/wp-json\/wp\/v2\/product_brand?post=3288"},{"taxonomy":"product_cat","embeddable":true,"href":"https:\/\/fjyudeng.com\/pt\/wp-json\/wp\/v2\/product_cat?post=3288"},{"taxonomy":"product_tag","embeddable":true,"href":"https:\/\/fjyudeng.com\/pt\/wp-json\/wp\/v2\/product_tag?post=3288"}],"curies":[{"name":"wp","href":"https:\/\/api.w.org\/{rel}","templated":true}]}}